{"id":2263,"date":"2017-06-25T18:00:45","date_gmt":"2017-06-25T18:00:45","guid":{"rendered":"http:\/\/kursy-udt.pl\/?page_id=2263"},"modified":"2023-03-07T00:18:54","modified_gmt":"2023-03-06T23:18:54","slug":"high-altitude-mountain-climbing-qualifications","status":"publish","type":"page","link":"https:\/\/kursy-udt.pl\/en\/szkolenia\/wysokosciowe-na-uprawnienia-alpinistyczne\/","title":{"rendered":"Altitude course"},"content":{"rendered":"<h2 class=\"naglowekh2\"><strong>Qualifications for mountaineering work at height - Warsaw and the whole of Poland<\/strong><\/h2>\n<p><img loading=\"lazy\" decoding=\"async\" class=\"paddingleft10 alignleft wp-image-3434 size-medium\" src=\"https:\/\/kursy-udt.pl\/wp-content\/uploads\/2021\/08\/Projekt-bez-tytulu-39-300x251.jpg\" alt=\"\" width=\"300\" height=\"251\" srcset=\"https:\/\/kursy-udt.pl\/wp-content\/uploads\/2021\/08\/Projekt-bez-tytulu-39-300x251.jpg 300w, https:\/\/kursy-udt.pl\/wp-content\/uploads\/2021\/08\/Projekt-bez-tytulu-39-768x644.jpg 768w, https:\/\/kursy-udt.pl\/wp-content\/uploads\/2021\/08\/Projekt-bez-tytulu-39-624x523.jpg 624w, https:\/\/kursy-udt.pl\/wp-content\/uploads\/2021\/08\/Projekt-bez-tytulu-39.jpg 940w\" sizes=\"auto, (max-width: 300px) 100vw, 300px\" \/>We encourage you to attend our professionally prepared altitude training. It is a specialist team of instructors, favorable prices and fully favorable conditions that are worth betting on.<br \/>\nIn accordance with the Regulation of the Minister of Labor and Social Policy of September 26, 1997 on general health and safety at work regulations, work at height means all activities performed at least over one meter above the surface level.<\/p>\n<p>During our training, each participant will be able to gain the necessary knowledge regarding the legal and organizational requirements in the case of working at height, as well as gain specific skills that will allow to recognize threats and assess risks while working at height. In addition, we train in the use of equipment intended for this type of work, and we provide appropriate knowledge in the field of safety, which is extremely important in such a case.<\/p>\n<div class=\"filmw\">\n<div class=\"responsive-youtube\" style=\"text-align: center;\"><iframe loading=\"lazy\" title=\"YouTube video player\" src=\"https:\/\/www.youtube.com\/embed\/Lf4dfMhJft0\" width=\"560\" height=\"315\" frameborder=\"0\" allowfullscreen=\"allowfullscreen\"><\/iframe><\/div>\n<\/div>\n<p><strong>We provide a wide range of training, including:<\/strong><\/p>\n<ul>\n<li>law,<\/li>\n<li>work efficiency,<\/li>\n<li>safety at work at height,<\/li>\n<li>familiarization with modern equipment,<\/li>\n<li>belaying methods,<\/li>\n<li>safety and risk assessment.<\/li>\n<\/ul>\n<p>We invite specialists such as electricians, installers and fitters, as well as roofers, welders and people involved in snow removal from roofs to our professionally prepared training. This is a great chance to get the right one <a href=\"https:\/\/kursy-udt.pl\/en\/uprawnienia-udt\/kategorie-uprawnien-2\/\">entitlements<\/a> and ensure the best rights during the work performed.<\/p>\n<p>Our training at height is a proposal for people who value safety and work efficiency. It is worth investing in such courses and ensuring the quality of the services provided. We encourage you to familiarize yourself with our full training offer and contact us. We will be happy to answer any questions or doubts. We invite all interested persons to our perfectly organized training.<\/p>\n<div style=\"width: 640px;\" class=\"wp-video\"><video id=\"video-2263-1\" width=\"640\" height=\"360\" poster=\"https:\/\/kursy-udt.pl\/wp-content\/uploads\/2023\/02\/20230127_030434_0000.jpg\" preload=\"metadata\" controls=\"controls\"><source type=\"video\/mp4\" src=\"https:\/\/kursy-udt.pl\/wp-content\/uploads\/2023\/02\/ACCEPTED-alpinista-4K-kursy-udt.mp4?_=1\" \/><a href=\"https:\/\/kursy-udt.pl\/wp-content\/uploads\/2023\/02\/ACCEPTED-alpinista-4K-kursy-udt.mp4\">https:\/\/kursy-udt.pl\/wp-content\/uploads\/2023\/02\/ACCEPTED-alpinista-4K-kursy-udt.mp4<\/a><\/video><\/div>\nHow are you looking for us on the Internet?<\/p>\n<div class=\"lista_glowna_div\">\n<ul>\n<li><b>altitude course<\/b><\/li>\n<li><b>work at height<\/b><\/li>\n<li><b>permission to work at height<\/b><\/li>\n<li><b>mountaineering work<\/b><\/li>\n<li><b>altitude rights<\/b><\/li>\n<li><b>mountaineering course<\/b><\/li>\n<li><b>industrial mountaineer<\/b><\/li>\n<li><b>work at the height of entitlement<\/b><\/li>\n<li><b>rope access<\/b><\/li>\n<li>Deforestation<\/li>\n<li>cutting down trees<\/li>\n<\/ul>\n<\/div>\n<div class=\"lista_glowna_div\">\n<ul>\n<li>high-altitude research<\/li>\n<li>roof painting<\/li>\n<li>safety harness<\/li>\n<li>work at height warsaw<\/li>\n<li>washing windows at height<\/li>\n<li>snow removal from roofs<\/li>\n<li>tree pruning<\/li>\n<li>tree felling<\/li>\n<li>Roof reparing<\/li>\n<li>work at height <a href=\"https:\/\/kursy-udt.pl\/en\/szkolenia\/bhp-bezpieczenstwo-pracy\/prawna-ochrona-pracy\/\">OHS<\/a><\/li>\n<li>work at the height of the requirements<\/li>\n<\/ul>\n<\/div>\n<div class=\"lista_glowna_div\">\n<ul>\n<li>work at heights above 3 meters<\/li>\n<li>montage of advertisements<\/li>\n<li>facade painting<\/li>\n<li>work at heights<\/li>\n<li>occupational health and safety work at height<\/li>\n<li>work at height<\/li>\n<li>facade cleaning<\/li>\n<li>high altitude services<\/li>\n<li>mountaineering services<\/li>\n<li>leaving platforms at height<\/li>\n<\/ul>\n<\/div>\n<div style=\"clear: both;\"><\/div>","protected":false},"excerpt":{"rendered":"<p>Uprawnienia do prac alpinistycznych na wysoko\u015bci &#8211; Warszawa i ca\u0142a Polska Zach\u0119camy na nasze profesjonalnie przygotowane szkolenia wysoko\u015bciowe. To specjalistyczna kadra instruktor\u00f3w oraz korzystne ceny i w pe\u0142ni dogodne warunki, na jakie warto postawi\u0107. Zgodnie z Rozporz\u0105dzeniem Ministra Pracy oraz Polityki Spo\u0142ecznej z dnia 26 wrze\u015bnia 1997 roku w sprawie og\u00f3lnych przepis\u00f3w bezpiecze\u0144stwa i higieny pracy, praca na wysoko\u015bci oznacza wszelkie czynno\u015bci wykonywane przynajmniej ponad metr nad poziomem powierzchni. W czasie naszego szkolenia ka\u017cdy uczestnik b\u0119dzie m\u00f3g\u0142 zyska\u0107 niezb\u0119dn\u0105 wiedz\u0119, jaka dotyczy wymog\u00f3w prawno-organizacyjnych w przypadku prowadzenia prac na wysoko\u015bci, a tak\u017ce zyska konkretne umiej\u0119tno\u015bci, kt\u00f3re pozwol\u0105 na rozpoznawanie zagro\u017ce\u0144 i oceny ryzyka w czasie pracy na wysoko\u015bci. Dodatkowo szkolimy w pos\u0142ugiwaniu si\u0119 sprz\u0119tem przeznaczonym do tego rodzaju prac, a tak\u017ce zapewniamy odpowiedni\u0105 wiedz\u0119 w zakresie bezpiecze\u0144stwa, kt\u00f3re jest niezwykle wa\u017cne w takim wypadku. Zapewniamy szeroki zakres szkole\u0144, w sk\u0142ad kt\u00f3rych wchodz\u0105: przepisy prawa, efektywno\u015b\u0107 pracy, bezpiecze\u0144stwo w pracy na wysoko\u015bci, zapoznanie z nowoczesnym sprz\u0119tem, metody asekuracji, ocena stanu bezpiecze\u0144stwa i ryzyka. Na nasze profesjonalnie przygotowane szkolenia zapraszamy specjalist\u00f3w takich jak elektrycy, instalatorzy czy monterzy, a tak\u017ce dekarzy, spawaczy czy osoby zajmuj\u0105ce si\u0119 od\u015bnie\u017caniem dach\u00f3w. To doskona\u0142a szansa na to, by zyska\u0107 odpowiednie uprawnienia i zapewni\u0107 sobie najlepsze uprawnienia w czasie wykonywanych prac. Nasze szkolenia wysoko\u015bciowe to propozycja dla os\u00f3b, kt\u00f3re ceni\u0105 sobie bezpiecze\u0144stwo i wydajno\u015b\u0107 pracy. Warto zainwestowa\u0107 w takie kursy i zadba\u0107 o jako\u015b\u0107 \u015bwiadczonych us\u0142ug. Zach\u0119camy do zapoznania si\u0119 z nasz\u0105 pe\u0142n\u0105 ofert\u0105 szkoleniow\u0105 oraz do kontaktu. Z ch\u0119ci\u0105 odpowiemy na wszelkie pytania czy w\u0105tpliwo\u015bci. Zapraszamy na nasze doskonale zorganizowane szkolenia wszystkie [&hellip;]<\/p>\n","protected":false},"author":1,"featured_media":3434,"parent":65,"menu_order":0,"comment_status":"closed","ping_status":"closed","template":"page-templates\/template-podkategorie.php","meta":{"sfsi_plus_gutenberg_text_before_share":"","sfsi_plus_gutenberg_show_text_before_share":"","sfsi_plus_gutenberg_icon_type":"","sfsi_plus_gutenberg_icon_alignemt":"","sfsi_plus_gutenburg_max_per_row":"","footnotes":""},"class_list":["post-2263","page","type-page","status-publish","has-post-thumbnail","hentry","has_thumb"],"aioseo_notices":[],"_links":{"self":[{"href":"https:\/\/kursy-udt.pl\/en\/wp-json\/wp\/v2\/pages\/2263","targetHints":{"allow":["GET"]}}],"collection":[{"href":"https:\/\/kursy-udt.pl\/en\/wp-json\/wp\/v2\/pages"}],"about":[{"href":"https:\/\/kursy-udt.pl\/en\/wp-json\/wp\/v2\/types\/page"}],"author":[{"embeddable":true,"href":"https:\/\/kursy-udt.pl\/en\/wp-json\/wp\/v2\/users\/1"}],"replies":[{"embeddable":true,"href":"https:\/\/kursy-udt.pl\/en\/wp-json\/wp\/v2\/comments?post=2263"}],"version-history":[{"count":24,"href":"https:\/\/kursy-udt.pl\/en\/wp-json\/wp\/v2\/pages\/2263\/revisions"}],"predecessor-version":[{"id":5329,"href":"https:\/\/kursy-udt.pl\/en\/wp-json\/wp\/v2\/pages\/2263\/revisions\/5329"}],"up":[{"embeddable":true,"href":"https:\/\/kursy-udt.pl\/en\/wp-json\/wp\/v2\/pages\/65"}],"wp:featuredmedia":[{"embeddable":true,"href":"https:\/\/kursy-udt.pl\/en\/wp-json\/wp\/v2\/media\/3434"}],"wp:attachment":[{"href":"https:\/\/kursy-udt.pl\/en\/wp-json\/wp\/v2\/media?parent=2263"}],"curies":[{"name":"wp","href":"https:\/\/api.w.org\/{rel}","templated":true}]}}