{"id":2096,"date":"2016-03-08T11:25:05","date_gmt":"2016-03-08T11:25:05","guid":{"rendered":"http:\/\/kursy-udt.pl\/?page_id=2096"},"modified":"2016-03-11T09:12:43","modified_gmt":"2016-03-11T09:12:43","slug":"categories-of-rights","status":"publish","type":"page","link":"https:\/\/kursy-udt.de\/en\/udt-berechtigungen\/kategorien-von-berechtigungen\/","title":{"rendered":"Categories of rights"},"content":{"rendered":"<div style=\"width: 60%; margin-left: 40px;\">\n<table border=\"2\" cellspacing=\"1\" cellpadding=\"1\">\n<tbody>\n<tr>\n<td><strong>Gruppe<\/strong><\/td>\n<td><strong>Category<\/strong><\/td>\n<td><strong>Umfang der Berechtigung<\/strong><\/td>\n<td><strong>Genauer Umfang<\/strong><\/td>\n<\/tr>\n<tr>\n<td rowspan=\"2\">\n<h2><a title=\"Laufkatzen\" href=\"\/en\/hubwinden\/\"><strong>Laufkatzen<\/strong><\/a><\/h2>\n<\/td>\n<td>II W<\/td>\n<td><strong>Hebezeuge und Winden<\/strong> gesteuert von Arbeitsebene und Werkstattkr\u00e4ne, station\u00e4r.<\/td>\n<td>- Hakenartig, allgemeine Anwedung,<br \/>\n- spezielle:<\/p>\n<ul>\n<li>Greifer-,<\/li>\n<li>Schmiede-,<\/li>\n<li>Greif-,<\/li>\n<li>Gie\u00df-,<\/li>\n<li>H\u00e4rte-,<\/li>\n<\/ul>\n<\/td>\n<\/tr>\n<tr>\n<td>\u00a0IW<\/td>\n<td>Hebezeuge und Winden gesteuert von Arbeitsebene oder Kabine und Werkstattkr\u00e4ne, station\u00e4r<\/td>\n<td>- Hakenartig, allgemeine Anwedung,<br \/>\n- spezielle:<\/p>\n<ul>\n<li>H\u00e4rte-,<\/li>\n<li>Greiner-,<\/li>\n<li>Gie\u00df-,<\/li>\n<li>Greif-,<\/li>\n<li>Schmide-,<\/li>\n<\/ul>\n<\/td>\n<\/tr>\n<tr>\n<td rowspan=\"2\">\n<h2><a title=\"Laufkr\u00e4ne\" href=\"\/en\/bereich-der-laufkrane\/\"><strong>Laufkr\u00e4ne<\/strong><\/a><\/h2>\n<\/td>\n<td>\u00a0II S.<\/td>\n<td><strong>Laufkr\u00e4ne<\/strong>Hebezeuge und Winden gesteuert von Arbeitsebene oder Kabine und Werkstattkr\u00e4ne, station\u00e4r<\/td>\n<td>- Hakenartig, allgemeine Anwedung,<br \/>\n- spezielle:<\/p>\n<ul>\n<li>Zangen-,<\/li>\n<li>Gie\u00df-,<\/li>\n<li>S\u00e4ule-,<\/li>\n<li>Chargier,<\/li>\n<li>Halterungs-,<\/li>\n<li>Greif-,<\/li>\n<li>Stripper-,<\/li>\n<li>H\u00e4rte-,<\/li>\n<li>Travers-,<\/li>\n<li>Schmiede-,<\/li>\n<li>Greiner-,<\/li>\n<li>Ramme-,<\/li>\n<\/ul>\n<\/td>\n<\/tr>\n<tr>\n<td>\u00a0IS<\/td>\n<td>Laufkr\u00e4ne, Hebezeuge und Winden gesteuert von Arbeitsebene oder Kabine und Werkstattkr\u00e4ne, station\u00e4r<\/td>\n<td>- Hakenartig, allgemeine Anwedung,<br \/>\n- spezielle:<\/p>\n<ul>\n<li>Zangen-,<\/li>\n<li>Gie\u00df-,<\/li>\n<li>S\u00e4ule-,<\/li>\n<li>Chargier,<\/li>\n<li>Halterungs-,<\/li>\n<li>Greif-,<\/li>\n<li>Stripper-,<\/li>\n<li>H\u00e4rte-,<\/li>\n<li>Travers-,<\/li>\n<li>Schmiede-,<\/li>\n<li>Greiner-,<\/li>\n<li>Ramme-,<\/li>\n<\/ul>\n<\/td>\n<\/tr>\n<tr>\n<td rowspan=\"2\">\n<h2><a title=\"Kr\u00e4ne\" href=\"\/en\/taps\/\"><strong>Kr\u00e4ne<\/strong><\/a><\/h2>\n<\/td>\n<td>\u00a0II \u017b<\/td>\n<td><strong>Kr\u00e4ne<\/strong> :<\/p>\n<ul>\n<li>tragbar <strong>(HDS)<\/strong>,<\/li>\n<li>transportabel,<\/li>\n<li><strong>Selbstfahr-<\/strong><\/li>\n<li>Steh-,<\/li>\n<\/ul>\n<\/td>\n<td>\n<ul>\n<li>\u00a0Begr\u00e4nzung der Tragkraft<\/li>\n<\/ul>\n<\/td>\n<\/tr>\n<tr>\n<td>\u00a0And \u017b<\/td>\n<td>Kr\u00e4ne:<\/p>\n<ul>\n<li>Schienen-<\/li>\n<li>Turm-, und klappbar.<\/li>\n<\/ul>\n<\/td>\n<td>\n<ul>\n<li>Werft-,<\/li>\n<li>Bau-,,<\/li>\n<li>Begr\u00e4nzung der Tragkraft<\/li>\n<li>andere,<\/li>\n<\/ul>\n<\/td>\n<\/tr>\n<tr>\n<td rowspan=\"2\">\n<h2><a title=\"Arbeitsb\u00fchnen\" href=\"\/en\/fachkurse\/berech-arbeitsbuhnen\/\"><strong>Arbeitsb\u00fchnen<\/strong><\/a><\/h2>\n<\/td>\n<td>\u00a02nd P<\/td>\n<td><strong>Arbeitsb\u00fchnen:<\/strong><\/p>\n<ul>\n<li>Scheren-,<\/li>\n<li>Mast-,<\/li>\n<li>H\u00e4nge-,<\/li>\n<\/ul>\n<\/td>\n<td><\/td>\n<\/tr>\n<tr>\n<td>IP<\/td>\n<td>mobile Arbeitsb\u00fchnen:<\/p>\n<ul>\n<li>transportabel.<\/li>\n<li>langsamlaufend,<\/li>\n<li>Selbstfahrarbeitsb\u00fchnen, eingebaut auf dem Fahrzeug,<\/li>\n<\/ul>\n<\/td>\n<td><\/td>\n<\/tr>\n<tr>\n<td rowspan=\"2\">\n<h2><a title=\"Aufz\u00fcge\" href=\"\/en\/aufzuge\/\"><strong>Aufz\u00fcge<\/strong><\/a><\/h2>\n<\/td>\n<td>II D<\/td>\n<td>Bauaufz\u00fcge:<\/p>\n<ul>\n<li>Lasten-Personen-,<\/li>\n<li>G\u00fcter-, und o Lastenaufz\u00fcge transportabel, tragbar,<\/li>\n<\/ul>\n<\/td>\n<td><\/td>\n<\/tr>\n<tr>\n<td>ID<\/td>\n<td>Lasten-Personen mit innengesteuert und Krankenhausaufz\u00fcge.<\/td>\n<td><\/td>\n<\/tr>\n<tr>\n<td rowspan=\"3\">\n<h2><a title=\"Stapler\" href=\"\/en\/stapler\/\"><strong>Stapler<\/strong><\/a><\/h2>\n<\/td>\n<td>III WJO<\/td>\n<td>Gabelstapler gef\u00fchrt und ferngesteuert<\/td>\n<td><\/td>\n<\/tr>\n<tr>\n<td>II WJO<\/td>\n<td>Hubstapler unter Ausschluss der speziellen. (<strong>Gabelstapler<\/strong>)<\/td>\n<td><\/td>\n<\/tr>\n<tr>\n<td>And WJO<\/td>\n<td>Hubstapler, dabei spezielle<\/td>\n<td>\n<ul>\n<li>Mit regulierbarer Auslandung (<strong>(Telescope-<br \/>\nlader)<\/strong>)<\/li>\n<li>Mit F\u00fchrer, hoch-gehoben mit Ladung,<\/li>\n<\/ul>\n<\/td>\n<\/tr>\n<tr>\n<td style=\"text-align: left;\">\n<h2><a title=\"Lastenaufz\u00fcge\" href=\"\/en\/lastenaufzuge\/\"><strong>Lastenaufz\u00fcge<\/strong><\/a><\/h2>\n<\/td>\n<td>\u00a0And TUE<\/td>\n<td>Lastenaufz\u00fcge:<\/p>\n<ul>\n<li>transportabel, tragbar,<\/li>\n<li>Steh-,<\/li>\n<li>Schiff-.<\/li>\n<\/ul>\n<\/td>\n<td><\/td>\n<\/tr>\n<tr>\n<td>\n<h2><a title=\"Kabelkr\u00e4ne\" href=\"\/en\/cablekrane\/\"><strong>Kabelkr\u00e4ne<\/strong><\/a><\/h2>\n<\/td>\n<td>LOAM<\/td>\n<td><\/td>\n<td><\/td>\n<\/tr>\n<tr>\n<td>\n<h2><a title=\"Regelbedienger\u00e4te\" href=\"\/en\/regalbediengerate\/\"><strong>Regelbedienger\u00e4te<\/strong><\/a><\/h2>\n<\/td>\n<td>IU<\/td>\n<td><\/td>\n<td><\/td>\n<\/tr>\n<tr>\n<td>\n<h2><a title=\"Container-bef\u00f6rderung\" href=\"\/en\/containerbefordegerate\/\"><strong>Container-bef\u00f6rderung<\/strong><\/a><\/h2>\n<\/td>\n<td>IK<\/td>\n<td>Maintenance and servicing of containers: masts, containers, portalkr\u00e4ne<\/td>\n<td><\/td>\n<\/tr>\n<\/tbody>\n<\/table>\n<\/div>\n<p><\/p>\n<div class=\"wyjustuj\">Mehr von Berechtigungskategorien der Technischen Aufsichtbeh\u00f6rde erfahren Sie auf der Webseite von Technischer Aufsichtsbeh\u00f6rde<a href=\"http:\/\/www.udt.gov.pl\" target=\"_blank\">http:\/\/www.udt.gov.pl<\/a>\n<\/div>","protected":false},"excerpt":{"rendered":"<p>Gruppe Kategorien Umfang der Berechtigung Genauer Umfang Laufkatzen II W Hebezeuge und Winden gesteuert von Arbeitsebene und Werkstattkr\u00e4ne, station\u00e4r. - Hakenartig, allgemeine Anwedung, - spezielle: Greifer-, Schmiede-, Greif-, Gie\u00df-, H\u00e4rte-, I W Hebezeuge und Winden gesteuert von Arbeitsebene oder Kabine und Werkstattkr\u00e4ne, station\u00e4r - Hakenartig, allgemeine Anwedung, - spezielle: H\u00e4rte-, Greiner-, Gie\u00df-, Greif-, Schmide-, Laufkr\u00e4ne II S Laufkr\u00e4ne,Hebezeuge und Winden gesteuert von Arbeitsebene oder Kabine und Werkstattkr\u00e4ne, station\u00e4r - Hakenartig, allgemeine Anwedung, - spezielle: Zangen-, Gie\u00df-, S\u00e4ule-, Chargier, Halterungs-, Greif-, Stripper-, H\u00e4rte-, Travers-, Schmiede-, Greiner-, Ramme-, I S Laufkr\u00e4ne, Hebezeuge und Winden gesteuert von Arbeitsebene oder Kabine und Werkstattkr\u00e4ne, station\u00e4r - Hakenartig, allgemeine Anwedung, - spezielle: Zangen-, Gie\u00df-, S\u00e4ule-, Chargier, Halterungs-, Greif-, Stripper-, H\u00e4rte-, Travers-, Schmiede-, Greiner-, Ramme-, Kr\u00e4ne II \u017b Kr\u00e4ne : tragbar (HDS), transportabel, Selbstfahr- Steh-, Begr\u00e4nzung der Tragkraft I \u017b Kr\u00e4ne: Schienen- Turm-, und klappbar. Werft-, Bau-,, Begr\u00e4nzung der Tragkraft andere, Arbeitsb\u00fchnen II P Arbeitsb\u00fchnen: Scheren-, Mast-, H\u00e4nge-, I P mobile Arbeitsb\u00fchnen: transportabel. langsamlaufend, Selbstfahrarbeitsb\u00fchnen, eingebaut auf dem Fahrzeug, Aufz\u00fcge II D Bauaufz\u00fcge: Lasten-Personen-, G\u00fcter-, und o Lastenaufz\u00fcge transportabel, tragbar, I D Lasten-Personen mit innengesteuert und Krankenhausaufz\u00fcge. Stapler III WJO Gabelstapler gef\u00fchrt und ferngesteuert II WJO Hubstapler unter Ausschluss der speziellen. (Gabelstapler) I WJO Hubstapler, dabei spezielle Mit regulierbarer Auslandung ((Teleskop- lader)) Mit F\u00fchrer, hoch-gehoben mit Ladung, Lastenaufz\u00fcge I WT Lastenaufz\u00fcge: transportabel, tragbar, Steh-, Schiff-. Kabelkr\u00e4ne I L Regelbedienger\u00e4te I U Container-bef\u00f6rderung I K Bedienung und Wartung der Containerbef\u00f6rdeger\u00e4te: Mast-, Ausladungs-, Portalkr\u00e4ne Mehr von Berechtigungskategorien der Technischen Aufsichtbeh\u00f6rde erfahren Sie auf der Webseite von Technischer Aufsichtsbeh\u00f6rdehttp:\/\/www.udt.gov.pl.<\/p>","protected":false},"author":1,"featured_media":0,"parent":1887,"menu_order":0,"comment_status":"closed","ping_status":"closed","template":"","meta":{"sfsi_plus_gutenberg_text_before_share":"","sfsi_plus_gutenberg_show_text_before_share":"","sfsi_plus_gutenberg_icon_type":"","sfsi_plus_gutenberg_icon_alignemt":"","sfsi_plus_gutenburg_max_per_row":"","footnotes":""},"class_list":["post-2096","page","type-page","status-publish","hentry","has_no_thumb"],"aioseo_notices":[],"_links":{"self":[{"href":"https:\/\/kursy-udt.pl\/en\/wp-json\/wp\/v2\/pages\/2096","targetHints":{"allow":["GET"]}}],"collection":[{"href":"https:\/\/kursy-udt.pl\/en\/wp-json\/wp\/v2\/pages"}],"about":[{"href":"https:\/\/kursy-udt.pl\/en\/wp-json\/wp\/v2\/types\/page"}],"author":[{"embeddable":true,"href":"https:\/\/kursy-udt.pl\/en\/wp-json\/wp\/v2\/users\/1"}],"replies":[{"embeddable":true,"href":"https:\/\/kursy-udt.pl\/en\/wp-json\/wp\/v2\/comments?post=2096"}],"version-history":[{"count":5,"href":"https:\/\/kursy-udt.pl\/en\/wp-json\/wp\/v2\/pages\/2096\/revisions"}],"predecessor-version":[{"id":2169,"href":"https:\/\/kursy-udt.pl\/en\/wp-json\/wp\/v2\/pages\/2096\/revisions\/2169"}],"up":[{"embeddable":true,"href":"https:\/\/kursy-udt.pl\/en\/wp-json\/wp\/v2\/pages\/1887"}],"wp:attachment":[{"href":"https:\/\/kursy-udt.pl\/en\/wp-json\/wp\/v2\/media?parent=2096"}],"curies":[{"name":"wp","href":"https:\/\/api.w.org\/{rel}","templated":true}]}}