{"id":2011,"date":"2016-03-08T08:51:09","date_gmt":"2016-03-08T08:51:09","guid":{"rendered":"http:\/\/kursy-udt.pl\/?page_id=2011"},"modified":"2016-03-11T08:30:21","modified_gmt":"2016-03-11T08:30:21","slug":"scherenarbeitsbuhnen","status":"publish","type":"page","link":"https:\/\/kursy-udt.de\/en\/scherenarbeitsbuhnen\/","title":{"rendered":"Scherenarbeitsb\u00fchnen"},"content":{"rendered":"<div style=\"float: left; padding-right: 10px;\"><img decoding=\"async\" alt=\"Scissor platforms\" src=\"\/wp-content\/uploads\/2014\/04\/01-podest.jpeg\" \/><\/div>\n<div class=\"wyjustuj\">\n<p>Das Bildungszentrum ERGON l\u00e4dt zum Kurs im Bereich der Scherenarbeitsb\u00fchnen ein. Unsere Kurse helfen Ihnen die erforderlichen UDT-Berechtigungen im Bereich der Scherenarbeitsb\u00fchnen, um Scherenarbeitsb\u00fchnen nach von Technischer Aufsichtsbeh\u00f6rde bestimmten Sicherheitsregeln und Normen zu erwerben. Sehr h\u00e4ufig auf Baustellen oder bei Montagearbeiten werden die Scherenarbeitsb\u00fchnen eingesetzt. Die Kurse sind deshalb eine gut getroffene Entscheidung, sowohl f\u00fcr Mitarbeiter als auch f\u00fcr Arbeitsgeber. Um das Ger\u00e4t bedienen zu d\u00fcrfen, muss erst der Kurs durchgelaufen sein und danach Erwerb der erforderlichen UDT IP Berechtigungen erfolgen.  <\/p>\n<p>Unsere Kurse im Bereich der Scherenarbeitsb\u00fchnen umfassen viele theoretische Informationen \u00fcber Aufbau der Scherenarbeitsb\u00fchnen und anderen, ihrer Bedienung, Wartung, Arbeitsschutzvorschriften und Vorschriften der technischen Aufsicht. Unser Kurs schlie\u00dft auch praktische Seminare ein, wo die Kursteilnehmer sich mit dem Ger\u00e4t bekannt machen, und lernen nach Vorschriften die angemessene Bedienung des Ger\u00e4tes. Im unseren Bildungszentrum besch\u00e4ftigen wir nur Spezialisten, deswegen garantieren wir Ihnen die h\u00f6chste Qualit\u00e4t der Ausbildung, damit der weitere Erwerb der UDT-Berechtigungen problemlos l\u00e4uft. <\/p>\n<p><strong>Anwendung<\/strong><br \/>\n<span class=\"linkwartykule\"><a href=\"\/en\/scherenarbeitsbuhnen-2\/\">Scherenarbeitsb\u00fchnen<\/a> geh\u00f6ren zu <span class=\"linkwartykule\"><a href=\"\/en\/fachkurse\/berech-arbeitsbuhnen\/\">Arbeitsb\u00fchnen<\/a>. Es sind die langsamlaufenden Arbeitsb\u00fchnen, ihre Aufgabe ist Hochheben der Mitarbeiter zur bestimmten H\u00f6he, auch Ausstattung und Materialien. Damit die bedient werden d\u00fcrfen, muss der jeweilige Mitarbeiter Berechtigungen der Technischen Aufsichtsbeh\u00f6rde besitzen. <\/p>\n<p>Heutzutage werden die Scherenarbeitsb\u00fchnen bei Arbeiten verschiedener Art eingesetzt - Kurse sind unentbehrlich, damit der Mitarbeiter die fachlich und nach Sicherheitsprinzipien bedienen kann. Die Scherenarbeitsb\u00fchnen werden oft bei Bau-, Fertigungs-, Installations-, Dekorations-, oder Reinigungsarbeiten eingesetzt. Au\u00dfer Bauwesen werden die Scherenarbeitsb\u00fchnen auch in Werbung ausgenutzt. Mitarbeiter, der \u00fcber keine Berechtigungen verf\u00fcgt, kann die Arbeiten gem. rechtlichen Vorschriften nicht ausf\u00fchren. <\/p>\n<p><strong>Greening of courses<\/strong><br \/>\nDie Grundvoraussetzungen zur Kursteilnahme sind Ihre Vollj\u00e4hrigkeit, mindestens absolvierte Grundausbildung, keine Gegenanzeigen zur Aus\u00fcbung des Berufs.<\/p>\n<p>Nach dem durchgelaufenenen Kurs ist der Kursteilnehmer zur Antretung ans UDT-Examen zugelassen, wenn Examen bestanden ist, erh\u00e4lt der Kursteilnehmer die Bescheinigung, die sein Wissen und F\u00e4higkeiten zur Bedienung der Scherenarbeitsb\u00fchnen best\u00e4tigt.<br \/>\nEs sind die Ger\u00e4te, die der technischen Aufsicht unterstehen, deshalb, bevor bei Arbeiten Scherenarbeitsb\u00fchnen angewendet werden, m\u00fcssen alle Mitarbeiter Berechtigungen besitzen, die zur Bedienung dieser Ger\u00e4te bestimmt worden sind.  <\/p>\n<p>Im Bildungszentrum ERGON haben wir bereits tausende Mitarbeiter ausgebildet, deshalb garantieren wir Ihnen Bedingung, die auf unserer Erfahrung und Professionalismus beruht.<br \/>\nWir organisieren Kurse auch nach Bedarf und Wunsch des Auftragsgebers wenn es um Ort oder Termin geht. F\u00fcr gr\u00f6\u00dfere Gruppen sind g\u00fcnstige Discounte vorgesehen.<\/p>\n<p>Wir laden Sie herzlich ein, unser Angebot in Anspruch zu nehmen! <\/p>\n<\/div>\n<div class=\"button_styl\" style=\"float:right; padding-left:15px; padding-bottom:8px; margin-bottom:5px;\"><a href=\"https:\/\/platformaedukacji.pl\/login\/signup.php\" rel=\"nofollow\" target=\"_blank\" class=\"myButton myButton_maly\"><font color=\"white\">am Kurs teilnehmen<\/font><\/a><\/div>","protected":false},"excerpt":{"rendered":"<p>Das Bildungszentrum ERGON l\u00e4dt zum Kurs im Bereich der Scherenarbeitsb\u00fchnen ein. Unsere Kurse helfen Ihnen die erforderlichen UDT-Berechtigungen im Bereich der Scherenarbeitsb\u00fchnen, um Scherenarbeitsb\u00fchnen nach von Technischer Aufsichtsbeh\u00f6rde bestimmten Sicherheitsregeln und Normen zu erwerben. Sehr h\u00e4ufig auf Baustellen oder bei Montagearbeiten werden die Scherenarbeitsb\u00fchnen eingesetzt. Die Kurse sind deshalb eine gut getroffene Entscheidung, sowohl f\u00fcr Mitarbeiter als auch f\u00fcr Arbeitsgeber. Um das Ger\u00e4t bedienen zu d\u00fcrfen, muss erst der Kurs durchgelaufen sein und danach Erwerb der erforderlichen UDT IP Berechtigungen erfolgen. Unsere Kurse im Bereich der Scherenarbeitsb\u00fchnen umfassen viele theoretische Informationen \u00fcber Aufbau der Scherenarbeitsb\u00fchnen und anderen, ihrer Bedienung, Wartung, Arbeitsschutzvorschriften und Vorschriften der technischen Aufsicht. Unser Kurs schlie\u00dft auch praktische Seminare ein, wo die Kursteilnehmer sich mit dem Ger\u00e4t bekannt machen, und lernen nach Vorschriften die angemessene Bedienung des Ger\u00e4tes. Im unseren Bildungszentrum besch\u00e4ftigen wir nur Spezialisten, deswegen garantieren wir Ihnen die h\u00f6chste Qualit\u00e4t der Ausbildung, damit der weitere Erwerb der UDT-Berechtigungen problemlos l\u00e4uft. Anwendung Scherenarbeitsb\u00fchnen geh\u00f6ren zu Arbeitsb\u00fchnen. Es sind die langsamlaufenden Arbeitsb\u00fchnen, ihre Aufgabe ist Hochheben der Mitarbeiter zur bestimmten H\u00f6he, auch Ausstattung und Materialien. Damit die bedient werden d\u00fcrfen, muss der jeweilige Mitarbeiter Berechtigungen der Technischen Aufsichtsbeh\u00f6rde besitzen. Heutzutage werden die Scherenarbeitsb\u00fchnen bei Arbeiten verschiedener Art eingesetzt \u2013 Kurse sind unentbehrlich, damit der Mitarbeiter die fachlich und nach Sicherheitsprinzipien bedienen kann. Die Scherenarbeitsb\u00fchnen werden oft bei Bau-, Fertigungs-, Installations-, Dekorations-, oder Reinigungsarbeiten eingesetzt. Au\u00dfer Bauwesen werden die Scherenarbeitsb\u00fchnen auch in Werbung ausgenutzt. Mitarbeiter, der \u00fcber keine Berechtigungen verf\u00fcgt, kann die Arbeiten gem. rechtlichen Vorschriften nicht ausf\u00fchren. Zielvoraussetzung des Kurses Die Grundvoraussetzungen [&hellip;]<\/p>\n","protected":false},"author":1,"featured_media":0,"parent":0,"menu_order":0,"comment_status":"closed","ping_status":"closed","template":"","meta":{"sfsi_plus_gutenberg_text_before_share":"","sfsi_plus_gutenberg_show_text_before_share":"","sfsi_plus_gutenberg_icon_type":"","sfsi_plus_gutenberg_icon_alignemt":"","sfsi_plus_gutenburg_max_per_row":"","footnotes":""},"class_list":["post-2011","page","type-page","status-publish","hentry","has_thumb"],"aioseo_notices":[],"_links":{"self":[{"href":"https:\/\/kursy-udt.pl\/en\/wp-json\/wp\/v2\/pages\/2011","targetHints":{"allow":["GET"]}}],"collection":[{"href":"https:\/\/kursy-udt.pl\/en\/wp-json\/wp\/v2\/pages"}],"about":[{"href":"https:\/\/kursy-udt.pl\/en\/wp-json\/wp\/v2\/types\/page"}],"author":[{"embeddable":true,"href":"https:\/\/kursy-udt.pl\/en\/wp-json\/wp\/v2\/users\/1"}],"replies":[{"embeddable":true,"href":"https:\/\/kursy-udt.pl\/en\/wp-json\/wp\/v2\/comments?post=2011"}],"version-history":[{"count":2,"href":"https:\/\/kursy-udt.pl\/en\/wp-json\/wp\/v2\/pages\/2011\/revisions"}],"predecessor-version":[{"id":2126,"href":"https:\/\/kursy-udt.pl\/en\/wp-json\/wp\/v2\/pages\/2011\/revisions\/2126"}],"wp:attachment":[{"href":"https:\/\/kursy-udt.pl\/en\/wp-json\/wp\/v2\/media?parent=2011"}],"curies":[{"name":"wp","href":"https:\/\/api.w.org\/{rel}","templated":true}]}}