{"id":2009,"date":"2016-03-08T08:50:45","date_gmt":"2016-03-08T08:50:45","guid":{"rendered":"http:\/\/kursy-udt.pl\/?page_id=2009"},"modified":"2016-03-11T08:31:02","modified_gmt":"2016-03-11T08:31:02","slug":"gelenkarbeitsbuhnen","status":"publish","type":"page","link":"https:\/\/kursy-udt.de\/en\/gelenkarbeitsbuhnen\/","title":{"rendered":"Gelenkarbeitsb\u00fchnen"},"content":{"rendered":"<div style=\"float:left; padding-right:10px;\"><img decoding=\"async\" src=\"\/wp-content\/uploads\/2014\/03\/szkolenia-na-podnosnik.jpeg\" alt=\"rise course Warsaw - photo\"><\/div>\n<div class=\"wyjustuj\">Im Bildungszentrum ERGON bieten wir Ihnen einen professionellen Course im Bereich der Gelenk-, Selbstfahrgelenkarbeitsb\u00fchnen und anderen an. Wir setzten uns das Ziel vor, jedn Kursteilnehmer komplex auszubilden, damit er die erforderlichen Berechtigungen, gem. Vorschriften der Technischen Aufsichtsbeh\u00f6rde erwerben kann. Wir bem\u00fchen uns, damit die Mitarbeiter sich gut in Ger\u00e4teigenschaften und Bedienung des Ger\u00e4tes auskennen - Kurse umfassen die Thematik komplex, sie werden von Spezialisten auf diesem Gebiet durchgef\u00fchrt, deswegen sind sie sie m\u00fcnchen getroffene al. Wir bem\u00fchen uns, damit unsere Preise f\u00fcr sie auch g\u00fcnstig sind. F\u00fcr gr\u00f6\u00dfere Gruppen haben wir g\u00fcnstige Rabatte vorbereitet!<\/p>\n<p>Jeder Kurs im unseren Bildungszentrum ist in theoretischen und praktischen Teil gegliedert, deshalb befasst sich komplex mit der ganzen Thematik und l\u00e4sst die Kursteilnehmer zuverl\u00e4ssig zur Antretung an UDT-Pr\u00fcfung vorbereiten. W\u00e4hrend des Kurses im Bereich der Gelenkarbeitsb\u00fchnen den Kursteilnehmern werden unter anderem Informationen \u00fcber Grunds\u00e4tze wegen sicherer Bedienung des Ger\u00e4tes, gem. Vorschriften der Technischen Aufsichtsbeh\u00f6rde und Arbeitsschutzvorschriften im Bereich der H\u00f6henarbeiten, Informationen \u00fcber Aufbau und Prinzipien des Funktionierens dieser Maschinen \u00fcbermittelt. Wir f\u00fchren auch praktische Seminare durch, w\u00e4hrend deren Kursteilnehmer unentbehrliche F\u00e4higkeiten in Bezug auf Bedienung des Ger\u00e4tes aneignen. Die im unseren Bildungszentrum realisierten Kurse sind die beste Auswahl!<\/p>\n<p><strong>Anwendung<\/strong><br \/>\nGelenkarbeitsb\u00fchnen, die auch als Hubarbeitsb\u00fchnen bezeichnet werden, sind Ger\u00e4te, die zu <span class=\"linkwartykule\"><a href=\"\/en\/fachkurse\/berech-arbeitsbuhnen\/\">Arbeitsb\u00fchnen<\/a><\/span> geh\u00f6ren. Ihre Aufgabe ist Hochheben der Mitarbeiter zur bestimmten H\u00f6he, auch Ausstattung und Materialien, sowohl bei Bauarbeiten als auch in Werbung oder Dienstleistungen. Diese Ger\u00e4te werden bei Bau-, Fertigungs-, Montage-, Dekorations-, und Reinigungsarbeiten und vielen anderen eingesetzt, wo Erreichen der bestimmten H\u00f6he wesentlich ist, wobei auch Aufstellung eines Ger\u00fcstes nicht \u00f6konomisch scheint. <\/p>\n<p>Die Gelenkarbeitsb\u00fchnen k\u00f6nnen sowohl au\u00dfen als auch innen, auch bei hohen Gew\u00f6lben genutzt werden, dadurch werden sie als universal betrachtet. Gelenkarbeitsb\u00fchnen k\u00f6nnen als Selbstfahrgelenkarbeitsb\u00fchnen vorkommen, also eingebaut auf einem Auto, oder langsamlaufend, zu denen Scheren-, Teleskop-, Gelenkarbeitsb\u00fchnen geh\u00f6ren. Die erforderlichen Berechtigungen f\u00fcr diese Ger\u00e4te sind P Berechtigungen. <\/p>\n<p><strong>Greening of courses<\/strong><br \/>\nDie Grundvoraussetzungen zur Kursteilnahme sind Ihre Vollj\u00e4hrigkeit, mindestens absolvierte Grundausbildung, keine Gegenanzeigen zur Aus\u00fcbung des Berufs.<\/p>\n<p>Das Ziel des angebotenen Kurses ist \u00dcbermittlung der theoretischen Informationen und praktischen F\u00e4higkeiten, die den Mitarbeiter f\u00e4hig machen sollten, das Ger\u00e4t angemessen zu bedienen, au\u00dferdem sollte er den Mitarbeiter zum Erwerb der UDT-Berechten. Mitarbeiter, der \u00fcber entsprechende Berechtigungen verf\u00fcgt, darf Arbeiten mit Einsatz der Gelenkarbeitsb\u00fchnen ausf\u00fchren. <\/p>\n<p>Mit unserem Bildungszentrum ERGON ist der Erwerb der Berechtigungen f\u00fcr Gelenkarbeitsb\u00fchnen noch leichter.<br \/>\nWir laden Sie herzlich ein, unser Angebot in Anspruch zu nehmen!\n<\/p><\/div>\n<div class=\"button_styl\" style=\"float:right; padding-left:15px; padding-bottom:8px; margin-bottom:5px;\"><a href=\"https:\/\/platformaedukacji.pl\/login\/signup.php\" rel=\"nofollow\" target=\"_blank\" class=\"myButton myButton_maly\"><font color=\"white\">am Kurs teilnehmen<\/font><\/a><\/div>","protected":false},"excerpt":{"rendered":"<p>Im Bildungszentrum ERGON bieten wir Ihnen einen professionellen Kurs im Bereich der Gelenk-, Selbstfahrgelenkarbeitsb\u00fchnen und anderen an. Wir setzten uns das Ziel vor, jeden Kursteilnehmer komplex auszubilden, damit er die erforderlichen Berechtigungen, gem. Vorschriften der Technischen Aufsichtsbeh\u00f6rde erwerben kann. Wir bem\u00fchen uns, damit die Mitarbeiter sich gut in Ger\u00e4teigenschaften und Bedienung des Ger\u00e4tes auskennen \u2013 Kurse umfassen die Thematik komplex, sie werden von Spezialisten auf diesem Gebiet durchgef\u00fchrt, deswegen sind sie die beste getroffene Entscheidung sowohl f\u00fcr Mitarbeiter als auch f\u00fcr Arbeitsgeber. Wir bem\u00fchen uns, damit unsere Preise f\u00fcr sie auch g\u00fcnstig sind. F\u00fcr gr\u00f6\u00dfere Gruppen haben wir g\u00fcnstige Rabatte vorbereitet! Jeder Kurs im unseren Bildungszentrum ist in theoretischen und praktischen Teil gegliedert, deshalb befasst sich komplex mit der ganzen Thematik und l\u00e4sst die Kursteilnehmer zuverl\u00e4ssig zur Antretung an UDT-Pr\u00fcfung vorbereiten. W\u00e4hrend des Kurses im Bereich der Gelenkarbeitsb\u00fchnen den Kursteilnehmern werden unter anderem Informationen \u00fcber Grunds\u00e4tze wegen sicherer Bedienung des Ger\u00e4tes, gem. Vorschriften der Technischen Aufsichtsbeh\u00f6rde und Arbeitsschutzvorschriften im Bereich der H\u00f6henarbeiten, Informationen \u00fcber Aufbau und Prinzipien des Funktionierens dieser Maschinen \u00fcbermittelt. Wir f\u00fchren auch praktische Seminare durch, w\u00e4hrend deren Kursteilnehmer unentbehrliche F\u00e4higkeiten in Bezug auf Bedienung des Ger\u00e4tes aneignen. Die im unseren Bildungszentrum realisierten Kurse sind die beste Auswahl! Anwendung Gelenkarbeitsb\u00fchnen, die auch als Hubarbeitsb\u00fchnen bezeichnet werden, sind Ger\u00e4te, die zu Arbeitsb\u00fchnen geh\u00f6ren. Ihre Aufgabe ist Hochheben der Mitarbeiter zur bestimmten H\u00f6he, auch Ausstattung und Materialien, sowohl bei Bauarbeiten als auch in Werbung oder Dienstleistungen. Diese Ger\u00e4te werden bei Bau-, Fertigungs-, Montage-, Dekorations-, und Reinigungsarbeiten und vielen anderen eingesetzt, wo Erreichen der bestimmten H\u00f6he [&hellip;]<\/p>\n","protected":false},"author":1,"featured_media":0,"parent":0,"menu_order":0,"comment_status":"closed","ping_status":"closed","template":"","meta":{"sfsi_plus_gutenberg_text_before_share":"","sfsi_plus_gutenberg_show_text_before_share":"","sfsi_plus_gutenberg_icon_type":"","sfsi_plus_gutenberg_icon_alignemt":"","sfsi_plus_gutenburg_max_per_row":"","footnotes":""},"class_list":["post-2009","page","type-page","status-publish","hentry","has_thumb"],"aioseo_notices":[],"_links":{"self":[{"href":"https:\/\/kursy-udt.pl\/en\/wp-json\/wp\/v2\/pages\/2009","targetHints":{"allow":["GET"]}}],"collection":[{"href":"https:\/\/kursy-udt.pl\/en\/wp-json\/wp\/v2\/pages"}],"about":[{"href":"https:\/\/kursy-udt.pl\/en\/wp-json\/wp\/v2\/types\/page"}],"author":[{"embeddable":true,"href":"https:\/\/kursy-udt.pl\/en\/wp-json\/wp\/v2\/users\/1"}],"replies":[{"embeddable":true,"href":"https:\/\/kursy-udt.pl\/en\/wp-json\/wp\/v2\/comments?post=2009"}],"version-history":[{"count":3,"href":"https:\/\/kursy-udt.pl\/en\/wp-json\/wp\/v2\/pages\/2009\/revisions"}],"predecessor-version":[{"id":2131,"href":"https:\/\/kursy-udt.pl\/en\/wp-json\/wp\/v2\/pages\/2009\/revisions\/2131"}],"wp:attachment":[{"href":"https:\/\/kursy-udt.pl\/en\/wp-json\/wp\/v2\/media?parent=2009"}],"curies":[{"name":"wp","href":"https:\/\/api.w.org\/{rel}","templated":true}]}}