{"id":2,"date":"2014-02-07T20:25:19","date_gmt":"2014-02-07T20:25:19","guid":{"rendered":"http:\/\/kursy-udt.kwiaty0.pl\/?page_id=2"},"modified":"2022-06-23T11:40:22","modified_gmt":"2022-06-23T11:40:22","slug":"udt-entitlements","status":"publish","type":"page","link":"https:\/\/kursy-udt.pl\/en\/uprawnienia-udt\/","title":{"rendered":"UDT qualifications"},"content":{"rendered":"<div class=\"wyjustuj\">\n<div style=\"float: left; padding-right: 10px;\"><a href=\"\/en\/training\/\"><div id=\"metaslider-id-631\" style=\"max-width: 200px;\" class=\"ml-slider-3-108-0 metaslider metaslider-flex metaslider-631 ml-slider ms-theme-default nav-hidden\" role=\"region\" aria-label=\"udt-permissions\" data-height=\"150\" data-width=\"200\">\n    <div id=\"metaslider_container_631\">\n        <div id=\"metaslider_631\" class=\"flexslider\">\n            <ul class='slides'>\n                <li style=\"display: block; width: 100%;\" class=\"slide-1368 ms-image\" aria-roledescription=\"slide\" data-date=\"2014-09-06 00:23:31\" data-filename=\"dzwigi.jpeg\" data-slide-type=\"image\"><img loading=\"lazy\" decoding=\"async\" src=\"https:\/\/kursy-udt.pl\/wp-content\/uploads\/2014\/09\/dzwigi.jpeg\" height=\"150\" width=\"200\" alt=\"\" class=\"slider-631 slide-1368 msDefaultImage\" \/><\/li>\n                <li style=\"display: none; width: 100%;\" class=\"slide-632 ms-image\" aria-roledescription=\"slide\" data-date=\"2014-04-13 12:14:05\" data-filename=\"01-uprawnienia-udt-foto.jpeg\" data-slide-type=\"image\"><img loading=\"lazy\" decoding=\"async\" src=\"https:\/\/kursy-udt.pl\/wp-content\/uploads\/2014\/04\/01-uprawnienia-udt-foto.jpeg\" height=\"150\" width=\"200\" alt=\"qualifications of the Office of Technical Inspection in Warsaw\" class=\"slider-631 slide-632 msDefaultImage\" \/><\/li>\n                <li style=\"display: none; width: 100%;\" class=\"slide-633 ms-image\" aria-roledescription=\"slide\" data-date=\"2014-04-13 12:14:05\" data-filename=\"02-szkolenia-udt-zdj.jpeg\" data-slide-type=\"image\"><img loading=\"lazy\" decoding=\"async\" src=\"https:\/\/kursy-udt.pl\/wp-content\/uploads\/2014\/04\/02-szkolenia-udt-zdj.jpeg\" height=\"150\" width=\"200\" alt=\"Ergon Warsaw\" class=\"slider-631 slide-633 msDefaultImage\" \/><\/li>\n                <li style=\"display: none; width: 100%;\" class=\"slide-1369 ms-image\" aria-roledescription=\"slide\" data-date=\"2014-09-06 00:23:32\" data-filename=\"zurawie.jpeg\" data-slide-type=\"image\"><img loading=\"lazy\" decoding=\"async\" src=\"https:\/\/kursy-udt.pl\/wp-content\/uploads\/2014\/09\/zurawie.jpeg\" height=\"150\" width=\"200\" alt=\"\" class=\"slider-631 slide-1369 msDefaultImage\" \/><\/li>\n                <li style=\"display: none; width: 100%;\" class=\"slide-634 ms-image\" aria-roledescription=\"slide\" data-date=\"2014-04-13 12:14:06\" data-filename=\"03-pic-kursy-udt.jpeg\" data-slide-type=\"image\"><img loading=\"lazy\" decoding=\"async\" src=\"https:\/\/kursy-udt.pl\/wp-content\/uploads\/2014\/04\/03-pic-kursy-udt.jpeg\" height=\"150\" width=\"200\" alt=\"picture\" class=\"slider-631 slide-634 msDefaultImage\" \/><\/li>\n            <\/ul>\n        <\/div>\n        \n    <\/div>\n<\/div><\/a><\/div>\n<p>The Office of Technical Inspection is a state institution whose purpose is to ensure the safe operation of technical devices and installations. Both UDT Warszawa and other offices present in each large city are responsible for confirming the ability to perform activities and knowledge of the conditions related to the standards, legal and technical regulations of supervision for employees in positions where the service of technical devices is required, granting them the appropriate UDT qualifications ( Office of Technical Inspection).<\/p>\n<p>To perform the work, you need certified UDT authorizations, without which the employee has no right to operate the devices. For this purpose, employees must follow a UDT course covering both theoretical and practical knowledge, i.e. including independent operation and maintenance of machines, and then take the exam.<\/p>\n<p>Among the equipment that requires the authorization of the Office of Technical Inspection, there are:<\/p>\n<ul>\n<li>mobile platforms (aerial platforms) - qualifications are granted for a basket lifts of category IP and II P. Depending on what mobile platforms are used, appropriate qualifications are required<\/li>\n<li>overhead cranes controlled from the working and cabin levels<\/li>\n<li>rail, tower and portable HDS cranes<\/li>\n<li>goods and construction lifts<\/li>\n<li>winches from the working level and from the cabin<\/li>\n<li>equipment for filling and emptying tanks, handling containers<\/li>\n<li>Freight and passenger ski lifts and cableways<\/li>\n<li>track pavers<\/li>\n<li>forklifts - forklift licenses are granted as related to UDT or not<\/li>\n<\/ul>\n<p>To operate the presented equipment, the employee must complete training and receive appropriate permissions. An employee is prepared for the state examination of the UDT during the course, and then, after successfully passing it, he \/ she receives qualifications.<\/p>\n<p>Legal basis:<\/p>\n<ul>\n<li>Act of December 21, 2000 on technical inspection (Journal of Laws No. 122, item 1321, as amended)<\/li>\n<li>Regulation of the Minister of Economy on the procedure for checking qualifications required for the operation and maintenance of technical devices of July 18, 2001 (Journal of Laws No. 79, item 849), amended regulation of February 20, 2003 (Journal of Laws No. 50, item 426), issued on the basis of art. 23 sec. 5 of the act on technical inspection.<\/li>\n<\/ul>\n<p>Especially for employees who want to obtain the qualifications of the Office of Technical Inspection, we have prepared a wide range of trainings. Our UDT trainings are conducted by experienced specialists in their field, thanks to which they cover extensive theoretical knowledge and practice. We provide closed and open UDT trainings, also tailored specifically to the needs of our clients.<\/p>\n<p>We invite you to UDT courses to <a href=\"https:\/\/kursy-udt.pl\/en\/o-firmie\/\">ERGON Personnel Training Center<\/a>! <a href=\"https:\/\/kursy-udt.pl\/en\/kontakt\/\">We operate throughout the country<\/a>. We have training centers in:<\/p>\n<ul>\n<li>Warsaw<\/li>\n<li>Katowice (Silesia branch)<\/li>\n<li>Cracow<\/li>\n<li>Bielsko-Biala<\/li>\n<\/ul>\n<\/div>\n<p>Also read about categories <a href=\"https:\/\/kursy-udt.pl\/en\/uprawnienia-udt\/kategorie-uprawnien-2\/\">UDT qualifications<\/a> and about applicable regulations!<\/p>","protected":false},"excerpt":{"rendered":"<p>Urz\u0105d Dozoru Technicznego jest instytucj\u0105 pa\u0144stwow\u0105, kt\u00f3rej celem jest zapewnienie bezpiecze\u0144stwa pracy urz\u0105dze\u0144 technicznych i instalacji. Zar\u00f3wno UDT Warszawa jak i inne urz\u0119dy obecne w ka\u017cdym du\u017cym mie\u015bcie maj\u0105 za zadanie potwierdzanie umiej\u0119tno\u015bci wykonywania czynno\u015bci i znajomo\u015bci warunk\u00f3w zwi\u0105zanych z normami, przepisami prawnymi i technicznymi dozoru dla pracownik\u00f3w na stanowiskach, na kt\u00f3rych wymagana jest obs\u0142uga urz\u0105dze\u0144 technicznych, nadaj\u0105c im stosowne uprawnienia UDT (Urz\u0119du Dozoru Technicznego). Do wykonywania prac potrzebne s\u0105 po\u015bwiadczone uprawnienia UDT, bez kt\u00f3rych pracownik nie ma prawa obs\u0142ugiwa\u0107 urz\u0105dze\u0144. W tym celu pracownicy musz\u0105 oby\u0107 kurs UDT obejmuj\u0105cy zar\u00f3wno wiedz\u0119 teoretyczn\u0105, jak i praktyczn\u0105, czyli w\u0142\u0105czaj\u0105c\u0105 samodzieln\u0105 obs\u0142ug\u0119 i konserwacj\u0119 maszyn, a nast\u0119pnie podej\u015b\u0107 do egzaminu. W\u015br\u00f3d sprz\u0119t\u00f3w, kt\u00f3re wymagaj\u0105 posiadania do obs\u0142ugi uprawnie\u0144 Urz\u0119du Dozoru Technicznego, znajduj\u0105 si\u0119 mi\u0119dzy innymi: podesty ruchome (podno\u015bniki koszowe) \u2013 nadawane s\u0105 uprawnienia na podno\u015bnik koszowy kat. I P oraz II P. W zale\u017cno\u015bci od tego, jakie stosowane s\u0105 podesty ruchome, wymagane s\u0105 odpowiednie kwalifikacje suwnice sterowane z poziomu roboczego i kabiny \u017curawie szynowe, wie\u017cowe i przeno\u015bne HDS d\u017awigi towarowe i budowlane wyci\u0105garki z poziomu roboczego i z kabiny urz\u0105dzenia do nape\u0142niania i opr\u00f3\u017cniania zbiornik\u00f3w, manipulacji kontenerami towarowe i osobowe wyci\u0105gi narciarskie i koleje linowe uk\u0142adarki do uk\u0142adania tor\u00f3w w\u00f3zki wid\u0142owe \u2013 uprawnienia na w\u00f3zki wid\u0142owe s\u0105 nadawane jako powi\u0105zane z UDT lub nie Do obs\u0142ugi zaprezentowanych sprz\u0119t\u00f3w pracownik musi uko\u0144czy\u0107 szkolenie i otrzyma\u0107 stosowne uprawnienia. Do egzaminu pa\u0144stwowego UDT pracownik jest przygotowywany podczas kursu, nast\u0119pnie po jego pozytywnym zaliczeniu otrzymuje uprawnienia. Podstawa prawna: ustawa z dnia 21 grudnia 2000 r. o dozorze technicznym (Dz. U. Nr [&hellip;]<\/p>\n","protected":false},"author":1,"featured_media":0,"parent":0,"menu_order":2,"comment_status":"closed","ping_status":"closed","template":"","meta":{"sfsi_plus_gutenberg_text_before_share":"","sfsi_plus_gutenberg_show_text_before_share":"","sfsi_plus_gutenberg_icon_type":"","sfsi_plus_gutenberg_icon_alignemt":"","sfsi_plus_gutenburg_max_per_row":"","footnotes":""},"class_list":["post-2","page","type-page","status-publish","hentry","has_no_thumb"],"aioseo_notices":[],"_links":{"self":[{"href":"https:\/\/kursy-udt.pl\/en\/wp-json\/wp\/v2\/pages\/2","targetHints":{"allow":["GET"]}}],"collection":[{"href":"https:\/\/kursy-udt.pl\/en\/wp-json\/wp\/v2\/pages"}],"about":[{"href":"https:\/\/kursy-udt.pl\/en\/wp-json\/wp\/v2\/types\/page"}],"author":[{"embeddable":true,"href":"https:\/\/kursy-udt.pl\/en\/wp-json\/wp\/v2\/users\/1"}],"replies":[{"embeddable":true,"href":"https:\/\/kursy-udt.pl\/en\/wp-json\/wp\/v2\/comments?post=2"}],"version-history":[{"count":31,"href":"https:\/\/kursy-udt.pl\/en\/wp-json\/wp\/v2\/pages\/2\/revisions"}],"predecessor-version":[{"id":3914,"href":"https:\/\/kursy-udt.pl\/en\/wp-json\/wp\/v2\/pages\/2\/revisions\/3914"}],"wp:attachment":[{"href":"https:\/\/kursy-udt.pl\/en\/wp-json\/wp\/v2\/media?parent=2"}],"curies":[{"name":"wp","href":"https:\/\/api.w.org\/{rel}","templated":true}]}}