{"id":1997,"date":"2016-03-08T08:47:28","date_gmt":"2016-03-08T08:47:28","guid":{"rendered":"http:\/\/kursy-udt.pl\/?page_id=1997"},"modified":"2016-03-11T08:34:27","modified_gmt":"2016-03-11T08:34:27","slug":"stapler","status":"publish","type":"page","link":"https:\/\/kursy-udt.de\/en\/stapler\/","title":{"rendered":"Stapler"},"content":{"rendered":"<div style=\"float:left; padding-right:10px;\"><img decoding=\"async\" src=\"\/wp-content\/uploads\/2014\/03\/wozki-widlowe-3.jpeg\" alt=\"Forklift trucks\"><\/div>\n<div class=\"wyjustuj\">Wir laden Sie zum Kurs im Bereich der Stapler zum Bildungszentrum ERGON ein! Die Kursteilnehmer erfahren w\u00e4hrend des Kurses alles zum Thema Stapler - die Berechtigungen sind dann leicht zu erwerben. Alle unseren Kurse im Bereich der Stapler beruhen auf der Erfahrung unserer hochqualifizierten Kursleiter und geltenden rechtlichen Vorschriften. Die Kurse realisieren wir in allen Stufen, deshalb erwerben Sie mit uns Berechtigungen zu folgenden Kategorien: I, II, III WJO. <\/p>\n<p>Der Kurs im Bereich der Stapler hat sowohl theoretischen als auch praktischen Teil vorgesehen. Im theoretischen Teil, erfahren Sie alles rund um Aufbau der Stapler, Mechanismus und Funktionieren dieser Ger\u00e4te, sichere Bedienung nach Arbeitschutzvorschriften und Vorschriften von Technischer Aufsichtsbeh\u00f6rde. Im praktischen Teil beherrschen Sie Man\u00f6vrieren und Ausf\u00fchrung der bestimmten Arbeiten. Nach dem durchgelaufenenen kurs f\u00fchrt der Weg zur Pr\u00fcfung. Wenn die demn\u00e4chst bestanden ist, erwerben Sie die Berechtigungen. Unsere Kurse werden immer komplex realisiert, was mit gro\u00dfer Effektivit\u00e4t verbunden ist, Erwerb der Berechtigungen ist dann viel leichter!<\/p>\n<p><strong>Anwendung<\/strong><br \/>\nStapler or also anders <span class=\"linkwartykule\"><a href=\"\/en\/training\/forklifts\/\">Gabelstapler<\/a><\/span> sind Ger\u00e4te des innerbetrieblichen Transports, und haben eigentlich universale Anwendung. Sie werden vor allem zum Transport der G\u00fcter \u00fcberwiegend auf Holzpaletten in L\u00e4gern, Produktionshallen, L\u00e4den oder H\u00e4fen benutzt.<\/p>\n<p>Die Aufteilung der Stapler stimmt mit Berechtigungskategorien der Technischen Aufsichtsbeh\u00f6rde \u00fcberein. Wir unterscheiden deswegen Ger\u00e4te mit einigen Antrieben wie: Elektro-, Batterie-, Benzin-, und Dieselantrieb. Je nach Nutzung und Einsatz unterscheiden wir Hochhub-, Schlepper-, Elektrostapler und spezielle, in Hinsicht auf Lenkungsart dagegen lassen sich folgende unterscheiden: gef\u00fchrte, Niederhubwagen, ferngesteuert und ausgestattet mit Fahrersitz.<\/p>\n<p><strong>Berechtigungsarten <\/strong><br \/>\nTechnische Aufsichtsbeh\u00f6rde unterscheidet 3 Kategorien der Berechtigungen: <\/p>\n<ul>\n<li>\n<strong>And WJO<\/strong><br \/>\n- Stapler<br \/>\n- Spezielle Stapler: mit hochgehobener Ladung und mit regulierbarer Ausladung\n<\/li>\n<li>\n<strong>II WJO<\/strong><br \/>\n- Stapler ohne spezialisierte Stapler\n<\/li>\n<li>\n<strong>III WJO<\/strong><br \/>\n- Stapler, gef\u00fchrt und ferngesteuert\n<\/li>\n<\/ul>\n<p><strong>Greening of courses<\/strong><br \/>\nDie Grundvoraussetzungen zur Kursteilnahme sind Ihre Vollj\u00e4hrigkeit, mindestens absolvierte Grundausbildung, keine Gegenanzeigen zur Aus\u00fcbung des Berufs.<\/p>\n<p>Heutzutage, auf dem Arbeitsmarkt werden oft Mitarbeiter mit entsprechenden Staplerberechtigungen gesucht. Der Kurs im unseren Bildungszentrum ist deshalb eine gute Entscheidung zum Ihren beruflichen Weg. Wir organisieren Kurse auch nach Bedarf und Wunsch des Auftragsgebers wenn es um Ort oder Termin geht.<\/p>\n<p>Wir laden Sie ein, unser Angebot in Anspruch zu nehmen! <\/p><\/div>\n<div class=\"button_styl\" style=\"float:right; padding-left:15px; padding-bottom:8px; margin-bottom:5px;\"><a href=\"https:\/\/platformaedukacji.pl\/login\/signup.php\" rel=\"nofollow\" target=\"_blank\" class=\"myButton myButton_maly\"><font color=\"white\">am Kurs teilnehmen<\/font><\/a><\/div>","protected":false},"excerpt":{"rendered":"<p>Wir laden Sie zum Kurs im Bereich der Stapler zum Bildungszentrum ERGON ein! Die Kursteilnehmer erfahren w\u00e4hrend des Kurses alles zum Thema Stapler \u2013 die Berechtigungen sind dann leicht zu erwerben. Alle unseren Kurse im Bereich der Stapler beruhen auf der Erfahrung unserer hochqualifizierten Kursleiter und geltenden rechtlichen Vorschriften. Die Kurse realisieren wir in allen Stufen, deshalb erwerben Sie mit uns Berechtigungen zu folgenden Kategorien: I, II, III WJO. Der Kurs im Bereich der Stapler hat sowohl theoretischen als auch praktischen Teil vorgesehen. Im theoretischen Teil, erfahren Sie alles rund um Aufbau der Stapler, Mechanismus und Funktionieren dieser Ger\u00e4te, sichere Bedienung nach Arbeitschutzvorschriften und Vorschriften von Technischer Aufsichtsbeh\u00f6rde. Im praktischen Teil beherrschen Sie Man\u00f6vrieren und Ausf\u00fchrung der bestimmten Arbeiten. Nach dem durchgelaufenen Kurs f\u00fchrt der Weg zur Pr\u00fcfung. Wenn die demn\u00e4chst bestanden ist, erwerben Sie die Berechtigungen. Unsere Kurse werden immer komplex realisiert, was mit gro\u00dfer Effektivit\u00e4t verbunden ist, Erwerb der Berechtigungen ist dann viel leichter! Anwendung Stapler oder auch anders Gabelstapler sind Ger\u00e4te des innerbetrieblichen Transports, und haben eigentlich universale Anwendung. Sie werden vor allem zum Transport der G\u00fcter \u00fcberwiegend auf Holzpaletten in L\u00e4gern, Produktionshallen, L\u00e4den oder H\u00e4fen benutzt. Die Aufteilung der Stapler stimmt mit Berechtigungskategorien der Technischen Aufsichtsbeh\u00f6rde \u00fcberein. Wir unterscheiden deswegen Ger\u00e4te mit einigen Antrieben wie: Elektro-, Batterie-, Benzin-, und Dieselantrieb. Je nach Nutzung und Einsatz unterscheiden wir Hochhub-, Schlepper-, Elektrostapler und spezielle, in Hinsicht auf Lenkungsart dagegen lassen sich folgende unterscheiden: gef\u00fchrte, Niederhubwagen, ferngesteuert und ausgestattet mit Fahrersitz. Berechtigungsarten Technische Aufsichtsbeh\u00f6rde unterscheidet 3 Kategorien der Berechtigungen: I WJO &#8211; Stapler &#8211; [&hellip;]<\/p>\n","protected":false},"author":1,"featured_media":0,"parent":0,"menu_order":0,"comment_status":"closed","ping_status":"closed","template":"","meta":{"sfsi_plus_gutenberg_text_before_share":"","sfsi_plus_gutenberg_show_text_before_share":"","sfsi_plus_gutenberg_icon_type":"","sfsi_plus_gutenberg_icon_alignemt":"","sfsi_plus_gutenburg_max_per_row":"","footnotes":""},"class_list":["post-1997","page","type-page","status-publish","hentry","has_thumb"],"aioseo_notices":[],"_links":{"self":[{"href":"https:\/\/kursy-udt.pl\/en\/wp-json\/wp\/v2\/pages\/1997","targetHints":{"allow":["GET"]}}],"collection":[{"href":"https:\/\/kursy-udt.pl\/en\/wp-json\/wp\/v2\/pages"}],"about":[{"href":"https:\/\/kursy-udt.pl\/en\/wp-json\/wp\/v2\/types\/page"}],"author":[{"embeddable":true,"href":"https:\/\/kursy-udt.pl\/en\/wp-json\/wp\/v2\/users\/1"}],"replies":[{"embeddable":true,"href":"https:\/\/kursy-udt.pl\/en\/wp-json\/wp\/v2\/comments?post=1997"}],"version-history":[{"count":2,"href":"https:\/\/kursy-udt.pl\/en\/wp-json\/wp\/v2\/pages\/1997\/revisions"}],"predecessor-version":[{"id":2144,"href":"https:\/\/kursy-udt.pl\/en\/wp-json\/wp\/v2\/pages\/1997\/revisions\/2144"}],"wp:attachment":[{"href":"https:\/\/kursy-udt.pl\/en\/wp-json\/wp\/v2\/media?parent=1997"}],"curies":[{"name":"wp","href":"https:\/\/api.w.org\/{rel}","templated":true}]}}