{"id":1990,"date":"2016-03-08T08:46:01","date_gmt":"2016-03-08T08:46:01","guid":{"rendered":"http:\/\/kursy-udt.pl\/?page_id=1990"},"modified":"2016-03-11T08:32:26","modified_gmt":"2016-03-11T08:32:26","slug":"bereich-der-laufkrane","status":"publish","type":"page","link":"https:\/\/kursy-udt.de\/en\/bereich-der-laufkrane\/","title":{"rendered":"Course in the field of air traffic control - You are entitled to the following entitlements"},"content":{"rendered":"<div style=\"float: left; padding-right: 10px;\"><img loading=\"lazy\" decoding=\"async\" alt=\"crane course Warsaw\" src=\"\/wp-content\/uploads\/2014\/04\/suwnice.jpeg\" width=\"200\" height=\"150\" \/><\/div>\n<div class=\"wyjustuj\">Um Laufkr\u00e4ne zu bedienen, die gew\u00f6hnlich im Transport oder verschiedenen Industriezweigen benutzt werden, ist der Kurs im Bereich der Laufkr\u00e4ne erforderlich. Nach durchgelaufenem kurs und bestandener Pr\u00fcfung k\u00f6nnen die Berechtigungen f\u00fcr Laufkr\u00e4ne gem. Vorschriften der Technischen Aufsichtsbeh\u00f6rde erworben werden. <\/p>\n<p><strong>Grundinformationen <\/strong><br \/>\nLaufkr\u00e4ne, laut ihrer Klassifizierung geh\u00f6ren zu Hebezeugen, die im abgebrochenem Gang arbeiten. Sie sind mit Hochheben-, und Absenkungsmechanismen ausgestattet - Winden. Die Laufkr\u00e4ne werden vor allem zur vertikalen und horizontalen Bef\u00f6rderung der G\u00fcter benutzt. Das Einsatzgebiet des Ger\u00e4tes ist durch H\u00f6he der Absenkung und Hochheben der G\u00fcter, L\u00e4nge der Laufbahn des Ger\u00e4tes und Breite der Br\u00fccke des Ger\u00e4tes beschr\u00e4nkt. Ger\u00e4te k\u00f6nnen durch Leitung oder kabellos gesteuert werden. Gr\u00f6\u00dfere Typen werden vom Laufkranfahrer in der Kabine gesteuert. <\/p>\n<p><strong>Construction of machines<\/strong><\/p>\n<ul>\n<li>Laufkr\u00e4ne - werden meistens in Hallen benutzt, ausger\u00fcstet in Laufkatzen zum Anh\u00e4ngen der Ladungen. Dieser Typ wird an Decken montiert. <\/li>\n<li>Aufgeh\u00e4ngte Kr\u00e4ne - die Konstruktion \u00e4hnelt Konstruktion von Laufkr\u00e4nen, diese Art von Kr\u00e4nen f\u00e4hrt jedoch auf Kranbahnen unter der Decke<\/li>\n<li>Aufgeh\u00e4ngte Kr\u00e4ne - die Konstruktion \u00e4hnelt Konstruktion von Laufkr\u00e4nen, diese Art von Kr\u00e4nen f\u00e4hrt jedoch auf Kranbahnen unter der Decke<\/li>\n<\/ul>\n<p><strong>Anwendung<\/strong><br \/>\nWie schon erw\u00e4hnt, Laufkr\u00e4ne werden vor allem im Transport, z.B. in Produktionshallen, Werften, Umlade-, oder Sammelstellen benutzt. Mit ihrer Konstruktion erm\u00f6glichen sie eine sichere und schnelle Bef\u00f6rderung Ladungen verschiedener Art, je nach eingesetzten Greifelementen. <\/p>\n<p><strong>Berechtigungen<\/strong><br \/>\nZur Bedienung der Laufkr\u00e4ne, von Arbeitsebene, kabellos, von der Kabine sind die Berechtigungen erforderlich. Die Berechtigungen werden nach dem durchgelaufenenen Course und nach bestandener Pr\u00fcfung vor Kommission der Technischen Aufsichtsbeh\u00f6rde verliehen.  Die Berechtigungen werden unbefristet verliehen, und lassen das Ger\u00e4t je nach Typ bedienen. <\/p>\n<p><strong>Berechtigungskategorien<\/strong><\/p>\n<ul>\n<li>II S - umfassen gesteuerte von Arbeitebene Ger\u00e4te, Winden und Hebezeuge in Kat. II W und Stehwerkstattkr\u00e4ne<\/li>\n<li>I S - umfassen Laufkr\u00e4ne, Hebezeuge und Winden in Kat. I W, gesteuert von Arbeitebene, oder von Kabine - Ger\u00e4te von Kat. II S<\/li>\n<\/ul>\n<p>Laufkr\u00e4ne sind Ger\u00e4te die gew\u00f6hnlich in vielen Betrieben benutzt werden, um die angemessen bedienen zu k\u00f6nnen, sind entsprechende <a href=\"\/en\/fachkurse\/bereich-der-laufkrane\/\">Kurse und Berechtigungen<\/a> erforderlich. W\u00e4hrend des Kurses werden den Kursteilnehmern die wichtigsten Informationen \u00fcber Bedienung des Ger\u00e4tes \u00fcbermittelt, darunter Sicherheits-, Arbeitsschutzprinzipien vor Arbeitsbeginn und nach Beendung der Arbeit, damit alle Ladungen angemessen bef\u00f6rdert werden.  <\/p>\n<p>Unabh\u00e4ngig von Art der Laufkr\u00e4ne, der Laufkranfahrer muss \u00fcber entsprechende Berechtigungen verf\u00fcgen, ohne die setzt er sich oder andere Mitarbeiter der Gefahr aus. Die Verpflichtung des Arbeitsgebers ist Sicherstellung seinen Mitarbeitern des Kurses und Arbeitsvoraussetzungen gem. aktuellen Arbeitsschutzvorschriften.  <\/p>\n<\/div>\n<div class=\"button_styl\" style=\"float:right; padding-left:15px; padding-bottom:8px; margin-bottom:5px;\"><a href=\"https:\/\/platformaedukacji.pl\/login\/signup.php\" rel=\"nofollow\" target=\"_blank\" class=\"myButton myButton_maly\"><font color=\"white\">am Kurs teilnehmen<\/font><\/a><\/div>","protected":false},"excerpt":{"rendered":"<p>Um Laufkr\u00e4ne zu bedienen, die gew\u00f6hnlich im Transport oder verschiedenen Industriezweigen benutzt werden, ist der Kurs im Bereich der Laufkr\u00e4ne erforderlich. Nach durchgelaufenem Kurs und bestandener Pr\u00fcfung k\u00f6nnen die Berechtigungen f\u00fcr Laufkr\u00e4ne gem. Vorschriften der Technischen Aufsichtsbeh\u00f6rde erworben werden. Grundinformationen Laufkr\u00e4ne, laut ihrer Klassifizierung geh\u00f6ren zu Hebezeugen, die im abgebrochenem Gang arbeiten. Sie sind mit Hochheben-, und Absenkungsmechanismen ausgestattet \u2013 Winden. Die Laufkr\u00e4ne werden vor allem zur vertikalen und horizontalen Bef\u00f6rderung der G\u00fcter benutzt. Das Einsatzgebiet des Ger\u00e4tes ist durch H\u00f6he der Absenkung und Hochheben der G\u00fcter, L\u00e4nge der Laufbahn des Ger\u00e4tes und Breite der Br\u00fccke des Ger\u00e4tes beschr\u00e4nkt. Ger\u00e4te k\u00f6nnen durch Leitung oder kabellos gesteuert werden. Gr\u00f6\u00dfere Typen werden vom Laufkranfahrer in der Kabine gesteuert. Konstruktionen der Ger\u00e4te Laufkr\u00e4ne \u2013 werden meistens in Hallen benutzt, ausger\u00fcstet in Laufkatzen zum Anh\u00e4ngen der Ladungen. Dieser Typ wird an Decken montiert. Aufgeh\u00e4ngte Kr\u00e4ne \u2013 die Konstruktion \u00e4hnelt Konstruktion von Laufkr\u00e4nen, diese Art von Kr\u00e4nen f\u00e4hrt jedoch auf Kranbahnen unter der Decke Aufgeh\u00e4ngte Kr\u00e4ne \u2013 die Konstruktion \u00e4hnelt Konstruktion von Laufkr\u00e4nen, diese Art von Kr\u00e4nen f\u00e4hrt jedoch auf Kranbahnen unter der Decke Anwendung Wie schon erw\u00e4hnt, Laufkr\u00e4ne werden vor allem im Transport, z.B. in Produktionshallen, Werften, Umlade-, oder Sammelstellen benutzt. Mit ihrer Konstruktion erm\u00f6glichen sie eine sichere und schnelle Bef\u00f6rderung Ladungen verschiedener Art, je nach eingesetzten Greifelementen. Berechtigungen Zur Bedienung der Laufkr\u00e4ne, von Arbeitsebene, kabellos, von der Kabine sind die Berechtigungen erforderlich. Die Berechtigungen werden nach dem durchgelaufenen Kurs und nach bestandener Pr\u00fcfung vor Kommission der Technischen Aufsichtsbeh\u00f6rde verliehen. Die Berechtigungen werden unbefristet verliehen, und lassen das Ger\u00e4t [&hellip;]<\/p>\n","protected":false},"author":1,"featured_media":0,"parent":0,"menu_order":0,"comment_status":"closed","ping_status":"closed","template":"","meta":{"sfsi_plus_gutenberg_text_before_share":"","sfsi_plus_gutenberg_show_text_before_share":"","sfsi_plus_gutenberg_icon_type":"","sfsi_plus_gutenberg_icon_alignemt":"","sfsi_plus_gutenburg_max_per_row":"","footnotes":""},"class_list":["post-1990","page","type-page","status-publish","hentry","has_thumb"],"aioseo_notices":[],"_links":{"self":[{"href":"https:\/\/kursy-udt.pl\/en\/wp-json\/wp\/v2\/pages\/1990","targetHints":{"allow":["GET"]}}],"collection":[{"href":"https:\/\/kursy-udt.pl\/en\/wp-json\/wp\/v2\/pages"}],"about":[{"href":"https:\/\/kursy-udt.pl\/en\/wp-json\/wp\/v2\/types\/page"}],"author":[{"embeddable":true,"href":"https:\/\/kursy-udt.pl\/en\/wp-json\/wp\/v2\/users\/1"}],"replies":[{"embeddable":true,"href":"https:\/\/kursy-udt.pl\/en\/wp-json\/wp\/v2\/comments?post=1990"}],"version-history":[{"count":3,"href":"https:\/\/kursy-udt.pl\/en\/wp-json\/wp\/v2\/pages\/1990\/revisions"}],"predecessor-version":[{"id":2136,"href":"https:\/\/kursy-udt.pl\/en\/wp-json\/wp\/v2\/pages\/1990\/revisions\/2136"}],"wp:attachment":[{"href":"https:\/\/kursy-udt.pl\/en\/wp-json\/wp\/v2\/media?parent=1990"}],"curies":[{"name":"wp","href":"https:\/\/api.w.org\/{rel}","templated":true}]}}