{"id":1943,"date":"2016-03-07T20:57:51","date_gmt":"2016-03-07T20:57:51","guid":{"rendered":"http:\/\/kursy-udt.pl\/?page_id=1943"},"modified":"2016-03-11T08:20:35","modified_gmt":"2016-03-11T08:20:35","slug":"bereich-der-gabelstapler","status":"publish","type":"page","link":"https:\/\/kursy-udt.de\/en\/fachkurse\/bereich-der-gabelstapler\/","title":{"rendered":"Course im Bereich der Gabelstapler"},"content":{"rendered":"<div style=\"float:left; padding-right:10px;\"><img decoding=\"async\" src=\"\/wp-content\/uploads\/2014\/03\/wozki-widlowe-4.jpeg\" alt=\"Forklift trucks - photography\"><\/div>\n<div class=\"wyjustuj\">Bildungszentrum ERGON hat f\u00fcr Sie gro\u00dfe Auswahl von Fachschulungen vorbereitet - wir laden Sie auch zum Kurs im Bereich der Gabelstapler ein (Warszawa und ganzes Polen), dabei auch Kurs im Bereich des Gabelstaplerfahrers, wo Sie Informationener der Bedienung d\u00fcelt eritt. Unsere Kurse im Bereich der Gabelstapler werden von erfahrenen Kursleitern durchgef\u00fchrt. Unser Ziel sind die Effekte, deshalb Erwerbung der UDT-Berechtigungen ist danach nur reine Formsache. Derzeit bei verschiedenen Arten der Arbeit werden h\u00e4ufig Gabelstapler benutzt, die Kurse in diesem Bereich sind also gute Entscheidung, die sich rasch sowohl dem Mitarbeiter als auch dem Arbeitgeber rentiert. Wir laden auch Personen ein, die willig sind, sich individuell auszubilden.  <\/p>\n<p>Jeder vom unseren Bildungszentrum realisierte Kurs im Bereich der Gabelstapler ist komplex, und teilt sich in theoretischen und praktischen Teil auf. W\u00e4hrend des Kurses werden alle theoretischen Themen bez\u00fcglich Aufbau und Steuern des Ger\u00e4tes bei der Arbeit, angesprochen, im praktischen Teil erfahren Sie von angemessener Steuerung vom Gabelstapler nach Arbeitsschutzvorschr\u00f6riften - und der Vorsbehriftenich Technischriften. Wir bereiten die Kursteilnehmer umfassend vor, um die UDT-Berechtigungen zu erwerben. <\/p>\n<p><strong>Arten der Berechtigungen<\/strong><br \/>\nGem. UDT Vorschriften lassen sich dreiategorien der Berechtigungen f\u00fcr Gabelstapler unterscheiden: <\/p>\n<p><u>I WJO Gabestapler, dabei spezialisiert: mit hochgehobener Ladung und mit regulierbarer Ausladung<\/u><br \/>\n<img decoding=\"async\" style=\"float:left; margin-right:20px;\" src=\"\/wp-content\/uploads\/2014\/03\/wozki-jezdniowe-podnosnikowe-1.jpeg\" alt=\"forklift trucks\"><img decoding=\"async\" style=\"float:left; margin-right:20px;\" src=\"\/wp-content\/uploads\/2014\/03\/wozek-widlowy-p1.jpeg\" alt=\"I WJO for forklift trucks\"><img decoding=\"async\" src=\"\/wp-content\/uploads\/2014\/03\/wozki-widlowe-1.jpeg\" alt=\"telescopic loader - forklift with variable reach\"><\/p>\n<p><u>II WJO Gabelstapler (ohne spezialisierte Ger\u00e4te)<\/u><br \/>\n<img decoding=\"async\" style=\"float:left; margin-right:20px;\" src=\"\/wp-content\/uploads\/2014\/03\/wozek-widlowy-d1.jpeg\" alt=\"\"><img decoding=\"async\" style=\"float:left; margin-right:20px;\" src=\"\/wp-content\/uploads\/2014\/03\/wozki-widlowe-4.jpeg\" alt=\"\"><img decoding=\"async\" src=\"\/wp-content\/uploads\/2014\/03\/wozek-widlowy-d2.jpeg\" alt=\"\"><\/p>\n<p><u>III WJO Gabelstapler, gef\u00fchrt und ferngesteuert <\/u><br \/>\n<img decoding=\"async\" style=\"float:left; margin-right:20px;\" src=\"\/wp-content\/uploads\/2014\/03\/wozek-widlowy-t1.jpeg\" alt=\"\"><img decoding=\"async\" style=\"float:left; margin-right:20px;\" src=\"\/wp-content\/uploads\/2014\/03\/wozek-widlowy-t2.jpeg\" alt=\"\"><img decoding=\"async\" src=\"\/wp-content\/uploads\/2014\/03\/wozek-widlowy-t3.jpeg\" alt=\"\"><\/p>\n<p><strong>Anwendung der Ger\u00e4te <\/strong><br \/>\n<span class=\"linkwartykule\"><a href=\"\/en\/fachkurse\/berech-arbeitsbuhnen\/\">Gabelstapler<\/a> auch Stapler sind mechanische Radfahrzeuge, die mit Elektro-, oder Verbrennungsantrieb ausgestattet sind, dadurch k\u00f6nnen gr\u00f6\u00dfere Strecken \u00fcberwinden. Diese Ger\u00e4te lassen leichte und schwere Beladungs-, und Ausladearbeiten der G\u00fcter auf Holzpaletten in L\u00e4den, H\u00e4fen, Produktionshallen durchf\u00fchren. <\/p>\n<p>Gebraucht werden viele Arten von Gabelstaplern. In Hinsicht auf ihre Nutzung lassen sich folgende unterscheiden: Schlepper-, Elektro-, Hochhub-, Schubmaststapler und spezielle Stapler, in Hinsicht auf Lenkungsart dagegen lassen sich folgende unterscheiden: gef\u00fcertitz underscheiden: gef\u00fcertitz underscheiden, a Fregestrshubwagen, fahgestrs. Das Lenken \u00e4hnelt Autolenken, denn ein Gabelstapler ist mit Lenkrad, Brems-, und Gaspedalen ausgestattet. Die Arbeit mit Gabelstaplern erfordert entsprechende Berechtigungen, verliehen gem. Vorschriften der Technischen Aufsichtsbeh\u00f6rde. <\/p>\n<p><strong>Bereich der Gabelstapler - Zielsetzung course <\/strong><br \/>\nUm die Kranberechtigungen zu erwerben ist Ihre Vollj\u00e4hrigkeit, mindestens Grundausbildung und Arztbescheinigung erforderlich. <\/p>\n<p>Kurse helfen Ihnen unentbehrliches Wissen und F\u00e4higkeiten zu erwerben, damit Sie zur Pr\u00fcfung antreten k\u00f6nnen. Diese Art von Ger\u00e4ten wird von immer mehreren Firmen benutzt. Kurse, die Sie mit ihrer Bedienung vertraut machen, sind ein guter Schritt f\u00fcr Ihren beruflichen Weg. Es lohnt sich also im unseren Bildungszentrum ERGON Gabelstapler bedienen lernen - Erwerb der UDT-Berechtigungen ist dann viel leichter zu schaffen!<\/p>\n<p>Wir laden Sie ein, sich mit unserem Angebot vertraut zu machen!<br \/>\nODK Ergon Warsaw<\/p><\/div>\n<div class=\"button_styl\" style=\"float:right; padding-left:15px; padding-bottom:8px; margin-bottom:5px;\"><a href=\"https:\/\/platformaedukacji.pl\/login\/signup.php\" rel=\"nofollow\" target=\"_blank\" class=\"myButton myButton_maly\"><font color=\"white\">am Kurs teilnehmen<\/font><\/a><\/div>\n<div style=\"padding-top:70px;\">\n<h2>Mehr Infos:<\/h2>\n<div style=\"text-align:center; font-size:85%; line-height:120%;\">\n<div style=\"float:left; margin-right:40px; height:290px;\">\n<a href=\"\/en\/fachkurse\/bereich-der-gabelstapler\/lenkung-der-gabelstapler\/\"><img decoding=\"async\" src=\"\/wp-content\/uploads\/2014\/08\/ster.jpg\" alt=\"\"><\/a><br \/>\n<a href=\"\/en\/fachkurse\/bereich-der-gabelstapler\/lenkung-der-gabelstapler\/\"><font color=\"black\"><\/p>\n<div style=\"width:300px; font-size:130%;\"><strong>Lenkung der Gabelstapler<\/strong><\/div>\n<p><\/font><\/a>\n<\/div>\n<div style=\"float:left; margin-right:40px; height:290px;\">\n<a href=\"\/en\/fachkurse\/bereich-der-gabelstapler\/arbeit-mit-ladung\/\"><img decoding=\"async\" src=\"\/wp-content\/uploads\/2014\/08\/oper.jpg\" alt=\"\"><\/a><br \/>\n<a href=\"\/en\/fachkurse\/bereich-der-gabelstapler\/arbeit-mit-ladung\/\"><font color=\"black\"><\/p>\n<div style=\"width:300px; font-size:130%;\"><strong>Arbeit mit Ladung<\/strong><\/div>\n<p><\/font><\/a>\n<\/div>\n<\/div>\n<div style=\"clear:both;\"><\/div>\n<div style=\"text-align:center; font-size:85%; line-height:120%;\">\n<div style=\"float:left; margin-right:40px; height:290px;\">\n<a href=\"\/en\/fachkurse\/bereich-der-gabelstapler\/sicherheit\/\"><img decoding=\"async\" src=\"\/wp-content\/uploads\/2014\/08\/bezp.jpg\" alt=\"\"><\/a><br \/>\n<a href=\"\/en\/fachkurse\/bereich-der-gabelstapler\/sicherheit\/\"><font color=\"black\"><\/p>\n<div style=\"width:300px; font-size:130%;\"><strong>Safety in the event of the loss of controllers<\/strong><\/div>\n<p><\/font><\/a>\n<\/div>\n<div style=\"float:left; margin-right:40px; height:290px;\">\n<a href=\"\/en\/fachkurse\/bereich-der-gabelstapler\/aufbau\/\"><img decoding=\"async\" src=\"\/wp-content\/uploads\/2014\/08\/bud.jpg\" alt=\"\"><\/a><br \/>\n<a href=\"\/en\/fachkurse\/bereich-der-gabelstapler\/aufbau\/\"><font color=\"black\"><\/p>\n<div style=\"width:300px; font-size:130%;\"><strong>Aufbau des Gabelstaplers<\/strong><\/div>\n<p><\/font><\/a>\n<\/div>\n<\/div>\n<\/div>","protected":false},"excerpt":{"rendered":"<p>Bildungszentrum ERGON hat f\u00fcr Sie gro\u00dfe Auswahl von Fachschulungen vorbereitet \u2013 wir laden Sie auch zum Kurs im Bereich der Gabelstapler ein (Warszawa und ganzes Polen), dabei auch Kurs im Bereich des Gabelstaplerfahrers, wo Sie Informationen von der Bedienung dieser Ger\u00e4te \u00fcbermittelt erhalten. Unsere Kurse im Bereich der Gabelstapler werden von erfahrenen Kursleitern durchgef\u00fchrt. Unser Ziel sind die Effekte, deshalb Erwerbung der UDT-Berechtigungen ist danach nur reine Formsache. Derzeit bei verschiedenen Arten der Arbeit werden h\u00e4ufig Gabelstapler benutzt, die Kurse in diesem Bereich sind also gute Entscheidung, die sich rasch sowohl dem Mitarbeiter als auch dem Arbeitgeber rentiert. Wir laden auch Personen ein, die willig sind, sich individuell auszubilden. Jeder vom unseren Bildungszentrum realisierte Kurs im Bereich der Gabelstapler ist komplex, und teilt sich in theoretischen und praktischen Teil auf. W\u00e4hrend des Kurses werden alle theoretischen Themen bez\u00fcglich Aufbau und Steuern des Ger\u00e4tes bei der Arbeit, angesprochen, im praktischen Teil erfahren Sie von angemessener Steuerung vom Gabelstapler nach Arbeitsschutzvorschriften &#8211; und Vorschriften der Technischen Aufsichtsbeh\u00f6rde. Wir bereiten die Kursteilnehmer umfassend vor, um die UDT-Berechtigungen zu erwerben. Arten der Berechtigungen Gem. UDT Vorschriften lassen sich drei Kategorien der Berechtigungen f\u00fcr Gabelstapler unterscheiden: I WJO Gabestapler, dabei spezialisiert: mit hochgehobener Ladung und mit regulierbarer Ausladung II WJO Gabelstapler (ohne spezialisierte Ger\u00e4te) III WJO Gabelstapler, gef\u00fchrt und ferngesteuert Anwendung der Ger\u00e4te Gabelstapler auch Stapler sind mechanische Radfahrzeuge, die mit Elektro-, oder Verbrennungsantrieb ausgestattet sind, dadurch k\u00f6nnen gr\u00f6\u00dfere Strecken \u00fcberwinden. Diese Ger\u00e4te lassen leichte und schwere Beladungs-, und Ausladearbeiten der G\u00fcter auf Holzpaletten in L\u00e4den, H\u00e4fen, Produktionshallen durchf\u00fchren. Gebraucht [&hellip;]<\/p>\n","protected":false},"author":1,"featured_media":0,"parent":1879,"menu_order":8,"comment_status":"closed","ping_status":"closed","template":"","meta":{"sfsi_plus_gutenberg_text_before_share":"","sfsi_plus_gutenberg_show_text_before_share":"","sfsi_plus_gutenberg_icon_type":"","sfsi_plus_gutenberg_icon_alignemt":"","sfsi_plus_gutenburg_max_per_row":"","footnotes":""},"class_list":["post-1943","page","type-page","status-publish","hentry","has_thumb"],"aioseo_notices":[],"_links":{"self":[{"href":"https:\/\/kursy-udt.pl\/en\/wp-json\/wp\/v2\/pages\/1943","targetHints":{"allow":["GET"]}}],"collection":[{"href":"https:\/\/kursy-udt.pl\/en\/wp-json\/wp\/v2\/pages"}],"about":[{"href":"https:\/\/kursy-udt.pl\/en\/wp-json\/wp\/v2\/types\/page"}],"author":[{"embeddable":true,"href":"https:\/\/kursy-udt.pl\/en\/wp-json\/wp\/v2\/users\/1"}],"replies":[{"embeddable":true,"href":"https:\/\/kursy-udt.pl\/en\/wp-json\/wp\/v2\/comments?post=1943"}],"version-history":[{"count":3,"href":"https:\/\/kursy-udt.pl\/en\/wp-json\/wp\/v2\/pages\/1943\/revisions"}],"predecessor-version":[{"id":2060,"href":"https:\/\/kursy-udt.pl\/en\/wp-json\/wp\/v2\/pages\/1943\/revisions\/2060"}],"up":[{"embeddable":true,"href":"https:\/\/kursy-udt.pl\/en\/wp-json\/wp\/v2\/pages\/1879"}],"wp:attachment":[{"href":"https:\/\/kursy-udt.pl\/en\/wp-json\/wp\/v2\/media?parent=1943"}],"curies":[{"name":"wp","href":"https:\/\/api.w.org\/{rel}","templated":true}]}}