{"id":1904,"date":"2016-03-07T20:49:17","date_gmt":"2016-03-07T20:49:17","guid":{"rendered":"http:\/\/kursy-udt.pl\/?page_id=1904"},"modified":"2016-03-11T08:14:15","modified_gmt":"2016-03-11T08:14:15","slug":"anordnungen-und-verbote","status":"publish","type":"page","link":"https:\/\/kursy-udt.de\/en\/fachkurse\/berech-arbeitsbuhnen\/anordnungen-und-verbote\/","title":{"rendered":"Anordnungen und Verbote"},"content":{"rendered":"<div style=\"float:left; padding-right:10px;\"><img decoding=\"async\" src=\"\/wp-content\/uploads\/2014\/08\/nakazy-zakazy_m.jpg\" alt=\"\"><\/div>\n<h3>Die wichtigsten Anordnungen und Verbote bei Arbeit mit Arbeitsb\u00fchnen<\/h3>\n<p>Mitarbeiter, die willig sind UDT-Berechtigungen zur Arbeit mit Arbeitsb\u00fchnen verschiedener Arten zu erwerben, sind verpflichtet, komplexe theoretische Vorbereitung durchzunehmen, die Grunds\u00e4tze der Sicherheit voraussetzt. <\/p>\n<p><strong>Bevor das Ger\u00e4t benutzt wird:<\/strong><\/p>\n<ul>\n<li>alle t\u00e4glichen Checkt\u00e4tigkeiten bez. Zustands des Ger\u00e4tes sollten durchgef\u00fchrt werden<\/li>\n<li>defective or defective equipment must not be used<\/li>\n<li>Ger\u00e4te unter denen die Ebene nicht angeeignet ist d\u00fcrfen nicht betrieben werden<\/li>\n<\/ul>\n<p><strong>Bevor das Ger\u00e4t in Gang gesetzt wird:<\/strong><\/p>\n<ul>\n<li>the field should, in the light of defects and hindsight, be made accessible<\/li>\n<li>the field should, in the light of defects and hindsight, be made accessible<\/li>\n<\/ul>\n<p><strong>Steuerung des Ger\u00e4tes:<\/strong><\/p>\n<ul>\n<li>Raum vor und \u00fcber dem Ger\u00e4t in seiner Bewegungsrichtung soll st\u00e4ndig nachgepr\u00fcft werden<\/li>\n<li>Arbeitsb\u00fchne soll mit entsprechender Geschwindigkeit gesteuert werden<\/li>\n<li>das Ger\u00e4t soll gesteuert werden, um die Hindernisse zu umfahren<\/li>\n<li>\u00fcber die Absperrung des Ger\u00e4tes soll nicht hinausgelehnt werden<\/li>\n<li>keine Gegenst\u00e4nde sollten auf dem Bestandteil werden<\/li>\n<li>am Bestendteil soll nicht aufgest\u00fctzt werden<\/li>\n<li>Mobiltelefone d\u00fcrfen nicht benutzt werden<\/li>\n<\/ul>\n<p><strong>Stellen des Ger\u00e4tes in entsprechender Position:<\/strong><\/p>\n<ul>\n<li>die H\u00f6he des Ger\u00e4tes soll horizontal eingestellt werden<\/li>\n<li>die H\u00f6he des Ger\u00e4tes soll horizontal eingestellt werden<\/li>\n<li>the field should, in view of the defects and shortcomings, be made up of<\/li>\n<\/ul>\n<p><strong>Benutzung des Ger\u00e4tes:<\/strong><\/p>\n<ul>\n<li>Arbeitsb\u00fchnen sollten nicht von incompetenten Personen benutzt werden<\/li>\n<li>die das Ger\u00e4t bedienende Person sollte mit jeweiliger Art des Ger\u00e4tes vertraut sein<\/li>\n<li>die bedienende Person sollte des Risikos der Benutzung des Ger\u00e4tes und Arbeitsgrunds\u00e4tzen bewusst sein <\/li>\n<\/ul>\n<p><strong>Rettung:<\/strong><\/p>\n<ul>\n<li>falls mit Rettungst\u00e4tigkeiten nicht vertraut sein sollte und die zust\u00e4ndige Person bez. Rettungst\u00e4tigkeiten sich in jeweiliger Stelle nicht befindet, soll auf Benutzung des Ger\u00e4tes verzichtet werden<\/li>\n<\/ul>\n<p>Der Kurs im Bereich der Arbeitsb\u00fchnen befasst sich zus\u00e4tzlich mit anderen Prinzipien in Hinsicht auf Sicherheit bei Benutzung der Ger\u00e4te. Der Bediener der Arbeitsb\u00fchnen (fahrbare, langsamlaufende, und anderer Art) soll aller der genannten Grunds\u00e4tze bewusst sein.<\/p>\n<p>Wenn Sie sich f\u00fcr unseren Kur im Berech der Arbeitsb\u00fchnen entscheiden, erhalten Sie eine komplexe Dienstleistung inklusive theoretische und praktische Vorbereitung, die sichere Nutzung der Ger\u00e4te lassen. <\/p>","protected":false},"excerpt":{"rendered":"<p>Die wichtigsten Anordnungen und Verbote bei Arbeit mit Arbeitsb\u00fchnen Mitarbeiter, die willig sind UDT-Berechtigungen zur Arbeit mit Arbeitsb\u00fchnen verschiedener Arten zu erwerben, sind verpflichtet, komplexe theoretische Vorbereitung durchzunehmen, die Grunds\u00e4tze der Sicherheit voraussetzt. Bevor das Ger\u00e4t benutzt wird: alle t\u00e4glichen Checkt\u00e4tigkeiten bez. Zustands des Ger\u00e4tes sollten durchgef\u00fchrt werden defekte oder mangelhafte Ger\u00e4te d\u00fcrfen nicht benutzt werden Ger\u00e4te unter denen die Ebene nicht angeeignet ist d\u00fcrfen nicht betrieben werden Bevor das Ger\u00e4t in Gang gesetzt wird: die Ebene soll in Hinsicht auf Defekte und Hindernisse nachgepr\u00fcft werden die Ebene soll in Hinsicht auf Defekte und Hindernisse nachgepr\u00fcft werden Steuerung des Ger\u00e4tes: Raum vor und \u00fcber dem Ger\u00e4t in seiner Bewegungsrichtung soll st\u00e4ndig nachgepr\u00fcft werden Arbeitsb\u00fchne soll mit entsprechender Geschwindigkeit gesteuert werden das Ger\u00e4t soll gesteuert werden, um die Hindernisse zu umfahren \u00fcber die Absperrung des Ger\u00e4tes soll nicht hinausgelehnt werden keine Gegenst\u00e4nde sollten auf dem Bestandteil gelegt werden am Bestendteil soll nicht aufgest\u00fctzt werden Mobiltelefone d\u00fcrfen nicht benutzt werden Stellen des Ger\u00e4tes in entsprechender Position: die H\u00f6he des Ger\u00e4tes soll horizontal eingestellt werden die H\u00f6he des Ger\u00e4tes soll horizontal eingestellt werden die Ebene soll in Hinsicht auf Defekte und Absenkung nachgepr\u00fcft werden Benutzung des Ger\u00e4tes: Arbeitsb\u00fchnen sollten nicht von inkompetenten Personen benutzt werden die das Ger\u00e4t bedienende Person sollte mit jeweiliger Art des Ger\u00e4tes vertraut sein die bedienende Person sollte des Risikos der Benutzung des Ger\u00e4tes und Arbeitsgrunds\u00e4tzen bewusst sein Rettung: falls mit Rettungst\u00e4tigkeiten nicht vertraut sein sollte und die zust\u00e4ndige Person bez. Rettungst\u00e4tigkeiten sich in jeweiliger Stelle nicht befindet, soll auf Benutzung des Ger\u00e4tes verzichtet [&hellip;]<\/p>\n","protected":false},"author":1,"featured_media":0,"parent":1899,"menu_order":0,"comment_status":"closed","ping_status":"closed","template":"","meta":{"sfsi_plus_gutenberg_text_before_share":"","sfsi_plus_gutenberg_show_text_before_share":"","sfsi_plus_gutenberg_icon_type":"","sfsi_plus_gutenberg_icon_alignemt":"","sfsi_plus_gutenburg_max_per_row":"","footnotes":""},"class_list":["post-1904","page","type-page","status-publish","hentry","has_thumb"],"aioseo_notices":[],"_links":{"self":[{"href":"https:\/\/kursy-udt.pl\/en\/wp-json\/wp\/v2\/pages\/1904","targetHints":{"allow":["GET"]}}],"collection":[{"href":"https:\/\/kursy-udt.pl\/en\/wp-json\/wp\/v2\/pages"}],"about":[{"href":"https:\/\/kursy-udt.pl\/en\/wp-json\/wp\/v2\/types\/page"}],"author":[{"embeddable":true,"href":"https:\/\/kursy-udt.pl\/en\/wp-json\/wp\/v2\/users\/1"}],"replies":[{"embeddable":true,"href":"https:\/\/kursy-udt.pl\/en\/wp-json\/wp\/v2\/comments?post=1904"}],"version-history":[{"count":2,"href":"https:\/\/kursy-udt.pl\/en\/wp-json\/wp\/v2\/pages\/1904\/revisions"}],"predecessor-version":[{"id":2035,"href":"https:\/\/kursy-udt.pl\/en\/wp-json\/wp\/v2\/pages\/1904\/revisions\/2035"}],"up":[{"embeddable":true,"href":"https:\/\/kursy-udt.pl\/en\/wp-json\/wp\/v2\/pages\/1899"}],"wp:attachment":[{"href":"https:\/\/kursy-udt.pl\/en\/wp-json\/wp\/v2\/media?parent=1904"}],"curies":[{"name":"wp","href":"https:\/\/api.w.org\/{rel}","templated":true}]}}