{"id":1882,"date":"2016-03-07T20:43:54","date_gmt":"2016-03-07T20:43:54","guid":{"rendered":"http:\/\/kursy-udt.pl\/?page_id=1882"},"modified":"2016-03-11T08:25:56","modified_gmt":"2016-03-11T08:25:56","slug":"preise","status":"publish","type":"page","link":"https:\/\/kursy-udt.de\/en\/preise\/","title":{"rendered":"Preise"},"content":{"rendered":"<div class=\"wyjustuj\">\n<table border=\"1\" cellspacing=\"0\" cellpadding=\"7\">\n<tbody>\n<tr>\n<td rowspan=\"2\" bgcolor=\"#c6d9f1\">\n<p align=\"CENTER\"><b>Kursbezeichnung - Seminarbezeichnung<\/b><br \/>\nAngebot umfasst Kosten der Bewerbungspr\u00fcfung vor Kommission UDT (Technische Aufsichtsbeh\u00f6rde) - PLN 152.00 gross ohne MwSt.<\/p>\n<\/td>\n<td colspan=\"4\" valign=\"TOP\" bgcolor=\"#c6d9f1\">\n<p align=\"CENTER\"><b>Preis ist von Anzahl der Kursteilnehmer bedingt<br \/>\n<\/b>Alle Preise sind gross ohne MwSt.<\/p>\n<\/td>\n<\/tr>\n<tr>\n<td bgcolor=\"#c6d9f1\">\n<p align=\"CENTER\"><span style=\"color: #c0504d;\"><b>1-2 Personen<\/b><\/span><\/p>\n<\/td>\n<td bgcolor=\"#c6d9f1\">\n<p align=\"CENTER\"><span style=\"color: #c0504d;\"><b>3-5 Personen<\/b><\/span><\/p>\n<\/td>\n<td bgcolor=\"#c6d9f1\">\n<p align=\"CENTER\"><span style=\"color: #c0504d;\"><b>6-10 Personen<\/b><\/span><\/p>\n<\/td>\n<td bgcolor=\"#c6d9f1\">\n<p align=\"CENTER\"><span style=\"color: #c0504d;\"><b>11-15 Personen<\/b><\/span><\/p>\n<\/td>\n<\/tr>\n<tr>\n<td bgcolor=\"#fde9d9\"><span style=\"text-decoration: underline;\">Course im Bereich der Gabelstapler mit Wechsel der LPG Gasflasche <\/span>- Angle. IIWJO<\/td>\n<td bgcolor=\"#fde9d9\">\n<p align=\"CENTER\">PLN 752<\/p>\n<\/td>\n<td bgcolor=\"#fde9d9\">\n<p align=\"CENTER\">PLN 652<\/p>\n<\/td>\n<td bgcolor=\"#fde9d9\">\n<p align=\"CENTER\">PLN 602<\/p>\n<\/td>\n<td bgcolor=\"#fde9d9\">\n<p align=\"CENTER\">PLN 552<\/p>\n<\/td>\n<\/tr>\n<tr>\n<td><span style=\"text-decoration: underline;\">Course im Bereich der spezialisierten Gabelstapler <\/span>- Gabelstapler mit Hubkabine - Cat. IWJO<\/td>\n<td>\n<p align=\"CENTER\">PLN 952<\/p>\n<\/td>\n<td>\n<p align=\"CENTER\">PLN 902<\/p>\n<\/td>\n<td>\n<p align=\"CENTER\">PLN 852<\/p>\n<\/td>\n<td>\n<p align=\"CENTER\">PLN 802<\/p>\n<\/td>\n<\/tr>\n<tr>\n<td bgcolor=\"#fde9d9\"><span style=\"text-decoration: underline;\">Course im Bereich der Teleskoplader <\/span> - Berechtigungen Teleskopladerfahrer (spezialisierte Stapler mit regulierbarer Ausladung) - Cat. IWJO<\/td>\n<td bgcolor=\"#fde9d9\">\n<p align=\"CENTER\">PLN 1152<\/p>\n<\/td>\n<td bgcolor=\"#fde9d9\">\n<p align=\"CENTER\">PLN 1102<\/p>\n<\/td>\n<td bgcolor=\"#fde9d9\">\n<p align=\"CENTER\">PLN 1052<\/p>\n<\/td>\n<td bgcolor=\"#fde9d9\">\n<p align=\"CENTER\">PLN 1002<\/p>\n<\/td>\n<\/tr>\n<tr>\n<td><span style=\"text-decoration: underline;\">Bereich der Arbeitsb\u00fchnen course <\/span> - fahrbare, langsamlaufende: Scheren-, Gelenk-, Teleskop-, und transportable Arbeitsb\u00fchnen- Kat IP<\/td>\n<td>\n<p align=\"CENTER\">PLN 802<\/p>\n<\/td>\n<td>\n<p align=\"CENTER\">PLN 752<\/p>\n<\/td>\n<td>\n<p align=\"CENTER\">PLN 702<\/p>\n<\/td>\n<td>\n<p align=\"CENTER\">PLN 652<\/p>\n<\/td>\n<\/tr>\n<tr>\n<td bgcolor=\"#fde9d9\"><span style=\"text-decoration: underline;\">Course im Bereich der Hubarbeitsb\u00fchnen <\/span> - Bedienung der Arbeitsb\u00fchnen, eingebaut auf Fahrzeugen - Cat. IP<\/td>\n<td bgcolor=\"#fde9d9\">\n<p align=\"CENTER\">PLN 952<\/p>\n<\/td>\n<td bgcolor=\"#fde9d9\">\n<p align=\"CENTER\">PLN 902<\/p>\n<\/td>\n<td bgcolor=\"#fde9d9\">\n<p align=\"CENTER\">PLN 852<\/p>\n<\/td>\n<td bgcolor=\"#fde9d9\">\n<p align=\"CENTER\">PLN 802<\/p>\n<\/td>\n<\/tr>\n<tr>\n<td><span style=\"text-decoration: underline;\">The Bereich der H\u00e4nge-, Mast-, und Scherenarbeitsb\u00fchnen course <\/span> - ohne Produktionsstra\u00dfe - Cat. IIP<\/td>\n<td>\n<p align=\"CENTER\">PLN 952<\/p>\n<\/td>\n<td>\n<p align=\"CENTER\">PLN 852<\/p>\n<\/td>\n<td>\n<p align=\"CENTER\">PLN 752<\/p>\n<\/td>\n<td>\n<p align=\"CENTER\">PLN 702<\/p>\n<\/td>\n<\/tr>\n<tr>\n<td bgcolor=\"#fde9d9\"><span style=\"text-decoration: underline;\">Course im Bereich der HDS Kranf\u00fchrer (Trakker mit eingebautem Kran <\/span> - Bedienung der tragbaren und fahrbaren Kr\u00e4ne, eingebaut auf dem Trakker - Cat. II\u017b<\/td>\n<td bgcolor=\"#fde9d9\">\n<p align=\"CENTER\">PLN 952<\/p>\n<\/td>\n<td bgcolor=\"#fde9d9\">\n<p align=\"CENTER\">PLN 852<\/p>\n<\/td>\n<td bgcolor=\"#fde9d9\">\n<p align=\"CENTER\">PLN 802<\/p>\n<\/td>\n<td bgcolor=\"#fde9d9\">\n<p align=\"CENTER\">PLN 752<\/p>\n<\/td>\n<\/tr>\n<tr>\n<td><span style=\"text-decoration: underline;\">The Bereich der Laufkr\u00e4ne und Habezeuge course <\/span> - gesteuert von Arbeitsebene - Cat. IIS<\/td>\n<td>\n<p align=\"CENTER\">PLN 752<\/p>\n<\/td>\n<td>\n<p align=\"CENTER\">PLN 702<\/p>\n<\/td>\n<td>\n<p align=\"CENTER\">PLN 652<\/p>\n<\/td>\n<td>\n<p align=\"CENTER\">PLN 602<\/p>\n<\/td>\n<\/tr>\n<tr>\n<td bgcolor=\"#fde9d9\"><span style=\"text-decoration: underline;\">Bereich der Hebezeuge und Winden course <\/span> - Berechtigungen f\u00fcr Hebezeug-, und Windef\u00fchrer, gesteuert von Arbeitsebene, kabellos Cat. IIW<\/td>\n<td bgcolor=\"#fde9d9\">\n<p align=\"CENTER\">PLN 702<\/p>\n<\/td>\n<td bgcolor=\"#fde9d9\">\n<p align=\"CENTER\">PLN 652<\/p>\n<\/td>\n<td bgcolor=\"#fde9d9\">\n<p align=\"CENTER\">PLN 602<\/p>\n<\/td>\n<td bgcolor=\"#fde9d9\">\n<p align=\"CENTER\">PLN 552<\/p>\n<\/td>\n<\/tr>\n<tr>\n<td><span style=\"text-decoration: underline;\">Course im Bereich der Station\u00e4rkr\u00e4ne <\/span> - Berechtigungen f\u00fcr Bedienenden der Station\u00e4rkr\u00e4ne - Werkstattkran Cat. II\u017b<\/td>\n<td>\n<p align=\"CENTER\">PLN 702<\/p>\n<\/td>\n<td>\n<p align=\"CENTER\">PLN 602<\/p>\n<\/td>\n<td>\n<p align=\"CENTER\">PLN 552<\/p>\n<\/td>\n<td>\n<p align=\"CENTER\">PLN 502<\/p>\n<\/td>\n<\/tr>\n<tr>\n<td bgcolor=\"#fde9d9\"><span style=\"text-decoration: underline;\">Course im Bereich der Lasten-, und Personenaufz\u00fcge<\/span> - Bedienung der G\u00fcteraufz\u00fcge mit Innensteuerung, Krankenhaus-, Bauaufz\u00fcge, Pr\u00fcfung vor UDT - (Technische Aufsichtsbeh\u00f6rde) Berechtigungen ID und IID.<\/td>\n<td bgcolor=\"#fde9d9\">\n<p align=\"CENTER\">PLN 702<\/p>\n<\/td>\n<td bgcolor=\"#fde9d9\">\n<p align=\"CENTER\">PLN 652<\/p>\n<\/td>\n<td bgcolor=\"#fde9d9\">\n<p align=\"CENTER\">PLN 602<\/p>\n<\/td>\n<td bgcolor=\"#fde9d9\">\n<p align=\"CENTER\">PLN 552<\/p>\n<\/td>\n<\/tr>\n<tr>\n<td><span style=\"text-decoration: underline;\">Course im Bereich der Selbstfahrkr\u00e4ne <\/span> - Bedienung der Selbstfahrkr\u00e4ne, eingebaut auf dem Auto<\/td>\n<td>\n<p align=\"CENTER\">PLN 3352<\/p>\n<\/td>\n<td>\n<p align=\"CENTER\">PLN 3252<\/p>\n<\/td>\n<td>\n<p align=\"CENTER\">PLN 3152<\/p>\n<\/td>\n<td>\n<p align=\"CENTER\">PLN 3052<\/p>\n<\/td>\n<\/tr>\n<tr>\n<td bgcolor=\"#fde9d9\"><span style=\"text-decoration: underline;\">Course im Bereich der klappbaren Turmdrehkr\u00e4ne<\/span> - I\u017b-Berechtigungen f\u00fcr Kranf\u00fchrer - gesteuert von Arbeitsebene, kabellos <\/td>\n<td bgcolor=\"#fde9d9\">\n<p align=\"CENTER\">PLN 2252<\/p>\n<\/td>\n<td bgcolor=\"#fde9d9\">\n<p align=\"CENTER\">PLN 2152<\/p>\n<\/td>\n<td bgcolor=\"#fde9d9\">\n<p align=\"CENTER\">PLN 2052<\/p>\n<\/td>\n<td bgcolor=\"#fde9d9\">\n<p align=\"CENTER\">PLN 1952<\/p>\n<\/td>\n<\/tr>\n<tr>\n<td><span style=\"text-decoration: underline;\">Bereich der Turmdrehkr\u00e4ne course <\/span> - I\u017b-Berechtigungen f\u00fcr Turm-, Baukranf\u00fchrer, jeder Typ (Versicherungskosten beim praktischen Teil inclusive) <\/td>\n<td>\n<p align=\"CENTER\">PLN 6852<\/p>\n<\/td>\n<td>\n<p align=\"CENTER\">PLN 4852<\/p>\n<\/td>\n<td>\n<p align=\"CENTER\">PLN 4252<\/p>\n<\/td>\n<td>\n<p align=\"CENTER\">PLN 3752<\/p>\n<\/td>\n<\/tr>\n<tr>\n<td bgcolor=\"#fde9d9\"><span style=\"text-decoration: underline;\">The Bereich des Wartungspersonals course <\/span> - UDT-Berechtigungen zur Wartung, Renovierungen und Service des innerbetrieblichen Transports, unterstellt dem Technischen Aufsichtsbeh\u00f6rde zB: Gabelstapler, Kr\u00e4ne, Laufkr\u00e4ne, Arbeitsb\u00fchnen us<\/td>\n<td bgcolor=\"#fde9d9\">\n<p align=\"CENTER\">PLN 2152<\/p>\n<\/td>\n<td bgcolor=\"#fde9d9\">\n<p align=\"CENTER\">PLN 1852<\/p>\n<\/td>\n<td bgcolor=\"#fde9d9\">\n<p align=\"CENTER\">PLN 1552<\/p>\n<\/td>\n<td bgcolor=\"#fde9d9\">\n<p align=\"CENTER\">PLN 1252<\/p>\n<\/td>\n<\/tr>\n<tr>\n<td colspan=\"5\" bgcolor=\"#c6d9f1\">\n<p align=\"CENTER\"><span style=\"font-size: small;\"><span style=\"font-weight: normal;\">Die oben angef\u00fchrte Preisliste ist kein Angebot im Sinne des B\u00fcrgerlichen Gesetzbuches, denn jede Kosten des Kurses k\u00f6nnen individuell verhandelt werden.  <\/span><\/span><\/p>\n<\/td>\n<\/tr>\n<\/tbody>\n<\/table>\n<\/div>","protected":false},"excerpt":{"rendered":"<p>Kursbezeichnung \u2013 Seminarbezeichnung Angebot umfasst Kosten der Bewerbungspr\u00fcfung vor Kommission UDT (Technische Aufsichtsbeh\u00f6rde) \u2013 152,00 z\u0142 brutto ohne MwSt. Preis ist von Anzahl der Kursteilnehmer bedingt Alle Preise sind brutto ohne MwSt. 1-2 Personen 3-5 Personen 6-10 Personen 11-15 Personen Kurs im Bereich der Gabelstapler mit Wechsel der LPG Gasflasche &#8211; Kat. IIWJO 752 z\u0142 652 z\u0142 602 z\u0142 552 z\u0142 Kurs im Bereich der spezialisierten Gabelstapler \u2013 Gabelstapler mit Hubkabine \u2013 Kat. IWJO 952 z\u0142 902 z\u0142 852 z\u0142 802 z\u0142 Kurs im Bereich der Teleskoplader \u2013 Berechtigungen Teleskopladerfahrer (spezialisierte Stapler mit regulierbarer Ausladung) \u2013 Kat. IWJO 1152 z\u0142 1102 z\u0142 1052 z\u0142 1002 z\u0142 Kurs im Bereich der Arbeitsb\u00fchnen &#8211; fahrbare, langsamlaufende: Scheren-, Gelenk-, Teleskop-, und transportable Arbeitsb\u00fchnen- Kat IP 802 z\u0142 752 z\u0142 702 z\u0142 652 z\u0142 Kurs im Bereich der Hubarbeitsb\u00fchnen &#8211; Bedienung der Arbeitsb\u00fchnen, eingebaut auf Fahrzeugen \u2013 Kat. IP 952 z\u0142 902 z\u0142 852 z\u0142 802 z\u0142 Kurs im Bereich der H\u00e4nge-, Mast-, und Scherenarbeitsb\u00fchnen \u2013 ohne Produktionsstra\u00dfe \u2013 Kat. IIP 952 z\u0142 852 z\u0142 752 z\u0142 702 z\u0142 Kurs im Bereich der HDS Kranf\u00fchrer (Trakker mit eingebautem Kran &#8211; Bedienung der tragbaren und fahrbaren Kr\u00e4ne, eingebaut auf dem Trakker \u2013 Kat. II\u017b 952 z\u0142 852 z\u0142 802 z\u0142 752 z\u0142 Kurs im Bereich der Laufkr\u00e4ne und Habezeuge &#8211; gesteuert von Arbeitsebene &#8211; Kat. IIS 752 z\u0142 702 z\u0142 652 z\u0142 602 z\u0142 Kurs im Bereich der Hebezeuge und Winden &#8211; Berechtigungen f\u00fcr Hebezeug-, und Windef\u00fchrer, gesteuert von Arbeitsebene, kabellos Kat. IIW 702 z\u0142 652 z\u0142 602 z\u0142 552 [&hellip;]<\/p>\n","protected":false},"author":1,"featured_media":0,"parent":0,"menu_order":2,"comment_status":"closed","ping_status":"closed","template":"","meta":{"sfsi_plus_gutenberg_text_before_share":"","sfsi_plus_gutenberg_show_text_before_share":"","sfsi_plus_gutenberg_icon_type":"","sfsi_plus_gutenberg_icon_alignemt":"","sfsi_plus_gutenburg_max_per_row":"","footnotes":""},"class_list":["post-1882","page","type-page","status-publish","hentry","has_no_thumb"],"aioseo_notices":[],"_links":{"self":[{"href":"https:\/\/kursy-udt.pl\/en\/wp-json\/wp\/v2\/pages\/1882","targetHints":{"allow":["GET"]}}],"collection":[{"href":"https:\/\/kursy-udt.pl\/en\/wp-json\/wp\/v2\/pages"}],"about":[{"href":"https:\/\/kursy-udt.pl\/en\/wp-json\/wp\/v2\/types\/page"}],"author":[{"embeddable":true,"href":"https:\/\/kursy-udt.pl\/en\/wp-json\/wp\/v2\/users\/1"}],"replies":[{"embeddable":true,"href":"https:\/\/kursy-udt.pl\/en\/wp-json\/wp\/v2\/comments?post=1882"}],"version-history":[{"count":4,"href":"https:\/\/kursy-udt.pl\/en\/wp-json\/wp\/v2\/pages\/1882\/revisions"}],"predecessor-version":[{"id":2094,"href":"https:\/\/kursy-udt.pl\/en\/wp-json\/wp\/v2\/pages\/1882\/revisions\/2094"}],"wp:attachment":[{"href":"https:\/\/kursy-udt.pl\/en\/wp-json\/wp\/v2\/media?parent=1882"}],"curies":[{"name":"wp","href":"https:\/\/api.w.org\/{rel}","templated":true}]}}