{"id":1714,"date":"2016-01-23T14:46:03","date_gmt":"2016-01-23T14:46:03","guid":{"rendered":"http:\/\/kursy-udt.pl\/?page_id=1714"},"modified":"2017-12-04T10:45:51","modified_gmt":"2017-12-04T10:45:51","slug":"contact-3","status":"publish","type":"page","link":"https:\/\/kursy-udt.eu\/en\/contact\/","title":{"rendered":"Contact"},"content":{"rendered":"<div class=\"wyjustuj\" style=\"margin-bottom:20px;\">In case of questions and doubts, please write on our e-mail or phone us- our workers will explain all intricacies and they will present you details of the offer with prices. For bigger groups, we will need attractive discounts. We invite you to benefit from our training, advisory, implementation and audit services.<\/div>\n<h3>The headquarters:<\/h3>\n<div style=\"float:right; margin-right:20px; width:65%; margin-top:-1%; font-size:80%; color:red;\"><span style=\"font-weight:bold; text-decoration:underline;\">Transport tips: The headquarters of ODK (the Centre for Staff Training) Ergon is located in the shopping department Gawra shopping centre on the first floor place 47 (backdoor, second staircase). To find the way to us without problems, enter the address 1, Hermana Street intoyour navigation system and you will go behind Gawra shopping centre, there is a car park. You are invited!<\/div>\n<p>58C Warszawska Street place 47<br \/>\n02-496 Warsaw<br \/>\ntel. +48 22 290 29 09<br \/>\n<script type=\"text\/javascript\">var srodek=\"o@k\"; document.write(\"biur\"); document.write(srodek+\"u\"); document.write(\"rsy-\"); document.write(\"udt.\"); document.write(\"pl\");<\/script><\/p>\n<h3>Local departments:<\/h3>\n<div style=\"float:left; margin-right:20px; width:210px;\">\n<div style=\"font-weight:bold;\">Bialystok department<\/div>\n<p>9, New World Street<br \/>\n15-453 Bia\u0142ystok<\/p><\/div>\n<div style=\"float:left; margin-right:20px; width:210px;\">\n<div style=\"font-weight:bold;\">Bielsko Bia\u0142a department<\/div>\n<p>Obro\u0144c\u00f3w W\u0119gierskiej G\u00f3rki Street<br \/>\n34-350 Wegierska G\u00f3rka<\/p><\/div>\n<div style=\"float:left; margin-right:20px; width:210px;\">\n<div style=\"font-weight:bold;\">Bydgoszcz department<\/div>\n<p>13, Old Port Street<br \/>\n85-068 Bydgoszcz<\/p><\/div>\n<div style=\"clear:both;\">\n<div style=\"float:left; margin-right:20px; width:210px;\">\n<div style=\"font-weight:bold;\">Gdansk department<\/div>\n<p>45, Ko\u0142obrzeska Street<br \/>\n80-391 Gda\u0144sk<\/p><\/div>\n<div style=\"float:left; margin-right:20px; width:210px;\">\n<div style=\"font-weight:bold;\">Gdynia department<\/div>\n<p>7, Grain Street<br \/>\n81-020 Gdynia<\/p><\/div>\n<div style=\"float:left; margin-right:20px; width:210px;\">\n<div style=\"font-weight:bold;\">Katowice (Silesia) department<\/div>\n<p>51, Kievska Street<br \/>\n40-754 Katowice<\/p><\/div>\n<\/div>\n<div style=\"clear:both;\">\n<div style=\"float:left; margin-right:20px; width:210px;\">\n<div style=\"font-weight:bold;\">Cracow department (Ma\u0142opolska)<\/div>\n<p>9, Lepkowskiego Street flat no. 23<br \/>\n31-423 Krakow<br \/>\ntel. +48 12 626 67 09<\/p><\/div>\n<div style=\"float:left; margin-right:20px; width:210px;\">\n<div style=\"font-weight:bold;\">Lublin department<\/div>\n<p>10, Nieca\u0142a Street<br \/>\n20-080 Lublin<\/p><\/div>\n<div style=\"float:left; margin-right:20px; width:210px;\">\n<div style=\"font-weight:bold;\">\u0141\u00f3d\u017a department<\/div>\n<p>121, Piotrowska Street<br \/>\n62-061 Lodz<\/p><\/div>\n<\/div>\n<div style=\"clear:both;\">\n<div style=\"float:left; margin-right:20px; width:210px;\">\n<div style=\"font-weight:bold;\">Pozna\u0144 department<\/div>\n<p>20, Sienkiewicza Street<br \/>\n60-818 Pozna\u0144<\/p><\/div>\n<div style=\"float:left; margin-right:20px; width:210px;\">\n<div style=\"font-weight:bold;\">Szczecin department<\/div>\n<p>71, R\u00fcgenska Street<br \/>\n71-653 Szczecin<\/p><\/div>\n<div style=\"float:left; margin-right:20px; width:210px;\">\n<div style=\"font-weight:bold;\">Wroc\u0142aw department<\/div>\n<p>32, Partynicka Street<br \/>\n53-031 Wroclaw<\/p><\/div>\n<\/div>\n<div style=\"clear:both;\">\n<div style=\"margin-top:50px; font-weight:bold;\">See how to get to us!<\/div>\n<p><iframe loading=\"lazy\" frameborder=\"0\" height=\"700\" width=\"600\" marginheight=\"0\" marginwidth=\"0\" scrolling=\"no\" src=\"https:\/\/maps.google.pl\/maps?ie=UTF8&#038;cid=1316822299054705781&#038;q=Zak%C5%82ad+Doradztwa+Bezpiecze%C5%84stwa+Pracy+ERGON+-+O%C5%9Brodek+Doskonalenia+Kadr&#038;gl=PL&#038;hl=pl&#038;t=m&#038;ll=52.195416,20.864003&#038;spn=0.004604,0.010192&#038;z=16&#038;iwloc=A&#038;output=embed\"><\/iframe>\n<\/div>","protected":false},"excerpt":{"rendered":"<p>In case of questions and doubts, please write on our e-mail or phone us- our workers will explain all intricacies and they will present you details of the offer with prices. For bigger groups, we will need attractive discounts. We invite you to benefit from our training, advisory, implementation and audit services. The headquarters: Transport tips: The headquarters of ODK (the Center for Staff Training) Ergon is located in the shopping department Gawra shopping center on the first floor place 47 (backdoor, second staircase). To find the way to us without problems, enter the address 1, Hermana Street intoyour navigation system and you will go behind Gawra shopping center, there is a parking. You are invited! 58C Warszawska Street place 47 02-496 Warszawa tel. +48 22 290 29 09 Local departments: Bia\u0142ystok department 9, Nowy \u015bwiat Street 15-453 Bia\u0142ystok Bielsko Bia\u0142a department Obro\u0144c\u00f3w W\u0119gierskiej G\u00f3rki Street 34-350 Wegierska G\u00f3rka Bydgoszcz department 13, Stary Port Street 85-068 Bydgoszcz Gda\u0144sk department 45, Ko\u0142obrzeska Street 80-391 Gda\u0144sk Gdynia department 7, Zbo\u017cowa Street 81-020 Gdynia Katowice (Silesia) department 51, Kijowska Street 40-754 Katowice Cracow department (Ma\u0142opolska) 9, Lepkowskiego Street flat no. 23 31-423 Krak\u00f3w tel. +48 12 626 67 09 Lublin department 10, Nieca\u0142a Street 20-080 Lublin \u0141\u00f3d\u017a department 121, Piotrowska Street 62-061 \u0141\u00f3d\u017a Pozna\u0144 department 20, Sienkiewicza Street 60-818 Pozna\u0144 Szczecin department 71, Rugia\u0144ska Street 71 -653 Szczecin Wroc\u0142aw department 32, Partynicka Street 53-031 Wroc\u0142aw See how to get to us!<\/p>","protected":false},"author":1,"featured_media":0,"parent":0,"menu_order":5,"comment_status":"closed","ping_status":"closed","template":"","meta":{"sfsi_plus_gutenberg_text_before_share":"","sfsi_plus_gutenberg_show_text_before_share":"","sfsi_plus_gutenberg_icon_type":"","sfsi_plus_gutenberg_icon_alignemt":"","sfsi_plus_gutenburg_max_per_row":"","footnotes":""},"class_list":["post-1714","page","type-page","status-publish","hentry","has_no_thumb"],"aioseo_notices":[],"_links":{"self":[{"href":"https:\/\/kursy-udt.pl\/en\/wp-json\/wp\/v2\/pages\/1714","targetHints":{"allow":["GET"]}}],"collection":[{"href":"https:\/\/kursy-udt.pl\/en\/wp-json\/wp\/v2\/pages"}],"about":[{"href":"https:\/\/kursy-udt.pl\/en\/wp-json\/wp\/v2\/types\/page"}],"author":[{"embeddable":true,"href":"https:\/\/kursy-udt.pl\/en\/wp-json\/wp\/v2\/users\/1"}],"replies":[{"embeddable":true,"href":"https:\/\/kursy-udt.pl\/en\/wp-json\/wp\/v2\/comments?post=1714"}],"version-history":[{"count":6,"href":"https:\/\/kursy-udt.pl\/en\/wp-json\/wp\/v2\/pages\/1714\/revisions"}],"predecessor-version":[{"id":2410,"href":"https:\/\/kursy-udt.pl\/en\/wp-json\/wp\/v2\/pages\/1714\/revisions\/2410"}],"wp:attachment":[{"href":"https:\/\/kursy-udt.pl\/en\/wp-json\/wp\/v2\/media?parent=1714"}],"curies":[{"name":"wp","href":"https:\/\/api.w.org\/{rel}","templated":true}]}}