{"id":17,"date":"2014-02-07T21:14:12","date_gmt":"2014-02-07T21:14:12","guid":{"rendered":"http:\/\/kursy-udt.kwiaty0.pl\/?page_id=17"},"modified":"2025-06-04T12:04:52","modified_gmt":"2025-06-04T10:04:52","slug":"forklifts","status":"publish","type":"page","link":"https:\/\/kursy-udt.pl\/en\/szkolenia\/wozkiwidlowe\/","title":{"rendered":"Courses for forklifts"},"content":{"rendered":"<p><img loading=\"lazy\" decoding=\"async\" class=\"paddingleft10 alignleft wp-image-3573 size-medium\" src=\"https:\/\/kursy-udt.pl\/wp-content\/uploads\/2021\/11\/wozek_widlowy-300x200.jpg\" alt=\"\" width=\"300\" height=\"200\" srcset=\"https:\/\/kursy-udt.pl\/wp-content\/uploads\/2021\/11\/wozek_widlowy-300x200.jpg 300w, https:\/\/kursy-udt.pl\/wp-content\/uploads\/2021\/11\/wozek_widlowy.jpg 611w\" sizes=\"auto, (max-width: 300px) 100vw, 300px\" \/>The ERGON Centre for Staff Training has prepared a wide range of training courses for you - we also invite you to take a forklift truck course (Warsaw and the whole of Poland), including a forklift operator course thanks to which you can learn all the most important information about operating these devices. Our forklift courses are taught by experienced lecturers and instructors, and thanks to our emphasis on results, obtaining the licence of the UDT will be just a formality with us. Forklifts are currently used in many jobs, courses for this reason are a very good investment that pays off quickly for both the employee and the employer. You are also welcome to attend our forklift training courses if you would like to learn more on your own.<\/p>\n<div class=\"wyjustuj\">\n<p>Each forklift training course conducted by our Centre is comprehensive and consists of a theoretical and practical part. The course covers all theoretical issues related to the construction and operation of the device during works, as well as practical classes which teach the participants how to manoeuvre the forklift correctly in accordance with safety regulations and the Office of Technical Inspection. We comprehensively prepare the participants of our training courses to obtain their UDT licences.<\/p>\n<div class=\"filmw\">\n<div class=\"responsive-youtube\" style=\"text-align: center;\"><iframe loading=\"lazy\" title=\"YouTube video player\" src=\"https:\/\/www.youtube.com\/embed\/dFMZUadVVBM\" width=\"560\" height=\"315\" frameborder=\"0\" allowfullscreen=\"allowfullscreen\"><\/iframe><\/div>\n<\/div>\n<h2 class=\"naglowekh2\">Types of permissions<\/h2>\n<p>According to the UDT regulations, there are 3 categories of authorizations for the operation of forklift trucks:<\/p>\n<p><u>I WJO for forklift trucks, including specialized ones: with an operator lifted with a load and with a variable outreach<\/u><br \/>\n<img decoding=\"async\" style=\"float: left; margin-right: 20px;\" src=\"\/wp-content\/uploads\/2014\/03\/wozki-jezdniowe-podnosnikowe-1.jpeg\" alt=\"forklift trucks\" \/><img decoding=\"async\" style=\"float: left; margin-right: 20px;\" src=\"\/wp-content\/uploads\/2014\/03\/wozek-widlowy-p1.jpeg\" alt=\"I WJO for forklift trucks\" \/><img decoding=\"async\" src=\"\/wp-content\/uploads\/2014\/03\/wozki-widlowe-1.jpeg\" alt=\"telescopic loader - forklift with variable reach\" \/><\/p>\n<p><u>II WJO for forklift trucks (without specialized equipment)<\/u><br \/>\n<img decoding=\"async\" style=\"float: left; margin-right: 20px;\" src=\"\/wp-content\/uploads\/2014\/03\/wozek-widlowy-d1.jpeg\" alt=\"\" \/><img decoding=\"async\" style=\"float: left; margin-right: 20px;\" src=\"\/wp-content\/uploads\/2014\/03\/wozki-widlowe-4.jpeg\" alt=\"\" \/><img decoding=\"async\" src=\"\/wp-content\/uploads\/2014\/03\/wozek-widlowy-d2.jpeg\" alt=\"\" \/><\/p>\n<p><u>III WJO for guided and remote-controlled forklift trucks<\/u><br \/>\n<img decoding=\"async\" style=\"float: left; margin-right: 20px;\" src=\"\/wp-content\/uploads\/2014\/03\/wozek-widlowy-t1.jpeg\" alt=\"\" \/><img decoding=\"async\" style=\"float: left; margin-right: 20px;\" src=\"\/wp-content\/uploads\/2014\/03\/wozek-widlowy-t2.jpeg\" alt=\"\" \/><img decoding=\"async\" src=\"\/wp-content\/uploads\/2014\/03\/wozek-widlowy-t3.jpeg\" alt=\"\" \/><\/p>\n<h2 class=\"naglowekh2\">Application of devices<\/h2>\n<p>Forkbeards or too <span class=\"linkwartykule\">lorries are mechanical wheeled vehicles that are equipped with an electric motor drive or an internal combustion engine, thanks to which they can move over longer distances. The devices help to carry out light and heavy loading and unloading work on wooden pallets in warehouses, shops, ports and production halls. <\/span><\/p>\n<p>Many types of forklifts are in use. Due to their operation, they are divided into: tractor, loaded, lifting, lifting and special forklifts. In terms of steering, forklifts are classified into guided, platform, remote-controlled and equipped with seats. Controlling the movement of a wheelchair is similar to driving a car in that the device has a steering wheel, brake and accelerator pedals. To operate the devices, you need forklift licenses granted in accordance with the regulations of the Office of Technical Inspection.<\/p>\n<div style=\"width: 640px;\" class=\"wp-video\"><video id=\"video-17-1\" width=\"640\" height=\"360\" poster=\"https:\/\/kursy-udt.pl\/wp-content\/uploads\/2023\/02\/jpg_20230127_031138_0000.jpg\" preload=\"metadata\" controls=\"controls\"><source type=\"video\/mp4\" src=\"https:\/\/kursy-udt.pl\/wp-content\/uploads\/2023\/02\/ACCEPTED-wozki-widlowe-4K-kursy-udt.mp4?_=1\" \/><a href=\"https:\/\/kursy-udt.pl\/wp-content\/uploads\/2023\/02\/ACCEPTED-wozki-widlowe-4K-kursy-udt.mp4\">https:\/\/kursy-udt.pl\/wp-content\/uploads\/2023\/02\/ACCEPTED-wozki-widlowe-4K-kursy-udt.mp4<\/a><\/video><\/div>\n<h2 class=\"naglowekh2\">Forklift training - the purpose of the training<\/h2>\n<p>Training for forklift trucks is intended for people who have reached the age of 18, have at least basic education and have undergone medical examinations and have received a certificate of no contraindications to the profession of a forklift operator.<\/p>\n<p>Through training, the necessary knowledge and skills can be acquired to take the exam. These devices are being used in an increasing number of companies. Training in their use will therefore be a good investment. It is worth learning how to operate forklifts with the ERGON Centre - we will make it even easier for you to obtain your UDT qualifications!<\/p>\n<p>We invite you to familiarize yourself with our full offer!<br \/>\nODK Ergon Warsaw<\/p>\n<\/div>\n<div class=\"button_styl\" style=\"float: right; padding-left: 15px; padding-bottom: 8px; margin-bottom: 5px;\"><a class=\"myButton myButton_maly\" href=\"https:\/\/platformaedukacji.pl\/login\/signup.php\" target=\"_blank\" rel=\"nofollow noopener noreferrer\"><span style=\"color: white;\">Sign up for training<\/span><\/a><\/div>\n<div style=\"padding-top: 70px;\">\n<h2>More information:<\/h2>\n<div style=\"text-align: center; font-size: 85%; line-height: 120%;\">\n<div style=\"float: left; margin-right: 40px; height: 290px;\">\n<p><a href=\"\/en\/training\/forklifts\/control\/\"><img decoding=\"async\" src=\"\/wp-content\/uploads\/2014\/08\/ster.jpg\" alt=\"\" \/><\/a><\/p>\n<div style=\"width: 300px; font-size: 130%;\"><strong>Control<\/strong><br \/>\nCorrect control techniques<\/div>\n<\/div>\n<div style=\"float: left; margin-right: 40px; height: 290px;\">\n<p><a href=\"\/en\/training\/forklifts\/load-handling\/\"><img decoding=\"async\" src=\"\/wp-content\/uploads\/2014\/08\/oper.jpg\" alt=\"\" \/><\/a><\/p>\n<div style=\"width: 300px; font-size: 130%;\"><strong>Load handling<\/strong><br \/>\nHandling a loaded forklift<\/div>\n<\/div>\n<\/div>\n<div style=\"clear: both;\"><\/div>\n<div style=\"text-align: center; font-size: 85%; line-height: 120%;\">\n<div style=\"float: left; margin-right: 40px; height: 290px;\">\n<p><a href=\"\/en\/training\/forklifts\/security\/\"><img decoding=\"async\" src=\"\/wp-content\/uploads\/2014\/08\/bezp.jpg\" alt=\"\" \/><\/a><\/p>\n<div style=\"width: 300px; font-size: 130%;\"><strong>Security<\/strong><br \/>\nRules of safe operation<\/div>\n<\/div>\n<div style=\"float: left; margin-right: 40px; height: 290px;\">\n<p><a href=\"\/en\/training\/forklifts\/construction\/\"><img decoding=\"async\" src=\"\/wp-content\/uploads\/2014\/08\/bud.jpg\" alt=\"\" \/><\/a><\/p>\n<div style=\"width: 300px; font-size: 130%;\"><strong>Construction<\/strong><br \/>\nKnowledge base for construction<\/div>\n<\/div>\n<\/div>\n<div style=\"text-align: center; font-size: 85%; line-height: 120%;\">\n<div style=\"float: left; margin-right: 40px; height: 290px;\">\n<p><a href=\"\/en\/training\/forklifts\/\"><img decoding=\"async\" style=\"width: 300px; height: 225px;\" src=\"\/wp-content\/uploads\/2014\/03\/wozki-widlowe-4.jpeg\" alt=\"\" \/><\/a><\/p>\n<div style=\"width: 300px; font-size: 130%;\"><center><strong>Courses<\/strong><br \/>\non forklifts<\/center><\/div>\n<\/div>\n<\/div>\n<\/div>\n<p><a href=\"https:\/\/kursy-udt.pl\/wp-content\/uploads\/2022\/12\/wozki-widlowe-kursy-udt.pl_.png\"><img loading=\"lazy\" decoding=\"async\" class=\"aligncenter wp-image-4547\" src=\"https:\/\/kursy-udt.pl\/wp-content\/uploads\/2022\/12\/wozki-widlowe-kursy-udt.pl_-300x188.png\" alt=\"\" width=\"750\" height=\"469\" srcset=\"https:\/\/kursy-udt.pl\/wp-content\/uploads\/2022\/12\/wozki-widlowe-kursy-udt.pl_-300x188.png 300w, https:\/\/kursy-udt.pl\/wp-content\/uploads\/2022\/12\/wozki-widlowe-kursy-udt.pl_-1024x640.png 1024w, https:\/\/kursy-udt.pl\/wp-content\/uploads\/2022\/12\/wozki-widlowe-kursy-udt.pl_-768x480.png 768w, https:\/\/kursy-udt.pl\/wp-content\/uploads\/2022\/12\/wozki-widlowe-kursy-udt.pl_-18x12.png 18w, https:\/\/kursy-udt.pl\/wp-content\/uploads\/2022\/12\/wozki-widlowe-kursy-udt.pl_-624x390.png 624w, https:\/\/kursy-udt.pl\/wp-content\/uploads\/2022\/12\/wozki-widlowe-kursy-udt.pl_.png 1200w\" sizes=\"auto, (max-width: 750px) 100vw, 750px\" \/><\/a><\/p>","protected":false},"excerpt":{"rendered":"<p>O\u015brodek Doskonalenia Kadr ERGON\u00a0 przygotowa\u0142 dla Pa\u0144stwa szeroki wyb\u00f3r szkole\u0144 \u2013 zapraszamy tak\u017ce na kurs na w\u00f3zki wid\u0142owe (Warszawa i ca\u0142a Polska), w tym na kurs operatora w\u00f3zka wid\u0142owego dzi\u0119ki kt\u00f3remu mo\u017cna pozna\u0107 wszystkie najwa\u017cniejsze informacje na temat obs\u0142ugi tych urz\u0105dze\u0144. Nasze kursy na w\u00f3zki wid\u0142owe s\u0105 prowadzone przez do\u015bwiadczonych wyk\u0142adowc\u00f3w i instruktor\u00f3w, a dzi\u0119ki temu, \u017ce k\u0142adziemy nacisk na efekty, uzyskanie uprawnie\u0144 UDT b\u0119dzie z nami tylko formalno\u015bci\u0105. Aktualnie w wielu pracach stosowane s\u0105 w\u00f3zki wid\u0142owe, kursy z tego powodu s\u0105 bardzo dobr\u0105 inwestycj\u0105, kt\u00f3ra zwraca si\u0119 szybko zar\u00f3wno pracownikowi, jak i pracodawcy. Zapraszamy r\u00f3wnie\u017c na nasze szkolenia na widlaki osoby chc\u0105ce doszkoli\u0107 si\u0119 samodzielnie. Ka\u017cde szkolenie na w\u00f3zki wid\u0142owe prowadzone przez nasz O\u015brodek jest kompleksowe i sk\u0142ada si\u0119 z cz\u0119\u015bci teoretycznej i praktycznej. Podczas kursy poruszane s\u0105 wszystkie kwestie teoretyczne zwi\u0105zane z budow\u0105 oraz operowaniem urz\u0105dzeniem podczas prac, jak i prowadzone s\u0105 zaj\u0119cia praktyczne, kt\u00f3re ucz\u0105 uczestnik\u00f3w prawid\u0142owego manewrowania w\u00f3zkiem zgodnie z przepisami BHP oraz Urz\u0119du Dozoru Technicznego. Wszechstronnie przygotowujemy uczestnik\u00f3w naszych szkole\u0144 do zdobycia uprawnie\u0144 UDT. Rodzaje uprawnie\u0144 Zgodnie z przepisami UDT wyr\u00f3\u017cnia si\u0119 3 kategorie uprawnie\u0144 przy obs\u0142udze w\u00f3zk\u00f3w jezdniowych podno\u015bnikowych: I WJO na w\u00f3zki jezdniowe podno\u015bnikowe, w tym specjalizowane: z operatorem podnoszonym wraz z \u0142adunkiem oraz ze zmiennym wysi\u0119giem II WJO na w\u00f3zki jezdniowe podno\u015bnikowe (bez urz\u0105dze\u0144 specjalizowanych) III WJO na w\u00f3zki jezdniowe podno\u015bnikowe prowadzone i zdalnie sterowane Zastosowanie urz\u0105dze\u0144 Widlaki czy te\u017c w\u00f3zki jezdniowe s\u0105 mechanicznymi pojazdami ko\u0142owymi, kt\u00f3re wyposa\u017cone s\u0105 w elektryczny nap\u0119d silnikowy lub te\u017c nap\u0119d spalinowy, dzi\u0119ki kt\u00f3remu mog\u0105 one porusza\u0107 si\u0119 na d\u0142u\u017cszych dystansach. Urz\u0105dzenia [&hellip;]<\/p>\n","protected":false},"author":1,"featured_media":3573,"parent":65,"menu_order":8,"comment_status":"closed","ping_status":"closed","template":"","meta":{"sfsi_plus_gutenberg_text_before_share":"","sfsi_plus_gutenberg_show_text_before_share":"","sfsi_plus_gutenberg_icon_type":"","sfsi_plus_gutenberg_icon_alignemt":"","sfsi_plus_gutenburg_max_per_row":"","footnotes":""},"class_list":["post-17","page","type-page","status-publish","has-post-thumbnail","hentry","has_thumb"],"aioseo_notices":[],"_links":{"self":[{"href":"https:\/\/kursy-udt.pl\/en\/wp-json\/wp\/v2\/pages\/17","targetHints":{"allow":["GET"]}}],"collection":[{"href":"https:\/\/kursy-udt.pl\/en\/wp-json\/wp\/v2\/pages"}],"about":[{"href":"https:\/\/kursy-udt.pl\/en\/wp-json\/wp\/v2\/types\/page"}],"author":[{"embeddable":true,"href":"https:\/\/kursy-udt.pl\/en\/wp-json\/wp\/v2\/users\/1"}],"replies":[{"embeddable":true,"href":"https:\/\/kursy-udt.pl\/en\/wp-json\/wp\/v2\/comments?post=17"}],"version-history":[{"count":25,"href":"https:\/\/kursy-udt.pl\/en\/wp-json\/wp\/v2\/pages\/17\/revisions"}],"predecessor-version":[{"id":6181,"href":"https:\/\/kursy-udt.pl\/en\/wp-json\/wp\/v2\/pages\/17\/revisions\/6181"}],"up":[{"embeddable":true,"href":"https:\/\/kursy-udt.pl\/en\/wp-json\/wp\/v2\/pages\/65"}],"wp:featuredmedia":[{"embeddable":true,"href":"https:\/\/kursy-udt.pl\/en\/wp-json\/wp\/v2\/media\/3573"}],"wp:attachment":[{"href":"https:\/\/kursy-udt.pl\/en\/wp-json\/wp\/v2\/media?parent=17"}],"curies":[{"name":"wp","href":"https:\/\/api.w.org\/{rel}","templated":true}]}}