{"id":1657,"date":"2016-01-22T16:01:20","date_gmt":"2016-01-22T16:01:20","guid":{"rendered":"http:\/\/kursy-udt.pl\/?page_id=1657"},"modified":"2016-01-22T16:08:34","modified_gmt":"2016-01-22T16:08:34","slug":"pricelist","status":"publish","type":"page","link":"https:\/\/kursy-udt.eu\/en\/pricelist\/","title":{"rendered":"Pricelist"},"content":{"rendered":"<div class=\"wyjustuj\">\n<table border=\"1\" cellspacing=\"0\" cellpadding=\"7\">\n<tbody>\n<tr>\n<td rowspan=\"2\" bgcolor=\"#c6d9f1\">\n<p align=\"CENTER\"><b>Course- training<\/b><br \/>\nThe offer includes the cost of qualifications exam in front of the exam UDT board- 152,00 zloty gross ZW VAT<\/p>\n<\/td>\n<td colspan=\"4\" valign=\"TOP\" bgcolor=\"#c6d9f1\">\n<p align=\"CENTER\"><b>The price depends on the number of enrolled people<br \/>\n<\/b>Prices below are the gross cost ZW VAT<\/p>\n<\/td>\n<\/tr>\n<tr>\n<td bgcolor=\"#c6d9f1\">\n<p align=\"CENTER\"><span style=\"color: #c0504d;\"><b>1-2 people<\/b><\/span><\/p>\n<\/td>\n<td bgcolor=\"#c6d9f1\">\n<p align=\"CENTER\"><span style=\"color: #c0504d;\"><b>3-5 people<\/b><\/span><\/p>\n<\/td>\n<td bgcolor=\"#c6d9f1\">\n<p align=\"CENTER\"><span style=\"color: #c0504d;\"><b>6-10 people<\/b><\/span><\/p>\n<\/td>\n<td bgcolor=\"#c6d9f1\">\n<p align=\"CENTER\"><span style=\"color: #c0504d;\"><b>11-15 people<\/b><\/span><\/p>\n<\/td>\n<\/tr>\n<tr>\n<td bgcolor=\"#fde9d9\"><span style=\"text-decoration: underline;\">Forklift trucks with exchanging gas cylinders<\/span> - cat. II WJO<\/td>\n<td bgcolor=\"#fde9d9\">\n<p align=\"CENTER\">PLN 752<\/p>\n<\/td>\n<td bgcolor=\"#fde9d9\">\n<p align=\"CENTER\">PLN 652<\/p>\n<\/td>\n<td bgcolor=\"#fde9d9\">\n<p align=\"CENTER\">PLN 602<\/p>\n<\/td>\n<td bgcolor=\"#fde9d9\">\n<p align=\"CENTER\">PLN 552<\/p>\n<\/td>\n<\/tr>\n<tr>\n<td><span style=\"text-decoration: underline;\">KSpecialised forklift course<\/span> - forklift truck with the hosting cabin of the operator- cat. IWJO<\/td>\n<td>\n<p align=\"CENTER\">PLN 952<\/p>\n<\/td>\n<td>\n<p align=\"CENTER\">PLN 902<\/p>\n<\/td>\n<td>\n<p align=\"CENTER\">PLN 852<\/p>\n<\/td>\n<td>\n<p align=\"CENTER\">PLN 802<\/p>\n<\/td>\n<\/tr>\n<tr>\n<td bgcolor=\"#fde9d9\"><span style=\"text-decoration: underline;\">The course on telescopic loaders<\/span> - qualifications for the operator of telescopic loaders ( forklift trucks with specialized changeable extension arm) - cat. IWJO<\/td>\n<td bgcolor=\"#fde9d9\">\n<p align=\"CENTER\">PLN 1152<\/p>\n<\/td>\n<td bgcolor=\"#fde9d9\">\n<p align=\"CENTER\">PLN 1102<\/p>\n<\/td>\n<td bgcolor=\"#fde9d9\">\n<p align=\"CENTER\">PLN 1052<\/p>\n<\/td>\n<td bgcolor=\"#fde9d9\">\n<p align=\"CENTER\">PLN 1002<\/p>\n<\/td>\n<\/tr>\n<tr>\n<td><span style=\"text-decoration: underline;\">The course on operating mobile platforms<\/span> - mobile low-speed platforms, scissor platforms, articulated platforms, telescopic and mobile ones- cat.IP<\/td>\n<td>\n<p align=\"CENTER\">PLN 802<\/p>\n<\/td>\n<td>\n<p align=\"CENTER\">PLN 752<\/p>\n<\/td>\n<td>\n<p align=\"CENTER\">PLN 702<\/p>\n<\/td>\n<td>\n<p align=\"CENTER\">PLN 652<\/p>\n<\/td>\n<\/tr>\n<tr>\n<td bgcolor=\"#fde9d9\"><span style=\"text-decoration: underline;\">The course on the aerial platform<\/span> - the operation of mobile platforms mounted on trucks- cat. IP<\/td>\n<td bgcolor=\"#fde9d9\">\n<p align=\"CENTER\">PLN 952<\/p>\n<\/td>\n<td bgcolor=\"#fde9d9\">\n<p align=\"CENTER\">PLN 902<\/p>\n<\/td>\n<td bgcolor=\"#fde9d9\">\n<p align=\"CENTER\">PLN 852<\/p>\n<\/td>\n<td bgcolor=\"#fde9d9\">\n<p align=\"CENTER\">PLN 802<\/p>\n<\/td>\n<\/tr>\n<tr>\n<td><span style=\"text-decoration: underline;\">The course on operating hanging, mast, static platforms<\/span> - without technological sequence- cat. IIP<\/td>\n<td>\n<p align=\"CENTER\">PLN 952<\/p>\n<\/td>\n<td>\n<p align=\"CENTER\">PLN 852<\/p>\n<\/td>\n<td>\n<p align=\"CENTER\">PLN 752<\/p>\n<\/td>\n<td>\n<p align=\"CENTER\">PLN 702<\/p>\n<\/td>\n<\/tr>\n<tr>\n<td bgcolor=\"#fde9d9\"><span style=\"text-decoration: underline;\">The course on operating HDS jib cranes<\/span> - operation of mobile and portable cranes mounted on truck underbody of HDS type- cat. II\u00af<\/td>\n<td bgcolor=\"#fde9d9\">\n<p align=\"CENTER\">PLN 952<\/p>\n<\/td>\n<td bgcolor=\"#fde9d9\">\n<p align=\"CENTER\">PLN 852<\/p>\n<\/td>\n<td bgcolor=\"#fde9d9\">\n<p align=\"CENTER\">PLN 802<\/p>\n<\/td>\n<td bgcolor=\"#fde9d9\">\n<p align=\"CENTER\">PLN 752<\/p>\n<\/td>\n<\/tr>\n<tr>\n<td><span style=\"text-decoration: underline;\">The course on the operation of the gantry, the hoist and the hoisting winch<\/span> - controlled from the ground level- cat. IIS<\/td>\n<td>\n<p align=\"CENTER\">PLN 752<\/p>\n<\/td>\n<td>\n<p align=\"CENTER\">PLN 702<\/p>\n<\/td>\n<td>\n<p align=\"CENTER\">PLN 652<\/p>\n<\/td>\n<td>\n<p align=\"CENTER\">PLN 602<\/p>\n<\/td>\n<\/tr>\n<tr>\n<td bgcolor=\"#fde9d9\"><span style=\"text-decoration: underline;\">The course on operating hoists and hosting winches<\/span> - qualifications on the operation of hoists and hoisting winches controlled from the ground level including remote controlled ones cat. IIW<\/td>\n<td bgcolor=\"#fde9d9\">\n<p align=\"CENTER\">PLN 702<\/p>\n<\/td>\n<td bgcolor=\"#fde9d9\">\n<p align=\"CENTER\">PLN 652<\/p>\n<\/td>\n<td bgcolor=\"#fde9d9\">\n<p align=\"CENTER\">PLN 602<\/p>\n<\/td>\n<td bgcolor=\"#fde9d9\">\n<p align=\"CENTER\">PLN 552<\/p>\n<\/td>\n<\/tr>\n<tr>\n<td><span style=\"text-decoration: underline;\">The course on operating static jib cranes<\/span> - qualifications to obtain static and production cranes- cat. II\u00af<\/td>\n<td>\n<p align=\"CENTER\">PLN 702<\/p>\n<\/td>\n<td>\n<p align=\"CENTER\">PLN 602<\/p>\n<\/td>\n<td>\n<p align=\"CENTER\">PLN 552<\/p>\n<\/td>\n<td>\n<p align=\"CENTER\">PLN 502<\/p>\n<\/td>\n<\/tr>\n<tr>\n<td bgcolor=\"#fde9d9\"><span style=\"text-decoration: underline;\">The course on operating freight and passenger lifts<\/span> - the operation of freight lifts controlled internally and hospital or building lifts with the exam in front of UDT board- ID and IID qualifications<\/td>\n<td bgcolor=\"#fde9d9\">\n<p align=\"CENTER\">PLN 702<\/p>\n<\/td>\n<td bgcolor=\"#fde9d9\">\n<p align=\"CENTER\">PLN 652<\/p>\n<\/td>\n<td bgcolor=\"#fde9d9\">\n<p align=\"CENTER\">PLN 602<\/p>\n<\/td>\n<td bgcolor=\"#fde9d9\">\n<p align=\"CENTER\">PLN 552<\/p>\n<\/td>\n<\/tr>\n<tr>\n<td><span style=\"text-decoration: underline;\">The course on self-propelled lift operator<\/span> - operation of self-propelled jib cranes mounted on trucks<\/td>\n<td>\n<p align=\"CENTER\">PLN 3352<\/p>\n<\/td>\n<td>\n<p align=\"CENTER\">PLN 3252<\/p>\n<\/td>\n<td>\n<p align=\"CENTER\">PLN 3152<\/p>\n<\/td>\n<td>\n<p align=\"CENTER\">PLN 3052<\/p>\n<\/td>\n<\/tr>\n<tr>\n<td bgcolor=\"#fde9d9\"><span style=\"text-decoration: underline;\">The course on the operator of quick-set jib cranes<\/span> - I\u00af qualifications for cordless ground controlled jib cranes operator<\/td>\n<td bgcolor=\"#fde9d9\">\n<p align=\"CENTER\">PLN 2252<\/p>\n<\/td>\n<td bgcolor=\"#fde9d9\">\n<p align=\"CENTER\">PLN 2152<\/p>\n<\/td>\n<td bgcolor=\"#fde9d9\">\n<p align=\"CENTER\">PLN 2052<\/p>\n<\/td>\n<td bgcolor=\"#fde9d9\">\n<p align=\"CENTER\">PLN 1952<\/p>\n<\/td>\n<\/tr>\n<tr>\n<td><span style=\"text-decoration: underline;\">The course on the tower jib cranes operator<\/span> - I\u017b qualifications for the tower and building jib cranes operator ( the cost of insurance is included for practical classes)<\/td>\n<td>\n<p align=\"CENTER\">PLN 6852<\/p>\n<\/td>\n<td>\n<p align=\"CENTER\">PLN 4852<\/p>\n<\/td>\n<td>\n<p align=\"CENTER\">PLN 4252<\/p>\n<\/td>\n<td>\n<p align=\"CENTER\">PLN 3752<\/p>\n<\/td>\n<\/tr>\n<tr>\n<td bgcolor=\"#fde9d9\"><span style=\"text-decoration: underline;\">The handyman course<\/span> - UDT qualifications for maintenance, renovations and machine service for close transport underlying the technical supervision e.g. forklifts, cranes, gantries, mobile platforms and others.<\/td>\n<td bgcolor=\"#fde9d9\">\n<p align=\"CENTER\">PLN 2152<\/p>\n<\/td>\n<td bgcolor=\"#fde9d9\">\n<p align=\"CENTER\">PLN 1852<\/p>\n<\/td>\n<td bgcolor=\"#fde9d9\">\n<p align=\"CENTER\">PLN 1552<\/p>\n<\/td>\n<td bgcolor=\"#fde9d9\">\n<p align=\"CENTER\">PLN 1252<\/p>\n<\/td>\n<\/tr>\n<tr>\n<td colspan=\"5\" bgcolor=\"#c6d9f1\">\n<p align=\"CENTER\"><span style=\"font-size: small;\"><span style=\"font-weight: normal;\">The above price offer is not the offer according to Civil Code regulations as every cost of the training can be negotiated individually.<\/span><\/span><\/p>\n<\/td>\n<\/tr>\n<\/tbody>\n<\/table>\n<\/div>","protected":false},"excerpt":{"rendered":"<p>Course- training The offer includes the cost of qualifications exam in front of the exam UDT board- 152,00 zloty gross ZW VAT The price depends on the number of enrolled people Prices below are the Gross cost ZW VAT 1-2 people 3-5 people 6-10 people 11-15 people Forklift trucks with exchanging gas cylinders &#8211; cat. II WJO 752 z\u0142 652 z\u0142 602 z\u0142 552 z\u0142 KSpecialised forklift course &#8211; forklift truck with the hosting cabin of the operator- cat. IWJO 952 z\u0142 902 z\u0142 852 z\u0142 802 z\u0142 The course on telescopic loaders &#8211; qualifications for the operator of telescopic loaders ( forklift trucks with specialized changeable extension arm) \u2013 cat. IWJO 1152 z\u0142 1102 z\u0142 1052 z\u0142 1002 z\u0142 The course on operating mobile platforms &#8211; mobile low-speed platforms, scissor platforms, articulated platforms, telescopic and mobile ones- cat.IP 802 z\u0142 752 z\u0142 702 z\u0142 652 z\u0142 The course on the aerial platform &#8211; the operation of mobile platforms mounted on trucks- cat. IP 952 z\u0142 902 z\u0142 852 z\u0142 802 z\u0142 The course on operating hanging, mast, static platforms \u2013 without technological sequence- cat. IIP 952 z\u0142 852 z\u0142 752 z\u0142 702 z\u0142 The course on operating HDS jib cranes &#8211; operation of mobile and portable cranes mounted on truck underbody of HDS type- cat. II\u017b 952 z\u0142 852 z\u0142 802 z\u0142 752 z\u0142 The course on the operation of the gantry, the hoist and the hoisting winch &#8211; controlled from the ground level- cat. IIS 752 z\u0142 702 z\u0142 652 z\u0142 602 z\u0142 [&hellip;]<\/p>\n","protected":false},"author":1,"featured_media":0,"parent":0,"menu_order":2,"comment_status":"closed","ping_status":"closed","template":"","meta":{"sfsi_plus_gutenberg_text_before_share":"","sfsi_plus_gutenberg_show_text_before_share":"","sfsi_plus_gutenberg_icon_type":"","sfsi_plus_gutenberg_icon_alignemt":"","sfsi_plus_gutenburg_max_per_row":"","footnotes":""},"class_list":["post-1657","page","type-page","status-publish","hentry","has_no_thumb"],"aioseo_notices":[],"_links":{"self":[{"href":"https:\/\/kursy-udt.pl\/en\/wp-json\/wp\/v2\/pages\/1657","targetHints":{"allow":["GET"]}}],"collection":[{"href":"https:\/\/kursy-udt.pl\/en\/wp-json\/wp\/v2\/pages"}],"about":[{"href":"https:\/\/kursy-udt.pl\/en\/wp-json\/wp\/v2\/types\/page"}],"author":[{"embeddable":true,"href":"https:\/\/kursy-udt.pl\/en\/wp-json\/wp\/v2\/users\/1"}],"replies":[{"embeddable":true,"href":"https:\/\/kursy-udt.pl\/en\/wp-json\/wp\/v2\/comments?post=1657"}],"version-history":[{"count":6,"href":"https:\/\/kursy-udt.pl\/en\/wp-json\/wp\/v2\/pages\/1657\/revisions"}],"predecessor-version":[{"id":1660,"href":"https:\/\/kursy-udt.pl\/en\/wp-json\/wp\/v2\/pages\/1657\/revisions\/1660"}],"wp:attachment":[{"href":"https:\/\/kursy-udt.pl\/en\/wp-json\/wp\/v2\/media?parent=1657"}],"curies":[{"name":"wp","href":"https:\/\/api.w.org\/{rel}","templated":true}]}}