{"id":1444,"date":"2015-08-20T21:59:03","date_gmt":"2015-08-20T21:59:03","guid":{"rendered":"http:\/\/kursy-udt.pl\/?page_id=1444"},"modified":"2022-10-17T10:39:49","modified_gmt":"2022-10-17T10:39:49","slug":"container-and-pallet-handling","status":"publish","type":"page","link":"https:\/\/kursy-udt.pl\/en\/szkolenia\/gse\/obsluga-transporterow-kontenerow-i-palet\/","title":{"rendered":"Handling of container and pallet transporters"},"content":{"rendered":"<p>Our centre organises courses for container and pallet transporters, which are commonly used at airports to transport cargo - luggage, pallets, containers, as well as other types of cargo, including non-standard cargo that requires appropriate preparation and facilities.<\/p>\n<p><a href=\"https:\/\/kursy-udt.pl\/wp-content\/uploads\/2022\/10\/7.jpeg\"><img loading=\"lazy\" decoding=\"async\" class=\"aligncenter wp-image-4503\" src=\"https:\/\/kursy-udt.pl\/wp-content\/uploads\/2022\/10\/7-300x187.jpeg\" alt=\"\" width=\"750\" height=\"467\" srcset=\"https:\/\/kursy-udt.pl\/wp-content\/uploads\/2022\/10\/7-300x187.jpeg 300w, https:\/\/kursy-udt.pl\/wp-content\/uploads\/2022\/10\/7-1024x638.jpeg 1024w, https:\/\/kursy-udt.pl\/wp-content\/uploads\/2022\/10\/7-768x479.jpeg 768w, https:\/\/kursy-udt.pl\/wp-content\/uploads\/2022\/10\/7-1536x957.jpeg 1536w, https:\/\/kursy-udt.pl\/wp-content\/uploads\/2022\/10\/7-18x12.jpeg 18w, https:\/\/kursy-udt.pl\/wp-content\/uploads\/2022\/10\/7-624x389.jpeg 624w, https:\/\/kursy-udt.pl\/wp-content\/uploads\/2022\/10\/7.jpeg 1600w\" sizes=\"auto, (max-width: 750px) 100vw, 750px\" \/><\/a><\/p>\n<p>Anyone interested in taking part in the classes is encouraged to take a closer look at our offer!<\/p>\n<p>Container and pallet transporters used at airports take the form of mobile scissor lifts - these are primarily airport high loader type lifts with diesel or electric drives, as well as airport cargo type lifts - these are used to manipulate pallets and containers to and from storage, racking, trolleys, hi-loaders. They are tailored to transport ULD (unit load device) units for containers and pallets and are manufactured in a wide range of technical variants. Vehicles such as electric airport baggage tractors and diesel tractors are also used for the work.<\/p>\n<p>Workers handling container and pallet transporters must have knowledge and skills regarding the manipulation of loads. The main hazards associated with inadequate equipment handling are related to the mismatch between proper handling methods and failure to observe health and safety rules. Some loads, such as cars, require special care in the selection of appropriate means. Otherwise, there is a risk of damage not only to the load itself, but also to the transport equipment and the aircraft.<\/p>\n<p>Our training courses for aviation personnel cover a wide range of knowledge and skills regarding the operation of transporters and related safety rules. Our classes take into account current regulations and practice in this area, drawing on the extensive experience of our instructors in the field of GSE (Ground Support Equipment) - aircraft ground support equipment and facilities.<\/p>\n<p>Our course on the operation of this type of equipment is a comprehensive preparation for any airport employee, as well as for those wishing to obtain employment as aviation ground staff. We organise training courses for airports - for organised groups as well as for individuals interested in becoming competent in this field.<\/p>\n<p>We invite you to make closer use of our training services!<\/p>","protected":false},"excerpt":{"rendered":"<p>Nasz o\u015brodek zajmuje si\u0119 organizacj\u0105 kurs\u00f3w na transportery kontener\u00f3w i palet, kt\u00f3re wykorzystywane s\u0105 powszechnie na portach lotniczych w celu przewozu \u0142adunk\u00f3w \u2013 baga\u017cy, palet, kontener\u00f3w, a tak\u017ce \u0142adunk\u00f3w innego rodzaju, w tym nietypowych i wymagaj\u0105cych odpowiedniego przygotowania i zaplecza. Wszystkich zainteresowanych uczestnictwem w zaj\u0119ciach zach\u0119camy do bli\u017cszego zapoznania si\u0119 z nasz\u0105 ofert\u0105! Transportery kontener\u00f3w i palet wykorzystywane na portach lotniczych maj\u0105 posta\u0107 mobilnych podno\u015bnik\u00f3w no\u017cycowych \u2013 s\u0105 to przede wszystkim lotniskowe podno\u015bniki typu high loader z nap\u0119dami spalinowymi lub elektrycznymi, a tak\u017ce lotniskowe podno\u015bniki typu cargo \u2013 s\u0142u\u017c\u0105 one do manipulacji palet i kontener\u00f3w do i z magazynu, rega\u0142\u00f3w, z w\u00f3zk\u00f3w, hi-loader\u2019\u00f3w. S\u0105 one dopasowane do transportu jednostek ULD (unit load device) na kontenery oraz palety i s\u0105 one produkowane w szerokiej gamie wariant\u00f3w technicznych. Do prac wykorzystuje si\u0119 r\u00f3wnie\u017c pojazdy takie jak elektryczne lotniskowe ci\u0105gniki baga\u017cowe oraz ci\u0105gniki z silnikami Diesla. Pracownicy obs\u0142uguj\u0105cy transportery kontener\u00f3w oraz palet musz\u0105 posiada\u0107 wiedz\u0119 oraz umiej\u0119tno\u015bci dotycz\u0105ce manipulacji \u0142adunkami. G\u0142\u00f3wne zagro\u017cenia zwi\u0105zane z nieodpowiedni\u0105 obs\u0142ug\u0105 sprz\u0119t\u00f3w zwi\u0105zane s\u0105 z niedopasowaniem do nich w\u0142a\u015bciwych metod manipulacji oraz nieprzestrzeganiem zasad bezpiecze\u0144stwa i higieny pracy. Niekt\u00f3re \u0142adunki, na przyk\u0142ad samochody, wymagaj\u0105 szczeg\u00f3lnej dba\u0142o\u015bci o dob\u00f3r odpowiednich \u015brodk\u00f3w. W przeciwnym przypadku istnieje ryzyko uszkodzenia nie tylko samego \u0142adunku, ale r\u00f3wnie\u017c urz\u0105dze\u0144 transportowych oraz samolotu. Organizowane przez nas szkolenia dla personelu lotniczego obejmuj\u0105 szeroki zakres wiedzy i umiej\u0119tno\u015bci dotycz\u0105cych obs\u0142ugi transporter\u00f3w oraz zwi\u0105zanych z nimi zasad bezpiecze\u0144stwa. Nasze zaj\u0119cia uwzgl\u0119dniaj\u0105 aktualne przepisy i praktyk\u0119 w tym zakresie, opieraj\u0105c si\u0119 na szerokim do\u015bwiadczeniu naszych instruktor\u00f3w w dziedzinie GSE (Ground Support Equipment) \u2013 urz\u0105dze\u0144 [&hellip;]<\/p>\n","protected":false},"author":1,"featured_media":4503,"parent":1442,"menu_order":0,"comment_status":"closed","ping_status":"closed","template":"","meta":{"sfsi_plus_gutenberg_text_before_share":"","sfsi_plus_gutenberg_show_text_before_share":"","sfsi_plus_gutenberg_icon_type":"","sfsi_plus_gutenberg_icon_alignemt":"","sfsi_plus_gutenburg_max_per_row":"","footnotes":""},"class_list":["post-1444","page","type-page","status-publish","has-post-thumbnail","hentry","has_thumb"],"aioseo_notices":[],"_links":{"self":[{"href":"https:\/\/kursy-udt.pl\/en\/wp-json\/wp\/v2\/pages\/1444","targetHints":{"allow":["GET"]}}],"collection":[{"href":"https:\/\/kursy-udt.pl\/en\/wp-json\/wp\/v2\/pages"}],"about":[{"href":"https:\/\/kursy-udt.pl\/en\/wp-json\/wp\/v2\/types\/page"}],"author":[{"embeddable":true,"href":"https:\/\/kursy-udt.pl\/en\/wp-json\/wp\/v2\/users\/1"}],"replies":[{"embeddable":true,"href":"https:\/\/kursy-udt.pl\/en\/wp-json\/wp\/v2\/comments?post=1444"}],"version-history":[{"count":4,"href":"https:\/\/kursy-udt.pl\/en\/wp-json\/wp\/v2\/pages\/1444\/revisions"}],"predecessor-version":[{"id":4505,"href":"https:\/\/kursy-udt.pl\/en\/wp-json\/wp\/v2\/pages\/1444\/revisions\/4505"}],"up":[{"embeddable":true,"href":"https:\/\/kursy-udt.pl\/en\/wp-json\/wp\/v2\/pages\/1442"}],"wp:featuredmedia":[{"embeddable":true,"href":"https:\/\/kursy-udt.pl\/en\/wp-json\/wp\/v2\/media\/4503"}],"wp:attachment":[{"href":"https:\/\/kursy-udt.pl\/en\/wp-json\/wp\/v2\/media?parent=1444"}],"curies":[{"name":"wp","href":"https:\/\/api.w.org\/{rel}","templated":true}]}}