{"id":1442,"date":"2015-08-20T21:56:47","date_gmt":"2015-08-20T21:56:47","guid":{"rendered":"http:\/\/kursy-udt.pl\/?page_id=1442"},"modified":"2025-05-22T22:24:19","modified_gmt":"2025-05-22T20:24:19","slug":"gse","status":"publish","type":"page","link":"https:\/\/kursy-udt.pl\/en\/szkolenia\/gse\/","title":{"rendered":"GSE training courses"},"content":{"rendered":"<p><img loading=\"lazy\" decoding=\"async\" class=\"paddingleft10 alignleft wp-image-3431 size-medium\" src=\"https:\/\/kursy-udt.pl\/wp-content\/uploads\/2021\/08\/Projekt-bez-tytulu-38-300x251.jpg\" alt=\"\" width=\"300\" height=\"251\" srcset=\"https:\/\/kursy-udt.pl\/wp-content\/uploads\/2021\/08\/Projekt-bez-tytulu-38-300x251.jpg 300w, https:\/\/kursy-udt.pl\/wp-content\/uploads\/2021\/08\/Projekt-bez-tytulu-38-768x644.jpg 768w, https:\/\/kursy-udt.pl\/wp-content\/uploads\/2021\/08\/Projekt-bez-tytulu-38-624x523.jpg 624w, https:\/\/kursy-udt.pl\/wp-content\/uploads\/2021\/08\/Projekt-bez-tytulu-38.jpg 940w\" sizes=\"auto, (max-width: 300px) 100vw, 300px\" \/>At our centre, we offer GSE (Ground Support Equipment) training - aircraft ground support equipment and facilities. These are classes through which you can gain knowledge and skills regarding your duties as a ground support - plate worker at airports.<\/p>\n<p>We organise training courses for aviation personnel and those wishing to apply for jobs at airports. We also run them as airport training courses - for organised groups.<\/p>\n<p>&nbsp;<\/p>\n<p>&nbsp;<\/p>\n<p>&nbsp;<\/p>\n<p>&nbsp;<\/p>\n<p><strong>Our training offer includes:<\/strong><\/p>\n<ul>\n<li>courses for container and pallet transporters<\/li>\n<li>ambulift courses<\/li>\n<li>courses for de-icing machines<\/li>\n<\/ul>\n<p>The programme of our classes meets the legal requirements associated with the operation of airport GSE equipment. These are used at airports, usually at the ramp and in the service area at terminals. The scope of operation mainly includes loading operations, aircraft mobility, cleaning, replenishment of hygiene items, as well as aircraft fuelling. This work is carried out by airport staff or an external operator.<\/p>\n<p>Each handling course conducted at our centres includes a theoretical and a practical part. It is packed with valuable information needed for aircraft ground handling positions. Classes are taught by experienced instructors with many years of professional experience, who are always open to questions. The courses conclude with examinations, after which participants obtain certificates confirming their qualifications. These certificates allow them to apply for positions intended for airport ground staff.<\/p>\n<p>On our website you can check the current dates for the organisation of classes - these take place in Warsaw, as well as in other Polish cities. It is also possible to conduct training courses at convenient times and locations for closed groups. If you have any further questions, we are always available. We invite you to take advantage of our training offer for aviation and airport personnel!<\/p>\n<p><a href=\"https:\/\/kursy-udt.pl\/wp-content\/uploads\/2022\/12\/GSE-kursy-udt.pl_.png\"><img loading=\"lazy\" decoding=\"async\" class=\"aligncenter wp-image-4518\" src=\"https:\/\/kursy-udt.pl\/wp-content\/uploads\/2022\/12\/GSE-kursy-udt.pl_-300x188.png\" alt=\"\" width=\"750\" height=\"469\" srcset=\"https:\/\/kursy-udt.pl\/wp-content\/uploads\/2022\/12\/GSE-kursy-udt.pl_-300x188.png 300w, https:\/\/kursy-udt.pl\/wp-content\/uploads\/2022\/12\/GSE-kursy-udt.pl_-1024x640.png 1024w, https:\/\/kursy-udt.pl\/wp-content\/uploads\/2022\/12\/GSE-kursy-udt.pl_-768x480.png 768w, https:\/\/kursy-udt.pl\/wp-content\/uploads\/2022\/12\/GSE-kursy-udt.pl_-18x12.png 18w, https:\/\/kursy-udt.pl\/wp-content\/uploads\/2022\/12\/GSE-kursy-udt.pl_-624x390.png 624w, https:\/\/kursy-udt.pl\/wp-content\/uploads\/2022\/12\/GSE-kursy-udt.pl_.png 1200w\" sizes=\"auto, (max-width: 750px) 100vw, 750px\" \/><\/a><\/p>","protected":false},"excerpt":{"rendered":"<p>W naszym o\u015brodku oferujemy szkolenia GSE (Ground Support Equipment) \u2013 urz\u0105dze\u0144 i sprz\u0119tu do obs\u0142ugi naziemnej statk\u00f3w powietrznych. S\u0105 to zaj\u0119cia, dzi\u0119ki kt\u00f3rym mo\u017cna zdoby\u0107 wiedz\u0119 oraz umiej\u0119tno\u015bci dotycz\u0105ce obowi\u0105zk\u00f3w jako pracownik obs\u0142ugi naziemnej \u2013 p\u0142ytowej w portach lotniczych. Organizujemy szkolenia dla personelu lotniczego i os\u00f3b chc\u0105cych ubiega\u0107 si\u0119 o prac\u0119 na portach lotniczych. R\u00f3wnie\u017c prowadzimy je jako szkolenia dla port\u00f3w lotniczych \u2013 dla grup zorganizowanych. &nbsp; &nbsp; &nbsp; &nbsp; Nasza oferta szkoleniowa w\u0142\u0105cza: kursy na transportery kontener\u00f3w i palet kursy na ambulifty kursy na odladzarki Program naszych zaj\u0119\u0107 spe\u0142nia wymogi prawne zwi\u0105zane z obs\u0142ug\u0105 urz\u0105dze\u0144 lotniskowych typu GSE. S\u0105 one u\u017cywane na portach lotniczych, zwykle przy rampie i w przestrzeni serwisowej przy terminalach. Zakres obs\u0142ugi w\u0142\u0105cza przede wszystkim operacje za\u0142adunku, dotycz\u0105ce mobilno\u015bci samolot\u00f3w, sprz\u0105tania, uzupe\u0142niania artyku\u0142\u00f3w higienicznych, a tak\u017ce zasilania samolot\u00f3w. Prace te prowadzone s\u0105 przez pracownik\u00f3w lotniska lub te\u017c zewn\u0119trznego operatora. Ka\u017cdy kurs obs\u0142ugi prowadzony w naszym o\u015brodk\u00f3w obejmuje cz\u0119\u015b\u0107 teoretyczn\u0105 oraz praktyczn\u0105. Jest on pe\u0142en warto\u015bciowych informacji potrzebnych na stanowiskach obs\u0142ugi naziemnej statk\u00f3w powietrznych. Zaj\u0119cia prowadzone s\u0105 przez do\u015bwiadczonych instruktor\u00f3w z wieloletni\u0105 praktyk\u0105 zawodow\u0105, kt\u00f3rzy otwarci s\u0105 zawsze na zapytania. Kursy ko\u0144cz\u0105 si\u0119 egzaminami, po kt\u00f3rych pozytywnym zaliczeniu uczestnicy uzyskuj\u0105 za\u015bwiadczenia potwierdzaj\u0105ce zdobyte kwalifikacje. Za\u015bwiadczenia te pozwalaj\u0105 na ubieganie si\u0119 o stanowiska przeznaczone dla personelu naziemnego port\u00f3w lotniczych. Na naszej stronie internetowej mo\u017cna sprawdzi\u0107 aktualne terminy organizacji zaj\u0119\u0107 \u2013 odbywaj\u0105 si\u0119 one w Warszawie, a tak\u017ce w innych miastach Polski. Tak\u017ce istnieje mo\u017cliwo\u015b\u0107 prowadzenia szkole\u0144 w dogodnych terminach i miejscach dla grup zamkni\u0119tych. W razie dodatkowych pyta\u0144 zawsze jeste\u015bmy do dyspozycji. Zapraszamy [&hellip;]<\/p>\n","protected":false},"author":1,"featured_media":3431,"parent":65,"menu_order":50,"comment_status":"closed","ping_status":"closed","template":"","meta":{"sfsi_plus_gutenberg_text_before_share":"","sfsi_plus_gutenberg_show_text_before_share":"","sfsi_plus_gutenberg_icon_type":"","sfsi_plus_gutenberg_icon_alignemt":"","sfsi_plus_gutenburg_max_per_row":"","footnotes":""},"class_list":["post-1442","page","type-page","status-publish","has-post-thumbnail","hentry","has_thumb"],"aioseo_notices":[],"_links":{"self":[{"href":"https:\/\/kursy-udt.pl\/en\/wp-json\/wp\/v2\/pages\/1442","targetHints":{"allow":["GET"]}}],"collection":[{"href":"https:\/\/kursy-udt.pl\/en\/wp-json\/wp\/v2\/pages"}],"about":[{"href":"https:\/\/kursy-udt.pl\/en\/wp-json\/wp\/v2\/types\/page"}],"author":[{"embeddable":true,"href":"https:\/\/kursy-udt.pl\/en\/wp-json\/wp\/v2\/users\/1"}],"replies":[{"embeddable":true,"href":"https:\/\/kursy-udt.pl\/en\/wp-json\/wp\/v2\/comments?post=1442"}],"version-history":[{"count":10,"href":"https:\/\/kursy-udt.pl\/en\/wp-json\/wp\/v2\/pages\/1442\/revisions"}],"predecessor-version":[{"id":6174,"href":"https:\/\/kursy-udt.pl\/en\/wp-json\/wp\/v2\/pages\/1442\/revisions\/6174"}],"up":[{"embeddable":true,"href":"https:\/\/kursy-udt.pl\/en\/wp-json\/wp\/v2\/pages\/65"}],"wp:featuredmedia":[{"embeddable":true,"href":"https:\/\/kursy-udt.pl\/en\/wp-json\/wp\/v2\/media\/3431"}],"wp:attachment":[{"href":"https:\/\/kursy-udt.pl\/en\/wp-json\/wp\/v2\/media?parent=1442"}],"curies":[{"name":"wp","href":"https:\/\/api.w.org\/{rel}","templated":true}]}}