{"id":1395,"date":"2014-10-04T16:43:54","date_gmt":"2014-10-04T16:43:54","guid":{"rendered":"http:\/\/kursy-udt.pl\/?page_id=1395"},"modified":"2022-12-05T11:51:12","modified_gmt":"2022-12-05T11:51:12","slug":"telescopic-handler-course","status":"publish","type":"page","link":"https:\/\/kursy-udt.pl\/en\/szkolenia\/kurs-na-ladowarki-teleskopowe\/","title":{"rendered":"Telescopic loaders course"},"content":{"rendered":"<p><img loading=\"lazy\" decoding=\"async\" class=\"paddingleft10 alignleft wp-image-346\" src=\"https:\/\/kursy-udt.pl\/wp-content\/uploads\/2014\/03\/wozki-widlowe-1.jpeg\" alt=\"telescopic loader - forklift with variable reach\" width=\"200\" height=\"150\" \/>We invite you to take courses on a telescopic loader to <a href=\"https:\/\/kursy-udt.pl\/en\/o-firmie\/\">ERGON Personnel Training Center<\/a>!<\/p>\n<div class=\"wyjustuj\">\n<p>By choosing our charger courses, you get the assurance of professional training under the guidance of experienced instructors to obtain <a href=\"https:\/\/kursy-udt.pl\/en\/uprawnienia-udt\/kategorie-uprawnien-2\/\">UDT qualifications<\/a> it was even simpler. At the same time, the price of our classes should also arouse your interest - all trainings at ODK ERGON are distinguished by attractive, affordable fees.<\/p>\n<p>&nbsp;<\/p>\n<h2 class=\"naglowekh2\">Application<\/h2>\n<p>The telehandler is <a href=\"https:\/\/kursy-udt.pl\/en\/szkolenia\/udt-wdt-tdt\/wozki-widlowe-merlo\/\">forklift<\/a> specialised, variable reach loader that is used extensively on construction sites and other places where it is necessary to carry out transport work quickly and efficiently. Among other things, the trucks are used for work within the construction of roads, bridges, viaducts and steel structures.<\/p>\n<h2 class=\"naglowekh2\">Purpose of the training<\/h2>\n<p>The course for telescopic loaders was developed especially for those who want to apply for the qualifications necessary to work as an operator of lorry trucks with telescopic booms in category I WJO (specialized forklift).<\/p>\n<p>Our training will help you learn to use devices from manufacturers such as: Manitou, Merlo, New Holland, Dieci, JCB and Case and others commonly used in workplaces.<\/p>\n<p>The loader courses conducted by us consist of theoretical and practical parts, which together comprehensively prepare the participant to work as a device operator and use its accessories.<\/p>\n<p>The course for telescopic loaders (loaders with variable reach) ends with the state examination before the committee of the Office of Technical Inspection. After passing the exam, the participants receive the appropriate permissions and the operator&#039;s ID. They are valid indefinitely in Poland and the European Union countries.<\/p>\n<h2 class=\"naglowekh2\">Schedule<\/h2>\n<p>The telehandler course covers all the essential information and skills required for the position of equipment operator. Classes are based on a programme agreed with the UDT and consist of a theoretical and a practical part. <a href=\"https:\/\/kursy-udt.pl\/wp-content\/uploads\/2022\/10\/12-1.jpeg\"><img loading=\"lazy\" decoding=\"async\" class=\"size-medium wp-image-4452 alignright\" src=\"https:\/\/kursy-udt.pl\/wp-content\/uploads\/2022\/10\/12-1-300x200.jpeg\" alt=\"\" width=\"300\" height=\"200\" srcset=\"https:\/\/kursy-udt.pl\/wp-content\/uploads\/2022\/10\/12-1-300x200.jpeg 300w, https:\/\/kursy-udt.pl\/wp-content\/uploads\/2022\/10\/12-1-1024x682.jpeg 1024w, https:\/\/kursy-udt.pl\/wp-content\/uploads\/2022\/10\/12-1-768x511.jpeg 768w, https:\/\/kursy-udt.pl\/wp-content\/uploads\/2022\/10\/12-1-1536x1022.jpeg 1536w, https:\/\/kursy-udt.pl\/wp-content\/uploads\/2022\/10\/12-1-18x12.jpeg 18w, https:\/\/kursy-udt.pl\/wp-content\/uploads\/2022\/10\/12-1-624x415.jpeg 624w, https:\/\/kursy-udt.pl\/wp-content\/uploads\/2022\/10\/12-1.jpeg 1600w\" sizes=\"auto, (max-width: 300px) 100vw, 300px\" \/><\/a>These are mainly:<\/p>\n<ul>\n<li>types of trucks and their construction<\/li>\n<li>basic information in the field of cargo science<\/li>\n<li>technical supervision of the device<\/li>\n<li>using additional trolley accessories<\/li>\n<li>Necessary activities while operating the device before, during and after work<\/li>\n<li>classes on the construction and operation of gas cylinders<\/li>\n<li>news concerning <a href=\"https:\/\/kursy-udt.pl\/en\/szkolenia\/bhp-bezpieczenstwo-pracy\/prawna-ochrona-pracy\/\">Health and Safety<\/a><\/li>\n<li>practical classes with telescopic carts<\/li>\n<\/ul>\n<p>In our Center, we place emphasis on the fact that the classes are always interesting for participants and provide them with a full range of knowledge and skills necessary in their daily work. We employ experienced instructors and have modern educational facilities, which means that learning with us is always a good investment in expanding your competences.<\/p>\n<h2 class=\"naglowekh2\">Admission conditions<\/h2>\n<p>To qualify for a telescopic handler course, the following requirements must be met:<\/p>\n<ul>\n<li>have at least primary education<\/li>\n<li>be 18 years of age or older<\/li>\n<li>do not have any health contraindications to perform the profession of the device operator<\/li>\n<\/ul>\n<p>The price list of classes depends on the number of enrolled people. We provide attractive discounts for larger groups. For information on prices, please contact our company and we will present a detailed cost estimate for the service.<\/p>\n<p>Classes are conducted at our headquarters in the city of Warsaw, as well as in our regional centers. We are also able to organize classes with transport to the client. At the same time, we can adjust the thematic scope of the classes specifically to your requirements.<\/p>\n<p>As a company with many years of experience in the field of training, we know what our clients need, which is why we give you access to modern education at affordable prices. We are able to adapt individually to your needs, also in terms of the place and time of classes in the form of closed classes. If you have any questions, we will try to answer them as soon as possible.<\/p>\n<p>We encourage you to sign up for the telescopic loader course at ODK ERGON!<\/p>\n<p><a href=\"https:\/\/kursy-udt.pl\/wp-content\/uploads\/2022\/12\/13-kurs-ladowarki-teleskopowe-kursy-udt.pl_.png\"><img loading=\"lazy\" decoding=\"async\" class=\"aligncenter wp-image-4534\" src=\"https:\/\/kursy-udt.pl\/wp-content\/uploads\/2022\/12\/13-kurs-ladowarki-teleskopowe-kursy-udt.pl_-300x188.png\" alt=\"\" width=\"750\" height=\"469\" srcset=\"https:\/\/kursy-udt.pl\/wp-content\/uploads\/2022\/12\/13-kurs-ladowarki-teleskopowe-kursy-udt.pl_-300x188.png 300w, https:\/\/kursy-udt.pl\/wp-content\/uploads\/2022\/12\/13-kurs-ladowarki-teleskopowe-kursy-udt.pl_-1024x640.png 1024w, https:\/\/kursy-udt.pl\/wp-content\/uploads\/2022\/12\/13-kurs-ladowarki-teleskopowe-kursy-udt.pl_-768x480.png 768w, https:\/\/kursy-udt.pl\/wp-content\/uploads\/2022\/12\/13-kurs-ladowarki-teleskopowe-kursy-udt.pl_-18x12.png 18w, https:\/\/kursy-udt.pl\/wp-content\/uploads\/2022\/12\/13-kurs-ladowarki-teleskopowe-kursy-udt.pl_-624x390.png 624w, https:\/\/kursy-udt.pl\/wp-content\/uploads\/2022\/12\/13-kurs-ladowarki-teleskopowe-kursy-udt.pl_.png 1200w\" sizes=\"auto, (max-width: 750px) 100vw, 750px\" \/><\/a><\/p>\n<\/div>","protected":false},"excerpt":{"rendered":"<p>Zapraszamy na kursy na \u0142adowark\u0119 teleskopow\u0105 do O\u015brodka Doskonalenia Kadr ERGON! Wybieraj\u0105c nasze kursy na \u0142adowark\u0119, otrzymuj\u0105 Pa\u0144stwo pewno\u015b\u0107 profesjonalnego przeszkolenia pod okiem do\u015bwiadczonych instruktor\u00f3w, aby uzyskanie uprawnie\u0144 UDT by\u0142o jeszcze prostsze. Jednocze\u015bnie cena naszych zaj\u0119\u0107 r\u00f3wnie\u017c powinna wzbudzi\u0107 Pa\u0144stwa zainteresowanie \u2013 wszystkie szkolenia w ODK ERGON wyr\u00f3\u017cniaj\u0105 si\u0119 atrakcyjnymi, przyst\u0119pnymi dla ka\u017cdego op\u0142atami. &nbsp; Zastosowanie \u0141adowarka teleskopowa to w\u00f3zek wid\u0142owy specjalizowany, \u0142adowarka ze zmiennym wysi\u0119giem, kt\u00f3ra jest wykorzystywana powszechnie na placach bud\u00f3w oraz w innych miejscach, gdzie niezb\u0119dne jest prowadzenie prac transportowych w spos\u00f3b szybki i sprawny. W\u00f3zki stosowane s\u0105 mi\u0119dzy innymi przy pracach w ramach budowy dr\u00f3g, most\u00f3w, wiadukt\u00f3w, konstrukcji stalowych. Cel szkolenia Kurs na \u0142adowarki teleskopowe zosta\u0142 opracowany specjalnie dla tych os\u00f3b, kt\u00f3re chc\u0105 ubiega\u0107 si\u0119 o uzyskanie uprawnie\u0144 niezb\u0119dnych do pracy na stanowisku operatora w\u00f3zk\u00f3w jezdniowych z wysi\u0119gnikami teleskopowymi w kategorii I WJO (w\u00f3zek specjalizowany). Nasze szkolenie pomo\u017ce Pa\u0144stwu nauczy\u0107 si\u0119 obs\u0142ugiwa\u0107 urz\u0105dzenia takich producent\u00f3w jak: Manitou, Merlo, New Holland, Dieci, JCB oraz Case i innych stosowanych powszechnie w zak\u0142adach pracy. Prowadzone przez nas Kursy na \u0142adowarki sk\u0142adaj\u0105 si\u0119 z teoretycznej i praktycznej cz\u0119\u015bci, kt\u00f3re wsp\u00f3lnie kompleksowo przygotowuj\u0105 uczestnika do pracy na stanowisku operatora urz\u0105dzenia oraz stosowania jego osprz\u0119tu. Kurs na \u0142adowarki teleskopowe (\u0142adowarki ze zmiennym wysi\u0119giem) ko\u0144czy si\u0119 egzaminem pa\u0144stwowym przed komisj\u0105 Urz\u0119du Dozoru Technicznego. Po pozytywnym zaliczeniu egzaminu uczestnicy otrzymuj\u0105 stosowne uprawnienia oraz legitymacj\u0119 operatora. S\u0105 one wa\u017cne bezterminowo na terenie Polski oraz kraj\u00f3w Unii Europejskiej. Program zaj\u0119\u0107 Kurs na \u0142adowark\u0119 teleskopow\u0105 obejmuje wszystkie najwa\u017cniejsze informacje oraz umiej\u0119tno\u015bci niezb\u0119dne na stanowisku operatora urz\u0105dzenia. Zaj\u0119cia opieraj\u0105 si\u0119 na programie uzgodnionym [&hellip;]<\/p>\n","protected":false},"author":1,"featured_media":4452,"parent":65,"menu_order":15,"comment_status":"closed","ping_status":"closed","template":"","meta":{"sfsi_plus_gutenberg_text_before_share":"","sfsi_plus_gutenberg_show_text_before_share":"","sfsi_plus_gutenberg_icon_type":"","sfsi_plus_gutenberg_icon_alignemt":"","sfsi_plus_gutenburg_max_per_row":"","footnotes":""},"class_list":["post-1395","page","type-page","status-publish","has-post-thumbnail","hentry","has_thumb"],"aioseo_notices":[],"_links":{"self":[{"href":"https:\/\/kursy-udt.pl\/en\/wp-json\/wp\/v2\/pages\/1395","targetHints":{"allow":["GET"]}}],"collection":[{"href":"https:\/\/kursy-udt.pl\/en\/wp-json\/wp\/v2\/pages"}],"about":[{"href":"https:\/\/kursy-udt.pl\/en\/wp-json\/wp\/v2\/types\/page"}],"author":[{"embeddable":true,"href":"https:\/\/kursy-udt.pl\/en\/wp-json\/wp\/v2\/users\/1"}],"replies":[{"embeddable":true,"href":"https:\/\/kursy-udt.pl\/en\/wp-json\/wp\/v2\/comments?post=1395"}],"version-history":[{"count":21,"href":"https:\/\/kursy-udt.pl\/en\/wp-json\/wp\/v2\/pages\/1395\/revisions"}],"predecessor-version":[{"id":4535,"href":"https:\/\/kursy-udt.pl\/en\/wp-json\/wp\/v2\/pages\/1395\/revisions\/4535"}],"up":[{"embeddable":true,"href":"https:\/\/kursy-udt.pl\/en\/wp-json\/wp\/v2\/pages\/65"}],"wp:featuredmedia":[{"embeddable":true,"href":"https:\/\/kursy-udt.pl\/en\/wp-json\/wp\/v2\/media\/4452"}],"wp:attachment":[{"href":"https:\/\/kursy-udt.pl\/en\/wp-json\/wp\/v2\/media?parent=1395"}],"curies":[{"name":"wp","href":"https:\/\/api.w.org\/{rel}","templated":true}]}}