{"id":1386,"date":"2014-10-04T16:32:27","date_gmt":"2014-10-04T16:32:27","guid":{"rendered":"http:\/\/kursy-udt.pl\/?page_id=1386"},"modified":"2016-01-21T19:32:03","modified_gmt":"2016-01-21T19:32:03","slug":"telescopic-handlers","status":"publish","type":"page","link":"https:\/\/kursy-udt.pl\/en\/ladowarki-teleskopowe\/","title":{"rendered":"Telescopic loaders"},"content":{"rendered":"<div style=\"float: left; padding-right: 10px;\"><img decoding=\"async\" alt=\"Moving platforms - photo\" src=\"\/wp-content\/uploads\/2014\/03\/wozki-widlowe-1.jpeg\" \/><\/div>\n<div class=\"wyjustuj\">\n<p>Forklift trucks and loaders are widely used in transport work. They make it possible to carry out labour-intensive operations, saving time and also insisting on a high level of safety.<\/p>\n<p><strong>Application of devices<\/strong><br \/>\nTelescopic handlers are some of the commonly used machines in construction work, including earthmoving, which also work well in other industries, including agriculture, warehousing or material handling work of various kinds both vertically and horizontally. It is <a href=\"https:\/\/kursy-udt.pl\/en\/szkolenia\/udt-wdt-tdt\/wozki-widlowe-merlo\/\">forklift<\/a> specialised, which requires appropriate knowledge certified by the operator to operate.<\/p>\n<p>When operated correctly, a telehandler is capable of handling, among other things, earth or aggregates in earthworks such as land levelling. In agriculture, they can transport straw, manure or wood. The machines are also used for loading and handling pallets, crates and big bags in warehouses and transfer stations.<\/p>\n<p>Some loaders have special human baskets as attachments, so they can then act as lifts. The full range of attachments makes them versatile and frequently used machines, which in turn also creates a high demand for workers with <a href=\"https:\/\/kursy-udt.pl\/en\/uprawnienia-udt\/kategorie-uprawnien-2\/\">entitlements<\/a> to handle them.<\/p>\n<p><strong>Construction<\/strong><br \/>\nThe telehandler or variable reach loader, as the term is also used, differs from a normal forklift truck. First of all, it is equipped with a much more powerful engine, which means it can also perform more difficult tasks. Its small size is also a big advantage, as it works well for carrying out work in small areas. The machine has four fixed-wheel drive and is able to work on almost any type of surface, including difficult surfaces such as mud or sand. The loaders have spacious cabs for operator protection and stabilisers.<\/p>\n<p><strong>Devices are commonly divided into two types:<\/strong><\/p>\n<ul>\n<li>Rigid, front-end, panoramic - these are loaders that have a rigidly positioned operator's cab. The booms are guided on these models from the right side of the vehicle. The machines can be fitted with side supports. Typically, their lifting capacity ranges from 1.5 to 20 tonnes, with an outreach of up to 20 metres<\/li>\n<li>rotary, roto - models with a swivel head that also allows the operator's cab to be repositioned with the boom 360 degrees on the machine platform. They generally have a lifting capacity of 3 to 5 tonnes and an outreach of up to 30 metres<\/li>\n<\/ul>\n<p>Among the most popular manufacturers of telehandlers are companies such as New Holland, Manitou, Case, Dieci, JCB or Merlo. In their offer you can find a full range of modern equipment comprehensively supporting construction and other types of work. The price of the equipment can reach several hundred thousand zlotys, depending on the manufacturer, size and attachments used.<\/p>\n<p><strong>Courses for telehandlers<\/strong><br \/>\nTo work as an equipment operator, you need a licence to do so. These are awarded after undergoing training and passing the UDT exam. Choosing <a href=\"https:\/\/kursy-udt.pl\/en\/szkolenia\/kurs-na-ladowarki-teleskopowe\/\">telescopic loader course<\/a>, the participant is given cross-cutting information on how to operate the equipment safely at the operator's workplace. It teaches, among other things, how to drive the forklift correctly, how to place loads on it, how to comply with technical supervision and health and safety regulations.<\/p>\n<p>At ODK ERGON, we offer you professional training which is the basis for obtaining the I WJO licence for a specialised forklift truck, i.e. a telescopic loader, among other things. As a company with many years of educational experience, we provide our students with full expert support in passing the exam before the commission of the Office of Technical Inspection. We operate in the cities of: Warsaw, Krakow, Katowice and Bielsko-Biala, and we are also able to organise closed classes for our customers at any given date and place. The price list of our classes is adapted to the number of participants.<\/p>\n<p>All those interested are invited to attend a telehandler course at the <a href=\"https:\/\/kursy-udt.pl\/en\/o-firmie\/\">ERGON Personnel Training Center<\/a>!<\/p>\n<\/div>","protected":false},"excerpt":{"rendered":"<p>W pracach transportowych powszechnie stosuje si\u0119 w\u00f3zki wid\u0142owe oraz \u0142adowarki. Dzi\u0119ki nim mo\u017cna wykonywa\u0107 pracoch\u0142onne operacje, oszcz\u0119dzaj\u0105c czas, a przy tym r\u00f3wnie\u017c z naciskiem na wysokim poziom bezpiecze\u0144stwa. Zastosowanie urz\u0105dze\u0144 \u0141adowarki teleskopowe to jedne z powszechnie wykorzystywanych maszyn w robotach budowlanych, w tym w robotach ziemnych, kt\u00f3re r\u00f3wnie\u017c sprawdzaj\u0105 si\u0119 w innych bran\u017cach, mi\u0119dzy innymi rolniczej, w magazynach czy te\u017c w pracach transportu bliskiego r\u00f3\u017cnego rodzaju zar\u00f3wno w pionie, jak i w poziomie. To w\u00f3zek wid\u0142owy specjalizowany, kt\u00f3ry do obs\u0142ugi wymaga odpowiedniej wiedzy po\u015bwiadczonej uprawnieniami operatora. Poprawnie operowana \u0142adowarka teleskopowa jest w stanie przenosi\u0107 mi\u0119dzy innymi ziemi\u0119 lub kruszywa przy pracach ziemnych, na przyk\u0142ad przy niwelacji grunt\u00f3w. W rolnictwie dzi\u0119ki nim mo\u017cna transportowa\u0107 s\u0142om\u0119, obornik czy drewno. Tak\u017ce urz\u0105dzenia znajduj\u0105 zastosowanie przy za\u0142adunku i prze\u0142adunku palet, skrzyniopalet, big-bag\u00f3w w magazynach i stacjach prze\u0142adunkowych. Niekt\u00f3re \u0142adowarki posiadaj\u0105 jako osprz\u0119t specjalne kosze dla ludzi, dlatego mog\u0105 pe\u0142ni\u0107 wtedy funkcje podno\u015bnik\u00f3w. Pe\u0142na gama osprz\u0119tu powoduje, \u017ce s\u0105 to wszechstronne i cz\u0119sto wykorzystywane urz\u0105dzenia, co z kolei r\u00f3wnie\u017c wywo\u0142uje wysokie zapotrzebowanie na pracownik\u00f3w posiadaj\u0105cych uprawnienia do ich obs\u0142ugi. Budowa \u0141adowarka teleskopowa czy \u0142adowarka ze zmiennym wysi\u0119giem, poniewa\u017c stosuje si\u0119 r\u00f3wnie\u017c takie okre\u015blenie, r\u00f3\u017cni si\u0119 od zwyk\u0142ego w\u00f3zka wid\u0142owego. Przede wszystkim jest wyposa\u017cona w silnik o znacznie wi\u0119kszej mocy, co powoduje, \u017ce mo\u017ce wykonywa\u0107 tak\u017ce trudniejsze zadania. Jej niewielkie wymiary s\u0105 r\u00f3wnie\u017c du\u017cym atutem, poniewa\u017c sprawdza si\u0119 ona przy realizacji prac na ma\u0142ych powierzchniach. Urz\u0105dzenie posiada cztery ko\u0142a o nap\u0119dzie sta\u0142ym, jest w stanie pracowa\u0107 niemal\u017ce na ka\u017cdego rodzaju nawierzchni, tak\u017ce na nawierzchniach trudnych jak b\u0142oto, piasek. \u0141adowarki posiadaj\u0105 przestronne [&hellip;]<\/p>\n","protected":false},"author":1,"featured_media":0,"parent":0,"menu_order":0,"comment_status":"closed","ping_status":"closed","template":"","meta":{"sfsi_plus_gutenberg_text_before_share":"","sfsi_plus_gutenberg_show_text_before_share":"","sfsi_plus_gutenberg_icon_type":"","sfsi_plus_gutenberg_icon_alignemt":"","sfsi_plus_gutenburg_max_per_row":"","footnotes":""},"class_list":["post-1386","page","type-page","status-publish","hentry","has_thumb"],"aioseo_notices":[],"_links":{"self":[{"href":"https:\/\/kursy-udt.pl\/en\/wp-json\/wp\/v2\/pages\/1386","targetHints":{"allow":["GET"]}}],"collection":[{"href":"https:\/\/kursy-udt.pl\/en\/wp-json\/wp\/v2\/pages"}],"about":[{"href":"https:\/\/kursy-udt.pl\/en\/wp-json\/wp\/v2\/types\/page"}],"author":[{"embeddable":true,"href":"https:\/\/kursy-udt.pl\/en\/wp-json\/wp\/v2\/users\/1"}],"replies":[{"embeddable":true,"href":"https:\/\/kursy-udt.pl\/en\/wp-json\/wp\/v2\/comments?post=1386"}],"version-history":[{"count":1,"href":"https:\/\/kursy-udt.pl\/en\/wp-json\/wp\/v2\/pages\/1386\/revisions"}],"predecessor-version":[{"id":1387,"href":"https:\/\/kursy-udt.pl\/en\/wp-json\/wp\/v2\/pages\/1386\/revisions\/1387"}],"wp:attachment":[{"href":"https:\/\/kursy-udt.pl\/en\/wp-json\/wp\/v2\/media?parent=1386"}],"curies":[{"name":"wp","href":"https:\/\/api.w.org\/{rel}","templated":true}]}}