{"id":1334,"date":"2014-08-12T22:13:49","date_gmt":"2014-08-12T22:13:49","guid":{"rendered":"http:\/\/kursy-udt.pl\/?page_id=1334"},"modified":"2022-10-14T12:18:53","modified_gmt":"2022-10-14T12:18:53","slug":"once-the-work-has-been-completed","status":"publish","type":"page","link":"https:\/\/kursy-udt.pl\/en\/szkolenia\/kurs-na-suwnice\/po-zakonczeniu-pracy\/","title":{"rendered":"After work"},"content":{"rendered":"<h2 class=\"naglowekh2\"><img loading=\"lazy\" decoding=\"async\" class=\"paddingleft10 alignleft wp-image-1340\" src=\"https:\/\/kursy-udt.pl\/wp-content\/uploads\/2014\/08\/po-pracy_m.jpg\" alt=\"\" width=\"200\" height=\"150\" \/>Activities after the crane<\/h2>\n<p>When working with overhead cranes, it is essential not only to be properly prepared for the task and to handle the equipment correctly during transport, but in addition any employee who has a <a href=\"https:\/\/kursy-udt.pl\/en\/uprawnienia-udt\/kategorie-uprawnien-2\/\">entitlements<\/a> on the cranes, he needs to know what work needs to be done after the work is completed.<\/p>\n<p>All of the following must be carried out by each operator of the equipment after each working shift. Their omission can cause serious accidents at work. Compliance with regulations <a href=\"https:\/\/kursy-udt.pl\/en\/szkolenia\/bhp-bezpieczenstwo-pracy\/prawna-ochrona-pracy\/\">Health and Safety<\/a> on the position of the crane operator is crucial, as this equipment often poses a serious risk at the plant workplace due to its size and the weight of the loads it carries.<\/p>\n<div class=\"filmw\">\n<div class=\"responsive-youtube\" style=\"text-align: center;\"><iframe loading=\"lazy\" title=\"YouTube video player\" src=\"https:\/\/www.youtube.com\/embed\/0BIkkFvLgew\" width=\"560\" height=\"315\" frameborder=\"0\" allowfullscreen=\"allowfullscreen\"><\/iframe><\/div>\n<\/div>\n<h2 class=\"naglowekh2\"><strong>Key post-work activities:<\/strong><\/h2>\n<ul>\n<li>checking that no loads are left on the load carrier - if so, they must be removed and placed in the correct place according to regulations<\/li>\n<li>lift the loading device to the indicated height so as not to impede the movement of workers, vehicles below - this is usually around 2.5 metres, but is usually determined on a case-by-case basis depending on the type of device and the workplace<\/li>\n<li>place the equipment in a stationary position so that it does not interfere with other work on the site<\/li>\n<li>press the emergency stop button on the device<\/li>\n<li>disconnect all controls on the control panel<\/li>\n<li>turn off the unit's power supply using the unit's main power switch<\/li>\n<li>the wind brakes must be secured if the equipment is fitted with them<\/li>\n<li>if the device is equipped with an electromagnet, it must be lowered to the ground<\/li>\n<li>before leaving the workplace, visually inspect the equipment thoroughly and look for any mechanical damage or leaks of operating fluids<\/li>\n<li>the device must be secured against unauthorised use<\/li>\n<li>in the event of any malfunctions in connection with the operation of the equipment, inform your supervisor immediately, as well as other operators if possible<\/li>\n<li>at the end of the shift, sign in the log book, which results in the handover of the equipment<\/li>\n<\/ul>\n<p><a href=\"https:\/\/kursy-udt.pl\/wp-content\/uploads\/2022\/10\/s2.jpeg\"><img loading=\"lazy\" decoding=\"async\" class=\"aligncenter wp-image-4478\" src=\"https:\/\/kursy-udt.pl\/wp-content\/uploads\/2022\/10\/s2-300x200.jpeg\" alt=\"\" width=\"750\" height=\"500\" srcset=\"https:\/\/kursy-udt.pl\/wp-content\/uploads\/2022\/10\/s2-300x200.jpeg 300w, https:\/\/kursy-udt.pl\/wp-content\/uploads\/2022\/10\/s2-1024x683.jpeg 1024w, https:\/\/kursy-udt.pl\/wp-content\/uploads\/2022\/10\/s2-768x512.jpeg 768w, https:\/\/kursy-udt.pl\/wp-content\/uploads\/2022\/10\/s2-1536x1024.jpeg 1536w, https:\/\/kursy-udt.pl\/wp-content\/uploads\/2022\/10\/s2-18x12.jpeg 18w, https:\/\/kursy-udt.pl\/wp-content\/uploads\/2022\/10\/s2-624x416.jpeg 624w, https:\/\/kursy-udt.pl\/wp-content\/uploads\/2022\/10\/s2.jpeg 1600w\" sizes=\"auto, (max-width: 750px) 100vw, 750px\" \/><\/a><\/p>\n<p>It should be remembered that when a crane is taken over by the next shift, the current crane driver must hand over the crane to the next crane driver. If this is not possible, then the crane driver may only leave his job with the agreement of his immediate supervisor.<\/p>\n<p>Choosing <a href=\"https:\/\/kursy-udt.pl\/en\/szkolenia\/kurs-na-suwnice\/\">crane course<\/a> in our <a href=\"https:\/\/kursy-udt.pl\/en\/o-firmie\/\">ERGON Personnel Training Center<\/a>You will receive all the key information relating to the operation of the equipment presented. Our instructors not only provide you with the information in the form of theory, but also verify it during the practical exercises that are organised with the equipment. It is during these exercises that you can familiarise yourself thoroughly with all the procedures that need to be followed before, during and after work. You are welcome!<\/p>\n<div class=\"button_styl\" style=\"float: right; padding-left: 15px; padding-bottom: 8px; margin-bottom: 5px;\"><a class=\"myButton myButton_maly\" href=\"https:\/\/platformaedukacji.pl\/login\/signup.php\" target=\"_blank\" rel=\"nofollow noopener\"><span style=\"color: white;\">Sign up for training<\/span><\/a><\/div>\n<div style=\"padding-top: 70px;\">\n<h2>More information:<\/h2>\n<div style=\"text-align: center; font-size: 85%; line-height: 120%;\">\n<div style=\"float: left; margin-right: 40px; height: 290px;\">\n<p><a href=\"\/en\/training\/crane-course\/construction-of-cranes\/\"><img decoding=\"async\" src=\"\/wp-content\/uploads\/2014\/08\/budowa.jpg\" alt=\"\" \/><\/a><\/p>\n<div style=\"width: 300px; font-size: 130%;\"><strong>Construction of overhead cranes<\/strong><\/div>\n<p>&nbsp;<\/p>\n<\/div>\n<div style=\"float: left; margin-right: 40px; height: 290px;\">\n<p><a href=\"\/en\/training\/crane-course\/prohibited-activities\/\"><img decoding=\"async\" src=\"\/wp-content\/uploads\/2014\/08\/zabronione.jpg\" alt=\"\" \/><\/a><\/p>\n<div style=\"width: 300px; font-size: 130%;\"><strong>Prohibited activities<\/strong><\/div>\n<p>&nbsp;<\/p>\n<\/div>\n<\/div>\n<div style=\"clear: both;\"><\/div>\n<div style=\"text-align: center; font-size: 85%; line-height: 120%;\">\n<div style=\"float: left; margin-right: 40px; height: 290px;\">\n<p><a href=\"\/en\/training\/crane-course\/preparatory-activities\/\"><img decoding=\"async\" src=\"\/wp-content\/uploads\/2014\/08\/przygotowanie.jpg\" alt=\"\" \/><\/a><\/p>\n<div style=\"width: 300px; font-size: 130%;\"><strong>Preparatory activities<\/strong><\/div>\n<p>&nbsp;<\/p>\n<\/div>\n<div style=\"float: left; margin-right: 40px; height: 290px;\">\n<p><a href=\"\/en\/training\/crane-course\/once-the-work-has-been-completed\/\"><img decoding=\"async\" src=\"\/wp-content\/uploads\/2014\/08\/po-pracy.jpg\" alt=\"\" \/><\/a><\/p>\n<div style=\"width: 300px; font-size: 130%;\"><strong>After work<\/strong><\/div>\n<p>&nbsp;<\/p>\n<\/div>\n<\/div>\n<div style=\"text-align: center; font-size: 85%; line-height: 120%;\">\n<div style=\"float: left; margin-right: 40px; height: 290px;\">\n<p><a href=\"\/en\/training\/crane-course\/\"><img decoding=\"async\" style=\"width: 300px; height: 225px;\" src=\"\/wp-content\/uploads\/2014\/04\/suwnice.jpeg\" alt=\"\" \/><\/a><\/p>\n<div style=\"width: 300px; font-size: 130%;\"><strong>Course for overhead traveling cranes<\/strong><\/div>\n<p>&nbsp;<\/p>\n<\/div>\n<\/div>\n<\/div>","protected":false},"excerpt":{"rendered":"<p>Czynno\u015bci po zako\u0144czeniu pracy z suwnic\u0105 Przy pracy z suwnicami niezb\u0119dne jest nie tylko prawid\u0142owe przygotowanie si\u0119 do zadania oraz w\u0142a\u015bciwe operowanie urz\u0105dzeniem podczas transportu, ale dodatkowo tak\u017ce ka\u017cdy pracownik, kt\u00f3ry posiada uprawnienia na suwnice, musi wiedzie\u0107, jakie czynno\u015bci trzeba wykona\u0107 po zako\u0144czeniu prac. Wszystkie z poni\u017cej przedstawionych czynno\u015bci musi wykona\u0107 ka\u017cdy operator urz\u0105dzenia po ka\u017cdej zmianie roboczej. Ich pomini\u0119cie mo\u017ce by\u0107 przyczyn\u0105 powa\u017cnych wypadk\u00f3w przy pracy. Przestrzeganie przepis\u00f3w BHP na stanowisku suwnicowego jest kluczowe, poniewa\u017c sprz\u0119t ten cz\u0119sto ze wzgl\u0119du na swoje wymiary oraz na ci\u0119\u017car przenoszonych \u0142adunk\u00f3w stanowi powa\u017cne zagro\u017cenie na stanowisku pracy w zak\u0142adzie. Najwa\u017cniejsze czynno\u015bci po zako\u0144czonej pracy: sprawdzenie, czy na urz\u0105dzeniu do transportu \u0142adunk\u00f3w nie pozosta\u0142y \u017cadne \u0142adunki \u2013 gdy tak, nale\u017cy zgodnie z przepisami zdj\u0105\u0107 je i umie\u015bci\u0107 w odpowiednim miejscu nale\u017cy unie\u015b\u0107 urz\u0105dzenie \u0142adunkowe na wskazan\u0105 wysoko\u015b\u0107, aby nie przeszkadza\u0142o ono w poruszaniu si\u0119 poni\u017cej pracownik\u00f3w, pojazd\u00f3w \u2013 najcz\u0119\u015bciej jest to wysoko\u015b\u0107 oko\u0142o 2,5 metra, ale jest ona zwykle indywidualnie wyznaczana zale\u017cnie od rodzaju urz\u0105dzenia oraz zak\u0142adu pracy nale\u017cy umie\u015bci\u0107 urz\u0105dzenie w miejscu jego postoju, aby nie przeszkadza\u0142o w wykonywaniu innych prac w zak\u0142adzie nale\u017cy nacisn\u0105\u0107 przycisk zatrzymania awaryjnego urz\u0105dzenia nale\u017cy od\u0142\u0105czy\u0107 wszystkie uk\u0142ady sterowania, kt\u00f3re znajduj\u0105 si\u0119 na panelu steruj\u0105cym nale\u017cy wy\u0142\u0105czy\u0107 zasilanie urz\u0105dzenia z u\u017cyciem g\u0142\u00f3wnego wy\u0142\u0105cznika zasilania urz\u0105dzenia nale\u017cy zabezpieczy\u0107 hamulce przeciwwiatrowe, je\u017celi urz\u0105dzenie jest w nie wyposa\u017cone je\u017celi urz\u0105dzenie wyposa\u017cone jest w elektromagnes, nale\u017cy opu\u015bci\u0107 go na ziemi\u0119 przed opuszczeniem stanowiska pracy nale\u017cy dok\u0142adnie wzrokowo skontrolowa\u0107 urz\u0105dzenie i zwr\u00f3ci\u0107 uwag\u0119 na ewentualne uszkodzenia mechaniczne, wycieki p\u0142yn\u00f3w eksploatacyjnych nale\u017cy dokona\u0107 zabezpieczenia urz\u0105dzenia przed osobami postronnymi, [&hellip;]<\/p>\n","protected":false},"author":1,"featured_media":4478,"parent":1322,"menu_order":8,"comment_status":"closed","ping_status":"closed","template":"","meta":{"sfsi_plus_gutenberg_text_before_share":"","sfsi_plus_gutenberg_show_text_before_share":"","sfsi_plus_gutenberg_icon_type":"","sfsi_plus_gutenberg_icon_alignemt":"","sfsi_plus_gutenburg_max_per_row":"","footnotes":""},"class_list":["post-1334","page","type-page","status-publish","has-post-thumbnail","hentry","has_thumb"],"aioseo_notices":[],"_links":{"self":[{"href":"https:\/\/kursy-udt.pl\/en\/wp-json\/wp\/v2\/pages\/1334","targetHints":{"allow":["GET"]}}],"collection":[{"href":"https:\/\/kursy-udt.pl\/en\/wp-json\/wp\/v2\/pages"}],"about":[{"href":"https:\/\/kursy-udt.pl\/en\/wp-json\/wp\/v2\/types\/page"}],"author":[{"embeddable":true,"href":"https:\/\/kursy-udt.pl\/en\/wp-json\/wp\/v2\/users\/1"}],"replies":[{"embeddable":true,"href":"https:\/\/kursy-udt.pl\/en\/wp-json\/wp\/v2\/comments?post=1334"}],"version-history":[{"count":9,"href":"https:\/\/kursy-udt.pl\/en\/wp-json\/wp\/v2\/pages\/1334\/revisions"}],"predecessor-version":[{"id":4480,"href":"https:\/\/kursy-udt.pl\/en\/wp-json\/wp\/v2\/pages\/1334\/revisions\/4480"}],"up":[{"embeddable":true,"href":"https:\/\/kursy-udt.pl\/en\/wp-json\/wp\/v2\/pages\/1322"}],"wp:featuredmedia":[{"embeddable":true,"href":"https:\/\/kursy-udt.pl\/en\/wp-json\/wp\/v2\/media\/4478"}],"wp:attachment":[{"href":"https:\/\/kursy-udt.pl\/en\/wp-json\/wp\/v2\/media?parent=1334"}],"curies":[{"name":"wp","href":"https:\/\/api.w.org\/{rel}","templated":true}]}}