{"id":1330,"date":"2014-08-12T22:07:54","date_gmt":"2014-08-12T22:07:54","guid":{"rendered":"http:\/\/kursy-udt.pl\/?page_id=1330"},"modified":"2022-10-14T12:14:41","modified_gmt":"2022-10-14T12:14:41","slug":"prohibited-activities","status":"publish","type":"page","link":"https:\/\/kursy-udt.pl\/en\/szkolenia\/kurs-na-suwnice\/czynnosci-zabronione\/","title":{"rendered":"Prohibited activities"},"content":{"rendered":"<h2 class=\"naglowekh2\"><img loading=\"lazy\" decoding=\"async\" class=\"paddingleft10 alignleft wp-image-1344\" src=\"https:\/\/kursy-udt.pl\/wp-content\/uploads\/2014\/08\/zabronione_m.jpg\" alt=\"\" width=\"200\" height=\"150\" \/>Prohibited activities when operating cranes<\/h2>\n<p>The crane operator must remember to comply with operating regulations - failure to comply with all requirements significantly increases the risk of accidents at work. Every <a href=\"https:\/\/kursy-udt.pl\/en\/szkolenia\/kurs-na-suwnice\/\">crane course<\/a> covers a thematic block related to health and safety when operating equipment. Among the information provided are those relating to categorically prohibited activities when operating an overhead crane. Among these are:<\/p>\n<ul>\n<li>no person may operate the equipment unless he\/she is duly authorised to do so by the Office of Technical Inspection<\/li>\n<li>it is forbidden to use equipment that is not in working order or without a valid decision from the Office of Technical Inspection or the TADT authorising the work to be carried out<\/li>\n<li>it is forbidden to work after the consumption of alcohol and other intoxicating substances or drugs that impair mental and physical performance<\/li>\n<li>do not use mismatched slings or damaged slings<\/li>\n<li>do not lift loads in excess of the lifting capacity - this may cause an immediate risk to the life or health of the operator and workers on site<\/li>\n<li>it is forbidden to lift loads which are located out of the reach of the ruling<\/li>\n<li>do not pull loads diagonally<\/li>\n<li>it is not permitted to lift those loads and objects which are fixed to the pavement, for example bolted, welded or frozen during the winter period<\/li>\n<li>it is forbidden to move loads directly over workers' workstations or over other persons in the workplace<\/li>\n<li>the load must not be left on the gripping device without being released<\/li>\n<li>it is forbidden to ride or drive over safety links with a trolley, towing vehicle or bridge<\/li>\n<li>do not use the wire rope as a load lifting device<\/li>\n<li>overload protection must not be used when weighing loads<\/li>\n<li>maintenance work, for example lubrication and cleaning, must not be carried out during operation<\/li>\n<li>do not carry out any repairs or adjustments to the appliance or its components yourself while it is operating, or without having the necessary authorisation to do so<\/li>\n<\/ul>\n<div class=\"filmw\">\n<div class=\"responsive-youtube\" style=\"text-align: center;\"><iframe loading=\"lazy\" title=\"YouTube video player\" src=\"https:\/\/www.youtube.com\/embed\/0BIkkFvLgew\" width=\"560\" height=\"315\" frameborder=\"0\" allowfullscreen=\"allowfullscreen\"><\/iframe><\/div>\n<\/div>\n<p>Any person who applies for <a href=\"https:\/\/kursy-udt.pl\/en\/uprawnienia-udt\/kategorie-uprawnien-2\/\">entitlements<\/a> on overhead cranes, should be familiar with all the procedures involved in operating the equipment. Without knowing them, the risk of an accident at work is much higher.<\/p>\n<h2 class=\"naglowekh2\"><strong>Remember!<\/strong><\/h2>\n<ul>\n<li>work with overhead cranes may only be performed on the basis of a valid decision from the Office of Technical Inspection authorising its operation<\/li>\n<li>follow the operating instructions when operating the appliance <a href=\"https:\/\/kursy-udt.pl\/en\/szkolenia\/bhp-bezpieczenstwo-pracy\/prawna-ochrona-pracy\/\">Health and Safety<\/a> and operating instructions<\/li>\n<li>when the employee notices damage to the equipment, the work must be stopped immediately and the equipment must be put out of action and the persons responsible for its technical condition must be informed<\/li>\n<li><a href=\"https:\/\/kursy-udt.pl\/wp-content\/uploads\/2022\/10\/1-5.jpeg\"><img loading=\"lazy\" decoding=\"async\" class=\"aligncenter wp-image-4472\" src=\"https:\/\/kursy-udt.pl\/wp-content\/uploads\/2022\/10\/1-5-300x225.jpeg\" alt=\"\" width=\"750\" height=\"563\" srcset=\"https:\/\/kursy-udt.pl\/wp-content\/uploads\/2022\/10\/1-5-300x225.jpeg 300w, https:\/\/kursy-udt.pl\/wp-content\/uploads\/2022\/10\/1-5-1024x768.jpeg 1024w, https:\/\/kursy-udt.pl\/wp-content\/uploads\/2022\/10\/1-5-768x576.jpeg 768w, https:\/\/kursy-udt.pl\/wp-content\/uploads\/2022\/10\/1-5-1536x1152.jpeg 1536w, https:\/\/kursy-udt.pl\/wp-content\/uploads\/2022\/10\/1-5-16x12.jpeg 16w, https:\/\/kursy-udt.pl\/wp-content\/uploads\/2022\/10\/1-5-640x480.jpeg 640w, https:\/\/kursy-udt.pl\/wp-content\/uploads\/2022\/10\/1-5-624x468.jpeg 624w, https:\/\/kursy-udt.pl\/wp-content\/uploads\/2022\/10\/1-5.jpeg 1600w\" sizes=\"auto, (max-width: 750px) 100vw, 750px\" \/><\/a><\/li>\n<\/ul>\n<p>&nbsp;<\/p>\n<p>If you are interested in acquiring the necessary authorisations to operate the equipment presented, we cordially invite you to attend a crane course at our <a href=\"https:\/\/kursy-udt.pl\/en\/o-firmie\/\">ERGON Personnel Training Center<\/a>. With us, you will become thoroughly familiar with all health and safety issues and the operation of the equipment and will be able to take the examination before the Technical Inspection Authority.<\/p>\n<div class=\"button_styl\" style=\"float: right; padding-left: 15px; padding-bottom: 8px; margin-bottom: 5px;\"><a class=\"myButton myButton_maly\" href=\"https:\/\/platformaedukacji.pl\/login\/signup.php\" target=\"_blank\" rel=\"nofollow noopener\"><span style=\"color: white;\">Sign up for training<\/span><\/a><\/div>\n<div style=\"padding-top: 70px;\">\n<h2>More information:<\/h2>\n<div style=\"text-align: center; font-size: 85%; line-height: 120%;\">\n<div style=\"float: left; margin-right: 40px; height: 290px;\">\n<p><a href=\"\/en\/training\/crane-course\/construction-of-cranes\/\"><img decoding=\"async\" src=\"\/wp-content\/uploads\/2014\/08\/budowa.jpg\" alt=\"\" \/><\/a><\/p>\n<div style=\"width: 300px; font-size: 130%;\"><strong>Construction of overhead cranes<\/strong><\/div>\n<p>&nbsp;<\/p>\n<\/div>\n<div style=\"float: left; margin-right: 40px; height: 290px;\">\n<p><a href=\"\/en\/training\/crane-course\/prohibited-activities\/\"><img decoding=\"async\" src=\"\/wp-content\/uploads\/2014\/08\/zabronione.jpg\" alt=\"\" \/><\/a><\/p>\n<div style=\"width: 300px; font-size: 130%;\"><strong>Prohibited activities<\/strong><\/div>\n<p>&nbsp;<\/p>\n<\/div>\n<\/div>\n<div style=\"clear: both;\"><\/div>\n<div style=\"text-align: center; font-size: 85%; line-height: 120%;\">\n<div style=\"float: left; margin-right: 40px; height: 290px;\">\n<p><a href=\"\/en\/training\/crane-course\/preparatory-activities\/\"><img decoding=\"async\" src=\"\/wp-content\/uploads\/2014\/08\/przygotowanie.jpg\" alt=\"\" \/><\/a><\/p>\n<div style=\"width: 300px; font-size: 130%;\"><strong>Preparatory activities<\/strong><\/div>\n<p>&nbsp;<\/p>\n<\/div>\n<div style=\"float: left; margin-right: 40px; height: 290px;\">\n<p><a href=\"\/en\/training\/crane-course\/once-the-work-has-been-completed\/\"><img decoding=\"async\" src=\"\/wp-content\/uploads\/2014\/08\/po-pracy.jpg\" alt=\"\" \/><\/a><\/p>\n<div style=\"width: 300px; font-size: 130%;\"><strong>After work<\/strong><\/div>\n<p>&nbsp;<\/p>\n<\/div>\n<\/div>\n<div style=\"text-align: center; font-size: 85%; line-height: 120%;\">\n<div style=\"float: left; margin-right: 40px; height: 290px;\">\n<p><a href=\"\/en\/training\/crane-course\/\"><img decoding=\"async\" style=\"width: 300px; height: 225px;\" src=\"\/wp-content\/uploads\/2014\/04\/suwnice.jpeg\" alt=\"\" \/><\/a><\/p>\n<div style=\"width: 300px; font-size: 130%;\"><strong>Course for overhead traveling cranes<\/strong><\/div>\n<p>&nbsp;<\/p>\n<\/div>\n<\/div>\n<\/div>","protected":false},"excerpt":{"rendered":"<p>Czynno\u015bci niedozwolone podczas obs\u0142ugi suwnic Operator suwnic musi pami\u0119ta\u0107 o przestrzeganiu przepis\u00f3w obs\u0142ugi \u2013 niedotrzymanie wszystkich wymog\u00f3w znacznie zwi\u0119ksza ryzyko wypadk\u00f3w przy pracy. Ka\u017cdy kurs na suwnice obejmuje blok tematyczny zwi\u0105zany z bezpiecze\u0144stwem oraz higien\u0105 pracy podczas obs\u0142ugi urz\u0105dze\u0144. W\u015br\u00f3d przekazywanych informacji znajduj\u0105 si\u0119 r\u00f3wnie\u017c te dotycz\u0105ce kategorycznie zabronionych czynno\u015bci podczas operowania suwnic\u0105. W\u015br\u00f3d nich znajduj\u0105 si\u0119: operatorem urz\u0105dzenia nie mo\u017ce zosta\u0107 osoba bez stosownych uprawnie\u0144 wydanych przez Urz\u0105d Dozoru Technicznego nie wolno korzysta\u0107 z urz\u0105dzenia niesprawnego lub te\u017c bez obowi\u0105zuj\u0105cej decyzji wydanej przez UDT lub TDT, kt\u00f3ra zezwala na wykonanie pracy nie wolno przyst\u0119powa\u0107 do pracy po spo\u017cyciu alkoholu, a tak\u017ce innych substancji odurzaj\u0105cych oraz lek\u00f3w, kt\u00f3re zaburzaj\u0105 sprawno\u015b\u0107 psychofizyczn\u0105 nie wolno stosowa\u0107 niedopasowanych zawiesi lub te\u017c zawiesi uszkodzonych nie wolno podnosi\u0107 \u0142adunk\u00f3w, kt\u00f3rych ci\u0119\u017car jest wi\u0119kszy ni\u017c dopuszczalny ud\u017awig \u2013 mo\u017ce to spowodowa\u0107 bezpo\u015brednie zagro\u017cenie \u017cycia lub zdrowia operatora i pracownik\u00f3w na terenie zak\u0142adu pracy nie wolno podnosi\u0107 \u0142adunk\u00f3w, kt\u00f3re zlokalizowane s\u0105 poza zasi\u0119giem rz\u0105dzenia nie wolno ci\u0105gn\u0105\u0107 \u0142adunk\u00f3w uko\u015bnie nie wolno podnosi\u0107 tych \u0142adunk\u00f3w oraz obiekt\u00f3w, kt\u00f3re s\u0105 przytwierdzone do nawierzchni, na przyk\u0142ad przykr\u0119cone, przyspawane czy te\u017c przymarzni\u0119te w okresie zimowym nie wolno przenosi\u0107 \u0142adunk\u00f3w bezpo\u015brednio nad stanowiskami pracy pracownik\u00f3w lub nad innymi osobami przebywaj\u0105cymi na terenie zak\u0142adu pracy nie wolno pozostawia\u0107 \u0142adunku na urz\u0105dzeniu chwytnym bez jego odwieszenia nie wolno przeje\u017cd\u017ca\u0107 lub naje\u017cd\u017ca\u0107 na \u0142\u0105czniki bezpiecze\u0144stwa w\u00f3zkiem, ci\u0119gnikiem lub mostem nie wolno wykorzystywa\u0107 ci\u0119gna linowego jako elementu do podnoszenia \u0142adunk\u00f3w nie wolno stosowa\u0107 zabezpiecze\u0144 przed przeci\u0105\u017ceniami podczas wa\u017cenia \u0142adunk\u00f3w nie wolno przeprowadza\u0107 prac konserwacyjnych, na przyk\u0142ad smarowania i czyszczenia urz\u0105dzenia podczas [&hellip;]<\/p>\n","protected":false},"author":1,"featured_media":4472,"parent":1322,"menu_order":5,"comment_status":"closed","ping_status":"closed","template":"","meta":{"sfsi_plus_gutenberg_text_before_share":"","sfsi_plus_gutenberg_show_text_before_share":"","sfsi_plus_gutenberg_icon_type":"","sfsi_plus_gutenberg_icon_alignemt":"","sfsi_plus_gutenburg_max_per_row":"","footnotes":""},"class_list":["post-1330","page","type-page","status-publish","has-post-thumbnail","hentry","has_thumb"],"aioseo_notices":[],"_links":{"self":[{"href":"https:\/\/kursy-udt.pl\/en\/wp-json\/wp\/v2\/pages\/1330","targetHints":{"allow":["GET"]}}],"collection":[{"href":"https:\/\/kursy-udt.pl\/en\/wp-json\/wp\/v2\/pages"}],"about":[{"href":"https:\/\/kursy-udt.pl\/en\/wp-json\/wp\/v2\/types\/page"}],"author":[{"embeddable":true,"href":"https:\/\/kursy-udt.pl\/en\/wp-json\/wp\/v2\/users\/1"}],"replies":[{"embeddable":true,"href":"https:\/\/kursy-udt.pl\/en\/wp-json\/wp\/v2\/comments?post=1330"}],"version-history":[{"count":8,"href":"https:\/\/kursy-udt.pl\/en\/wp-json\/wp\/v2\/pages\/1330\/revisions"}],"predecessor-version":[{"id":4475,"href":"https:\/\/kursy-udt.pl\/en\/wp-json\/wp\/v2\/pages\/1330\/revisions\/4475"}],"up":[{"embeddable":true,"href":"https:\/\/kursy-udt.pl\/en\/wp-json\/wp\/v2\/pages\/1322"}],"wp:featuredmedia":[{"embeddable":true,"href":"https:\/\/kursy-udt.pl\/en\/wp-json\/wp\/v2\/media\/4472"}],"wp:attachment":[{"href":"https:\/\/kursy-udt.pl\/en\/wp-json\/wp\/v2\/media?parent=1330"}],"curies":[{"name":"wp","href":"https:\/\/api.w.org\/{rel}","templated":true}]}}