{"id":1322,"date":"2014-08-12T21:56:53","date_gmt":"2014-08-12T21:56:53","guid":{"rendered":"http:\/\/kursy-udt.pl\/?page_id=1322"},"modified":"2023-03-21T13:21:21","modified_gmt":"2023-03-21T12:21:21","slug":"crane-course","status":"publish","type":"page","link":"https:\/\/kursy-udt.pl\/en\/szkolenia\/kurs-na-suwnice\/","title":{"rendered":"Course for gantries"},"content":{"rendered":"<p><img loading=\"lazy\" decoding=\"async\" class=\"paddingleft10 alignleft wp-image-3578 size-medium\" src=\"https:\/\/kursy-udt.pl\/wp-content\/uploads\/2021\/11\/suwnce_1-300x200.jpg\" alt=\"\" width=\"300\" height=\"200\" srcset=\"https:\/\/kursy-udt.pl\/wp-content\/uploads\/2021\/11\/suwnce_1-300x200.jpg 300w, https:\/\/kursy-udt.pl\/wp-content\/uploads\/2021\/11\/suwnce_1-624x416.jpg 624w, https:\/\/kursy-udt.pl\/wp-content\/uploads\/2021\/11\/suwnce_1.jpg 764w\" sizes=\"auto, (max-width: 300px) 100vw, 300px\" \/>We cordially invite you to a crane course at the ERGON Personnel Training Center. As a center with many years of experience, we provide professional support to each of our clients - our classes are intended both for individual participants and for groups of employees directed by the employer. We make sure that the quality of education at ERGON is always at the highest level. Therefore, if you want to operate cranes, the course in our Center will be a very good investment in the future, and thanks to it, finding a job as an operator will be much easier both in Poland and in Europe.<\/p>\n<div class=\"wyjustuj\">\n<h2>Types of equipment and their use<\/h2>\n<p>Overhead cranes are devices that belong to cranes and are used in many workplaces, including shipbuilding, warehouses, storage facilities, as well as production and industrial halls. Thanks to the various design variants, cranes can be individually adapted to specific jobs. However, they cannot be operated without the relevant authorisations granted by the Technical Inspection Authority.<\/p>\n<h2>Variants of cranes at workplaces<\/h2>\n<p>Three types of crane are most commonly used in workplaces:<\/p>\n<ul>\n<li><strong>Nator or bridge<\/strong> - mainly installed in halls and equipped with load suspension rods that move on platforms. The platform or overhead models are installed under hall ceilings.<\/li>\n<li><strong>Suspended<\/strong> - construction similar to nator, but use running tracks suspended from the ceiling structure.<\/li>\n<li><strong>Gate<\/strong> - mainly used for external works, constructed from piers placed on the side bridges connecting the gates.<\/li>\n<\/ul>\n<div class=\"filmw\">\n<div class=\"responsive-youtube\" style=\"text-align: center;\"><iframe loading=\"lazy\" title=\"YouTube video player\" src=\"https:\/\/www.youtube.com\/embed\/0BIkkFvLgew\" width=\"560\" height=\"315\" frameborder=\"0\" allowfullscreen=\"allowfullscreen\"><\/iframe><\/div>\n<\/div>\n<p>In our Center, we conduct crane trainings that allow you to operate devices of all types. During the course, participants receive a cross-sectional knowledge of specific types of devices. Below we present the types of training we offer. We remind you that they differ in terms of the requirements to start learning.<\/p>\n<h2 class=\"naglowekh2\">The authorization to operate overhead cranes is divided into two categories:<\/h2>\n<ul>\n<li>IS - includes overhead cranes, hoists and winches in category IW, which are controlled from the working level or from the operator&#039;s cabin, devices from category II S<\/li>\n<li>II S - includes devices controlled from the working level, winches and hoists in category II W and stationary workshop cranes<\/li>\n<\/ul>\n<h2 class=\"naglowekh2\">Offer<\/h2>\n<p>When it comes to the gantry course, the price in our Center is always encouraging. We set it individually depending on the number of participants, and we are also open to negotiations. As a standard, we invite you to classes at our headquarters in Warsaw and branches located throughout the country - in Katowice, Krakow, Bielsko-Bia\u0142a. We can also reach you throughout Poland. We are also able to organize crane courses with a program specially tailored to the needs of participants and the client.<\/p>\n<div style=\"float: right; padding-left: 10px;\"><img decoding=\"async\" src=\"\/wp-content\/uploads\/2014\/09\/suwnice.jpeg\" alt=\"training for UDT qualifications\" \/><\/div>\n<h2 class=\"naglowekh2\">Training topics<\/h2>\n<p>Each crane course in <a href=\"https:\/\/kursy-udt.pl\/en\/o-firmie\/\">ERGON Personnel Training Center<\/a> is prepared in terms of content by professional instructors and in consultation with specialists from the Office of Technical Inspection. We care about the quality of training, so our courses are always comprehensive and accessible to participants, and therefore they have an optimum effect, not only in terms of passing the exam for the <a href=\"https:\/\/kursy-udt.pl\/en\/uprawnienia-udt\/kategorie-uprawnien-2\/\">entitlements<\/a> for cranes, but additionally also in the daily work of any operator of this type of equipment.<\/p>\n<p><strong>Below we present the general subject of our trainings:<\/strong><\/p>\n<ul>\n<li>information on technical inspection for a given IS or II S category<\/li>\n<li>information on specific devices - their construction and operation at the workplace<\/li>\n<li>operator&#039;s responsibilities prior to commencing the task<\/li>\n<li>operator responsibilities when performing work<\/li>\n<li>operator&#039;s duties after finishing work with the device<\/li>\n<li>principles of occupational health and safety in the position<\/li>\n<li>practical classes - exercises on devices depending on the selected IS or II S category<\/li>\n<\/ul>\n<p>The gantry course available at ODK ERGON is a class that prepares participants to take the exam before the commission of the Office of Technical Inspection in order to receive a certificate of the possibility to work as a crane. By choosing our offer, you can be sure that the information provided during the classes will be useful during the exam and will help in obtaining a positive grade. We have one of the highest passing rates, so you can take the crane exam with us without any major problems and obtain the appropriate qualifications the first time.<\/p>\n<div style=\"width: 640px;\" class=\"wp-video\"><video id=\"video-1322-1\" width=\"640\" height=\"360\" poster=\"https:\/\/kursy-udt.pl\/wp-content\/uploads\/2023\/02\/20230127_111528_0000.jpg\" preload=\"metadata\" controls=\"controls\"><source type=\"video\/mp4\" src=\"https:\/\/kursy-udt.pl\/wp-content\/uploads\/2023\/02\/ACCEPTED-suwnice-4K-kursy-udt.mp4?_=1\" \/><a href=\"https:\/\/kursy-udt.pl\/wp-content\/uploads\/2023\/02\/ACCEPTED-suwnice-4K-kursy-udt.mp4\">https:\/\/kursy-udt.pl\/wp-content\/uploads\/2023\/02\/ACCEPTED-suwnice-4K-kursy-udt.mp4<\/a><\/video><\/div>\n<h2 class=\"naglowekh2\">Gantry course - price<\/h2>\n<p>The price of the classes depends on the number of participants. It is agreed individually with the client. We provide attractive discounts for larger groups. Please contact us for an accurate service quote.<\/p>\n<p><strong>To participate in the course, the following requirements must be met:<\/strong><\/p>\n<ul>\n<li>18 years of age or older<\/li>\n<li>delivering an occupational medicine specialist&#039;s opinion on the health condition enabling work as an operator<\/li>\n<li>completed primary school for II S crane qualifications and completed vocational school in the technical direction for IS<\/li>\n<\/ul>\n<h2 class=\"naglowekh2\">Legal basis for training<\/h2>\n<p>Ordinance of the Minister of Economy of July 18, 2001 on the qualifications required for the operation and maintenance of technical devices (Journal of Laws No. 79, item 849).<\/p>\n<p>By choosing our offer, you can obtain appropriate crane licenses for devices of various types. Our many years of experience and comprehensive solutions in the field of education, competent staff and continuous improvement make us a Center that enjoys great popularity among students throughout Poland. If you have questions related to our offer, <a href=\"https:\/\/kursy-udt.pl\/en\/kontakt\/\">we are always available<\/a> - please contact us to discuss the details of the service, including obtaining a quote and booking a convenient date.<\/p>\n<p>We cordially invite you to the crane courses at the ERGON Personnel Training Center!<\/p>\n<\/div>\n<div class=\"button_styl\" style=\"float: right; padding-left: 15px; padding-bottom: 8px; margin-bottom: 5px;\"><a class=\"myButton myButton_maly\" href=\"https:\/\/platformaedukacji.pl\/login\/signup.php\" target=\"_blank\" rel=\"nofollow noopener noreferrer\"><span style=\"color: white;\">Sign up for training<\/span><\/a><\/div>\n<div style=\"padding-top: 70px;\">\n<h2>More information:<\/h2>\n<div style=\"text-align: center; font-size: 85%; line-height: 120%;\">\n<div style=\"float: left; margin-right: 40px; height: 290px;\">\n<p><a href=\"\/en\/training\/crane-course\/construction-of-cranes\/\"><img decoding=\"async\" src=\"\/wp-content\/uploads\/2014\/08\/budowa.jpg\" alt=\"\" \/><\/a><\/p>\n<div style=\"width: 300px; font-size: 130%;\"><strong>Construction of overhead cranes<\/strong><\/div>\n<\/div>\n<div style=\"float: left; margin-right: 40px; height: 290px;\">\n<p><a href=\"\/en\/training\/crane-course\/prohibited-activities\/\"><img decoding=\"async\" src=\"\/wp-content\/uploads\/2014\/08\/zabronione.jpg\" alt=\"\" \/><\/a><\/p>\n<div style=\"width: 300px; font-size: 130%;\"><strong>Prohibited activities<\/strong><\/div>\n<\/div>\n<\/div>\n<div style=\"clear: both;\"><\/div>\n<div style=\"text-align: center; font-size: 85%; line-height: 120%;\">\n<div style=\"float: left; margin-right: 40px; height: 290px;\">\n<p><a href=\"\/en\/training\/crane-course\/preparatory-activities\/\"><img decoding=\"async\" src=\"\/wp-content\/uploads\/2014\/08\/przygotowanie.jpg\" alt=\"\" \/><\/a><\/p>\n<div style=\"width: 300px; font-size: 130%;\"><strong>Preparatory activities<\/strong><\/div>\n<\/div>\n<div style=\"float: left; margin-right: 40px; height: 290px;\">\n<p><a href=\"\/en\/training\/crane-course\/once-the-work-has-been-completed\/\"><img decoding=\"async\" src=\"\/wp-content\/uploads\/2014\/08\/po-pracy.jpg\" alt=\"\" \/><\/a><\/p>\n<div style=\"width: 300px; font-size: 130%;\"><strong>After work<\/strong><\/div>\n<\/div>\n<\/div>\n<div style=\"text-align: center; font-size: 85%; line-height: 120%;\">\n<div style=\"float: left; margin-right: 40px; height: 290px;\">\n<p><a href=\"\/en\/training\/crane-course\/\"><img decoding=\"async\" style=\"width: 300px; height: 225px;\" src=\"\/wp-content\/uploads\/2014\/04\/suwnice.jpeg\" alt=\"\" \/><\/a><\/p>\n<div style=\"width: 300px; font-size: 130%;\"><strong>Course for overhead traveling cranes<\/strong><\/div>\n<\/div>\n<div><\/div>\n<\/div>\n<\/div>\n<p><a href=\"\/en\/training\/crane-course\/construction-of-cranes\/\"><br \/>\n<\/a><a href=\"https:\/\/kursy-udt.pl\/wp-content\/uploads\/2022\/12\/Kopia-kursy-udt-obsluga-suwnicy-\u2014-kopia.png\"><img loading=\"lazy\" decoding=\"async\" class=\"aligncenter wp-image-4537\" src=\"https:\/\/kursy-udt.pl\/wp-content\/uploads\/2022\/12\/Kopia-kursy-udt-obsluga-suwnicy-\u2014-kopia-300x188.png\" alt=\"\" width=\"750\" height=\"469\" srcset=\"https:\/\/kursy-udt.pl\/wp-content\/uploads\/2022\/12\/Kopia-kursy-udt-obsluga-suwnicy-\u2014-kopia-300x188.png 300w, https:\/\/kursy-udt.pl\/wp-content\/uploads\/2022\/12\/Kopia-kursy-udt-obsluga-suwnicy-\u2014-kopia-1024x640.png 1024w, https:\/\/kursy-udt.pl\/wp-content\/uploads\/2022\/12\/Kopia-kursy-udt-obsluga-suwnicy-\u2014-kopia-768x480.png 768w, https:\/\/kursy-udt.pl\/wp-content\/uploads\/2022\/12\/Kopia-kursy-udt-obsluga-suwnicy-\u2014-kopia-18x12.png 18w, https:\/\/kursy-udt.pl\/wp-content\/uploads\/2022\/12\/Kopia-kursy-udt-obsluga-suwnicy-\u2014-kopia-624x390.png 624w, https:\/\/kursy-udt.pl\/wp-content\/uploads\/2022\/12\/Kopia-kursy-udt-obsluga-suwnicy-\u2014-kopia.png 1200w\" sizes=\"auto, (max-width: 750px) 100vw, 750px\" \/><\/a><a href=\"\/en\/training\/crane-course\/construction-of-cranes\/\"><br \/>\n<\/a><\/p>","protected":false},"excerpt":{"rendered":"<p>Zapraszamy Pa\u0144stwa serdecznie na kurs na suwnice do O\u015brodka Doskonalenia Kadr ERGON. Jako O\u015brodek z wieloletnim do\u015bwiadczeniem zapewniamy profesjonalne wsparcie ka\u017cdemu z naszych klient\u00f3w \u2013 nasze zaj\u0119cia przeznaczone s\u0105 zar\u00f3wno dla uczestnik\u00f3w indywidualnych, jak i dla grup pracownik\u00f3w skierowanych przez pracodawc\u0119. Dbamy o to, aby jako\u015b\u0107 kszta\u0142cenia w ERGON zawsze by\u0142a na najwy\u017cszym poziomie. Dlatego je\u017celi chc\u0105 Pa\u0144stwo obs\u0142ugiwa\u0107 suwnice kurs w naszym O\u015brodku b\u0119dzie bardzo dobr\u0105 inwestycj\u0105 w przysz\u0142o\u015b\u0107, a dzi\u0119ki niemu znalezienie pracy na stanowisku operatora b\u0119dzie znacznie prostsze zar\u00f3wno w Polsce, jak i na terenie Europy. Rodzaje urz\u0105dze\u0144 i ich zastosowanie Suwnice to urz\u0105dzenia, kt\u00f3re nale\u017c\u0105 do d\u017awignic i s\u0105 stosowane w wielu zak\u0142adach pracy, m.in. w przemy\u015ble stoczniowym, w magazynach, sk\u0142adowiskach, a tak\u017ce w halach produkcyjnych i przemys\u0142owych. Dzi\u0119ki r\u00f3\u017cnym wariantom konstrukcyjnym, suwnice mog\u0105 by\u0107 indywidualnie dopasowane do okre\u015blonych prac. Jednak bez odpowiednich uprawnie\u0144, nadanych przez Urz\u0105d Dozoru Technicznego, nie mo\u017cna nimi operowa\u0107. Warianty suwnic w zak\u0142adach pracy W zak\u0142adach pracy najcz\u0119\u015bciej wykorzystywane s\u0105 trzy rodzaje suwnic: Natorowe lub pomostowe &#8211; instalowane g\u0142\u00f3wnie w halach i wyposa\u017cone w ci\u0119gniki do podwieszania \u0142adunk\u00f3w, kt\u00f3re poruszaj\u0105 si\u0119 po pomostach. Modele pomostowe lub natorowe s\u0105 montowane pod sufitami hal. Podwieszone &#8211; konstrukcja podobna do natorowych, ale wykorzystuj\u0105 tory jezdne podwieszane pod konstrukcj\u0105 sufitu. Bramowe &#8211; wykorzystywane g\u0142\u00f3wnie w pracach zewn\u0119trznych, skonstruowane z pomost\u00f3w umieszczonych na bocznych mostach \u0142\u0105cz\u0105cych bramy. W naszym O\u015brodku prowadzimy szkolenia suwnice pozwalaj\u0105ce na obs\u0142ugiwanie urz\u0105dze\u0144 wszystkich typ\u00f3w. Podczas zaj\u0119\u0107 uczestnicy otrzymuj\u0105 przekrojow\u0105 wiedz\u0119 dotycz\u0105c\u0105 konkretnych rodzaj\u00f3w urz\u0105dze\u0144. Poni\u017cej przedstawiamy rodzaje szkole\u0144, jakie oferujemy. Przypominamy, \u017ce r\u00f3\u017cni\u0105 si\u0119 one wymaganiami do [&hellip;]<\/p>\n","protected":false},"author":1,"featured_media":3578,"parent":65,"menu_order":4,"comment_status":"closed","ping_status":"closed","template":"","meta":{"sfsi_plus_gutenberg_text_before_share":"","sfsi_plus_gutenberg_show_text_before_share":"","sfsi_plus_gutenberg_icon_type":"","sfsi_plus_gutenberg_icon_alignemt":"","sfsi_plus_gutenburg_max_per_row":"","footnotes":""},"class_list":["post-1322","page","type-page","status-publish","has-post-thumbnail","hentry","has_thumb"],"aioseo_notices":[],"_links":{"self":[{"href":"https:\/\/kursy-udt.pl\/en\/wp-json\/wp\/v2\/pages\/1322","targetHints":{"allow":["GET"]}}],"collection":[{"href":"https:\/\/kursy-udt.pl\/en\/wp-json\/wp\/v2\/pages"}],"about":[{"href":"https:\/\/kursy-udt.pl\/en\/wp-json\/wp\/v2\/types\/page"}],"author":[{"embeddable":true,"href":"https:\/\/kursy-udt.pl\/en\/wp-json\/wp\/v2\/users\/1"}],"replies":[{"embeddable":true,"href":"https:\/\/kursy-udt.pl\/en\/wp-json\/wp\/v2\/comments?post=1322"}],"version-history":[{"count":24,"href":"https:\/\/kursy-udt.pl\/en\/wp-json\/wp\/v2\/pages\/1322\/revisions"}],"predecessor-version":[{"id":5620,"href":"https:\/\/kursy-udt.pl\/en\/wp-json\/wp\/v2\/pages\/1322\/revisions\/5620"}],"up":[{"embeddable":true,"href":"https:\/\/kursy-udt.pl\/en\/wp-json\/wp\/v2\/pages\/65"}],"wp:featuredmedia":[{"embeddable":true,"href":"https:\/\/kursy-udt.pl\/en\/wp-json\/wp\/v2\/media\/3578"}],"wp:attachment":[{"href":"https:\/\/kursy-udt.pl\/en\/wp-json\/wp\/v2\/media?parent=1322"}],"curies":[{"name":"wp","href":"https:\/\/api.w.org\/{rel}","templated":true}]}}