{"id":1291,"date":"2014-08-12T20:51:07","date_gmt":"2014-08-12T20:51:07","guid":{"rendered":"http:\/\/kursy-udt.pl\/?page_id=1291"},"modified":"2022-10-14T12:24:58","modified_gmt":"2022-10-14T12:24:58","slug":"working-in-the-vicinity-of-power-lines","status":"publish","type":"page","link":"https:\/\/kursy-udt.pl\/en\/szkolenia\/podesty-ruchome\/praca-w-poblizu-linii-energetycznych\/","title":{"rendered":"Work near power lines"},"content":{"rendered":"<div style=\"float: left; padding-right: 10px;\"><img decoding=\"async\" src=\"\/wp-content\/uploads\/2014\/08\/linie-energetyczne_m.jpg\" alt=\"\" \/><\/div>\n<h2 class=\"naglowekh2\">Safety in the use of mobile platforms near power lines<\/h2>\n<p>Modern work platforms, including aerial work platforms, are the optimum choice when working at height. Then, when this work is to take place near power lines, special care is required. Electrocution was the most common cause of death among aerial lift operators in the United States in 2012. Our aerial lift course covers exactly how to work safely where there is a risk of electrocution.<\/p>\n<h3 class=\"naglowekh2\"><strong>Among the most common causes of paralysis are:<\/strong><\/h3>\n<ul>\n<li>the operator or parts of the platform approaching dangerously or touching the wires<\/li>\n<li>lack of awareness of the proximity of overhead power lines<\/li>\n<li>lack of awareness of the voltage running through the wires<\/li>\n<li>inappropriate handling of the lift when it is close to cables<\/li>\n<\/ul>\n<p>Electrocution can be minimised through appropriate planning measures to reduce risk and management of work at height. It is also essential that the operator is properly trained and should have <a href=\"https:\/\/kursy-udt.pl\/en\/uprawnienia-udt\/kategorie-uprawnien-2\/\">entitlements<\/a> awarded by the UDT.<\/p>\n<h3 class=\"naglowekh2\"><strong>Key safety rules for working near power lines:<\/strong><\/h3>\n<ul>\n<li><a href=\"https:\/\/kursy-udt.pl\/wp-content\/uploads\/2022\/10\/2-2.jpeg\"><img loading=\"lazy\" decoding=\"async\" class=\"size-medium wp-image-4485\" src=\"https:\/\/kursy-udt.pl\/wp-content\/uploads\/2022\/10\/2-2-300x197.jpeg\" alt=\"\" width=\"300\" height=\"197\" srcset=\"https:\/\/kursy-udt.pl\/wp-content\/uploads\/2022\/10\/2-2-300x197.jpeg 300w, https:\/\/kursy-udt.pl\/wp-content\/uploads\/2022\/10\/2-2-1024x671.jpeg 1024w, https:\/\/kursy-udt.pl\/wp-content\/uploads\/2022\/10\/2-2-768x503.jpeg 768w, https:\/\/kursy-udt.pl\/wp-content\/uploads\/2022\/10\/2-2-1536x1006.jpeg 1536w, https:\/\/kursy-udt.pl\/wp-content\/uploads\/2022\/10\/2-2-18x12.jpeg 18w, https:\/\/kursy-udt.pl\/wp-content\/uploads\/2022\/10\/2-2-624x409.jpeg 624w, https:\/\/kursy-udt.pl\/wp-content\/uploads\/2022\/10\/2-2.jpeg 1600w\" sizes=\"auto, (max-width: 300px) 100vw, 300px\" \/><\/a>\n<p>where possible, overhead power lines should be disconnected before work is carried out<\/li>\n<li>if this is not possible, adequate protection must be provided to the platform operator by means of guarding using dedicated tools<\/li>\n<li>tools can be used to determine the distance to wires that trigger an alarm if they get too close<\/li>\n<li>it is recommended to maintain a maximum distance of 15 metres with the boom fully extended near electricity poles and a maximum of 9 metres near wooden electricity poles<\/li>\n<li>when working, it is advisable to mark out on the ground the maximum distance for spreading the boom<\/li>\n<li>ensure adequate control of the site by additional staff<\/li>\n<li>appropriate plans must be in place for emergency situations and all staff must be informed of the procedures<\/li>\n<\/ul>\n<p>Proper training and, in addition, following safety procedures when working near power lines with lifts of various types is paramount. Power lines are a major hazard and accidents with them are also among the most common and dangerous, as many are fatal. In any training course dedicated to working platforms, the topic of health and safety is crucial in order to work without risk at heights.<\/p>\n<p>If a course is needed for <a href=\"https:\/\/kursy-udt.pl\/en\/szkolenia\/udt-wdt-tdt\/zwyzki-podnosniki-koszowe\/\">basket lift<\/a> Warsaw or throughout Poland - <a href=\"https:\/\/kursy-udt.pl\/en\/kontakt\/\">We invite you to take advantage of ERGON's offer!<\/a><\/p>\n<div class=\"button_styl\" style=\"float: right; padding-left: 15px; padding-bottom: 8px; margin-bottom: 5px;\"><a class=\"myButton myButton_maly\" href=\"https:\/\/platformaedukacji.pl\/login\/signup.php\" target=\"_blank\" rel=\"nofollow noopener\"><span style=\"color: white;\">Sign up for training<\/span><\/a><\/div>\n<div style=\"padding-top: 70px;\">\n<h2>More information:<\/h2>\n<div style=\"text-align: center; font-size: 85%; line-height: 120%;\">\n<div style=\"float: left; margin-right: 40px; height: 290px;\">\n<p><a href=\"\/en\/training\/mobile-platforms\/orders-and-prohibitions\/\"><img decoding=\"async\" src=\"\/wp-content\/uploads\/2014\/08\/nakazy-zakazy.jpg\" alt=\"\" \/><\/a><\/p>\n<div style=\"width: 300px; font-size: 130%;\"><strong>Do&#039;s and Don&#039;ts<\/strong><\/div>\n<p>&nbsp;<\/p>\n<\/div>\n<div style=\"float: left; margin-right: 40px; height: 290px;\">\n<p><a href=\"\/en\/training\/mobile-platforms\/working-in-the-vicinity-of-power-lines\/\"><img decoding=\"async\" src=\"\/wp-content\/uploads\/2014\/08\/linie-energetyczne.jpg\" alt=\"\" \/><\/a><\/p>\n<div style=\"width: 300px; font-size: 130%;\"><strong>Work near power lines <\/strong><\/div>\n<p>&nbsp;<\/p>\n<\/div>\n<\/div>\n<div style=\"clear: both;\"><\/div>\n<div style=\"text-align: center; font-size: 85%; line-height: 120%;\">\n<div style=\"float: left; margin-right: 40px; height: 290px;\">\n<p><a href=\"\/en\/training\/mobile-platforms\/safety-procedures\/\"><img decoding=\"async\" src=\"\/wp-content\/uploads\/2014\/08\/bezpieczenstwo.jpg\" alt=\"\" \/><\/a><\/p>\n<div style=\"width: 300px; font-size: 130%;\"><strong>Security<\/strong><\/div>\n<p>&nbsp;<\/p>\n<\/div>\n<div style=\"float: left; margin-right: 40px; height: 290px;\">\n<p><a href=\"\/en\/training\/mobile-platforms\/surface-preparation\/\"><img decoding=\"async\" src=\"\/wp-content\/uploads\/2014\/08\/wypadek.jpg\" alt=\"\" \/><\/a><\/p>\n<div style=\"width: 300px; font-size: 130%;\"><strong>Surface preparation<\/strong><\/div>\n<p>&nbsp;<\/p>\n<\/div>\n<\/div>\n<div style=\"clear: both;\"><\/div>\n<div style=\"text-align: center; font-size: 85%; line-height: 120%;\">\n<div style=\"float: left; margin-right: 40px; height: 290px;\">\n<p><a href=\"\/en\/training\/mobile-platforms\/safety-in-tree-care\/\"><img decoding=\"async\" src=\"\/wp-content\/uploads\/2016\/09\/drzewa.png\" alt=\"\" \/><\/a><\/p>\n<div style=\"width: 300px; font-size: 130%;\"><strong>Safety in the care of trees<\/strong><\/div>\n<p>&nbsp;<\/p>\n<\/div>\n<div style=\"float: left; margin-right: 40px; height: 290px;\">\n<p><a href=\"\/en\/training\/mobile-platforms\/\"><img decoding=\"async\" style=\"width: 300px; height: 225px;\" src=\"\/wp-content\/uploads\/2014\/04\/10-pokaz.jpeg\" alt=\"\" \/><\/a><\/p>\n<div style=\"width: 300px; font-size: 130%;\"><strong><a href=\"https:\/\/kursy-udt.pl\/en\/szkolenia\/podesty-ruchome\/\">Trainings for mobile platforms<\/a><\/strong><\/div>\n<p>&nbsp;<\/p>\n<\/div>\n<\/div>\n<\/div>","protected":false},"excerpt":{"rendered":"<p>Bezpiecze\u0144stwo u\u017cycia podest\u00f3w ruchomych w pobli\u017cu linii energetycznych Nowoczesne pomosty robocze, w tym podno\u015bniki koszowe, s\u0105 optymalnym wyborem przy pracach na wysoko\u015bci. Wtedy, gdy prace te odbywa\u0107 maj\u0105 si\u0119 w pobli\u017cu linii energetycznych, konieczne jest zachowanie szczeg\u00f3lnej ostro\u017cno\u015bci. Pora\u017cenia pr\u0105dem by\u0142y najcz\u0119stsz\u0105 przyczyn\u0105 zgon\u00f3w w\u015br\u00f3d operator\u00f3w podno\u015bnik\u00f3w w Stanach Zjednoczonych w 2012 roku. Nasz kurs podno\u015bniki koszowe obejmuje dok\u0142adne informacje, jak pracowa\u0107 bezpiecznie w miejscu zagro\u017cenia pora\u017ceniem energi\u0105 elektryczn\u0105. W\u015br\u00f3d najcz\u0119stszych przyczyn wyst\u0119powania pora\u017cenia znajduj\u0105 si\u0119: operator lub elementy podestu zbli\u017caj\u0105ce si\u0119 niebezpiecznie lub dotykaj\u0105ce przewod\u00f3w brak \u015bwiadomo\u015bci blisko\u015bci napowietrznych linii energetycznych brak \u015bwiadomo\u015bci napi\u0119cia przebiegaj\u0105cego przez przewody nieodpowiednie operowanie podno\u015bnikiem wtedy, gdy znajduje si\u0119 on w pobli\u017cu przewod\u00f3w Pora\u017cenie pr\u0105dem mo\u017ce by\u0107 zminimalizowane dzi\u0119ki odpowiednim dzia\u0142aniom planistycznym zmniejszaj\u0105cym ryzyko oraz zarz\u0105dzaniu prac\u0105 na wysoko\u015bci. Niezb\u0119dne jest r\u00f3wnie\u017c w\u0142a\u015bciwe przeszkolenie operatora, kt\u00f3ry powinien posiada\u0107 uprawnienia nadane przez UDT. Najwa\u017cniejsze zasady bezpiecze\u0144stwa przy pracy w pobli\u017cu linii energetycznych: tam, gdzie to mo\u017cliwe, nale\u017cy od\u0142\u0105czy\u0107 napowietrzne linie energetyczne przed przyst\u0105pieniem do prac je\u017celi nie jest to mo\u017cliwe, nale\u017cy zapewni\u0107 odpowiednie zabezpieczenie operatorowi platformy poprzez os\u0142oni\u0119cie ich z u\u017cyciem przeznaczonych do tego celu narz\u0119dzi mo\u017cna zastosowa\u0107 narz\u0119dzia okre\u015blaj\u0105ce odleg\u0142o\u015b\u0107 od przewod\u00f3w, kt\u00f3re wywo\u0142uj\u0105 alarm przy zbytnim zbli\u017ceniu si\u0119 do nich zalecane jest utrzymanie odleg\u0142o\u015bci maksymalnie 15 metr\u00f3w przy w pe\u0142ni roz\u0142o\u017conym wysi\u0119gniku w pobli\u017cu s\u0142up\u00f3w energetycznych oraz maksymalnie 9 metr\u00f3w przy s\u0142upach energetycznych drewnianych przy pracach zaleca si\u0119 wyznaczenie na gruncie maksymalnej odleg\u0142o\u015bci roz\u0142o\u017cenia wysi\u0119gnika nale\u017cy zapewni\u0107 odpowiedni\u0105 kontrol\u0119 terenu przez dodatkowych pracownik\u00f3w na miejscu musz\u0105 znajdowa\u0107 si\u0119 odpowiednie plany dla sytuacji alarmowych i o procedurach musz\u0105 by\u0107 [&hellip;]<\/p>\n","protected":false},"author":1,"featured_media":4485,"parent":75,"menu_order":0,"comment_status":"closed","ping_status":"closed","template":"","meta":{"sfsi_plus_gutenberg_text_before_share":"","sfsi_plus_gutenberg_show_text_before_share":"","sfsi_plus_gutenberg_icon_type":"","sfsi_plus_gutenberg_icon_alignemt":"","sfsi_plus_gutenburg_max_per_row":"","footnotes":""},"class_list":["post-1291","page","type-page","status-publish","has-post-thumbnail","hentry","has_thumb"],"aioseo_notices":[],"_links":{"self":[{"href":"https:\/\/kursy-udt.pl\/en\/wp-json\/wp\/v2\/pages\/1291","targetHints":{"allow":["GET"]}}],"collection":[{"href":"https:\/\/kursy-udt.pl\/en\/wp-json\/wp\/v2\/pages"}],"about":[{"href":"https:\/\/kursy-udt.pl\/en\/wp-json\/wp\/v2\/types\/page"}],"author":[{"embeddable":true,"href":"https:\/\/kursy-udt.pl\/en\/wp-json\/wp\/v2\/users\/1"}],"replies":[{"embeddable":true,"href":"https:\/\/kursy-udt.pl\/en\/wp-json\/wp\/v2\/comments?post=1291"}],"version-history":[{"count":7,"href":"https:\/\/kursy-udt.pl\/en\/wp-json\/wp\/v2\/pages\/1291\/revisions"}],"predecessor-version":[{"id":4486,"href":"https:\/\/kursy-udt.pl\/en\/wp-json\/wp\/v2\/pages\/1291\/revisions\/4486"}],"up":[{"embeddable":true,"href":"https:\/\/kursy-udt.pl\/en\/wp-json\/wp\/v2\/pages\/75"}],"wp:featuredmedia":[{"embeddable":true,"href":"https:\/\/kursy-udt.pl\/en\/wp-json\/wp\/v2\/media\/4485"}],"wp:attachment":[{"href":"https:\/\/kursy-udt.pl\/en\/wp-json\/wp\/v2\/media?parent=1291"}],"curies":[{"name":"wp","href":"https:\/\/api.w.org\/{rel}","templated":true}]}}