{"id":1287,"date":"2014-08-12T20:45:00","date_gmt":"2014-08-12T20:45:00","guid":{"rendered":"http:\/\/kursy-udt.pl\/?page_id=1287"},"modified":"2022-10-17T10:23:43","modified_gmt":"2022-10-17T10:23:43","slug":"surface-preparation","status":"publish","type":"page","link":"https:\/\/kursy-udt.pl\/en\/szkolenia\/podesty-ruchome\/przygotowanie-powierzchni\/","title":{"rendered":"Surface preparation"},"content":{"rendered":"<div style=\"float: left; padding-right: 10px;\"><img decoding=\"async\" src=\"\/wp-content\/uploads\/2014\/08\/wypadek_m.jpg\" alt=\"\" \/><\/div>\n<h2 class=\"naglowekh2\">Surface preparation for the use of mobile platforms<\/h2>\n<p>Providing a suitable surface for the use of mobile platforms is crucial for the safety of workers and their surroundings. Scissor lifts, aerial work platforms, self-propelled platforms and other types of platforms must be used on a suitable surface. All platforms (with the exception of suspended platforms), are dependent on the ground on which they are placed. If it is stable, then the equipment itself also operates more safely, which prevents work accidents. For this reason, every aerial work platform course includes information on how to prepare the surface for use.<\/p>\n<p>Various types of scissor lifts, basket lifts and other platforms are in use today, including those adapted for use on difficult ground. However, it is always necessary to check and prepare the surface before using a basket lift, scissor lift or column lift or any other type of mobile platform. It is not only responsible for the safety of the work, but also additionally for the convenience of moving the entire device.<\/p>\n<h3 class=\"naglowekh2\"><strong>The ground must be tested before application - this can be done by visual inspection through to special geotechnical investigations. Here are the most commonly used surfaces and the risks they pose:<\/strong><\/h3>\n<ul>\n<li><a href=\"https:\/\/kursy-udt.pl\/wp-content\/uploads\/2022\/10\/1-8.jpeg\"><img loading=\"lazy\" decoding=\"async\" class=\"size-medium wp-image-4492 alignright\" src=\"https:\/\/kursy-udt.pl\/wp-content\/uploads\/2022\/10\/1-8-200x300.jpeg\" alt=\"\" width=\"200\" height=\"300\" srcset=\"https:\/\/kursy-udt.pl\/wp-content\/uploads\/2022\/10\/1-8-200x300.jpeg 200w, https:\/\/kursy-udt.pl\/wp-content\/uploads\/2022\/10\/1-8-684x1024.jpeg 684w, https:\/\/kursy-udt.pl\/wp-content\/uploads\/2022\/10\/1-8-768x1151.jpeg 768w, https:\/\/kursy-udt.pl\/wp-content\/uploads\/2022\/10\/1-8-1025x1536.jpeg 1025w, https:\/\/kursy-udt.pl\/wp-content\/uploads\/2022\/10\/1-8-8x12.jpeg 8w, https:\/\/kursy-udt.pl\/wp-content\/uploads\/2022\/10\/1-8-624x935.jpeg 624w, https:\/\/kursy-udt.pl\/wp-content\/uploads\/2022\/10\/1-8.jpeg 1068w\" sizes=\"auto, (max-width: 200px) 100vw, 200px\" \/><\/a>areas overgrown with grass - the greatest risk is to those located by bodies of water, where the ground can be washed away<\/li>\n<li>beaches - the low density of the sand and the impact of the water makes it a difficult terrain<\/li>\n<li>set-aside - unknown previous structures, unmarked cellars, pits may be a risk<\/li>\n<li>paved and asphalted areas - are generally safe, but washouts and damage to the pavement, especially the edges, can be a hazard<\/li>\n<li>city centres - tunnels, canals, cellars, sewage sumps, inadequately filled pits are a danger<\/li>\n<\/ul>\n<p>It is worth remembering, by the way, that the condition of outdoor paving is affected by the weather. Prolonged rainfall makes soils more prone to landslides and waterlogging.<\/p>\n<p>Regardless of the ground conditions, the use of special plates may be indispensable under a scissor, basket or other type of platform. These plates stabilise the device and prevent it from being damaged.<\/p>\n<h3 class=\"naglowekh2\"><strong>The most important principles of plate deployment:<\/strong><\/h3>\n<ul>\n<li>the device should be centred and not placed on the edges of the plates<\/li>\n<li>fill in any gaps in the ground, for example when placing the unit in a depression<\/li>\n<li>plates must not be placed where voids are suspected under the topsoil layer<\/li>\n<li>plates and platforms must not be placed where the material can easily be washed out from under them, for example on hills<\/li>\n<\/ul>\n<p>Our course on <a href=\"https:\/\/kursy-udt.pl\/en\/szkolenia\/udt-wdt-tdt\/zwyzki-podnosniki-koszowe\/\">aerial work platforms course<\/a>, scissor lifts and other types of lifts thoroughly presents you with all the information related to the safe placement of equipment on various surfaces. Working platforms, scissor lifts, basket lifts Warsaw - we invite you to check our training offer!<\/p>\n<div class=\"button_styl\" style=\"float: right; padding-left: 15px; padding-bottom: 8px; margin-bottom: 5px;\"><a class=\"myButton myButton_maly\" href=\"https:\/\/platformaedukacji.pl\/login\/signup.php\" target=\"_blank\" rel=\"nofollow noopener\"><span style=\"color: white;\">Sign up for training<\/span><\/a><\/div>\n<div style=\"padding-top: 70px;\">\n<h2>More information:<\/h2>\n<div style=\"text-align: center; font-size: 85%; line-height: 120%;\">\n<div style=\"float: left; margin-right: 40px; height: 290px;\">\n<p><a href=\"\/en\/training\/mobile-platforms\/orders-and-prohibitions\/\"><img decoding=\"async\" src=\"\/wp-content\/uploads\/2014\/08\/nakazy-zakazy.jpg\" alt=\"\" \/><\/a><\/p>\n<div style=\"width: 300px; font-size: 130%;\"><strong>Do&#039;s and Don&#039;ts<\/strong><\/div>\n<p>&nbsp;<\/p>\n<\/div>\n<div style=\"float: left; margin-right: 40px; height: 290px;\">\n<p><a href=\"\/en\/training\/mobile-platforms\/working-in-the-vicinity-of-power-lines\/\"><img decoding=\"async\" src=\"\/wp-content\/uploads\/2014\/08\/linie-energetyczne.jpg\" alt=\"\" \/><\/a><\/p>\n<div style=\"width: 300px; font-size: 130%;\"><strong>Work near power lines <\/strong><\/div>\n<p>&nbsp;<\/p>\n<\/div>\n<\/div>\n<div style=\"clear: both;\"><\/div>\n<div style=\"text-align: center; font-size: 85%; line-height: 120%;\">\n<div style=\"float: left; margin-right: 40px; height: 290px;\">\n<p><a href=\"\/en\/training\/mobile-platforms\/safety-procedures\/\"><img decoding=\"async\" src=\"\/wp-content\/uploads\/2014\/08\/bezpieczenstwo.jpg\" alt=\"\" \/><\/a><\/p>\n<div style=\"width: 300px; font-size: 130%;\"><strong>Security<\/strong><\/div>\n<p>&nbsp;<\/p>\n<\/div>\n<div style=\"float: left; margin-right: 40px; height: 290px;\">\n<p><a href=\"\/en\/training\/mobile-platforms\/surface-preparation\/\"><img decoding=\"async\" src=\"\/wp-content\/uploads\/2014\/08\/wypadek.jpg\" alt=\"\" \/><\/a><\/p>\n<div style=\"width: 300px; font-size: 130%;\"><strong>Surface preparation<\/strong><\/div>\n<p>&nbsp;<\/p>\n<\/div>\n<\/div>\n<div style=\"clear: both;\"><\/div>\n<div style=\"text-align: center; font-size: 85%; line-height: 120%;\">\n<div style=\"float: left; margin-right: 40px; height: 290px;\">\n<p><a href=\"\/en\/training\/mobile-platforms\/safety-in-tree-care\/\"><img decoding=\"async\" src=\"\/wp-content\/uploads\/2016\/09\/drzewa.png\" alt=\"\" \/><\/a><\/p>\n<div style=\"width: 300px; font-size: 130%;\"><strong>Safety in the care of trees<\/strong><\/div>\n<p>&nbsp;<\/p>\n<\/div>\n<div style=\"float: left; margin-right: 40px; height: 290px;\">\n<p><a href=\"\/en\/training\/mobile-platforms\/\"><img decoding=\"async\" style=\"width: 300px; height: 225px;\" src=\"\/wp-content\/uploads\/2014\/04\/10-pokaz.jpeg\" alt=\"\" \/><\/a><\/p>\n<div style=\"width: 300px; font-size: 130%;\"><strong><a href=\"https:\/\/kursy-udt.pl\/en\/szkolenia\/podesty-ruchome\/\">Trainings for mobile platforms<\/a><\/strong><\/div>\n<p>&nbsp;<\/p>\n<\/div>\n<\/div>\n<\/div>","protected":false},"excerpt":{"rendered":"<p>Przygotowanie powierzchni pod u\u017cycie podest\u00f3w ruchomych Zapewnienie odpowiedniego pod\u0142o\u017ca do u\u017cycia podest\u00f3w ruchomych jest kluczowe dla bezpiecze\u0144stwa pracownik\u00f3w i ich otoczenia. Podno\u015bniki no\u017cycowe, podno\u015bniki koszowe, podesty samojezdne i innego rodzaju podesty musz\u0105 by\u0107 u\u017cytkowane na odpowiedniej nawierzchni. Wszystkie podesty (wyj\u0105tkiem s\u0105 podesty wisz\u0105ce), s\u0105 zale\u017cne od pod\u0142o\u017ca, na kt\u00f3rym si\u0119 znajduj\u0105. Je\u017celi jest ono stabilne, w\u00f3wczas tak\u017ce samo urz\u0105dzenie dzia\u0142a bezpieczniej, co zapobiega wypadkom przy pracy. Dlatego ka\u017cdy kurs na podno\u015bniki obejmuje informacje zwi\u0105zane z przygotowaniem nawierzchni pod u\u017cycie urz\u0105dzenia. Obecnie w u\u017cytku znajduj\u0105 si\u0119 r\u00f3\u017cnego rodzaju podesty no\u017cycowe, koszowe i inne, tak\u017ce takie, kt\u00f3re przystosowane s\u0105 do u\u017cycia na trudnym gruncie. Zawsze jednak zanim podno\u015bnik koszowy, podno\u015bnik no\u017cycowy lub podno\u015bnik kolumnowy czy innego rodzaju podest samojezdny zostanie zastosowany, konieczne jest sprawdzenie i przygotowanie nawierzchni. Jest ona odpowiedzialna nie tylko za bezpiecze\u0144stwo pracy, ale r\u00f3wnie\u017c dodatkowo za wygod\u0119 przemieszczania ca\u0142ego urz\u0105dzenia. Przed zastosowaniem urz\u0105dzenia nale\u017cy zbada\u0107 grunt \u2013 mo\u017cna dokona\u0107 tego poprzez inspekcj\u0119 wizualn\u0105 a\u017c do specjalnych geotechnicznych bada\u0144. Oto najcz\u0119\u015bciej wykorzystywane nawierzchnie i zagro\u017cenia, jakie nios\u0105: tereny obro\u015bni\u0119te traw\u0105 \u2013 najwi\u0119ksze zagro\u017cenie stanowi\u0105 te po\u0142o\u017cone nad zbiornikami wodnymi, gdzie grunt mo\u017ce by\u0107 podmywany pla\u017ce \u2013 niska g\u0119sto\u015b\u0107 piasku oraz oddzia\u0142ywanie wody powoduje, \u017ce to trudny teren od\u0142ogi \u2013 niewiadome wcze\u015bniejsze konstrukcje, zagro\u017ceniem mog\u0105 by\u0107 nieoznaczone piwnice, do\u0142y brukowane i wyasfaltowane tereny \u2013 s\u0105 zasadniczo bezpieczne, ale zagro\u017ceniem mog\u0105 by\u0107 podmycia oraz uszkodzenia nawierzchni, w tym w szczeg\u00f3lno\u015bci jej kraw\u0119dzie centra miast \u2013 zagro\u017cenie stanowi\u0105 tunele, kana\u0142y, piwnice, studzienki kanalizacyjne, nieodpowiednio wype\u0142nione do\u0142y Warto przy okazji pami\u0119ta\u0107, \u017ce na stan nawierzchni na zewn\u0105trz wp\u0142ywa aura. [&hellip;]<\/p>\n","protected":false},"author":1,"featured_media":4492,"parent":75,"menu_order":0,"comment_status":"closed","ping_status":"closed","template":"","meta":{"sfsi_plus_gutenberg_text_before_share":"","sfsi_plus_gutenberg_show_text_before_share":"","sfsi_plus_gutenberg_icon_type":"","sfsi_plus_gutenberg_icon_alignemt":"","sfsi_plus_gutenburg_max_per_row":"","footnotes":""},"class_list":["post-1287","page","type-page","status-publish","has-post-thumbnail","hentry","has_thumb"],"aioseo_notices":[],"_links":{"self":[{"href":"https:\/\/kursy-udt.pl\/en\/wp-json\/wp\/v2\/pages\/1287","targetHints":{"allow":["GET"]}}],"collection":[{"href":"https:\/\/kursy-udt.pl\/en\/wp-json\/wp\/v2\/pages"}],"about":[{"href":"https:\/\/kursy-udt.pl\/en\/wp-json\/wp\/v2\/types\/page"}],"author":[{"embeddable":true,"href":"https:\/\/kursy-udt.pl\/en\/wp-json\/wp\/v2\/users\/1"}],"replies":[{"embeddable":true,"href":"https:\/\/kursy-udt.pl\/en\/wp-json\/wp\/v2\/comments?post=1287"}],"version-history":[{"count":9,"href":"https:\/\/kursy-udt.pl\/en\/wp-json\/wp\/v2\/pages\/1287\/revisions"}],"predecessor-version":[{"id":4493,"href":"https:\/\/kursy-udt.pl\/en\/wp-json\/wp\/v2\/pages\/1287\/revisions\/4493"}],"up":[{"embeddable":true,"href":"https:\/\/kursy-udt.pl\/en\/wp-json\/wp\/v2\/pages\/75"}],"wp:featuredmedia":[{"embeddable":true,"href":"https:\/\/kursy-udt.pl\/en\/wp-json\/wp\/v2\/media\/4492"}],"wp:attachment":[{"href":"https:\/\/kursy-udt.pl\/en\/wp-json\/wp\/v2\/media?parent=1287"}],"curies":[{"name":"wp","href":"https:\/\/api.w.org\/{rel}","templated":true}]}}