{"id":1284,"date":"2014-08-12T20:39:19","date_gmt":"2014-08-12T20:39:19","guid":{"rendered":"http:\/\/kursy-udt.pl\/?page_id=1284"},"modified":"2022-10-14T12:21:53","modified_gmt":"2022-10-14T12:21:53","slug":"orders-and-prohibitions","status":"publish","type":"page","link":"https:\/\/kursy-udt.pl\/en\/szkolenia\/podesty-ruchome\/nakazy-i-zakazy\/","title":{"rendered":"Do&#039;s and Don&#039;ts"},"content":{"rendered":"<div style=\"float: left; padding-right: 10px;\"><img decoding=\"async\" src=\"\/wp-content\/uploads\/2014\/08\/nakazy-zakazy_m.jpg\" alt=\"\" \/><\/div>\n<h2 class=\"naglowekh2\">The most important orders and prohibitions when working with mobile platforms<\/h2>\n<p>Employees wishing to obtain <a href=\"https:\/\/kursy-udt.pl\/en\/uprawnienia-udt\/kategorie-uprawnien-2\/\">UDT qualifications<\/a> to work with mobile platforms of different types, they receive comprehensive theoretical preparation, which also includes safety principles.<\/p>\n<h3><strong>Before\u00a0<strong>device<\/strong> will be used:<\/strong><\/h3>\n<ul>\n<li>carry out all daily checks on the condition of the equipment<\/li>\n<li>do not use damaged or incomplete equipment<\/li>\n<li>do not use the equipment on an unsuitable surface<\/li>\n<\/ul>\n<h3 class=\"naglowekh2\"><strong>Before moving the device:<\/strong><\/h3>\n<ul>\n<li>the surface should be thoroughly checked for damage and obstructions<\/li>\n<li>check the direction of movement of the device<\/li>\n<\/ul>\n<h3 class=\"naglowekh2\"><strong>Moving the device:<\/strong><\/h3>\n<ul>\n<li><a href=\"https:\/\/kursy-udt.pl\/wp-content\/uploads\/2022\/10\/1-6.jpeg\"><img loading=\"lazy\" decoding=\"async\" class=\"alignright wp-image-4481\" src=\"https:\/\/kursy-udt.pl\/wp-content\/uploads\/2022\/10\/1-6-200x300.jpeg\" alt=\"\" width=\"250\" height=\"375\" srcset=\"https:\/\/kursy-udt.pl\/wp-content\/uploads\/2022\/10\/1-6-200x300.jpeg 200w, https:\/\/kursy-udt.pl\/wp-content\/uploads\/2022\/10\/1-6-683x1024.jpeg 683w, https:\/\/kursy-udt.pl\/wp-content\/uploads\/2022\/10\/1-6-768x1152.jpeg 768w, https:\/\/kursy-udt.pl\/wp-content\/uploads\/2022\/10\/1-6-1024x1536.jpeg 1024w, https:\/\/kursy-udt.pl\/wp-content\/uploads\/2022\/10\/1-6-8x12.jpeg 8w, https:\/\/kursy-udt.pl\/wp-content\/uploads\/2022\/10\/1-6-624x936.jpeg 624w, https:\/\/kursy-udt.pl\/wp-content\/uploads\/2022\/10\/1-6.jpeg 1067w\" sizes=\"auto, (max-width: 250px) 100vw, 250px\" \/><\/a>\n<p>constantly check the space in front of and above the appliance in the direction of its movement<\/li>\n<li>move the platform at an appropriate speed<\/li>\n<li>steer the equipment to avoid obstacles that may appear<\/li>\n<li>do not lean over the rails of the device<\/li>\n<li>do not place objects on the control panel<\/li>\n<li>do not lean on the control panel<\/li>\n<li>mobile phones should not be used<\/li>\n<\/ul>\n<h3 class=\"naglowekh2\"><strong>Placing\u00a0<strong>devices<\/strong> in the correct position:<\/strong><\/h3>\n<ul>\n<li>adjust the height of the unit to the correct level<\/li>\n<li>watch out for obstacles, including on the ceiling<\/li>\n<li>the pavement should be checked for damage and level<\/li>\n<\/ul>\n<h3 class=\"naglowekh2\"><strong>Using <strong>devices<\/strong>:<\/strong><\/h3>\n<ul>\n<li>mobile platforms should not be used by persons without training<\/li>\n<li>the operator should be familiar with the specific type of equipment<\/li>\n<li>the operator should be made aware of the risks involved in using the equipment and of the operating rules<\/li>\n<\/ul>\n<h3 class=\"naglowekh2\"><strong>Rescue:<\/strong><\/h3>\n<ul>\n<li>do not use the device if you are not sure of the rescue procedures and there is no one nearby who is familiar with them<\/li>\n<\/ul>\n<p>In addition, the mobile platforms course addresses other issues related to safety rules when using the equipment. As an operator, you should be familiar with all of the rules outlined for mobile, ride-on, freewheel and other types of lifts depending on their type and rating.<\/p>\n<p>By choosing our <a href=\"https:\/\/kursy-udt.pl\/en\/szkolenia\/udt-wdt-tdt\/uprawnienia-podesty-ruchome\/\">course for mobile platforms<\/a>You receive a comprehensive service including theoretical and practical training to enable you to use the equipment safely.<\/p>\n<div class=\"button_styl\" style=\"float: right; padding-left: 15px; padding-bottom: 8px; margin-bottom: 5px;\"><a class=\"myButton myButton_maly\" href=\"https:\/\/platformaedukacji.pl\/login\/signup.php\" target=\"_blank\" rel=\"nofollow noopener\"><span style=\"color: white;\">Sign up for training<\/span><\/a><\/div>\n<div style=\"padding-top: 70px;\">\n<h2 class=\"naglowekh2\">More information:<\/h2>\n<div style=\"text-align: center; font-size: 85%; line-height: 120%;\">\n<div style=\"float: left; margin-right: 40px; height: 290px;\">\n<p><a href=\"\/en\/training\/mobile-platforms\/orders-and-prohibitions\/\"><img decoding=\"async\" src=\"\/wp-content\/uploads\/2014\/08\/nakazy-zakazy.jpg\" alt=\"\" \/><\/a><\/p>\n<div style=\"width: 300px; font-size: 130%;\"><strong>Do&#039;s and Don&#039;ts<\/strong><\/div>\n<p>&nbsp;<\/p>\n<\/div>\n<div style=\"float: left; margin-right: 40px; height: 290px;\">\n<p><a href=\"\/en\/training\/mobile-platforms\/working-in-the-vicinity-of-power-lines\/\"><img decoding=\"async\" src=\"\/wp-content\/uploads\/2014\/08\/linie-energetyczne.jpg\" alt=\"\" \/><\/a><\/p>\n<div style=\"width: 300px; font-size: 130%;\"><strong>Work near power lines <\/strong><\/div>\n<p>&nbsp;<\/p>\n<\/div>\n<\/div>\n<div style=\"clear: both;\"><\/div>\n<div style=\"text-align: center; font-size: 85%; line-height: 120%;\">\n<div style=\"float: left; margin-right: 40px; height: 290px;\">\n<p><a href=\"\/en\/training\/mobile-platforms\/safety-procedures\/\"><img decoding=\"async\" src=\"\/wp-content\/uploads\/2014\/08\/bezpieczenstwo.jpg\" alt=\"\" \/><\/a><\/p>\n<div style=\"width: 300px; font-size: 130%;\"><strong>Security<\/strong><\/div>\n<p>&nbsp;<\/p>\n<\/div>\n<div style=\"float: left; margin-right: 40px; height: 290px;\">\n<p><a href=\"\/en\/training\/mobile-platforms\/surface-preparation\/\"><img decoding=\"async\" src=\"\/wp-content\/uploads\/2014\/08\/wypadek.jpg\" alt=\"\" \/><\/a><\/p>\n<div style=\"width: 300px; font-size: 130%;\"><strong>Surface preparation<\/strong><\/div>\n<p>&nbsp;<\/p>\n<\/div>\n<\/div>\n<div style=\"clear: both;\"><\/div>\n<div style=\"text-align: center; font-size: 85%; line-height: 120%;\">\n<div style=\"float: left; margin-right: 40px; height: 290px;\">\n<p><a href=\"\/en\/training\/mobile-platforms\/safety-in-tree-care\/\"><img decoding=\"async\" src=\"\/wp-content\/uploads\/2016\/09\/drzewa.png\" alt=\"\" \/><\/a><\/p>\n<div style=\"width: 300px; font-size: 130%;\"><strong>Safety in the care of trees<\/strong><\/div>\n<p>&nbsp;<\/p>\n<\/div>\n<div style=\"float: left; margin-right: 40px; height: 290px;\">\n<p><a href=\"\/en\/training\/mobile-platforms\/\"><img decoding=\"async\" style=\"width: 300px; height: 225px;\" src=\"\/wp-content\/uploads\/2014\/04\/10-pokaz.jpeg\" alt=\"\" \/><\/a><\/p>\n<div style=\"width: 300px; font-size: 130%;\"><strong><a href=\"https:\/\/kursy-udt.pl\/en\/szkolenia\/podesty-ruchome\/\">Trainings for mobile platforms<\/a><\/strong><\/div>\n<p>&nbsp;<\/p>\n<\/div>\n<\/div>\n<\/div>","protected":false},"excerpt":{"rendered":"<p>Najwa\u017cniejsze nakazy i zakazy przy pracy z podestami ruchomymi Pracownicy chc\u0105cy uzyska\u0107 uprawnienia UDT do pracy z podestami ruchomymi r\u00f3\u017cnych typ\u00f3w, otrzymuj\u0105 kompleksowe przygotowanie teoretyczne, kt\u00f3re obejmuje tak\u017ce zasady bezpiecze\u0144stwa. Zanim\u00a0urz\u0105dzenie zostanie u\u017cyte: nale\u017cy przeprowadzi\u0107 wszystkie codzienne czynno\u015bci sprawdzaj\u0105ce stan urz\u0105dzenia nie nale\u017cy u\u017cywa\u0107 uszkodzonych lub niekompletnych urz\u0105dze\u0144 nie nale\u017cy u\u017cywa\u0107 urz\u0105dze\u0144 na nieprzystosowanej do nich nawierzchni Przed poruszeniem urz\u0105dzenia: nale\u017cy dok\u0142adnie sprawdzi\u0107 powierzchni\u0119 pod k\u0105tem jej uszkodze\u0144 i przeszk\u00f3d nale\u017cy sprawdzi\u0107 kierunek poruszania si\u0119 urz\u0105dzenia Poruszanie urz\u0105dzenia: nale\u017cy stale sprawdza\u0107 przestrze\u0144 przed oraz nad urz\u0105dzeniem w kierunku jego poruszania si\u0119 nale\u017cy porusza\u0107 podest w odpowiedniej pr\u0119dko\u015bci nale\u017cy kierowa\u0107 urz\u0105dzeniem, aby unika\u0107 pojawiaj\u0105cych si\u0119 przeszk\u00f3d nie nale\u017cy przechyla\u0107 si\u0119 przez barierki urz\u0105dzenia nie nale\u017cy umieszcza\u0107 obiekt\u00f3w na panelu kontrolnym nie nale\u017cy opiera\u0107 si\u0119 o panel kontrolny nie nale\u017cy u\u017cywa\u0107 telefon\u00f3w kom\u00f3rkowych Umieszczanie\u00a0urz\u0105dzenia w odpowiedniej pozycji: nale\u017cy ustawi\u0107 wysoko\u015b\u0107 urz\u0105dzenia na w\u0142a\u015bciwym poziomie nale\u017cy uwa\u017ca\u0107 na pojawiaj\u0105ce si\u0119 przeszkody, tak\u017ce na suficie nale\u017cy sprawdzi\u0107 nawierzchni\u0119 pod k\u0105tem jej uszkodze\u0144 i poziomu U\u017cywanie urz\u0105dzenia: podesty ruchome nie powinny by\u0107 u\u017cywane przez osoby bez przeszkolenia operator powinien by\u0107 zaznajomiony z konkretnym rodzajem urz\u0105dzenia operator powinien by\u0107 zapoznany z ryzykiem u\u017cywania urz\u0105dzenia oraz zasadami pracy Ratunek: nie nale\u017cy korzysta\u0107 z urz\u0105dzenia w sytuacji, w kt\u00f3rej nie jest si\u0119 pewnym co do procedur ratowniczych oraz nie ma w pobli\u017cu osoby, kt\u00f3ra by\u0142aby z nimi zaznajomiona Dodatkowo kurs podesty ruchome porusza inne kwestie zwi\u0105zane z zasadami bezpiecze\u0144stwa podczas u\u017cycia urz\u0105dze\u0144. Jako operator nale\u017cy zna\u0107 wszystkie z przedstawionych zasad na podesty ruchome, przejezdne, wolnobie\u017cne oraz innego rodzaju zale\u017cnie od ich typu oraz [&hellip;]<\/p>\n","protected":false},"author":1,"featured_media":0,"parent":75,"menu_order":0,"comment_status":"closed","ping_status":"closed","template":"","meta":{"sfsi_plus_gutenberg_text_before_share":"","sfsi_plus_gutenberg_show_text_before_share":"","sfsi_plus_gutenberg_icon_type":"","sfsi_plus_gutenberg_icon_alignemt":"","sfsi_plus_gutenburg_max_per_row":"","footnotes":""},"class_list":["post-1284","page","type-page","status-publish","hentry","has_thumb"],"aioseo_notices":[],"_links":{"self":[{"href":"https:\/\/kursy-udt.pl\/en\/wp-json\/wp\/v2\/pages\/1284","targetHints":{"allow":["GET"]}}],"collection":[{"href":"https:\/\/kursy-udt.pl\/en\/wp-json\/wp\/v2\/pages"}],"about":[{"href":"https:\/\/kursy-udt.pl\/en\/wp-json\/wp\/v2\/types\/page"}],"author":[{"embeddable":true,"href":"https:\/\/kursy-udt.pl\/en\/wp-json\/wp\/v2\/users\/1"}],"replies":[{"embeddable":true,"href":"https:\/\/kursy-udt.pl\/en\/wp-json\/wp\/v2\/comments?post=1284"}],"version-history":[{"count":9,"href":"https:\/\/kursy-udt.pl\/en\/wp-json\/wp\/v2\/pages\/1284\/revisions"}],"predecessor-version":[{"id":4483,"href":"https:\/\/kursy-udt.pl\/en\/wp-json\/wp\/v2\/pages\/1284\/revisions\/4483"}],"up":[{"embeddable":true,"href":"https:\/\/kursy-udt.pl\/en\/wp-json\/wp\/v2\/pages\/75"}],"wp:attachment":[{"href":"https:\/\/kursy-udt.pl\/en\/wp-json\/wp\/v2\/media?parent=1284"}],"curies":[{"name":"wp","href":"https:\/\/api.w.org\/{rel}","templated":true}]}}