{"id":1196,"date":"2014-08-07T09:46:23","date_gmt":"2014-08-07T09:46:23","guid":{"rendered":"http:\/\/kursy-udt.pl\/?page_id=1196"},"modified":"2022-10-17T10:33:49","modified_gmt":"2022-10-17T10:33:49","slug":"security","status":"publish","type":"page","link":"https:\/\/kursy-udt.pl\/en\/szkolenia\/wozkiwidlowe\/bezpieczenstwo\/","title":{"rendered":"Safety of forklift operation"},"content":{"rendered":"<div style=\"float: left; padding-right: 10px;\"><img decoding=\"async\" src=\"\/wp-content\/uploads\/2014\/08\/mbezp.jpg\" alt=\"\" \/><\/div>\n<div class=\"wyjustuj\">\n<p>The main objective of forklift courses is to learn how to properly operate the machine at the operator's workstation. In addition to information on the construction of the vehicle, its steering or handling of the load, each course includes information on health and safety. If the workplace is to include <a href=\"https:\/\/kursy-udt.pl\/en\/szkolenia\/wozkiwidlowe\/\">forklift trucks course<\/a> is essential.<\/p>\n<p>Forklift trucks must meet certain technical requirements in order to be approved for operation. The technical specifications of the machine can be found on the rating plate, which should be on each vehicle. In addition, the necessary information includes a load capacity diagram, which indicates the lifting height of the load and how the load is distributed on the forks.<\/p>\n<p>In order to operate the device, the following are indispensable <a href=\"https:\/\/kursy-udt.pl\/en\/uprawnienia-udt\/kategorie-uprawnien-2\/\">entitlements<\/a> for forklift trucks. Certificates are issued by UDT Warsaw. In addition to these, it is necessary to undergo psycho-technical examinations and provide a certificate of no contraindications to work in the position.<\/p>\n<div class=\"filmw\">\n<div class=\"responsive-youtube\" style=\"text-align: center;\"><iframe loading=\"lazy\" title=\"YouTube video player\" src=\"https:\/\/www.youtube.com\/embed\/dFMZUadVVBM\" width=\"560\" height=\"315\" frameborder=\"0\" allowfullscreen=\"allowfullscreen\"><\/iframe><\/div>\n<\/div>\n<p><strong>Prohibited activities when operating a forklift:<\/strong><\/p>\n<ul>\n<li>driving under the influence of drugs and alcohol and in other cases of indisposition<\/li>\n<li>use of the vehicle for purposes other than those for which it was intended<\/li>\n<li>overloading of the device<\/li>\n<li>rapid acceleration, braking and speeding<\/li>\n<li>transporting persons on forks<\/li>\n<li><a href=\"https:\/\/kursy-udt.pl\/wp-content\/uploads\/2022\/10\/6.jpeg\"><img loading=\"lazy\" decoding=\"async\" class=\"size-medium wp-image-4499 alignright\" src=\"https:\/\/kursy-udt.pl\/wp-content\/uploads\/2022\/10\/6-300x200.jpeg\" alt=\"\" width=\"300\" height=\"200\" srcset=\"https:\/\/kursy-udt.pl\/wp-content\/uploads\/2022\/10\/6-300x200.jpeg 300w, https:\/\/kursy-udt.pl\/wp-content\/uploads\/2022\/10\/6-1024x683.jpeg 1024w, https:\/\/kursy-udt.pl\/wp-content\/uploads\/2022\/10\/6-768x512.jpeg 768w, https:\/\/kursy-udt.pl\/wp-content\/uploads\/2022\/10\/6-1536x1024.jpeg 1536w, https:\/\/kursy-udt.pl\/wp-content\/uploads\/2022\/10\/6-18x12.jpeg 18w, https:\/\/kursy-udt.pl\/wp-content\/uploads\/2022\/10\/6-624x416.jpeg 624w, https:\/\/kursy-udt.pl\/wp-content\/uploads\/2022\/10\/6.jpeg 1600w\" sizes=\"auto, (max-width: 300px) 100vw, 300px\" \/><\/a>driving downhill on sloping surfaces in neutral gear or with the drive switched off<\/li>\n<li>leaving the vehicle with the engine running<\/li>\n<li>Driving without following the safety rules<\/li>\n<li>climbing hills and slopes other than those permitted in the technical data<\/li>\n<li>walking or standing under raised pitchforks<\/li>\n<li>leaving loads on raised forks<\/li>\n<li>moving the mast when cornering<\/li>\n<li>independent reworking of the device<\/li>\n<li>removal of safety covers<\/li>\n<li>impact of the vehicle against other objects<\/li>\n<li>driving the vehicle on unsuitable surfaces<\/li>\n<li>smoking and the use of open flames<\/li>\n<li>handling slippery shoes or hands<\/li>\n<li>operation without forklift licence<\/li>\n<\/ul>\n<\/div>\n<div class=\"button_styl\" style=\"float: right; padding-left: 15px; padding-bottom: 8px; margin-bottom: 5px;\"><a class=\"myButton myButton_maly\" href=\"https:\/\/platformaedukacji.pl\/login\/signup.php\" target=\"_blank\" rel=\"nofollow noopener\"><span style=\"color: white;\">Sign up for training<\/span><\/a><\/div>\n<div style=\"padding-top: 70px;\">\n<h2>More information:<\/h2>\n<div style=\"text-align: center; font-size: 85%; line-height: 120%;\">\n<div style=\"float: left; margin-right: 40px; height: 290px;\">\n<p><a href=\"\/en\/training\/forklifts\/control\/\"><img decoding=\"async\" src=\"\/wp-content\/uploads\/2014\/08\/ster.jpg\" alt=\"\" \/><\/a><\/p>\n<div style=\"width: 300px; font-size: 130%;\"><strong>Control<\/strong><br \/>\nCorrect control techniques<\/div>\n<p>&nbsp;<\/p>\n<\/div>\n<div style=\"float: left; margin-right: 40px; height: 290px;\">\n<p><a href=\"\/en\/training\/forklifts\/load-handling\/\"><img decoding=\"async\" src=\"\/wp-content\/uploads\/2014\/08\/oper.jpg\" alt=\"\" \/><\/a><\/p>\n<div style=\"width: 300px; font-size: 130%;\"><strong>Load handling<\/strong><br \/>\nHandling a loaded forklift<\/div>\n<p>&nbsp;<\/p>\n<\/div>\n<\/div>\n<div style=\"clear: both;\"><\/div>\n<div style=\"text-align: center; font-size: 85%; line-height: 120%;\">\n<div style=\"float: left; margin-right: 40px; height: 290px;\">\n<p><a href=\"\/en\/training\/forklifts\/security\/\"><img decoding=\"async\" src=\"\/wp-content\/uploads\/2014\/08\/bezp.jpg\" alt=\"\" \/><\/a><\/p>\n<div style=\"width: 300px; font-size: 130%;\"><strong>Security<\/strong><br \/>\nRules of safe operation<\/div>\n<p>&nbsp;<\/p>\n<\/div>\n<div style=\"float: left; margin-right: 40px; height: 290px;\">\n<p><a href=\"\/en\/training\/forklifts\/construction\/\"><img decoding=\"async\" src=\"\/wp-content\/uploads\/2014\/08\/bud.jpg\" alt=\"\" \/><\/a><\/p>\n<div style=\"width: 300px; font-size: 130%;\"><strong>Construction<\/strong><br \/>\nKnowledge base for construction<\/div>\n<p>&nbsp;<\/p>\n<\/div>\n<\/div>\n<div style=\"text-align: center; font-size: 85%; line-height: 120%;\">\n<div style=\"float: left; margin-right: 40px; height: 290px;\">\n<p><a href=\"\/en\/training\/forklifts\/\"><img decoding=\"async\" style=\"width: 300px; height: 225px;\" src=\"\/wp-content\/uploads\/2014\/03\/wozki-widlowe-4.jpeg\" alt=\"\" \/><\/a><\/p>\n<div style=\"width: 300px; font-size: 130%;\"><center><strong>Courses<\/strong><br \/>\non forklifts<\/center><\/div>\n<p>&nbsp;<\/p>\n<\/div>\n<\/div>\n<\/div>","protected":false},"excerpt":{"rendered":"<p>G\u0142\u00f3wnym celem, jakie maj\u0105 kursy na w\u00f3zki wid\u0142owe, jest nauka prawid\u0142owego obs\u0142ugiwania urz\u0105dzenia na stanowisku pracy operatora. Ka\u017cdy opr\u00f3cz wiadomo\u015bci dotycz\u0105cych budowy pojazdu, jego sterowania czy operowania \u0142adunkiem zawiera informacje na temat bezpiecze\u0144stwa i higieny pracy. Je\u017celi praca na stanowisku ma obejmowa\u0107 tak\u017ce w\u00f3zki wid\u0142owe kurs jest niezb\u0119dny. W\u00f3zki wid\u0142owe, aby mog\u0142y by\u0107 dopuszczone do pracy, musz\u0105 spe\u0142nia\u0107 okre\u015blone wymagania techniczne. Parametry techniczne urz\u0105dzenia mo\u017cna znale\u017a\u0107 na tabliczce znamionowej, kt\u00f3ra powinna znajdowa\u0107 si\u0119 na ka\u017cdym poje\u017adzie. Dodatkowo niezb\u0119dne informacje obejmuj\u0105 diagram ud\u017awigu, kt\u00f3ry informuje o wysoko\u015bci podnoszenia \u0142adunku oraz sposobie rozmieszczania \u0142adunku na wid\u0142ach. Do tego, aby obs\u0142ugiwa\u0107 urz\u0105dzenie, niez\u0119bne s\u0105 uprawnienia na w\u00f3zki wid\u0142owe. Certyfikaty wydaje UDT Warszawa. Ponadto opr\u00f3cz nich konieczne jest przej\u015bcie bada\u0144 psychotechnicznych i dostarczenie za\u015bwiadczenia o braku przeciwwskaza\u0144 do wykonywania prac na stanowisku. Czynno\u015bci zabronione przy obs\u0142udze w\u00f3zka wid\u0142owego: kierowanie pod wp\u0142ywem \u015brodk\u00f3w odurzaj\u0105cych oraz alkoholu, a tak\u017ce przy innych niedyspozycjach u\u017cywanie pojazdu w celach niezgodnych z jego przeznaczeniem prze\u0142adowanie urz\u0105dzenia gwa\u0142towne przyspieszanie i hamowanie oraz jazda z przekroczeniem pr\u0119dko\u015bci przewo\u017cenie os\u00f3b na wid\u0142ach zje\u017cd\u017canie z powierzchni pochy\u0142ych na ja\u0142owym biegu lub z wy\u0142\u0105czonym nap\u0119dem pozostawianie pojazdu z w\u0142\u0105czonym silnikiem prowadzenie pojazdu niezgodnie z zasadami bezpiecze\u0144stwa pokonywanie wzniesie\u0144 i pochy\u0142o\u015bci innych ni\u017c zosta\u0142o to dopuszczone w danych technicznych przechodzenie lub stanie pod uniesionymi wid\u0142ami pozostawianie \u0142adunk\u00f3w na uniesionych wid\u0142ach poruszanie masztem przy pokonywaniu zakr\u0119t\u00f3w samodzielne przer\u00f3bki urz\u0105dzenia usuwanie pokryw bezpiecze\u0144stwa uderzanie pojazdem o inne obiekty jazda pojazdem na nieprzystosowanych do tego powierzchniach palenie tytoniu i stosowanie otwartego ognia operowanie \u015bliskimi butami lub r\u0119kami operowanie bez posiadania uprawnienia na w\u00f3zki wid\u0142owe [&hellip;]<\/p>\n","protected":false},"author":1,"featured_media":4499,"parent":17,"menu_order":2,"comment_status":"closed","ping_status":"closed","template":"","meta":{"sfsi_plus_gutenberg_text_before_share":"","sfsi_plus_gutenberg_show_text_before_share":"","sfsi_plus_gutenberg_icon_type":"","sfsi_plus_gutenberg_icon_alignemt":"","sfsi_plus_gutenburg_max_per_row":"","footnotes":""},"class_list":["post-1196","page","type-page","status-publish","has-post-thumbnail","hentry","has_thumb"],"aioseo_notices":[],"_links":{"self":[{"href":"https:\/\/kursy-udt.pl\/en\/wp-json\/wp\/v2\/pages\/1196","targetHints":{"allow":["GET"]}}],"collection":[{"href":"https:\/\/kursy-udt.pl\/en\/wp-json\/wp\/v2\/pages"}],"about":[{"href":"https:\/\/kursy-udt.pl\/en\/wp-json\/wp\/v2\/types\/page"}],"author":[{"embeddable":true,"href":"https:\/\/kursy-udt.pl\/en\/wp-json\/wp\/v2\/users\/1"}],"replies":[{"embeddable":true,"href":"https:\/\/kursy-udt.pl\/en\/wp-json\/wp\/v2\/comments?post=1196"}],"version-history":[{"count":11,"href":"https:\/\/kursy-udt.pl\/en\/wp-json\/wp\/v2\/pages\/1196\/revisions"}],"predecessor-version":[{"id":4502,"href":"https:\/\/kursy-udt.pl\/en\/wp-json\/wp\/v2\/pages\/1196\/revisions\/4502"}],"up":[{"embeddable":true,"href":"https:\/\/kursy-udt.pl\/en\/wp-json\/wp\/v2\/pages\/17"}],"wp:featuredmedia":[{"embeddable":true,"href":"https:\/\/kursy-udt.pl\/en\/wp-json\/wp\/v2\/media\/4499"}],"wp:attachment":[{"href":"https:\/\/kursy-udt.pl\/en\/wp-json\/wp\/v2\/media?parent=1196"}],"curies":[{"name":"wp","href":"https:\/\/api.w.org\/{rel}","templated":true}]}}