{"id":1192,"date":"2014-08-07T09:40:24","date_gmt":"2014-08-07T09:40:24","guid":{"rendered":"http:\/\/kursy-udt.pl\/?page_id=1192"},"modified":"2022-10-17T10:30:39","modified_gmt":"2022-10-17T10:30:39","slug":"load-handling","status":"publish","type":"page","link":"https:\/\/kursy-udt.pl\/en\/szkolenia\/wozkiwidlowe\/operowanie-ladunkiem\/","title":{"rendered":"Load handling on a forklift"},"content":{"rendered":"<div style=\"float: left; padding-right: 10px;\"><img decoding=\"async\" src=\"\/wp-content\/uploads\/2014\/08\/4.jpg\" alt=\"\" \/><\/div>\n<div class=\"wyjustuj\">\n<p>Controlling a forklift, as taught in our course, uses three main movements - there is the movement of raising and lowering the forks, then the movement of tilting the mast of the forklift towards and away from each other, and the movement of moving the carriage with the forks sideways. On some models, it is also possible to control the movement of the forks and the spacing between them, or what is known as positioning.<\/p>\n<p><a href=\"https:\/\/kursy-udt.pl\/en\/szkolenia\/wozkiwidlowe\/\">Forklift truck operator course<\/a> teaches the correct control of the equipment and the handling of the load. On this basis, the participant can then obtain a forklift licence. One of the key elements of the training is learning how to load and unload pallets, which is what the operator's job entails.<\/p>\n<p><a href=\"https:\/\/kursy-udt.pl\/wp-content\/uploads\/2022\/10\/5.webp\"><img loading=\"lazy\" decoding=\"async\" class=\"size-medium wp-image-4496 alignright\" src=\"https:\/\/kursy-udt.pl\/wp-content\/uploads\/2022\/10\/5-300x200.webp\" alt=\"\" width=\"300\" height=\"200\" srcset=\"https:\/\/kursy-udt.pl\/wp-content\/uploads\/2022\/10\/5-300x200.webp 300w, https:\/\/kursy-udt.pl\/wp-content\/uploads\/2022\/10\/5-1024x683.webp 1024w, https:\/\/kursy-udt.pl\/wp-content\/uploads\/2022\/10\/5-768x512.webp 768w, https:\/\/kursy-udt.pl\/wp-content\/uploads\/2022\/10\/5-1536x1024.webp 1536w, https:\/\/kursy-udt.pl\/wp-content\/uploads\/2022\/10\/5-18x12.webp 18w, https:\/\/kursy-udt.pl\/wp-content\/uploads\/2022\/10\/5-624x416.webp 624w, https:\/\/kursy-udt.pl\/wp-content\/uploads\/2022\/10\/5.webp 1600w\" sizes=\"auto, (max-width: 300px) 100vw, 300px\" \/><\/a>Proper loading on <a href=\"https:\/\/kursy-udt.pl\/en\/szkolenia\/udt-wdt-tdt\/wozki-widlowe-merlo\/\">forklift<\/a> involves placing the load on a pallet on straight forks - these must be parallel to the surface. Once the load is in the correct position, it is then lifted to a height of about 30 centimetres, with the mast tilted towards the machine operator. The next step is to drive to the location where the load is to be placed, raise the pallet to the given height, straighten the mast and lower the forks out from under the pallet, and finally lower the forks again to the given level. Proper unloading involves performing the operations in reverse order.<\/p>\n<p>When loading and unloading, it is necessary to remember at the same time the rules for the correct manoeuvring of the equipment. It is forbidden to move too fast, especially with heavy loads, which can cause the forklift to tip over and endanger the operator and the environment. The forklift course therefore also provides key information on health and safety in the operator's position.<\/p>\n<p>Each forklift course teaches the correct loading and unloading of loads, both in theory and practice, which later forms part of the examination on the basis of which the following are awarded <a href=\"https:\/\/kursy-udt.pl\/en\/uprawnienia-udt\/kategorie-uprawnien-2\/\">UDT qualifications<\/a> necessary to work with the equipment of each type in question.<\/p>\n<div class=\"filmw\">\n<div class=\"responsive-youtube\" style=\"text-align: center;\"><iframe loading=\"lazy\" title=\"YouTube video player\" src=\"https:\/\/www.youtube.com\/embed\/dFMZUadVVBM\" width=\"560\" height=\"315\" frameborder=\"0\" allowfullscreen=\"allowfullscreen\"><\/iframe><\/div>\n<\/div>\n<\/div>\n<div class=\"button_styl\" style=\"float: right; padding-left: 15px; padding-bottom: 8px; margin-bottom: 5px;\"><a class=\"myButton myButton_maly\" href=\"https:\/\/platformaedukacji.pl\/login\/signup.php\" target=\"_blank\" rel=\"nofollow noopener\"><span style=\"color: white;\">Sign up for training<\/span><\/a><\/div>\n<div style=\"padding-top: 70px;\">\n<h2>More information:<\/h2>\n<div style=\"text-align: center; font-size: 85%; line-height: 120%;\">\n<div style=\"float: left; margin-right: 40px; height: 290px;\">\n<p><a href=\"\/en\/training\/forklifts\/control\/\"><img decoding=\"async\" src=\"\/wp-content\/uploads\/2014\/08\/ster.jpg\" alt=\"\" \/><\/a><\/p>\n<div style=\"width: 300px; font-size: 130%;\"><strong>Control<\/strong><br \/>\nCorrect control techniques<\/div>\n<p>&nbsp;<\/p>\n<\/div>\n<div style=\"float: left; margin-right: 40px; height: 290px;\">\n<p><a href=\"\/en\/training\/forklifts\/load-handling\/\"><img decoding=\"async\" src=\"\/wp-content\/uploads\/2014\/08\/oper.jpg\" alt=\"\" \/><\/a><\/p>\n<div style=\"width: 300px; font-size: 130%;\"><strong>Load handling<\/strong><br \/>\nHandling a loaded forklift<\/div>\n<p>&nbsp;<\/p>\n<\/div>\n<\/div>\n<div style=\"clear: both;\"><\/div>\n<div style=\"text-align: center; font-size: 85%; line-height: 120%;\">\n<div style=\"float: left; margin-right: 40px; height: 290px;\">\n<p><a href=\"\/en\/training\/forklifts\/security\/\"><img decoding=\"async\" src=\"\/wp-content\/uploads\/2014\/08\/bezp.jpg\" alt=\"\" \/><\/a><\/p>\n<div style=\"width: 300px; font-size: 130%;\"><strong>Security<\/strong><br \/>\nRules of safe operation<\/div>\n<p>&nbsp;<\/p>\n<\/div>\n<div style=\"float: left; margin-right: 40px; height: 290px;\">\n<p><a href=\"\/en\/training\/forklifts\/construction\/\"><img decoding=\"async\" src=\"\/wp-content\/uploads\/2014\/08\/bud.jpg\" alt=\"\" \/><\/a><\/p>\n<div style=\"width: 300px; font-size: 130%;\"><strong>Construction<\/strong><br \/>\nKnowledge base for construction<\/div>\n<p>&nbsp;<\/p>\n<\/div>\n<\/div>\n<div style=\"text-align: center; font-size: 85%; line-height: 120%;\">\n<div style=\"float: left; margin-right: 40px; height: 290px;\">\n<p><a href=\"\/en\/training\/forklifts\/\"><img decoding=\"async\" style=\"width: 300px; height: 225px;\" src=\"\/wp-content\/uploads\/2014\/03\/wozki-widlowe-4.jpeg\" alt=\"\" \/><\/a><\/p>\n<div style=\"width: 300px; font-size: 130%;\"><center><strong>Courses<\/strong><br \/>\non forklifts<\/center><\/div>\n<p>&nbsp;<\/p>\n<\/div>\n<\/div>\n<\/div>","protected":false},"excerpt":{"rendered":"<p>W sterowaniu w\u00f3zkiem wid\u0142owym, czego uczy nasz kurs, wykorzystuje si\u0119 trzy g\u0142\u00f3wne ruchy \u2013 jest o ruch podnoszenia i opuszczania wide\u0142, nast\u0119pnie ruch przechylania masztu w\u00f3zka do siebie oraz od siebie, a tak\u017ce ruch przesuwania karetki z wid\u0142ami w boki. W przypadku niekt\u00f3rych modeli mo\u017cna tak\u017ce sterowa\u0107 przesuni\u0119ciami wide\u0142 oraz ost\u0119pem pomi\u0119dzy nimi, czyli tak zwanym pozycjonowaniem. Kurs operatora w\u00f3zka wid\u0142owego uczy prawid\u0142owego sterowania urz\u0105dzeniem oraz operowania \u0142adunkiem. Na tej podstawie uczestnik mo\u017ce uzyska\u0107 potem uprawnienia na w\u00f3zki wid\u0142owe. Jednym z kluczowych element\u00f3w szkolenia jest nauka za\u0142adunku oraz roz\u0142adunku palet, na czym polega praca operatora. Prawid\u0142owy za\u0142adunek na w\u00f3zek wid\u0142owy polega na umieszczeniu \u0142adunku na palecie na wyprostowanych wid\u0142ach \u2013 musz\u0105 by\u0107 one u\u0142o\u017cone r\u00f3wnolegle do nawierzchni. Nast\u0119pnie po umieszczeniu \u0142adunku w prawid\u0142owej pozycji jest on podnoszony na wysoko\u015b\u0107 oko\u0142o 30 centymetr\u00f3w, przy czym przechylany masztem w kierunku operatora urz\u0105dzenia. Kolejny krok do dojechanie do miejsca, gdzie \u0142adunek ma by\u0107 umieszczony, podniesienie palety na dan\u0105 wysoko\u015b\u0107, wyprostowanie masztu oraz opuszczenie wide\u0142 o odjechanie spod palety, a na ko\u0144cu kolejne opuszczenie wide\u0142 do danego poziomu. Prawid\u0142owy roz\u0142adunek polega na wykonaniu operacji w odwrotnej kolejno\u015bci. Przy za\u0142adunku i roz\u0142adunku trzeba pami\u0119ta\u0107 jednocze\u015bnie o zasadach prawid\u0142owego manewrowania urz\u0105dzeniem. Zakazane jest poruszanie si\u0119 zbyt szybko, zw\u0142aszcza z ci\u0119\u017ckimi \u0142adunkami, co mo\u017ce spowodowa\u0107 wywr\u00f3cenie si\u0119 w\u00f3zka i zagro\u017cenie dla operatora oraz otoczenia. W zwi\u0105zku z tym kurs w\u00f3zka wid\u0142owego przekazuje tak\u017ce kluczowe informacje na temat bezpiecze\u0144stwa i higieny pracy na stanowisku operatora. Ka\u017cdy kurs na w\u00f3zek wid\u0142owy uczy prawid\u0142owego za\u0142adunku oraz roz\u0142adunku \u0142adunk\u00f3w, zar\u00f3wno w ramach teorii, jak i praktyki, [&hellip;]<\/p>\n","protected":false},"author":1,"featured_media":4496,"parent":17,"menu_order":1,"comment_status":"closed","ping_status":"closed","template":"","meta":{"sfsi_plus_gutenberg_text_before_share":"","sfsi_plus_gutenberg_show_text_before_share":"","sfsi_plus_gutenberg_icon_type":"","sfsi_plus_gutenberg_icon_alignemt":"","sfsi_plus_gutenburg_max_per_row":"","footnotes":""},"class_list":["post-1192","page","type-page","status-publish","has-post-thumbnail","hentry","has_thumb"],"aioseo_notices":[],"_links":{"self":[{"href":"https:\/\/kursy-udt.pl\/en\/wp-json\/wp\/v2\/pages\/1192","targetHints":{"allow":["GET"]}}],"collection":[{"href":"https:\/\/kursy-udt.pl\/en\/wp-json\/wp\/v2\/pages"}],"about":[{"href":"https:\/\/kursy-udt.pl\/en\/wp-json\/wp\/v2\/types\/page"}],"author":[{"embeddable":true,"href":"https:\/\/kursy-udt.pl\/en\/wp-json\/wp\/v2\/users\/1"}],"replies":[{"embeddable":true,"href":"https:\/\/kursy-udt.pl\/en\/wp-json\/wp\/v2\/comments?post=1192"}],"version-history":[{"count":7,"href":"https:\/\/kursy-udt.pl\/en\/wp-json\/wp\/v2\/pages\/1192\/revisions"}],"predecessor-version":[{"id":4498,"href":"https:\/\/kursy-udt.pl\/en\/wp-json\/wp\/v2\/pages\/1192\/revisions\/4498"}],"up":[{"embeddable":true,"href":"https:\/\/kursy-udt.pl\/en\/wp-json\/wp\/v2\/pages\/17"}],"wp:featuredmedia":[{"embeddable":true,"href":"https:\/\/kursy-udt.pl\/en\/wp-json\/wp\/v2\/media\/4496"}],"wp:attachment":[{"href":"https:\/\/kursy-udt.pl\/en\/wp-json\/wp\/v2\/media?parent=1192"}],"curies":[{"name":"wp","href":"https:\/\/api.w.org\/{rel}","templated":true}]}}