{"id":75,"date":"2014-02-12T13:52:58","date_gmt":"2014-02-12T13:52:58","guid":{"rendered":"http:\/\/kursy-udt.kwiaty0.pl\/?page_id=75"},"modified":"2023-02-14T12:32:00","modified_gmt":"2023-02-14T11:32:00","slug":"mobile-plattformen","status":"publish","type":"page","link":"https:\/\/kursy-udt.pl\/de\/szkolenia\/podesty-ruchome\/","title":{"rendered":"Ausbildung f\u00fcr mobile Plattformen"},"content":{"rendered":"<p><img loading=\"lazy\" decoding=\"async\" class=\"paddingleft10 alignleft wp-image-630\" src=\"https:\/\/kursy-udt.pl\/wp-content\/uploads\/2014\/04\/10-pokaz.jpeg\" alt=\"\" width=\"200\" height=\"150\" \/>Im ERGON-Personalentwicklungszentrum f\u00fchren wir <a href=\"https:\/\/kursy-udt.pl\/de\/szkolenia\/udt-wdt-tdt\/uprawnienia-podesty-ruchome\/\">Kurs f\u00fcr mobile Plattformen<\/a>die f\u00fcr Arbeitnehmer bestimmt ist, die eine <a href=\"https:\/\/kursy-udt.pl\/de\/uprawnienia-udt\/kategorie-uprawnien-2\/\">Anrechte<\/a> UDT. Auf Baustellen und bei Montagearbeiten werden immer h\u00e4ufiger mobile Arbeitsb\u00fchnen eingesetzt. Um diese professionell bedienen zu k\u00f6nnen, ist eine Schulung unerl\u00e4sslich. In unserem Schulungsangebot finden Sie Kurse f\u00fcr mobile Arbeitsb\u00fchnen der Kategorien I P und II P, darunter: Mast- und Mobilb\u00fchnen: freie und mobile selbstfahrende Arbeitsb\u00fchnen, Korb- und Scherenarbeitsb\u00fchnen. Sie erm\u00f6glichen es Ihnen, die erforderlichen Genehmigungen f\u00fcr die Arbeit mit allen Arten dieser Ger\u00e4te zu erhalten.<\/p>\n<div class=\"wyjustuj\">\n<p>Die von unserem Zentrum angebotenen Schulungen decken ein breites Spektrum an theoretischem Wissen und Praxis ab. Jeder Kurs \u00fcber mobile Arbeitsb\u00fchnen ist in Abschnitte unterteilt, die detaillierte Informationen \u00fcber den Arbeitsplatz und die Vorschriften enthalten <a href=\"https:\/\/kursy-udt.pl\/de\/szkolenia\/bhp-bezpieczenstwo-pracy\/prawna-ochrona-pracy\/\">GESUNDHEIT UND SICHERHEIT<\/a> und technische \u00dcberwachungsvorschriften, Bau, Wartung und Betrieb der Ger\u00e4te. Am Ende des Kurses k\u00f6nnen Sie die UDT-Pr\u00fcfung ablegen, um eine Lizenz f\u00fcr mobile Arbeitsb\u00fchnen zu erhalten.<\/p>\n<div class=\"filmw\">\n<div class=\"responsive-youtube\" style=\"text-align: center;\"><iframe loading=\"lazy\" title=\"YouTube-Video-Player\" src=\"https:\/\/www.youtube.com\/embed\/sadG__ZRQI8\" width=\"560\" height=\"315\" frameborder=\"0\" allowfullscreen=\"allowfullscreen\"><\/iframe><\/div>\n<\/div>\n<h2><strong>Arten von Anspr\u00fcchen<\/strong><\/h2>\n<p>Die von uns angebotene Ausbildung hilft Ihnen, die folgenden UDT-Qualifikationen zu erwerben:<\/p>\n<p><strong>Anspr\u00fcche der Kategorie I P:<\/strong><\/p>\n<ul>\n<li>Freilauf (Scherenhubtische)<\/li>\n<\/ul>\n<div style=\"height: 230px; float: left; margin-right: 25px;\"><img decoding=\"async\" src=\"\/wp-content\/uploads\/2014\/04\/pion-2-podesty-ruchome.jpg\" alt=\"Kurs f\u00fcr mobile Plattformen\" \/><\/div>\n<div style=\"height: 230px; float: left; margin-right: 25px;\"><img decoding=\"async\" src=\"\/wp-content\/uploads\/2014\/04\/pion-4-kurs-na-podesty-ruchome.jpg\" alt=\"Ergon station\u00e4re mobile Plattformen\" \/><\/div>\n<div style=\"height: 230px; float: left; margin-right: 25px;\"><img decoding=\"async\" src=\"\/wp-content\/uploads\/2014\/04\/pion-1-podesty.jpg\" alt=\"Ergon Warschau\" \/><\/div>\n<div style=\"height: 230px; float: left; margin-right: 25px;\"><img decoding=\"async\" src=\"\/wp-content\/uploads\/2014\/04\/pion-3-podest-zdjecie.jpg\" alt=\"Scherenarbeitsb\u00fchnen und Hubarbeitsb\u00fchnen\" \/><\/div>\n<div style=\"clear: both;\"><\/div>\n<ul>\n<li>selbstfahrend (Hubarbeitsb\u00fchnen)<\/li>\n<li>mobil (im Auto montierte Spinnen)<\/li>\n<\/ul>\n<div style=\"height: 180px; float: left; margin-right: 20px;\"><img decoding=\"async\" src=\"\/wp-content\/uploads\/2014\/04\/09-slajd.jpeg\" alt=\"Bahnsteigausbildung - Kat. I P\" \/><\/div>\n<div style=\"height: 180px; float: left; margin-right: 20px;\"><img decoding=\"async\" src=\"\/wp-content\/uploads\/2014\/04\/07-podesty-ruchome-udt.jpeg\" alt=\"Kurse f\u00fcr UDT-Qualifikationen\" \/><\/div>\n<div style=\"height: 180px; float: left; margin-right: 20px;\"><img decoding=\"async\" src=\"\/wp-content\/uploads\/2014\/04\/06-fotografia.jpeg\" alt=\"Ergon Warschau\" \/><\/div>\n<div style=\"clear: both;\"><\/div>\n<p><strong>Kat. II P Qualifikation:<\/strong><\/p>\n<ul>\n<li>Aufh\u00e4ngen<\/li>\n<li>station\u00e4r<\/li>\n<li>Mast<\/li>\n<\/ul>\n<div style=\"height: 180px; float: left; margin-right: 20px;\"><img decoding=\"async\" src=\"\/wp-content\/uploads\/2014\/04\/3-pic.jpg\" alt=\"\" \/><\/div>\n<div style=\"height: 180px; float: left; margin-right: 20px;\"><img decoding=\"async\" src=\"\/wp-content\/uploads\/2014\/04\/2-zdjecie.jpg\" alt=\"Ergon Schulungen und Kurse\" \/><\/div>\n<div style=\"height: 180px; float: left; margin-right: 20px;\"><img decoding=\"async\" src=\"\/wp-content\/uploads\/2014\/04\/1-foto.jpg \" alt=\"\" \/><\/div>\n<div style=\"clear: both;\"><\/div>\n<div style=\"width: 640px;\" class=\"wp-video\"><video id=\"video-75-1\" width=\"640\" height=\"360\" poster=\"https:\/\/kursy-udt.pl\/wp-content\/uploads\/2023\/02\/20230127_031102_0000.jpg\" preload=\"metadata\" controls=\"controls\"><source type=\"video\/mp4\" src=\"https:\/\/kursy-udt.pl\/wp-content\/uploads\/2023\/02\/ACCEPTED-operator-podestow-4K-kursy-udt.mp4?_=1\" \/><a href=\"https:\/\/kursy-udt.pl\/wp-content\/uploads\/2023\/02\/ACCEPTED-operator-podestow-4K-kursy-udt.mp4\">https:\/\/kursy-udt.pl\/wp-content\/uploads\/2023\/02\/ACCEPTED-operator-podestow-4K-kursy-udt.mp4<\/a><\/video><\/div>\n<h3><strong>Anmeldung<\/strong><\/h3>\n<p>Mobile Arbeitsb\u00fchnen geh\u00f6ren zur Kategorie der Krananlagen. Sie sind daf\u00fcr ausgelegt, Materialien und Personen mit Hilfe einer Plattform oder Gondel, die an einem Gest\u00e4nge aufgeh\u00e4ngt ist oder von einem Kran angehoben wird, auf eine bestimmte H\u00f6he zu heben. Bei den Plattformen wird unterschieden zwischen station\u00e4ren (an einem Punkt befindlichen) und selbstfahrenden (beweglichen, z. B. an einem Auto befestigten) Plattformen. Alle Arten von Ger\u00e4ten unterliegen der technischen \u00dcberwachung.<\/p>\n<p>Fahrbare Arbeitsb\u00fchnen werden haupts\u00e4chlich bei Bau-, Ausbau-, Installations- und Dekorationsarbeiten in der H\u00f6he eingesetzt. Sie werden auch in der Werbebranche, bei Reinigungsarbeiten und in vielen anderen Bereichen eingesetzt, in denen es erforderlich ist, Personen, Ger\u00e4te oder Material auf eine bestimmte H\u00f6he zu heben. Es gibt verschiedene Arten von mobilen Arbeitsb\u00fchnen, f\u00fcr die jeweils eine Genehmigung erforderlich ist.<\/p>\n<h3><strong>Zweck der Ausbildung<\/strong><\/h3>\n<p>Die Ausbildung steht Personen offen, die mindestens 18 Jahre alt sind, \u00fcber eine Grundausbildung verf\u00fcgen und bei denen keine medizinischen Gegenanzeigen f\u00fcr die Arbeit als Bediener vorliegen.<\/p>\n<p>Die Ausbildung f\u00fcr fahrbare Arbeitsb\u00fchnen berechtigt den Arbeitnehmer, das Ger\u00e4t auf der Grundlage der erworbenen Kenntnisse und Fertigkeiten entsprechend der jeweiligen Berechtigungskategorie so zu bedienen, dass ein sicherer Betrieb gew\u00e4hrleistet ist. Der Kurs bereitet auf die UDT-Pr\u00fcfung vor, nach deren Bestehen der Auszubildende eine Lizenz zum F\u00fchren des Ger\u00e4ts erhalten kann.<\/p>\n<p>Wir laden Sie ein, von unserem Angebot Gebrauch zu machen. Die Kurse werden regelm\u00e4\u00dfig durchgef\u00fchrt und k\u00f6nnen auch an einem vom Kunden angegebenen Ort und Datum realisiert werden. Die Preise k\u00f6nnen verhandelt werden. Wir ermutigen Sie, sich in unserem Zentrum zu qualifizieren!<\/p>\n<\/div>\n<p>&nbsp;<\/p>\n<div class=\"button_styl\" style=\"float: right; padding-left: 15px; padding-bottom: 8px; margin-bottom: 5px;\"><a class=\"myButton myButton_maly\" href=\"https:\/\/platformaedukacji.pl\/login\/signup.php\" target=\"_blank\" rel=\"nofollow noopener noreferrer\"><span style=\"color: white;\">Anmeldung zur Schulung<\/span><\/a><\/div>\n<div style=\"padding-top: 70px;\">\n<h2>Weitere Informationen:<\/h2>\n<div style=\"text-align: center; font-size: 85%; line-height: 120%;\">\n<div style=\"float: left; margin-right: 40px; height: 290px;\">\n<p><a href=\"\/de\/ausbildung\/mobile-plattformen\/gebote-und-verbote-2\/\"><img decoding=\"async\" src=\"\/wp-content\/uploads\/2014\/08\/nakazy-zakazy.jpg\" alt=\"\" \/><\/a><\/p>\n<div style=\"width: 300px; font-size: 130%;\"><strong>Gebote und Verbote<\/strong><\/div>\n<p>&nbsp;<\/p>\n<\/div>\n<div style=\"float: left; margin-right: 40px; height: 290px;\">\n<p><a href=\"\/de\/ausbildung\/mobile-plattformen\/arbeiten-in-der-nahe-von-hochspannungsleitungen-2\/\"><img decoding=\"async\" src=\"\/wp-content\/uploads\/2014\/08\/linie-energetyczne.jpg\" alt=\"\" \/><\/a><\/p>\n<div style=\"width: 300px; font-size: 130%;\"><strong>Arbeiten in der N\u00e4he von Stromleitungen <\/strong><\/div>\n<p>&nbsp;<\/p>\n<\/div>\n<\/div>\n<div style=\"clear: both;\"><\/div>\n<div style=\"text-align: center; font-size: 85%; line-height: 120%;\">\n<div style=\"float: left; margin-right: 40px; height: 290px;\">\n<p><a href=\"\/de\/ausbildung\/mobile-plattformen\/sicherheitsverfahren\/\"><img decoding=\"async\" src=\"\/wp-content\/uploads\/2014\/08\/bezpieczenstwo.jpg\" alt=\"\" \/><\/a><\/p>\n<div style=\"width: 300px; font-size: 130%;\"><strong>Sicherheit<\/strong><\/div>\n<p>&nbsp;<\/p>\n<\/div>\n<div style=\"float: left; margin-right: 40px; height: 290px;\">\n<p><a href=\"\/de\/ausbildung\/mobile-plattformen\/oberflachenvorbereitung\/\"><img decoding=\"async\" src=\"\/wp-content\/uploads\/2014\/08\/wypadek.jpg\" alt=\"\" \/><\/a><\/p>\n<div style=\"width: 300px; font-size: 130%;\"><strong>Vorbereitung der Oberfl\u00e4che<\/strong><\/div>\n<p>&nbsp;<\/p>\n<\/div>\n<\/div>\n<div style=\"clear: both;\"><\/div>\n<div style=\"text-align: center; font-size: 85%; line-height: 120%;\">\n<div style=\"float: left; margin-right: 40px; height: 290px;\">\n<p><a href=\"\/de\/ausbildung\/mobile-plattformen\/sicherheit-bei-der-baumpflege\/\"><img decoding=\"async\" src=\"\/wp-content\/uploads\/2016\/09\/drzewa.png\" alt=\"\" \/><\/a><\/p>\n<div style=\"width: 300px; font-size: 130%;\"><strong>Sicherheit bei der Baumpflege<\/strong><\/div>\n<p>&nbsp;<\/p>\n<\/div>\n<div style=\"float: left; margin-right: 40px; height: 290px;\">\n<p><a href=\"\/de\/ausbildung\/mobile-plattformen\/\"><img decoding=\"async\" style=\"width: 300px; height: 225px;\" src=\"\/wp-content\/uploads\/2014\/04\/10-pokaz.jpeg\" alt=\"\" \/><\/a><\/p>\n<div style=\"width: 300px; font-size: 130%;\"><strong>Ausbildung f\u00fcr mobile Plattformen<\/strong><\/div>\n<p>&nbsp;<\/p>\n<\/div>\n<\/div>\n<\/div>\n<p><a href=\"https:\/\/kursy-udt.pl\/wp-content\/uploads\/2022\/12\/PODESTY-RUCHOME-kursy-udt.pl_.png\"><img loading=\"lazy\" decoding=\"async\" class=\"aligncenter wp-image-4531\" src=\"https:\/\/kursy-udt.pl\/wp-content\/uploads\/2022\/12\/PODESTY-RUCHOME-kursy-udt.pl_-300x188.png\" alt=\"\" width=\"750\" height=\"469\" srcset=\"https:\/\/kursy-udt.pl\/wp-content\/uploads\/2022\/12\/PODESTY-RUCHOME-kursy-udt.pl_-300x188.png 300w, https:\/\/kursy-udt.pl\/wp-content\/uploads\/2022\/12\/PODESTY-RUCHOME-kursy-udt.pl_-1024x640.png 1024w, https:\/\/kursy-udt.pl\/wp-content\/uploads\/2022\/12\/PODESTY-RUCHOME-kursy-udt.pl_-768x480.png 768w, https:\/\/kursy-udt.pl\/wp-content\/uploads\/2022\/12\/PODESTY-RUCHOME-kursy-udt.pl_-18x12.png 18w, https:\/\/kursy-udt.pl\/wp-content\/uploads\/2022\/12\/PODESTY-RUCHOME-kursy-udt.pl_-624x390.png 624w, https:\/\/kursy-udt.pl\/wp-content\/uploads\/2022\/12\/PODESTY-RUCHOME-kursy-udt.pl_.png 1200w\" sizes=\"auto, (max-width: 750px) 100vw, 750px\" \/><\/a><\/p>","protected":false},"excerpt":{"rendered":"<p>W O\u015brodku Doskonalenia Kadr ERGON prowadzimy kurs na podesty ruchome, kt\u00f3ry przeznaczony jest dla pracownik\u00f3w chc\u0105cych otrzyma\u0107 uprawnienia UDT. Na budowach oraz przy pracach monta\u017cowych coraz cz\u0119\u015bciej u\u017cywane s\u0105 podesty ruchome, szkolenia s\u0105 niezb\u0119dne do tego, aby m\u00f3c je obs\u0142ugiwa\u0107 profesjonalnie. W naszej ofercie szkoleniowej znajd\u0105 Pa\u0144stwo kursy na podesty ruchome w kategorii I P oraz II P w tym: masztowe oraz podesty ruchome przejezdne: wolnobie\u017cne i przewo\u017ane samojezdne, podno\u015bniki koszowe i podno\u015bniki no\u017cycowe. Pozwalaj\u0105 one uzyska\u0107 niezb\u0119dne uprawnienia do pracy z wszystkimi typami tych urz\u0105dze\u0144. Prowadzone przez nasz O\u015brodek szkolenia obejmuj\u0105 szeroki zakres wiedzy teoretycznej i praktyk\u0119. Ka\u017cdy kurs na podesty ruchome jest podzielony na dzia\u0142y, kt\u00f3re w\u0142\u0105czaj\u0105 szczeg\u00f3\u0142owe informacje na temat stanowiska roboczego i przepis\u00f3w BHP oraz przepis\u00f3w dozoru technicznego, budowy, konserwacji i obs\u0142ugi urz\u0105dzenia. Po zako\u0144czeniu zaj\u0119\u0107 mo\u017cna podej\u015b\u0107 do egzaminu UDT, aby uzyska\u0107 uprawnienia na podesty ruchome. Rodzaje uprawnie\u0144 Prowadzone przez nas szkolenia pomagaj\u0105 w zdobyciu nast\u0119puj\u0105cych uprawnie\u0144 UDT: Uprawnienia kat. I P: przejezdne wolnobie\u017cne (podno\u015bniki no\u017cycowe) samojezdne (podno\u015bniki koszowe) przewo\u017ane (paj\u0105ki podczepiane pod samoch\u00f3d) Uprawnienia kat. II P: wisz\u0105ce stacjonarne masztowe Zastosowanie Podesty ruchome zaliczane s\u0105 do kategorii urz\u0105dze\u0144 d\u017awignicowych. S\u0105 one przeznaczone do podnoszenia materia\u0142\u00f3w oraz os\u00f3b na dan\u0105 wysoko\u015b\u0107 przy u\u017cyciu platformy albo gondoli, kt\u00f3re zawieszone s\u0105 na ci\u0119gniku albo podnoszone s\u0105 na d\u017awigniku. Podesty dzielimy na stacjonarne (znajduj\u0105ce si\u0119 w jednym punkcie) oraz samobie\u017cne (poruszaj\u0105ce si\u0119, na przyk\u0142ad przyczepione do samochodu). Wszystkie typy urz\u0105dze\u0144 podlegaj\u0105 dozorowi technicznemu. Urz\u0105dzenie podest ruchomy wykorzystuje si\u0119 przede wszystkim podczas prac budowlanych, prac wyko\u0144czeniowych, instalacyjnych, dekoratorskich na wysoko\u015bciach. Tak\u017ce znajduj\u0105 zastosowanie w [&hellip;]<\/p>\n","protected":false},"author":1,"featured_media":3424,"parent":65,"menu_order":0,"comment_status":"closed","ping_status":"closed","template":"","meta":{"sfsi_plus_gutenberg_text_before_share":"","sfsi_plus_gutenberg_show_text_before_share":"","sfsi_plus_gutenberg_icon_type":"","sfsi_plus_gutenberg_icon_alignemt":"","sfsi_plus_gutenburg_max_per_row":"","footnotes":""},"class_list":["post-75","page","type-page","status-publish","has-post-thumbnail","hentry","has_thumb"],"aioseo_notices":[],"_links":{"self":[{"href":"https:\/\/kursy-udt.pl\/de\/wp-json\/wp\/v2\/pages\/75","targetHints":{"allow":["GET"]}}],"collection":[{"href":"https:\/\/kursy-udt.pl\/de\/wp-json\/wp\/v2\/pages"}],"about":[{"href":"https:\/\/kursy-udt.pl\/de\/wp-json\/wp\/v2\/types\/page"}],"author":[{"embeddable":true,"href":"https:\/\/kursy-udt.pl\/de\/wp-json\/wp\/v2\/users\/1"}],"replies":[{"embeddable":true,"href":"https:\/\/kursy-udt.pl\/de\/wp-json\/wp\/v2\/comments?post=75"}],"version-history":[{"count":103,"href":"https:\/\/kursy-udt.pl\/de\/wp-json\/wp\/v2\/pages\/75\/revisions"}],"predecessor-version":[{"id":4762,"href":"https:\/\/kursy-udt.pl\/de\/wp-json\/wp\/v2\/pages\/75\/revisions\/4762"}],"up":[{"embeddable":true,"href":"https:\/\/kursy-udt.pl\/de\/wp-json\/wp\/v2\/pages\/65"}],"wp:featuredmedia":[{"embeddable":true,"href":"https:\/\/kursy-udt.pl\/de\/wp-json\/wp\/v2\/media\/3424"}],"wp:attachment":[{"href":"https:\/\/kursy-udt.pl\/de\/wp-json\/wp\/v2\/media?parent=75"}],"curies":[{"name":"wp","href":"https:\/\/api.w.org\/{rel}","templated":true}]}}