{"id":71,"date":"2014-02-12T13:46:12","date_gmt":"2014-02-12T13:46:12","guid":{"rendered":"http:\/\/kursy-udt.kwiaty0.pl\/?page_id=71"},"modified":"2021-07-07T22:42:20","modified_gmt":"2021-07-07T22:42:20","slug":"vorschriften-3","status":"publish","type":"page","link":"https:\/\/kursy-udt.pl\/de\/uprawnienia-udt\/przepisy\/","title":{"rendered":"Verordnungen"},"content":{"rendered":"<div class=\"wyjustuj\">\n<p><em><strong>Gesetz vom 21. Dezember 2000.<\/strong> \u00dcber die technische \u00dcberwachung (Gesetzblatt 2013, Punkt 963, in ge\u00e4nderter Fassung).<\/em><\/p>\n<p>Das Gesetz legt die Grunds\u00e4tze, Formen und den Umfang der Durchf\u00fchrung der technischen \u00dcberwachung durch die zust\u00e4ndigen Stellen fest. Es handelt sich um einen der grundlegenden Rechtsakte im Zusammenhang mit der T\u00e4tigkeit des Amtes f\u00fcr technische \u00dcberwachung, der alle Informationen im Zusammenhang mit der Durchf\u00fchrung von technischen \u00dcberwachungsarbeiten in Polen enth\u00e4lt, einschlie\u00dflich der Verfahren f\u00fcr die Erteilung von Genehmigungen durch das Amt f\u00fcr technische \u00dcberwachung, die Zulassung zum Betrieb von technischen Anlagen und deren Herstellungsentwurf, einschlie\u00dflich der Verdampfung von Materialien und Komponenten, Reparaturen, Modernisierung und Vermarktung.<\/p>\n<p>&nbsp;<\/p>\n<p><em><strong>Verordnung des Ministerrats vom 7. Dezember 2012.<\/strong> \u00fcber die Arten von technischen Ger\u00e4ten, die der technischen \u00dcberwachung unterliegen (GBl. 2012 Nr. 0 Pos. 1468), erlassen auf der Grundlage von Artikel 5 Absatz 2 des Gesetzes \u00fcber die technische \u00dcberwachung.<\/em><\/p>\n<p>Sie definiert die Arten von Ger\u00e4ten, die in Polen der technischen \u00dcberwachung unterliegen. Die Verordnung legt die Formen der technischen \u00dcberwachung, die Typen, die Fristen f\u00fcr die technischen Pr\u00fcfungen und den Umfang der Pr\u00fcfungen f\u00fcr bestimmte technische Ausr\u00fcstungen fest, die bei den Arbeiten verwendet werden, darunter Druckger\u00e4te, Handhabungsger\u00e4te, Kr\u00e4ne, Kabinen- und Stuhlf\u00f6rderer, drucklose und Niederdrucktanks f\u00fcr die Lagerung von giftigen oder \u00e4tzenden Stoffen und brennbaren Fl\u00fcssigkeiten.<\/p>\n<p>&nbsp;<\/p>\n<p><em><strong>Verordnung des Wirtschaftsministers vom 18. Juli 2001.<\/strong> \u00fcber das Verfahren zur \u00dcberpr\u00fcfung der f\u00fcr den Betrieb und die Wartung von technischen Anlagen erforderlichen Qualifikationen (GBl. Nr. 79, Pos. 849), ge\u00e4ndert durch die Verordnung vom 20. Februar 2003 (GBl. Nr. 50, Pos. 426), erlassen auf der Grundlage von Artikel 23 Absatz 5 des Gesetzes \u00fcber die technische \u00dcberwachung.<\/em><\/p>\n<p>Die Verordnung legt die Modalit\u00e4ten f\u00fcr die \u00dcberpr\u00fcfung der Qualifikationen fest, die f\u00fcr den Betrieb und die Instandhaltung von technischen Anlagen erforderlich sind, sowie die Arten von technischen Anlagen, f\u00fcr deren Betrieb und Instandhaltung Qualifikationen erforderlich sind, und enth\u00e4lt ein Muster f\u00fcr den Antrag auf \u00dcberpr\u00fcfung der Qualifikationen mit Informationen zu den einzelnen Bestimmungen und Fristen f\u00fcr die Benachrichtigung der interessierten Personen. Ebenfalls enthalten sind Informationen \u00fcber die Pr\u00fcfung zur Erlangung des <a href=\"https:\/\/kursy-udt.pl\/de\/uprawnienia-udt\/kategorie-uprawnien-2\/\">UDT-Anspr\u00fcche<\/a> f\u00fcr den Betrieb und die Wartung der technischen Anlagen.<\/p>\n<p>&nbsp;<\/p>\n<p><em><strong>Erlass des Ministers f\u00fcr Unternehmertum und Technologie vom 30. Oktober 2018.<\/strong> \u00dcber die technischen Bedingungen der technischen \u00dcberwachung im Bereich des Betriebs, der Reparatur und der Modernisierung von F\u00f6rderanlagen (GBl. 2018, Pos. 2176)<\/em><\/p>\n<p>Die Verordnung enth\u00e4lt Informationen \u00fcber die technischen \u00dcberwachungsbedingungen f\u00fcr den Betrieb von Umschlagger\u00e4ten wie Winden und Hebezeugen, Kr\u00e4nen, Regalbedienger\u00e4ten und Kr\u00e4nen, <a href=\"https:\/\/kursy-udt.pl\/de\/szkolenia\/udt-wdt-tdt\/wyciagi-towarowe-kurs\/\">Lastenaufz\u00fcge<\/a>Fahrtreppen, Rolltreppen, Anlagen f\u00fcr Behinderte, Kabinen- und Plattformaufz\u00fcge, Treppen und Fahrsteige, Aufz\u00fcge, einschlie\u00dflich solcher f\u00fcr den Transport von Personen, G\u00fctern, kleinen und <a href=\"https:\/\/kursy-udt.pl\/de\/szkolenia\/udt-wdt-tdt\/operowanie-dzwigami\/\">Baukr\u00e4ne<\/a>Linotor-Kr\u00e4ne, <a href=\"https:\/\/kursy-udt.pl\/de\/szkolenia\/wozkiwidlowe\/\">Gabelstapler<\/a>Hebeb\u00fchnen zum Bewegen von Lasten in nicht gerader Richtung und technische Ger\u00e4te f\u00fcr den Umschlag von Containern.<\/p>\n<p>&nbsp;<\/p>\n<p><em><strong>Verordnung des Wirtschaftsministers vom 28. Dezember 2001.<\/strong> \u00fcber die technischen Bedingungen der technischen \u00dcberwachung von Aufz\u00fcgen (Dz. U. Nr. 4, Punkt 43).<\/em><\/p>\n<p>Das Dokument legt detaillierte technische Bedingungen f\u00fcr die Durchf\u00fchrung der technischen \u00dcberwachung von Entwurf, Herstellung und Betrieb von manuell und mechanisch angetriebenen Hebezeugen fest, einschlie\u00dflich derjenigen, die f\u00fcr die geradlinige vertikale Bewegung von Lasten unter Verwendung eines starren Elements mit teilweiser Verwendung eines Gest\u00e4ngesystems bestimmt sind. Sie legt auch die Bauteile von Wagenhebern fest, deren Austausch nicht mit den technischen \u00dcberwachungsstellen abgestimmt werden muss, sowie die Sicherheitskoeffizienten und die maximalen Bet\u00e4tigungskr\u00e4fte, Formeln und Berechnungskoeffizienten.<\/p>\n<\/div>\n<p>Lesen Sie auch \u00fcber <a href=\"\/de\/udt-anspruche\/kategorien-von-genehmigungen\/\">UDT-Zulassungskategorien<\/a>!<\/p>","protected":false},"excerpt":{"rendered":"<p>Ustawa z dnia 21 grudnia 2000 r. o dozorze technicznym (Dz.U. z 2013, poz. 963 z p\u00f3\u017an. zm.) Ustawa okre\u015bla zasady, formy oraz zakres wykonywania dozoru technicznego przez jednostki do tego w\u0142a\u015bciwe. Jest to jedna z podstawowych ustaw zwi\u0105zana z dzia\u0142alno\u015bci\u0105 Urz\u0119du Dozoru Technicznego, kt\u00f3ra w\u0142\u0105cza wszystkie informacje zwi\u0105zane z prowadzeniem prac w zakresie dozoru technicznego w Polsce, w tym procedur nadawania uprawnie\u0144 przez Urz\u0105d Dozoru Technicznego, dopuszczenia do eksploatacji urz\u0105dze\u0144 technicznych oraz ich projektowania wytwarzania, w tym wywarzania materia\u0142\u00f3w i element\u00f3w, napraw, modernizacji i obrotu. &nbsp; Rozporz\u0105dzenie Rady Ministr\u00f3w z dnia 7 grudnia 2012 r. w sprawie rodzaj\u00f3w urz\u0105dze\u0144 technicznych podlegaj\u0105cych dozorowi technicznemu (Dz. U. 2012 nr 0 poz. 1468), wydane na podstawie art. 5 ust. 2 ustawy o dozorze technicznym. Okre\u015bla ono typy urz\u0105dze\u0144, kt\u00f3re podlegaj\u0105 dozorowi technicznemu w Polsce. Rozporz\u0105dzenie okre\u015bla formy dozoru technicznego, rodzaje, terminy bada\u0144 technicznych oraz zakres bada\u0144 dla konkretnych urz\u0105dze\u0144 technicznych wykorzystywanych podczas prac, w tym urz\u0105dze\u0144 ci\u015bnieniowych, urz\u0105dze\u0144 transportu bliskiego, d\u017awignik\u00f3w, przeno\u015bnik\u00f3w kabinowych i krzese\u0142kowych, zbiornik\u00f3w bezci\u015bnieniowych i niskoci\u015bnieniowych przeznaczonych do magazynowania materia\u0142\u00f3w truj\u0105cych lub \u017cr\u0105cych oraz materia\u0142\u00f3w ciek\u0142ych zapalnych. &nbsp; Rozporz\u0105dzenie Ministra Gospodarki z dnia 18 lipca 2001 r. w sprawie trybu sprawdzania kwalifikacji wymaganych przy obs\u0142udze i konserwacji urz\u0105dze\u0144 technicznych (Dz.U. Nr 79, poz. 849), zmienione rozporz\u0105dzeniem z dnia 20 lutego 2003 r.(Dz. U. Nr 50, poz. 426), wydane na podstawie art. 23 ust. 5 ustawy o dozorze technicznym. Rozporz\u0105dzenie okre\u015bla tryby sprawdzania kwalifikacji, kt\u00f3re wymagane s\u0105 podczas obs\u0142ugi i konserwacji urz\u0105dze\u0144 technicznych, rodzaje urz\u0105dze\u0144 technicznych, do kt\u00f3rych obs\u0142ugi i konserwacji potrzebne jest posiadanie kwalifikacji, [&hellip;]<\/p>\n","protected":false},"author":1,"featured_media":0,"parent":2,"menu_order":0,"comment_status":"closed","ping_status":"closed","template":"","meta":{"sfsi_plus_gutenberg_text_before_share":"","sfsi_plus_gutenberg_show_text_before_share":"","sfsi_plus_gutenberg_icon_type":"","sfsi_plus_gutenberg_icon_alignemt":"","sfsi_plus_gutenburg_max_per_row":"","footnotes":""},"class_list":["post-71","page","type-page","status-publish","hentry","has_no_thumb"],"aioseo_notices":[],"_links":{"self":[{"href":"https:\/\/kursy-udt.pl\/de\/wp-json\/wp\/v2\/pages\/71","targetHints":{"allow":["GET"]}}],"collection":[{"href":"https:\/\/kursy-udt.pl\/de\/wp-json\/wp\/v2\/pages"}],"about":[{"href":"https:\/\/kursy-udt.pl\/de\/wp-json\/wp\/v2\/types\/page"}],"author":[{"embeddable":true,"href":"https:\/\/kursy-udt.pl\/de\/wp-json\/wp\/v2\/users\/1"}],"replies":[{"embeddable":true,"href":"https:\/\/kursy-udt.pl\/de\/wp-json\/wp\/v2\/comments?post=71"}],"version-history":[{"count":10,"href":"https:\/\/kursy-udt.pl\/de\/wp-json\/wp\/v2\/pages\/71\/revisions"}],"predecessor-version":[{"id":3413,"href":"https:\/\/kursy-udt.pl\/de\/wp-json\/wp\/v2\/pages\/71\/revisions\/3413"}],"up":[{"embeddable":true,"href":"https:\/\/kursy-udt.pl\/de\/wp-json\/wp\/v2\/pages\/2"}],"wp:attachment":[{"href":"https:\/\/kursy-udt.pl\/de\/wp-json\/wp\/v2\/media?parent=71"}],"curies":[{"name":"wp","href":"https:\/\/api.w.org\/{rel}","templated":true}]}}