{"id":69,"date":"2014-02-12T13:45:46","date_gmt":"2014-02-12T13:45:46","guid":{"rendered":"http:\/\/kursy-udt.kwiaty0.pl\/?page_id=69"},"modified":"2019-12-17T16:32:35","modified_gmt":"2019-12-17T16:32:35","slug":"kategorien-von-genehmigungen","status":"publish","type":"page","link":"https:\/\/kursy-udt.pl\/de\/uprawnienia-udt\/kategorie-uprawnien\/","title":{"rendered":"Anspruchskategorien vor dem 1.06.2019"},"content":{"rendered":"<div style=\"width: 60%; margin-left: 40px;\">\n<table border=\"2\" cellspacing=\"1\" cellpadding=\"1\">\n<tbody>\n<tr>\n<td><strong>Gruppe<\/strong><\/td>\n<td><strong>Kategorien<\/strong><\/td>\n<td><strong>Umfang der Genehmigung<\/strong><\/td>\n<td><strong>Detaillierter Anwendungsbereich<\/strong><\/td>\n<\/tr>\n<tr>\n<td rowspan=\"2\">\n<h2><a title=\"Abschleppwagen\" href=\"\/de\/zimmerleute\/\"><strong>Abschleppwagen<\/strong><\/a><\/h2>\n<\/td>\n<td>II W<\/td>\n<td><strong>Hebezeuge und Winden<\/strong> kontrolliert<br \/>\nvon der Arbeitsebene und den Kr\u00e4nen<br \/>\nWerkstattunterlagen.<\/td>\n<td>- Allzweckhaken,<br \/>\n- besonders:<\/p>\n<ul>\n<li>cuzienne,<\/li>\n<li>H\u00e4rten,<\/li>\n<li>ley,<\/li>\n<li>fesselnd,<\/li>\n<li>Greifer,<\/li>\n<li>andere.<\/li>\n<\/ul>\n<\/td>\n<\/tr>\n<tr>\n<td>\u00a0I W<\/td>\n<td>Gesteuerte Winden und Hebezeuge<br \/>\nvon der Arbeitsebene oder von der Kabine aus<br \/>\nund station\u00e4re Werkstattkr\u00e4ne<\/td>\n<td>- Allzweckhaken,<br \/>\n- besonders:<\/p>\n<ul>\n<li>cuzienne,<\/li>\n<li>H\u00e4rten,<\/li>\n<li>ley,<\/li>\n<li>fesselnd,<\/li>\n<li>Greifer,<\/li>\n<li>andere.<\/li>\n<\/ul>\n<\/td>\n<\/tr>\n<tr>\n<td rowspan=\"2\">\n<h2><a title=\"Br\u00fcckenkr\u00e4ne\" href=\"\/de\/krane-3\/\"><strong>Br\u00fcckenkr\u00e4ne<\/strong><\/a><\/h2>\n<\/td>\n<td>\u00a0II S<\/td>\n<td><strong>Br\u00fcckenkr\u00e4ne<\/strong>Hebezeuge und Winden f\u00fcr Arbeitsb\u00fchnen und station\u00e4re Werkstattkrane<\/td>\n<td>- Allzweckhaken,<br \/>\n- besonders:<\/p>\n<ul>\n<li>kaffir,<\/li>\n<li>Spalten,<\/li>\n<li>cuzienne,<\/li>\n<li>Papaya,<\/li>\n<li>Zecken,<\/li>\n<li>stryper,<\/li>\n<li>Charge,<\/li>\n<li>H\u00e4rten,<\/li>\n<li>ley,<\/li>\n<li>fesselnd,<\/li>\n<li>Greifer,<\/li>\n<li>durchqueren,<\/li>\n<li>andere.<\/li>\n<\/ul>\n<\/td>\n<\/tr>\n<tr>\n<td>\u00a0I S<\/td>\n<td>Laufkr\u00e4ne, Hebezeuge und Winden, die von der Arbeitsebene oder von einer Kabine aus gesteuert werden, sowie station\u00e4re Werkstattkr\u00e4ne<\/td>\n<td>- Allzweckhaken,<br \/>\n- besonders:<\/p>\n<ul>\n<li>kaffir,<\/li>\n<li>Spalten,<\/li>\n<li>cuzienne,<\/li>\n<li>Papaya,<\/li>\n<li>Zecken,<\/li>\n<li>stryper,<\/li>\n<li>Charge,<\/li>\n<li>H\u00e4rten,<\/li>\n<li>ley,<\/li>\n<li>fesselnd,<\/li>\n<li>Greifer,<\/li>\n<li>durchqueren,<\/li>\n<li>andere.<\/li>\n<\/ul>\n<\/td>\n<\/tr>\n<tr>\n<td rowspan=\"3\">\n<h2><a title=\"Kr\u00e4ne\" href=\"\/de\/krane-4\/\"><strong>Kr\u00e4ne<\/strong><\/a><\/h2>\n<\/td>\n<td>\u00a0II \u00bf<\/td>\n<td><strong>Kr\u00e4ne<\/strong> :<\/p>\n<ul>\n<li>station\u00e4r,<\/li>\n<li>mobil,<\/li>\n<li>mobil<\/li>\n<li>selbstfahrend,<\/li>\n<\/ul>\n<\/td>\n<td>\n<ul>\n<li>Arten von Ausr\u00fcstung, Arten von Ausr\u00fcstung,<br \/>\nKapazit\u00e4tsbegrenzung.<\/li>\n<\/ul>\n<\/td>\n<\/tr>\n<tr>\n<td rowspan=\"2\">\u00a0I \u017b<\/td>\n<td>\u00a0Kr\u00e4ne:<\/p>\n<ul>\n<li>Turm und Schnellmontage.<\/li>\n<\/ul>\n<\/td>\n<td>Arten von Ausr\u00fcstung:<\/p>\n<ul>\n<li>Konstruktion<\/li>\n<li>andere, Ger\u00e4tetypen,<br \/>\nKapazit\u00e4tsbegrenzung.<\/li>\n<\/ul>\n<\/td>\n<\/tr>\n<tr>\n<td>\n<ul>\n<li>Schiene.<\/li>\n<\/ul>\n<\/td>\n<td>Arten von Ausr\u00fcstung:<\/p>\n<ul>\n<li>Schiffbau<\/li>\n<li>Sonstiges, Lastbegrenzung. .<\/li>\n<\/ul>\n<\/td>\n<\/tr>\n<tr>\n<td rowspan=\"2\">\n<h2><a title=\"Mobile Plattformen\" href=\"\/de\/ausbildung\/mobile-plattformen\/\"><strong>Mobile Plattformen<\/strong><\/a><\/h2>\n<\/td>\n<td>\u00a0II P<\/td>\n<td><strong>Mobile Plattformen:<\/strong><\/p>\n<ul>\n<li>station\u00e4r.<\/li>\n<li>Mastk\u00f6pfe,<\/li>\n<li>h\u00e4ngen,<\/li>\n<\/ul>\n<\/td>\n<td><\/td>\n<\/tr>\n<tr>\n<td>I P<\/td>\n<td>Mobile mobile Plattformen:<\/p>\n<ul>\n<li>mobil.<\/li>\n<li>langsam bewegen,<\/li>\n<li>fahrzeugmontiert und selbstfahrend,<\/li>\n<\/ul>\n<\/td>\n<td><\/td>\n<\/tr>\n<tr>\n<td rowspan=\"2\">\n<h2><a title=\"Kr\u00e4ne\" href=\"\/de\/krane-2\/\"><strong>Kr\u00e4ne<\/strong><\/a><\/h2>\n<\/td>\n<td>II D<\/td>\n<td><a href=\"https:\/\/kursy-udt.pl\/de\/szkolenia\/udt-wdt-tdt\/operowanie-dzwigami\/\">Baukr\u00e4ne<\/a>:<\/p>\n<ul>\n<li>Fracht und Menschen.<\/li>\n<li>Waren und <a href=\"https:\/\/kursy-udt.pl\/de\/szkolenia\/udt-wdt-tdt\/wyciagi-towarowe-kurs\/\">Lastenaufz\u00fcge<\/a> mobil und tragbar,<\/li>\n<\/ul>\n<\/td>\n<td><\/td>\n<\/tr>\n<tr>\n<td>I D<\/td>\n<td>Kr\u00e4ne <strong>(Aufz\u00fcge)<\/strong> G\u00fcter- und Personenwagen mit interner Steuerung und Krankenhausbetten.<\/td>\n<td><\/td>\n<\/tr>\n<tr>\n<td rowspan=\"3\">\n<h2><a title=\"Mobile Lastwagen\" href=\"\/de\/hubwagen\/\"><strong>Mobile Lastwagen<\/strong><\/a><\/h2>\n<\/td>\n<td>III WJO<\/td>\n<td><a href=\"https:\/\/kursy-udt.pl\/de\/szkolenia\/wozkiwidlowe\/\">Gabelstapler<\/a> gef\u00fchrt und ferngesteuert<\/td>\n<td><\/td>\n<\/tr>\n<tr>\n<td>II WJO<\/td>\n<td>Gabelstapler mit Ausnahme von Spezialfahrzeugen.<br \/>\n(<strong>Gabelstapler<\/strong>)<\/td>\n<td><\/td>\n<\/tr>\n<tr>\n<td>I WJO<\/td>\n<td>Gabelstapler, einschlie\u00dflich Spezialstapler<\/td>\n<td>\n<ul>\n<li>mit variablem \u00dcberhang (<strong>Teleskoplader<\/strong>)<\/li>\n<li>wenn der Bediener die Last anhebt,<\/li>\n<\/ul>\n<\/td>\n<\/tr>\n<tr>\n<td style=\"text-align: left;\">\n<h2><a title=\"Lastenaufz\u00fcge\" href=\"\/de\/lastenaufzuge-2\/\"><strong>Lastenaufz\u00fcge<\/strong><\/a><\/h2>\n<\/td>\n<td>\u00a0I WT<\/td>\n<td>Lastenaufz\u00fcge:<\/p>\n<ul>\n<li>mobil und tragbar,<\/li>\n<li>station\u00e4r,<\/li>\n<li>Schiffshebewerke.<\/li>\n<\/ul>\n<\/td>\n<td><\/td>\n<\/tr>\n<tr>\n<td>\n<h2><a title=\"Linotor-Kr\u00e4ne\" href=\"\/de\/bruckenkrane\/\"><strong>Linotor-Kr\u00e4ne<\/strong><\/a><\/h2>\n<\/td>\n<td>I L<\/td>\n<td><\/td>\n<td><\/td>\n<\/tr>\n<tr>\n<td>\n<h2><a title=\"Regalbedienger\u00e4te\" href=\"\/de\/kammern\/\"><strong>Regalbedienger\u00e4te<\/strong><\/a><\/h2>\n<\/td>\n<td>I U<\/td>\n<td><\/td>\n<td><\/td>\n<\/tr>\n<tr>\n<td>\n<h2><a title=\"Ausr\u00fcstung f\u00fcr den Containerumschlag\" href=\"\/de\/containerumschlaggerate\/\"><strong>Umzugscontainer<\/strong><\/a><\/h2>\n<\/td>\n<td>I K<\/td>\n<td>Betrieb und Wartung von Containerumschlagger\u00e4ten: Masten, Ausleger, Portalkran<\/td>\n<td><\/td>\n<\/tr>\n<\/tbody>\n<\/table>\n<\/div>\n<p>&nbsp;<\/p>\n<div class=\"wyjustuj\">Weitere Informationen zu den Kategorien <a href=\"https:\/\/kursy-udt.pl\/de\/uprawnienia-udt\/kategorie-uprawnien-2\/\">UDT-Anspr\u00fcche<\/a> kann auf der offiziellen Website des Amtes f\u00fcr technische \u00dcberwachung nachgelesen werden <a href=\"http:\/\/www.udt.gov.pl\" target=\"_blank\" rel=\"noopener noreferrer\">http:\/\/www.udt.gov.pl<\/a><\/div>","protected":false},"excerpt":{"rendered":"<p>Grupa Kategorie Zakres uprawnienia Szczeg\u00f3\u0142owy zakres Ci\u0119gniki II W Wci\u0105gniki i wci\u0105garki sterowane z poziomu roboczego oraz \u017curawie stacjonarne warsztatowe. &#8211; hakowe og\u00f3lnego przeznaczenia, &#8211; specjalne: kuzienne, hartownicze, lejnicze, chwytnikowe, chwytakowe, inne. \u00a0I W Wci\u0105gniki i wci\u0105garki sterowane z poziomu roboczego lub z kabiny oraz \u017curawie stacjonarne warsztatowe &#8211; hakowe og\u00f3lnego przeznaczenia, &#8211; specjalne: kuzienne, hartownicze, lejnicze, chwytnikowe, chwytakowe, inne. Suwnice \u00a0II S Suwnice, wci\u0105gniki i wci\u0105garki sterowane z poziomu roboczego oraz \u017curawie stacjonarne warsztatowe &#8211; hakowe og\u00f3lnego przeznaczenia, &#8211; specjalne: kafarowe, kolumnowe, kuzienne, \u0142apowe, kleszczowe, stryperowe, wsadowe, hartownicze, lejnicze, chwytnikowe, chwytakowe, trawersowe, inne. \u00a0I S Suwnice, wci\u0105gniki i wci\u0105garki sterowane z poziomu roboczego lub z kabiny oraz \u017curawie stacjonarne warsztatowe &#8211; hakowe og\u00f3lnego przeznaczenia, &#8211; specjalne: kafarowe, kolumnowe, kuzienne, \u0142apowe, kleszczowe, stryperowe, wsadowe, hartownicze, lejnicze, chwytnikowe, chwytakowe, trawersowe, inne. \u017burawie \u00a0II \u017b \u017burawie : stacjonarne, przewo\u017ane, przeno\u015bne samojezdne, Rodzaje urz\u0105dze\u0144, typy urz\u0105dze\u0144, ograniczenie ud\u017awigu. \u00a0I \u017b \u00a0\u017burawie: wie\u017cowe oraz szybkomontuj\u0105ce. Rodzaje urz\u0105dze\u0144: budowlane inne, typy urz\u0105dze\u0144, ograniczenie ud\u017awigu. szynowe. Rodzaje urz\u0105dze\u0144: stoczniowe inne, ograniczenie ud\u017awigu. . Podesty ruchome \u00a0II P Podesty ruchome: stacjonarne. masztowe, wisz\u0105ce, I P Podesty ruchome przejezdne: przewo\u017ane. wolnobie\u017cne, samojezdne montowane na poje\u017adzie, D\u017awigi II D D\u017awigi budowlane: towarowo-osobowe. towarowe oraz wyci\u0105gi towarowe przewo\u017ane i przeno\u015bne, I D D\u017awigi (windy) towarowo-osobowe ze sterowaniem wewn\u0119trznym i szpitalne. W\u00f3zki jezdniowe III WJO W\u00f3zki jezdniowe podno\u015bnikowe prowadzone i zdalnie sterowane II WJO W\u00f3zki jezdniowe podno\u015bnikowe z wy\u0142\u0105czeniem specjalizowanych. (w\u00f3zki wid\u0142owe) I WJO W\u00f3zki jezdniowe podno\u015bnikowe, w tym specjalizowane ze zmiennym wysi\u0119giem (\u0142adowarki teleskopowe) z operatorem podnoszonym wraz z \u0142adunkiem, Wyci\u0105gi towarowe \u00a0I WT Wyci\u0105gi [&hellip;]<\/p>\n","protected":false},"author":1,"featured_media":0,"parent":2,"menu_order":0,"comment_status":"closed","ping_status":"closed","template":"","meta":{"sfsi_plus_gutenberg_text_before_share":"","sfsi_plus_gutenberg_show_text_before_share":"","sfsi_plus_gutenberg_icon_type":"","sfsi_plus_gutenberg_icon_alignemt":"","sfsi_plus_gutenburg_max_per_row":"","footnotes":""},"class_list":["post-69","page","type-page","status-publish","hentry","has_no_thumb"],"aioseo_notices":[],"_links":{"self":[{"href":"https:\/\/kursy-udt.pl\/de\/wp-json\/wp\/v2\/pages\/69","targetHints":{"allow":["GET"]}}],"collection":[{"href":"https:\/\/kursy-udt.pl\/de\/wp-json\/wp\/v2\/pages"}],"about":[{"href":"https:\/\/kursy-udt.pl\/de\/wp-json\/wp\/v2\/types\/page"}],"author":[{"embeddable":true,"href":"https:\/\/kursy-udt.pl\/de\/wp-json\/wp\/v2\/users\/1"}],"replies":[{"embeddable":true,"href":"https:\/\/kursy-udt.pl\/de\/wp-json\/wp\/v2\/comments?post=69"}],"version-history":[{"count":24,"href":"https:\/\/kursy-udt.pl\/de\/wp-json\/wp\/v2\/pages\/69\/revisions"}],"predecessor-version":[{"id":2953,"href":"https:\/\/kursy-udt.pl\/de\/wp-json\/wp\/v2\/pages\/69\/revisions\/2953"}],"up":[{"embeddable":true,"href":"https:\/\/kursy-udt.pl\/de\/wp-json\/wp\/v2\/pages\/2"}],"wp:attachment":[{"href":"https:\/\/kursy-udt.pl\/de\/wp-json\/wp\/v2\/media?parent=69"}],"curies":[{"name":"wp","href":"https:\/\/api.w.org\/{rel}","templated":true}]}}