{"id":67,"date":"2014-02-12T12:18:28","date_gmt":"2014-02-12T12:18:28","guid":{"rendered":"http:\/\/kursy-udt.kwiaty0.pl\/?page_id=67"},"modified":"2026-03-11T09:14:26","modified_gmt":"2026-03-11T08:14:26","slug":"kontakt-4","status":"publish","type":"page","link":"https:\/\/kursy-udt.pl\/de\/kontakt\/","title":{"rendered":"Kontakt"},"content":{"rendered":"<p>Wenn Sie Fragen oder Bedenken haben, senden Sie diese bitte an unsere E-Mail-Adresse oder rufen Sie uns an - unsere Mitarbeiter werden Ihnen alle Einzelheiten erkl\u00e4ren, einschlie\u00dflich der Details des Angebots mit Preisen. F\u00fcr gr\u00f6\u00dfere Gruppen haben wir attraktive Rabatte vorbereitet. Wir laden Sie ein, unsere Schulungs-, Beratungs-, Implementierungs- und Auditdienste in Anspruch zu nehmen!<\/p>\n\n\n\n<p><a href=\"https:\/\/platformaedukacji.pl\/pluginfile.php\/10622\/block_html\/content\/KLAUZULA%20INFORMACYJNA_osoba%20fizyczna%20%281%29.docx\">INFORMATIONSKLAUSEL ZUM SCHUTZ PERSONENBEZOGENER DATEN<\/a><\/p>\n\n\n\n<h2 class=\"wp-block-heading\">Hauptzweig:<\/h2>\n\n\n\n<div class=\"wp-block-columns is-layout-flex wp-container-core-columns-is-layout-9d6595d7 wp-block-columns-is-layout-flex\">\n<div class=\"wp-block-column is-layout-flow wp-block-column-is-layout-flow\" style=\"flex-basis:33.33%\">\n<p>ul. Warszawska 58C lok. 47<br>02-496 Warschau<br>tel. <a href=\"tel:+48222902909\">+48 22 290 29 09<\/a><br>Mobiltelefon <a href=\"tel:+48504010044\">+48 504 010 044<\/a><br><a href=\"mailto:biuro@kursy-udt.pl\">biuro@kursy-udt.pl<\/a><\/p>\n<\/div>\n\n\n\n<div class=\"wp-block-column is-layout-flow wp-block-column-is-layout-flow\" style=\"flex-basis:66.66%\">\n<p class=\"has-vivid-red-color has-text-color has-link-color has-small-font-size wp-elements-690b11da5e531778367a5d1290c629d0\"><strong>Wegbeschreibung:<\/strong> Die Hauptfiliale von ODK Ergon befindet sich im Einkaufszentrum Galeria Gawra an der Ip. Local 47 (Eingang von hinten, zweite Treppe). Um uns problemlos in der Navigation zu finden, geben Sie die Adresse ein: Hermana Str. 1. Hinter der Galerie Gawra befindet sich ein Kundenparkplatz. Sie sind herzlich willkommen!<\/p>\n<\/div>\n<\/div>\n\n\n\n<h2 class=\"wp-block-heading\">Au\u00dfenstellen:<\/h2>\n\n\n\n<div class=\"wp-block-columns is-layout-flex wp-container-core-columns-is-layout-9d6595d7 wp-block-columns-is-layout-flex\">\n<div class=\"wp-block-column is-layout-flow wp-block-column-is-layout-flow\">\n<p><strong>Zweigstelle Bia\u0142ystok<\/strong><\/p>\n\n\n\n<p>Nowy \u015bwiat Stra\u00dfe 9<br>15-453 Bialystok<\/p>\n<\/div>\n\n\n\n<div class=\"wp-block-column is-layout-flow wp-block-column-is-layout-flow\">\n<p><strong>Niederlassung Bielsko Bia\u0142a<\/strong><\/p>\n\n\n\n<p>Obro\u0144c\u00f3w W\u0119gierskiej G\u00f3rki Stra\u00dfe<br>34-350 Wegierska G\u00f3rka<\/p>\n<\/div>\n\n\n\n<div class=\"wp-block-column is-layout-flow wp-block-column-is-layout-flow\">\n<p><strong>Niederlassung Bydgoszcz<\/strong><\/p>\n\n\n\n<p>13 Stary Port Stra\u00dfe<br>85-068 Bydgoszcz<\/p>\n<\/div>\n<\/div>\n\n\n\n<div class=\"wp-block-columns is-layout-flex wp-container-core-columns-is-layout-9d6595d7 wp-block-columns-is-layout-flex\">\n<div class=\"wp-block-column is-layout-flow wp-block-column-is-layout-flow\">\n<p><strong>Niederlassung Gda\u0144sk<\/strong><\/p>\n\n\n\n<p>Kolobrzeska-Stra\u00dfe 45<br>80-391 Danzig<\/p>\n<\/div>\n\n\n\n<div class=\"wp-block-column is-layout-flow wp-block-column-is-layout-flow\">\n<p><strong>Niederlassung Gdynia<\/strong><\/p>\n\n\n\n<p>Zbo\u017cowa-Stra\u00dfe 7<br>81-020 Gdynia<\/p>\n<\/div>\n\n\n\n<div class=\"wp-block-column is-layout-flow wp-block-column-is-layout-flow\">\n<p><strong>Niederlassung Kattowitz (Schlesien)<\/strong><\/p>\n\n\n\n<p>Kijowska-Stra\u00dfe 51<br>40-754 Kattowitz<\/p>\n<\/div>\n<\/div>\n\n\n\n<div class=\"wp-block-columns is-layout-flex wp-container-core-columns-is-layout-9d6595d7 wp-block-columns-is-layout-flex\">\n<div class=\"wp-block-column is-layout-flow wp-block-column-is-layout-flow\">\n<p><strong>Zweigstelle Krak\u00f3w (Kleinpolen)<\/strong><\/p>\n\n\n\n<p>9\/23 Lepkowskiego Stra\u00dfe<br>31-423 Krakau<\/p>\n\n\n\n<p>223 Wielicka-Stra\u00dfe<br>30-663 Krakau<\/p>\n<\/div>\n\n\n\n<div class=\"wp-block-column is-layout-flow wp-block-column-is-layout-flow\">\n<p><strong>Niederlassung Lublin<\/strong><\/p>\n\n\n\n<p>10 Nieca\u0142a St.<br>20-080 Lublin<\/p>\n<\/div>\n\n\n\n<div class=\"wp-block-column is-layout-flow wp-block-column-is-layout-flow\">\n<p><strong>Zweigstelle Lodz<\/strong><\/p>\n\n\n\n<p>Piotrowska-Stra\u00dfe 121<br>62-061 \u0141\u00f3d\u017a<\/p>\n<\/div>\n<\/div>\n\n\n\n<div class=\"wp-block-columns is-layout-flex wp-container-core-columns-is-layout-9d6595d7 wp-block-columns-is-layout-flex\">\n<div class=\"wp-block-column is-layout-flow wp-block-column-is-layout-flow\">\n<p><strong>Niederlassung Pozna\u0144<\/strong><\/p>\n\n\n\n<p>Sienkiewicza-Stra\u00dfe 20<br>60-818 Pozna\u0144<\/p>\n<\/div>\n\n\n\n<div class=\"wp-block-column is-layout-flow wp-block-column-is-layout-flow\">\n<p><strong>Niederlassung Szczecin<\/strong><\/p>\n\n\n\n<p>Rugianska-Stra\u00dfe 71<br>71-653 Szczecin<\/p>\n<\/div>\n\n\n\n<div class=\"wp-block-column is-layout-flow wp-block-column-is-layout-flow\">\n<p><strong>Niederlassung Wroc\u0142aw<\/strong><\/p>\n\n\n\n<p>Partynicka-Stra\u00dfe 32<br>53-031 Breslau (Wroc\u0142aw)<\/p>\n<\/div>\n<\/div>\n\n\n\n<h2 class=\"wp-block-heading\">Sehen Sie, wie Sie zu uns kommen!<\/h2>\n\n\n<div style=\"clear: both;\">\n<p><iframe loading=\"lazy\" style=\"border: 0;\" tabindex=\"0\" src=\"https:\/\/www.google.com\/maps\/embed?pb=!1m18!1m12!1m3!1d2445.6361523312135!2d20.86082481579534!3d52.19548607975403!2m3!1f0!2f0!3f0!3m2!1i1024!2i768!4f13.1!3m3!1m2!1s0x0%3A0xce46a642befe48f3!2sO%C5%9Brodek%20Szkoleniowy%20UDT!5e0!3m2!1spl!2spl!4v1606734646065!5m2!1spl!2spl\" width=\"600\" height=\"700\" frameborder=\"0\" allowfullscreen=\"allowfullscreen\" aria-hidden=\"false\"><\/iframe><\/p>\n<\/div>\n\n\n<p><\/p>","protected":false},"excerpt":{"rendered":"<p>W razie pyta\u0144 i w\u0105tpliwo\u015bci prosimy o ich skierowanie na nasz adres e-mail lub o telefon \u2013 nasi pracownicy wyja\u015bni\u0105 wszystkie zawi\u0142o\u015bci, w tym przedstawi\u0105 Pa\u0144stwu szczeg\u00f3\u0142y oferty wraz z cenami. Dla wi\u0119kszych grup przygotowali\u015bmy atrakcyjne rabaty. Zapraszamy do skorzystania z naszych us\u0142ug szkoleniowych, doradczych, wdro\u017ce\u0144 oraz audyt\u00f3w! KLAUZULA INFORMACYJNA DOTYCZ\u0104CA OCHRONY DANYCH OSOBOWYCH Oddzia\u0142 g\u0142\u00f3wny: ul. Warszawska 58C lok. 4702-496 Warszawatel. +48 22 290 29 09tel. kom. +48 504 010 044biuro@kursy-udt.pl Wskaz\u00f3wki dojazdu: Oddzia\u0142 g\u0142\u00f3wny ODK Ergon znajduje si\u0119 w Centrum handlowym Galeria Gawra na Ip. Lokal 47 (wej\u015bcie od ty\u0142u, druga klatka) aby bezproblemowo do nas trafi\u0107 w nawigacji wpisz adres: ul. Hermana 1. Za galeri\u0105 Gawra jest parking dla klient\u00f3w. Zapraszamy! Oddzia\u0142y terenowe: Oddzia\u0142 Bia\u0142ystok ul. Nowy \u015bwiat 915-453 Bia\u0142ystok Oddzia\u0142 Bielsko Bia\u0142a ul. Obro\u0144c\u00f3w W\u0119gierskiej G\u00f3rki34-350 Wegierska G\u00f3rka Oddzia\u0142 Bydgoszcz ul. Stary Port 1385-068 Bydgoszcz Oddzia\u0142 Gda\u0144sk ul. Ko\u0142obrzeska 4580-391 Gda\u0144sk Oddzia\u0142 Gdynia ul. Zbo\u017cowa 781-020 Gdynia Oddzia\u0142 Katowice (\u015al\u0105sk) ul. Kijowska 5140-754 Katowice Oddzia\u0142 Krak\u00f3w (Ma\u0142opolska) ul. Lepkowskiego 9\/2331-423 Krak\u00f3w ul. Wielicka 22330-663 Krak\u00f3w Oddzia\u0142 Lublin ul. Nieca\u0142a 1020-080 Lublin Oddzia\u0142 \u0141\u00f3d\u017a ul. Piotrowska 12162-061 \u0141\u00f3d\u017a Oddzia\u0142 Pozna\u0144 ul. Sienkiewicza 2060-818 Pozna\u0144 Oddzia\u0142 Szczecin ul. Rugia\u0144ska 7171-653 Szczecin Oddzia\u0142 Wroc\u0142aw ul. Partynicka 3253-031 Wroc\u0142aw Zobacz jak do nas trafi\u0107!<\/p>","protected":false},"author":1,"featured_media":0,"parent":0,"menu_order":5,"comment_status":"closed","ping_status":"closed","template":"","meta":{"sfsi_plus_gutenberg_text_before_share":"","sfsi_plus_gutenberg_show_text_before_share":"","sfsi_plus_gutenberg_icon_type":"","sfsi_plus_gutenberg_icon_alignemt":"","sfsi_plus_gutenburg_max_per_row":"","footnotes":""},"class_list":["post-67","page","type-page","status-publish","hentry","has_no_thumb"],"aioseo_notices":[],"_links":{"self":[{"href":"https:\/\/kursy-udt.pl\/de\/wp-json\/wp\/v2\/pages\/67","targetHints":{"allow":["GET"]}}],"collection":[{"href":"https:\/\/kursy-udt.pl\/de\/wp-json\/wp\/v2\/pages"}],"about":[{"href":"https:\/\/kursy-udt.pl\/de\/wp-json\/wp\/v2\/types\/page"}],"author":[{"embeddable":true,"href":"https:\/\/kursy-udt.pl\/de\/wp-json\/wp\/v2\/users\/1"}],"replies":[{"embeddable":true,"href":"https:\/\/kursy-udt.pl\/de\/wp-json\/wp\/v2\/comments?post=67"}],"version-history":[{"count":24,"href":"https:\/\/kursy-udt.pl\/de\/wp-json\/wp\/v2\/pages\/67\/revisions"}],"predecessor-version":[{"id":6247,"href":"https:\/\/kursy-udt.pl\/de\/wp-json\/wp\/v2\/pages\/67\/revisions\/6247"}],"wp:attachment":[{"href":"https:\/\/kursy-udt.pl\/de\/wp-json\/wp\/v2\/media?parent=67"}],"curies":[{"name":"wp","href":"https:\/\/api.w.org\/{rel}","templated":true}]}}