{"id":65,"date":"2014-02-12T12:17:15","date_gmt":"2014-02-12T12:17:15","guid":{"rendered":"http:\/\/kursy-udt.kwiaty0.pl\/?page_id=65"},"modified":"2025-08-02T00:18:46","modified_gmt":"2025-08-01T22:18:46","slug":"ausbildung","status":"publish","type":"page","link":"https:\/\/kursy-udt.pl\/de\/szkolenia\/","title":{"rendered":"ERGON-Ausbildung"},"content":{"rendered":"<style>\n.oneimage {<br \/>\n\tfloat: left;<br \/>\n\tmargin-right: 20px;<br \/>\n\twidth: 30%;<br \/>\n        padding-bottom:10px;<br \/>\n}<br \/>\n@media (max-width: 800px){<br \/>\n   .oneimage {<br \/>\n\twidth: 100%;<br \/>\n   }<br \/>\n   .oneimage > div {<br \/>\n        width: 60%;<br \/>\n        margin: 0 auto;<br \/>\n   }<br \/>\n}<br \/>\n<\/style>\n<div class=\"wyjustuj\">\n<h3>Beispiele f\u00fcr Ger\u00e4te, f\u00fcr die wir Kurse und Pr\u00fcfungen veranstalten.<\/h3>\n<div style=\"text-align: center; font-size: 85%; line-height: 100%;\">\n<div class=\"oneimage\"><a href=\"\/de\/ausbildung\/mobile-plattformen\/\"><img decoding=\"async\" src=\"\/wp-content\/uploads\/2014\/04\/05-podesty-ruchome.jpeg\" alt=\"udt-Ausbildung Warschau ergon company\" \/><\/a><\/p>\n<div><strong>Freilaufende mobile Plattformen<\/strong><br \/>\nso genannte \"uprights\" Scherenhebeb\u00fchnen Arbeitsb\u00fchnen - Kat.<\/div>\n<\/div>\n<div class=\"oneimage\"><a href=\"\/de\/ausbildung\/mobile-plattformen\/\"><img decoding=\"async\" src=\"\/wp-content\/uploads\/2014\/04\/08-fotogr.jpeg\" alt=\"Kurs f\u00fcr mobile Plattformen\" \/><\/a><\/p>\n<div><strong>Freilaufende mobile Plattformen<\/strong><br \/>\nso genannte Korbaufz\u00fcge, Teleskop-Gelenkaufz\u00fcge - Kat.<\/div>\n<\/div>\n<div class=\"oneimage\"><a href=\"\/de\/ausbildung\/mobile-plattformen\/\"><img decoding=\"async\" src=\"\/wp-content\/uploads\/2014\/04\/podest-ruchomy-samojezdny.jpg\" alt=\"mobile Aufz\u00fcge Warschau\" \/><\/a><\/p>\n<div><strong>Mobile Hebeb\u00fchnen<\/strong><br \/>\nso genannte fahrzeuggebundene Hubarbeitsb\u00fchnen - Kat.<\/div>\n<\/div>\n<div class=\"oneimage\"><a href=\"\/de\/ausbildung\/teleskopladerkurs\/\"><img decoding=\"async\" src=\"\/wp-content\/uploads\/2014\/04\/ladowarka-teleskopowa.jpg\" alt=\"Kurse f\u00fcr Gabelstapler ergon\" \/><\/a><\/p>\n<div><strong>Teleskopstapler<\/strong><br \/>\nmit variabler Reichweite Kat - IWJO<\/div>\n<\/div>\n<div class=\"oneimage\"><a href=\"\/de\/ausbildung\/wozkiwidlowe\/\"><img decoding=\"async\" src=\"\/wp-content\/uploads\/2014\/03\/wozki-widlowe-4.jpeg\" alt=\"Gabelstaplerfahrerkurs ergon\" \/><\/a><\/p>\n<div><strong>Mobile Lastwagen<\/strong><br \/>\nGabelstapler, sog. Gabelstapler Kat. - IIWJO<\/div>\n<\/div>\n<div class=\"oneimage\"><a href=\"\/de\/ausbildung\/wozkiwidlowe\/\"><img decoding=\"async\" src=\"\/wp-content\/uploads\/2014\/04\/wozki-jezdniowe-unoszace.jpg\" alt=\"Ergotraining\" \/><\/a><\/p>\n<div><strong>Mobile Lastwagen<\/strong><br \/>\nHebeb\u00fchnen Kat. IIIWJO<\/div>\n<\/div>\n<\/div>\n<h3 style=\"margin: 17px; clear: both;\">UDT Ergon Ausbildung<\/h3>\n<p>Im ERGON-Zentrum f\u00fcr die Verbesserung der Humanressourcen bieten wir professionelle UDT-Schulungen an, die zur Erlangung von Berechtigungen des Technischen \u00dcberwachungsvereins f\u00fchren. Unsere UDT-Kurse richten sich an Kunden, die umfassende Unterst\u00fctzung bei der Verbesserung ihrer eigenen Kompetenzen und der ihrer Mitarbeiter an Arbeitspl\u00e4tzen suchen, f\u00fcr die UDT-Genehmigungen erforderlich sind. Wir arbeiten kontinuierlich mit der UDT zusammen - die Schulungen werden stets nach den neuesten Anforderungen durchgef\u00fchrt.<\/p>\n<div style=\"float: right; padding-left: 10px;\"><img decoding=\"async\" src=\"\/wp-content\/uploads\/2014\/09\/podesty.jpeg\" alt=\"\" \/><\/div>\n<p>Wir bieten UDT-Kurse zu ermutigenden Preisen an, die von der Anzahl der Teilnehmer abh\u00e4ngen. Jeder Kurs wird von qualifizierten Fachleuten unter Verwendung moderner Schulungseinrichtungen abgehalten, wobei der Schwerpunkt sowohl auf dem theoretischen als auch auf dem praktischen Teil liegt. Die UDT-Schulungen unseres Zentrums f\u00fcr die Entwicklung von Humanressourcen zeichnen sich daher durch h\u00f6chste Effizienz aus und werden h\u00e4ufig empfohlen. Wir bieten UDT-Schulungen sowohl als offene als auch als geschlossene Kurse an. Speziell f\u00fcr Sie kann das Angebot an Ihr Firmenprofil angepasst werden.<\/p>\n<p>Unser Angebot umfasst u.a. folgende Kurse f\u00fcr Zulassungen beim T\u00dcV:<\/p>\n<ul>\n<li>Krane, die von der Kabine und von der Arbeitsebene aus gesteuert werden<\/li>\n<li>Winden aus der Kabine und der Arbeitsebene<\/li>\n<li>Fracht- und Baukr\u00e4ne mit Service<\/li>\n<li>Turm-, Schienen- und Mobilkrane (HDS)<\/li>\n<li>Gabelstapler, einschlie\u00dflich Schubmaststapler und Spezialstapler wie Telehandler mit variabler Reichweite<\/li>\n<li>und einen Kurs f\u00fcr mobile Plattformen<\/li>\n<\/ul>\n<p>Dar\u00fcber hinaus bieten wir auch einen ADR-Kurs und eine Ausbildung zum Fahrzeugdiagnostiker, TDT-Lizenz und UNO-Betrieb an.<\/p>\n<p>Dar\u00fcber hinaus bieten wir Kurse f\u00fcr Gabelstapler- und Hakenliftf\u00fchrerscheine an. In unserem Zentrum wird der Gabelstaplerfahrerkurs mit und ohne T\u00dcV-Lizenz angeboten.<\/p>\n<p>Wir laden Sie ein, sich f\u00fcr Kurse im ERGON Personalentwicklungszentrum anzumelden!<\/p>\n<\/div>","protected":false},"excerpt":{"rendered":"<p>Przyk\u0142adowe urz\u0105dzenia na kt\u00f3re organizujemy kursy i egzaminy. Podesty ruchome wolnobie\u017cne tzw. zwy\u017cki podno\u015bniki no\u017cycowe platformy robocze \u2013 kat. IP Podesty ruchome wolnobie\u017cne tzw. podno\u015bniki koszowe, przegubowe teleskopowe \u2013 kat. IP Podesty ruchome samojezdne tzw. podno\u015bniki koszowe montowane na pojazdach \u2013 kat. IP \u0141adowarki teleskopowe ze zmiennym wysi\u0119giem kat. &#8211; IWJO W\u00f3zki jezdniowe podno\u015bnikowe tzw. wid\u0142owe kat. \u2013 IIWJO W\u00f3zki jezdniowe unosz\u0105ce tzw. podestowe kat. \u2013 IIIWJO Szkolenia UDT Ergon W O\u015brodku Doskonalenia Kadr ERGON realizujemy profesjonalne szkolenia UDT daj\u0105ce uprawnienia Urz\u0119du Dozoru Technicznego. Nasze kursy UDT skierowane s\u0105 do klient\u00f3w poszukuj\u0105cych kompleksowego wsparcia w podnoszeniu kompetencji swoich oraz swoich pracownik\u00f3w na stanowiskach pracy, na kt\u00f3rych wymagane s\u0105 uprawnienia UDT. Stale wsp\u00f3\u0142pracujemy z UDT \u2013 szkolenia prowadzone s\u0105 przez ca\u0142y czas zgodnie z najnowszymi wymaganiami. Oferujemy kursy UDT w zach\u0119caj\u0105cych cenach uzale\u017cnionych od liczby ich uczestnik\u00f3w. Ka\u017cde zaj\u0119cia prowadzone s\u0105 przez wykwalifikowanych specjalist\u00f3w, z wykorzystaniem nowoczesnego zaplecza szkoleniowego i k\u0142adzie nacisk zar\u00f3wno na cz\u0119\u015b\u0107 teoretyczn\u0105, jak i praktyczn\u0105. Dzi\u0119ki temu szkolenia UDT realizowane przez nasz O\u015brodek Doskonalenia Kadr wyr\u00f3\u017cniaj\u0105 si\u0119 najlepsz\u0105 skuteczno\u015bci\u0105 i s\u0105 cz\u0119sto rekomendowane. Realizujemy szkolenia UDT zar\u00f3wno jako otwarte, jak i zamkni\u0119te. Specjalnie dla Oferta mo\u017ce by\u0107 dostosowana do profilu firmy. W naszej ofercie znajd\u0105 Pastwo mi\u0119dzy innymi nast\u0119puj\u0105ce kursy na uprawnienia Urz\u0119du Dozoru Technicznego: suwnice sterowane z kabiny i z poziomu roboczego wyci\u0105garki z poziomu kabiny i poziomu roboczego d\u017awigi towarowe i budowlane z obs\u0142ug\u0105 \u017curawie wie\u017cowe, szynowe i przeno\u015bne (HDS) w\u00f3zki wid\u0142owe, w tym jezdniowe podno\u015bnikowe i specjalizowane m.in. \u0142adowarki teleskopowe ze zmiennym wysi\u0119giem oraz kurs na podesty ruchome Ponadto [&hellip;]<\/p>\n","protected":false},"author":1,"featured_media":0,"parent":0,"menu_order":1,"comment_status":"closed","ping_status":"closed","template":"","meta":{"sfsi_plus_gutenberg_text_before_share":"","sfsi_plus_gutenberg_show_text_before_share":"","sfsi_plus_gutenberg_icon_type":"","sfsi_plus_gutenberg_icon_alignemt":"","sfsi_plus_gutenburg_max_per_row":"","footnotes":""},"class_list":["post-65","page","type-page","status-publish","hentry","has_thumb"],"aioseo_notices":[],"_links":{"self":[{"href":"https:\/\/kursy-udt.pl\/de\/wp-json\/wp\/v2\/pages\/65","targetHints":{"allow":["GET"]}}],"collection":[{"href":"https:\/\/kursy-udt.pl\/de\/wp-json\/wp\/v2\/pages"}],"about":[{"href":"https:\/\/kursy-udt.pl\/de\/wp-json\/wp\/v2\/types\/page"}],"author":[{"embeddable":true,"href":"https:\/\/kursy-udt.pl\/de\/wp-json\/wp\/v2\/users\/1"}],"replies":[{"embeddable":true,"href":"https:\/\/kursy-udt.pl\/de\/wp-json\/wp\/v2\/comments?post=65"}],"version-history":[{"count":25,"href":"https:\/\/kursy-udt.pl\/de\/wp-json\/wp\/v2\/pages\/65\/revisions"}],"predecessor-version":[{"id":6194,"href":"https:\/\/kursy-udt.pl\/de\/wp-json\/wp\/v2\/pages\/65\/revisions\/6194"}],"wp:attachment":[{"href":"https:\/\/kursy-udt.pl\/de\/wp-json\/wp\/v2\/media?parent=65"}],"curies":[{"name":"wp","href":"https:\/\/api.w.org\/{rel}","templated":true}]}}