{"id":62,"date":"2014-02-10T19:52:54","date_gmt":"2014-02-10T19:52:54","guid":{"rendered":"http:\/\/kursy-udt.kwiaty0.pl\/?page_id=62"},"modified":"2025-06-04T12:13:27","modified_gmt":"2025-06-04T10:13:27","slug":"uber-das-unternehmen-2","status":"publish","type":"page","link":"https:\/\/kursy-udt.pl\/de\/o-firmie\/","title":{"rendered":"\u00dcber das Unternehmen"},"content":{"rendered":"<div style=\"float: left; padding-right: 10px;\"><div id=\"metaslider-id-636\" style=\"max-width: 200px;\" class=\"ml-slider-3-108-0 metaslider metaslider-flex metaslider-636 ml-slider ms-theme-default nav-hidden\" role=\"region\" aria-label=\"\u00fcber-unternehmen-verkauf\" data-height=\"150\" data-width=\"200\">\n    <div id=\"metaslider_container_636\">\n        <div id=\"metaslider_636\" class=\"flexslider\">\n            <ul class='slides'>\n                <li style=\"display: block; width: 100%;\" class=\"slide-651 ms-image\" aria-roledescription=\"slide\" data-date=\"2014-04-13 12:21:19\" data-filename=\"01-sale-szkoleniowe1.jpeg\" data-slide-type=\"image\"><img loading=\"lazy\" decoding=\"async\" src=\"https:\/\/kursy-udt.pl\/wp-content\/uploads\/2014\/04\/01-sale-szkoleniowe1.jpeg\" height=\"150\" width=\"200\" alt=\"\" class=\"slider-636 slide-651 msDefaultImage\" \/><\/li>\n                <li style=\"display: none; width: 100%;\" class=\"slide-652 ms-image\" aria-roledescription=\"slide\" data-date=\"2014-04-13 12:21:19\" data-filename=\"02-sala-szkoleniowa1.jpeg\" data-slide-type=\"image\"><img loading=\"lazy\" decoding=\"async\" src=\"https:\/\/kursy-udt.pl\/wp-content\/uploads\/2014\/04\/02-sala-szkoleniowa1.jpeg\" height=\"150\" width=\"200\" alt=\"\" class=\"slider-636 slide-652 msDefaultImage\" \/><\/li>\n                <li style=\"display: none; width: 100%;\" class=\"slide-653 ms-image\" aria-roledescription=\"slide\" data-date=\"2014-04-13 12:21:21\" data-filename=\"03-sala-szkolenia-udt1.jpeg\" data-slide-type=\"image\"><img loading=\"lazy\" decoding=\"async\" src=\"https:\/\/kursy-udt.pl\/wp-content\/uploads\/2014\/04\/03-sala-szkolenia-udt1.jpeg\" height=\"150\" width=\"200\" alt=\"\" class=\"slider-636 slide-653 msDefaultImage\" \/><\/li>\n            <\/ul>\n        <\/div>\n        \n    <\/div>\n<\/div><\/div>\n<div class=\"wyjustuj\">\n<p>Das ERGON-Zentrum f\u00fcr die Verbesserung der Humanressourcen verf\u00fcgt \u00fcber mehr als 15 Jahre Erfahrung in der Organisation von Schulungskursen f\u00fcr verschiedene Berufsgruppen. Unsere Spezialit\u00e4t sind Schulungen f\u00fcr UDT, IP, <a href=\"https:\/\/kursy-udt.pl\/de\/szkolenia\/bhp-bezpieczenstwo-pracy\/prawna-ochrona-pracy\/\">GESUNDHEIT UND SICHERHEIT<\/a>, Brandbek\u00e4mpfung, Erste Hilfe, die wir mit unserem Dozententeam mit umfangreichen Kenntnissen und Erfahrungen in diesem Beruf durchf\u00fchren. Wir sind Teil der ERGON-Beratungsgesellschaft f\u00fcr Arbeitssicherheit, die seit mehr als 20 Jahren Beratungs- und \u00dcberwachungsdienste f\u00fcr Sicherheit und Gesundheitsschutz am Arbeitsplatz anbietet.<\/p>\n<p>Wir konzentrieren uns auf die Vorbereitung von Schulungen und Pr\u00fcfungen f\u00fcr Bediener von Handhabungsger\u00e4ten, Mitarbeiter, die Ger\u00e4te und Energienetze bedienen und beaufsichtigen, sowie auf Pflichtschulungen in den Bereichen Arbeitsschutz und Feuerschutz. Wir sind insbesondere auf die Durchf\u00fchrung von UDT-Kursen spezialisiert. Jeder unserer UDT-Kurse ist professionell und erm\u00f6glicht es den Teilnehmern, die notwendigen Kenntnisse und F\u00e4higkeiten zu erwerben, um den UDT-Kurs abzuschlie\u00dfen. <a href=\"https:\/\/kursy-udt.pl\/de\/uprawnienia-udt\/kategorie-uprawnien-2\/\">UDT-Anspr\u00fcche<\/a> f\u00fcr ausgew\u00e4hlte Positionen.<\/p>\n<div style=\"float: right; padding-left: 10px;\"><div id=\"metaslider-id-644\" style=\"max-width: 200px;\" class=\"ml-slider-3-108-0 metaslider metaslider-flex metaslider-644 ml-slider ms-theme-default nav-hidden nav-hidden\" role=\"region\" aria-label=\"\u00fcber-unternehmen-verkauf2\" data-height=\"150\" data-width=\"200\">\n    <div id=\"metaslider_container_644\">\n        <div id=\"metaslider_644\" class=\"flexslider\">\n            <ul class='slides'>\n                <li style=\"display: block; width: 100%;\" class=\"slide-648 ms-image\" aria-roledescription=\"slide\" data-date=\"2014-04-13 12:20:45\" data-filename=\"04-uprawnienia-udt-sale2.jpeg\" data-slide-type=\"image\"><img loading=\"lazy\" decoding=\"async\" src=\"https:\/\/kursy-udt.pl\/wp-content\/uploads\/2014\/04\/04-uprawnienia-udt-sale2.jpeg\" height=\"150\" width=\"200\" alt=\"\" class=\"slider-644 slide-648 msDefaultImage\" \/><\/li>\n                <li style=\"display: none; width: 100%;\" class=\"slide-649 ms-image\" aria-roledescription=\"slide\" data-date=\"2014-04-13 12:20:45\" data-filename=\"05-foto-szkolenia2.jpeg\" data-slide-type=\"image\"><img loading=\"lazy\" decoding=\"async\" src=\"https:\/\/kursy-udt.pl\/wp-content\/uploads\/2014\/04\/05-foto-szkolenia2.jpeg\" height=\"150\" width=\"200\" alt=\"\" class=\"slider-644 slide-649 msDefaultImage\" \/><\/li>\n                <li style=\"display: none; width: 100%;\" class=\"slide-650 ms-image\" aria-roledescription=\"slide\" data-date=\"2014-04-13 12:20:46\" data-filename=\"06-pic-ergon-warszawa2.jpeg\" data-slide-type=\"image\"><img loading=\"lazy\" decoding=\"async\" src=\"https:\/\/kursy-udt.pl\/wp-content\/uploads\/2014\/04\/06-pic-ergon-warszawa2.jpeg\" height=\"150\" width=\"200\" alt=\"\" class=\"slider-644 slide-650 msDefaultImage\" \/><\/li>\n            <\/ul>\n        <\/div>\n        \n    <\/div>\n<\/div><\/div>\n<p>Wir f\u00fchren unter anderem Gabelstaplerkurse durch. Dieser Gabelstaplerkurs ist eines unserer beliebtesten Angebote und wird von den Teilnehmern gesch\u00e4tzt und gelobt. Der von uns angebotene Gabelstaplerkurs wird innerhalb und au\u00dferhalb des Rahmens der UDT durchgef\u00fchrt. Dar\u00fcber hinaus bieten wir u.a. Schulungen f\u00fcr lenkbare Krane, Winden, Krane verschiedener Typen, G\u00fcter- und Baukrane sowie einen Kurs f\u00fcr mobile Arbeitsb\u00fchnen an. Bei uns k\u00f6nnen Sie Qualifikationen f\u00fcr Hubarbeitsb\u00fchnen der Kategorie I P und II P erwerben. Gabelstaplerfahrerkurse und unsere anderen Kurse k\u00f6nnen wir auch als geschlossene, individuell zugeschnittene Kurse anbieten.<\/p>\n<p>Unser Angebot umfasst auch:<\/p>\n<ul>\n<li>Anrechte <a href=\"https:\/\/kursy-udt.pl\/de\/szkolenia\/sep-uprawnienia-do-1kv\/g1\/\">G1<\/a>, G2, <a href=\"https:\/\/kursy-udt.pl\/de\/szkolenia\/sep-uprawnienia-do-1kv\/g3\/\">G3<\/a><\/li>\n<li>HDS-Genehmigungen<\/li>\n<li>Ausbildung in den Bereichen Gesundheit und Sicherheit am Arbeitsplatz und Brandschutz<\/li>\n<li>ADR-Kurs<\/li>\n<li>TDT-Qualifikationen<\/li>\n<\/ul>\n<p>Wir zeichnen uns durch h\u00f6chste Effizienz und Zuverl\u00e4ssigkeit aus. 98% unserer Schulungsteilnehmer w\u00fcrden uns auf jeden Fall weiter empfehlen. Wir konzentrieren uns auf die kontinuierliche Entwicklung, den Ausbau unseres Personals sowie unserer Kenntnisse und F\u00e4higkeiten. Wir sind haupts\u00e4chlich in der Woiwodschaft Mazowieckie t\u00e4tig, k\u00f6nnen aber auch Kunden in ganz Polen erreichen.<\/p>\n<p>Das ERGON-Personalentwicklungszentrum ist unter der Nr. 699\/K\/95 im Register der nicht-\u00f6ffentlichen Schulen und Einrichtungen der Stadt Warschau als nicht-\u00f6ffentliche Bildungseinrichtung eingetragen, die Ausbildungsaktivit\u00e4ten durchf\u00fchrt.<\/p>\n<p>Wir laden Sie ein, die folgenden M\u00f6glichkeiten zu nutzen <a href=\"\/de\/ausbildung\/\">unsere Dienstleistungen<\/a>,<br \/>\nODK ERGON-Team<\/p>\n<\/div>","protected":false},"excerpt":{"rendered":"<p>O\u015brodek Doskonalenia Kadr ERGON to przesz\u0142o 15-letnie do\u015bwiadczenie w organizacji szkole\u0144 przeznaczonych dla r\u00f3\u017cnych grup zawodowych. Nasza specjalno\u015b\u0107 to szkolenia UDT, IP, BHP, PPO\u017b, pierwszej pomocy, kt\u00f3re prowadzimy wraz z naszym gronem wyk\u0142adowc\u00f3w dysponuj\u0105cych szerok\u0105 wiedz\u0105 i do\u015bwiadczeniem w zawodzie. Dzia\u0142amy jako cz\u0119\u015b\u0107 Zak\u0142adu Doradztwa Bezpiecze\u0144stwa Pracy ERGON, kt\u00f3ry od ponad 20 lat \u015bwiadczy us\u0142ugi doradztwa i nadzoru BHP. Skupiamy si\u0119 na przygotowywaniu szkole\u0144 i egzamin\u00f3w przeznaczonych dla operator\u00f3w sprz\u0119t\u00f3w transportu bliskiego, pracownik\u00f3w eksploatuj\u0105cych i dozoruj\u0105cych urz\u0105dzenia i sieci energetycznych, tak\u017ce szkoleniach obowi\u0105zkowych BHP i PPO\u017b. W szczeg\u00f3lno\u015bci specjalizujemy si\u0119 w realizacji kurs\u00f3w UDT. Ka\u017cdy nasz kurs UDT jest profesjonalny i dzi\u0119ki niemu jego uczestnicy mog\u0105 zdoby\u0107 potrzebne uprawnienia UDT na wybrane stanowiska. Prowadzimy mi\u0119dzy innymi kursy na w\u00f3zki wid\u0142owe. To kurs w\u00f3zka wid\u0142owego jest jedn\u0105 z naszych najpopularniejszych propozycji, doceniana i chwalon\u0105 przez uczestnik\u00f3w. Dost\u0119pny u nas kurs na w\u00f3zki wid\u0142owe prowadzony jest w ramach UDT i poza nimi. Dodatkowo oferujemy m.in. szkolenia na suwnice sterowane, wyci\u0105garki, \u017curawie r\u00f3\u017cnych typ\u00f3w, d\u017awigi towarowe i budowlane, tak\u017ce kurs na podesty ruchome. Z nami mo\u017cna uzyska\u0107 uprawnienia na podno\u015bnik koszowy kat. I P i II P. R\u00f3wnie\u017c mo\u017cemy zrealizowa\u0107 kurs operatora w\u00f3zka wid\u0142owego i inne nasze kursy tak\u017ce jako zamkni\u0119te, indywidualnie dopasowane do potrzeb klienta. Nasza oferta obejmuje r\u00f3wnie\u017c: uprawnienia G1, G2, G3 uprawnienia HDS szkolenia BHP i Ppo\u017c kurs ADR uprawnienia TDT Wyr\u00f3\u017cniamy si\u0119 najlepsz\u0105 skuteczno\u015bci\u0105 i rzetelno\u015bci\u0105. 98% uczestnik\u00f3w naszych szkole\u0144 zdecydowanie poleci\u0142oby nas innym. Stawiamy na sta\u0142y rozw\u00f3j, poszerzaj\u0105c kadry i swoj\u0105 wiedz\u0119 i umiej\u0119tno\u015bci. G\u0142\u00f3wnie dzia\u0142amy na terenie wojew\u00f3dztwa mazowieckiego, ale tak\u017ce jeste\u015bmy [&hellip;]<\/p>\n","protected":false},"author":1,"featured_media":0,"parent":0,"menu_order":0,"comment_status":"closed","ping_status":"closed","template":"","meta":{"sfsi_plus_gutenberg_text_before_share":"","sfsi_plus_gutenberg_show_text_before_share":"","sfsi_plus_gutenberg_icon_type":"","sfsi_plus_gutenberg_icon_alignemt":"","sfsi_plus_gutenburg_max_per_row":"","footnotes":""},"class_list":["post-62","page","type-page","status-publish","hentry","has_no_thumb"],"aioseo_notices":[],"_links":{"self":[{"href":"https:\/\/kursy-udt.pl\/de\/wp-json\/wp\/v2\/pages\/62","targetHints":{"allow":["GET"]}}],"collection":[{"href":"https:\/\/kursy-udt.pl\/de\/wp-json\/wp\/v2\/pages"}],"about":[{"href":"https:\/\/kursy-udt.pl\/de\/wp-json\/wp\/v2\/types\/page"}],"author":[{"embeddable":true,"href":"https:\/\/kursy-udt.pl\/de\/wp-json\/wp\/v2\/users\/1"}],"replies":[{"embeddable":true,"href":"https:\/\/kursy-udt.pl\/de\/wp-json\/wp\/v2\/comments?post=62"}],"version-history":[{"count":42,"href":"https:\/\/kursy-udt.pl\/de\/wp-json\/wp\/v2\/pages\/62\/revisions"}],"predecessor-version":[{"id":3821,"href":"https:\/\/kursy-udt.pl\/de\/wp-json\/wp\/v2\/pages\/62\/revisions\/3821"}],"wp:attachment":[{"href":"https:\/\/kursy-udt.pl\/de\/wp-json\/wp\/v2\/media?parent=62"}],"curies":[{"name":"wp","href":"https:\/\/api.w.org\/{rel}","templated":true}]}}