{"id":5959,"date":"2023-06-07T11:47:06","date_gmt":"2023-06-07T09:47:06","guid":{"rendered":"https:\/\/kursy-udt.pl\/?page_id=5959"},"modified":"2023-06-07T11:47:07","modified_gmt":"2023-06-07T09:47:07","slug":"erwagen-sie-eine-ausbildung-zum-kompressor","status":"publish","type":"page","link":"https:\/\/kursy-udt.pl\/de\/rozwazasz-zrobienie-szkolenia-na-sprezarke\/","title":{"rendered":"Ziehen Sie eine Kompressorenausbildung in Betracht?"},"content":{"rendered":"<h2 class=\"wp-block-heading\">Kurs Kompressorbetrieb<\/h2>\n\n\n\n<p>ERGON bietet einen Kurs f\u00fcr die Bedienung von Kompressoren an. Bei uns lernen Sie, wie Sie einen Kompressor sicher und effizient bedienen k\u00f6nnen. Unter der Anleitung unseres Schulungspersonals k\u00f6nnen Sie sich das Know-how aneignen, um jede Art von gekoppelter Druckluftanlage zu bedienen und zu warten.&nbsp;<\/p>\n\n\n\n<h2 class=\"wp-block-heading\">Warum brauchen wir eine Kompressorgenehmigung?&nbsp;<\/h2>\n\n\n<div class=\"wp-block-image\">\n<figure class=\"alignleft size-large is-resized\"><a href=\"https:\/\/kursy-udt.pl\/wp-content\/uploads\/2023\/05\/s2-2023-05-17T134147.057.jpg\"><img loading=\"lazy\" decoding=\"async\" src=\"https:\/\/kursy-udt.pl\/wp-content\/uploads\/2023\/05\/s2-2023-05-17T134147.057-1024x684.jpg\" alt=\"Industriekompressor\" class=\"wp-image-5960\" width=\"512\" height=\"342\" srcset=\"https:\/\/kursy-udt.pl\/wp-content\/uploads\/2023\/05\/s2-2023-05-17T134147.057-1024x684.jpg 1024w, https:\/\/kursy-udt.pl\/wp-content\/uploads\/2023\/05\/s2-2023-05-17T134147.057-300x200.jpg 300w, https:\/\/kursy-udt.pl\/wp-content\/uploads\/2023\/05\/s2-2023-05-17T134147.057-768x513.jpg 768w, https:\/\/kursy-udt.pl\/wp-content\/uploads\/2023\/05\/s2-2023-05-17T134147.057-1536x1025.jpg 1536w, https:\/\/kursy-udt.pl\/wp-content\/uploads\/2023\/05\/s2-2023-05-17T134147.057-18x12.jpg 18w, https:\/\/kursy-udt.pl\/wp-content\/uploads\/2023\/05\/s2-2023-05-17T134147.057-624x417.jpg 624w, https:\/\/kursy-udt.pl\/wp-content\/uploads\/2023\/05\/s2-2023-05-17T134147.057.jpg 1600w\" sizes=\"auto, (max-width: 512px) 100vw, 512px\" \/><\/a><\/figure>\n<\/div>\n\n\n<p>Kompressoren, Verdichter, Saugd\u00fcsen, Gebl\u00e4se und andere Druckluftsysteme sind Ger\u00e4te mit einem sehr breiten Anwendungsspektrum. Spezialisierte Kompressoren sind praktisch in jeder Kfz-Werkstatt zu finden. Kompressoren finden nicht nur in der Werkstatt ihren Platz, sondern praktisch \u00fcberall, wo Druckluft ben\u00f6tigt wird. Auch beim Drucklackieren oder beim Betrieb von Druckluftwerkzeugen werden Druckluftsysteme eingesetzt.&nbsp;&nbsp;<\/p>\n\n\n\n<p>In all diesen F\u00e4llen findet ein Installateur und Instandhalter von Druckluftsystemen seinen Arbeitsplatz. Es ist daher eine \u00dcberlegung wert, einen Lizenzkurs f\u00fcr Kompressoren zu absolvieren.&nbsp;<\/p>\n\n\n\n<h2 class=\"wp-block-heading\">Wie sieht ein Kompressorkurs aus?&nbsp;<\/h2>\n\n\n\n<p>In Polen geh\u00f6ren Kompressoren zu den Ger\u00e4ten, die der technischen \u00dcberwachung unterliegen. Das bedeutet, dass f\u00fcr ihre Bedienung eine entsprechende Qualifikation erforderlich ist, die vom Amt f\u00fcr technische \u00dcberwachung erteilt wird. Um die entsprechende Qualifikation zu erhalten, m\u00fcssen Sie zun\u00e4chst einen Kurs absolvieren und eine Abschlusspr\u00fcfung vor einer Kommission des UDT erfolgreich ablegen.&nbsp;<\/p>\n\n\n\n<p>Die Kompressorenausbildung besteht aus zwei Teilen - einem theoretischen und einem praktischen. Im theoretischen Teil erhalten die Auszubildenden Informationen in Form von Vortr\u00e4gen \u00fcber den sicheren Betrieb und die Wartung der Maschine. Zu den Themen des ERGON-Kompressorkurses geh\u00f6ren:&nbsp;&nbsp;<\/p>\n\n\n\n<ul class=\"wp-block-list\">\n<li>Rechtsakte, die den Betrieb und die Instandhaltung von gekoppelten Luftsystemen regeln,&nbsp;<\/li>\n\n\n\n<li>Arten von Kompressoren und deren Funktionsprinzipien,&nbsp;<\/li>\n\n\n\n<li>Starten und Stoppen der Arbeiten mit dem Kompressor,&nbsp;<\/li>\n\n\n\n<li>F\u00fchren von technischen Aufzeichnungen f\u00fcr die Wartung von Kompressoren,&nbsp;<\/li>\n\n\n\n<li>Anforderungen an Druckbeh\u00e4lter nach den UDT-Vorschriften,&nbsp;<\/li>\n\n\n\n<li>Kontrolle der Verdichterleistung,&nbsp;<\/li>\n\n\n\n<li>Automatische Druckregelung,&nbsp;<\/li>\n\n\n\n<li>Gesundheits- und Sicherheitsvorschriften.&nbsp;<\/li>\n<\/ul>\n\n\n\n<p>Im praktischen Teil k\u00f6nnen die Auszubildenden dann das erworbene Wissen in einer kontrollierten Umgebung anwenden. Hier haben die Auszubildenden die M\u00f6glichkeit, sich mit den Spezifikationen des Kompressors und der f\u00fcr seine ordnungsgem\u00e4\u00dfe Wartung erforderlichen Ausr\u00fcstung vertraut zu machen. Im Rahmen der Schulungen stellt ERGON allen Teilnehmern eine speziell f\u00fcr diese Art von \u00dcbungen geeignete Ausr\u00fcstung zur Verf\u00fcgung. So k\u00f6nnen die Teilnehmer der Kurse unseres Unternehmens die Abschlusspr\u00fcfung mit der Gewissheit ablegen, sie zu bestehen.&nbsp;<\/p>\n\n\n<div class=\"wp-block-image\">\n<figure class=\"alignright size-large is-resized\"><a href=\"https:\/\/kursy-udt.pl\/wp-content\/uploads\/2023\/05\/screen_2x-2023-05-17T134126.930.jpg\"><img loading=\"lazy\" decoding=\"async\" src=\"https:\/\/kursy-udt.pl\/wp-content\/uploads\/2023\/05\/screen_2x-2023-05-17T134126.930-1024x683.jpg\" alt=\"Kompressorbetreiber\" class=\"wp-image-5961\" width=\"512\" height=\"342\" srcset=\"https:\/\/kursy-udt.pl\/wp-content\/uploads\/2023\/05\/screen_2x-2023-05-17T134126.930-1024x683.jpg 1024w, https:\/\/kursy-udt.pl\/wp-content\/uploads\/2023\/05\/screen_2x-2023-05-17T134126.930-300x200.jpg 300w, https:\/\/kursy-udt.pl\/wp-content\/uploads\/2023\/05\/screen_2x-2023-05-17T134126.930-768x512.jpg 768w, https:\/\/kursy-udt.pl\/wp-content\/uploads\/2023\/05\/screen_2x-2023-05-17T134126.930-1536x1024.jpg 1536w, https:\/\/kursy-udt.pl\/wp-content\/uploads\/2023\/05\/screen_2x-2023-05-17T134126.930-18x12.jpg 18w, https:\/\/kursy-udt.pl\/wp-content\/uploads\/2023\/05\/screen_2x-2023-05-17T134126.930-624x416.jpg 624w, https:\/\/kursy-udt.pl\/wp-content\/uploads\/2023\/05\/screen_2x-2023-05-17T134126.930.jpg 1600w\" sizes=\"auto, (max-width: 512px) 100vw, 512px\" \/><\/a><\/figure>\n<\/div>\n\n\n<p>Die Pr\u00fcfung besteht, \u00e4hnlich wie der Kompressorkurs selbst, aus einem theoretischen und einem praktischen Teil. Im theoretischen Teil m\u00fcssen die Teilnehmer eine Reihe offener und geschlossener Fragen beantworten, die ihr Wissen \u00fcber die Grunds\u00e4tze der sicheren Verwendung von Kompressoren best\u00e4tigen. Im praktischen Teil m\u00fcssen die Pr\u00fcflinge vor einer von der UDT eingesetzten Kommission eine Reihe von T\u00e4tigkeiten im Zusammenhang mit der Wartung und dem Betrieb des Druckluftsystems korrekt ausf\u00fchren. Diejenigen, die beide Teile der Pr\u00fcfung bestehen, erhalten eine Kompressorlizenz.&nbsp;<\/p>\n\n\n\n<p>Die G\u00fcltigkeitsdauer der von der UDT ausgestellten Kompressorqualifikationen betr\u00e4gt f\u00fcnf Jahre. Nach Ablauf dieser Frist m\u00fcssen Sie die Pr\u00fcfung erneut mit einem positiven Ergebnis ablegen, um Ihre Lizenz zu verl\u00e4ngern.&nbsp;&nbsp;<\/p>\n\n\n\n<h2 class=\"wp-block-heading\">Wie viel Kompressorschulung ist n\u00f6tig?&nbsp;<\/h2>\n\n\n\n<p>Die Dauer eines Kompressorkurses h\u00e4ngt von einer Reihe von Faktoren ab. Der wichtigste Faktor ist dabei der Erfahrungsstand des jeweiligen Kursteilnehmers. Unser Unternehmen bietet Kompressorkurse sowohl f\u00fcr Personen ohne Erfahrung als auch f\u00fcr diejenigen an, die lediglich ihre bereits erworbenen Qualifikationen auffrischen wollen. Bei Anf\u00e4ngern kann die Dauer des Kurses bis zu mehreren Dutzend Stunden betragen. F\u00fcr diejenigen, die lediglich eine bereits erworbene Genehmigung auffrischen wollen, bietet ERGOB Expresskurse an, die einen Tag dauern und am selben Tag mit einer Pr\u00fcfung abgeschlossen werden.&nbsp;<\/p>\n\n\n\n<p>Auch die Kurstermine bei ERGON sind variabel. Die offenen Kurse finden regelm\u00e4\u00dfig das ganze Jahr \u00fcber statt. Wenn Sie sich \u00fcber die Termine der offenen Kurse informieren m\u00f6chten, besuchen Sie bitte unsere Website.&nbsp;<\/p>\n\n\n\n<p>Neben den Standardkursen, die an Wochentagen stattfinden, bietet unser Unternehmen auch eine Reihe von Kursen zu anderen Zeiten an, z. B. Wochenend- oder Abendkurse, die speziell f\u00fcr Personen gedacht sind, die tags\u00fcber arbeiten oder studieren. Mit den Kursen von ERGON kann jeder seine beruflichen F\u00e4higkeiten verbessern.&nbsp;<\/p>\n\n\n<div class=\"wp-block-image\">\n<figure class=\"alignright size-large is-resized\"><a href=\"https:\/\/kursy-udt.pl\/wp-content\/uploads\/2023\/05\/s2-2023-05-17T134100.455.jpg\"><img loading=\"lazy\" decoding=\"async\" src=\"https:\/\/kursy-udt.pl\/wp-content\/uploads\/2023\/05\/s2-2023-05-17T134100.455-1024x684.jpg\" alt=\"Kompressor in Betrieb\" class=\"wp-image-5962\" width=\"512\" height=\"342\" srcset=\"https:\/\/kursy-udt.pl\/wp-content\/uploads\/2023\/05\/s2-2023-05-17T134100.455-1024x684.jpg 1024w, https:\/\/kursy-udt.pl\/wp-content\/uploads\/2023\/05\/s2-2023-05-17T134100.455-300x200.jpg 300w, https:\/\/kursy-udt.pl\/wp-content\/uploads\/2023\/05\/s2-2023-05-17T134100.455-768x513.jpg 768w, https:\/\/kursy-udt.pl\/wp-content\/uploads\/2023\/05\/s2-2023-05-17T134100.455-1536x1025.jpg 1536w, https:\/\/kursy-udt.pl\/wp-content\/uploads\/2023\/05\/s2-2023-05-17T134100.455-18x12.jpg 18w, https:\/\/kursy-udt.pl\/wp-content\/uploads\/2023\/05\/s2-2023-05-17T134100.455-624x417.jpg 624w, https:\/\/kursy-udt.pl\/wp-content\/uploads\/2023\/05\/s2-2023-05-17T134100.455.jpg 1600w\" sizes=\"auto, (max-width: 512px) 100vw, 512px\" \/><\/a><\/figure>\n<\/div>\n\n\n<h2 class=\"wp-block-heading\">Wo finden die Kompressorkurse statt?&nbsp;<\/h2>\n\n\n\n<p>ERGON hat seinen Sitz in Warschau. Von hier aus werden die Kompressorkurse durchgef\u00fchrt. Unser Unternehmen hat jedoch Niederlassungen in ganz Polen, und unsere Ausbilder k\u00f6nnen f\u00fcr Schulungen zu einzelnen Kunden reisen.&nbsp;&nbsp;<\/p>\n\n\n\n<p>Der theoretische Teil des Kurses kann zus\u00e4tzlich \u00fcber die Online-Lernplattform von ERGON stattfinden. Bei einigen Kursen ist es m\u00f6glich, die gesamte Ausbildung, einschlie\u00dflich der Pr\u00fcfung, aus der Ferne durchzuf\u00fchren. F\u00fcr weitere Informationen besuchen Sie bitte unsere Website.&nbsp;<\/p>\n\n\n\n<h2 class=\"wp-block-heading\">Wer kann den Kompressorkurs belegen?&nbsp;<\/h2>\n\n\n\n<p>An den von ERGON angebotenen Kompressorenschulungen kann praktisch jeder teilnehmen. Sie m\u00fcssen nur eine Reihe von Grundvoraussetzungen erf\u00fcllen:&nbsp;<\/p>\n\n\n\n<ul class=\"wp-block-list\">\n<li>Mindestens 18 Jahre alt&nbsp;<\/li>\n\n\n\n<li>Mindestens Grundschulbildung&nbsp;<\/li>\n\n\n\n<li>Keine medizinischen Kontraindikationen f\u00fcr die Arbeit mit Druckluftsystemen&nbsp;<\/li>\n<\/ul>\n\n\n\n<p>Unser Unternehmen bietet sowohl offene Kurse an, die f\u00fcr jedermann zug\u00e4nglich sind, als auch private Kurse, die sich an Unternehmen richten, die die beruflichen Kompetenzen ihrer Mitarbeiter erweitern m\u00f6chten.&nbsp;<\/p>\n\n\n\n<p>Bei offenen Kursen h\u00e4ngen Preis und Dauer von der Kursstufe und der Kursdauer ab. Wenn Sie sich f\u00fcr einen offenen Kompressorkurs bei ERGON anmelden m\u00f6chten, empfehlen wir Ihnen, sich das Programm auf unserer Website anzusehen.&nbsp;<\/p>\n\n\n\n<p>Wenn Sie die Mitarbeiter Ihres Unternehmens zu einer Kompressorenschulung anmelden m\u00f6chten, wenden Sie sich bitte an unsere Berater. Der Preis oder die Dauer des Kurses h\u00e4ngt von vielen Details ab, wie z. B. der Anzahl der Teilnehmer oder dem Ort des Kurses, die Preise f\u00fcr Unternehmen, die unsere Dienste in Anspruch nehmen, werden immer individuell berechnet. Dar\u00fcber hinaus k\u00f6nnen Unternehmen, die eine langfristige Zusammenarbeit mit ERGON eingehen, mit Vorzugspreisen rechnen.&nbsp;<\/p>","protected":false},"excerpt":{"rendered":"<p>Kurs z obs\u0142ugi spr\u0119\u017carki Firma ERGON oferuje kurs w zakresie obs\u0142ugi spr\u0119\u017carki. Dzi\u0119ki naszej firmie dowiesz si\u0119 jak w bezpieczny i sprawny spos\u00f3b obs\u0142ugiwa\u0107 spr\u0119\u017cark\u0119. Pod okiem naszej kadry szkoleniowej mo\u017cesz naby\u0107 widz\u0119 dotycz\u0105c\u0105 eksploatacji i konserwacji instalacji sprz\u0119\u017conego powietrza ka\u017cdego rodzaju.&nbsp; Dlaczego potrzebujemy pozwolenia na spr\u0119\u017cark\u0119?&nbsp; Spr\u0119\u017carki, kompresory, ssawy, dmuchawy i inne instalacje sprz\u0119\u017conego powietrza to urz\u0105dzenia o bardzo szerokim zastosowaniu. Specjalistyczne kompresory znale\u017a\u0107 mo\u017cna praktycznie w ka\u017cdym warsztacie samochodowym. Kompresory maj\u0105 swoje miejsce nie tylko u mechanika, mo\u017cna je znale\u017a\u0107 zasadniczo wsz\u0119dzie tam, gdzie potrzebne jest spr\u0119\u017cone powietrze. Instalacje powietrza spr\u0119\u017conego stosuje si\u0119 tak\u017ce w malowaniu ci\u015bnieniowym czy przy obs\u0142udze jakichkolwiek narz\u0119dzi pneumatycznych.&nbsp;&nbsp; We wszystkich tych przypadkach swoj\u0105 prac\u0119 znajdzie instalator i konserwator instalacji spr\u0119\u017conego powietrza. Dlatego te\u017c warto rozwa\u017cy\u0107 zrobienie kursu nadaj\u0105cego pozwolenia na spr\u0119\u017cark\u0119.&nbsp; Jak wygl\u0105da kurs na spr\u0119\u017cark\u0119?&nbsp; Spr\u0119\u017carki zaliczaj\u0105 si\u0119 w Polsce do urz\u0105dze\u0144 obj\u0119tych dozorem technicznym. Znaczy to, \u017ce do ich obs\u0142ugi nale\u017cy posiada\u0107 odpowiednie uprawnienia, nadawane przez Urz\u0105d Dozoru Technicznego. Aby zdoby\u0107 odpowiednie kwalifikacje, nale\u017cy najpierw zaliczy\u0107 kurs i uko\u0144czy\u0107 z pozytywnym wynikiem egzamin ko\u0144cowy przed komisj\u0105 UDT.&nbsp; Szkolenie na spr\u0119\u017cark\u0119 sk\u0142ada si\u0119 z dw\u00f3ch cz\u0119\u015bci \u2013 teoretycznej oraz praktycznej. W cz\u0119\u015bci teoretycznej kursanci otrzymuj\u0105 w formie wyk\u0142ad\u00f3w informacje dotycz\u0105ce bezpiecznej eksploatacji i prowadzenia konserwacji urz\u0105dzenia. Tematy poruszane na kursie na spr\u0119\u017cark\u0119 w firmie ERGON to m. in.:&nbsp;&nbsp; Nast\u0119pnie w cz\u0119\u015bci praktycznej kursanci mog\u0105 prze\u0107wiczy\u0107 nabyt\u0105 wiedz\u0119 w kontrolowanym \u015brodowisku. Osoby bior\u0105ce udzia\u0142 w szkoleniu maj\u0105 tutaj okazj\u0119 zapozna\u0107 si\u0119 ze specyfikacjami spr\u0119\u017carki i sprz\u0119tu potrzebnego do jej odpowiedniej konserwacji. W ramach swoich szkole\u0144, firma ERGON zapewnia [&hellip;]<\/p>\n","protected":false},"author":6,"featured_media":5960,"parent":0,"menu_order":0,"comment_status":"closed","ping_status":"closed","template":"","meta":{"sfsi_plus_gutenberg_text_before_share":"","sfsi_plus_gutenberg_show_text_before_share":"","sfsi_plus_gutenberg_icon_type":"","sfsi_plus_gutenberg_icon_alignemt":"","sfsi_plus_gutenburg_max_per_row":"","footnotes":""},"class_list":["post-5959","page","type-page","status-publish","has-post-thumbnail","hentry","has_thumb"],"aioseo_notices":[],"_links":{"self":[{"href":"https:\/\/kursy-udt.pl\/de\/wp-json\/wp\/v2\/pages\/5959","targetHints":{"allow":["GET"]}}],"collection":[{"href":"https:\/\/kursy-udt.pl\/de\/wp-json\/wp\/v2\/pages"}],"about":[{"href":"https:\/\/kursy-udt.pl\/de\/wp-json\/wp\/v2\/types\/page"}],"author":[{"embeddable":true,"href":"https:\/\/kursy-udt.pl\/de\/wp-json\/wp\/v2\/users\/6"}],"replies":[{"embeddable":true,"href":"https:\/\/kursy-udt.pl\/de\/wp-json\/wp\/v2\/comments?post=5959"}],"version-history":[{"count":2,"href":"https:\/\/kursy-udt.pl\/de\/wp-json\/wp\/v2\/pages\/5959\/revisions"}],"predecessor-version":[{"id":6073,"href":"https:\/\/kursy-udt.pl\/de\/wp-json\/wp\/v2\/pages\/5959\/revisions\/6073"}],"wp:featuredmedia":[{"embeddable":true,"href":"https:\/\/kursy-udt.pl\/de\/wp-json\/wp\/v2\/media\/5960"}],"wp:attachment":[{"href":"https:\/\/kursy-udt.pl\/de\/wp-json\/wp\/v2\/media?parent=5959"}],"curies":[{"name":"wp","href":"https:\/\/api.w.org\/{rel}","templated":true}]}}