{"id":56,"date":"2014-02-10T17:20:30","date_gmt":"2014-02-10T17:20:30","guid":{"rendered":"http:\/\/kursy-udt.kwiaty0.pl\/?page_id=56"},"modified":"2016-01-21T19:32:16","modified_gmt":"2016-01-21T19:32:16","slug":"hubwagen","status":"publish","type":"page","link":"https:\/\/kursy-udt.pl\/de\/wozki-jezdniowe-podnosnikowe\/","title":{"rendered":"Gabelstapler"},"content":{"rendered":"<div style=\"float:left; padding-right:10px;\"><img decoding=\"async\" src=\"\/wp-content\/uploads\/2014\/03\/wozki-widlowe-3.jpeg\" alt=\"Gabelstapler\"><\/div>\n<div class=\"wyjustuj\">Sie sind eingeladen, einen Kurs zu besuchen \u00fcber <a href=\"https:\/\/kursy-udt.pl\/de\/szkolenia\/wozkiwidlowe\/\">Gabelstapler<\/a> zum ERGON Personalentwicklungszentrum! Die Teilnehmer unserer Schulungen lernen immer umfassend \u00fcber Gabelstapler - eine Zertifizierung ist bei uns daher sehr einfach zu erlangen. Alle unsere Gabelstaplerkurse basieren auf der Erfahrung unserer qualifizierten Dozenten und Ausbilder sowie auf den neuesten gesetzlichen Bestimmungen. Die Kurse werden auf allen Niveaus angeboten, so dass Sie die Qualifikationen I, II und III der WJO f\u00fcr die Bedienung aller Arten von Ger\u00e4ten erwerben k\u00f6nnen. <\/p>\n<p>Staplerausbildung in <a href=\"https:\/\/kursy-udt.pl\/de\/o-firmie\/\">ERGON-Zentrum<\/a> gliedert sich in einen theoretischen und einen praktischen Teil. Im theoretischen Teil werden Informationen \u00fcber den Aufbau und die Funktionsweise des Ger\u00e4ts und seinen sicheren Betrieb gem\u00e4\u00df den Vorschriften vermittelt <a href=\"https:\/\/kursy-udt.pl\/de\/szkolenia\/bhp-bezpieczenstwo-pracy\/prawna-ochrona-pracy\/\">GESUNDHEIT UND SICHERHEIT<\/a> und UDT. Im praktischen Teil lernen die Teilnehmer, wie man die Ger\u00e4te bedient und verschiedene Arbeiten ausf\u00fchrt. Am Ende der Schulung besteht die M\u00f6glichkeit, die UDT-Pr\u00fcfung abzulegen und die Berechtigungen zu erhalten. Dank der Tatsache, dass unsere Schulungen stets umfassend und ergebnisorientiert durchgef\u00fchrt werden, wird die Erlangung der Zulassungen erheblich erleichtert!<\/p>\n<p><strong>Anmeldung<\/strong><br \/>\nGabelstapler oder sonstiges <span class=\"linkwartykule\"><a href=\"\/de\/ausbildung\/wozkiwidlowe\/\">Gabelstapler<\/a><\/span> sind Handhabungsger\u00e4te mit vielseitigen Einsatzm\u00f6glichkeiten. Sie werden f\u00fcr den Transport von Waren haupts\u00e4chlich auf Holzpaletten in Lagerh\u00e4usern, Produktionshallen, Gesch\u00e4ften oder H\u00e4fen verwendet. <\/p>\n<p>Die Einteilung der Trolleys erfolgt nach Kategorien <a href=\"https:\/\/kursy-udt.pl\/de\/uprawnienia-udt\/kategorie-uprawnien-2\/\">UDT-Anspr\u00fcche<\/a>. Dabei unterscheiden wir zwischen Ger\u00e4ten mit verschiedenen Antriebsarten, darunter: Elektro-, Batterie-, Benzin- und Dieselantrieb. Bei der Bedienung wird zwischen Staplern, Hubwagen, Schleppern, Ladern und Spezialfahrzeugen unterschieden. Bei der Lenkung wird unterschieden zwischen lenkbaren, plattformgesteuerten, ferngesteuerten und sitzgesteuerten Ger\u00e4ten. <\/p>\n<p><strong>Arten von Anspr\u00fcchen<\/strong><br \/>\nDer UDT unterscheidet 3 Kategorien von Genehmigungen, die f\u00fcr den Betrieb dieser Ger\u00e4te erforderlich sind:<\/p>\n<ul>\n<li>\n<strong>Kategorie I WJO:<\/strong><br \/>\n- Gabelstapler<br \/>\n- Spezialstapler - mit bedienergef\u00fchrtem Hub mit Last und variabler Reichweite\n<\/li>\n<li>\n<strong>Kategorie II WJO:<\/strong><br \/>\n- Gabelstapler, au\u00dfer Spezialstapler\n<\/li>\n<li>\n<strong>Kategorie III WJO:<\/strong><br \/>\n- Gabelstapler, gelenkte und ferngesteuerte\n<\/li>\n<\/ul>\n<p><strong>Zweck der Ausbildung<\/strong><br \/>\nDie angebotenen Schulungen richten sich an Personen, die mindestens 18 Jahre alt sind, keine medizinischen Gegenanzeigen f\u00fcr die T\u00e4tigkeit als Bediener haben und mindestens die Grundschule abgeschlossen haben.<\/p>\n<p>Derzeit suchen viele Unternehmen Mitarbeiter, die f\u00fcr die Bedienung von Gabelstaplern qualifiziert sind. Die in unserem Zentrum durchgef\u00fchrten Schulungen sind daher eine sehr gute Investition, um Ihnen bei der Suche nach einem Arbeitsplatz zu helfen. Wir organisieren auch Fortbildungskurse f\u00fcr Gruppen von Arbeitnehmern, die von einem Arbeitgeber vermittelt werden. Wir k\u00f6nnen sie zu einem geeigneten Zeitpunkt und an einem geeigneten Ort durchf\u00fchren.<\/p>\n<p>Sie sind herzlich eingeladen, das Angebot zu nutzen!<\/p><\/div>\n<div class=\"button_styl\" style=\"float:right; padding-left:15px; padding-bottom:8px; margin-bottom:5px;\"><a href=\"https:\/\/platformaedukacji.pl\/login\/signup.php\" rel=\"nofollow\" target=\"_blank\" class=\"myButton myButton_maly\"><font color=\"white\">Anmeldung zur Schulung<\/font><\/a><\/div>","protected":false},"excerpt":{"rendered":"<p>Zapraszamy na kurs na w\u00f3zki jezdniowe podno\u015bnikowe do O\u015brodka Szkolenia Kadr ERGON! Uczestnicy naszych szkole\u0144 zawsze kompleksowo poznaj\u0105 w\u00f3zki jezdniowe podno\u015bnikowe \u2013 uprawnienia z nami s\u0105 w zwi\u0105zku z tym bardzo \u0142atwe do uzyskania. Wszystkie nasze kursy na w\u00f3zki jezdniowe podno\u015bnikowe bazuj\u0105 na do\u015bwiadczeniu naszych wykwalifikowanych wyk\u0142adowc\u00f3w i instruktor\u00f3w oraz na najnowszych przepisach prawnych. Kursy s\u0105 prowadzone na wszystkich poziomach, dlatego mo\u017cna dzi\u0119ki nim uzyska\u0107 uprawnienia I, II, III WJO do obs\u0142ugi ka\u017cdego typu urz\u0105dze\u0144. Szkolenie na w\u00f3zki jezdniowe podno\u015bnikowe w O\u015brodku ERGON jest podzielone na cz\u0119\u015b\u0107 teoretyczn\u0105 i praktyczn\u0105. Podczas cz\u0119\u015bci teoretycznej poruszane s\u0105 informacje zwi\u0105zane z budow\u0105 i zasadami funkcjonowania urz\u0105dze\u0144 oraz bezpiecznym operowaniem nimi zgodnie z przepisami BHP oraz UDT. W cz\u0119\u015bci praktycznej uczestnicy ucz\u0105 si\u0119 manewrowania urz\u0105dzeniem i wykonywania r\u00f3\u017cnych prac. Po zako\u0144czeniu szkolenia mo\u017cna podej\u015b\u0107 do egzaminu Urz\u0119du Dozoru Technicznego i otrzyma\u0107 uprawnienia. Dzi\u0119ki temu, \u017ce nasze szkolenia zawsze s\u0105 prowadzone kompleksowo i z naciskiem na efekty, otrzymanie uprawnie\u0144 jest znacznie u\u0142atwione! Zastosowanie W\u00f3zki jezdniowe podno\u015bnikowe czy te\u017c inaczej w\u00f3zki wid\u0142owe s\u0105 urz\u0105dzeniami transportu bliskiego, kt\u00f3re maj\u0105 wszechstronne zastosowanie. S\u0105 one u\u017cywane do transportu towar\u00f3w g\u0142\u00f3wnie na paletach drewnianych w magazynach, halach produkcyjnych, sklepach czy portach. Podzia\u0142 w\u00f3zk\u00f3w jest zgodny z kategoriami uprawnie\u0144 UDT. W ich ramach wyr\u00f3\u017cniamy urz\u0105dzenia o r\u00f3\u017cnych typach nap\u0119d\u00f3w, w tym: z nap\u0119dem elektrycznym, akumulatorowym, benzynowym i silnikiem diesla. Pod k\u0105tem eksploatacji wyr\u00f3\u017cniamy w\u00f3zki jezdniowe podno\u015bnikowe, unosz\u0105ce, ci\u0105gnikowe, na\u0142adowne oraz specjalne. Pod wzgl\u0119dem sposobu kierowania urz\u0105dzenia dzieli si\u0119 na prowadzone, podestowe, zdalnie sterowane i wyposa\u017cone w fotel. Rodzaje uprawnie\u0144 UDT wyr\u00f3\u017cnia 3 kategorie uprawnie\u0144 niezb\u0119dnych do [&hellip;]<\/p>\n","protected":false},"author":1,"featured_media":0,"parent":0,"menu_order":0,"comment_status":"closed","ping_status":"closed","template":"","meta":{"sfsi_plus_gutenberg_text_before_share":"","sfsi_plus_gutenberg_show_text_before_share":"","sfsi_plus_gutenberg_icon_type":"","sfsi_plus_gutenberg_icon_alignemt":"","sfsi_plus_gutenburg_max_per_row":"","footnotes":""},"class_list":["post-56","page","type-page","status-publish","hentry","has_thumb"],"aioseo_notices":[],"_links":{"self":[{"href":"https:\/\/kursy-udt.pl\/de\/wp-json\/wp\/v2\/pages\/56","targetHints":{"allow":["GET"]}}],"collection":[{"href":"https:\/\/kursy-udt.pl\/de\/wp-json\/wp\/v2\/pages"}],"about":[{"href":"https:\/\/kursy-udt.pl\/de\/wp-json\/wp\/v2\/types\/page"}],"author":[{"embeddable":true,"href":"https:\/\/kursy-udt.pl\/de\/wp-json\/wp\/v2\/users\/1"}],"replies":[{"embeddable":true,"href":"https:\/\/kursy-udt.pl\/de\/wp-json\/wp\/v2\/comments?post=56"}],"version-history":[{"count":22,"href":"https:\/\/kursy-udt.pl\/de\/wp-json\/wp\/v2\/pages\/56\/revisions"}],"predecessor-version":[{"id":1268,"href":"https:\/\/kursy-udt.pl\/de\/wp-json\/wp\/v2\/pages\/56\/revisions\/1268"}],"wp:attachment":[{"href":"https:\/\/kursy-udt.pl\/de\/wp-json\/wp\/v2\/media?parent=56"}],"curies":[{"name":"wp","href":"https:\/\/api.w.org\/{rel}","templated":true}]}}