{"id":54,"date":"2014-02-10T17:20:07","date_gmt":"2014-02-10T17:20:07","guid":{"rendered":"http:\/\/kursy-udt.kwiaty0.pl\/?page_id=54"},"modified":"2016-01-21T19:32:14","modified_gmt":"2016-01-21T19:32:14","slug":"containerumschlaggerate","status":"publish","type":"page","link":"https:\/\/kursy-udt.pl\/de\/urzadzenia-do-manipulacji-kontenerami\/","title":{"rendered":"Ausr\u00fcstung f\u00fcr den Containerumschlag"},"content":{"rendered":"<div style=\"float:left; padding-right:10px;\"><img decoding=\"async\" src=\"\/wp-content\/uploads\/2014\/04\/urzadzenia-do-manipulacji-kontenerami.jpeg\" alt=\"Ausr\u00fcstung f\u00fcr den Containerumschlag\"><\/div>\n<div class=\"wyjustuj\">Containerumschlagger\u00e4te werden haupts\u00e4chlich in H\u00e4fen eingesetzt und helfen, Container leicht zu bewegen. Um das Ger\u00e4t bedienen zu k\u00f6nnen, muss der Mitarbeiter f\u00fcr die Handhabung von Containern qualifiziert sein. Ein Kurs \u00fcber Containerumschlagger\u00e4te berechtigt Sie zum Erwerb dieses Titels.<\/p>\n<p>Wir bieten Kurse f\u00fcr Containerumschlagger\u00e4te an. Alle unsere Schulungen umfassen theoretischen und praktischen Unterricht, um Sie auf die Arbeit als Bediener dieser Art von Ger\u00e4ten vorzubereiten. Es handelt sich um UDT-Schulungen, deren Ziel es ist, die Kenntnisse und F\u00e4higkeiten zu vermitteln, die f\u00fcr das Bestehen der Pr\u00fcfung zum Erwerb des <a href=\"https:\/\/kursy-udt.pl\/de\/uprawnienia-udt\/kategorie-uprawnien-2\/\">UDT-Anspr\u00fcche<\/a>. Wir halten Unterricht bei Spezialisten auf ihrem Gebiet. Sie sind herzlich willkommen!<\/p><\/div>\n<div class=\"button_styl\" style=\"float:right; padding-left:15px; padding-bottom:8px; margin-bottom:5px;\"><a href=\"https:\/\/platformaedukacji.pl\/login\/signup.php\" rel=\"nofollow\" target=\"_blank\" class=\"myButton myButton_maly\"><font color=\"white\">Anmeldung zur Schulung<\/font><\/a><\/div>","protected":false},"excerpt":{"rendered":"<p>Containerumschlagger\u00e4te werden haupts\u00e4chlich in H\u00e4fen eingesetzt und helfen, Container leicht zu bewegen. Um das Ger\u00e4t bedienen zu k\u00f6nnen, muss der Mitarbeiter f\u00fcr die Handhabung von Containern qualifiziert sein. Ein Kurs \u00fcber Containerumschlagger\u00e4te berechtigt zum Erwerb dieses Titels. Wir bieten Kurse \u00fcber Containerumschlagger\u00e4te an. Alle unsere Schulungen umfassen theoretischen und praktischen Unterricht, um Sie auf die Arbeit als Bediener dieser Art von Ger\u00e4ten vorzubereiten. Diese UDT-Schulungen sollen Ihnen die Kenntnisse und F\u00e4higkeiten vermitteln, die Sie ben\u00f6tigen, um die Pr\u00fcfung zum Erwerb Ihrer UDT-Lizenz zu bestehen. Wir f\u00fchren Kurse mit Spezialisten auf ihrem Gebiet durch. Sie sind herzlich willkommen! Anmeldung zur Schulung<\/p>","protected":false},"author":1,"featured_media":0,"parent":0,"menu_order":0,"comment_status":"closed","ping_status":"closed","template":"","meta":{"sfsi_plus_gutenberg_text_before_share":"","sfsi_plus_gutenberg_show_text_before_share":"","sfsi_plus_gutenberg_icon_type":"","sfsi_plus_gutenberg_icon_alignemt":"","sfsi_plus_gutenburg_max_per_row":"","footnotes":""},"class_list":["post-54","page","type-page","status-publish","hentry","has_thumb"],"aioseo_notices":[],"_links":{"self":[{"href":"https:\/\/kursy-udt.pl\/de\/wp-json\/wp\/v2\/pages\/54","targetHints":{"allow":["GET"]}}],"collection":[{"href":"https:\/\/kursy-udt.pl\/de\/wp-json\/wp\/v2\/pages"}],"about":[{"href":"https:\/\/kursy-udt.pl\/de\/wp-json\/wp\/v2\/types\/page"}],"author":[{"embeddable":true,"href":"https:\/\/kursy-udt.pl\/de\/wp-json\/wp\/v2\/users\/1"}],"replies":[{"embeddable":true,"href":"https:\/\/kursy-udt.pl\/de\/wp-json\/wp\/v2\/comments?post=54"}],"version-history":[{"count":9,"href":"https:\/\/kursy-udt.pl\/de\/wp-json\/wp\/v2\/pages\/54\/revisions"}],"predecessor-version":[{"id":1267,"href":"https:\/\/kursy-udt.pl\/de\/wp-json\/wp\/v2\/pages\/54\/revisions\/1267"}],"wp:attachment":[{"href":"https:\/\/kursy-udt.pl\/de\/wp-json\/wp\/v2\/media?parent=54"}],"curies":[{"name":"wp","href":"https:\/\/api.w.org\/{rel}","templated":true}]}}