{"id":5363,"date":"2023-03-07T15:22:32","date_gmt":"2023-03-07T14:22:32","guid":{"rendered":"https:\/\/kursy-udt.pl\/?page_id=5363"},"modified":"2023-03-07T15:37:43","modified_gmt":"2023-03-07T14:37:43","slug":"merlo-gabelstapler","status":"publish","type":"page","link":"https:\/\/kursy-udt.pl\/de\/szkolenia\/udt-wdt-tdt\/wozki-widlowe-merlo\/","title":{"rendered":"Kurse f\u00fcr Bediener und Wartungspersonal - Merlo Gabelstapler"},"content":{"rendered":"<p>\u0141adowarki teleskopowe Merlo nale\u017c\u0105 do maszyn, kt\u00f3re posiadaj\u0105 zaawansowane podzespo\u0142y, w kwestii zastosowanej technologii. Bezpiecze\u0144stwo jest priorytetem firmy, dlatego wi\u0119kszo\u015b\u0107 produkt\u00f3w jest wyposa\u017cona w zaawansowany system bezpiecze\u0144stwa M CDC.Informuje on operatora o wadze przenoszonego \u0142adunku. W sytuacji, gdy masa jest bliska przekroczenia, mo\u017cliwo\u015bci d\u017awigowych \u0142adowarki, wydaje on z siebie sygna\u0142 d\u017awi\u0119kowy. W przypadku przekroczenia limitu ci\u0119\u017caru, jaki mo\u017ce przenie\u015b\u0107 urz\u0105dzenie, manewry zostaj\u0105 zablokowane, co zapobiega wywr\u00f3ceniu si\u0119 i umo\u017cliwia bezpieczne od\u0142o\u017cenie \u0142adunku i powrotu do pracy z odpowiednimi parametrami.<\/p>\r\n<p><a href=\"https:\/\/kursy-udt.pl\/wp-content\/uploads\/2023\/03\/ROTO24-30-10-scaled-1.jpeg\"><img loading=\"lazy\" decoding=\"async\" class=\"aligncenter wp-image-5365\" src=\"https:\/\/kursy-udt.pl\/wp-content\/uploads\/2023\/03\/ROTO24-30-10-scaled-1-300x225.jpeg\" alt=\"\u0142adowarka teleskopowa merlo\" width=\"750\" height=\"563\" srcset=\"https:\/\/kursy-udt.pl\/wp-content\/uploads\/2023\/03\/ROTO24-30-10-scaled-1-300x225.jpeg 300w, https:\/\/kursy-udt.pl\/wp-content\/uploads\/2023\/03\/ROTO24-30-10-scaled-1-1024x768.jpeg 1024w, https:\/\/kursy-udt.pl\/wp-content\/uploads\/2023\/03\/ROTO24-30-10-scaled-1-768x576.jpeg 768w, https:\/\/kursy-udt.pl\/wp-content\/uploads\/2023\/03\/ROTO24-30-10-scaled-1-1536x1152.jpeg 1536w, https:\/\/kursy-udt.pl\/wp-content\/uploads\/2023\/03\/ROTO24-30-10-scaled-1-16x12.jpeg 16w, https:\/\/kursy-udt.pl\/wp-content\/uploads\/2023\/03\/ROTO24-30-10-scaled-1-640x480.jpeg 640w, https:\/\/kursy-udt.pl\/wp-content\/uploads\/2023\/03\/ROTO24-30-10-scaled-1-624x468.jpeg 624w, https:\/\/kursy-udt.pl\/wp-content\/uploads\/2023\/03\/ROTO24-30-10-scaled-1.jpeg 2048w\" sizes=\"auto, (max-width: 750px) 100vw, 750px\" \/><\/a><\/p>\r\n<h2><strong>Zastosowanie \u0142adowarek teleskopowych<\/strong><\/h2>\r\n<p>Wszystkie \u0142adowarki natomiast, zwane\u00a0 potocznie w\u00f3zkami wid\u0142owymi, s\u0105 niezb\u0119dne do pracy na budowie, ale nie tylko. Przydaj\u0105 si\u0119 wsz\u0119dzie tam, gdzie trzeba przenie\u015b\u0107 z miejsca na miejsce \u0142adunek o du\u017cej masie, czego nie zdo\u0142a zrobi\u0107 cz\u0142owiek, na przyk\u0142ad: bele siana, betonowe kloce, stalowe konstrukcje czy wi\u0119ksze drewniane elementy. Przydatne s\u0105 te\u017c, kiedy trzeba si\u0119 dosta\u0107 w trudno dost\u0119pne miejsca. D\u0142ugi wysi\u0119gnik przyczepiany do maszyny pozwala na prac\u0119 r\u00f3wnie\u017c tam, gdzie ci\u0119\u017cko zmie\u015bci\u0107 wi\u0119ksze urz\u0105dzenie.<\/p>\r\n<h3>Z najpopularniejszych producent\u00f3w urz\u0105dze\u0144 tego typu, mo\u017cemy wyr\u00f3\u017cni\u0107:<\/h3>\r\n<ul>\r\n<li>Manitou,<\/li>\r\n<li>Merlo,<\/li>\r\n<li>Dieci,<\/li>\r\n<li><a href=\"https:\/\/kursy-udt.pl\/wp-content\/uploads\/2023\/03\/nnmnm-scaled.jpg\"><img loading=\"lazy\" decoding=\"async\" class=\"alignright wp-image-5364\" src=\"https:\/\/kursy-udt.pl\/wp-content\/uploads\/2023\/03\/nnmnm-300x200.jpg\" alt=\"szkolenie na operatora w\u00f3zka wid\u0142owego\" width=\"360\" height=\"240\" srcset=\"https:\/\/kursy-udt.pl\/wp-content\/uploads\/2023\/03\/nnmnm-300x200.jpg 300w, https:\/\/kursy-udt.pl\/wp-content\/uploads\/2023\/03\/nnmnm-1024x683.jpg 1024w, https:\/\/kursy-udt.pl\/wp-content\/uploads\/2023\/03\/nnmnm-768x513.jpg 768w, https:\/\/kursy-udt.pl\/wp-content\/uploads\/2023\/03\/nnmnm-1536x1025.jpg 1536w, https:\/\/kursy-udt.pl\/wp-content\/uploads\/2023\/03\/nnmnm-2048x1367.jpg 2048w, https:\/\/kursy-udt.pl\/wp-content\/uploads\/2023\/03\/nnmnm-18x12.jpg 18w, https:\/\/kursy-udt.pl\/wp-content\/uploads\/2023\/03\/nnmnm-624x416.jpg 624w\" sizes=\"auto, (max-width: 360px) 100vw, 360px\" \/><\/a>Case,<\/li>\r\n<li>JCB,<\/li>\r\n<li>New Holland.<\/li>\r\n<\/ul>\r\n<p>Ka\u017cdy z tych modeli posiada r\u00f3\u017cne warianty i osprz\u0119t, co nadaje urz\u0105dzeniu wi\u0119ksz\u0105 gam\u0119 zastosowa\u0144. W zale\u017cno\u015bci od konstrukcji wyr\u00f3\u017cniamy dwa rodzaje modeli w\u00f3zk\u00f3w wid\u0142owych:<\/p>\r\n<ul>\r\n<li>czo\u0142owe &#8211; gdzie kabina operatora jest nieruchoma, ud\u017awig waha si\u0119 miedzy 1,5 a 20 ton, a maksymalny wysi\u0119g to 20 metr\u00f3w.<\/li>\r\n<li>obrotowe &#8211; z obrotow\u0105 g\u0142owic\u0105, dzi\u0119ki czemu kabina operatora mo\u017ce si\u0119 obraca\u0107, co pozwala na zmian\u0119 pozycji wysi\u0119gnika o 360 stopni. Ud\u017awig mi\u0119dzy 3 a 5 ton, a maksymalny wysi\u0119g to 30 metr\u00f3w.<\/li>\r\n<\/ul>\r\n<h2><strong>Szkolenie dla operator\u00f3w<\/strong><\/h2>\r\n<p>Aby uzyska\u0107 <a href=\"https:\/\/kursy-udt.pl\/de\/uprawnienia-udt\/kategorie-uprawnien-2\/\">uprawnienia<\/a> do bycia operatorem, trzeba przej\u015b\u0107 szkolenie, oferowane przez nasz\u0105 firm\u0119. Zakres kursu zosta\u0142 podzielony na cz\u0119\u015b\u0107 teoretyczn\u0105 i\u00a0 cz\u0119\u015b\u0107 praktyczn\u0105. Podczas szkolenia ka\u017cdy uczestnik poznaje dane techniczne urz\u0105dzenia, informacje dotycz\u0105ce eksploatacji, przepisy <a href=\"https:\/\/kursy-udt.pl\/de\/szkolenia\/bhp-bezpieczenstwo-pracy\/prawna-ochrona-pracy\/\">BHP<\/a> zwi\u0105zane z prac\u0105 z tymi maszynami oraz uczy si\u0119 w praktyce obs\u0142ugiwa\u0107 \u0142adowarki.<br \/>Ca\u0142o\u015b\u0107 jest zako\u0144czona egzaminem zdawanym przed komisj\u0105 UDT, kt\u00f3rego pozytywny wynik gwarantuje otrzymanie certyfikatu zezwalaj\u0105cego na prac\u0119 z \u0142adowarkami teleskopowymi. Uprawnienia s\u0105 wa\u017cne 5 lat od daty wystawienia.<\/p>\r\n<h2><strong>Wymagania, jakie musi spe\u0142ni\u0107 ka\u017cdy przysz\u0142y operator w\u00f3zka, by podej\u015b\u0107 do szkolenia oraz egzaminu<\/strong><\/h2>\r\n<h3>Nale\u017cy mie\u0107:<\/h3>\r\n<ul>\r\n<li>uko\u0144czone 18 lat,<\/li>\r\n<li>co najmniej podstawowe wykszta\u0142cenie,<\/li>\r\n<li>brakprzeciwwskaza\u0144 zdrowotnych.<\/li>\r\n<\/ul>\r\n<p><a href=\"https:\/\/kursy-udt.pl\/wp-content\/uploads\/2023\/03\/s2.jpeg\"><img loading=\"lazy\" decoding=\"async\" class=\"aligncenter wp-image-5366\" src=\"https:\/\/kursy-udt.pl\/wp-content\/uploads\/2023\/03\/s2-300x200.jpeg\" alt=\"\u0142adowarka teleskopowa merlo\" width=\"750\" height=\"500\" srcset=\"https:\/\/kursy-udt.pl\/wp-content\/uploads\/2023\/03\/s2-300x200.jpeg 300w, https:\/\/kursy-udt.pl\/wp-content\/uploads\/2023\/03\/s2-1024x683.jpeg 1024w, https:\/\/kursy-udt.pl\/wp-content\/uploads\/2023\/03\/s2-768x512.jpeg 768w, https:\/\/kursy-udt.pl\/wp-content\/uploads\/2023\/03\/s2-1536x1024.jpeg 1536w, https:\/\/kursy-udt.pl\/wp-content\/uploads\/2023\/03\/s2-18x12.jpeg 18w, https:\/\/kursy-udt.pl\/wp-content\/uploads\/2023\/03\/s2-624x416.jpeg 624w, https:\/\/kursy-udt.pl\/wp-content\/uploads\/2023\/03\/s2.jpeg 1600w\" sizes=\"auto, (max-width: 750px) 100vw, 750px\" \/><\/a><\/p>\r\n<h2><strong>Szkolenia dla konserwator\u00f3w<\/strong><\/h2>\r\n<p>Tak, jak dla operatora, kursy dla konserwatora sk\u0142adaj\u0105 si\u0119 z cz\u0119\u015bci teoretycznej i praktycznej. Nasze szkolenia realizowane s\u0105 wed\u0142ug programu zatwierdzonego przez komisj\u0119 UDT, przed kt\u00f3r\u0105 potem zdawany jest egzamin.<\/p>\r\n<h3><strong>Nasi kursanci:<\/strong><\/h3>\r\n<ul>\r\n<li>dowiedz\u0105 si\u0119 najwa\u017cniejszych informacji o dozorze technicznym,<\/li>\r\n<li>zapoznaj\u0105 si\u0119 z instrukcj\u0105 i dokumentacj\u0105 w\u00f3zk\u00f3w wid\u0142owych,<\/li>\r\n<li>o normach zwi\u0105zanych z w\u00f3zkami i warunkami dozoru technicznego,<\/li>\r\n<li>o przepisach BHP na tym stanowisku,<\/li>\r\n<li>poznaj\u0105 budow\u0119 \u0142adowarek teleskopowych,<\/li>\r\n<li>poznaj\u0105 plan eksploatacji, konserwacji i czyszczenia.<\/li>\r\n<\/ul>\r\n<p>Nasi prawnicy w pe\u0142ni zajm\u0105 si\u0119 realizacj\u0105 egzaminu oraz formalno\u015bciami, kt\u00f3re po nim nast\u0119puj\u0105. Pomo\u017cemy w rejestracji, op\u0142acie egzaminu czy w odbiorze legitymacji uprawniaj\u0105cej do pracy.<\/p>\r\n<p>Ponadto w naszych us\u0142ugach mie\u015bci si\u0119 serwis. Naprawiamy i konserwujemy wszystkie rodzaje \u0142adowarek teleskopowych.<\/p>\r\n<h2>Pytania i odpowiedzi<\/h2>\r\n\t\t<details\t\thelp class=\"sc_fs_faq sc_card    \"\n\t\t\t\t>\n\t\t\t\t\t<summary>\n\t\t\t\t<h3>Jakie s\u0105 rodzaje \u0142adowarek teleskopowych?<\/h3>\t\t\t\t\t<\/summary>\n\t\t\t\t<div>\n\t\t\t\t\t\t<div class=\"sc_fs_faq__content\">\n\t\t\t\t\r\n\r\n\r\n<p>\u0141adowarki teleskopowe\u00a0\u00a0mo\u017cemy podzieli\u0107 na dwa rodzaje. Ze wzgl\u0119du na ich budow\u0119:<br \/>czo\u0142owe oraz obrotowe. Te pierwsze maj\u0105 nieruchom\u0105 kabin\u0119 operatora, drugie za\u015b mog\u0105 si\u0119 obraca\u0107 w zakresie 360 stopni, co u\u0142atwia prac\u0119 z maszyn\u0105.<\/p>\r\n\t\t\t<\/div>\n\t\t<\/div>\n\t\t<\/details>\n\t\t\t\t<details\t\thelp class=\"sc_fs_faq sc_card    \"\n\t\t\t\t>\n\t\t\t\t\t<summary>\n\t\t\t\t<h3>Jak zosta\u0107 operatorem \u0142adowarki Merlo?<\/h3>\t\t\t\t\t<\/summary>\n\t\t\t\t<div>\n\t\t\t\t\t\t<div class=\"sc_fs_faq__content\">\n\t\t\t\t\r\n\r\n\r\n<p>Tak samo jak w przypadku \u0142adowarek innych firm nale\u017cy odby\u0107 szkolenie teoretyczne i praktyczne, a na koniec podej\u015b\u0107 do egzaminu przed komisj\u0105 UDT. Pozytywny wynik gwarantuje zdobycie uprawnie\u0144.<\/p>\r\n\t\t\t<\/div>\n\t\t<\/div>\n\t\t<\/details>\n\t\t\t\t<details\t\thelp class=\"sc_fs_faq sc_card    \"\n\t\t\t\t>\n\t\t\t\t\t<summary>\n\t\t\t\t<h3>Czy oferujecie szkolenie dla konserwator\u00f3w?<\/h3>\t\t\t\t\t<\/summary>\n\t\t\t\t<div>\n\t\t\t\t\t\t<div class=\"sc_fs_faq__content\">\n\t\t\t\t\r\n\r\n\r\n<p>Nasza firma opr\u00f3cz szkole\u0144 dla operator\u00f3w, prowadzi te\u017c kursy konserwatorskie, gdzie kursanci zdobywaja wiedz\u0119 i umiej\u0119tno\u015bci praktyczne.\u00a0<\/p>\r\n\t\t\t<\/div>\n\t\t<\/div>\n\t\t<\/details>\n\t\t\n<script type=\"application\/ld+json\">\n\t{\n\t\t\"@context\": \"https:\/\/schema.org\",\n\t\t\"@type\": \"FAQPage\",\n\t\t\"mainEntity\": [\n\t\t\t\t\t{\n\t\t\t\t\"@type\": \"Question\",\n\t\t\t\t\"name\": \"Jakie s\u0105 rodzaje \u0142adowarek teleskopowych?\",\n\t\t\t\t\"acceptedAnswer\": {\n\t\t\t\t\t\"@type\": \"Answer\",\n\t\t\t\t\t\"text\": \"<p>\u0141adowarki teleskopowe\u00a0\u00a0mo\u017cemy podzieli\u0107 na dwa rodzaje. Ze wzgl\u0119du na ich budow\u0119:<br>czo\u0142owe oraz obrotowe. Te pierwsze maj\u0105 nieruchom\u0105 kabin\u0119 operatora, drugie za\u015b mog\u0105 si\u0119 obraca\u0107 w zakresie 360 stopni, co u\u0142atwia prac\u0119 z maszyn\u0105.<\/p>\"\n\t\t\t\t\t\t\t\t\t}\n\t\t\t}\n\t\t\t,\t\t\t\t{\n\t\t\t\t\"@type\": \"Question\",\n\t\t\t\t\"name\": \"Jak zosta\u0107 operatorem \u0142adowarki Merlo?\",\n\t\t\t\t\"acceptedAnswer\": {\n\t\t\t\t\t\"@type\": \"Answer\",\n\t\t\t\t\t\"text\": \"<p>Tak samo jak w przypadku \u0142adowarek innych firm nale\u017cy odby\u0107 szkolenie teoretyczne i praktyczne, a na koniec podej\u015b\u0107 do egzaminu przed komisj\u0105 UDT. Pozytywny wynik gwarantuje zdobycie uprawnie\u0144.<\/p>\"\n\t\t\t\t\t\t\t\t\t}\n\t\t\t}\n\t\t\t,\t\t\t\t{\n\t\t\t\t\"@type\": \"Question\",\n\t\t\t\t\"name\": \"Czy oferujecie szkolenie dla konserwator\u00f3w?\",\n\t\t\t\t\"acceptedAnswer\": {\n\t\t\t\t\t\"@type\": \"Answer\",\n\t\t\t\t\t\"text\": \"<p>Nasza firma opr\u00f3cz szkole\u0144 dla operator\u00f3w, prowadzi te\u017c kursy konserwatorskie, gdzie kursanci zdobywaja wiedz\u0119 i umiej\u0119tno\u015bci praktyczne.\u00a0<\/p>\"\n\t\t\t\t\t\t\t\t\t}\n\t\t\t}\n\t\t\t\t\t\t]\n\t}\n<\/script>\n","protected":false},"excerpt":{"rendered":"<p>\u0141adowarki teleskopowe Merlo nale\u017c\u0105 do maszyn, kt\u00f3re posiadaj\u0105 zaawansowane podzespo\u0142y, w kwestii zastosowanej technologii. Bezpiecze\u0144stwo jest priorytetem firmy, dlatego wi\u0119kszo\u015b\u0107 produkt\u00f3w jest wyposa\u017cona w zaawansowany system bezpiecze\u0144stwa M CDC.Informuje on operatora o wadze przenoszonego \u0142adunku. W sytuacji, gdy masa jest bliska przekroczenia, mo\u017cliwo\u015bci d\u017awigowych \u0142adowarki, wydaje on z siebie sygna\u0142 d\u017awi\u0119kowy. W przypadku przekroczenia limitu ci\u0119\u017caru, jaki mo\u017ce przenie\u015b\u0107 urz\u0105dzenie, manewry zostaj\u0105 zablokowane, co zapobiega wywr\u00f3ceniu si\u0119 i umo\u017cliwia bezpieczne od\u0142o\u017cenie \u0142adunku i powrotu do pracy z odpowiednimi parametrami. Zastosowanie \u0142adowarek teleskopowych Wszystkie \u0142adowarki natomiast, zwane\u00a0 potocznie w\u00f3zkami wid\u0142owymi, s\u0105 niezb\u0119dne do pracy na budowie, ale nie tylko. Przydaj\u0105 si\u0119 wsz\u0119dzie tam, gdzie trzeba przenie\u015b\u0107 z miejsca na miejsce \u0142adunek o du\u017cej masie, czego nie zdo\u0142a zrobi\u0107 cz\u0142owiek, na przyk\u0142ad: bele siana, betonowe kloce, stalowe konstrukcje czy wi\u0119ksze drewniane elementy. Przydatne s\u0105 te\u017c, kiedy trzeba si\u0119 dosta\u0107 w trudno dost\u0119pne miejsca. D\u0142ugi wysi\u0119gnik przyczepiany do maszyny pozwala na prac\u0119 r\u00f3wnie\u017c tam, gdzie ci\u0119\u017cko zmie\u015bci\u0107 wi\u0119ksze urz\u0105dzenie. Z najpopularniejszych producent\u00f3w urz\u0105dze\u0144 tego typu, mo\u017cemy wyr\u00f3\u017cni\u0107: Manitou, Merlo, Dieci, Case, JCB, New Holland. Ka\u017cdy z tych modeli posiada r\u00f3\u017cne warianty i osprz\u0119t, co nadaje urz\u0105dzeniu wi\u0119ksz\u0105 gam\u0119 zastosowa\u0144. W zale\u017cno\u015bci od konstrukcji wyr\u00f3\u017cniamy dwa rodzaje modeli w\u00f3zk\u00f3w wid\u0142owych: czo\u0142owe &#8211; gdzie kabina operatora jest nieruchoma, ud\u017awig waha si\u0119 miedzy 1,5 a 20 ton, a maksymalny wysi\u0119g to 20 metr\u00f3w. obrotowe &#8211; z obrotow\u0105 g\u0142owic\u0105, dzi\u0119ki czemu kabina operatora mo\u017ce si\u0119 obraca\u0107, co pozwala na zmian\u0119 pozycji wysi\u0119gnika o 360 stopni. Ud\u017awig mi\u0119dzy 3 a 5 ton, a maksymalny wysi\u0119g to 30 metr\u00f3w. Szkolenie dla operator\u00f3w Aby uzyska\u0107 [&hellip;]<\/p>\n","protected":false},"author":2,"featured_media":5365,"parent":2721,"menu_order":0,"comment_status":"closed","ping_status":"closed","template":"","meta":{"sfsi_plus_gutenberg_text_before_share":"","sfsi_plus_gutenberg_show_text_before_share":"","sfsi_plus_gutenberg_icon_type":"","sfsi_plus_gutenberg_icon_alignemt":"","sfsi_plus_gutenburg_max_per_row":"","footnotes":""},"class_list":["post-5363","page","type-page","status-publish","has-post-thumbnail","hentry","has_thumb"],"aioseo_notices":[],"_links":{"self":[{"href":"https:\/\/kursy-udt.pl\/de\/wp-json\/wp\/v2\/pages\/5363","targetHints":{"allow":["GET"]}}],"collection":[{"href":"https:\/\/kursy-udt.pl\/de\/wp-json\/wp\/v2\/pages"}],"about":[{"href":"https:\/\/kursy-udt.pl\/de\/wp-json\/wp\/v2\/types\/page"}],"author":[{"embeddable":true,"href":"https:\/\/kursy-udt.pl\/de\/wp-json\/wp\/v2\/users\/2"}],"replies":[{"embeddable":true,"href":"https:\/\/kursy-udt.pl\/de\/wp-json\/wp\/v2\/comments?post=5363"}],"version-history":[{"count":4,"href":"https:\/\/kursy-udt.pl\/de\/wp-json\/wp\/v2\/pages\/5363\/revisions"}],"predecessor-version":[{"id":5372,"href":"https:\/\/kursy-udt.pl\/de\/wp-json\/wp\/v2\/pages\/5363\/revisions\/5372"}],"up":[{"embeddable":true,"href":"https:\/\/kursy-udt.pl\/de\/wp-json\/wp\/v2\/pages\/2721"}],"wp:featuredmedia":[{"embeddable":true,"href":"https:\/\/kursy-udt.pl\/de\/wp-json\/wp\/v2\/media\/5365"}],"wp:attachment":[{"href":"https:\/\/kursy-udt.pl\/de\/wp-json\/wp\/v2\/media?parent=5363"}],"curies":[{"name":"wp","href":"https:\/\/api.w.org\/{rel}","templated":true}]}}