{"id":5317,"date":"2023-03-21T12:27:02","date_gmt":"2023-03-21T11:27:02","guid":{"rendered":"https:\/\/kursy-udt.pl\/?page_id=5317"},"modified":"2023-03-21T16:03:36","modified_gmt":"2023-03-21T15:03:36","slug":"kurs-fur-schubmaststapler","status":"publish","type":"page","link":"https:\/\/kursy-udt.pl\/de\/szkolenia\/udt-wdt-tdt\/kurs-na-wozki-widlowe-wysokiego-skladowania\/","title":{"rendered":"Kurs f\u00fcr Gabelstapler mit hoher Reichweite - erwerben Sie Ihren UDT-F\u00fchrerschein"},"content":{"rendered":"\n<h2 class=\"wp-block-heading\">W\u00f3zki wid\u0142owe wysokiego sk\u0142adowania \u2013&nbsp;operator&nbsp;<\/h2>\n\n\n\n<p>O\u015brodek szkoleniowy ERGON oferuje szkolenia dla operator\u00f3w urz\u0105dze\u0144 UDT. W\u00f3zki wid\u0142owe s\u0105 pod dozorem technicznym, co oznacza, \u017ce operatorzy i konserwatorzy musz\u0105 posiada\u0107 uprawnienia do pracy z tym urz\u0105dzeniem. W zale\u017cno\u015bci od wykonywanej pracy i \u0142adunk\u00f3w jakie si\u0119 transportuje wykorzystuje si\u0119 r\u00f3\u017cne typy w\u00f3zk\u00f3w.&nbsp;<\/p>\n\n\n<div class=\"wp-block-image\">\n<figure class=\"alignright size-large is-resized\"><a href=\"https:\/\/kursy-udt.pl\/wp-content\/uploads\/2023\/03\/s2-93.jpg\"><img loading=\"lazy\" decoding=\"async\" src=\"https:\/\/kursy-udt.pl\/wp-content\/uploads\/2023\/03\/s2-93-1024x527.jpg\" alt=\"operator w\u00f3zka wid\u0142owego\" class=\"wp-image-5322\" width=\"512\" height=\"264\" srcset=\"https:\/\/kursy-udt.pl\/wp-content\/uploads\/2023\/03\/s2-93-1024x527.jpg 1024w, https:\/\/kursy-udt.pl\/wp-content\/uploads\/2023\/03\/s2-93-300x154.jpg 300w, https:\/\/kursy-udt.pl\/wp-content\/uploads\/2023\/03\/s2-93-768x395.jpg 768w, https:\/\/kursy-udt.pl\/wp-content\/uploads\/2023\/03\/s2-93-1536x790.jpg 1536w, https:\/\/kursy-udt.pl\/wp-content\/uploads\/2023\/03\/s2-93-18x9.jpg 18w, https:\/\/kursy-udt.pl\/wp-content\/uploads\/2023\/03\/s2-93-624x321.jpg 624w, https:\/\/kursy-udt.pl\/wp-content\/uploads\/2023\/03\/s2-93.jpg 1600w\" sizes=\"auto, (max-width: 512px) 100vw, 512px\" \/><\/a><\/figure>\n<\/div>\n\n\n<h2 class=\"wp-block-heading\">Program szkoleniowy&nbsp;&nbsp;<\/h2>\n\n\n\n<p>Podczas trwania kursu dowiesz si\u0119 m.in. o:&nbsp;<\/p>\n\n\n\n<ul class=\"wp-block-list\">\n<li>konstrukcji i funkcji w\u00f3zka wid\u0142owego,&nbsp;<\/li>\n\n\n\n<li>prawid\u0142owej eksploatacji maszyny,&nbsp;<\/li>\n\n\n\n<li>zasadach BHP jakie trzeba przestrzega\u0107,&nbsp;<\/li>\n\n\n\n<li>obs\u0142udze w\u00f3zk\u00f3w,&nbsp;<\/li>\n\n\n\n<li>przepisach dotycz\u0105cych dozoru technicznego,&nbsp;<\/li>\n\n\n\n<li>obowi\u0105zkach operatora i konserwatora.&nbsp;<\/li>\n<\/ul>\n\n\n\n<h2 class=\"wp-block-heading\">Jakie s\u0105 rodzaje w\u00f3zk\u00f3w wid\u0142owych?&nbsp;<\/h2>\n\n\n\n<p>Wyr\u00f3\u017cni\u0107 mo\u017cemy dwie g\u0142\u00f3wne grupy w\u00f3zk\u00f3w, kt\u00f3re dziel\u0105 si\u0119 na zastosowany w nich nap\u0119d lub te\u017c funkcje.&nbsp;<\/p>\n\n\n\n<p><strong>Do grupy podzielonej na nap\u0119d zalicza si\u0119:&nbsp;<\/strong><\/p>\n\n\n\n<ul class=\"wp-block-list\">\n<li><strong>w\u00f3zki wid\u0142owe elektryczne<\/strong> \u2013 nap\u0119dzane s\u0105 przez akumulator, ich zastosowanie odnajduje si\u0119 w miejscach, gdzie ze wzgl\u0119d\u00f3w na emisje spalin, trzeba u\u017cy\u0107 w\u0142a\u015bnie w\u00f3zka elektrycznego;&nbsp;<\/li>\n\n\n\n<li><strong>w\u00f3zki wid\u0142owe spalinowe <\/strong>\u2013 nap\u0119dzane s\u0105 benzyn\u0105, gazem LPG, olejem nap\u0119dowym. Charakteryzuje je to, \u017ce emituj\u0105 spaliny i u\u017cytkowanie ich powinno odbywa\u0107 si\u0119 na otwartych przestrzeniach. Oczywi\u015bcie istnieje mo\u017cliwo\u015b\u0107 wykorzystania ich w magazynach lub innych zamkni\u0119tych pomieszczeniach, pod warunkiem zastosowania w nich specjalnego filtru.&nbsp;<\/li>\n<\/ul>\n\n\n\n<p><strong>Do grupy podzielonej na funkcje zalicza si\u0119:&nbsp;<\/strong><\/p>\n\n\n<div class=\"wp-block-image\">\n<figure class=\"alignright size-large is-resized\"><a href=\"https:\/\/kursy-udt.pl\/wp-content\/uploads\/2023\/03\/s2-94.jpg\"><img loading=\"lazy\" decoding=\"async\" src=\"https:\/\/kursy-udt.pl\/wp-content\/uploads\/2023\/03\/s2-94-1024x683.jpg\" alt=\"kursant podczas szkolenia na operatora w\u00f3zka wid\u0142owego\" class=\"wp-image-5320\" width=\"512\" height=\"342\" srcset=\"https:\/\/kursy-udt.pl\/wp-content\/uploads\/2023\/03\/s2-94-1024x683.jpg 1024w, https:\/\/kursy-udt.pl\/wp-content\/uploads\/2023\/03\/s2-94-300x200.jpg 300w, https:\/\/kursy-udt.pl\/wp-content\/uploads\/2023\/03\/s2-94-768x512.jpg 768w, https:\/\/kursy-udt.pl\/wp-content\/uploads\/2023\/03\/s2-94-1536x1024.jpg 1536w, https:\/\/kursy-udt.pl\/wp-content\/uploads\/2023\/03\/s2-94-18x12.jpg 18w, https:\/\/kursy-udt.pl\/wp-content\/uploads\/2023\/03\/s2-94-624x416.jpg 624w, https:\/\/kursy-udt.pl\/wp-content\/uploads\/2023\/03\/s2-94.jpg 1600w\" sizes=\"auto, (max-width: 512px) 100vw, 512px\" \/><\/a><\/figure>\n<\/div>\n\n\n<ul class=\"wp-block-list\">\n<li><strong>w\u00f3zki wid\u0142owe terenowe<\/strong> \u2013 z nich korzystamy w miejscach, gdzie pod\u0142o\u017ce jest nier\u00f3wne;&nbsp;<\/li>\n\n\n\n<li><strong>w\u00f3zki wid\u0142owe ze zmiennym wysi\u0119gnikiem <\/strong>\u2013 nazywane tak\u017ce \u0142adowarkami teleskopowymi. Posiadaj\u0105 charakterystyczny d\u0142ugi wysi\u0119gnik, kt\u00f3ry pozwala im na daleki zasi\u0119g wykonywanej pracy;&nbsp;<\/li>\n\n\n\n<li><strong>w\u00f3zki wid\u0142owe boczne<\/strong> \u2013 nazywane potocznie w\u00f3zkami bocznego za\u0142adunku. Ich konstrukcja wyr\u00f3\u017cnia je od innych tym, \u017ce operator tej maszyny jest usadowiony bokiem do kierunku poruszania si\u0119;&nbsp;<\/li>\n\n\n\n<li><strong>w\u00f3zki wid\u0142owe podno\u015bnikowe sterowane z poziomu lub podestu bocznego<\/strong> \u2013 charakteryzuje je to, \u017ce operator wykonuje swoj\u0105 prac\u0119 chodz\u0105c przy w\u00f3zku lub pracuj\u0105c na pode\u015bcie;&nbsp;<\/li>\n\n\n\n<li><strong>w\u00f3zki wid\u0142owe z wysuwanym masztem<\/strong> \u2013 cechuj\u0105 si\u0119 tym, \u017ce zamiast klasycznych wide\u0142 posiadaj\u0105 wysuwany maszt, kt\u00f3rym mog\u0105 przenosi\u0107 \u0142adunki np.: palety.&nbsp;<\/li>\n<\/ul>\n\n\n\n<h2 class=\"wp-block-heading\">Wymagania dla kursant\u00f3w<\/h2>\n\n\n\n<p><strong>Aby rozpocz\u0105\u0107 szkolenie nale\u017cy spe\u0142nia\u0107 poni\u017csze wymagania:&nbsp;<\/strong><\/p>\n\n\n\n<ul class=\"wp-block-list\">\n<li>uko\u0144czony 18 rok \u017cycia,&nbsp;<\/li>\n\n\n\n<li>posiada\u0107 brak przeciwwskaza\u0144 od lekarza,&nbsp;<\/li>\n\n\n\n<li>mie\u0107 wykszta\u0142cenie na poziomie przynajmniej podstawowym.&nbsp;<\/li>\n<\/ul>\n\n\n\n<p>Je\u015bli spe\u0142niasz te wymagania mo\u017cesz \u015bmia\u0142o rozpocz\u0105\u0107 kurs na w\u00f3zki wid\u0142owe. Szkolenia przeprowadzane s\u0105 przez wysoko wykwalikowan\u0105 kadr\u0119, kt\u00f3ra pomo\u017ce uzyska\u0107 niezb\u0119dn\u0105 wiedz\u0119 i umiej\u0119tno\u015bci do pracy z w\u00f3zkami.&nbsp;<\/p>\n\n\n\n<h2 class=\"wp-block-heading\">Gdzie s\u0105 wykorzystywane w\u00f3zki wid\u0142owe?&nbsp;<\/h2>\n\n\n\n<p>W\u00f3zki jezdniowe podno\u015bnikowe potocznie nazywane s\u0105 w\u00f3zkami wid\u0142owymi. Zastosowanie odnalaz\u0142y w pracy na magazynach, centrach logistycznych, sk\u0142adach budowlanych oraz w portach. Wykorzystywane s\u0105 do przewo\u017cenia zazwyczaj palet i skrzy\u0144, wi\u0119c od kierowcy wymaga si\u0119 umiej\u0119tno\u015bci prowadzenia tego urz\u0105dzenia oraz umiej\u0119tnego operowania przewo\u017conym \u0142adunkiem.&nbsp;<\/p>\n\n\n\n<h2 class=\"wp-block-heading\">Jak uzyska\u0107 potrzebne uprawnienia?&nbsp;<\/h2>\n\n\n<div class=\"wp-block-image\">\n<figure class=\"alignleft size-large is-resized\"><a href=\"https:\/\/kursy-udt.pl\/wp-content\/uploads\/2023\/03\/screen_2x-2023-03-06T182704.352.jpg\"><img loading=\"lazy\" decoding=\"async\" src=\"https:\/\/kursy-udt.pl\/wp-content\/uploads\/2023\/03\/screen_2x-2023-03-06T182704.352-1024x684.jpg\" alt=\"w\u00f3zek wid\u0142owy wysokiego sk\u0142adowania\" class=\"wp-image-5321\" width=\"512\" height=\"342\" srcset=\"https:\/\/kursy-udt.pl\/wp-content\/uploads\/2023\/03\/screen_2x-2023-03-06T182704.352-1024x684.jpg 1024w, https:\/\/kursy-udt.pl\/wp-content\/uploads\/2023\/03\/screen_2x-2023-03-06T182704.352-300x200.jpg 300w, https:\/\/kursy-udt.pl\/wp-content\/uploads\/2023\/03\/screen_2x-2023-03-06T182704.352-768x513.jpg 768w, https:\/\/kursy-udt.pl\/wp-content\/uploads\/2023\/03\/screen_2x-2023-03-06T182704.352-1536x1025.jpg 1536w, https:\/\/kursy-udt.pl\/wp-content\/uploads\/2023\/03\/screen_2x-2023-03-06T182704.352-18x12.jpg 18w, https:\/\/kursy-udt.pl\/wp-content\/uploads\/2023\/03\/screen_2x-2023-03-06T182704.352-624x417.jpg 624w, https:\/\/kursy-udt.pl\/wp-content\/uploads\/2023\/03\/screen_2x-2023-03-06T182704.352.jpg 1600w\" sizes=\"auto, (max-width: 512px) 100vw, 512px\" \/><\/a><\/figure>\n<\/div>\n\n\n<p>Pierwsze co musimy zrobi\u0107 to zapisa\u0107 si\u0119 na kurs, kt\u00f3ry przygotowuje z zakresu wiedzy teoretycznej, jak i praktycznej do egzaminu pa\u0144stwowego. Je\u015bli zako\u0144czymy kurs, to musimy przyst\u0105pi\u0107 do egzaminu UDT. Sk\u0142ada si\u0119 on z testu pisemnego, a po jego zaliczeniu nast\u0105pi czas na test ukazuj\u0105cy nasze umiej\u0119tno\u015bci pracy z w\u00f3zkiem. Podczas egzaminu praktycznego b\u0119dziemy musieli wykona\u0107 zadanie zlecone przez komisj\u0119 UDT, w celu potwierdzenia naszych umiej\u0119tno\u015bci dotycz\u0105cych pracy z tym urz\u0105dzeniem. Nast\u0119pnie po zaliczeniu obu tych test\u00f3w, otrzymamy uprawnienia do pracy z w\u00f3zkami. Uprawnienia wa\u017cne s\u0105 przez okres od 5 lub 10 lat, zale\u017cnie od typu urz\u0105dzenia na jakie wykonano uprawnienia, czyli osoby pracuj\u0105ce z w\u00f3zkiem podno\u015bnikowym specjalizowanym wa\u017cne kwalifikacje b\u0119d\u0105 mieli przez okres 5 lat. Okres ten wyd\u0142u\u017ca si\u0119 do 10 lat, je\u015bli chodzi o w\u00f3zki podno\u015bnikowe, z wy\u0142\u0105czeniem specjalizowanych i w\u00f3zk\u00f3w podno\u015bnikowych prowadzonych, a tak\u017ce tych zdalnie sterowanych.&nbsp;<\/p>\n\n\n\n<h2 class=\"wp-block-heading\">Inne nasze szkolenia&nbsp;<\/h2>\n\n\n\n<p>Prowadzimy kursy r\u00f3wnie\u017c na inne urz\u0105dzenia techniczne takie jak:&nbsp;<\/p>\n\n\n\n<ul class=\"wp-block-list\">\n<li>\u0142adowarki teleskopowe,&nbsp;<\/li>\n\n\n\n<li>d\u017awigi,&nbsp;<\/li>\n\n\n\n<li>\u017curawie,&nbsp;<\/li>\n\n\n\n<li>podesty ruchome,&nbsp;<\/li>\n\n\n\n<li>wci\u0105gniki i wci\u0105garki.&nbsp;<\/li>\n<\/ul>\n\n\n\n<p>Je\u015bli zainteresowa\u0142a Ci\u0119 jedna z naszych ofert szkoleniowych, to zapraszamy do kontaktu.&nbsp;<\/p>\n\n\n\n<h2 class=\"wp-block-heading\">Pytania i odpowiedzi<\/h2>\n\n\n\t\t<details\t\thelp class=\"sc_fs_faq sc_card    \"\n\t\topen\t\t>\n\t\t\t\t\t<summary>\n\t\t\t\t<h3>Jakie wyr\u00f3\u017cniamy rodzaje w\u00f3zk\u00f3w wid\u0142owych ze wzgl\u0119du na nap\u0119d?<\/h3>\t\t\t\t\t<\/summary>\n\t\t\t\t<div>\n\t\t\t\t\t\t<div class=\"sc_fs_faq__content\">\n\t\t\t\t\n\n<p>Wyr\u00f3\u017cniamy g\u0142\u00f3wnie dwa rodzaje w\u00f3zk\u00f3w wid\u0142owych ze wzgl\u0119du na nap\u0119d, mianowicie s\u0105 to w\u00f3zki wid\u0142owe spalinowe oraz elektryczne.&nbsp;<\/p>\n\n\t\t\t<\/div>\n\t\t<\/div>\n\t\t<\/details>\n\t\t\t\t<details\t\thelp class=\"sc_fs_faq sc_card    \"\n\t\t\t\t>\n\t\t\t\t\t<summary>\n\t\t\t\t<h3>Gdzie korzysta si\u0119 z w\u00f3zk\u00f3w wid\u0142owych?<\/h3>\t\t\t\t\t<\/summary>\n\t\t\t\t<div>\n\t\t\t\t\t\t<div class=\"sc_fs_faq__content\">\n\t\t\t\t\n\n<p>Z us\u0142ug w\u00f3zka wid\u0142owego korzysta si\u0119 najcz\u0119\u015bciej w magazynach, centrach logistycznych, sk\u0142adach budowlanych czy w portach.<\/p>\n\n\t\t\t<\/div>\n\t\t<\/div>\n\t\t<\/details>\n\t\t\n<script type=\"application\/ld+json\">\n\t{\n\t\t\"@context\": \"https:\/\/schema.org\",\n\t\t\"@type\": \"FAQPage\",\n\t\t\"mainEntity\": [\n\t\t\t\t\t{\n\t\t\t\t\"@type\": \"Question\",\n\t\t\t\t\"name\": \"Jakie wyr\u00f3\u017cniamy rodzaje w\u00f3zk\u00f3w wid\u0142owych ze wzgl\u0119du na nap\u0119d?\",\n\t\t\t\t\"acceptedAnswer\": {\n\t\t\t\t\t\"@type\": \"Answer\",\n\t\t\t\t\t\"text\": \"<p>Wyr\u00f3\u017cniamy g\u0142\u00f3wnie dwa rodzaje w\u00f3zk\u00f3w wid\u0142owych ze wzgl\u0119du na nap\u0119d, mianowicie s\u0105 to w\u00f3zki wid\u0142owe spalinowe oraz elektryczne.&nbsp;<\/p>\"\n\t\t\t\t\t\t\t\t\t}\n\t\t\t}\n\t\t\t,\t\t\t\t{\n\t\t\t\t\"@type\": \"Question\",\n\t\t\t\t\"name\": \"Gdzie korzysta si\u0119 z w\u00f3zk\u00f3w wid\u0142owych?\",\n\t\t\t\t\"acceptedAnswer\": {\n\t\t\t\t\t\"@type\": \"Answer\",\n\t\t\t\t\t\"text\": \"<p>Z us\u0142ug w\u00f3zka wid\u0142owego korzysta si\u0119 najcz\u0119\u015bciej w magazynach, centrach logistycznych, sk\u0142adach budowlanych czy w portach.<\/p>\"\n\t\t\t\t\t\t\t\t\t}\n\t\t\t}\n\t\t\t\t\t\t]\n\t}\n<\/script>\n","protected":false},"excerpt":{"rendered":"<p>W\u00f3zki wid\u0142owe wysokiego sk\u0142adowania \u2013&nbsp;operator&nbsp; O\u015brodek szkoleniowy ERGON oferuje szkolenia dla operator\u00f3w urz\u0105dze\u0144 UDT. W\u00f3zki wid\u0142owe s\u0105 pod dozorem technicznym, co oznacza, \u017ce operatorzy i konserwatorzy musz\u0105 posiada\u0107 uprawnienia do pracy z tym urz\u0105dzeniem. W zale\u017cno\u015bci od wykonywanej pracy i \u0142adunk\u00f3w jakie si\u0119 transportuje wykorzystuje si\u0119 r\u00f3\u017cne typy w\u00f3zk\u00f3w.&nbsp; Program szkoleniowy&nbsp;&nbsp; Podczas trwania kursu dowiesz si\u0119 m.in. o:&nbsp; Jakie s\u0105 rodzaje w\u00f3zk\u00f3w wid\u0142owych?&nbsp; Wyr\u00f3\u017cni\u0107 mo\u017cemy dwie g\u0142\u00f3wne grupy w\u00f3zk\u00f3w, kt\u00f3re dziel\u0105 si\u0119 na zastosowany w nich nap\u0119d lub te\u017c funkcje.&nbsp; Do grupy podzielonej na nap\u0119d zalicza si\u0119:&nbsp; Do grupy podzielonej na funkcje zalicza si\u0119:&nbsp; Wymagania dla kursant\u00f3w Aby rozpocz\u0105\u0107 szkolenie nale\u017cy spe\u0142nia\u0107 poni\u017csze wymagania:&nbsp; Je\u015bli spe\u0142niasz te wymagania mo\u017cesz \u015bmia\u0142o rozpocz\u0105\u0107 kurs na w\u00f3zki wid\u0142owe. Szkolenia przeprowadzane s\u0105 przez wysoko wykwalikowan\u0105 kadr\u0119, kt\u00f3ra pomo\u017ce uzyska\u0107 niezb\u0119dn\u0105 wiedz\u0119 i umiej\u0119tno\u015bci do pracy z w\u00f3zkami.&nbsp; Gdzie s\u0105 wykorzystywane w\u00f3zki wid\u0142owe?&nbsp; W\u00f3zki jezdniowe podno\u015bnikowe potocznie nazywane s\u0105 w\u00f3zkami wid\u0142owymi. Zastosowanie odnalaz\u0142y w pracy na magazynach, centrach logistycznych, sk\u0142adach budowlanych oraz w portach. Wykorzystywane s\u0105 do przewo\u017cenia zazwyczaj palet i skrzy\u0144, wi\u0119c od kierowcy wymaga si\u0119 umiej\u0119tno\u015bci prowadzenia tego urz\u0105dzenia oraz umiej\u0119tnego operowania przewo\u017conym \u0142adunkiem.&nbsp; Jak uzyska\u0107 potrzebne uprawnienia?&nbsp; Pierwsze co musimy zrobi\u0107 to zapisa\u0107 si\u0119 na kurs, kt\u00f3ry przygotowuje z zakresu wiedzy teoretycznej, jak i praktycznej do egzaminu pa\u0144stwowego. Je\u015bli zako\u0144czymy kurs, to musimy przyst\u0105pi\u0107 do egzaminu UDT. Sk\u0142ada si\u0119 on z testu pisemnego, a po jego zaliczeniu nast\u0105pi czas na test ukazuj\u0105cy nasze umiej\u0119tno\u015bci pracy z w\u00f3zkiem. Podczas egzaminu praktycznego b\u0119dziemy musieli wykona\u0107 zadanie zlecone przez komisj\u0119 UDT, w celu potwierdzenia naszych umiej\u0119tno\u015bci dotycz\u0105cych pracy z tym [&hellip;]<\/p>\n","protected":false},"author":6,"featured_media":5321,"parent":2721,"menu_order":0,"comment_status":"closed","ping_status":"closed","template":"","meta":{"sfsi_plus_gutenberg_text_before_share":"","sfsi_plus_gutenberg_show_text_before_share":"","sfsi_plus_gutenberg_icon_type":"","sfsi_plus_gutenberg_icon_alignemt":"","sfsi_plus_gutenburg_max_per_row":"","footnotes":""},"class_list":["post-5317","page","type-page","status-publish","has-post-thumbnail","hentry","has_thumb"],"aioseo_notices":[],"_links":{"self":[{"href":"https:\/\/kursy-udt.pl\/de\/wp-json\/wp\/v2\/pages\/5317","targetHints":{"allow":["GET"]}}],"collection":[{"href":"https:\/\/kursy-udt.pl\/de\/wp-json\/wp\/v2\/pages"}],"about":[{"href":"https:\/\/kursy-udt.pl\/de\/wp-json\/wp\/v2\/types\/page"}],"author":[{"embeddable":true,"href":"https:\/\/kursy-udt.pl\/de\/wp-json\/wp\/v2\/users\/6"}],"replies":[{"embeddable":true,"href":"https:\/\/kursy-udt.pl\/de\/wp-json\/wp\/v2\/comments?post=5317"}],"version-history":[{"count":3,"href":"https:\/\/kursy-udt.pl\/de\/wp-json\/wp\/v2\/pages\/5317\/revisions"}],"predecessor-version":[{"id":5609,"href":"https:\/\/kursy-udt.pl\/de\/wp-json\/wp\/v2\/pages\/5317\/revisions\/5609"}],"up":[{"embeddable":true,"href":"https:\/\/kursy-udt.pl\/de\/wp-json\/wp\/v2\/pages\/2721"}],"wp:featuredmedia":[{"embeddable":true,"href":"https:\/\/kursy-udt.pl\/de\/wp-json\/wp\/v2\/media\/5321"}],"wp:attachment":[{"href":"https:\/\/kursy-udt.pl\/de\/wp-json\/wp\/v2\/media?parent=5317"}],"curies":[{"name":"wp","href":"https:\/\/api.w.org\/{rel}","templated":true}]}}