{"id":5272,"date":"2023-03-21T12:17:32","date_gmt":"2023-03-21T11:17:32","guid":{"rendered":"https:\/\/kursy-udt.pl\/?page_id=5272"},"modified":"2023-03-21T15:53:12","modified_gmt":"2023-03-21T14:53:12","slug":"udt-schulung-fur-hubarbeitsbuhnen","status":"publish","type":"page","link":"https:\/\/kursy-udt.pl\/de\/szkolenia\/udt-wdt-tdt\/szkolenia-udt-na-podnosniki-masztowe\/","title":{"rendered":"UDT-SCHULUNG F\u00dcR MOBILE PLATTFORMEN"},"content":{"rendered":"\n<h2 class=\"wp-block-heading\">Uprawnienia konserwatora lub operatora na podno\u015bniki masztowe&nbsp;<\/h2>\n\n\n<div class=\"wp-block-image\">\n<figure class=\"alignleft size-full is-resized\"><a href=\"https:\/\/kursy-udt.pl\/wp-content\/uploads\/2023\/03\/1009_scanclimber-sc1300.jpg\"><img loading=\"lazy\" decoding=\"async\" src=\"https:\/\/kursy-udt.pl\/wp-content\/uploads\/2023\/03\/1009_scanclimber-sc1300.jpg\" alt=\"podest masztowy na bia\u0142ym tle\" class=\"wp-image-5274\" width=\"400\" height=\"286\" srcset=\"https:\/\/kursy-udt.pl\/wp-content\/uploads\/2023\/03\/1009_scanclimber-sc1300.jpg 800w, https:\/\/kursy-udt.pl\/wp-content\/uploads\/2023\/03\/1009_scanclimber-sc1300-300x215.jpg 300w, https:\/\/kursy-udt.pl\/wp-content\/uploads\/2023\/03\/1009_scanclimber-sc1300-768x549.jpg 768w, https:\/\/kursy-udt.pl\/wp-content\/uploads\/2023\/03\/1009_scanclimber-sc1300-18x12.jpg 18w, https:\/\/kursy-udt.pl\/wp-content\/uploads\/2023\/03\/1009_scanclimber-sc1300-624x446.jpg 624w\" sizes=\"auto, (max-width: 400px) 100vw, 400px\" \/><\/a><\/figure>\n<\/div>\n\n\n<p>O\u015brodek Doskonalenia Kadr ERGON, jest firm\u0105 szkoleniow\u0105, kt\u00f3ra dzia\u0142a na rynku polskim od kilkunastu lat. Oferujemy kursy dla os\u00f3b chc\u0105cych poszerzy\u0107 swoje kwalifikacje w zakresie obs\u0142ugi i konserwacji podest\u00f3w ruchomych. Umiej\u0119tno\u015b\u0107 korzystania z tych urz\u0105dze\u0144 jest coraz cz\u0119\u015bciej wymagana w wielu bran\u017cach. Zapisanie si\u0119 na kurs i zdobycie uprawnie\u0144 potwierdzonych przez Urz\u0105d Dozoru Technicznego pozwoli na rozwini\u0119cie kariery zawodowej i znalezienie dobrze p\u0142atnej pracy. Nasze szkolenia dotycz\u0105 praktycznych kwestii obs\u0142ugi mi\u0119dzy innymi podest\u00f3w ruchomych no\u017cycowych czy koszowych. Nasi do\u015bwiadczeni pracownicy dope\u0142niaj\u0105 wszelkich stara\u0144, by sprosta\u0107 oczekiwaniom ka\u017cdego kursanta.&nbsp;<\/p>\n\n\n\n<h2 class=\"wp-block-heading\">Przebieg szkolenia<\/h2>\n\n\n\n<p>Szkolenia dla przysz\u0142ych operator\u00f3w dzieli si\u0119 na dwa etapy:&nbsp;<\/p>\n\n\n\n<ul class=\"wp-block-list\">\n<li>zaj\u0119cia teoretyczne \u2013 na kt\u00f3rych kursanci zapoznaj\u0105 si\u0119 z materia\u0142ami wymaganymi przez UDT,&nbsp;<\/li>\n\n\n\n<li>zaj\u0119cia praktyczne \u2013 podczas kt\u00f3rych kursanci zdobywaj\u0105 manualne umiej\u0119tno\u015bci bezpiecznego obs\u0142ugiwania urz\u0105dzenia.&nbsp;<\/li>\n<\/ul>\n\n\n\n<p><strong>Przeprowadzamy nast\u0119puj\u0105ce kursy:<\/strong>&nbsp;<\/p>\n\n\n\n<ul class=\"wp-block-list\">\n<li>kurs na podesty ruchome stacjonarne,&nbsp;<\/li>\n\n\n\n<li>kurs na podesty ruchome masztowe (pozwala na kierowanie podestami ruchomymi masztowymi i stacjonarnymi),&nbsp;<\/li>\n\n\n\n<li>kurs na podesty ruchome wisz\u0105ce (pozwala na kierowanie podestami ruchomymi wisz\u0105cymi i stacjonarnymi),&nbsp;<\/li>\n\n\n\n<li>kurs na podesty ruchome przejezdne,&nbsp;<\/li>\n\n\n\n<li>kurs na pojazdach kolejowych.&nbsp;<\/li>\n<\/ul>\n\n\n<div class=\"wp-block-image\">\n<figure class=\"alignright size-full is-resized\"><a href=\"https:\/\/kursy-udt.pl\/wp-content\/uploads\/2023\/03\/SC6000_sliding_deck_front1.jpg\"><img loading=\"lazy\" decoding=\"async\" src=\"https:\/\/kursy-udt.pl\/wp-content\/uploads\/2023\/03\/SC6000_sliding_deck_front1.jpg\" alt=\"dwa podesty masztowe\" class=\"wp-image-5275\" width=\"512\" height=\"342\" srcset=\"https:\/\/kursy-udt.pl\/wp-content\/uploads\/2023\/03\/SC6000_sliding_deck_front1.jpg 1024w, https:\/\/kursy-udt.pl\/wp-content\/uploads\/2023\/03\/SC6000_sliding_deck_front1-300x200.jpg 300w, https:\/\/kursy-udt.pl\/wp-content\/uploads\/2023\/03\/SC6000_sliding_deck_front1-768x512.jpg 768w, https:\/\/kursy-udt.pl\/wp-content\/uploads\/2023\/03\/SC6000_sliding_deck_front1-18x12.jpg 18w, https:\/\/kursy-udt.pl\/wp-content\/uploads\/2023\/03\/SC6000_sliding_deck_front1-624x416.jpg 624w\" sizes=\"auto, (max-width: 512px) 100vw, 512px\" \/><\/a><\/figure>\n<\/div>\n\n\n<h2 class=\"wp-block-heading\">Praca po kursie&nbsp;<\/h2>\n\n\n\n<p>Podesty ruchome s\u0105 u\u017cytkowane w wielu bran\u017cach. Osoba posiadaj\u0105ca uprawnienia, potwierdzone wymaganym za\u015bwiadczeniem mo\u017ce pracowa\u0107 mi\u0119dzy innymi:&nbsp;<\/p>\n\n\n\n<ul class=\"wp-block-list\">\n<li>w magazynach,&nbsp;<\/li>\n\n\n\n<li>du\u017cych halach handlowych,&nbsp;<\/li>\n\n\n\n<li>zak\u0142adach produkcyjnych,&nbsp;<\/li>\n\n\n\n<li>wykonuj\u0105c prace monta\u017cowe,&nbsp;<\/li>\n\n\n\n<li>wykonuj\u0105c prace przy torach,&nbsp;<\/li>\n\n\n\n<li>na budowach,&nbsp;<\/li>\n\n\n\n<li>w bran\u017cy wystawienniczej.&nbsp;<\/li>\n<\/ul>\n\n\n\n<h2 class=\"wp-block-heading\">Podesty ruchome \u2013 kr\u00f3tka charakterystyka&nbsp;<\/h2>\n\n\n\n<p>S\u0105 to urz\u0105dzenia b\u0119d\u0105ce szczeg\u00f3lnym rodzajem d\u017awignic. S\u0142u\u017c\u0105 do transportu os\u00f3b lub \u0142adunk\u00f3w na okre\u015blon\u0105 wysoko\u015b\u0107, korzystaj\u0105c z gondoli lub platformy, kt\u00f3re s\u0105 podnoszone na d\u017awigniku lub zawieszone na ci\u0119gniku. Ruch mo\u017ce by\u0107 wykonywany zar\u00f3wno w pionie jak i poziomie. Wyr\u00f3\u017cniamy podesty samobie\u017cne, czyli poruszaj\u0105ce si\u0119 (mog\u0105 by\u0107 przyczepione do samochodu) i stacjonarne, czyli nieprzemieszczaj\u0105ce si\u0119. Ka\u017cde z nich, by mog\u0142y by\u0107 dopuszczone do pracy musz\u0105 pozytywnie przej\u015b\u0107 doz\u00f3r techniczny.&nbsp;<\/p>\n\n\n\n<p><strong>Rodzaje uprawnie\u0144<\/strong>&nbsp;<\/p>\n\n\n\n<p>Osoby pracuj\u0105ce przy podestach ruchomych mog\u0105 mie\u0107 dwa rodzaje uprawnie\u0144:&nbsp;<\/p>\n\n\n\n<ul class=\"wp-block-list\">\n<li>do konserwacji \u2013 potrzebne do wykonywania prac konserwatorskich,&nbsp;<\/li>\n\n\n\n<li>do obs\u0142ugi \u2013 potrzebne do pracy na stanowiskach kierowc\u00f3w i operator\u00f3w.&nbsp;<\/li>\n<\/ul>\n\n\n\n<p>Jednak nale\u017cy zaznaczy\u0107, \u017ce jedna osoba mo\u017ce mie\u0107 obydwa rodzaje uprawnie\u0144.&nbsp;<\/p>\n\n\n<div class=\"wp-block-image\">\n<figure class=\"alignright size-large is-resized\"><a href=\"https:\/\/kursy-udt.pl\/wp-content\/uploads\/2023\/03\/s2-83.jpg\"><img loading=\"lazy\" decoding=\"async\" src=\"https:\/\/kursy-udt.pl\/wp-content\/uploads\/2023\/03\/s2-83-1024x684.jpg\" alt=\"szkolenie na operatora podestu masztowego\" class=\"wp-image-5276\" width=\"512\" height=\"342\" srcset=\"https:\/\/kursy-udt.pl\/wp-content\/uploads\/2023\/03\/s2-83-1024x684.jpg 1024w, https:\/\/kursy-udt.pl\/wp-content\/uploads\/2023\/03\/s2-83-300x200.jpg 300w, https:\/\/kursy-udt.pl\/wp-content\/uploads\/2023\/03\/s2-83-768x513.jpg 768w, https:\/\/kursy-udt.pl\/wp-content\/uploads\/2023\/03\/s2-83-1536x1025.jpg 1536w, https:\/\/kursy-udt.pl\/wp-content\/uploads\/2023\/03\/s2-83-18x12.jpg 18w, https:\/\/kursy-udt.pl\/wp-content\/uploads\/2023\/03\/s2-83-624x417.jpg 624w, https:\/\/kursy-udt.pl\/wp-content\/uploads\/2023\/03\/s2-83.jpg 1600w\" sizes=\"auto, (max-width: 512px) 100vw, 512px\" \/><\/a><\/figure>\n<\/div>\n\n\n<p><strong>Warunki przyst\u0105pienia do szkolenia i egzaminu:<\/strong>&nbsp;<\/p>\n\n\n\n<ul class=\"wp-block-list\">\n<li>minimum 18 lat,&nbsp;<\/li>\n\n\n\n<li>znajomo\u015b\u0107 w mowie i pi\u015bmie j\u0119zyka polskiego na poziomie komunikatywnym,&nbsp;<\/li>\n\n\n\n<li>uko\u0144czenie co najmniej szko\u0142y podstawowej,&nbsp;<\/li>\n\n\n\n<li>za\u015bwiadczenie lekarskie, potwierdzaj\u0105ce brak przeciwskaza\u0144 zdrowotnych do obs\u0142ugi urz\u0105dze\u0144 mechanicznych,&nbsp;<\/li>\n\n\n\n<li>uiszczenie op\u0142aty za kurs i egzamin.&nbsp;<\/li>\n<\/ul>\n\n\n\n<h2 class=\"wp-block-heading\">Oferta naszych kurs\u00f3w&nbsp;<\/h2>\n\n\n\n<p>Nasza oferta jest bardzo szeroka. Serdecznie zapraszamy do zapoznania si\u0119 z reszt\u0105 naszych kurs\u00f3w:&nbsp;<\/p>\n\n\n\n<ul class=\"wp-block-list\">\n<li>kurs konserwacji d\u017awig\u00f3w,&nbsp;<\/li>\n\n\n\n<li>kurs obs\u0142ugi i konserwacji \u017curawi HDS,&nbsp;<\/li>\n\n\n\n<li>kurs prac alpinistycznych,&nbsp;<\/li>\n\n\n\n<li>kurs obs\u0142ugi i konserwacji \u017curawi wie\u017cowych,&nbsp;<\/li>\n\n\n\n<li>kurs obs\u0142ugi i konserwacji suwnic,&nbsp;<\/li>\n\n\n\n<li>kurs obs\u0142ugi i konserwacji w\u00f3zk\u00f3w wid\u0142owych.&nbsp;<\/li>\n<\/ul>\n\n\n\n<h2 class=\"wp-block-heading\">Pytania i odpowiedzi<\/h2>\n\n\n\t\t<details\t\thelp class=\"sc_fs_faq sc_card    \"\n\t\topen\t\t>\n\t\t\t\t\t<summary>\n\t\t\t\t<h3>Jak wygl\u0105da kurs na obs\u0142ug\u0119 podest\u00f3w ruchomych? <\/h3>\t\t\t\t\t<\/summary>\n\t\t\t\t<div>\n\t\t\t\t\t\t<div class=\"sc_fs_faq__content\">\n\t\t\t\t\n\n<p>Kurs sk\u0142ada si\u0119 z cz\u0119\u015bci teoretycznej i cz\u0119\u015bci praktycznej i ko\u0144czy si\u0119 egzaminem UDT.&nbsp;<\/p>\n\n\t\t\t<\/div>\n\t\t<\/div>\n\t\t<\/details>\n\t\t\t\t<details\t\thelp class=\"sc_fs_faq sc_card    \"\n\t\t\t\t>\n\t\t\t\t\t<summary>\n\t\t\t\t<h3>Gdzie mo\u017cna pracowa\u0107 po uko\u0144czeniu kursu? <\/h3>\t\t\t\t\t<\/summary>\n\t\t\t\t<div>\n\t\t\t\t\t\t<div class=\"sc_fs_faq__content\">\n\t\t\t\t\n\n<p>Prace mo\u017cna znale\u017a\u0107 w wielu miejscach, m.in. na budowach, w magazynach, przy pracach monta\u017cowych, w bran\u017cy wystawienniczej i halach handlowych.&nbsp;<\/p>\n\n\t\t\t<\/div>\n\t\t<\/div>\n\t\t<\/details>\n\t\t\t\t<details\t\thelp class=\"sc_fs_faq sc_card    \"\n\t\t\t\t>\n\t\t\t\t\t<summary>\n\t\t\t\t<h3>Czy prowadzicie jeszcze inne szkolenia? <\/h3>\t\t\t\t\t<\/summary>\n\t\t\t\t<div>\n\t\t\t\t\t\t<div class=\"sc_fs_faq__content\">\n\t\t\t\t\n\n<p>Oferta naszych kurs\u00f3w jest bardzo szeroka. U nas zdob\u0119dziesz kwalifikacje do obs\u0142ugi w\u00f3zk\u00f3w wid\u0142owych, \u017curawi wie\u017cowych, \u017curawi HDS, suwnic i wielu innych urz\u0105dze\u0144.&nbsp;<\/p>\n\n\t\t\t<\/div>\n\t\t<\/div>\n\t\t<\/details>\n\t\t\t\t<details\t\thelp class=\"sc_fs_faq sc_card    \"\n\t\t\t\t>\n\t\t\t\t\t<summary>\n\t\t\t\t<h3>Czy prowadzicie kursy konserwacji maszyn? <\/h3>\t\t\t\t\t<\/summary>\n\t\t\t\t<div>\n\t\t\t\t\t\t<div class=\"sc_fs_faq__content\">\n\t\t\t\t\n\n<p>Oczywi\u015bcie. Prowadzimy kursy obs\u0142ugi urz\u0105dze\u0144, ale te\u017c i kursy konserwacji urz\u0105dze\u0144.&nbsp;<\/p>\n\n\t\t\t<\/div>\n\t\t<\/div>\n\t\t<\/details>\n\t\t\n<script type=\"application\/ld+json\">\n\t{\n\t\t\"@context\": \"https:\/\/schema.org\",\n\t\t\"@type\": \"FAQPage\",\n\t\t\"mainEntity\": [\n\t\t\t\t\t{\n\t\t\t\t\"@type\": \"Question\",\n\t\t\t\t\"name\": \"Jak wygl\u0105da kurs na obs\u0142ug\u0119 podest\u00f3w ruchomych? \",\n\t\t\t\t\"acceptedAnswer\": {\n\t\t\t\t\t\"@type\": \"Answer\",\n\t\t\t\t\t\"text\": \"<p>Kurs sk\u0142ada si\u0119 z cz\u0119\u015bci teoretycznej i cz\u0119\u015bci praktycznej i ko\u0144czy si\u0119 egzaminem UDT.&nbsp;<\/p>\"\n\t\t\t\t\t\t\t\t\t}\n\t\t\t}\n\t\t\t,\t\t\t\t{\n\t\t\t\t\"@type\": \"Question\",\n\t\t\t\t\"name\": \"Gdzie mo\u017cna pracowa\u0107 po uko\u0144czeniu kursu? \",\n\t\t\t\t\"acceptedAnswer\": {\n\t\t\t\t\t\"@type\": \"Answer\",\n\t\t\t\t\t\"text\": \"<p>Prace mo\u017cna znale\u017a\u0107 w wielu miejscach, m.in. na budowach, w magazynach, przy pracach monta\u017cowych, w bran\u017cy wystawienniczej i halach handlowych.&nbsp;<\/p>\"\n\t\t\t\t\t\t\t\t\t}\n\t\t\t}\n\t\t\t,\t\t\t\t{\n\t\t\t\t\"@type\": \"Question\",\n\t\t\t\t\"name\": \"Czy prowadzicie jeszcze inne szkolenia? \",\n\t\t\t\t\"acceptedAnswer\": {\n\t\t\t\t\t\"@type\": \"Answer\",\n\t\t\t\t\t\"text\": \"<p>Oferta naszych kurs\u00f3w jest bardzo szeroka. U nas zdob\u0119dziesz kwalifikacje do obs\u0142ugi w\u00f3zk\u00f3w wid\u0142owych, \u017curawi wie\u017cowych, \u017curawi HDS, suwnic i wielu innych urz\u0105dze\u0144.&nbsp;<\/p>\"\n\t\t\t\t\t\t\t\t\t}\n\t\t\t}\n\t\t\t,\t\t\t\t{\n\t\t\t\t\"@type\": \"Question\",\n\t\t\t\t\"name\": \"Czy prowadzicie kursy konserwacji maszyn? \",\n\t\t\t\t\"acceptedAnswer\": {\n\t\t\t\t\t\"@type\": \"Answer\",\n\t\t\t\t\t\"text\": \"<p>Oczywi\u015bcie. Prowadzimy kursy obs\u0142ugi urz\u0105dze\u0144, ale te\u017c i kursy konserwacji urz\u0105dze\u0144.&nbsp;<\/p>\"\n\t\t\t\t\t\t\t\t\t}\n\t\t\t}\n\t\t\t\t\t\t]\n\t}\n<\/script>\n","protected":false},"excerpt":{"rendered":"<p>Qualifizierung f\u00fcr Wartung und Bedienung von Hubarbeitsb\u00fchnen Das ERGON Personnel Improvement Centre ist ein Schulungsunternehmen, das seit mehreren Jahren auf dem polnischen Markt t\u00e4tig ist. Wir bieten Kurse f\u00fcr diejenigen an, die ihre Qualifikationen in der Bedienung und Wartung von mobilen Arbeitsb\u00fchnen erweitern m\u00f6chten. Die F\u00e4higkeit, diese Ger\u00e4te zu bedienen, wird in vielen Branchen zunehmend gefordert. Die Teilnahme an einem Kurs und der Erwerb von Qualifikationen, die vom Technischen \u00dcberwachungsverein zertifiziert sind, erm\u00f6glichen es Ihnen, Ihre Karriere weiterzuentwickeln und einen gut bezahlten Arbeitsplatz zu finden. Unsere Schulungen befassen sich unter anderem mit den praktischen Aspekten der Bedienung von Scherenb\u00fchnen oder Korbb\u00fchnen. Unsere erfahrenen Mitarbeiter bem\u00fchen sich, die Erwartungen jedes Auszubildenden zu erf\u00fcllen.  Die Ausbildungskurse f\u00fcr k\u00fcnftige Bediener sind in zwei Stufen unterteilt:  Wir f\u00fchren die folgenden Kurse durch:  Arbeit nach dem Kurs Mobile Arbeitsb\u00fchnen werden in vielen Branchen eingesetzt. Wer einen F\u00fchrerschein hat, der durch ein entsprechendes Zertifikat best\u00e4tigt wird, kann u. a. arbeiten:  Fahrbare Arbeitsb\u00fchnen - Kurzcharakteristik Es handelt sich um Ger\u00e4te, die eine besondere Art von Kran sind. Sie dienen der Bef\u00f6rderung von Personen oder Lasten auf eine bestimmte H\u00f6he, wobei eine Gondel oder Plattform verwendet wird, die von einem Kran angehoben wird oder an einem Gest\u00e4nge h\u00e4ngt. Die Bewegung kann sowohl in vertikaler als auch in horizontaler Richtung erfolgen. Man unterscheidet zwischen selbstfahrenden, d. h. beweglichen Plattformen (sie k\u00f6nnen an einem Fahrzeug befestigt werden) und station\u00e4ren, d. h. nicht beweglichen Plattformen. Jede dieser Plattformen muss eine technische Pr\u00fcfung bestehen, um f\u00fcr die Arbeit zugelassen zu werden.  Arten der Zulassung F\u00fcr Personen, die auf mobilen Arbeitsb\u00fchnen arbeiten, gibt es zwei Arten von Zulassungen:  Es ist jedoch zu beachten, dass eine Person beide Arten von Zulassungen haben kann.  Bedingungen f\u00fcr die Teilnahme an der Ausbildung und Pr\u00fcfung:  Unser Kursangebot Unser Angebot an Kursen ist sehr breit gef\u00e4chert. Wir laden Sie ein, mehr \u00fcber unsere \u00fcbrigen Kurse zu erfahren:  Fragen und Antworten<\/p>","protected":false},"author":6,"featured_media":5274,"parent":2721,"menu_order":0,"comment_status":"closed","ping_status":"closed","template":"","meta":{"sfsi_plus_gutenberg_text_before_share":"","sfsi_plus_gutenberg_show_text_before_share":"","sfsi_plus_gutenberg_icon_type":"","sfsi_plus_gutenberg_icon_alignemt":"","sfsi_plus_gutenburg_max_per_row":"","footnotes":""},"class_list":["post-5272","page","type-page","status-publish","has-post-thumbnail","hentry","has_thumb"],"aioseo_notices":[],"_links":{"self":[{"href":"https:\/\/kursy-udt.pl\/de\/wp-json\/wp\/v2\/pages\/5272","targetHints":{"allow":["GET"]}}],"collection":[{"href":"https:\/\/kursy-udt.pl\/de\/wp-json\/wp\/v2\/pages"}],"about":[{"href":"https:\/\/kursy-udt.pl\/de\/wp-json\/wp\/v2\/types\/page"}],"author":[{"embeddable":true,"href":"https:\/\/kursy-udt.pl\/de\/wp-json\/wp\/v2\/users\/6"}],"replies":[{"embeddable":true,"href":"https:\/\/kursy-udt.pl\/de\/wp-json\/wp\/v2\/comments?post=5272"}],"version-history":[{"count":3,"href":"https:\/\/kursy-udt.pl\/de\/wp-json\/wp\/v2\/pages\/5272\/revisions"}],"predecessor-version":[{"id":5606,"href":"https:\/\/kursy-udt.pl\/de\/wp-json\/wp\/v2\/pages\/5272\/revisions\/5606"}],"up":[{"embeddable":true,"href":"https:\/\/kursy-udt.pl\/de\/wp-json\/wp\/v2\/pages\/2721"}],"wp:featuredmedia":[{"embeddable":true,"href":"https:\/\/kursy-udt.pl\/de\/wp-json\/wp\/v2\/media\/5274"}],"wp:attachment":[{"href":"https:\/\/kursy-udt.pl\/de\/wp-json\/wp\/v2\/media?parent=5272"}],"curies":[{"name":"wp","href":"https:\/\/api.w.org\/{rel}","templated":true}]}}