{"id":52,"date":"2014-02-10T17:19:32","date_gmt":"2014-02-10T17:19:32","guid":{"rendered":"http:\/\/kursy-udt.kwiaty0.pl\/?page_id=52"},"modified":"2016-01-21T19:32:18","modified_gmt":"2016-01-21T19:32:18","slug":"lastenaufzuge-2","status":"publish","type":"page","link":"https:\/\/kursy-udt.pl\/de\/wyciagi-towarowe\/","title":{"rendered":"Lastenaufz\u00fcge"},"content":{"rendered":"<div style=\"float:left; padding-right:10px;\"><img decoding=\"async\" src=\"\/wp-content\/uploads\/2014\/04\/wyciagi-towarowe.jpeg\" alt=\"Lastenaufz\u00fcge\"><\/div>\n<div class=\"wyjustuj\"><a href=\"https:\/\/kursy-udt.pl\/de\/szkolenia\/udt-wdt-tdt\/wyciagi-towarowe-kurs\/\">Lastenaufzug<\/a> ist ein Kran, der f\u00fcr den geneigten Transport von Lasten mit Hilfe von Ketten- oder Seilspanngliedern auf F\u00fchrungen eingesetzt wird. F\u00fcr den Betrieb eines Krans ben\u00f6tigen Sie einen G\u00fcteraufzugsf\u00fchrerschein. Die Ausbildung zum Lastenaufzug kann Ihnen helfen, diese zu erhalten. <\/p>\n<p>Wir bieten Schulungen f\u00fcr Lastenaufz\u00fcge an, die Sie zur Bedienung und Wartung der Ger\u00e4te berechtigen. Es handelt sich um einen Unterricht, der aus Theorie und Praxis besteht. Die Pr\u00fcfung kann ablegen, wer den Warenhebekurs absolviert hat. Wenn Sie bestehen, erhalten Sie <a href=\"https:\/\/kursy-udt.pl\/de\/uprawnienia-udt\/kategorie-uprawnien-2\/\">UDT-Anspr\u00fcche<\/a>. Unsere Lastenaufzugskurse werden stets von Experten durchgef\u00fchrt und zeichnen sich daher durch hohe Effizienz aus. Sie sind herzlich willkommen!<\/p><\/div>\n<div class=\"button_styl\" style=\"float:right; padding-left:15px; padding-bottom:8px; margin-bottom:5px;\"><a href=\"https:\/\/platformaedukacji.pl\/login\/signup.php\" rel=\"nofollow\" target=\"_blank\" class=\"myButton myButton_maly\"><font color=\"white\">Anmeldung zur Schulung<\/font><\/a><\/div>","protected":false},"excerpt":{"rendered":"<p>Ein Lastenaufzug ist ein Kran, der f\u00fcr den schr\u00e4gen Transport von Lasten mit Hilfe von Ketten- oder Seilspanngliedern auf F\u00fchrungen verwendet wird. Um einen Kran zu bedienen, ben\u00f6tigen Sie einen G\u00fcterzugf\u00fchrerschein. Eine G\u00fcterzugschulung kann Ihnen helfen, diese zu erlangen. Wir bieten Schulungen f\u00fcr Lastenaufz\u00fcge an, die Sie dazu berechtigen, die Ger\u00e4te zu bedienen und zu warten. Es handelt sich um Kurse, die aus Theorie und Praxis bestehen. Wer die G\u00fcterzugschulung absolviert hat, kann eine Pr\u00fcfung ablegen. Bei Bestehen der Pr\u00fcfung erh\u00e4lt er eine UDT-Lizenz. Unsere Kurse f\u00fcr Lastenaufz\u00fcge werden immer von Fachleuten durchgef\u00fchrt und zeichnen sich daher durch ihre hohe Effizienz aus. Wir freuen uns, Sie bei uns begr\u00fc\u00dfen zu d\u00fcrfen! F\u00fcr die Ausbildung anmelden<\/p>","protected":false},"author":1,"featured_media":0,"parent":0,"menu_order":0,"comment_status":"closed","ping_status":"closed","template":"","meta":{"sfsi_plus_gutenberg_text_before_share":"","sfsi_plus_gutenberg_show_text_before_share":"","sfsi_plus_gutenberg_icon_type":"","sfsi_plus_gutenberg_icon_alignemt":"","sfsi_plus_gutenburg_max_per_row":"","footnotes":""},"class_list":["post-52","page","type-page","status-publish","hentry","has_thumb"],"aioseo_notices":[],"_links":{"self":[{"href":"https:\/\/kursy-udt.pl\/de\/wp-json\/wp\/v2\/pages\/52","targetHints":{"allow":["GET"]}}],"collection":[{"href":"https:\/\/kursy-udt.pl\/de\/wp-json\/wp\/v2\/pages"}],"about":[{"href":"https:\/\/kursy-udt.pl\/de\/wp-json\/wp\/v2\/types\/page"}],"author":[{"embeddable":true,"href":"https:\/\/kursy-udt.pl\/de\/wp-json\/wp\/v2\/users\/1"}],"replies":[{"embeddable":true,"href":"https:\/\/kursy-udt.pl\/de\/wp-json\/wp\/v2\/comments?post=52"}],"version-history":[{"count":9,"href":"https:\/\/kursy-udt.pl\/de\/wp-json\/wp\/v2\/pages\/52\/revisions"}],"predecessor-version":[{"id":1269,"href":"https:\/\/kursy-udt.pl\/de\/wp-json\/wp\/v2\/pages\/52\/revisions\/1269"}],"wp:attachment":[{"href":"https:\/\/kursy-udt.pl\/de\/wp-json\/wp\/v2\/media?parent=52"}],"curies":[{"name":"wp","href":"https:\/\/api.w.org\/{rel}","templated":true}]}}