{"id":5156,"date":"2023-03-21T11:59:15","date_gmt":"2023-03-21T10:59:15","guid":{"rendered":"https:\/\/kursy-udt.pl\/?page_id=5156"},"modified":"2023-03-21T13:31:04","modified_gmt":"2023-03-21T12:31:04","slug":"turmkran-wartungslizenz","status":"publish","type":"page","link":"https:\/\/kursy-udt.pl\/de\/szkolenia\/udt-wdt-tdt\/uprawnienia-konserwatora-zurawi-wiezowych\/","title":{"rendered":"Erwerben Sie Ihre Lizenz f\u00fcr die Wartung von Turmdrehkranen"},"content":{"rendered":"\n<h2 class=\"wp-block-heading\">Szkolenie zawodowe na konserwatora \u017curawi wie\u017cowych &nbsp;<\/h2>\n\n\n\n<p>Zapraszamy na profesjonalne szkolenia przygotowuj\u0105ce do egzaminu pa\u0144stwowego przed komisj\u0105 UDT. Posiadamy wykwalifikowan\u0105 kadr\u0119, kt\u00f3ra dzieli si\u0119 z naszymi kursantami nie tylko wiedz\u0105 teoretyczn\u0105, ale i swoimi do\u015bwiadczeniami!&nbsp;&nbsp;<\/p>\n\n\n<div class=\"wp-block-image\">\n<figure class=\"alignright size-large is-resized\"><a href=\"https:\/\/kursy-udt.pl\/wp-content\/uploads\/2023\/03\/screen_2x-87.jpg\"><img loading=\"lazy\" decoding=\"async\" src=\"https:\/\/kursy-udt.pl\/wp-content\/uploads\/2023\/03\/screen_2x-87-1024x683.jpg\" alt=\"\u017curawi HDS na budowie\" class=\"wp-image-5158\" width=\"512\" height=\"342\" srcset=\"https:\/\/kursy-udt.pl\/wp-content\/uploads\/2023\/03\/screen_2x-87-1024x683.jpg 1024w, https:\/\/kursy-udt.pl\/wp-content\/uploads\/2023\/03\/screen_2x-87-300x200.jpg 300w, https:\/\/kursy-udt.pl\/wp-content\/uploads\/2023\/03\/screen_2x-87-768x512.jpg 768w, https:\/\/kursy-udt.pl\/wp-content\/uploads\/2023\/03\/screen_2x-87-1536x1024.jpg 1536w, https:\/\/kursy-udt.pl\/wp-content\/uploads\/2023\/03\/screen_2x-87-18x12.jpg 18w, https:\/\/kursy-udt.pl\/wp-content\/uploads\/2023\/03\/screen_2x-87-624x416.jpg 624w, https:\/\/kursy-udt.pl\/wp-content\/uploads\/2023\/03\/screen_2x-87.jpg 1600w\" sizes=\"auto, (max-width: 512px) 100vw, 512px\" \/><\/a><\/figure>\n<\/div>\n\n\n<p>Prowadzimy kursy dla przysz\u0142ych konserwator\u00f3w \u017curawi wie\u017cowych, HDS i samojezdnych.&nbsp;<\/p>\n\n\n\n<p>Cz\u0119\u015b\u0107 teoretyczn\u0105 mo\u017cna odby\u0107 w trybie stacjonarnym lub zdalnym!&nbsp;<\/p>\n\n\n\n<h2 class=\"wp-block-heading\">Zagadnienia poruszane podczas kursu&nbsp;<\/h2>\n\n\n\n<ul class=\"wp-block-list\">\n<li>budowa i typy \u017curawi wie\u017cowych,&nbsp;<\/li>\n\n\n\n<li>czynno\u015bci, kt\u00f3re konserwator musi wykona\u0107 przed, podczas i po pracy,&nbsp;<\/li>\n\n\n\n<li>dokumentacja techniczna,&nbsp;<\/li>\n\n\n\n<li>post\u0119powanie w nag\u0142ych przypadkach,&nbsp;<\/li>\n\n\n\n<li>wykonywanie bada\u0144 okresowych,&nbsp;<\/li>\n\n\n\n<li><a href=\"https:\/\/kursy-udt.pl\/de\/szkolenia\/bhp-bezpieczenstwo-pracy\/prawna-ochrona-pracy\/\">BHP<\/a>,&nbsp;<\/li>\n\n\n\n<li>obowi\u0105zki konserwatora,&nbsp;<\/li>\n\n\n\n<li>wsp\u00f3\u0142praca z \u017curawiami hakowymi,&nbsp;<\/li>\n\n\n\n<li>poprawna diagnostyka.&nbsp;<\/li>\n<\/ul>\n\n\n\n<h2 class=\"wp-block-heading\">Zapraszamy na nasze szkolenia otwarte!&nbsp;<\/h2>\n\n\n\n<p>W\u0142a\u015bcicieli firm oraz grupy zorganizowane zapraszamy do kontaktu. Oferujemy szkolenia zamkni\u0119te z dojazdem do klienta.&nbsp;&nbsp;<\/p>\n\n\n\n<h2 class=\"wp-block-heading\">\u017burawie wie\u017cowe&nbsp;&nbsp;<\/h2>\n\n\n\n<p>Zbudowane s\u0105 z pionowego masztu zamontowanego na sta\u0142ym lub przeno\u015bnym podwoziu. Dodatkowo posiadaj\u0105 wysi\u0119gnik poziomy lub wychylny.&nbsp;<\/p>\n\n\n\n<h2 class=\"wp-block-heading\">Zastosowanie \u017curawi wie\u017cowych&nbsp;<\/h2>\n\n\n\n<ul class=\"wp-block-list\">\n<li>transport materia\u0142\u00f3w i konstrukcji stalowych,&nbsp;<\/li>\n\n\n\n<li>transport kontener\u00f3w.&nbsp;<\/li>\n<\/ul>\n\n\n<div class=\"wp-block-image\">\n<figure class=\"alignright size-large is-resized\"><a href=\"https:\/\/kursy-udt.pl\/wp-content\/uploads\/2023\/03\/screen_2x-86.jpg\"><img loading=\"lazy\" decoding=\"async\" src=\"https:\/\/kursy-udt.pl\/wp-content\/uploads\/2023\/03\/screen_2x-86-1024x684.jpg\" alt=\"operator \u017curawi wie\u017cowych\" class=\"wp-image-5159\" width=\"512\" height=\"342\" srcset=\"https:\/\/kursy-udt.pl\/wp-content\/uploads\/2023\/03\/screen_2x-86-1024x684.jpg 1024w, https:\/\/kursy-udt.pl\/wp-content\/uploads\/2023\/03\/screen_2x-86-300x200.jpg 300w, https:\/\/kursy-udt.pl\/wp-content\/uploads\/2023\/03\/screen_2x-86-768x513.jpg 768w, https:\/\/kursy-udt.pl\/wp-content\/uploads\/2023\/03\/screen_2x-86-1536x1025.jpg 1536w, https:\/\/kursy-udt.pl\/wp-content\/uploads\/2023\/03\/screen_2x-86-18x12.jpg 18w, https:\/\/kursy-udt.pl\/wp-content\/uploads\/2023\/03\/screen_2x-86-624x417.jpg 624w, https:\/\/kursy-udt.pl\/wp-content\/uploads\/2023\/03\/screen_2x-86.jpg 1600w\" sizes=\"auto, (max-width: 512px) 100vw, 512px\" \/><\/a><\/figure>\n<\/div>\n\n\n<h2 class=\"wp-block-heading\">\u017burawie wie\u017cowe dzielimy ze wzgl\u0119du na:&nbsp;<\/h2>\n\n\n\n<p><strong>typ wysi\u0119gnika:<\/strong>&nbsp;<\/p>\n\n\n\n<ul class=\"wp-block-list\">\n<li>wychylne,&nbsp;<\/li>\n\n\n\n<li>wspornikowe,<\/li>\n<\/ul>\n\n\n\n<p><strong>rodzaj monta\u017cu:<\/strong>&nbsp;<\/p>\n\n\n\n<ul class=\"wp-block-list\">\n<li>szybko montuj\u0105ce,&nbsp;<\/li>\n\n\n\n<li>montowane w cz\u0119\u015bciach,<\/li>\n<\/ul>\n\n\n\n<p><strong>spos\u00f3b monta\u017cu:<\/strong>&nbsp;<\/p>\n\n\n\n<ul class=\"wp-block-list\">\n<li>stacjonarne,&nbsp;<\/li>\n\n\n\n<li>przejezdne,<\/li>\n<\/ul>\n\n\n\n<p><strong>umiejscowienie mechanizmu obrotu:<\/strong>&nbsp;<\/p>\n\n\n\n<ul class=\"wp-block-list\">\n<li>g\u00f3rno obrotowe,&nbsp;<\/li>\n\n\n\n<li>dolno obrotowe.&nbsp;<\/li>\n<\/ul>\n\n\n\n<h2 class=\"wp-block-heading\">Zadania konserwatora&nbsp;<\/h2>\n\n\n\n<p>Konserwator d\u017awig\u00f3w jest specjalist\u0105 zajmuj\u0105cym si\u0119 utrzymaniem i napraw\u0105 d\u017awig\u00f3w oraz zapewnieniem ich bezpiecznej pracy. Ich zadaniem jest przeprowadzanie regularnych inspekcji i konserwacji d\u017awig\u00f3w, aby zapewni\u0107 ich bezawaryjn\u0105 prac\u0119 oraz zminimalizowa\u0107 ryzyko awarii.&nbsp;<\/p>\n\n\n\n<p>Konserwator d\u017awig\u00f3w wykonuje szereg czynno\u015bci maj\u0105cych na celu utrzymanie i napraw\u0119 d\u017awig\u00f3w, w tym:&nbsp;<\/p>\n\n\n\n<ul class=\"wp-block-list\">\n<li>Sprawdzanie stanu technicznego d\u017awig\u00f3w, w tym prowadzenie bada\u0144 i test\u00f3w, by wykry\u0107 ewentualne usterki i problemy.&nbsp;<\/li>\n\n\n\n<li>Wykonywanie prac konserwacyjnych, takich jak smarowanie, regulacja, czyszczenie i wymiana element\u00f3w konstrukcyjnych.&nbsp;<\/li>\n\n\n\n<li>Naprawa i wymiana uszkodzonych cz\u0119\u015bci d\u017awig\u00f3w.&nbsp;<\/li>\n\n\n\n<li>Wymiana lin, \u0142o\u017cysk, przeciwwag, kabli oraz innych element\u00f3w mechanicznych.&nbsp;<\/li>\n\n\n\n<li>Wymiana olej\u00f3w i p\u0142yn\u00f3w hydraulicznych.&nbsp;<\/li>\n\n\n\n<li>Wdra\u017canie nowych technologii i ulepsze\u0144 w d\u017awigach.&nbsp;<\/li>\n<\/ul>\n\n\n<div class=\"wp-block-image\">\n<figure class=\"alignright size-large is-resized\"><a href=\"https:\/\/kursy-udt.pl\/wp-content\/uploads\/2023\/03\/canva-tower-crane-in-a-construction-site-MAE2KNNuGn4-1.jpg\"><img loading=\"lazy\" decoding=\"async\" src=\"https:\/\/kursy-udt.pl\/wp-content\/uploads\/2023\/03\/canva-tower-crane-in-a-construction-site-MAE2KNNuGn4-1-1024x683.jpg\" alt=\"\u017buraw wie\u017cowy na tle budynk\u00f3w\" class=\"wp-image-5160\" width=\"512\" height=\"342\" srcset=\"https:\/\/kursy-udt.pl\/wp-content\/uploads\/2023\/03\/canva-tower-crane-in-a-construction-site-MAE2KNNuGn4-1-1024x683.jpg 1024w, https:\/\/kursy-udt.pl\/wp-content\/uploads\/2023\/03\/canva-tower-crane-in-a-construction-site-MAE2KNNuGn4-1-300x200.jpg 300w, https:\/\/kursy-udt.pl\/wp-content\/uploads\/2023\/03\/canva-tower-crane-in-a-construction-site-MAE2KNNuGn4-1-768x512.jpg 768w, https:\/\/kursy-udt.pl\/wp-content\/uploads\/2023\/03\/canva-tower-crane-in-a-construction-site-MAE2KNNuGn4-1-1536x1024.jpg 1536w, https:\/\/kursy-udt.pl\/wp-content\/uploads\/2023\/03\/canva-tower-crane-in-a-construction-site-MAE2KNNuGn4-1-18x12.jpg 18w, https:\/\/kursy-udt.pl\/wp-content\/uploads\/2023\/03\/canva-tower-crane-in-a-construction-site-MAE2KNNuGn4-1-624x416.jpg 624w, https:\/\/kursy-udt.pl\/wp-content\/uploads\/2023\/03\/canva-tower-crane-in-a-construction-site-MAE2KNNuGn4-1.jpg 1600w\" sizes=\"auto, (max-width: 512px) 100vw, 512px\" \/><\/a><\/figure>\n<\/div>\n\n\n<h2 class=\"wp-block-heading\">\u017burawie samojezdne&nbsp;<\/h2>\n\n\n\n<p>Urz\u0105dzenia zamontowane na podwoziu samochodu ci\u0119\u017carowego albo na podwoziu samojezdnym o specjalnej konstrukcji.&nbsp;&nbsp;<\/p>\n\n\n\n<p>Stosowane s\u0105 g\u0142\u00f3wnie do prac monta\u017cowych i prze\u0142adunku, poniewa\u017c mog\u0105 przenosi\u0107 ci\u0119\u017ckie \u0142adunki na bardzo du\u017cych wysoko\u015bciach.&nbsp;&nbsp;<\/p>\n\n\n\n<h2 class=\"wp-block-heading\">\u017burawie HDS&nbsp;\u2013 przeno\u015bne, prze\u0142adunkowe&nbsp;<\/h2>\n\n\n\n<p>S\u0105 hydraulicznymi d\u017awigami samochodowymi, kt\u00f3re posiadaj\u0105 d\u017awignice zamontowan\u0105 na samochodzie ci\u0119\u017carowym, zazwyczaj pomi\u0119dzy kabin\u0105 kierowcy a skrzyni\u0105. D\u017awignica mo\u017ce znajdowa\u0107 si\u0119 tak\u017ce z ty\u0142u pojazdu. Ten typ \u017curawia ma podpory utrzymuj\u0105ce stabilno\u015b\u0107 podczas pracy.&nbsp;<\/p>\n\n\n\n<h2 class=\"wp-block-heading\">Kategorie \u017curawi &nbsp;<\/h2>\n\n\n\n<ul class=\"wp-block-list\">\n<li>stacjonarne,&nbsp;<\/li>\n\n\n\n<li>przewo\u017ane lub przeno\u015bne,&nbsp;<\/li>\n\n\n\n<li>samojezdne,&nbsp;<\/li>\n\n\n\n<li>wie\u017cowe i szybkomontuj\u0105ce,&nbsp;<\/li>\n\n\n\n<li>pok\u0142adowe,&nbsp;<\/li>\n\n\n\n<li>kolejowe i na pojazdach kolejowych,&nbsp;<\/li>\n\n\n\n<li>szynowe,&nbsp;<\/li>\n\n\n\n<li>p\u0142ywaj\u0105ce.&nbsp;<\/li>\n<\/ul>\n\n\n\n<p>Zapraszamy do kontaktu!&nbsp;<\/p>\n\n\n\n<h2 class=\"wp-block-heading\">Pytania i odpowiedzi<\/h2>\n\n\n\t\t<details\t\thelp class=\"sc_fs_faq sc_card    \"\n\t\topen\t\t>\n\t\t\t\t\t<summary>\n\t\t\t\t<h3>Jakiego typu \u017curawi dotycz\u0105 szkolenia?<\/h3>\t\t\t\t\t<\/summary>\n\t\t\t\t<div>\n\t\t\t\t\t\t<div class=\"sc_fs_faq__content\">\n\t\t\t\t\n\n<p>Prowadzimy szkolenia daj\u0105ce <a href=\"https:\/\/kursy-udt.pl\/de\/uprawnienia-udt\/kategorie-uprawnien-2\/\">uprawnienia<\/a> operator\u00f3w lub konserwator\u00f3w \u017curawi wie\u017cowych, samojezdnych i HDS. Ponadto, oferujemy kursy na inne maszyny podlegaj\u0105ce UDT.<\/p>\n\n\t\t\t<\/div>\n\t\t<\/div>\n\t\t<\/details>\n\t\t\t\t<details\t\thelp class=\"sc_fs_faq sc_card    \"\n\t\t\t\t>\n\t\t\t\t\t<summary>\n\t\t\t\t<h3>Czy kurs mo\u017cna odbywa\u0107 zdalnie?<\/h3>\t\t\t\t\t<\/summary>\n\t\t\t\t<div>\n\t\t\t\t\t\t<div class=\"sc_fs_faq__content\">\n\t\t\t\t\n\n<p>Tak, istnieje mo\u017cliwo\u015b\u0107 odbycia cz\u0119\u015bci teoretycznej kursu w formie zdalnej. \u0106wiczenia praktyczne odbywaj\u0105 si\u0119 na placu manewrowym przy u\u017cyciu maszyn.<\/p>\n\n\t\t\t<\/div>\n\t\t<\/div>\n\t\t<\/details>\n\t\t\t\t<details\t\thelp class=\"sc_fs_faq sc_card    \"\n\t\t\t\t>\n\t\t\t\t\t<summary>\n\t\t\t\t<h3>Gdzie mo\u017ce pracowa\u0107 konserwator \u017curawi wie\u017cowych? <\/h3>\t\t\t\t\t<\/summary>\n\t\t\t\t<div>\n\t\t\t\t\t\t<div class=\"sc_fs_faq__content\">\n\t\t\t\t\n\n<p>Najcz\u0119\u015bciej <a href=\"https:\/\/kursy-udt.pl\/de\/szkolenia\/udt-wdt-tdt\/konserwator-zurawi-przenosnych-i-przewoznych\/\">konserwator \u017curawi<\/a> wie\u017cowych znajdzie zatrudnienie przy transporcie materia\u0142\u00f3w i konstrukcji stalowych lub kontener\u00f3w.&nbsp;<\/p>\n\n\t\t\t<\/div>\n\t\t<\/div>\n\t\t<\/details>\n\t\t\n<script type=\"application\/ld+json\">\n\t{\n\t\t\"@context\": \"https:\/\/schema.org\",\n\t\t\"@type\": \"FAQPage\",\n\t\t\"mainEntity\": [\n\t\t\t\t\t{\n\t\t\t\t\"@type\": \"Question\",\n\t\t\t\t\"name\": \"Jakiego typu \u017curawi dotycz\u0105 szkolenia?\",\n\t\t\t\t\"acceptedAnswer\": {\n\t\t\t\t\t\"@type\": \"Answer\",\n\t\t\t\t\t\"text\": \"<p>Prowadzimy szkolenia daj\u0105ce uprawnienia operator\u00f3w lub konserwator\u00f3w \u017curawi wie\u017cowych, samojezdnych i HDS. Ponadto, oferujemy kursy na inne maszyny podlegaj\u0105ce UDT.<\/p>\"\n\t\t\t\t\t\t\t\t\t}\n\t\t\t}\n\t\t\t,\t\t\t\t{\n\t\t\t\t\"@type\": \"Question\",\n\t\t\t\t\"name\": \"Czy kurs mo\u017cna odbywa\u0107 zdalnie?\",\n\t\t\t\t\"acceptedAnswer\": {\n\t\t\t\t\t\"@type\": \"Answer\",\n\t\t\t\t\t\"text\": \"<p>Tak, istnieje mo\u017cliwo\u015b\u0107 odbycia cz\u0119\u015bci teoretycznej kursu w formie zdalnej. \u0106wiczenia praktyczne odbywaj\u0105 si\u0119 na placu manewrowym przy u\u017cyciu maszyn.<\/p>\"\n\t\t\t\t\t\t\t\t\t}\n\t\t\t}\n\t\t\t,\t\t\t\t{\n\t\t\t\t\"@type\": \"Question\",\n\t\t\t\t\"name\": \"Gdzie mo\u017ce pracowa\u0107 konserwator \u017curawi wie\u017cowych? \",\n\t\t\t\t\"acceptedAnswer\": {\n\t\t\t\t\t\"@type\": \"Answer\",\n\t\t\t\t\t\"text\": \"<p>Najcz\u0119\u015bciej konserwator \u017curawi wie\u017cowych znajdzie zatrudnienie przy transporcie materia\u0142\u00f3w i konstrukcji stalowych lub kontener\u00f3w.&nbsp;<\/p>\"\n\t\t\t\t\t\t\t\t\t}\n\t\t\t}\n\t\t\t\t\t\t]\n\t}\n<\/script>\n","protected":false},"excerpt":{"rendered":"<p>Berufsausbildung zum Turmdrehkranw\u00e4rter Wir laden Sie zu Berufsausbildungskursen ein, um Sie auf die staatliche Pr\u00fcfung vor der UDT-Kommission vorzubereiten. Wir verf\u00fcgen \u00fcber qualifizierte Mitarbeiter, die nicht nur ihr theoretisches Wissen, sondern auch ihre Erfahrung mit unseren Auszubildenden teilen!   Wir f\u00fchren Kurse f\u00fcr zuk\u00fcnftige Instandhalter von Turmdrehkranen, HDS und Mobilkranen durch.  Der theoretische Teil kann vor Ort oder aus der Ferne durchgef\u00fchrt werden!  W\u00e4hrend des Kurses behandelte Themen Wir laden Sie zu unseren offenen Schulungen ein!  Unternehmer und organisierte Gruppen k\u00f6nnen sich gerne an uns wenden. Wir bieten geschlossene Schulungen vor Ort an.   Turmdrehkrane Sie bestehen aus einem vertikalen Mast, der auf einem festen oder mobilen Fahrgestell montiert ist. Dar\u00fcber hinaus verf\u00fcgen sie \u00fcber einen horizontalen oder schwenkbaren Ausleger.  Anwendung von Turmdrehkr\u00e4nen Turmdrehkr\u00e4ne werden unterteilt in: Art des Auslegers: Art der Montage: Art der Montage: Lage des Drehwerks:  Aufgaben des Instandhalters Ein Kraninstandhalter ist ein Fachmann, der Krane wartet und repariert und ihren sicheren Betrieb gew\u00e4hrleistet. Ihre Aufgabe ist es, Krane regelm\u00e4\u00dfig zu inspizieren und zu warten, um ihren st\u00f6rungsfreien Betrieb zu gew\u00e4hrleisten und das Ausfallrisiko zu minimieren.  Ein Kranwart f\u00fchrt eine Reihe von T\u00e4tigkeiten zur Wartung und Reparatur von Kr\u00e4nen aus, darunter:  Mobilkrane Ger\u00e4te, die entweder auf einem LKW-Fahrgestell oder einem selbstfahrenden Fahrgestell spezieller Bauart montiert sind.   Sie werden haupts\u00e4chlich f\u00fcr Montage- und Umschlagarbeiten eingesetzt, da sie schwere Lasten in sehr gro\u00dfer H\u00f6he tragen k\u00f6nnen.   HDS-Kr\u00e4ne - mobile Umschlagkr\u00e4ne Es handelt sich um hydraulische Autokr\u00e4ne, bei denen der Kran auf dem Lkw montiert ist, in der Regel zwischen dem Fahrerhaus und dem Aufbau. Der Kran kann auch am Heck des Fahrzeugs angebracht sein. Dieser Krantyp verf\u00fcgt \u00fcber St\u00fctzen, um die Stabilit\u00e4t w\u00e4hrend des Betriebs zu gew\u00e4hrleisten.  Kategorien von Kr\u00e4nen Nehmen Sie Kontakt mit uns auf!  Fragen und Antworten<\/p>","protected":false},"author":6,"featured_media":5159,"parent":2721,"menu_order":0,"comment_status":"closed","ping_status":"closed","template":"","meta":{"sfsi_plus_gutenberg_text_before_share":"","sfsi_plus_gutenberg_show_text_before_share":"","sfsi_plus_gutenberg_icon_type":"","sfsi_plus_gutenberg_icon_alignemt":"","sfsi_plus_gutenburg_max_per_row":"","footnotes":""},"class_list":["post-5156","page","type-page","status-publish","has-post-thumbnail","hentry","has_thumb"],"aioseo_notices":[],"_links":{"self":[{"href":"https:\/\/kursy-udt.pl\/de\/wp-json\/wp\/v2\/pages\/5156","targetHints":{"allow":["GET"]}}],"collection":[{"href":"https:\/\/kursy-udt.pl\/de\/wp-json\/wp\/v2\/pages"}],"about":[{"href":"https:\/\/kursy-udt.pl\/de\/wp-json\/wp\/v2\/types\/page"}],"author":[{"embeddable":true,"href":"https:\/\/kursy-udt.pl\/de\/wp-json\/wp\/v2\/users\/6"}],"replies":[{"embeddable":true,"href":"https:\/\/kursy-udt.pl\/de\/wp-json\/wp\/v2\/comments?post=5156"}],"version-history":[{"count":7,"href":"https:\/\/kursy-udt.pl\/de\/wp-json\/wp\/v2\/pages\/5156\/revisions"}],"predecessor-version":[{"id":5624,"href":"https:\/\/kursy-udt.pl\/de\/wp-json\/wp\/v2\/pages\/5156\/revisions\/5624"}],"up":[{"embeddable":true,"href":"https:\/\/kursy-udt.pl\/de\/wp-json\/wp\/v2\/pages\/2721"}],"wp:featuredmedia":[{"embeddable":true,"href":"https:\/\/kursy-udt.pl\/de\/wp-json\/wp\/v2\/media\/5159"}],"wp:attachment":[{"href":"https:\/\/kursy-udt.pl\/de\/wp-json\/wp\/v2\/media?parent=5156"}],"curies":[{"name":"wp","href":"https:\/\/api.w.org\/{rel}","templated":true}]}}