{"id":5150,"date":"2023-03-21T11:57:36","date_gmt":"2023-03-21T10:57:36","guid":{"rendered":"https:\/\/kursy-udt.pl\/?page_id=5150"},"modified":"2023-03-21T13:29:15","modified_gmt":"2023-03-21T12:29:15","slug":"hds-kranwartungsschulung","status":"publish","type":"page","link":"https:\/\/kursy-udt.pl\/de\/szkolenia\/udt-wdt-tdt\/szkolenie-konserwatora-zurawia-hds\/","title":{"rendered":"Werden Sie ein HDS-Kranwart"},"content":{"rendered":"\n<h2 class=\"wp-block-heading\">Szkolenie na konserwatora \u017curawia HDS&nbsp;<\/h2>\n\n\n\n<p>Wszelkie prace zwi\u0105zane z obs\u0142ug\u0105 i konserwacj\u0105 HDS wymagaj\u0105 uprawnie\u0144 wydanych przez Urz\u0105d Dozoru Technicznego. Do prac operatora nale\u017cy przede wszystkim, praca w oparciu o zasady BHP, odpowiedzialno\u015b\u0107 oraz prawid\u0142owa eksploatacja \u017curawi HDS. Do prac konserwatorskich nale\u017cy przeprowadzanie przegl\u0105d\u00f3w wst\u0119pnych i okresowych, modernizacje urz\u0105dze\u0144 oraz wymiana pojedynczych element\u00f3w.&nbsp;<\/p>\n\n\n<div class=\"wp-block-image\">\n<figure class=\"alignright size-large is-resized\"><a href=\"https:\/\/kursy-udt.pl\/wp-content\/uploads\/2023\/03\/screen_2x-84.jpg\"><img loading=\"lazy\" decoding=\"async\" src=\"https:\/\/kursy-udt.pl\/wp-content\/uploads\/2023\/03\/screen_2x-84-1024x683.jpg\" alt=\"Hydrauliczny d\u017awig samochodowy\" class=\"wp-image-5152\" width=\"512\" height=\"342\" srcset=\"https:\/\/kursy-udt.pl\/wp-content\/uploads\/2023\/03\/screen_2x-84-1024x683.jpg 1024w, https:\/\/kursy-udt.pl\/wp-content\/uploads\/2023\/03\/screen_2x-84-300x200.jpg 300w, https:\/\/kursy-udt.pl\/wp-content\/uploads\/2023\/03\/screen_2x-84-768x512.jpg 768w, https:\/\/kursy-udt.pl\/wp-content\/uploads\/2023\/03\/screen_2x-84-1536x1024.jpg 1536w, https:\/\/kursy-udt.pl\/wp-content\/uploads\/2023\/03\/screen_2x-84-18x12.jpg 18w, https:\/\/kursy-udt.pl\/wp-content\/uploads\/2023\/03\/screen_2x-84-624x416.jpg 624w, https:\/\/kursy-udt.pl\/wp-content\/uploads\/2023\/03\/screen_2x-84.jpg 1600w\" sizes=\"auto, (max-width: 512px) 100vw, 512px\" \/><\/a><\/figure>\n<\/div>\n\n\n<h2 class=\"wp-block-heading\">Co oferujemy?&nbsp;<\/h2>\n\n\n\n<p>Jako do\u015bwiadczony o\u015brodek szkoleniowy zapewniamy Pa\u0144stwu:&nbsp;<\/p>\n\n\n\n<ul class=\"wp-block-list\">\n<li>profesjonalnych szkoleniowc\u00f3w, a zarazem do\u015bwiadczonych fachowc\u00f3w;&nbsp;<\/li>\n\n\n\n<li>pomoc w wype\u0142nieniu niezb\u0119dnej dokumentacji;&nbsp;&nbsp;<\/li>\n\n\n\n<li>przygotowanie do egzaminu UDT;&nbsp;<\/li>\n\n\n\n<li>szkolenia otwarte;&nbsp;<\/li>\n\n\n\n<li>szkolenia zamkni\u0119te (oferta dla firm i grup zorganizowanych);&nbsp;<\/li>\n\n\n\n<li>regularnie aktualizowane programy szkoleniowe zgodne z wymogami UDT;&nbsp;<\/li>\n\n\n\n<li>zaj\u0119cia teoretyczne;&nbsp;<\/li>\n\n\n\n<li>zaj\u0119cia praktyczne przy u\u017cyciu maszyn na specjalnie przygotowanych placach manewrowych.&nbsp;<\/li>\n<\/ul>\n\n\n\n<h2 class=\"wp-block-heading\">Program szkolenia&nbsp;<\/h2>\n\n\n\n<p>Szkolenie obejmuje przygotowanie teoretyczne oraz praktyczne. Ka\u017cdy uczestnik naszych kurs\u00f3w otrzymuje dost\u0119p do materia\u0142\u00f3w szkoleniowych, film\u00f3w instrukta\u017cowych i przyk\u0142adowych pyta\u0144 egzaminacyjnych.&nbsp;<\/p>\n\n\n\n<p>Specyfika pracy konserwatora \u017curawi przeno\u015bnych, a zatem program kursu obejmuje m.in.:&nbsp;<\/p>\n\n\n\n<ul class=\"wp-block-list\">\n<li>zakres dzia\u0142a\u0144 podczas dozoru technicznego;&nbsp;<\/li>\n\n\n\n<li>budow\u0119 urz\u0105dze\u0144;&nbsp;<\/li>\n\n\n\n<li>mechanizmy dzia\u0142ania urz\u0105dze\u0144 r\u00f3\u017cnych marek;&nbsp;<\/li>\n\n\n\n<li>obowi\u0105zki konserwatora HDS;&nbsp;<\/li>\n\n\n\n<li>zasady post\u0119powania podczas awarii HDS;&nbsp;<\/li>\n\n\n\n<li>BHP;&nbsp;<\/li>\n\n\n\n<li>zasady wype\u0142niania dokumentacji (dziennika konserwacji).&nbsp;<\/li>\n<\/ul>\n\n\n<div class=\"wp-block-image\">\n<figure class=\"alignleft size-large is-resized\"><a href=\"https:\/\/kursy-udt.pl\/wp-content\/uploads\/2023\/03\/screen_2x-83.jpg\"><img loading=\"lazy\" decoding=\"async\" src=\"https:\/\/kursy-udt.pl\/wp-content\/uploads\/2023\/03\/screen_2x-83-1024x683.jpg\" alt=\"Egzamin na operatora HDS\" class=\"wp-image-5153\" width=\"512\" height=\"342\" srcset=\"https:\/\/kursy-udt.pl\/wp-content\/uploads\/2023\/03\/screen_2x-83-1024x683.jpg 1024w, https:\/\/kursy-udt.pl\/wp-content\/uploads\/2023\/03\/screen_2x-83-300x200.jpg 300w, https:\/\/kursy-udt.pl\/wp-content\/uploads\/2023\/03\/screen_2x-83-768x512.jpg 768w, https:\/\/kursy-udt.pl\/wp-content\/uploads\/2023\/03\/screen_2x-83-1536x1024.jpg 1536w, https:\/\/kursy-udt.pl\/wp-content\/uploads\/2023\/03\/screen_2x-83-18x12.jpg 18w, https:\/\/kursy-udt.pl\/wp-content\/uploads\/2023\/03\/screen_2x-83-624x416.jpg 624w, https:\/\/kursy-udt.pl\/wp-content\/uploads\/2023\/03\/screen_2x-83.jpg 1600w\" sizes=\"auto, (max-width: 512px) 100vw, 512px\" \/><\/a><\/figure>\n<\/div>\n\n\n<p>Podobnie, jak w przypadku kurs\u00f3w na operatora HDS, szkolenie sk\u0142ada si\u0119 z teoretycznego i praktycznego przygotowania kursanta do egzaminu pa\u0144stwowego UDT.&nbsp;<\/p>\n\n\n\n<p>Zaj\u0119cia praktyczne odbywaj\u0105 si\u0119 na specjalnie wyposa\u017conym placu manewrowym. Pod okiem do\u015bwiadczonych szkoleniowc\u00f3w, kursanci ucz\u0105 si\u0119 pracy z urz\u0105dzeniem.&nbsp;<\/p>\n\n\n\n<p>Nasze szkolenia przygotowuj\u0105 do pracy na urz\u0105dzeniach najpopularniejszych producent\u00f3w, takich jak: Hiab, Palfinger, MKG, Fao Far czy Maamut.&nbsp;<\/p>\n\n\n\n<h2 class=\"wp-block-heading\">Gdzie szkolimy?<\/h2>\n\n\n\n<p>Oferujemy szkolenia otwarte i zamkni\u0119te w naszych plac\u00f3wkach. Nasza g\u0142\u00f3wna siedziba mie\u015bci si\u0119 w Warszawie, lecz mo\u017cna nas znale\u017a\u0107 na terenie ca\u0142ej Polski.&nbsp;<\/p>\n\n\n\n<h2 class=\"wp-block-heading\">Oferujemy dojazd do klienta!&nbsp;<\/h2>\n\n\n\n<p>Zapraszamy firmy i grupy zorganizowane na szkolenia zamkni\u0119te. W tym celu, prosimy o kontakt w sprawie terminu i miejsca, gdzie odb\u0119dzie si\u0119 szkolenie. D\u0142ugo\u015b\u0107 trwania kursu, r\u00f3wnie\u017c mo\u017ce by\u0107 dostosowana do preferencji klienta.&nbsp;<\/p>\n\n\n\n<p>Po do\u0142\u0105czeniu do szkolenia zajmujemy si\u0119 wszelk\u0105 dokumentacj\u0105 zwi\u0105zan\u0105 z zapisaniem uczestnika na egzamin pa\u0144stwowy UDT.&nbsp;<\/p>\n\n\n\n<h2 class=\"wp-block-heading\">Obowi\u0105zki konserwatora&nbsp;<\/h2>\n\n\n\n<ol class=\"wp-block-list\" start=\"1\">\n<li><strong>Przeprowadzanie regularnych przegl\u0105d\u00f3w technicznych<\/strong> \u2013 konserwator d\u017awigu musi regularnie przegl\u0105da\u0107 stan d\u017awigu i jego element\u00f3w, takich jak linie, hamulce, nap\u0119dy, sterowanie, uk\u0142ad hydrauliczny, elektryczny itp., aby upewni\u0107 si\u0119, \u017ce wszystko dzia\u0142a w pe\u0142ni poprawnie i zgodnie z normami bezpiecze\u0144stwa.&nbsp;<\/li>\n<\/ol>\n\n\n\n<ol class=\"wp-block-list\" start=\"2\">\n<li><strong>Naprawa i konserwacja d\u017awigu<\/strong> \u2013 konserwator d\u017awigu musi dokonywa\u0107 napraw i konserwacji d\u017awigu, kiedy jest to konieczne. Mo\u017ce to obejmowa\u0107 wymian\u0119 uszkodzonych element\u00f3w, smarowanie \u0142o\u017cysk i innych cz\u0119\u015bci, lub napraw\u0119 mechanicznych usterek.&nbsp;<\/li>\n<\/ol>\n\n\n\n<ol class=\"wp-block-list\" start=\"3\">\n<li><strong>Wymiana cz\u0119\u015bci i akcesori\u00f3w<\/strong> \u2013 konserwator d\u017awigu musi mie\u0107 wiedz\u0119 na temat cz\u0119\u015bci i akcesori\u00f3w, kt\u00f3re mog\u0105 by\u0107 wymieniane w d\u017awigu. Mo\u017ce to obejmowa\u0107 wymian\u0119 \u0142a\u0144cuch\u00f3w, blok\u00f3w, kabli, k\u00f3\u0142 z\u0119batych, itp.&nbsp;<\/li>\n<\/ol>\n\n\n\n<ol class=\"wp-block-list\" start=\"4\">\n<li><strong>Testowanie i sprawdzanie <\/strong>\u2013 konserwator d\u017awigu musi przeprowadza\u0107 testy i sprawdzanie, aby upewni\u0107 si\u0119, \u017ce d\u017awig dzia\u0142a zgodnie z normami bezpiecze\u0144stwa. Mog\u0105 to by\u0107 testy hamulc\u00f3w, testy obci\u0105\u017ceniowe, testy poziomowania itp.&nbsp;<\/li>\n<\/ol>\n\n\n<div class=\"wp-block-image\">\n<figure class=\"alignright size-large is-resized\"><a href=\"https:\/\/kursy-udt.pl\/wp-content\/uploads\/2023\/03\/s2-56.jpg\"><img loading=\"lazy\" decoding=\"async\" src=\"https:\/\/kursy-udt.pl\/wp-content\/uploads\/2023\/03\/s2-56-1024x684.jpg\" alt=\"Dziennik konserwacji HDS\" class=\"wp-image-5154\" width=\"512\" height=\"342\" srcset=\"https:\/\/kursy-udt.pl\/wp-content\/uploads\/2023\/03\/s2-56-1024x684.jpg 1024w, https:\/\/kursy-udt.pl\/wp-content\/uploads\/2023\/03\/s2-56-300x200.jpg 300w, https:\/\/kursy-udt.pl\/wp-content\/uploads\/2023\/03\/s2-56-768x513.jpg 768w, https:\/\/kursy-udt.pl\/wp-content\/uploads\/2023\/03\/s2-56-1536x1025.jpg 1536w, https:\/\/kursy-udt.pl\/wp-content\/uploads\/2023\/03\/s2-56-18x12.jpg 18w, https:\/\/kursy-udt.pl\/wp-content\/uploads\/2023\/03\/s2-56-624x417.jpg 624w, https:\/\/kursy-udt.pl\/wp-content\/uploads\/2023\/03\/s2-56.jpg 1600w\" sizes=\"auto, (max-width: 512px) 100vw, 512px\" \/><\/a><\/figure>\n<\/div>\n\n\n<ol class=\"wp-block-list\" start=\"5\">\n<li><strong>Analiza i ocena ryzyka<\/strong> \u2013 konserwator d\u017awigu musi ocenia\u0107 ryzyko zwi\u0105zane z u\u017cytkowaniem d\u017awigu i podejmowa\u0107 odpowiednie kroki, aby zminimalizowa\u0107 to ryzyko. Mo\u017ce to obejmowa\u0107 wskazanie i wyeliminowanie potencjalnych zagro\u017ce\u0144, takich jak uszkodzenia lin czy wyciek oleju.&nbsp;<\/li>\n<\/ol>\n\n\n\n<ol class=\"wp-block-list\" start=\"6\">\n<li><strong>Wsp\u00f3\u0142praca z innymi specjalistami<\/strong> \u2013 konserwator d\u017awigu musi wsp\u00f3\u0142pracowa\u0107 z innymi specjalistami, takimi jak in\u017cynierowie, technicy, projektanci, aby zapewni\u0107 bezpiecze\u0144stwo&nbsp;<\/li>\n<\/ol>\n\n\n\n<h2 class=\"wp-block-heading\">Rynek pracy&nbsp;<\/h2>\n\n\n\n<p>Zar\u00f3wno w Polsce, jak i za granic\u0105, ro\u015bnie zapotrzebowanie na operator\u00f3w i konserwator\u00f3w \u017curawi przeno\u015bnych (HDS). Wysokie zapotrzebowanie wi\u0105\u017ce si\u0119 z atrakcyjnym wynagrodzeniem.&nbsp;<\/p>\n\n\n\n<p>Po zdaniu egzaminu pa\u0144stwowego kursant otrzymuje kwalifikacje do pracy na terenie ca\u0142ego kraju oraz certyfikat w j\u0119zyku angielskim honorowany w wielu krajach UE.&nbsp;<\/p>\n\n\n\n<h2 class=\"wp-block-heading\">Pytania i odpowiedzi<\/h2>\n\n\n\t\t<details\t\thelp class=\"sc_fs_faq sc_card    \"\n\t\topen\t\t>\n\t\t\t\t\t<summary>\n\t\t\t\t<h3>Jak d\u0142ugo s\u0105 wa\u017cne uprawnienia UDT na operatora HDS?<\/h3>\t\t\t\t\t<\/summary>\n\t\t\t\t<div>\n\t\t\t\t\t\t<div class=\"sc_fs_faq__content\">\n\t\t\t\t\n\n<p>Uprawnienia UDT na operatora \u017curawi przeno\u015bnych wa\u017cne s\u0105 przez okres 10 lat. Uprawnienia obowi\u0105zuj\u0105 na terenie Polski jak i za granic\u0105.<\/p>\n\n\t\t\t<\/div>\n\t\t<\/div>\n\t\t<\/details>\n\t\t\t\t<details\t\thelp class=\"sc_fs_faq sc_card    \"\n\t\t\t\t>\n\t\t\t\t\t<summary>\n\t\t\t\t<h3>Jakie s\u0105 wymagania, aby wzi\u0105\u0107 udzia\u0142 w kursie na operatora HDS?<\/h3>\t\t\t\t\t<\/summary>\n\t\t\t\t<div>\n\t\t\t\t\t\t<div class=\"sc_fs_faq__content\">\n\t\t\t\t\n\n<p>Kursanci musz\u0105 dostarczy\u0107 za\u015bwiadczenie lekarskie, pozwalaj\u0105ce na wykonywanie pracy, mie\u0107 uko\u0144czone 18 lat oraz posiada\u0107 przynajmniej podstawowe wykszta\u0142cenie.&nbsp;<\/p>\n\n\t\t\t<\/div>\n\t\t<\/div>\n\t\t<\/details>\n\t\t\t\t<details\t\thelp class=\"sc_fs_faq sc_card    \"\n\t\t\t\t>\n\t\t\t\t\t<summary>\n\t\t\t\t<h3>Jakie zadania ma konserwator urz\u0105dze\u0144?<\/h3>\t\t\t\t\t<\/summary>\n\t\t\t\t<div>\n\t\t\t\t\t\t<div class=\"sc_fs_faq__content\">\n\t\t\t\t\n\n<p>Do obowi\u0105zk\u00f3w konserwatora urz\u0105dze\u0144 UDT zalicza si\u0119 m.in.: konserwacja i modernizacja urz\u0105dze\u0144, czyli wymiana cz\u0119\u015bci, zastosowanie nowszych technologii, wymiana p\u0142yn\u00f3w, uszczelek oraz prowadzenie specjalistycznej dokumentacji urz\u0105dze\u0144. Konserwator przeprowadza przegl\u0105dy wst\u0119pne i okresowe, upowa\u017cniony jest do decydowania o wprowadzeniu urz\u0105dzenia do eksploatacji lub do jego wycofania.<\/p>\n\n\t\t\t<\/div>\n\t\t<\/div>\n\t\t<\/details>\n\t\t\t\t<details\t\thelp class=\"sc_fs_faq sc_card    \"\n\t\t\t\t>\n\t\t\t\t\t<summary>\n\t\t\t\t<h3>Jakie obowi\u0105zki ma operator \u017curawia HDS?<\/h3>\t\t\t\t\t<\/summary>\n\t\t\t\t<div>\n\t\t\t\t\t\t<div class=\"sc_fs_faq__content\">\n\t\t\t\t\n\n<p>Operator \u017curawi samojezdnych ma obowi\u0105zki zar\u00f3wno przed, w trakcie, jak i po pracy. Nale\u017c\u0105 do nich: sprawdzenie dokumentacji i przygotowanie urz\u0105dzenia do pracy, zachowanie ostro\u017cno\u015bci i bezpieczne u\u017cytkowanie \u017curawia, sprawdzenie pod\u0142o\u017ca do pracy, monitorowanie \u0142adunku, zabezpieczenie urz\u0105dzenia i podp\u00f3r, z\u0142o\u017cenie HDS, umycia pojazdu po pracy oraz zaparkowaniu i zabezpieczeniu go przed osobami postronnymi.<\/p>\n\n\t\t\t<\/div>\n\t\t<\/div>\n\t\t<\/details>\n\t\t\n<script type=\"application\/ld+json\">\n\t{\n\t\t\"@context\": \"https:\/\/schema.org\",\n\t\t\"@type\": \"FAQPage\",\n\t\t\"mainEntity\": [\n\t\t\t\t\t{\n\t\t\t\t\"@type\": \"Question\",\n\t\t\t\t\"name\": \"Jak d\u0142ugo s\u0105 wa\u017cne uprawnienia UDT na operatora HDS?\",\n\t\t\t\t\"acceptedAnswer\": {\n\t\t\t\t\t\"@type\": \"Answer\",\n\t\t\t\t\t\"text\": \"<p>Uprawnienia UDT na operatora \u017curawi przeno\u015bnych wa\u017cne s\u0105 przez okres 10 lat. Uprawnienia obowi\u0105zuj\u0105 na terenie Polski jak i za granic\u0105.<\/p>\"\n\t\t\t\t\t\t\t\t\t}\n\t\t\t}\n\t\t\t,\t\t\t\t{\n\t\t\t\t\"@type\": \"Question\",\n\t\t\t\t\"name\": \"Jakie s\u0105 wymagania, aby wzi\u0105\u0107 udzia\u0142 w kursie na operatora HDS?\",\n\t\t\t\t\"acceptedAnswer\": {\n\t\t\t\t\t\"@type\": \"Answer\",\n\t\t\t\t\t\"text\": \"<p>Kursanci musz\u0105 dostarczy\u0107 za\u015bwiadczenie lekarskie, pozwalaj\u0105ce na wykonywanie pracy, mie\u0107 uko\u0144czone 18 lat oraz posiada\u0107 przynajmniej podstawowe wykszta\u0142cenie.&nbsp;<\/p>\"\n\t\t\t\t\t\t\t\t\t}\n\t\t\t}\n\t\t\t,\t\t\t\t{\n\t\t\t\t\"@type\": \"Question\",\n\t\t\t\t\"name\": \"Jakie zadania ma konserwator urz\u0105dze\u0144?\",\n\t\t\t\t\"acceptedAnswer\": {\n\t\t\t\t\t\"@type\": \"Answer\",\n\t\t\t\t\t\"text\": \"<p>Do obowi\u0105zk\u00f3w konserwatora urz\u0105dze\u0144 UDT zalicza si\u0119 m.in.: konserwacja i modernizacja urz\u0105dze\u0144, czyli wymiana cz\u0119\u015bci, zastosowanie nowszych technologii, wymiana p\u0142yn\u00f3w, uszczelek oraz prowadzenie specjalistycznej dokumentacji urz\u0105dze\u0144. Konserwator przeprowadza przegl\u0105dy wst\u0119pne i okresowe, upowa\u017cniony jest do decydowania o wprowadzeniu urz\u0105dzenia do eksploatacji lub do jego wycofania.<\/p>\"\n\t\t\t\t\t\t\t\t\t}\n\t\t\t}\n\t\t\t,\t\t\t\t{\n\t\t\t\t\"@type\": \"Question\",\n\t\t\t\t\"name\": \"Jakie obowi\u0105zki ma operator \u017curawia HDS?\",\n\t\t\t\t\"acceptedAnswer\": {\n\t\t\t\t\t\"@type\": \"Answer\",\n\t\t\t\t\t\"text\": \"<p>Operator \u017curawi samojezdnych ma obowi\u0105zki zar\u00f3wno przed, w trakcie, jak i po pracy. Nale\u017c\u0105 do nich: sprawdzenie dokumentacji i przygotowanie urz\u0105dzenia do pracy, zachowanie ostro\u017cno\u015bci i bezpieczne u\u017cytkowanie \u017curawia, sprawdzenie pod\u0142o\u017ca do pracy, monitorowanie \u0142adunku, zabezpieczenie urz\u0105dzenia i podp\u00f3r, z\u0142o\u017cenie HDS, umycia pojazdu po pracy oraz zaparkowaniu i zabezpieczeniu go przed osobami postronnymi.<\/p>\"\n\t\t\t\t\t\t\t\t\t}\n\t\t\t}\n\t\t\t\t\t\t]\n\t}\n<\/script>\n","protected":false},"excerpt":{"rendered":"<p>Szkolenie na konserwatora \u017curawia HDS&nbsp; Wszelkie prace zwi\u0105zane z obs\u0142ug\u0105 i konserwacj\u0105 HDS wymagaj\u0105 uprawnie\u0144 wydanych przez Urz\u0105d Dozoru Technicznego. Do prac operatora nale\u017cy przede wszystkim, praca w oparciu o zasady BHP, odpowiedzialno\u015b\u0107 oraz prawid\u0142owa eksploatacja \u017curawi HDS. Do prac konserwatorskich nale\u017cy przeprowadzanie przegl\u0105d\u00f3w wst\u0119pnych i okresowych, modernizacje urz\u0105dze\u0144 oraz wymiana pojedynczych element\u00f3w.&nbsp; Co oferujemy?&nbsp; Jako do\u015bwiadczony o\u015brodek szkoleniowy zapewniamy Pa\u0144stwu:&nbsp; Program szkolenia&nbsp; Szkolenie obejmuje przygotowanie teoretyczne oraz praktyczne. Ka\u017cdy uczestnik naszych kurs\u00f3w otrzymuje dost\u0119p do materia\u0142\u00f3w szkoleniowych, film\u00f3w instrukta\u017cowych i przyk\u0142adowych pyta\u0144 egzaminacyjnych.&nbsp; Specyfika pracy konserwatora \u017curawi przeno\u015bnych, a zatem program kursu obejmuje m.in.:&nbsp; Podobnie, jak w przypadku kurs\u00f3w na operatora HDS, szkolenie sk\u0142ada si\u0119 z teoretycznego i praktycznego przygotowania kursanta do egzaminu pa\u0144stwowego UDT.&nbsp; Zaj\u0119cia praktyczne odbywaj\u0105 si\u0119 na specjalnie wyposa\u017conym placu manewrowym. Pod okiem do\u015bwiadczonych szkoleniowc\u00f3w, kursanci ucz\u0105 si\u0119 pracy z urz\u0105dzeniem.&nbsp; Nasze szkolenia przygotowuj\u0105 do pracy na urz\u0105dzeniach najpopularniejszych producent\u00f3w, takich jak: Hiab, Palfinger, MKG, Fao Far czy Maamut.&nbsp; Gdzie szkolimy? Oferujemy szkolenia otwarte i zamkni\u0119te w naszych plac\u00f3wkach. Nasza g\u0142\u00f3wna siedziba mie\u015bci si\u0119 w Warszawie, lecz mo\u017cna nas znale\u017a\u0107 na terenie ca\u0142ej Polski.&nbsp; Oferujemy dojazd do klienta!&nbsp; Zapraszamy firmy i grupy zorganizowane na szkolenia zamkni\u0119te. W tym celu, prosimy o kontakt w sprawie terminu i miejsca, gdzie odb\u0119dzie si\u0119 szkolenie. D\u0142ugo\u015b\u0107 trwania kursu, r\u00f3wnie\u017c mo\u017ce by\u0107 dostosowana do preferencji klienta.&nbsp; Po do\u0142\u0105czeniu do szkolenia zajmujemy si\u0119 wszelk\u0105 dokumentacj\u0105 zwi\u0105zan\u0105 z zapisaniem uczestnika na egzamin pa\u0144stwowy UDT.&nbsp; Obowi\u0105zki konserwatora&nbsp; Rynek pracy&nbsp; Zar\u00f3wno w Polsce, jak i za granic\u0105, ro\u015bnie zapotrzebowanie na operator\u00f3w i konserwator\u00f3w \u017curawi przeno\u015bnych (HDS). Wysokie zapotrzebowanie wi\u0105\u017ce si\u0119 [&hellip;]<\/p>\n","protected":false},"author":6,"featured_media":5153,"parent":2721,"menu_order":0,"comment_status":"closed","ping_status":"closed","template":"","meta":{"sfsi_plus_gutenberg_text_before_share":"","sfsi_plus_gutenberg_show_text_before_share":"","sfsi_plus_gutenberg_icon_type":"","sfsi_plus_gutenberg_icon_alignemt":"","sfsi_plus_gutenburg_max_per_row":"","footnotes":""},"class_list":["post-5150","page","type-page","status-publish","has-post-thumbnail","hentry","has_thumb"],"aioseo_notices":[],"_links":{"self":[{"href":"https:\/\/kursy-udt.pl\/de\/wp-json\/wp\/v2\/pages\/5150","targetHints":{"allow":["GET"]}}],"collection":[{"href":"https:\/\/kursy-udt.pl\/de\/wp-json\/wp\/v2\/pages"}],"about":[{"href":"https:\/\/kursy-udt.pl\/de\/wp-json\/wp\/v2\/types\/page"}],"author":[{"embeddable":true,"href":"https:\/\/kursy-udt.pl\/de\/wp-json\/wp\/v2\/users\/6"}],"replies":[{"embeddable":true,"href":"https:\/\/kursy-udt.pl\/de\/wp-json\/wp\/v2\/comments?post=5150"}],"version-history":[{"count":3,"href":"https:\/\/kursy-udt.pl\/de\/wp-json\/wp\/v2\/pages\/5150\/revisions"}],"predecessor-version":[{"id":5249,"href":"https:\/\/kursy-udt.pl\/de\/wp-json\/wp\/v2\/pages\/5150\/revisions\/5249"}],"up":[{"embeddable":true,"href":"https:\/\/kursy-udt.pl\/de\/wp-json\/wp\/v2\/pages\/2721"}],"wp:featuredmedia":[{"embeddable":true,"href":"https:\/\/kursy-udt.pl\/de\/wp-json\/wp\/v2\/media\/5153"}],"wp:attachment":[{"href":"https:\/\/kursy-udt.pl\/de\/wp-json\/wp\/v2\/media?parent=5150"}],"curies":[{"name":"wp","href":"https:\/\/api.w.org\/{rel}","templated":true}]}}