{"id":5111,"date":"2023-03-20T15:37:57","date_gmt":"2023-03-20T14:37:57","guid":{"rendered":"https:\/\/kursy-udt.pl\/?page_id=5111"},"modified":"2023-03-20T23:18:22","modified_gmt":"2023-03-20T22:18:22","slug":"hds-kran-service","status":"publish","type":"page","link":"https:\/\/kursy-udt.pl\/de\/uslugi\/serwis\/serwis-zurawi-hds\/","title":{"rendered":"Wartung, Reparatur und Modernisierung von HDS-Kranen und anderen UDT-Maschinen"},"content":{"rendered":"\n<h2 class=\"wp-block-heading\">Kompleksowy serwis \u017curawi HDS&nbsp;<\/h2>\n\n\n<div class=\"wp-block-image\">\n<figure class=\"alignleft size-large is-resized\"><a href=\"https:\/\/kursy-udt.pl\/wp-content\/uploads\/2023\/03\/s2-50.jpg\"><img loading=\"lazy\" decoding=\"async\" src=\"https:\/\/kursy-udt.pl\/wp-content\/uploads\/2023\/03\/s2-50-1024x683.jpg\" alt=\"Hydrauliczny d\u017awig samochodowy transportuj\u0105cy kontenery\" class=\"wp-image-5112\" width=\"512\" height=\"342\" srcset=\"https:\/\/kursy-udt.pl\/wp-content\/uploads\/2023\/03\/s2-50-1024x683.jpg 1024w, https:\/\/kursy-udt.pl\/wp-content\/uploads\/2023\/03\/s2-50-300x200.jpg 300w, https:\/\/kursy-udt.pl\/wp-content\/uploads\/2023\/03\/s2-50-768x512.jpg 768w, https:\/\/kursy-udt.pl\/wp-content\/uploads\/2023\/03\/s2-50-1536x1024.jpg 1536w, https:\/\/kursy-udt.pl\/wp-content\/uploads\/2023\/03\/s2-50-18x12.jpg 18w, https:\/\/kursy-udt.pl\/wp-content\/uploads\/2023\/03\/s2-50-624x416.jpg 624w, https:\/\/kursy-udt.pl\/wp-content\/uploads\/2023\/03\/s2-50.jpg 1600w\" sizes=\"auto, (max-width: 512px) 100vw, 512px\" \/><\/a><\/figure>\n<\/div>\n\n\n<p>Oferujemy pe\u0142n\u0105 obs\u0142ug\u0119 serwisow\u0105 \u017curawi HDS obejmuj\u0105c\u0105 przede wszystkim: audyt, bie\u017c\u0105ce przegl\u0105dy, naprawy i remonty, konserwacj\u0119, a tak\u017ce modernizacj\u0119. Nasza kadra z\u0142o\u017cona jest ze specjalist\u00f3w posiadaj\u0105cych wieloletnie do\u015bwiadczenie i niezb\u0119dne uprawnienia UDT. Posiadamy dost\u0119p do cz\u0119\u015bci zamiennych, co skraca czas naprawy. Gwarantujemy profesjonalne doradztwo \u2013 zawsze staramy si\u0119 wskaza\u0107 jak najkorzystniejsze rozwi\u0105zanie, dostosowane do indywidualnych potrzeb klienta.&nbsp;<\/p>\n\n\n\n<h2 class=\"wp-block-heading\">Zakres naszych us\u0142ug <\/h2>\n\n\n\n<p>Oferujemy naszym klientom m.in.:&nbsp;&nbsp;<\/p>\n\n\n\n<ul class=\"wp-block-list\">\n<li>badania okresowe,&nbsp;<\/li>\n\n\n\n<li>naprawa uk\u0142adu hydraulicznego,&nbsp;<\/li>\n\n\n\n<li>usprawnienie uk\u0142adu antyprzeci\u0105\u017ceniowego,&nbsp;<\/li>\n\n\n\n<li>regeneracja cz\u0119\u015bci,&nbsp;<\/li>\n\n\n\n<li>drobne naprawy,&nbsp;<\/li>\n\n\n\n<li>wymiana zu\u017cytych cz\u0119\u015bci,&nbsp;<\/li>\n\n\n\n<li>remont kapitalny,&nbsp;<\/li>\n\n\n\n<li>niwelowanie luz\u00f3w i wyciek\u00f3w,&nbsp;<\/li>\n\n\n\n<li>doz\u00f3r techniczny zgodnie z wytycznymi UDT,&nbsp;<\/li>\n\n\n\n<li>bie\u017c\u0105cy przegl\u0105d,&nbsp;<\/li>\n\n\n\n<li>audyt,&nbsp;<\/li>\n\n\n\n<li>stworzenie i prowadzenie wymaganej dokumentacji.&nbsp;<\/li>\n<\/ul>\n\n\n\n<p>Opr\u00f3cz tego oferujemy napraw\u0119 hydraulicznych d\u017awig\u00f3w samochodowych.&nbsp;&nbsp;<\/p>\n\n\n\n<h2 class=\"wp-block-heading\">Cz\u0119\u015bci zamienne<\/h2>\n\n\n<div class=\"wp-block-image\">\n<figure class=\"alignright size-large is-resized\"><a href=\"https:\/\/kursy-udt.pl\/wp-content\/uploads\/2023\/03\/s2-49.jpg\"><img loading=\"lazy\" decoding=\"async\" src=\"https:\/\/kursy-udt.pl\/wp-content\/uploads\/2023\/03\/s2-49-1024x683.jpg\" alt=\"\u017buraw zamontowany na samochodzie\" class=\"wp-image-5113\" width=\"512\" height=\"342\" srcset=\"https:\/\/kursy-udt.pl\/wp-content\/uploads\/2023\/03\/s2-49-1024x683.jpg 1024w, https:\/\/kursy-udt.pl\/wp-content\/uploads\/2023\/03\/s2-49-300x200.jpg 300w, https:\/\/kursy-udt.pl\/wp-content\/uploads\/2023\/03\/s2-49-768x512.jpg 768w, https:\/\/kursy-udt.pl\/wp-content\/uploads\/2023\/03\/s2-49-1536x1024.jpg 1536w, https:\/\/kursy-udt.pl\/wp-content\/uploads\/2023\/03\/s2-49-18x12.jpg 18w, https:\/\/kursy-udt.pl\/wp-content\/uploads\/2023\/03\/s2-49-624x416.jpg 624w, https:\/\/kursy-udt.pl\/wp-content\/uploads\/2023\/03\/s2-49.jpg 1600w\" sizes=\"auto, (max-width: 512px) 100vw, 512px\" \/><\/a><\/figure>\n<\/div>\n\n\n<p>Do najcz\u0119\u015bciej wymiennych cz\u0119\u015bci nale\u017cy wymiana:<\/p>\n\n\n\n<ul class=\"wp-block-list\">\n<li>zamk\u00f3w,&nbsp;&nbsp;<\/li>\n\n\n\n<li>hak\u00f3w,&nbsp;&nbsp;<\/li>\n\n\n\n<li>rozdzielaczy,&nbsp;&nbsp;<\/li>\n\n\n\n<li>zawor\u00f3w,&nbsp;&nbsp;<\/li>\n\n\n\n<li>przetwornik\u00f3w,&nbsp;&nbsp;<\/li>\n\n\n\n<li>cewek,&nbsp;&nbsp;<\/li>\n\n\n\n<li>czujnik\u00f3w,&nbsp;&nbsp;<\/li>\n\n\n\n<li>rotator\u00f3w,&nbsp;<\/li>\n\n\n\n<li>pomp hydraulicznych.&nbsp;<\/li>\n<\/ul>\n\n\n\n<h2 class=\"wp-block-heading\">Serwis mobilny&nbsp;<\/h2>\n\n\n\n<p>W swojej ofercie posiadamy serwis mobilny, dzi\u0119ki temu dokonujemy napraw na terenie ca\u0142ej Polski. Serwis mobilny \u017curawi HDS oferuje szeroki zakres us\u0142ug, w tym diagnostyk\u0119, napraw\u0119 oraz przegl\u0105dy okresowe d\u017awig\u00f3w. Do wykonywania tych zada\u0144 niezb\u0119dne s\u0105 specjalistyczne narz\u0119dzia oraz wiedza z zakresu mechaniki, elektrotechniki i hydrauliki. Dzi\u0119ki temu serwisanci s\u0105 w stanie zdiagnozowa\u0107 i usun\u0105\u0107 usterki, wymieni\u0107 zu\u017cyte elementy czy dokona\u0107 regulacji, co pozwala na bezpieczn\u0105 i skuteczn\u0105 prac\u0119 d\u017awigu.&nbsp;<\/p>\n\n\n\n<p><strong>Rodzaje \u017curawi, kt\u00f3re serwisujemy<\/strong>&nbsp;<\/p>\n\n\n\n<ul class=\"wp-block-list\">\n<li>og\u00f3lnego zastosowania,&nbsp;<\/li>\n\n\n\n<li>przemys\u0142u drewnianego,&nbsp;<\/li>\n\n\n\n<li>prze\u0142adunkowe.&nbsp;<\/li>\n<\/ul>\n\n\n\n<p><strong>Marki, kt\u00f3rych \u017curawie serwisujemy to m.in.:<\/strong>&nbsp;<\/p>\n\n\n<div class=\"wp-block-image\">\n<figure class=\"alignright size-large is-resized\"><a href=\"https:\/\/kursy-udt.pl\/wp-content\/uploads\/2023\/03\/screen_2x-72.jpg\"><img loading=\"lazy\" decoding=\"async\" src=\"https:\/\/kursy-udt.pl\/wp-content\/uploads\/2023\/03\/screen_2x-72-1024x676.jpg\" alt=\"naprawa haka w \u017curawiu HDS\" class=\"wp-image-5114\" width=\"512\" height=\"338\" srcset=\"https:\/\/kursy-udt.pl\/wp-content\/uploads\/2023\/03\/screen_2x-72-1024x676.jpg 1024w, https:\/\/kursy-udt.pl\/wp-content\/uploads\/2023\/03\/screen_2x-72-300x198.jpg 300w, https:\/\/kursy-udt.pl\/wp-content\/uploads\/2023\/03\/screen_2x-72-768x507.jpg 768w, https:\/\/kursy-udt.pl\/wp-content\/uploads\/2023\/03\/screen_2x-72-1536x1015.jpg 1536w, https:\/\/kursy-udt.pl\/wp-content\/uploads\/2023\/03\/screen_2x-72-18x12.jpg 18w, https:\/\/kursy-udt.pl\/wp-content\/uploads\/2023\/03\/screen_2x-72-624x412.jpg 624w, https:\/\/kursy-udt.pl\/wp-content\/uploads\/2023\/03\/screen_2x-72.jpg 1600w\" sizes=\"auto, (max-width: 512px) 100vw, 512px\" \/><\/a><\/figure>\n<\/div>\n\n\n<ul class=\"wp-block-list\">\n<li>Bonfiglioli,&nbsp;<\/li>\n\n\n\n<li>Befard,&nbsp;<\/li>\n\n\n\n<li>Palfinger,&nbsp;<\/li>\n\n\n\n<li>MKG,&nbsp;<\/li>\n\n\n\n<li>HMF,&nbsp;<\/li>\n\n\n\n<li>Fassi,&nbsp;<\/li>\n\n\n\n<li>PM,&nbsp;<\/li>\n\n\n\n<li>Hiab,&nbsp;<\/li>\n\n\n\n<li>Effer.&nbsp;<\/li>\n<\/ul>\n\n\n\n<h2 class=\"wp-block-heading\">Nasze pozosta\u0142e us\u0142ugi&nbsp;<\/h2>\n\n\n\n<p>Nasza firma realizuje r\u00f3wnie\u017c szkolenia pozwalaj\u0105ce zdoby\u0107 wymagane przez UDT uprawnienia do podj\u0119cia pracy.&nbsp;<\/p>\n\n\n\n<p>Oferujemy tak\u017ce szkolenia na stanowiska pracownicze, tj.:&nbsp;<\/p>\n\n\n\n<ul class=\"wp-block-list\">\n<li>&nbsp;kursy na operatora UDT \u017curawi HDS,&nbsp;<\/li>\n\n\n\n<li>&nbsp;kurs na konserwatora UDT \u017curawi.&nbsp;<\/li>\n<\/ul>\n\n\n\n<p>W przypadku pyta\u0144 i w\u0105tpliwo\u015bci dotycz\u0105cych stanu Pa\u0144stwa maszyn lub szczeg\u00f3\u0142\u00f3w \u015bwiadczonych przez nas us\u0142ug \u2013 zach\u0119camy do kontaktu.&nbsp;&nbsp;<\/p>\n\n\n\n<h2 class=\"wp-block-heading\">Pytania i odpowiedzi<\/h2>\n\n\n\t\t<details\t\thelp class=\"sc_fs_faq sc_card    \"\n\t\topen\t\t>\n\t\t\t\t\t<summary>\n\t\t\t\t<h3>Jakie rodzaje \u017curawi serwisujemy? <\/h3>\t\t\t\t\t<\/summary>\n\t\t\t\t<div>\n\t\t\t\t\t\t<div class=\"sc_fs_faq__content\">\n\t\t\t\t\n\n<p>Wszystkie rodzaje \u017curawi typu HDS, w tym \u017curawie og\u00f3lnego przeznaczenia, le\u015bne i przeno\u015bne. Poza tym, nasze us\u0142ugi dotycz\u0105 \u017curawi wie\u017cowych, stacjonarnych, samojezdnych, szynowych, p\u0142ywaj\u0105cych oraz tych, umieszczonych na pojazdach kolejowych.&nbsp;<\/p>\n\n\t\t\t<\/div>\n\t\t<\/div>\n\t\t<\/details>\n\t\t\t\t<details\t\thelp class=\"sc_fs_faq sc_card    \"\n\t\t\t\t>\n\t\t\t\t\t<summary>\n\t\t\t\t<h3>Jakie cz\u0119\u015bci zamienne dostarczamy?<\/h3>\t\t\t\t\t<\/summary>\n\t\t\t\t<div>\n\t\t\t\t\t\t<div class=\"sc_fs_faq__content\">\n\t\t\t\t\n\n<p>Mamy dost\u0119p do r\u00f3\u017cnych cz\u0119\u015bci zamiennych m.in. czujnik\u00f3w, zamk\u00f3w, hak\u00f3w, zawor\u00f3w, przetwornik\u00f3w, cewek, rotator\u00f3w, rozdzielaczy czy pomp hydraulicznych.<\/p>\n\n\t\t\t<\/div>\n\t\t<\/div>\n\t\t<\/details>\n\t\t\t\t<details\t\thelp class=\"sc_fs_faq sc_card    \"\n\t\t\t\t>\n\t\t\t\t\t<summary>\n\t\t\t\t<h3>Jakie us\u0142ugi obejmuje serwis \u017curawi?<\/h3>\t\t\t\t\t<\/summary>\n\t\t\t\t<div>\n\t\t\t\t\t\t<div class=\"sc_fs_faq__content\">\n\t\t\t\t\n\n<p>Nasz serwis obejmuje m.in. badania okresowe, naprawy, regeneracje cz\u0119\u015bci, niwelacje luz\u00f3w i wyciek\u00f3w w \u017curawiach HDS, a tak\u017ce audyt i prowadzenie odpowiedniej dokumentacji stanu technicznego urz\u0105dzenia.&nbsp;<\/p>\n\n\t\t\t<\/div>\n\t\t<\/div>\n\t\t<\/details>\n\t\t\t\t<details\t\thelp class=\"sc_fs_faq sc_card    \"\n\t\t\t\t>\n\t\t\t\t\t<summary>\n\t\t\t\t<h3>Jakie szkolenia prowadzimy?<\/h3>\t\t\t\t\t<\/summary>\n\t\t\t\t<div>\n\t\t\t\t\t\t<div class=\"sc_fs_faq__content\">\n\t\t\t\t\n\n<p>W swojej ofercie posiadamy kursy na operatora oraz konserwatora r\u00f3\u017cnego rodzaju \u017curawi. Prowadzimy r\u00f3wnie\u017c szkolenia na pozosta\u0142e urz\u0105dzenia podlegaj\u0105ce pod UDT i TDT, tj. suwnice, w\u00f3zki wid\u0142owe, podesty ruchome czy zwy\u017cki.<\/p>\n\n\t\t\t<\/div>\n\t\t<\/div>\n\t\t<\/details>\n\t\t\n<script type=\"application\/ld+json\">\n\t{\n\t\t\"@context\": \"https:\/\/schema.org\",\n\t\t\"@type\": \"FAQPage\",\n\t\t\"mainEntity\": [\n\t\t\t\t\t{\n\t\t\t\t\"@type\": \"Question\",\n\t\t\t\t\"name\": \"Jakie rodzaje \u017curawi serwisujemy? \",\n\t\t\t\t\"acceptedAnswer\": {\n\t\t\t\t\t\"@type\": \"Answer\",\n\t\t\t\t\t\"text\": \"<p>Wszystkie rodzaje \u017curawi typu HDS, w tym \u017curawie og\u00f3lnego przeznaczenia, le\u015bne i przeno\u015bne. Poza tym, nasze us\u0142ugi dotycz\u0105 \u017curawi wie\u017cowych, stacjonarnych, samojezdnych, szynowych, p\u0142ywaj\u0105cych oraz tych, umieszczonych na pojazdach kolejowych.&nbsp;<\/p>\"\n\t\t\t\t\t\t\t\t\t}\n\t\t\t}\n\t\t\t,\t\t\t\t{\n\t\t\t\t\"@type\": \"Question\",\n\t\t\t\t\"name\": \"Jakie cz\u0119\u015bci zamienne dostarczamy?\",\n\t\t\t\t\"acceptedAnswer\": {\n\t\t\t\t\t\"@type\": \"Answer\",\n\t\t\t\t\t\"text\": \"<p>Mamy dost\u0119p do r\u00f3\u017cnych cz\u0119\u015bci zamiennych m.in. czujnik\u00f3w, zamk\u00f3w, hak\u00f3w, zawor\u00f3w, przetwornik\u00f3w, cewek, rotator\u00f3w, rozdzielaczy czy pomp hydraulicznych.<\/p>\"\n\t\t\t\t\t\t\t\t\t}\n\t\t\t}\n\t\t\t,\t\t\t\t{\n\t\t\t\t\"@type\": \"Question\",\n\t\t\t\t\"name\": \"Jakie us\u0142ugi obejmuje serwis \u017curawi?\",\n\t\t\t\t\"acceptedAnswer\": {\n\t\t\t\t\t\"@type\": \"Answer\",\n\t\t\t\t\t\"text\": \"<p>Nasz serwis obejmuje m.in. badania okresowe, naprawy, regeneracje cz\u0119\u015bci, niwelacje luz\u00f3w i wyciek\u00f3w w \u017curawiach HDS, a tak\u017ce audyt i prowadzenie odpowiedniej dokumentacji stanu technicznego urz\u0105dzenia.&nbsp;<\/p>\"\n\t\t\t\t\t\t\t\t\t}\n\t\t\t}\n\t\t\t,\t\t\t\t{\n\t\t\t\t\"@type\": \"Question\",\n\t\t\t\t\"name\": \"Jakie szkolenia prowadzimy?\",\n\t\t\t\t\"acceptedAnswer\": {\n\t\t\t\t\t\"@type\": \"Answer\",\n\t\t\t\t\t\"text\": \"<p>W swojej ofercie posiadamy kursy na operatora oraz konserwatora r\u00f3\u017cnego rodzaju \u017curawi. Prowadzimy r\u00f3wnie\u017c szkolenia na pozosta\u0142e urz\u0105dzenia podlegaj\u0105ce pod UDT i TDT, tj. suwnice, w\u00f3zki wid\u0142owe, podesty ruchome czy zwy\u017cki.<\/p>\"\n\t\t\t\t\t\t\t\t\t}\n\t\t\t}\n\t\t\t\t\t\t]\n\t}\n<\/script>\n","protected":false},"excerpt":{"rendered":"<p>Kompleksowy serwis \u017curawi HDS&nbsp; Oferujemy pe\u0142n\u0105 obs\u0142ug\u0119 serwisow\u0105 \u017curawi HDS obejmuj\u0105c\u0105 przede wszystkim: audyt, bie\u017c\u0105ce przegl\u0105dy, naprawy i remonty, konserwacj\u0119, a tak\u017ce modernizacj\u0119. Nasza kadra z\u0142o\u017cona jest ze specjalist\u00f3w posiadaj\u0105cych wieloletnie do\u015bwiadczenie i niezb\u0119dne uprawnienia UDT. Posiadamy dost\u0119p do cz\u0119\u015bci zamiennych, co skraca czas naprawy. Gwarantujemy profesjonalne doradztwo \u2013 zawsze staramy si\u0119 wskaza\u0107 jak najkorzystniejsze rozwi\u0105zanie, dostosowane do indywidualnych potrzeb klienta.&nbsp; Zakres naszych us\u0142ug Oferujemy naszym klientom m.in.:&nbsp;&nbsp; Opr\u00f3cz tego oferujemy napraw\u0119 hydraulicznych d\u017awig\u00f3w samochodowych.&nbsp;&nbsp; Cz\u0119\u015bci zamienne Do najcz\u0119\u015bciej wymiennych cz\u0119\u015bci nale\u017cy wymiana: Serwis mobilny&nbsp; W swojej ofercie posiadamy serwis mobilny, dzi\u0119ki temu dokonujemy napraw na terenie ca\u0142ej Polski. Serwis mobilny \u017curawi HDS oferuje szeroki zakres us\u0142ug, w tym diagnostyk\u0119, napraw\u0119 oraz przegl\u0105dy okresowe d\u017awig\u00f3w. Do wykonywania tych zada\u0144 niezb\u0119dne s\u0105 specjalistyczne narz\u0119dzia oraz wiedza z zakresu mechaniki, elektrotechniki i hydrauliki. Dzi\u0119ki temu serwisanci s\u0105 w stanie zdiagnozowa\u0107 i usun\u0105\u0107 usterki, wymieni\u0107 zu\u017cyte elementy czy dokona\u0107 regulacji, co pozwala na bezpieczn\u0105 i skuteczn\u0105 prac\u0119 d\u017awigu.&nbsp; Rodzaje \u017curawi, kt\u00f3re serwisujemy&nbsp; Marki, kt\u00f3rych \u017curawie serwisujemy to m.in.:&nbsp; Nasze pozosta\u0142e us\u0142ugi&nbsp; Nasza firma realizuje r\u00f3wnie\u017c szkolenia pozwalaj\u0105ce zdoby\u0107 wymagane przez UDT uprawnienia do podj\u0119cia pracy.&nbsp; Oferujemy tak\u017ce szkolenia na stanowiska pracownicze, tj.:&nbsp; W przypadku pyta\u0144 i w\u0105tpliwo\u015bci dotycz\u0105cych stanu Pa\u0144stwa maszyn lub szczeg\u00f3\u0142\u00f3w \u015bwiadczonych przez nas us\u0142ug \u2013 zach\u0119camy do kontaktu.&nbsp;&nbsp; Pytania i odpowiedzi<\/p>","protected":false},"author":6,"featured_media":5113,"parent":5573,"menu_order":0,"comment_status":"closed","ping_status":"closed","template":"","meta":{"sfsi_plus_gutenberg_text_before_share":"","sfsi_plus_gutenberg_show_text_before_share":"","sfsi_plus_gutenberg_icon_type":"","sfsi_plus_gutenberg_icon_alignemt":"","sfsi_plus_gutenburg_max_per_row":"","footnotes":""},"class_list":["post-5111","page","type-page","status-publish","has-post-thumbnail","hentry","has_thumb"],"aioseo_notices":[],"_links":{"self":[{"href":"https:\/\/kursy-udt.pl\/de\/wp-json\/wp\/v2\/pages\/5111","targetHints":{"allow":["GET"]}}],"collection":[{"href":"https:\/\/kursy-udt.pl\/de\/wp-json\/wp\/v2\/pages"}],"about":[{"href":"https:\/\/kursy-udt.pl\/de\/wp-json\/wp\/v2\/types\/page"}],"author":[{"embeddable":true,"href":"https:\/\/kursy-udt.pl\/de\/wp-json\/wp\/v2\/users\/6"}],"replies":[{"embeddable":true,"href":"https:\/\/kursy-udt.pl\/de\/wp-json\/wp\/v2\/comments?post=5111"}],"version-history":[{"count":3,"href":"https:\/\/kursy-udt.pl\/de\/wp-json\/wp\/v2\/pages\/5111\/revisions"}],"predecessor-version":[{"id":5498,"href":"https:\/\/kursy-udt.pl\/de\/wp-json\/wp\/v2\/pages\/5111\/revisions\/5498"}],"up":[{"embeddable":true,"href":"https:\/\/kursy-udt.pl\/de\/wp-json\/wp\/v2\/pages\/5573"}],"wp:featuredmedia":[{"embeddable":true,"href":"https:\/\/kursy-udt.pl\/de\/wp-json\/wp\/v2\/media\/5113"}],"wp:attachment":[{"href":"https:\/\/kursy-udt.pl\/de\/wp-json\/wp\/v2\/media?parent=5111"}],"curies":[{"name":"wp","href":"https:\/\/api.w.org\/{rel}","templated":true}]}}