{"id":5092,"date":"2023-03-20T15:42:39","date_gmt":"2023-03-20T14:42:39","guid":{"rendered":"https:\/\/kursy-udt.pl\/?page_id=5092"},"modified":"2023-03-20T23:17:00","modified_gmt":"2023-03-20T22:17:00","slug":"service-fur-mobile-plattformen","status":"publish","type":"page","link":"https:\/\/kursy-udt.pl\/de\/uslugi\/serwis\/serwis-podestow-ruchomych\/","title":{"rendered":"Umfassender Service f\u00fcr mobile Plattformen"},"content":{"rendered":"\n<h2 class=\"wp-block-heading\">Serwis i naprawa podno\u015bnik\u00f3w koszowych i no\u017cycowych&nbsp;<\/h2>\n\n\n\n<p><a href=\"https:\/\/kursy-udt.pl\/de\/o-firmie\/\">O\u015brodek Doskonalenia Kadr ERGON<\/a> posiada szeroki zakres us\u0142ug w dziedzinie naprawy i konserwacji. Kompleksowo zajmujemy si\u0119 serwisem nowych jak i u\u017cywanych podno\u015bnik\u00f3w koszowych i no\u017cycowych.&nbsp;&nbsp;<\/p>\n\n\n<div class=\"wp-block-image\">\n<figure class=\"alignright size-large is-resized\"><a href=\"https:\/\/kursy-udt.pl\/wp-content\/uploads\/2023\/03\/screen_2x-62.jpg\"><img loading=\"lazy\" decoding=\"async\" src=\"https:\/\/kursy-udt.pl\/wp-content\/uploads\/2023\/03\/screen_2x-62-1024x683.jpg\" alt=\"podest ruchomy podczas pracy\" class=\"wp-image-5094\" width=\"512\" height=\"342\" srcset=\"https:\/\/kursy-udt.pl\/wp-content\/uploads\/2023\/03\/screen_2x-62-1024x683.jpg 1024w, https:\/\/kursy-udt.pl\/wp-content\/uploads\/2023\/03\/screen_2x-62-300x200.jpg 300w, https:\/\/kursy-udt.pl\/wp-content\/uploads\/2023\/03\/screen_2x-62-768x512.jpg 768w, https:\/\/kursy-udt.pl\/wp-content\/uploads\/2023\/03\/screen_2x-62-1536x1024.jpg 1536w, https:\/\/kursy-udt.pl\/wp-content\/uploads\/2023\/03\/screen_2x-62-18x12.jpg 18w, https:\/\/kursy-udt.pl\/wp-content\/uploads\/2023\/03\/screen_2x-62-624x416.jpg 624w, https:\/\/kursy-udt.pl\/wp-content\/uploads\/2023\/03\/screen_2x-62.jpg 1600w\" sizes=\"auto, (max-width: 512px) 100vw, 512px\" \/><\/a><\/figure>\n<\/div>\n\n\n<h2 class=\"wp-block-heading\">Wykonywane us\u0142ugi w ramach serwisu&nbsp;<\/h2>\n\n\n\n<p>Nasi specjali\u015bci wst\u0119pnie wykonaj\u0105 audyt, dzi\u0119ki kt\u00f3rym zlokalizuj\u0105 problem awarii urz\u0105dzenia i go naprawi\u0105. Cz\u0119\u015bci zamienne s\u0105 wykonywane w oparciu o najlepsz\u0105 jako\u015b\u0107, co wyd\u0142u\u017cy czas pracy maszyny i jej \u017cywotno\u015b\u0107. Nasze prace wykonujemy na urz\u0105dzeniach nowych jak i u\u017cywanych od r\u00f3\u017cnych producent\u00f3w.&nbsp;<\/p>\n\n\n\n<h2 class=\"wp-block-heading\">Co oferujemy?&nbsp;<\/h2>\n\n\n\n<ul class=\"wp-block-list\">\n<li>program konserwacji dostosowany do wymaga\u0144 klienta&nbsp;<\/li>\n\n\n\n<li>serwis stacjonarny i mobilny&nbsp;<\/li>\n\n\n\n<li>serwis pogwarancyjny&nbsp;<\/li>\n\n\n\n<li>zapewniamy wszelkie przegl\u0105dy&nbsp;<\/li>\n\n\n\n<li>generalny remont urz\u0105dzenia&nbsp;<\/li>\n\n\n\n<li>dost\u0119p do wykwalifikowanych specjalist\u00f3w&nbsp;&nbsp;<\/li>\n\n\n\n<li>szkolenie z obs\u0142ugi podest\u00f3w ruchomych&nbsp;<\/li>\n\n\n\n<li>sprawdzenie urz\u0105dzenia przed zakupem&nbsp;<\/li>\n\n\n\n<li>wynajem podno\u015bnik\u00f3w no\u017cycowych<\/li>\n<\/ul>\n\n\n\n<h2 class=\"wp-block-heading\">Znani producenci<\/h2>\n\n\n\n<p>W ramach serwisu zajmiemy si\u0119 drobnymi naprawami jak i generalnymi remontami urz\u0105dze\u0144, naprawy wykonujemy na r\u00f3\u017cnych producent\u00f3w maszyn, takich jak:&nbsp;<\/p>\n\n\n<div class=\"wp-block-image\">\n<figure class=\"alignright size-large is-resized\"><a href=\"https:\/\/kursy-udt.pl\/wp-content\/uploads\/2023\/03\/screen_2x-64.jpg\"><img loading=\"lazy\" decoding=\"async\" src=\"https:\/\/kursy-udt.pl\/wp-content\/uploads\/2023\/03\/screen_2x-64-1024x683.jpg\" alt=\"podno\u015bnik podczas pracy\" class=\"wp-image-5096\" width=\"512\" height=\"342\" srcset=\"https:\/\/kursy-udt.pl\/wp-content\/uploads\/2023\/03\/screen_2x-64-1024x683.jpg 1024w, https:\/\/kursy-udt.pl\/wp-content\/uploads\/2023\/03\/screen_2x-64-300x200.jpg 300w, https:\/\/kursy-udt.pl\/wp-content\/uploads\/2023\/03\/screen_2x-64-768x512.jpg 768w, https:\/\/kursy-udt.pl\/wp-content\/uploads\/2023\/03\/screen_2x-64-1536x1024.jpg 1536w, https:\/\/kursy-udt.pl\/wp-content\/uploads\/2023\/03\/screen_2x-64-18x12.jpg 18w, https:\/\/kursy-udt.pl\/wp-content\/uploads\/2023\/03\/screen_2x-64-624x416.jpg 624w, https:\/\/kursy-udt.pl\/wp-content\/uploads\/2023\/03\/screen_2x-64.jpg 1600w\" sizes=\"auto, (max-width: 512px) 100vw, 512px\" \/><\/a><\/figure>\n<\/div>\n\n\n<ul class=\"wp-block-list\">\n<li>Topper&nbsp;<\/li>\n\n\n\n<li>Bocker&nbsp;<\/li>\n\n\n\n<li>Alp-Lift&nbsp;<\/li>\n\n\n\n<li>Steinweg&nbsp;<\/li>\n\n\n\n<li>Bronto&nbsp;<\/li>\n\n\n\n<li>Bizzocchi&nbsp;<\/li>\n\n\n\n<li>Dino Lift&nbsp;<\/li>\n\n\n\n<li>Genie&nbsp;<\/li>\n\n\n\n<li>Niftylift&nbsp;<\/li>\n\n\n\n<li>Bison&nbsp;<\/li>\n\n\n\n<li>Haulotte&nbsp;<\/li>\n\n\n\n<li>Manitou<\/li>\n<\/ul>\n\n\n\n<h2 class=\"wp-block-heading\">Serwis mobilny podest\u00f3w ruchomych&nbsp;<\/h2>\n\n\n\n<p>Posiadamy wyspecjalizowane pojazdy naprawcze, dzi\u0119ki kt\u00f3rym przeprowadzamy serwisy na terenie ca\u0142ej Polski. Jeste\u015bmy \u015bwiadomi, \u017ce transport podest\u00f3w ruchomych do naszego warsztatu mo\u017ce wyd\u0142u\u017cy\u0107 prac\u0119 i obci\u0105\u017cy\u0107 pracodawc\u0119 dodatkowymi kosztami. Dzi\u0119ki naszym mobilnym serwisantom, naprawa mo\u017ce by\u0107 wykonana pod wybranym adresem, co zdecydowanie skr\u00f3ci czas postoju maszyny.&nbsp;&nbsp;<\/p>\n\n\n\n<p>Oferujemy tak\u017ce szkolenia z u\u017cytkowania podest\u00f3w ruchomych i innych maszyn podlegaj\u0105cych pod UDT.&nbsp;<\/p>\n\n\n\n<h2 class=\"wp-block-heading\">Specjali\u015bci&nbsp;<\/h2>\n\n\n<div class=\"wp-block-image\">\n<figure class=\"alignleft size-large is-resized\"><a href=\"https:\/\/kursy-udt.pl\/wp-content\/uploads\/2023\/03\/screen_2x-61.jpg\"><img loading=\"lazy\" decoding=\"async\" src=\"https:\/\/kursy-udt.pl\/wp-content\/uploads\/2023\/03\/screen_2x-61-1024x683.jpg\" alt=\"mechanik maszyn ci\u0119\u017ckich\" class=\"wp-image-5095\" width=\"512\" height=\"342\" srcset=\"https:\/\/kursy-udt.pl\/wp-content\/uploads\/2023\/03\/screen_2x-61-1024x683.jpg 1024w, https:\/\/kursy-udt.pl\/wp-content\/uploads\/2023\/03\/screen_2x-61-300x200.jpg 300w, https:\/\/kursy-udt.pl\/wp-content\/uploads\/2023\/03\/screen_2x-61-768x512.jpg 768w, https:\/\/kursy-udt.pl\/wp-content\/uploads\/2023\/03\/screen_2x-61-1536x1024.jpg 1536w, https:\/\/kursy-udt.pl\/wp-content\/uploads\/2023\/03\/screen_2x-61-18x12.jpg 18w, https:\/\/kursy-udt.pl\/wp-content\/uploads\/2023\/03\/screen_2x-61-624x416.jpg 624w, https:\/\/kursy-udt.pl\/wp-content\/uploads\/2023\/03\/screen_2x-61.jpg 1600w\" sizes=\"auto, (max-width: 512px) 100vw, 512px\" \/><\/a><\/figure>\n<\/div>\n\n\n<p>O\u015brodek Doskonalenia Kadr ERGON zatrudnia do\u015bwiadczonych fachowc\u00f3w w ka\u017cdej dziedzinie naprawy i konserwacji. Kadra specjalist\u00f3w stale podnosi swoje umiej\u0119tno\u015bci z zakresu wszelkich prac naprawczych i konserwacyjnych wed\u0142ug wymaga\u0144 Urz\u0119du Dozoru Technicznego. Serwisanci nie maj\u0105 problemu z rozpoznaniem awarii i z przeprowadzeniem diagnostyki maszyn, do tego znaj\u0105 si\u0119 na urz\u0105dzeniach od r\u00f3\u017cnych producent\u00f3w. Dzi\u0119ki corocznym szkoleniom, poziom umiej\u0119tno\u015bci naszej kadry jest na najwy\u017cszym poziomie.&nbsp;<\/p>\n\n\n\n<h2 class=\"wp-block-heading\">Serwis urz\u0105dze\u0144 UDT<\/h2>\n\n\n\n<p>W swojej ofercie zajmujemy si\u0119 tak\u017ce serwisem innych urz\u0105dze\u0144 podlegaj\u0105cych pod Urz\u0105d Dozoru Technicznego, s\u0105 to m.in.:&nbsp;<\/p>\n\n\n\n<ul class=\"wp-block-list\">\n<li>suwnice&nbsp;<\/li>\n\n\n\n<li>\u0142adowarki teleskopowe&nbsp;<\/li>\n\n\n\n<li><a href=\"https:\/\/kursy-udt.pl\/de\/szkolenia\/udt-wdt-tdt\/zurawie-hds\/\">\u017curawie HDS<\/a>&nbsp;&nbsp;&nbsp;<\/li>\n\n\n\n<li>w\u00f3zki wid\u0142owe<\/li>\n<\/ul>\n\n\n\n<p>Posiadamy niezb\u0119dna wiedz\u0119 i narz\u0119dzie do przeprowadzanie wszelkich prac naprawczych.&nbsp;&nbsp;<\/p>\n\n\n\n<p>Zapraszamy na wst\u0119pn\u0105 diagnostyk\u0119 by oceni\u0107 koszty naprawy.&nbsp;<\/p>\n\n\n\n<h2 class=\"wp-block-heading\">Pytania i odpowiedzi<\/h2>\n\n\n\t\t<details\t\thelp class=\"sc_fs_faq sc_card    \"\n\t\topen\t\t>\n\t\t\t\t\t<summary>\n\t\t\t\t<h3>Czy pomagacie w sprawdzeniu urz\u0105dzenia przed zakupem?<\/h3>\t\t\t\t\t<\/summary>\n\t\t\t\t<div>\n\t\t\t\t\t\t<div class=\"sc_fs_faq__content\">\n\t\t\t\t\n\n<p>Tak, nasi specjali\u015bci przeprowadz\u0105 pe\u0142na diagnostyk\u0119 i sprawdz\u0105 wybrane urz\u0105dzenie.<\/p>\n\n\t\t\t<\/div>\n\t\t<\/div>\n\t\t<\/details>\n\t\t\t\t<details\t\thelp class=\"sc_fs_faq sc_card    \"\n\t\t\t\t>\n\t\t\t\t\t<summary>\n\t\t\t\t<h3>Czy oferuj\u0105 Pa\u0144stwo serwis pogwarancyjny?<\/h3>\t\t\t\t\t<\/summary>\n\t\t\t\t<div>\n\t\t\t\t\t\t<div class=\"sc_fs_faq__content\">\n\t\t\t\t\n\n<p>Tak, w swojej ofercie kompleksowo zajmiemy si\u0119 serwisem pogwarancyjnym.<\/p>\n\n\t\t\t<\/div>\n\t\t<\/div>\n\t\t<\/details>\n\t\t\n<script type=\"application\/ld+json\">\n\t{\n\t\t\"@context\": \"https:\/\/schema.org\",\n\t\t\"@type\": \"FAQPage\",\n\t\t\"mainEntity\": [\n\t\t\t\t\t{\n\t\t\t\t\"@type\": \"Question\",\n\t\t\t\t\"name\": \"Czy pomagacie w sprawdzeniu urz\u0105dzenia przed zakupem?\",\n\t\t\t\t\"acceptedAnswer\": {\n\t\t\t\t\t\"@type\": \"Answer\",\n\t\t\t\t\t\"text\": \"<p>Tak, nasi specjali\u015bci przeprowadz\u0105 pe\u0142na diagnostyk\u0119 i sprawdz\u0105 wybrane urz\u0105dzenie.<\/p>\"\n\t\t\t\t\t\t\t\t\t}\n\t\t\t}\n\t\t\t,\t\t\t\t{\n\t\t\t\t\"@type\": \"Question\",\n\t\t\t\t\"name\": \"Czy oferuj\u0105 Pa\u0144stwo serwis pogwarancyjny?\",\n\t\t\t\t\"acceptedAnswer\": {\n\t\t\t\t\t\"@type\": \"Answer\",\n\t\t\t\t\t\"text\": \"<p>Tak, w swojej ofercie kompleksowo zajmiemy si\u0119 serwisem pogwarancyjnym.<\/p>\"\n\t\t\t\t\t\t\t\t\t}\n\t\t\t}\n\t\t\t\t\t\t]\n\t}\n<\/script>\n","protected":false},"excerpt":{"rendered":"<p>Serwis i naprawa podno\u015bnik\u00f3w koszowych i no\u017cycowych&nbsp; O\u015brodek Doskonalenia Kadr ERGON posiada szeroki zakres us\u0142ug w dziedzinie naprawy i konserwacji. Kompleksowo zajmujemy si\u0119 serwisem nowych jak i u\u017cywanych podno\u015bnik\u00f3w koszowych i no\u017cycowych.&nbsp;&nbsp; Wykonywane us\u0142ugi w ramach serwisu&nbsp; Nasi specjali\u015bci wst\u0119pnie wykonaj\u0105 audyt, dzi\u0119ki kt\u00f3rym zlokalizuj\u0105 problem awarii urz\u0105dzenia i go naprawi\u0105. Cz\u0119\u015bci zamienne s\u0105 wykonywane w oparciu o najlepsz\u0105 jako\u015b\u0107, co wyd\u0142u\u017cy czas pracy maszyny i jej \u017cywotno\u015b\u0107. Nasze prace wykonujemy na urz\u0105dzeniach nowych jak i u\u017cywanych od r\u00f3\u017cnych producent\u00f3w.&nbsp; Co oferujemy?&nbsp; Znani producenci W ramach serwisu zajmiemy si\u0119 drobnymi naprawami jak i generalnymi remontami urz\u0105dze\u0144, naprawy wykonujemy na r\u00f3\u017cnych producent\u00f3w maszyn, takich jak:&nbsp; Serwis mobilny podest\u00f3w ruchomych&nbsp; Posiadamy wyspecjalizowane pojazdy naprawcze, dzi\u0119ki kt\u00f3rym przeprowadzamy serwisy na terenie ca\u0142ej Polski. Jeste\u015bmy \u015bwiadomi, \u017ce transport podest\u00f3w ruchomych do naszego warsztatu mo\u017ce wyd\u0142u\u017cy\u0107 prac\u0119 i obci\u0105\u017cy\u0107 pracodawc\u0119 dodatkowymi kosztami. Dzi\u0119ki naszym mobilnym serwisantom, naprawa mo\u017ce by\u0107 wykonana pod wybranym adresem, co zdecydowanie skr\u00f3ci czas postoju maszyny.&nbsp;&nbsp; Oferujemy tak\u017ce szkolenia z u\u017cytkowania podest\u00f3w ruchomych i innych maszyn podlegaj\u0105cych pod UDT.&nbsp; Specjali\u015bci&nbsp; O\u015brodek Doskonalenia Kadr ERGON zatrudnia do\u015bwiadczonych fachowc\u00f3w w ka\u017cdej dziedzinie naprawy i konserwacji. Kadra specjalist\u00f3w stale podnosi swoje umiej\u0119tno\u015bci z zakresu wszelkich prac naprawczych i konserwacyjnych wed\u0142ug wymaga\u0144 Urz\u0119du Dozoru Technicznego. Serwisanci nie maj\u0105 problemu z rozpoznaniem awarii i z przeprowadzeniem diagnostyki maszyn, do tego znaj\u0105 si\u0119 na urz\u0105dzeniach od r\u00f3\u017cnych producent\u00f3w. Dzi\u0119ki corocznym szkoleniom, poziom umiej\u0119tno\u015bci naszej kadry jest na najwy\u017cszym poziomie.&nbsp; Serwis urz\u0105dze\u0144 UDT W swojej ofercie zajmujemy si\u0119 tak\u017ce serwisem innych urz\u0105dze\u0144 podlegaj\u0105cych pod Urz\u0105d Dozoru Technicznego, s\u0105 to m.in.:&nbsp; Posiadamy niezb\u0119dna wiedz\u0119 i [&hellip;]<\/p>\n","protected":false},"author":6,"featured_media":5095,"parent":5573,"menu_order":0,"comment_status":"closed","ping_status":"closed","template":"","meta":{"sfsi_plus_gutenberg_text_before_share":"","sfsi_plus_gutenberg_show_text_before_share":"","sfsi_plus_gutenberg_icon_type":"","sfsi_plus_gutenberg_icon_alignemt":"","sfsi_plus_gutenburg_max_per_row":"","footnotes":""},"class_list":["post-5092","page","type-page","status-publish","has-post-thumbnail","hentry","has_thumb"],"aioseo_notices":[],"_links":{"self":[{"href":"https:\/\/kursy-udt.pl\/de\/wp-json\/wp\/v2\/pages\/5092","targetHints":{"allow":["GET"]}}],"collection":[{"href":"https:\/\/kursy-udt.pl\/de\/wp-json\/wp\/v2\/pages"}],"about":[{"href":"https:\/\/kursy-udt.pl\/de\/wp-json\/wp\/v2\/types\/page"}],"author":[{"embeddable":true,"href":"https:\/\/kursy-udt.pl\/de\/wp-json\/wp\/v2\/users\/6"}],"replies":[{"embeddable":true,"href":"https:\/\/kursy-udt.pl\/de\/wp-json\/wp\/v2\/comments?post=5092"}],"version-history":[{"count":4,"href":"https:\/\/kursy-udt.pl\/de\/wp-json\/wp\/v2\/pages\/5092\/revisions"}],"predecessor-version":[{"id":5578,"href":"https:\/\/kursy-udt.pl\/de\/wp-json\/wp\/v2\/pages\/5092\/revisions\/5578"}],"up":[{"embeddable":true,"href":"https:\/\/kursy-udt.pl\/de\/wp-json\/wp\/v2\/pages\/5573"}],"wp:featuredmedia":[{"embeddable":true,"href":"https:\/\/kursy-udt.pl\/de\/wp-json\/wp\/v2\/media\/5095"}],"wp:attachment":[{"href":"https:\/\/kursy-udt.pl\/de\/wp-json\/wp\/v2\/media?parent=5092"}],"curies":[{"name":"wp","href":"https:\/\/api.w.org\/{rel}","templated":true}]}}