{"id":5046,"date":"2023-03-20T15:03:41","date_gmt":"2023-03-20T14:03:41","guid":{"rendered":"https:\/\/kursy-udt.pl\/?page_id=5046"},"modified":"2023-03-20T22:17:37","modified_gmt":"2023-03-20T21:17:37","slug":"instandhalter-von-winden-und-hebezeugen","status":"publish","type":"page","link":"https:\/\/kursy-udt.pl\/de\/szkolenia\/udt-wdt-tdt\/konserwator-wciagarki-i-wciagniki\/","title":{"rendered":"WINDEN UND HEBEZEUGE, UDT-WARTUNGSKURS"},"content":{"rendered":"\n<h2 class=\"wp-block-heading\">Zosta\u0144 konserwatorem wci\u0105gnik\u00f3w i wci\u0105garek&nbsp;<\/h2>\n\n\n<div class=\"wp-block-image\">\n<figure class=\"alignleft size-large is-resized\"><a href=\"https:\/\/kursy-udt.pl\/wp-content\/uploads\/2023\/03\/s2-29.jpg\"><img loading=\"lazy\" decoding=\"async\" src=\"https:\/\/kursy-udt.pl\/wp-content\/uploads\/2023\/03\/s2-29-1024x683.jpg\" alt=\"wci\u0105gnik og\u00f3lnego przeznaczenia\" class=\"wp-image-5048\" width=\"512\" height=\"342\" srcset=\"https:\/\/kursy-udt.pl\/wp-content\/uploads\/2023\/03\/s2-29-1024x683.jpg 1024w, https:\/\/kursy-udt.pl\/wp-content\/uploads\/2023\/03\/s2-29-300x200.jpg 300w, https:\/\/kursy-udt.pl\/wp-content\/uploads\/2023\/03\/s2-29-768x512.jpg 768w, https:\/\/kursy-udt.pl\/wp-content\/uploads\/2023\/03\/s2-29-1536x1024.jpg 1536w, https:\/\/kursy-udt.pl\/wp-content\/uploads\/2023\/03\/s2-29-18x12.jpg 18w, https:\/\/kursy-udt.pl\/wp-content\/uploads\/2023\/03\/s2-29-624x416.jpg 624w, https:\/\/kursy-udt.pl\/wp-content\/uploads\/2023\/03\/s2-29.jpg 1600w\" sizes=\"auto, (max-width: 512px) 100vw, 512px\" \/><\/a><\/figure>\n<\/div>\n\n\n<p>W O\u015brodku Doskonalenia Kadr ERGON prowadzimy profesjonalne kursy dla konserwator\u00f3w urz\u0105dze\u0144 UDT. Kurs na wci\u0105garki i wci\u0105gniki odbywa si\u0119 pod okiem wysoko wykwalifikowanych specjalist\u00f3w. Kursy prowadzimy zgodnie z wymaganiami egzaminacyjnymi Urz\u0119du Dozoru Technicznego. &nbsp;<\/p>\n\n\n\n<h2 class=\"wp-block-heading\">Jak wygl\u0105da szkolenie?&nbsp;<\/h2>\n\n\n\n<p>Nasze szkolenia prowadzi przeszkolona kadra profesjonalist\u00f3w. Program kursu z\u0142o\u017cony jest z dw\u00f3ch cz\u0119\u015bci: teoretycznej oraz praktycznej. Zaj\u0119cia prowadzone s\u0105 pod k\u0105tem przygotowania do egzaminu pa\u0144stwowego, zgodnie z aktualnymi wymaganiami.&nbsp;<\/p>\n\n\n\n<h2 class=\"wp-block-heading\">Wymagania&nbsp;<\/h2>\n\n\n\n<p>Osoba zainteresowana przyst\u0105pieniem do kursu musi:&nbsp;<\/p>\n\n\n\n<ul class=\"wp-block-list\">\n<li>mie\u0107 sko\u0144czone 18 lat,&nbsp;<\/li>\n\n\n\n<li>nie mie\u0107 przeciwskaza\u0144 zdrowotnych, co po\u015bwiadczy odpowiednie za\u015bwiadczenie lekarskie,&nbsp;<\/li>\n\n\n\n<li>posiada\u0107 co najmniej wykszta\u0142cenie podstawowe.&nbsp;<\/li>\n<\/ul>\n\n\n\n<h2 class=\"wp-block-heading\">Przebieg kursu&nbsp;<\/h2>\n\n\n\n<p>W czasie zaj\u0119\u0107, kursanci nab\u0119d\u0105 wiedz\u0119 m.in. z zakresu:&nbsp;<\/p>\n\n\n\n<ul class=\"wp-block-list\">\n<li>dozoru technicznego,&nbsp;<\/li>\n\n\n\n<li>konstrukcji i dzia\u0142ania urz\u0105dze\u0144,&nbsp;<\/li>\n\n\n\n<li>zasad dzia\u0142ania system\u00f3w sterowania,&nbsp;<\/li>\n\n\n\n<li>poprawnej eksploatacji wci\u0105gnik\u00f3w i wci\u0105garek,&nbsp;<\/li>\n\n\n\n<li>przeprowadzania przegl\u0105d\u00f3w,&nbsp;<\/li>\n\n\n\n<li>bezpiecze\u0144stwa podczas pracy z wci\u0105garkami i wci\u0105gnikami,&nbsp;<\/li>\n\n\n\n<li>planowania i organizowania prac konserwacyjnych,&nbsp;<\/li>\n\n\n\n<li>umiej\u0119tno\u015bci serwisowych.&nbsp;<\/li>\n<\/ul>\n\n\n\n<h2 class=\"wp-block-heading\">Egzamin ko\u0144cowy&nbsp;<\/h2>\n\n\n<div class=\"wp-block-image\">\n<figure class=\"alignright size-large is-resized\"><a href=\"https:\/\/kursy-udt.pl\/wp-content\/uploads\/2023\/03\/screen_2x-59.jpg\"><img loading=\"lazy\" decoding=\"async\" src=\"https:\/\/kursy-udt.pl\/wp-content\/uploads\/2023\/03\/screen_2x-59-1024x659.jpg\" alt=\"konserwator naprawia wci\u0105gnik\" class=\"wp-image-5049\" width=\"512\" height=\"330\" srcset=\"https:\/\/kursy-udt.pl\/wp-content\/uploads\/2023\/03\/screen_2x-59-1024x659.jpg 1024w, https:\/\/kursy-udt.pl\/wp-content\/uploads\/2023\/03\/screen_2x-59-300x193.jpg 300w, https:\/\/kursy-udt.pl\/wp-content\/uploads\/2023\/03\/screen_2x-59-768x494.jpg 768w, https:\/\/kursy-udt.pl\/wp-content\/uploads\/2023\/03\/screen_2x-59-1536x989.jpg 1536w, https:\/\/kursy-udt.pl\/wp-content\/uploads\/2023\/03\/screen_2x-59-18x12.jpg 18w, https:\/\/kursy-udt.pl\/wp-content\/uploads\/2023\/03\/screen_2x-59-624x402.jpg 624w, https:\/\/kursy-udt.pl\/wp-content\/uploads\/2023\/03\/screen_2x-59.jpg 1600w\" sizes=\"auto, (max-width: 512px) 100vw, 512px\" \/><\/a><\/figure>\n<\/div>\n\n\n<p>Po zako\u0144czeniu kursu, aby otrzyma\u0107 prawo do wykonywania zawodu konserwatora wci\u0105gnik\u00f3w i wci\u0105garek og\u00f3lnego lub specjalnego przeznaczenia, trzeba przyst\u0105pi\u0107 do egzaminu pa\u0144stwowego, kt\u00f3ry odbywa\u0107 si\u0119 b\u0119dzie przed komisj\u0105 Urz\u0119du Dozoru Technicznego. Podobnie jak szkolenie, egzamin b\u0119dzie przebiega\u0142 w dw\u00f3ch osobnych cz\u0119\u015bciach: teoretycznej i praktycznej. Po pozytywnym zako\u0144czeniu egzaminu absolwent szkolenia otrzyma uprawnienia konserwatora wci\u0105gnik\u00f3w i wci\u0105garek pod postaci\u0105 w\u0142a\u015bciwego dokumentu wydanego przez UDT. Licencja ta pozwala na prac\u0119 przy wci\u0105garkach i wci\u0105gnikach w Polsce oraz krajach UE. &nbsp;<\/p>\n\n\n\n<h2 class=\"wp-block-heading\">Zaw\u00f3d operatora wci\u0105gnik\u00f3w i wci\u0105garek&nbsp;<\/h2>\n\n\n\n<p>Po otrzymaniu wszystkich uprawnie\u0144 operator wci\u0105gnik\u00f3w i wci\u0105garek b\u0119dzie mia\u0142 mo\u017cliwo\u015b\u0107 znale\u017a\u0107 zatrudnienie m.in. w:&nbsp;<\/p>\n\n\n\n<ul class=\"wp-block-list\">\n<li>halach produkcyjnych,&nbsp;<\/li>\n\n\n\n<li>magazynach,&nbsp;<\/li>\n\n\n\n<li>transporcie,&nbsp;<\/li>\n\n\n\n<li>budownictwie.&nbsp;<\/li>\n<\/ul>\n\n\n\n<h2 class=\"wp-block-heading\">Wci\u0105gniki&nbsp;&nbsp;<\/h2>\n\n\n\n<p>Wci\u0105gniki to urz\u0105dzenia z grupy maszyn d\u017awignicowych, do kt\u00f3rych zaliczaj\u0105 si\u0119 m.in. podesty ruchome, suwnice, d\u017awigi HDS itp. sprz\u0119t. U\u017cywane s\u0105 do podnoszenia danego \u0142adunku po p\u0142aszczy\u017anie wertykalnej. Wykorzystuj\u0105 w tym celu specjalnego rodzaju liny b\u0105d\u017a \u0142a\u0144cuchy, posiadaj\u0105ce najcz\u0119\u015bciej r\u00f3wnie\u017c hak lub jego odpowiednik. Urz\u0105dzenia tego typu u\u017cywa si\u0119 do przenoszenia materia\u0142\u00f3w w miejsca na wy\u017cszych poziomach. Pod wzgl\u0119dem konstrukcji, wci\u0105gniki poruszaj\u0105 si\u0119 zazwyczaj po przeznaczonym do tego torze. Funkcjonuj\u0105 tak\u017ce w wersji stacjonarnej, najcz\u0119\u015bciej w miejscach, kt\u00f3re nie wymagaj\u0105 przenoszenia ca\u0142ego urz\u0105dzenia. Cz\u0119\u015b\u0107 no\u015bna wci\u0105gnik\u00f3w stanowi r\u00f3wnocze\u015bnie jego obudow\u0119.&nbsp;<\/p>\n\n\n\n<p><strong>Podzia\u0142 wci\u0105gnik\u00f3w<\/strong>&nbsp;<\/p>\n\n\n\n<p>S\u0105 dwa aspekty, pod wzgl\u0119dem kt\u00f3rych mo\u017cna podzieli\u0107 wci\u0105gniki. Pierwszy to nap\u0119d. Wyr\u00f3\u017cniamy:&nbsp;<\/p>\n\n\n\n<ul class=\"wp-block-list\">\n<li>wci\u0105gniki pneumatyczne,&nbsp;<\/li>\n\n\n\n<li>wci\u0105gniki elektryczne,&nbsp;<\/li>\n\n\n\n<li>wci\u0105gniki r\u0119czne.&nbsp;<\/li>\n<\/ul>\n\n\n\n<p>Drugi to natomiast bardziej aspekt konstrukcyjny. Przez typ wykorzystanego ci\u0119gna mo\u017cna wyr\u00f3\u017cni\u0107 wci\u0105gniki:&nbsp;<\/p>\n\n\n\n<ul class=\"wp-block-list\">\n<li>linowe,&nbsp;<\/li>\n\n\n\n<li>\u0142a\u0144cuchowe.&nbsp;<\/li>\n<\/ul>\n\n\n<div class=\"wp-block-image\">\n<figure class=\"alignleft size-large is-resized\"><a href=\"https:\/\/kursy-udt.pl\/wp-content\/uploads\/2023\/03\/screen_2x-58.jpg\"><img loading=\"lazy\" decoding=\"async\" src=\"https:\/\/kursy-udt.pl\/wp-content\/uploads\/2023\/03\/screen_2x-58-1024x698.jpg\" alt=\"konserwator wci\u0105gnika w kasku\" class=\"wp-image-5050\" width=\"512\" height=\"349\" srcset=\"https:\/\/kursy-udt.pl\/wp-content\/uploads\/2023\/03\/screen_2x-58-1024x698.jpg 1024w, https:\/\/kursy-udt.pl\/wp-content\/uploads\/2023\/03\/screen_2x-58-300x205.jpg 300w, https:\/\/kursy-udt.pl\/wp-content\/uploads\/2023\/03\/screen_2x-58-768x524.jpg 768w, https:\/\/kursy-udt.pl\/wp-content\/uploads\/2023\/03\/screen_2x-58-1536x1047.jpg 1536w, https:\/\/kursy-udt.pl\/wp-content\/uploads\/2023\/03\/screen_2x-58-18x12.jpg 18w, https:\/\/kursy-udt.pl\/wp-content\/uploads\/2023\/03\/screen_2x-58-624x425.jpg 624w, https:\/\/kursy-udt.pl\/wp-content\/uploads\/2023\/03\/screen_2x-58.jpg 1600w\" sizes=\"auto, (max-width: 512px) 100vw, 512px\" \/><\/a><\/figure>\n<\/div>\n\n\n<h2 class=\"wp-block-heading\">Wci\u0105garki&nbsp;<\/h2>\n\n\n\n<p>Wci\u0105garki, je\u015bli chodzi o przeznaczenie, s\u0105 do\u015b\u0107 podobne do wci\u0105gnik\u00f3w. S\u0105 to urz\u0105dzenia d\u017awignicowe, kt\u00f3re tak, jak wci\u0105gniki s\u0142u\u017c\u0105 do przenoszenia \u0142adunku w pionie. Ponownie elementem konstrukcyjnym wykorzystywanym w tym celu s\u0105 liny b\u0105d\u017a \u0142a\u0144cuchy wyposa\u017cone w hak. Jedyn\u0105 znacz\u0105c\u0105 r\u00f3\u017cnic\u0105 jest tutaj cz\u0119\u015b\u0107 no\u015bna ca\u0142ego urz\u0105dzenia. W przeciwie\u0144stwie do wci\u0105gnik\u00f3w, stanowi ona osobny element i ma posta\u0107 odpowiedniej ramy, kt\u00f3ra w zale\u017cno\u015bci od rodzaju mo\u017ce by\u0107 przesuwana, przejezdna albo sta\u0142a.&nbsp;<\/p>\n\n\n\n<p>Podzia\u0142 wci\u0105garek jest zbli\u017cony do podzia\u0142u wci\u0105gnik\u00f3w.&nbsp;<\/p>\n\n\n\n<h2 class=\"wp-block-heading\">Urz\u0105dzenia transportu bliskiego&nbsp;<\/h2>\n\n\n\n<p>Urz\u0105dzenia transportu bliskiego to kategoria Urz\u0119du Dozoru Technicznego, kt\u00f3ra obejmuje mi\u0119dzy innymi wszystkie urz\u0105dzenia d\u017awignicowe. Sprz\u0119t zaliczany do tej grupy stosowany zazwyczaj jest na placach budowy, w magazynach, przemy\u015ble produkcyjnym oraz transporcie. Zastosowanie zazwyczaj znajduje przy przenoszeniu materia\u0142\u00f3w, narz\u0119dzi, ludzi b\u0105d\u017a nawet innych maszyn na stosunkowo niewielkie odleg\u0142o\u015bci, b\u0105d\u017a w trudno dost\u0119pne miejsca.&nbsp;<\/p>\n\n\n\n<h2 class=\"wp-block-heading\">Gdzie szkolimy?&nbsp;<\/h2>\n\n\n\n<p>Nasze szkolenia przeprowadzamy w naszych o\u015brodkach szkoleniowych, kt\u00f3re znajduj\u0105 si\u0119 w wi\u0119kszych miastach na terenie Polski lub w siedzibie klienta.<\/p>\n\n\n\n<h2 class=\"wp-block-heading\">Pytania i odpowiedzi<\/h2>\n\n\n\t\t<details\t\thelp class=\"sc_fs_faq sc_card    \"\n\t\topen\t\t>\n\t\t\t\t\t<summary>\n\t\t\t\t<h3>Do czego s\u0142u\u017c\u0105 wci\u0105garki i wci\u0105gniki?<\/h3>\t\t\t\t\t<\/summary>\n\t\t\t\t<div>\n\t\t\t\t\t\t<div class=\"sc_fs_faq__content\">\n\t\t\t\t\n\n<p>Zazwyczaj s\u0142u\u017c\u0105 do przenoszenia danego \u0142adunku w pionie, najcz\u0119\u015bciej na wy\u017cej po\u0142o\u017cone miejsca.&nbsp;<\/p>\n\n\t\t\t<\/div>\n\t\t<\/div>\n\t\t<\/details>\n\t\t\t\t<details\t\thelp class=\"sc_fs_faq sc_card    \"\n\t\t\t\t>\n\t\t\t\t\t<summary>\n\t\t\t\t<h3>Czym r\u00f3\u017cni\u0105 si\u0119 wci\u0105garki od wci\u0105gnik\u00f3w?<\/h3>\t\t\t\t\t<\/summary>\n\t\t\t\t<div>\n\t\t\t\t\t\t<div class=\"sc_fs_faq__content\">\n\t\t\t\t\n\n<p>Jedyn\u0105 r\u00f3\u017cnic\u0105 mi\u0119dzy tymi urz\u0105dzeniami stanowi cz\u0119\u015b\u0107 no\u015bna, kt\u00f3ra u wci\u0105garek ma form\u0119 osobnej konstrukcji.&nbsp;&nbsp;<\/p>\n\n\t\t\t<\/div>\n\t\t<\/div>\n\t\t<\/details>\n\t\t\t\t<details\t\thelp class=\"sc_fs_faq sc_card    \"\n\t\t\t\t>\n\t\t\t\t\t<summary>\n\t\t\t\t<h3>Co nale\u017cy zrobi\u0107, aby dosta\u0107 kwalifikacje konserwatora?<\/h3>\t\t\t\t\t<\/summary>\n\t\t\t\t<div>\n\t\t\t\t\t\t<div class=\"sc_fs_faq__content\">\n\t\t\t\t\n\n<p>Do uzyskania uprawnie\u0144, nale\u017cy przyst\u0105pi\u0107 do egzaminu pa\u0144stwowego przed komisj\u0105 UDT. Dopiero jego zaliczenie gwarantuje mo\u017cliwo\u015b\u0107 wykonywania zawodu konserwatora.&nbsp;<\/p>\n\n\t\t\t<\/div>\n\t\t<\/div>\n\t\t<\/details>\n\t\t\t\t<details\t\thelp class=\"sc_fs_faq sc_card    \"\n\t\t\t\t>\n\t\t\t\t\t<summary>\n\t\t\t\t<h3>Jakie wymagania nale\u017cy spe\u0142ni\u0107, aby przyst\u0105pi\u0107 do kursu konserwatora wci\u0105garek? <\/h3>\t\t\t\t\t<\/summary>\n\t\t\t\t<div>\n\t\t\t\t\t\t<div class=\"sc_fs_faq__content\">\n\t\t\t\t\n\n<p>Potencjalny kursant musi by\u0107 pe\u0142noletni, nie mie\u0107 przeciwskaza\u0144 do wykonywania zawodu, co potwierdzi za\u015bwiadczenie od lekarza oraz posiada\u0107 wykszta\u0142cenie na poziomie przynajmniej podstawowym.<\/p>\n\n\t\t\t<\/div>\n\t\t<\/div>\n\t\t<\/details>\n\t\t\n<script type=\"application\/ld+json\">\n\t{\n\t\t\"@context\": \"https:\/\/schema.org\",\n\t\t\"@type\": \"FAQPage\",\n\t\t\"mainEntity\": [\n\t\t\t\t\t{\n\t\t\t\t\"@type\": \"Question\",\n\t\t\t\t\"name\": \"Do czego s\u0142u\u017c\u0105 wci\u0105garki i wci\u0105gniki?\",\n\t\t\t\t\"acceptedAnswer\": {\n\t\t\t\t\t\"@type\": \"Answer\",\n\t\t\t\t\t\"text\": \"<p>Zazwyczaj s\u0142u\u017c\u0105 do przenoszenia danego \u0142adunku w pionie, najcz\u0119\u015bciej na wy\u017cej po\u0142o\u017cone miejsca.&nbsp;<\/p>\"\n\t\t\t\t\t\t\t\t\t}\n\t\t\t}\n\t\t\t,\t\t\t\t{\n\t\t\t\t\"@type\": \"Question\",\n\t\t\t\t\"name\": \"Czym r\u00f3\u017cni\u0105 si\u0119 wci\u0105garki od wci\u0105gnik\u00f3w?\",\n\t\t\t\t\"acceptedAnswer\": {\n\t\t\t\t\t\"@type\": \"Answer\",\n\t\t\t\t\t\"text\": \"<p>Jedyn\u0105 r\u00f3\u017cnic\u0105 mi\u0119dzy tymi urz\u0105dzeniami stanowi cz\u0119\u015b\u0107 no\u015bna, kt\u00f3ra u wci\u0105garek ma form\u0119 osobnej konstrukcji.&nbsp;&nbsp;<\/p>\"\n\t\t\t\t\t\t\t\t\t}\n\t\t\t}\n\t\t\t,\t\t\t\t{\n\t\t\t\t\"@type\": \"Question\",\n\t\t\t\t\"name\": \"Co nale\u017cy zrobi\u0107, aby dosta\u0107 kwalifikacje konserwatora?\",\n\t\t\t\t\"acceptedAnswer\": {\n\t\t\t\t\t\"@type\": \"Answer\",\n\t\t\t\t\t\"text\": \"<p>Do uzyskania uprawnie\u0144, nale\u017cy przyst\u0105pi\u0107 do egzaminu pa\u0144stwowego przed komisj\u0105 UDT. Dopiero jego zaliczenie gwarantuje mo\u017cliwo\u015b\u0107 wykonywania zawodu konserwatora.&nbsp;<\/p>\"\n\t\t\t\t\t\t\t\t\t}\n\t\t\t}\n\t\t\t,\t\t\t\t{\n\t\t\t\t\"@type\": \"Question\",\n\t\t\t\t\"name\": \"Jakie wymagania nale\u017cy spe\u0142ni\u0107, aby przyst\u0105pi\u0107 do kursu konserwatora wci\u0105garek? \",\n\t\t\t\t\"acceptedAnswer\": {\n\t\t\t\t\t\"@type\": \"Answer\",\n\t\t\t\t\t\"text\": \"<p>Potencjalny kursant musi by\u0107 pe\u0142noletni, nie mie\u0107 przeciwskaza\u0144 do wykonywania zawodu, co potwierdzi za\u015bwiadczenie od lekarza oraz posiada\u0107 wykszta\u0142cenie na poziomie przynajmniej podstawowym.<\/p>\"\n\t\t\t\t\t\t\t\t\t}\n\t\t\t}\n\t\t\t\t\t\t]\n\t}\n<\/script>\n","protected":false},"excerpt":{"rendered":"<p>Zosta\u0144 konserwatorem wci\u0105gnik\u00f3w i wci\u0105garek&nbsp; W O\u015brodku Doskonalenia Kadr ERGON prowadzimy profesjonalne kursy dla konserwator\u00f3w urz\u0105dze\u0144 UDT. Kurs na wci\u0105garki i wci\u0105gniki odbywa si\u0119 pod okiem wysoko wykwalifikowanych specjalist\u00f3w. Kursy prowadzimy zgodnie z wymaganiami egzaminacyjnymi Urz\u0119du Dozoru Technicznego. &nbsp; Jak wygl\u0105da szkolenie?&nbsp; Nasze szkolenia prowadzi przeszkolona kadra profesjonalist\u00f3w. Program kursu z\u0142o\u017cony jest z dw\u00f3ch cz\u0119\u015bci: teoretycznej oraz praktycznej. Zaj\u0119cia prowadzone s\u0105 pod k\u0105tem przygotowania do egzaminu pa\u0144stwowego, zgodnie z aktualnymi wymaganiami.&nbsp; Wymagania&nbsp; Osoba zainteresowana przyst\u0105pieniem do kursu musi:&nbsp; Przebieg kursu&nbsp; W czasie zaj\u0119\u0107, kursanci nab\u0119d\u0105 wiedz\u0119 m.in. z zakresu:&nbsp; Egzamin ko\u0144cowy&nbsp; Po zako\u0144czeniu kursu, aby otrzyma\u0107 prawo do wykonywania zawodu konserwatora wci\u0105gnik\u00f3w i wci\u0105garek og\u00f3lnego lub specjalnego przeznaczenia, trzeba przyst\u0105pi\u0107 do egzaminu pa\u0144stwowego, kt\u00f3ry odbywa\u0107 si\u0119 b\u0119dzie przed komisj\u0105 Urz\u0119du Dozoru Technicznego. Podobnie jak szkolenie, egzamin b\u0119dzie przebiega\u0142 w dw\u00f3ch osobnych cz\u0119\u015bciach: teoretycznej i praktycznej. Po pozytywnym zako\u0144czeniu egzaminu absolwent szkolenia otrzyma uprawnienia konserwatora wci\u0105gnik\u00f3w i wci\u0105garek pod postaci\u0105 w\u0142a\u015bciwego dokumentu wydanego przez UDT. Licencja ta pozwala na prac\u0119 przy wci\u0105garkach i wci\u0105gnikach w Polsce oraz krajach UE. &nbsp; Zaw\u00f3d operatora wci\u0105gnik\u00f3w i wci\u0105garek&nbsp; Po otrzymaniu wszystkich uprawnie\u0144 operator wci\u0105gnik\u00f3w i wci\u0105garek b\u0119dzie mia\u0142 mo\u017cliwo\u015b\u0107 znale\u017a\u0107 zatrudnienie m.in. w:&nbsp; Wci\u0105gniki&nbsp;&nbsp; Wci\u0105gniki to urz\u0105dzenia z grupy maszyn d\u017awignicowych, do kt\u00f3rych zaliczaj\u0105 si\u0119 m.in. podesty ruchome, suwnice, d\u017awigi HDS itp. sprz\u0119t. U\u017cywane s\u0105 do podnoszenia danego \u0142adunku po p\u0142aszczy\u017anie wertykalnej. Wykorzystuj\u0105 w tym celu specjalnego rodzaju liny b\u0105d\u017a \u0142a\u0144cuchy, posiadaj\u0105ce najcz\u0119\u015bciej r\u00f3wnie\u017c hak lub jego odpowiednik. Urz\u0105dzenia tego typu u\u017cywa si\u0119 do przenoszenia materia\u0142\u00f3w w miejsca na wy\u017cszych poziomach. Pod wzgl\u0119dem konstrukcji, wci\u0105gniki poruszaj\u0105 si\u0119 zazwyczaj po [&hellip;]<\/p>\n","protected":false},"author":6,"featured_media":5049,"parent":2721,"menu_order":0,"comment_status":"closed","ping_status":"closed","template":"","meta":{"sfsi_plus_gutenberg_text_before_share":"","sfsi_plus_gutenberg_show_text_before_share":"","sfsi_plus_gutenberg_icon_type":"","sfsi_plus_gutenberg_icon_alignemt":"","sfsi_plus_gutenburg_max_per_row":"","footnotes":""},"class_list":["post-5046","page","type-page","status-publish","has-post-thumbnail","hentry","has_thumb"],"aioseo_notices":[],"_links":{"self":[{"href":"https:\/\/kursy-udt.pl\/de\/wp-json\/wp\/v2\/pages\/5046","targetHints":{"allow":["GET"]}}],"collection":[{"href":"https:\/\/kursy-udt.pl\/de\/wp-json\/wp\/v2\/pages"}],"about":[{"href":"https:\/\/kursy-udt.pl\/de\/wp-json\/wp\/v2\/types\/page"}],"author":[{"embeddable":true,"href":"https:\/\/kursy-udt.pl\/de\/wp-json\/wp\/v2\/users\/6"}],"replies":[{"embeddable":true,"href":"https:\/\/kursy-udt.pl\/de\/wp-json\/wp\/v2\/comments?post=5046"}],"version-history":[{"count":8,"href":"https:\/\/kursy-udt.pl\/de\/wp-json\/wp\/v2\/pages\/5046\/revisions"}],"predecessor-version":[{"id":5541,"href":"https:\/\/kursy-udt.pl\/de\/wp-json\/wp\/v2\/pages\/5046\/revisions\/5541"}],"up":[{"embeddable":true,"href":"https:\/\/kursy-udt.pl\/de\/wp-json\/wp\/v2\/pages\/2721"}],"wp:featuredmedia":[{"embeddable":true,"href":"https:\/\/kursy-udt.pl\/de\/wp-json\/wp\/v2\/media\/5049"}],"wp:attachment":[{"href":"https:\/\/kursy-udt.pl\/de\/wp-json\/wp\/v2\/media?parent=5046"}],"curies":[{"name":"wp","href":"https:\/\/api.w.org\/{rel}","templated":true}]}}