{"id":5037,"date":"2023-03-01T14:33:08","date_gmt":"2023-03-01T13:33:08","guid":{"rendered":"https:\/\/kursy-udt.pl\/?page_id=5037"},"modified":"2023-03-20T22:15:11","modified_gmt":"2023-03-20T21:15:11","slug":"deckkranmechaniker","status":"publish","type":"page","link":"https:\/\/kursy-udt.pl\/de\/szkolenia\/udt-wdt-tdt\/konserwator-zurawi-pokladowych\/","title":{"rendered":"DECKSKR\u00c4NE - UDT WARTUNGSSCHULUNG"},"content":{"rendered":"\n<h2 class=\"wp-block-heading\">Zosta\u0144 konserwatorem \u017curawi pok\u0142adowych&nbsp;<\/h2>\n\n\n<div class=\"wp-block-image\">\n<figure class=\"alignleft size-large is-resized\"><a href=\"https:\/\/kursy-udt.pl\/wp-content\/uploads\/2023\/03\/s2-25.jpg\"><img loading=\"lazy\" decoding=\"async\" src=\"https:\/\/kursy-udt.pl\/wp-content\/uploads\/2023\/03\/s2-25-1024x682.jpg\" alt=\"\u017buraw pok\u0142adowy w czasie pracy w stoczni\" class=\"wp-image-5040\" width=\"512\" height=\"341\" srcset=\"https:\/\/kursy-udt.pl\/wp-content\/uploads\/2023\/03\/s2-25-1024x682.jpg 1024w, https:\/\/kursy-udt.pl\/wp-content\/uploads\/2023\/03\/s2-25-300x200.jpg 300w, https:\/\/kursy-udt.pl\/wp-content\/uploads\/2023\/03\/s2-25-768x512.jpg 768w, https:\/\/kursy-udt.pl\/wp-content\/uploads\/2023\/03\/s2-25-1536x1023.jpg 1536w, https:\/\/kursy-udt.pl\/wp-content\/uploads\/2023\/03\/s2-25-18x12.jpg 18w, https:\/\/kursy-udt.pl\/wp-content\/uploads\/2023\/03\/s2-25-624x416.jpg 624w, https:\/\/kursy-udt.pl\/wp-content\/uploads\/2023\/03\/s2-25.jpg 1600w\" sizes=\"auto, (max-width: 512px) 100vw, 512px\" \/><\/a><\/figure>\n<\/div>\n\n\n<p>Nasza firma od wielu lat organizuje profesjonalne kursy z konserwacji i obs\u0142ugi m.in. d\u017awig\u00f3w pok\u0142adowych. Zaj\u0119cia prowadzimy zgodnie z wymaganiami stosowanymi przez UDT. Posiadamy wieloletnie do\u015bwiadczenie i zapewniamy kompleksowe przygotowanie do obs\u0142ugi i naprawy \u017curawi pok\u0142adowych.&nbsp;&nbsp;<\/p>\n\n\n\n<h2 class=\"wp-block-heading\">Jak zosta\u0107 konserwatorem \u017curawi?&nbsp;<\/h2>\n\n\n\n<p>Aby zdoby\u0107 kwalifikacje konserwatora UDT nale\u017cy podej\u015b\u0107 do zdania egzaminu pa\u0144stwowego przed komisj\u0105 Urz\u0119du Dozoru Technicznego. Nasze zaj\u0119cia uwzgl\u0119dniaj\u0105 aktualne wymagania egzaminacyjne stawiane przez UDT. &nbsp;<\/p>\n\n\n\n<h2 class=\"wp-block-heading\">Program nauczania<\/h2>\n\n\n\n<p>Podczas szkolenia uczestnicy b\u0119d\u0105 mieli mo\u017cliwo\u015b\u0107 zapoznania si\u0119 z r\u00f3\u017cnymi rodzajami \u017curawi pok\u0142adowych oraz zasadami ich obs\u0142ugi, a tak\u017ce poznaj\u0105 techniki i procedury zwi\u0105zane z za\u0142adunkiem i roz\u0142adunkiem \u0142adunk\u00f3w na jednostce p\u0142ywaj\u0105cej. &nbsp;<\/p>\n\n\n\n<p>Tematyka kurs\u00f3w obejmuje mi\u0119dzy innymi:&nbsp;&nbsp;<\/p>\n\n\n<div class=\"wp-block-image\">\n<figure class=\"alignright size-large is-resized\"><a href=\"https:\/\/kursy-udt.pl\/wp-content\/uploads\/2023\/03\/screen_2x-54.jpg\"><img loading=\"lazy\" decoding=\"async\" src=\"https:\/\/kursy-udt.pl\/wp-content\/uploads\/2023\/03\/screen_2x-54-1024x683.jpg\" alt=\"konserwator \u017curawia pok\u0142adowego w kasku\" class=\"wp-image-5041\" width=\"512\" height=\"342\" srcset=\"https:\/\/kursy-udt.pl\/wp-content\/uploads\/2023\/03\/screen_2x-54-1024x683.jpg 1024w, https:\/\/kursy-udt.pl\/wp-content\/uploads\/2023\/03\/screen_2x-54-300x200.jpg 300w, https:\/\/kursy-udt.pl\/wp-content\/uploads\/2023\/03\/screen_2x-54-768x512.jpg 768w, https:\/\/kursy-udt.pl\/wp-content\/uploads\/2023\/03\/screen_2x-54-1536x1024.jpg 1536w, https:\/\/kursy-udt.pl\/wp-content\/uploads\/2023\/03\/screen_2x-54-18x12.jpg 18w, https:\/\/kursy-udt.pl\/wp-content\/uploads\/2023\/03\/screen_2x-54-624x416.jpg 624w, https:\/\/kursy-udt.pl\/wp-content\/uploads\/2023\/03\/screen_2x-54.jpg 1600w\" sizes=\"auto, (max-width: 512px) 100vw, 512px\" \/><\/a><\/figure>\n<\/div>\n\n\n<ul class=\"wp-block-list\">\n<li>naprawa usterek, &nbsp;<\/li>\n\n\n\n<li>wymagania <a href=\"https:\/\/kursy-udt.pl\/de\/szkolenia\/bhp-bezpieczenstwo-pracy\/prawna-ochrona-pracy\/\">BHP<\/a>,&nbsp;&nbsp;<\/li>\n\n\n\n<li>zapoznanie si\u0119 ze specyfikacjami konkretnych modeli,&nbsp;&nbsp;<\/li>\n\n\n\n<li>budowa d\u017awig\u00f3w,&nbsp;&nbsp;<\/li>\n\n\n\n<li>w\u0142a\u015bciwa obs\u0142uga sprz\u0119tu,&nbsp;&nbsp;<\/li>\n\n\n\n<li>obs\u0142uga systemu sterowania,&nbsp;&nbsp;<\/li>\n\n\n\n<li>plany konserwacyjne,&nbsp;<\/li>\n\n\n\n<li>przygotowanie miejsca pracy.&nbsp;<\/li>\n<\/ul>\n\n\n\n<h2 class=\"wp-block-heading\">Obowi\u0105zki konserwatora<\/h2>\n\n\n\n<p>Zgodnie z obowi\u0105zuj\u0105cymi przepisami wszyscy w\u0142a\u015bciciele urz\u0105dze\u0144 podlegaj\u0105cych UDT maj\u0105 obowi\u0105zek przeprowadzania okresowego przegl\u0105du technicznego. Dlatego ka\u017cdy zak\u0142ad musi odpowiednio i terminowo zg\u0142asza\u0107 swoje wyposa\u017cenie do przegl\u0105du. W przypadku niespe\u0142nienia tego wymogu UDT mo\u017ce na\u0142o\u017cy\u0107 kar\u0119 administracyjn\u0105. Jest wi\u0119c du\u017ce zapotrzebowanie na osoby zajmuj\u0105ce si\u0119 konserwacj\u0105 takiego sprz\u0119tu. Ich praca to bezpiecze\u0144stwo i wydajno\u015b\u0107 innych obiekt\u00f3w.&nbsp;&nbsp;<\/p>\n\n\n\n<h2 class=\"wp-block-heading\">Certyfikat&nbsp;<\/h2>\n\n\n\n<p>Po zako\u0144czeniu szkolenia, nasi uczestnicy otrzymuj\u0105 certyfikat potwierdzaj\u0105cy uzyskanie kwalifikacji w zakresie obs\u0142ugi \u017curawia pok\u0142adowego. Nasza firma oferuje tak\u017ce pe\u0142ne wsparcie techniczne oraz konsultacje dla naszych uczestnik\u00f3w szkolenia.&nbsp;<\/p>\n\n\n<div class=\"wp-block-image\">\n<figure class=\"alignleft size-large is-resized\"><a href=\"https:\/\/kursy-udt.pl\/wp-content\/uploads\/2023\/03\/s2-26.jpg\"><img loading=\"lazy\" decoding=\"async\" src=\"https:\/\/kursy-udt.pl\/wp-content\/uploads\/2023\/03\/s2-26-1024x683.jpg\" alt=\"\u017curaw pok\u0142adowy na statku\" class=\"wp-image-5043\" width=\"512\" height=\"342\" srcset=\"https:\/\/kursy-udt.pl\/wp-content\/uploads\/2023\/03\/s2-26-1024x683.jpg 1024w, https:\/\/kursy-udt.pl\/wp-content\/uploads\/2023\/03\/s2-26-300x200.jpg 300w, https:\/\/kursy-udt.pl\/wp-content\/uploads\/2023\/03\/s2-26-768x512.jpg 768w, https:\/\/kursy-udt.pl\/wp-content\/uploads\/2023\/03\/s2-26-1536x1024.jpg 1536w, https:\/\/kursy-udt.pl\/wp-content\/uploads\/2023\/03\/s2-26-18x12.jpg 18w, https:\/\/kursy-udt.pl\/wp-content\/uploads\/2023\/03\/s2-26-624x416.jpg 624w, https:\/\/kursy-udt.pl\/wp-content\/uploads\/2023\/03\/s2-26.jpg 1600w\" sizes=\"auto, (max-width: 512px) 100vw, 512px\" \/><\/a><\/figure>\n<\/div>\n\n\n<h2 class=\"wp-block-heading\">Jakie ma zadania \u017curaw pok\u0142adowy?&nbsp;<\/h2>\n\n\n\n<p>\u017burawie pok\u0142adowe s\u0105 wykorzystywane g\u0142\u00f3wnie na statkach i innych jednostkach p\u0142ywaj\u0105cych, takich jak promy, kutry rybackie czy platformy wiertnicze. Ich g\u0142\u00f3wnym zadaniem jest za\u0142adunek i roz\u0142adunek towar\u00f3w z jednostki p\u0142ywaj\u0105cej, a tak\u017ce prace zwi\u0105zane z budow\u0105 i konserwacj\u0105 port\u00f3w, nabrze\u017cy oraz instalacji morskich.&nbsp;<\/p>\n\n\n\n<h2 class=\"wp-block-heading\">Wymagania&nbsp;&nbsp;<\/h2>\n\n\n\n<p>Aby wzi\u0105\u0107 udzia\u0142 w kursie, nale\u017cy:&nbsp;&nbsp;<\/p>\n\n\n\n<ul class=\"wp-block-list\">\n<li>mie\u0107 uko\u0144czone 18 lat,&nbsp;&nbsp;<\/li>\n\n\n\n<li>posiada\u0107 za\u015bwiadczenie lekarskie,&nbsp;&nbsp;<\/li>\n\n\n\n<li>posiada\u0107 co najmniej wykszta\u0142cenie podstawowe.&nbsp;<\/li>\n<\/ul>\n\n\n\n<p>Zapraszamy do kontaktu z nami, aby dowiedzie\u0107 si\u0119 wi\u0119cej o naszych szkoleniach na \u017curawie pok\u0142adowym oraz otrzyma\u0107 indywidualn\u0105 ofert\u0119 dostosowan\u0105 do Twoich potrzeb.&nbsp;<\/p>\n\n\n\n<h2 class=\"wp-block-heading\">Pytania i odpowiedzi<\/h2>\n\n\n\t\t<details\t\thelp class=\"sc_fs_faq sc_card    \"\n\t\topen\t\t>\n\t\t\t\t\t<summary>\n\t\t\t\t<h3>Jakie s\u0105 warunki przyst\u0105pienia do kursu?<\/h3>\t\t\t\t\t<\/summary>\n\t\t\t\t<div>\n\t\t\t\t\t\t<div class=\"sc_fs_faq__content\">\n\t\t\t\t\n\n<p>Warunkiem uczestnictwa w szkoleniu jest pe\u0142noletnio\u015b\u0107 i odpowiednie za\u015bwiadczenie lekarskie oraz wykszta\u0142cenie co najmniej podstawowe. &nbsp;<\/p>\n\n\t\t\t<\/div>\n\t\t<\/div>\n\t\t<\/details>\n\t\t\t\t<details\t\thelp class=\"sc_fs_faq sc_card    \"\n\t\t\t\t>\n\t\t\t\t\t<summary>\n\t\t\t\t<h3>Czym zajmuje si\u0119 konserwator \u017curawia pok\u0142adowego?<\/h3>\t\t\t\t\t<\/summary>\n\t\t\t\t<div>\n\t\t\t\t\t\t<div class=\"sc_fs_faq__content\">\n\t\t\t\t\n\n<p>Konserwatorzy dbaj\u0105 o to, aby sprz\u0119t jak najd\u0142u\u017cej pozostawa\u0142 w dobrym stanie i gwarantowa\u0142 bezpiecze\u0144stwo jego u\u017cytkowania. &nbsp;<\/p>\n\n\t\t\t<\/div>\n\t\t<\/div>\n\t\t<\/details>\n\t\t\n<script type=\"application\/ld+json\">\n\t{\n\t\t\"@context\": \"https:\/\/schema.org\",\n\t\t\"@type\": \"FAQPage\",\n\t\t\"mainEntity\": [\n\t\t\t\t\t{\n\t\t\t\t\"@type\": \"Question\",\n\t\t\t\t\"name\": \"Jakie s\u0105 warunki przyst\u0105pienia do kursu?\",\n\t\t\t\t\"acceptedAnswer\": {\n\t\t\t\t\t\"@type\": \"Answer\",\n\t\t\t\t\t\"text\": \"<p>Warunkiem uczestnictwa w szkoleniu jest pe\u0142noletnio\u015b\u0107 i odpowiednie za\u015bwiadczenie lekarskie oraz wykszta\u0142cenie co najmniej podstawowe. &nbsp;<\/p>\"\n\t\t\t\t\t\t\t\t\t}\n\t\t\t}\n\t\t\t,\t\t\t\t{\n\t\t\t\t\"@type\": \"Question\",\n\t\t\t\t\"name\": \"Czym zajmuje si\u0119 konserwator \u017curawia pok\u0142adowego?\",\n\t\t\t\t\"acceptedAnswer\": {\n\t\t\t\t\t\"@type\": \"Answer\",\n\t\t\t\t\t\"text\": \"<p>Konserwatorzy dbaj\u0105 o to, aby sprz\u0119t jak najd\u0142u\u017cej pozostawa\u0142 w dobrym stanie i gwarantowa\u0142 bezpiecze\u0144stwo jego u\u017cytkowania. &nbsp;<\/p>\"\n\t\t\t\t\t\t\t\t\t}\n\t\t\t}\n\t\t\t\t\t\t]\n\t}\n<\/script>\n","protected":false},"excerpt":{"rendered":"<p>Zosta\u0144 konserwatorem \u017curawi pok\u0142adowych&nbsp; Nasza firma od wielu lat organizuje profesjonalne kursy z konserwacji i obs\u0142ugi m.in. d\u017awig\u00f3w pok\u0142adowych. Zaj\u0119cia prowadzimy zgodnie z wymaganiami stosowanymi przez UDT. Posiadamy wieloletnie do\u015bwiadczenie i zapewniamy kompleksowe przygotowanie do obs\u0142ugi i naprawy \u017curawi pok\u0142adowych.&nbsp;&nbsp; Jak zosta\u0107 konserwatorem \u017curawi?&nbsp; Aby zdoby\u0107 kwalifikacje konserwatora UDT nale\u017cy podej\u015b\u0107 do zdania egzaminu pa\u0144stwowego przed komisj\u0105 Urz\u0119du Dozoru Technicznego. Nasze zaj\u0119cia uwzgl\u0119dniaj\u0105 aktualne wymagania egzaminacyjne stawiane przez UDT. &nbsp; Program nauczania Podczas szkolenia uczestnicy b\u0119d\u0105 mieli mo\u017cliwo\u015b\u0107 zapoznania si\u0119 z r\u00f3\u017cnymi rodzajami \u017curawi pok\u0142adowych oraz zasadami ich obs\u0142ugi, a tak\u017ce poznaj\u0105 techniki i procedury zwi\u0105zane z za\u0142adunkiem i roz\u0142adunkiem \u0142adunk\u00f3w na jednostce p\u0142ywaj\u0105cej. &nbsp; Tematyka kurs\u00f3w obejmuje mi\u0119dzy innymi:&nbsp;&nbsp; Obowi\u0105zki konserwatora Zgodnie z obowi\u0105zuj\u0105cymi przepisami wszyscy w\u0142a\u015bciciele urz\u0105dze\u0144 podlegaj\u0105cych UDT maj\u0105 obowi\u0105zek przeprowadzania okresowego przegl\u0105du technicznego. Dlatego ka\u017cdy zak\u0142ad musi odpowiednio i terminowo zg\u0142asza\u0107 swoje wyposa\u017cenie do przegl\u0105du. W przypadku niespe\u0142nienia tego wymogu UDT mo\u017ce na\u0142o\u017cy\u0107 kar\u0119 administracyjn\u0105. Jest wi\u0119c du\u017ce zapotrzebowanie na osoby zajmuj\u0105ce si\u0119 konserwacj\u0105 takiego sprz\u0119tu. Ich praca to bezpiecze\u0144stwo i wydajno\u015b\u0107 innych obiekt\u00f3w.&nbsp;&nbsp; Certyfikat&nbsp; Po zako\u0144czeniu szkolenia, nasi uczestnicy otrzymuj\u0105 certyfikat potwierdzaj\u0105cy uzyskanie kwalifikacji w zakresie obs\u0142ugi \u017curawia pok\u0142adowego. Nasza firma oferuje tak\u017ce pe\u0142ne wsparcie techniczne oraz konsultacje dla naszych uczestnik\u00f3w szkolenia.&nbsp; Jakie ma zadania \u017curaw pok\u0142adowy?&nbsp; \u017burawie pok\u0142adowe s\u0105 wykorzystywane g\u0142\u00f3wnie na statkach i innych jednostkach p\u0142ywaj\u0105cych, takich jak promy, kutry rybackie czy platformy wiertnicze. Ich g\u0142\u00f3wnym zadaniem jest za\u0142adunek i roz\u0142adunek towar\u00f3w z jednostki p\u0142ywaj\u0105cej, a tak\u017ce prace zwi\u0105zane z budow\u0105 i konserwacj\u0105 port\u00f3w, nabrze\u017cy oraz instalacji morskich.&nbsp; Wymagania&nbsp;&nbsp; Aby wzi\u0105\u0107 udzia\u0142 w kursie, nale\u017cy:&nbsp;&nbsp; Zapraszamy do kontaktu [&hellip;]<\/p>\n","protected":false},"author":6,"featured_media":5043,"parent":2721,"menu_order":0,"comment_status":"closed","ping_status":"closed","template":"","meta":{"sfsi_plus_gutenberg_text_before_share":"","sfsi_plus_gutenberg_show_text_before_share":"","sfsi_plus_gutenberg_icon_type":"","sfsi_plus_gutenberg_icon_alignemt":"","sfsi_plus_gutenburg_max_per_row":"","footnotes":""},"class_list":["post-5037","page","type-page","status-publish","has-post-thumbnail","hentry","has_thumb"],"aioseo_notices":[],"_links":{"self":[{"href":"https:\/\/kursy-udt.pl\/de\/wp-json\/wp\/v2\/pages\/5037","targetHints":{"allow":["GET"]}}],"collection":[{"href":"https:\/\/kursy-udt.pl\/de\/wp-json\/wp\/v2\/pages"}],"about":[{"href":"https:\/\/kursy-udt.pl\/de\/wp-json\/wp\/v2\/types\/page"}],"author":[{"embeddable":true,"href":"https:\/\/kursy-udt.pl\/de\/wp-json\/wp\/v2\/users\/6"}],"replies":[{"embeddable":true,"href":"https:\/\/kursy-udt.pl\/de\/wp-json\/wp\/v2\/comments?post=5037"}],"version-history":[{"count":8,"href":"https:\/\/kursy-udt.pl\/de\/wp-json\/wp\/v2\/pages\/5037\/revisions"}],"predecessor-version":[{"id":5569,"href":"https:\/\/kursy-udt.pl\/de\/wp-json\/wp\/v2\/pages\/5037\/revisions\/5569"}],"up":[{"embeddable":true,"href":"https:\/\/kursy-udt.pl\/de\/wp-json\/wp\/v2\/pages\/2721"}],"wp:featuredmedia":[{"embeddable":true,"href":"https:\/\/kursy-udt.pl\/de\/wp-json\/wp\/v2\/media\/5043"}],"wp:attachment":[{"href":"https:\/\/kursy-udt.pl\/de\/wp-json\/wp\/v2\/media?parent=5037"}],"curies":[{"name":"wp","href":"https:\/\/api.w.org\/{rel}","templated":true}]}}