{"id":50,"date":"2014-02-10T17:19:02","date_gmt":"2014-02-10T17:19:02","guid":{"rendered":"http:\/\/kursy-udt.kwiaty0.pl\/?page_id=50"},"modified":"2016-01-21T19:31:57","modified_gmt":"2016-01-21T19:31:57","slug":"bruckenkrane","status":"publish","type":"page","link":"https:\/\/kursy-udt.pl\/de\/dzwignice-linotorowe\/","title":{"rendered":"Linotor-Kr\u00e4ne"},"content":{"rendered":"<div style=\"float:left; padding-right:10px;\"><img decoding=\"async\" src=\"\/wp-content\/uploads\/2014\/04\/dzwignice-linotorowe-2.jpg\" alt=\"Linotor-Kr\u00e4ne\"><\/div>\n<div class=\"wyjustuj\">Linotype-Kr\u00e4ne sind Krananlagen - eine Variante von Seilbahnen. Sie sind f\u00fcr den Transport von Lasten oder Sch\u00fcttgut in Containern ausgelegt. Zu diesem Zweck verwenden sie einen Chef, der sich an einem Zug- oder Tragseil bewegt, das auf zwei St\u00fctzen angebracht ist. Arbeiter, die diese Art von Ausr\u00fcstung bedienen, m\u00fcssen f\u00fcr Seilkr\u00e4ne qualifiziert sein. Diese sind <a href=\"https:\/\/kursy-udt.pl\/de\/uprawnienia-udt\/kategorie-uprawnien-2\/\">UDT-Anspr\u00fcche<\/a> nach erfolgreichem Abschluss einer Pr\u00fcfung verliehen.<\/p>\n<p>In den angebotenen Kursen \u00fcber Linoleumkrane werden theoretische Informationen vermittelt und die praktischen F\u00e4higkeiten zur Bedienung der Ger\u00e4te ge\u00fcbt. Da das Ger\u00e4t einer technischen Kontrolle unterliegt, enth\u00e4lt jeder Kranf\u00fchrerlehrgang Bestimmungen \u00fcber die technischen Voraussetzungen f\u00fcr den Betrieb. Als UDT-Kurse berechtigen sie zur Teilnahme an einer Pr\u00fcfung.<\/p>\n<p>Wir bieten Schulungskurse f\u00fcr Linotor-Kr\u00e4ne an. Es handelt sich um UDT-Schulungen, die Ihnen helfen, die Pr\u00fcfung zu bestehen und Ihre Zulassungen zu erhalten. Sie sind herzlich willkommen!<\/p><\/div>\n<div class=\"button_styl\" style=\"float:right; padding-left:15px; padding-bottom:8px; margin-bottom:5px;\"><a href=\"https:\/\/platformaedukacji.pl\/login\/signup.php\" rel=\"nofollow\" target=\"_blank\" class=\"myButton myButton_maly\"><font color=\"white\">Anmeldung zur Schulung<\/font><\/a><\/div>","protected":false},"excerpt":{"rendered":"<p>Linotype-Kr\u00e4ne sind Krananlagen - eine Variante von Seilbahnen. Sie sind f\u00fcr den Transport von Lasten oder Sch\u00fcttg\u00fctern in Containern konzipiert. Zu diesem Zweck verwenden sie einen Leiter, der sich an einem Zug- oder Tragseil bewegt, das auf zwei St\u00fctzen angebracht ist. Arbeiter, die diese Art von Ausr\u00fcstung bedienen, m\u00fcssen f\u00fcr Seilkr\u00e4ne qualifiziert sein. Dabei handelt es sich um eine Qualifikation des Technischen \u00dcberwachungsdienstes (UDT), die nach bestandener Pr\u00fcfung verliehen wird. In den angebotenen Kursen f\u00fcr Seilkr\u00e4ne werden theoretische Informationen vermittelt und die praktischen F\u00e4higkeiten zur Bedienung der Ger\u00e4te ge\u00fcbt. Da sie der technischen Aufsicht unterliegen, enth\u00e4lt jeder Kurs \u00fcber Seilbahnkr\u00e4ne Bestimmungen \u00fcber die technischen Bedingungen f\u00fcr ihren Betrieb. Als UDT-Kurse berechtigen sie zur Teilnahme an einer Pr\u00fcfung. Wir bieten Ausbildungskurse f\u00fcr Seilbahnkrane an. Dies sind UDT-Kurse, die Ihnen helfen, die Pr\u00fcfung zu bestehen und Ihre Lizenz zu erhalten. Sie sind herzlich willkommen! F\u00fcr die Ausbildung anmelden<\/p>","protected":false},"author":1,"featured_media":0,"parent":0,"menu_order":0,"comment_status":"closed","ping_status":"closed","template":"","meta":{"sfsi_plus_gutenberg_text_before_share":"","sfsi_plus_gutenberg_show_text_before_share":"","sfsi_plus_gutenberg_icon_type":"","sfsi_plus_gutenberg_icon_alignemt":"","sfsi_plus_gutenburg_max_per_row":"","footnotes":""},"class_list":["post-50","page","type-page","status-publish","hentry","has_thumb"],"aioseo_notices":[],"_links":{"self":[{"href":"https:\/\/kursy-udt.pl\/de\/wp-json\/wp\/v2\/pages\/50","targetHints":{"allow":["GET"]}}],"collection":[{"href":"https:\/\/kursy-udt.pl\/de\/wp-json\/wp\/v2\/pages"}],"about":[{"href":"https:\/\/kursy-udt.pl\/de\/wp-json\/wp\/v2\/types\/page"}],"author":[{"embeddable":true,"href":"https:\/\/kursy-udt.pl\/de\/wp-json\/wp\/v2\/users\/1"}],"replies":[{"embeddable":true,"href":"https:\/\/kursy-udt.pl\/de\/wp-json\/wp\/v2\/comments?post=50"}],"version-history":[{"count":5,"href":"https:\/\/kursy-udt.pl\/de\/wp-json\/wp\/v2\/pages\/50\/revisions"}],"predecessor-version":[{"id":1261,"href":"https:\/\/kursy-udt.pl\/de\/wp-json\/wp\/v2\/pages\/50\/revisions\/1261"}],"wp:attachment":[{"href":"https:\/\/kursy-udt.pl\/de\/wp-json\/wp\/v2\/media?parent=50"}],"curies":[{"name":"wp","href":"https:\/\/api.w.org\/{rel}","templated":true}]}}