{"id":4906,"date":"2023-03-03T14:30:45","date_gmt":"2023-03-03T13:30:45","guid":{"rendered":"https:\/\/kursy-udt.pl\/?page_id=4906"},"modified":"2023-03-08T13:12:16","modified_gmt":"2023-03-08T12:12:16","slug":"kranfuhrerschein","status":"publish","type":"page","link":"https:\/\/kursy-udt.pl\/de\/szkolenia\/udt-wdt-tdt\/uprawnienia-operatora-zurawi-szynowych\/","title":{"rendered":"UDT-Schulung f\u00fcr Eisenbahnkranf\u00fchrer"},"content":{"rendered":"\n<h2 class=\"wp-block-heading\">Zdob\u0105d\u017a uprawnienia na operatora lub konserwatora \u017curawi szynowych<\/h2>\n\n\n\n<p>O\u015brodek doskonalenia Kadr ERGON oferuje kompleksowe kursy na uprawnienia operatora \u017curawi szynowych. Na naszym szkoleniu zdob\u0119dziesz wiedz\u0119 teoretyczn\u0105 na temat \u017curawi, a tak\u017ce dozoru technicznego. Nab\u0119dziesz umiej\u0119tno\u015bci praktyczne, kt\u00f3re u\u0142atwi\u0105 Ci prac\u0119 na stanowisku operatora lub konserwatora. Wszystkie zaj\u0119cia odbywaj\u0105 si\u0119 pod okiem do\u015bwiadczonych instruktor\u00f3w, kt\u00f3rzy w razie potrzeby nakieruj\u0105 i podpowiedz\u0105 w jaki spos\u00f3b nale\u017cy wykona\u0107 dan\u0105 czynno\u015b\u0107. Poni\u017cej przedstawili\u015bmy wymagania dla kandydat\u00f3w oraz program szkole\u0144. &nbsp;<\/p>\n\n\n<div class=\"wp-block-image\">\n<figure class=\"alignright size-large is-resized\"><a href=\"https:\/\/kursy-udt.pl\/wp-content\/uploads\/2023\/03\/screen_2x-2023-03-08T130340.760.jpg\"><img loading=\"lazy\" decoding=\"async\" src=\"https:\/\/kursy-udt.pl\/wp-content\/uploads\/2023\/03\/screen_2x-2023-03-08T130340.760-1024x684.jpg\" alt=\"\u017curaw szynowy z kabin\u0105 operatora\" class=\"wp-image-5422\" width=\"512\" height=\"342\" srcset=\"https:\/\/kursy-udt.pl\/wp-content\/uploads\/2023\/03\/screen_2x-2023-03-08T130340.760-1024x684.jpg 1024w, https:\/\/kursy-udt.pl\/wp-content\/uploads\/2023\/03\/screen_2x-2023-03-08T130340.760-300x200.jpg 300w, https:\/\/kursy-udt.pl\/wp-content\/uploads\/2023\/03\/screen_2x-2023-03-08T130340.760-768x513.jpg 768w, https:\/\/kursy-udt.pl\/wp-content\/uploads\/2023\/03\/screen_2x-2023-03-08T130340.760-1536x1025.jpg 1536w, https:\/\/kursy-udt.pl\/wp-content\/uploads\/2023\/03\/screen_2x-2023-03-08T130340.760-18x12.jpg 18w, https:\/\/kursy-udt.pl\/wp-content\/uploads\/2023\/03\/screen_2x-2023-03-08T130340.760-624x417.jpg 624w, https:\/\/kursy-udt.pl\/wp-content\/uploads\/2023\/03\/screen_2x-2023-03-08T130340.760.jpg 1600w\" sizes=\"auto, (max-width: 512px) 100vw, 512px\" \/><\/a><\/figure>\n<\/div>\n\n\n<h2 class=\"wp-block-heading\">Wymagania wst\u0119pne dla kandydat\u00f3w&nbsp;<\/h2>\n\n\n\n<p>Ka\u017cda zainteresowana osoba, kt\u00f3ra chcia\u0142aby wzi\u0105\u0107 udzia\u0142 w naszych kursach na operatora \u017curawi szynowych, powinna:&nbsp;<\/p>\n\n\n\n<ul class=\"wp-block-list\">\n<li>mie\u0107 uko\u0144czone 18 lat,&nbsp;<\/li>\n\n\n\n<li>nie posiada\u0107 \u017cadnych przeciwskaza\u0144 zdrowotnych do pracy na danym stanowisku (wymagane jest przedstawienie orzeczenia lekarskiego).&nbsp;<\/li>\n<\/ul>\n\n\n\n<h2 class=\"wp-block-heading\">Kurs na operatora \u017curawi szynowych&nbsp;<\/h2>\n\n\n\n<p>Szkolenie na operatora \u017curawi szynowych sk\u0142ada si\u0119 z cz\u0119\u015bci teoretycznej i praktycznej prowadzonej przez do\u015bwiadczonych szkoleniowc\u00f3w. Omawiaj\u0105 oni najwa\u017cniejsze informacje zwi\u0105zane z budow\u0105 \u017curawi, ich dzia\u0142aniem, obs\u0142ug\u0105 i czynno\u015bciami kontrolnymi. Podczas zaj\u0119\u0107, nasi specjali\u015bci m\u00f3wi\u0105 prostym obrazowym j\u0119zykiem, aby w pe\u0142ni ukaza\u0107 problematyk\u0119 omawianych zagadnie\u0144, a tak\u017ce wykorzystuj\u0105 autorskie prezentacje multimedialne u\u0142atwiaj\u0105ce zapami\u0119tywanie omawianych informacji.&nbsp;&nbsp;<\/p>\n\n\n\n<h2 class=\"wp-block-heading\"><strong>Program szkolenia<\/strong><\/h2>\n\n\n\n<ul class=\"dwiekolumny wp-block-list\">\n<li>informacje o dozorze technicznym,&nbsp;<\/li>\n\n\n\n<li>aktualne regulacje prawne,&nbsp;<\/li>\n\n\n\n<li>podzia\u0142 \u017curawi i kr\u00f3tkie om\u00f3wienie ka\u017cdego z nich,&nbsp;<\/li>\n\n\n\n<li>budowa poszczeg\u00f3lne cz\u0119\u015bci \u017curawi szynowych,&nbsp;<\/li>\n\n\n\n<li>zastosowanie \u017curawi,&nbsp;<\/li>\n\n\n\n<li>zadania operatora \u017curawi szynowych,&nbsp;<\/li>\n\n\n\n<li>bezpieczna eksploatacja \u017curawi szynowych,&nbsp;<\/li>\n\n\n\n<li>przepisy <a href=\"https:\/\/kursy-udt.pl\/de\/szkolenia\/bhp-bezpieczenstwo-pracy\/prawna-ochrona-pracy\/\">BHP<\/a> i PPO\u017b,&nbsp;<\/li>\n\n\n\n<li>zaj\u0119cia praktyczne z obs\u0142ugi \u017curawi szynowych.&nbsp;<\/li>\n<\/ul>\n\n\n<div class=\"wp-block-image\">\n<figure class=\"alignleft size-large is-resized\"><a href=\"https:\/\/kursy-udt.pl\/wp-content\/uploads\/2023\/03\/screen_2x-2023-03-08T130508.809.jpg\"><img loading=\"lazy\" decoding=\"async\" src=\"https:\/\/kursy-udt.pl\/wp-content\/uploads\/2023\/03\/screen_2x-2023-03-08T130508.809-1024x684.jpg\" alt=\"\u017curaw szynowy podczas pracy\" class=\"wp-image-5423\" width=\"512\" height=\"342\" srcset=\"https:\/\/kursy-udt.pl\/wp-content\/uploads\/2023\/03\/screen_2x-2023-03-08T130508.809-1024x684.jpg 1024w, https:\/\/kursy-udt.pl\/wp-content\/uploads\/2023\/03\/screen_2x-2023-03-08T130508.809-300x200.jpg 300w, https:\/\/kursy-udt.pl\/wp-content\/uploads\/2023\/03\/screen_2x-2023-03-08T130508.809-768x513.jpg 768w, https:\/\/kursy-udt.pl\/wp-content\/uploads\/2023\/03\/screen_2x-2023-03-08T130508.809-1536x1025.jpg 1536w, https:\/\/kursy-udt.pl\/wp-content\/uploads\/2023\/03\/screen_2x-2023-03-08T130508.809-18x12.jpg 18w, https:\/\/kursy-udt.pl\/wp-content\/uploads\/2023\/03\/screen_2x-2023-03-08T130508.809-624x417.jpg 624w, https:\/\/kursy-udt.pl\/wp-content\/uploads\/2023\/03\/screen_2x-2023-03-08T130508.809.jpg 1600w\" sizes=\"auto, (max-width: 512px) 100vw, 512px\" \/><\/a><\/figure>\n<\/div>\n\n\n<h2 class=\"wp-block-heading\">Kurs na konserwatora \u017curawi szynowych&nbsp;<\/h2>\n\n\n\n<p>Ten typ szkolenia skupia si\u0119 przede wszystkim na dok\u0142adnym om\u00f3wieniu poszczeg\u00f3lnych cz\u0119\u015bci \u017curawia oraz jego dzia\u0142ania. Kursanci dowiaduj\u0105 si\u0119 jak zrobi\u0107 szczeg\u00f3\u0142owy przegl\u0105d urz\u0105dzenia, a tak\u017ce na co zwr\u00f3ci\u0107 uwag\u0119 podczas kontroli okresowych. Naucz\u0105 si\u0119 r\u00f3wnie\u017c wype\u0142niania i prowadzenia dokumentacji technicznej oraz poznaj\u0105 aktualnie obowi\u0105zuj\u0105ce przepisy prawne.\u00a0Konserwator urz\u0105dze\u0144 d\u017awigowych jest bardzo poszukiwany na rynku pracy.<\/p>\n\n\n\n<h2 class=\"wp-block-heading\">Program szkolenia<\/h2>\n\n\n\n<ul class=\"dwiekolumny wp-block-list\">\n<li>wiadomo\u015bci o dozorze technicznym,&nbsp;<\/li>\n\n\n\n<li>rodzaje \u017curawi,&nbsp;<\/li>\n\n\n\n<li>przepisy prawne,&nbsp;<\/li>\n\n\n\n<li>budowa \u017curawi szynowych i ich system\u00f3w,&nbsp;<\/li>\n\n\n\n<li>dzia\u0142anie \u017curawi szynowych,&nbsp;<\/li>\n\n\n\n<li>prawa i obowi\u0105zki konserwatora,&nbsp;<\/li>\n\n\n\n<li>czynno\u015bci konserwacyjne,&nbsp;<\/li>\n\n\n\n<li>przepisy BHP oraz PPO\u017b,&nbsp;<\/li>\n\n\n\n<li>\u0107wiczenia praktyczne.&nbsp;<\/li>\n<\/ul>\n\n\n\n<h2 class=\"wp-block-heading\">Egzamin UDT&nbsp;<\/h2>\n\n\n\n<p>Po zako\u0144czeniu kurs\u00f3w, przeprowadzany jest obowi\u0105zkowy egzamin pa\u0144stwowy, w ca\u0142o\u015bci nadzorowany przez Urz\u0105d Dozoru Technicznego. Kursanci najpierw przyst\u0119puj\u0105 do cz\u0119\u015bci testowej, a nast\u0119pnie musz\u0105 wykona\u0107 zadania zwi\u0105zane z obs\u0142ug\u0105 lub konserwacj\u0105 \u017curawi szynowych. Je\u015bli uczestnik zaliczy obie te cz\u0119\u015bci, otrzymuje uprawnienia pozwalaj\u0105ce na prac\u0119 na stanowisku operatora lub konserwatora. S\u0105 one wa\u017cne 5 lat, a wydaje je Urz\u0105d Dozoru Technicznego. Dokumenty te uprawniaj\u0105 do pracy operatora i konserwatora na terenie ca\u0142ej Polski oraz w krajach Unii Europejskiej. &nbsp;<\/p>\n\n\n\n<h2 class=\"wp-block-heading\">Cele szkolenia&nbsp;<\/h2>\n\n\n\n<p>Najwa\u017cniejszym celem szkolenia na operatora i konserwatora \u017curawi szynowych jest przygotowanie uczestnik\u00f3w do wykonywania przysz\u0142ej pracy oraz do pozytywnego zaliczenia egzaminu ko\u0144cowego. Skupiamy si\u0119 na przekazywaniu wiedzy teoretycznej i praktycznej, kt\u00f3ra pozwoli kursantom na zdobycia do\u015bwiadczenia oraz nabycie p\u0142ynno\u015bci i pewno\u015bci podczas wykonywania poszczeg\u00f3lnych zada\u0144. Przekazujemy tak\u017ce wiedz\u0119 na temat bezpiecznego wykonywania swoich obowi\u0105zk\u00f3w, reagowania na niebezpieczne sytuacje w pracy oraz udzielanie pierwszej pomocy. Nabywaj\u0105c te umiej\u0119tno\u015bci, kursanci s\u0105 na dobrej drodze do tego, aby sta\u0107 si\u0119 specjalistami w zakresie obs\u0142ugi i konserwacji \u017curawi szynowych.&nbsp;<\/p>\n\n\n\n<h2 class=\"wp-block-heading\">\u017burawie szynowe&nbsp;<\/h2>\n\n\n<div class=\"wp-block-image\">\n<figure class=\"alignright size-large is-resized\"><a href=\"https:\/\/kursy-udt.pl\/wp-content\/uploads\/2023\/02\/s2-8.jpg\"><img loading=\"lazy\" decoding=\"async\" src=\"https:\/\/kursy-udt.pl\/wp-content\/uploads\/2023\/02\/s2-8-1024x683.jpg\" alt=\"m\u0119\u017cczyzna w kamizelce odblaskowej\" class=\"wp-image-4909\" width=\"512\" height=\"342\" srcset=\"https:\/\/kursy-udt.pl\/wp-content\/uploads\/2023\/02\/s2-8-1024x683.jpg 1024w, https:\/\/kursy-udt.pl\/wp-content\/uploads\/2023\/02\/s2-8-300x200.jpg 300w, https:\/\/kursy-udt.pl\/wp-content\/uploads\/2023\/02\/s2-8-768x512.jpg 768w, https:\/\/kursy-udt.pl\/wp-content\/uploads\/2023\/02\/s2-8-1536x1024.jpg 1536w, https:\/\/kursy-udt.pl\/wp-content\/uploads\/2023\/02\/s2-8-18x12.jpg 18w, https:\/\/kursy-udt.pl\/wp-content\/uploads\/2023\/02\/s2-8-624x416.jpg 624w, https:\/\/kursy-udt.pl\/wp-content\/uploads\/2023\/02\/s2-8.jpg 1600w\" sizes=\"auto, (max-width: 512px) 100vw, 512px\" \/><\/a><\/figure>\n<\/div>\n\n\n<p>\u017burawie szynowe s\u0105 maszynami, kt\u00f3re podlegaj\u0105 pod doz\u00f3r techniczny. Sk\u0142adaj\u0105 si\u0119 z d\u0142ugiego ramienia, wysi\u0119gnika oraz zawiesi, do kt\u00f3rej zaczepiony jest \u0142adunek. \u017burawie szynowe mo\u017cna spotka\u0107 przede wszystkim w portach, gdy\u017c s\u0142u\u017c\u0105 one do transportu ci\u0119\u017ckich towar\u00f3w. S\u0105 szczeg\u00f3lnie u\u017cyteczne w za\u0142adunku, wy\u0142adunku i prze\u0142adunku r\u00f3\u017cnego rodzaju towar\u00f3w.&nbsp;<\/p>\n\n\n\n<h2 class=\"wp-block-heading\">Dlaczego warto wybra\u0107 nasze kursy?&nbsp;<\/h2>\n\n\n\n<p>Zapisuj\u0105c si\u0119 na nasz kurs, otrzymujesz gwarancj\u0119 profesjonalnego podej\u015bcia do ka\u017cdego uczestnika. Nasi szkoleniowcy przekazuj\u0105 wiedz\u0119 w spos\u00f3b mo\u017cliwie prosty i obrazowy, wykorzystuj\u0105c do tego prezentacje multimedialne oraz filmy edukacyjne. Ka\u017cda osoba otrzymuje dodatkowo materia\u0142y szkoleniowe wraz z baz\u0105 przyk\u0142adowych pyta\u0144 egzaminacyjnych.&nbsp;<\/p>\n\n\n\n<p>Jeste\u015bmy o\u015brodkiem szkoleniowym z du\u017cym do\u015bwiadczeniem. Przeszkolili\u015bmy ju\u017c tysi\u0105ce os\u00f3b, kt\u00f3re zdoby\u0142y uprawnienia i obecnie pracuj\u0105 jako operatorzy i konserwatorzy nie tylko \u017curawi, ale r\u00f3wnie\u017c \u0142adowarek teleskopowych, podest\u00f3w ruchomych, suwnic czy koparek.&nbsp;&nbsp;<\/p>\n\n\n\n<h2 class=\"wp-block-heading\">Nasze pozosta\u0142e us\u0142ugi:&nbsp;<\/h2>\n\n\n\n<ul class=\"wp-block-list\">\n<li>szkolenia na uprawnienia operatora i konserwatora wszystkich rodzaj\u00f3w \u017curawi (stacjonarnych, przewo\u017anych i przeno\u015bnych, samojezdnych, wie\u017cowych i szybko montuj\u0105cych, kolejowych i na pojazdach kolejowych, pok\u0142adowych oraz p\u0142ywaj\u0105cych), a tak\u017ce na pozosta\u0142e maszyny UDT takie jak podesty ruchome (podno\u015bniki koszowe i no\u017cycowe), suwnice, uk\u0142adnice magazynowe, \u0142adowarki teleskopowe i w\u00f3zki wid\u0142owe,&nbsp;<\/li>\n\n\n\n<li>szkolenia BHP i PPO\u017b (wst\u0119pne i okresowe),&nbsp;<\/li>\n\n\n\n<li>serwis stacjonarny i mobilny urz\u0105dze\u0144 m.in. podest\u00f3w ruchomych (podno\u015bnik\u00f3w koszowych i no\u017cycowych), \u0142adowarek teleskopowych, w\u00f3zk\u00f3w wid\u0142owych, uk\u0142adnic magazynowych oraz suwnic,&nbsp;<\/li>\n\n\n\n<li>konserwacja,&nbsp;<\/li>\n\n\n\n<li>modernizacja,&nbsp;<\/li>\n\n\n\n<li>przegl\u0105dy,&nbsp;<\/li>\n\n\n\n<li>mo\u017cliwo\u015b\u0107 sprawdzenia maszyny przed dokonaniem jej zakupu,&nbsp;<\/li>\n\n\n\n<li>mo\u017cliwo\u015b\u0107 wypo\u017cyczenia maszyny (w\u00f3zka wid\u0142owego lub podno\u015bnika no\u017cycowego),&nbsp;<\/li>\n\n\n\n<li>sprzeda\u017c maszyn nowych i u\u017cywanych.&nbsp;<\/li>\n<\/ul>\n\n\n\n<h2 class=\"wp-block-heading\">Pytania i odpowiedzi<\/h2>\n\n\n\t\t<details\t\thelp class=\"sc_fs_faq sc_card    \"\n\t\topen\t\t>\n\t\t\t\t\t<summary>\n\t\t\t\t<h3>Co otrzymam zapisuj\u0105c si\u0119 na kurs na \u017curawie szynowe?<\/h3>\t\t\t\t\t<\/summary>\n\t\t\t\t<div>\n\t\t\t\t\t\t<div class=\"sc_fs_faq__content\">\n\t\t\t\t\n\n<p>Ka\u017cdy uczestnik naszego szkolenia na operatora b\u0105d\u017a konserwatora \u017curawi szynowych otrzymuje darmowe materia\u0142y szkoleniowe, baz\u0119 przyk\u0142adowych pyta\u0144 egzaminacyjnych, wsparcie naszej kadry szkoleniowej. Dodatkowo zapewniamy pomoc przy za\u0142atwianiu wszelkich spraw formalnych.<\/p>\n\n\t\t\t<\/div>\n\t\t<\/div>\n\t\t<\/details>\n\t\t\t\t<details\t\thelp class=\"sc_fs_faq sc_card    \"\n\t\t\t\t>\n\t\t\t\t\t<summary>\n\t\t\t\t<h3>Czy przed rozpocz\u0119ciem kursu musz\u0119 przedstawi\u0107 orzeczenie lekarskie?<\/h3>\t\t\t\t\t<\/summary>\n\t\t\t\t<div>\n\t\t\t\t\t\t<div class=\"sc_fs_faq__content\">\n\t\t\t\t\n\n<p>Tak. Od kandydat\u00f3w wymagamy orzeczenia lekarskiego, kt\u00f3re b\u0119dzie potwierdza\u0142o dobry stan zdrowia do pracy jako operator lub <a href=\"https:\/\/kursy-udt.pl\/de\/szkolenia\/udt-wdt-tdt\/konserwator-zurawi-przenosnych-i-przewoznych\/\">konserwator \u017curawi<\/a> szynowych.<\/p>\n\n\t\t\t<\/div>\n\t\t<\/div>\n\t\t<\/details>\n\t\t\t\t<details\t\thelp class=\"sc_fs_faq sc_card    \"\n\t\t\t\t>\n\t\t\t\t\t<summary>\n\t\t\t\t<h3>Jakie jeszcze kursy macie w ofercie? <\/h3>\t\t\t\t\t<\/summary>\n\t\t\t\t<div>\n\t\t\t\t\t\t<div class=\"sc_fs_faq__content\">\n\t\t\t\t\n\n<p>W naszej ofercie znajduj\u0105 si\u0119 szkolenia przeciwpo\u017carowe oraz dotycz\u0105ce bezpiecze\u0144stwa i higieny pracy (wst\u0119pne i okresowe). Oferujemy r\u00f3wnie\u017c kursy na konserwatora i operatora poszczeg\u00f3lnych maszyn UDT np. w\u00f3zka wid\u0142owego, suwnic, uk\u0142adnic magazynowych, podest\u00f3w ruchomych, \u0142adowarek teleskopowych, a tak\u017ce wszystkich rodzaj\u00f3w \u017curawi.<\/p>\n\n\t\t\t<\/div>\n\t\t<\/div>\n\t\t<\/details>\n\t\t\n<script type=\"application\/ld+json\">\n\t{\n\t\t\"@context\": \"https:\/\/schema.org\",\n\t\t\"@type\": \"FAQPage\",\n\t\t\"mainEntity\": [\n\t\t\t\t\t{\n\t\t\t\t\"@type\": \"Question\",\n\t\t\t\t\"name\": \"Co otrzymam zapisuj\u0105c si\u0119 na kurs na \u017curawie szynowe?\",\n\t\t\t\t\"acceptedAnswer\": {\n\t\t\t\t\t\"@type\": \"Answer\",\n\t\t\t\t\t\"text\": \"<p>Ka\u017cdy uczestnik naszego szkolenia na operatora b\u0105d\u017a konserwatora \u017curawi szynowych otrzymuje darmowe materia\u0142y szkoleniowe, baz\u0119 przyk\u0142adowych pyta\u0144 egzaminacyjnych, wsparcie naszej kadry szkoleniowej. Dodatkowo zapewniamy pomoc przy za\u0142atwianiu wszelkich spraw formalnych.<\/p>\"\n\t\t\t\t\t\t\t\t\t}\n\t\t\t}\n\t\t\t,\t\t\t\t{\n\t\t\t\t\"@type\": \"Question\",\n\t\t\t\t\"name\": \"Czy przed rozpocz\u0119ciem kursu musz\u0119 przedstawi\u0107 orzeczenie lekarskie?\",\n\t\t\t\t\"acceptedAnswer\": {\n\t\t\t\t\t\"@type\": \"Answer\",\n\t\t\t\t\t\"text\": \"<p>Tak. Od kandydat\u00f3w wymagamy orzeczenia lekarskiego, kt\u00f3re b\u0119dzie potwierdza\u0142o dobry stan zdrowia do pracy jako operator lub konserwator \u017curawi szynowych.<\/p>\"\n\t\t\t\t\t\t\t\t\t}\n\t\t\t}\n\t\t\t,\t\t\t\t{\n\t\t\t\t\"@type\": \"Question\",\n\t\t\t\t\"name\": \"Jakie jeszcze kursy macie w ofercie? \",\n\t\t\t\t\"acceptedAnswer\": {\n\t\t\t\t\t\"@type\": \"Answer\",\n\t\t\t\t\t\"text\": \"<p>W naszej ofercie znajduj\u0105 si\u0119 szkolenia przeciwpo\u017carowe oraz dotycz\u0105ce bezpiecze\u0144stwa i higieny pracy (wst\u0119pne i okresowe). Oferujemy r\u00f3wnie\u017c kursy na konserwatora i operatora poszczeg\u00f3lnych maszyn UDT np. w\u00f3zka wid\u0142owego, suwnic, uk\u0142adnic magazynowych, podest\u00f3w ruchomych, \u0142adowarek teleskopowych, a tak\u017ce wszystkich rodzaj\u00f3w \u017curawi.<\/p>\"\n\t\t\t\t\t\t\t\t\t}\n\t\t\t}\n\t\t\t\t\t\t]\n\t}\n<\/script>\n","protected":false},"excerpt":{"rendered":"<p>Zdob\u0105d\u017a uprawnienia na operatora lub konserwatora \u017curawi szynowych O\u015brodek doskonalenia Kadr ERGON oferuje kompleksowe kursy na uprawnienia operatora \u017curawi szynowych. Na naszym szkoleniu zdob\u0119dziesz wiedz\u0119 teoretyczn\u0105 na temat \u017curawi, a tak\u017ce dozoru technicznego. Nab\u0119dziesz umiej\u0119tno\u015bci praktyczne, kt\u00f3re u\u0142atwi\u0105 Ci prac\u0119 na stanowisku operatora lub konserwatora. Wszystkie zaj\u0119cia odbywaj\u0105 si\u0119 pod okiem do\u015bwiadczonych instruktor\u00f3w, kt\u00f3rzy w razie potrzeby nakieruj\u0105 i podpowiedz\u0105 w jaki spos\u00f3b nale\u017cy wykona\u0107 dan\u0105 czynno\u015b\u0107. Poni\u017cej przedstawili\u015bmy wymagania dla kandydat\u00f3w oraz program szkole\u0144. &nbsp; Wymagania wst\u0119pne dla kandydat\u00f3w&nbsp; Ka\u017cda zainteresowana osoba, kt\u00f3ra chcia\u0142aby wzi\u0105\u0107 udzia\u0142 w naszych kursach na operatora \u017curawi szynowych, powinna:&nbsp; Kurs na operatora \u017curawi szynowych&nbsp; Szkolenie na operatora \u017curawi szynowych sk\u0142ada si\u0119 z cz\u0119\u015bci teoretycznej i praktycznej prowadzonej przez do\u015bwiadczonych szkoleniowc\u00f3w. Omawiaj\u0105 oni najwa\u017cniejsze informacje zwi\u0105zane z budow\u0105 \u017curawi, ich dzia\u0142aniem, obs\u0142ug\u0105 i czynno\u015bciami kontrolnymi. Podczas zaj\u0119\u0107, nasi specjali\u015bci m\u00f3wi\u0105 prostym obrazowym j\u0119zykiem, aby w pe\u0142ni ukaza\u0107 problematyk\u0119 omawianych zagadnie\u0144, a tak\u017ce wykorzystuj\u0105 autorskie prezentacje multimedialne u\u0142atwiaj\u0105ce zapami\u0119tywanie omawianych informacji.&nbsp;&nbsp; Program szkolenia Kurs na konserwatora \u017curawi szynowych&nbsp; Ten typ szkolenia skupia si\u0119 przede wszystkim na dok\u0142adnym om\u00f3wieniu poszczeg\u00f3lnych cz\u0119\u015bci \u017curawia oraz jego dzia\u0142ania. Kursanci dowiaduj\u0105 si\u0119 jak zrobi\u0107 szczeg\u00f3\u0142owy przegl\u0105d urz\u0105dzenia, a tak\u017ce na co zwr\u00f3ci\u0107 uwag\u0119 podczas kontroli okresowych. Naucz\u0105 si\u0119 r\u00f3wnie\u017c wype\u0142niania i prowadzenia dokumentacji technicznej oraz poznaj\u0105 aktualnie obowi\u0105zuj\u0105ce przepisy prawne.\u00a0Konserwator urz\u0105dze\u0144 d\u017awigowych jest bardzo poszukiwany na rynku pracy. Program szkolenia Egzamin UDT&nbsp; Po zako\u0144czeniu kurs\u00f3w, przeprowadzany jest obowi\u0105zkowy egzamin pa\u0144stwowy, w ca\u0142o\u015bci nadzorowany przez Urz\u0105d Dozoru Technicznego. Kursanci najpierw przyst\u0119puj\u0105 do cz\u0119\u015bci testowej, a nast\u0119pnie musz\u0105 wykona\u0107 zadania zwi\u0105zane z obs\u0142ug\u0105 lub konserwacj\u0105 \u017curawi szynowych. Je\u015bli [&hellip;]<\/p>\n","protected":false},"author":6,"featured_media":5423,"parent":2721,"menu_order":0,"comment_status":"closed","ping_status":"closed","template":"","meta":{"sfsi_plus_gutenberg_text_before_share":"","sfsi_plus_gutenberg_show_text_before_share":"","sfsi_plus_gutenberg_icon_type":"","sfsi_plus_gutenberg_icon_alignemt":"","sfsi_plus_gutenburg_max_per_row":"","footnotes":""},"class_list":["post-4906","page","type-page","status-publish","has-post-thumbnail","hentry","has_thumb"],"aioseo_notices":[],"_links":{"self":[{"href":"https:\/\/kursy-udt.pl\/de\/wp-json\/wp\/v2\/pages\/4906","targetHints":{"allow":["GET"]}}],"collection":[{"href":"https:\/\/kursy-udt.pl\/de\/wp-json\/wp\/v2\/pages"}],"about":[{"href":"https:\/\/kursy-udt.pl\/de\/wp-json\/wp\/v2\/types\/page"}],"author":[{"embeddable":true,"href":"https:\/\/kursy-udt.pl\/de\/wp-json\/wp\/v2\/users\/6"}],"replies":[{"embeddable":true,"href":"https:\/\/kursy-udt.pl\/de\/wp-json\/wp\/v2\/comments?post=4906"}],"version-history":[{"count":7,"href":"https:\/\/kursy-udt.pl\/de\/wp-json\/wp\/v2\/pages\/4906\/revisions"}],"predecessor-version":[{"id":5429,"href":"https:\/\/kursy-udt.pl\/de\/wp-json\/wp\/v2\/pages\/4906\/revisions\/5429"}],"up":[{"embeddable":true,"href":"https:\/\/kursy-udt.pl\/de\/wp-json\/wp\/v2\/pages\/2721"}],"wp:featuredmedia":[{"embeddable":true,"href":"https:\/\/kursy-udt.pl\/de\/wp-json\/wp\/v2\/media\/5423"}],"wp:attachment":[{"href":"https:\/\/kursy-udt.pl\/de\/wp-json\/wp\/v2\/media?parent=4906"}],"curies":[{"name":"wp","href":"https:\/\/api.w.org\/{rel}","templated":true}]}}