{"id":4876,"date":"2023-03-03T09:51:15","date_gmt":"2023-03-03T08:51:15","guid":{"rendered":"https:\/\/kursy-udt.pl\/?page_id=4876"},"modified":"2023-03-08T11:56:00","modified_gmt":"2023-03-08T10:56:00","slug":"turm-und-hochgeschwindigkeitskrane","status":"publish","type":"page","link":"https:\/\/kursy-udt.pl\/de\/szkolenia\/udt-wdt-tdt\/zurawie-wiezowe-oraz-szybkomontujace\/","title":{"rendered":"Ausbildung zum Bediener und Instandhalter von Turm- und Hochgeschwindigkeitskranen"},"content":{"rendered":"\n<h2 class=\"wp-block-heading\">\u017burawie wie\u017cowe i szybkomontuj\u0105ce \u2013 szkolenie zawodowe<\/h2>\n\n\n\n<p>Jako do\u015bwiadczeni szkoleniowcy dzia\u0142amy na rynku ju\u017c ponad 15 lat. Nasi pracownicy to do\u015bwiadczeni operatorzy i konserwatorzy \u017curawi wie\u017cowych, szybkomontuj\u0105cych i wielu innych. Od lat wsp\u00f3\u0142pracujemy z Urz\u0119dem Dozoru Technicznego. Programy naszych kurs\u00f3w s\u0105 regularnie aktualizowane i zgodne z regulacjami prawnymi. &nbsp;<\/p>\n\n\n<div class=\"wp-block-image\">\n<figure class=\"alignright size-large is-resized\"><a href=\"https:\/\/kursy-udt.pl\/wp-content\/uploads\/2023\/02\/s2-6.jpg\"><img loading=\"lazy\" decoding=\"async\" src=\"https:\/\/kursy-udt.pl\/wp-content\/uploads\/2023\/02\/s2-6-1024x680.jpg\" alt=\"\u017buraw szybkomontujacy Liebherr 35k\" class=\"wp-image-4879\" width=\"512\" height=\"340\" srcset=\"https:\/\/kursy-udt.pl\/wp-content\/uploads\/2023\/02\/s2-6-1024x680.jpg 1024w, https:\/\/kursy-udt.pl\/wp-content\/uploads\/2023\/02\/s2-6-300x199.jpg 300w, https:\/\/kursy-udt.pl\/wp-content\/uploads\/2023\/02\/s2-6-768x510.jpg 768w, https:\/\/kursy-udt.pl\/wp-content\/uploads\/2023\/02\/s2-6-1536x1020.jpg 1536w, https:\/\/kursy-udt.pl\/wp-content\/uploads\/2023\/02\/s2-6-18x12.jpg 18w, https:\/\/kursy-udt.pl\/wp-content\/uploads\/2023\/02\/s2-6-624x415.jpg 624w, https:\/\/kursy-udt.pl\/wp-content\/uploads\/2023\/02\/s2-6.jpg 1600w\" sizes=\"auto, (max-width: 512px) 100vw, 512px\" \/><\/a><\/figure>\n<\/div>\n\n\n<h2 class=\"wp-block-heading\">Program szkolenia<\/h2>\n\n\n\n<p>Program szkoleniowy obejmuje zagadnienia z zakresu:&nbsp;<\/p>\n\n\n\n<ul class=\"wp-block-list\">\n<li>zasad bezpiecze\u0144stwa w pracy i dozoru technicznego,&nbsp;<\/li>\n\n\n\n<li>typ\u00f3w \u017curawi,&nbsp;<\/li>\n\n\n\n<li>budowy \u017curawi,&nbsp;<\/li>\n\n\n\n<li>zasad prawid\u0142owej eksploatacji \u017curawi,&nbsp;<\/li>\n\n\n\n<li>zabezpiecze\u0144 urz\u0105dze\u0144,&nbsp;<\/li>\n\n\n\n<li>obowi\u0105zk\u00f3w operatora d\u017awig\u00f3w wie\u017cowych i szybkomontuj\u0105cych.&nbsp;<br>&nbsp;<\/li>\n<\/ul>\n\n\n\n<p>Po szkoleniu teoretycznym odbywaj\u0105 si\u0119 zaj\u0119cia praktyczne na specjalnie przygotowanym placu manewrowym.&nbsp;&nbsp;<\/p>\n\n\n\n<h2 class=\"wp-block-heading\">Znani producenci <\/h2>\n\n\n\n<p>Nasze szkolenia umo\u017cliwiaj\u0105 prac\u0119 na urz\u0105dzeniach marek: Liebherr, Krupi\u0144ski Cranes, Potain, Saez, Comedil, Raimondi i wielu innych.&nbsp;<\/p>\n\n\n\n<p><strong>Do obowi\u0105zk\u00f3w konserwator\u00f3w \u017curawi wie\u017cowych i szybkomontuj\u0105cych nale\u017cy:&nbsp;<\/strong><\/p>\n\n\n\n<ul class=\"wp-block-list\">\n<li>umiej\u0119tno\u015b\u0107 wymiany element\u00f3w,&nbsp;&nbsp;<\/li>\n\n\n\n<li>sposoby zapobiegania awariom,&nbsp;<\/li>\n\n\n\n<li>wype\u0142nienie dokumentacji,&nbsp;<\/li>\n\n\n\n<li>przeprowadzanie przegl\u0105d\u00f3w wst\u0119pnych i okresowych \u017curawi.&nbsp;<\/li>\n<\/ul>\n\n\n\n<h2 class=\"wp-block-heading\">Co oferujemy?<\/h2>\n\n\n\n<ul class=\"wp-block-list\">\n<li><strong>Szkolenia otwarte<\/strong> \u2013 w naszej siedzibie w Warszawie oraz w innych o\u015brodkach m.in. w Krakowie lub w ka\u017cdym dowolnym miejscu, wybranym przez klienta.&nbsp;<\/li>\n\n\n\n<li><strong>Szkolenia zamkni\u0119te<\/strong> \u2013 zach\u0119camy firmy i grupy zorganizowane do skorzystania z naszej oferty kurs\u00f3w zamkni\u0119tych. Wystarczy ustali\u0107 z nami termin i miejsce szkolenia. &nbsp;<br>&nbsp;<\/li>\n<\/ul>\n\n\n<div class=\"wp-block-image\">\n<figure class=\"alignleft size-large is-resized\"><a href=\"https:\/\/kursy-udt.pl\/wp-content\/uploads\/2023\/02\/s2-7.jpg\"><img loading=\"lazy\" decoding=\"async\" src=\"https:\/\/kursy-udt.pl\/wp-content\/uploads\/2023\/02\/s2-7-1024x680.jpg\" alt=\"Operator d\u017awigu wie\u017cowego w stroju roboczym\" class=\"wp-image-4880\" width=\"512\" height=\"340\" srcset=\"https:\/\/kursy-udt.pl\/wp-content\/uploads\/2023\/02\/s2-7-1024x680.jpg 1024w, https:\/\/kursy-udt.pl\/wp-content\/uploads\/2023\/02\/s2-7-300x199.jpg 300w, https:\/\/kursy-udt.pl\/wp-content\/uploads\/2023\/02\/s2-7-768x510.jpg 768w, https:\/\/kursy-udt.pl\/wp-content\/uploads\/2023\/02\/s2-7-1536x1020.jpg 1536w, https:\/\/kursy-udt.pl\/wp-content\/uploads\/2023\/02\/s2-7-18x12.jpg 18w, https:\/\/kursy-udt.pl\/wp-content\/uploads\/2023\/02\/s2-7-624x415.jpg 624w, https:\/\/kursy-udt.pl\/wp-content\/uploads\/2023\/02\/s2-7.jpg 1600w\" sizes=\"auto, (max-width: 512px) 100vw, 512px\" \/><\/a><\/figure>\n<\/div>\n\n\n<h2 class=\"wp-block-heading\">Wymagania przyst\u0105pienia do kursu<\/h2>\n\n\n\n<p><strong>Od przysz\u0142ych kursant\u00f3w oczekujemy:<\/strong>&nbsp;<\/p>\n\n\n\n<ul class=\"wp-block-list\">\n<li>pe\u0142noletno\u015bci,&nbsp;<\/li>\n\n\n\n<li>minimum podstawowego wykszta\u0142cenia,&nbsp;<\/li>\n\n\n\n<li>braku przeciwwskaza\u0144 do wykonywania pracy na stanowisku operatora\/ konserwatora \u017curawi wie\u017cowych,&nbsp;<\/li>\n\n\n\n<li>bada\u0144 psychologicznych,&nbsp;<\/li>\n\n\n\n<li>dobrego nastawienia i ch\u0119ci!&nbsp;<\/li>\n<\/ul>\n\n\n\n<h2 class=\"wp-block-heading\">Specyfika \u017curawi wie\u017cowych i szybkomontuj\u0105cych&nbsp;<\/h2>\n\n\n\n<p>D\u017awigi wie\u017cowe to jedne z najcz\u0119\u015bciej spotykanych urz\u0105dze\u0144. Jest to tak\u017ce jedna z najwi\u0119kszych maszyn budowlanych. Zbudowane s\u0105 z:&nbsp;<\/p>\n\n\n\n<ul class=\"wp-block-list\">\n<li>wie\u017cy masztowej,&nbsp;<\/li>\n\n\n\n<li>pod\u0142o\u017ca: stacjonarnego lub przejezdnego,&nbsp;<\/li>\n\n\n\n<li>wysi\u0119gnika: poziomego lub nachylonego,&nbsp;<\/li>\n\n\n\n<li>liny i haka do podnoszenia \u0142adunk\u00f3w.&nbsp;<\/li>\n<\/ul>\n\n\n\n<p><a href=\"https:\/\/kursy-udt.pl\/de\/szkolenia\/udt-wdt-tdt\/zurawie-wiezowe\/\">\u017burawie wie\u017cowe<\/a> przejezdne posiadaj\u0105 podwozie najcz\u0119\u015bciej szynowe b\u0105d\u017a g\u0105sienicowe.&nbsp;&nbsp;<\/p>\n\n\n\n<p>D\u017awigi wie\u017cowe stosowane s\u0105 w budownictwie przemys\u0142owym lub mieszkaniowym, ale te\u017c przy transporcie konstrukcji stalowych na wysoko\u015bciach.&nbsp;<br>&nbsp;<\/p>\n\n\n<div class=\"wp-block-image\">\n<figure class=\"alignright size-large is-resized\"><a href=\"https:\/\/kursy-udt.pl\/wp-content\/uploads\/2023\/02\/s2-6-1.jpg\"><img loading=\"lazy\" decoding=\"async\" src=\"https:\/\/kursy-udt.pl\/wp-content\/uploads\/2023\/02\/s2-6-1-1024x680.jpg\" alt=\"\u017buraw wie\u017cowy na budowie blok\u00f3w mieszkalnych\" class=\"wp-image-4881\" width=\"512\" height=\"340\" srcset=\"https:\/\/kursy-udt.pl\/wp-content\/uploads\/2023\/02\/s2-6-1-1024x680.jpg 1024w, https:\/\/kursy-udt.pl\/wp-content\/uploads\/2023\/02\/s2-6-1-300x199.jpg 300w, https:\/\/kursy-udt.pl\/wp-content\/uploads\/2023\/02\/s2-6-1-768x510.jpg 768w, https:\/\/kursy-udt.pl\/wp-content\/uploads\/2023\/02\/s2-6-1-1536x1020.jpg 1536w, https:\/\/kursy-udt.pl\/wp-content\/uploads\/2023\/02\/s2-6-1-18x12.jpg 18w, https:\/\/kursy-udt.pl\/wp-content\/uploads\/2023\/02\/s2-6-1-624x415.jpg 624w, https:\/\/kursy-udt.pl\/wp-content\/uploads\/2023\/02\/s2-6-1.jpg 1600w\" sizes=\"auto, (max-width: 512px) 100vw, 512px\" \/><\/a><\/figure>\n<\/div>\n\n\n<h2 class=\"wp-block-heading\">Za\u015bwiadczenie kwalifikacyjne UDT&nbsp;<\/h2>\n\n\n\n<p>Nasze szkolenie jest idealnym przygotowaniem do egzaminu pa\u0144stwowego w Urz\u0119dzie Dozoru Technicznego. Programy kurs\u00f3w dostosowane s\u0105 do obowi\u0105zuj\u0105cych wymog\u00f3w i regulacji prawnych. Wszelka dokumentacja zwi\u0105zana z zapisem uczestnika na egzamin pa\u0144stwowy jest po naszej stronie, dlatego zadaniem kursanta jest tylko odpowiednie przygotowanie si\u0119 do egzaminu, podczas naszych zaj\u0119\u0107.&nbsp;<\/p>\n\n\n\n<h2 class=\"wp-block-heading\">Materia\u0142y dydaktyczne<\/h2>\n\n\n\n<p>Po zapisaniu si\u0119 na kurs ka\u017cdy uczestnik otrzymuje materia\u0142y szkoleniowe dost\u0119pne w formie online. Materia\u0142y szkoleniowe to:&nbsp;&nbsp;<\/p>\n\n\n\n<ul class=\"wp-block-list\">\n<li>wiedza teoretyczna,&nbsp;<\/li>\n\n\n\n<li>filmy instrukta\u017cowe,&nbsp;<\/li>\n\n\n\n<li>rady ekspert\u00f3w,&nbsp;<\/li>\n\n\n\n<li>specyfika pracy operatora\/ konserwatora,&nbsp;<\/li>\n\n\n\n<li>dziennik konserwacji,&nbsp;<\/li>\n\n\n\n<li>pr\u00f3bne testy.&nbsp;<\/li>\n<\/ul>\n\n\n\n<p>Egzamin UDT odbywa si\u0119 w formie testu i zadania praktycznego wykonywanego pod okiem komisji egzaminacyjnej.&nbsp;&nbsp;<\/p>\n\n\n\n<p>Po uzyskaniu kwalifikacji uprawnienia wa\u017cne s\u0105 przez 5 lat. Po ich up\u0142ywie mo\u017cna je przed\u0142u\u017cy\u0107.&nbsp;<\/p>\n\n\n\n<h2 class=\"wp-block-heading\">\u017buraw &nbsp;\u2013 opis<\/h2>\n\n\n\n<p>\u017buraw szybkomontuj\u0105cy wg. definicji UDT to \u201cd\u017awignica sk\u0142adaj\u0105ca si\u0119 z pionowego masztu montowanego na przejezdnym lub stacjonarnym podwoziu i wysi\u0119gnika poziomego lub nachylonego pod k\u0105tem do poziomu; podnosi \u0142adunki na haku opuszczanym na linie z wysi\u0119gnika \u017curawia\u201d.&nbsp;<\/p>\n\n\n\n<p>Tak jak wszystkie \u017curawie, <a href=\"https:\/\/kursy-udt.pl\/de\/szkolenia\/udt-wdt-tdt\/operowanie-dzwigami\/\">d\u017awigi budowlane<\/a> i szybkomontuj\u0105ce podlegaj\u0105 dozorowi technicznemu.&nbsp;<\/p>\n\n\n\n<h2 class=\"wp-block-heading\">Pytania i odpowiedzi<\/h2>\n\n\n\t\t<details\t\thelp class=\"sc_fs_faq sc_card    \"\n\t\topen\t\t>\n\t\t\t\t\t<summary>\n\t\t\t\t<h3>Jaki nap\u0119d posiada \u017curaw wie\u017cowy?<\/h3>\t\t\t\t\t<\/summary>\n\t\t\t\t<div>\n\t\t\t\t\t\t<div class=\"sc_fs_faq__content\">\n\t\t\t\t\n\n<p>\u017buraw budowlany posiada kilka nap\u0119d\u00f3w. Najcz\u0119\u015bciej wykorzystuj\u0105 one nap\u0119dy elektryczne. Ka\u017cdy z nich odpowiada za prac\u0119 innego elementu, np. jazd\u0119, obr\u00f3t wysi\u0119gnika, wychylenie wysi\u0119gnika czy prac\u0119 haka.<\/p>\n\n\t\t\t<\/div>\n\t\t<\/div>\n\t\t<\/details>\n\t\t\t\t<details\t\thelp class=\"sc_fs_faq sc_card    \"\n\t\t\t\t>\n\t\t\t\t\t<summary>\n\t\t\t\t<h3>Jak d\u0142ugo wa\u017cne s\u0105 uprawnienia na operatora \u017curawia szybkomontuj\u0105cego?<\/h3>\t\t\t\t\t<\/summary>\n\t\t\t\t<div>\n\t\t\t\t\t\t<div class=\"sc_fs_faq__content\">\n\t\t\t\t\n\n<p><a href=\"https:\/\/kursy-udt.pl\/de\/uprawnienia-udt\/kategorie-uprawnien-2\/\">Uprawnienia UDT<\/a> na obs\u0142ug\u0119 \u017curawi wie\u017cowych uprawniaj\u0105 tak\u017ce na obs\u0142ug\u0119 \u017curawi szybkomontuj\u0105cych i szynowych. Okres wa\u017cno\u015bci tych uprawnie\u0144 to 5 lat, po up\u0142ywie kt\u00f3rych nale\u017cy przed\u0142u\u017cy\u0107 ich wa\u017cno\u015b\u0107.<\/p>\n\n\t\t\t<\/div>\n\t\t<\/div>\n\t\t<\/details>\n\t\t\t\t<details\t\thelp class=\"sc_fs_faq sc_card    \"\n\t\t\t\t>\n\t\t\t\t\t<summary>\n\t\t\t\t<h3>Gdzie stosuje si\u0119 \u017curawie wie\u017cowe?<\/h3>\t\t\t\t\t<\/summary>\n\t\t\t\t<div>\n\t\t\t\t\t\t<div class=\"sc_fs_faq__content\">\n\t\t\t\t\n\n<p>\u017burawie wie\u017cowe to najcz\u0119\u015bciej widziane d\u017awigi na placach budowy w szczeg\u00f3lno\u015bci blok\u00f3w mieszkalnych. S\u0142u\u017c\u0105 do transportu \u0142adunk\u00f3w na wysoko\u015b\u0107 nawet do kilkudziesi\u0119ciu metr\u00f3w.<\/p>\n\n\t\t\t<\/div>\n\t\t<\/div>\n\t\t<\/details>\n\t\t\t\t<details\t\thelp class=\"sc_fs_faq sc_card    \"\n\t\t\t\t>\n\t\t\t\t\t<summary>\n\t\t\t\t<h3>Co to \u017curaw szybkomontuj\u0105cy?<\/h3>\t\t\t\t\t<\/summary>\n\t\t\t\t<div>\n\t\t\t\t\t\t<div class=\"sc_fs_faq__content\">\n\t\t\t\t\n\n<p>\u017buraw szybkomontuj\u0105cy to d\u017awignica podlegaj\u0105ca dozorowi technicznemu. Sk\u0142ada si\u0119 z masztu zamontowanego na pod\u0142o\u017cu stacjonarnym lub podwoziu przejezdnym, wysi\u0119gnika nachylonego lub poziomego oraz liny i haka podnosz\u0105cego \u0142adunki.<\/p>\n\n\t\t\t<\/div>\n\t\t<\/div>\n\t\t<\/details>\n\t\t\n<script type=\"application\/ld+json\">\n\t{\n\t\t\"@context\": \"https:\/\/schema.org\",\n\t\t\"@type\": \"FAQPage\",\n\t\t\"mainEntity\": [\n\t\t\t\t\t{\n\t\t\t\t\"@type\": \"Question\",\n\t\t\t\t\"name\": \"Jaki nap\u0119d posiada \u017curaw wie\u017cowy?\",\n\t\t\t\t\"acceptedAnswer\": {\n\t\t\t\t\t\"@type\": \"Answer\",\n\t\t\t\t\t\"text\": \"<p>\u017buraw budowlany posiada kilka nap\u0119d\u00f3w. Najcz\u0119\u015bciej wykorzystuj\u0105 one nap\u0119dy elektryczne. Ka\u017cdy z nich odpowiada za prac\u0119 innego elementu, np. jazd\u0119, obr\u00f3t wysi\u0119gnika, wychylenie wysi\u0119gnika czy prac\u0119 haka.<\/p>\"\n\t\t\t\t\t\t\t\t\t}\n\t\t\t}\n\t\t\t,\t\t\t\t{\n\t\t\t\t\"@type\": \"Question\",\n\t\t\t\t\"name\": \"Jak d\u0142ugo wa\u017cne s\u0105 uprawnienia na operatora \u017curawia szybkomontuj\u0105cego?\",\n\t\t\t\t\"acceptedAnswer\": {\n\t\t\t\t\t\"@type\": \"Answer\",\n\t\t\t\t\t\"text\": \"<p>Uprawnienia UDT na obs\u0142ug\u0119 \u017curawi wie\u017cowych uprawniaj\u0105 tak\u017ce na obs\u0142ug\u0119 \u017curawi szybkomontuj\u0105cych i szynowych. Okres wa\u017cno\u015bci tych uprawnie\u0144 to 5 lat, po up\u0142ywie kt\u00f3rych nale\u017cy przed\u0142u\u017cy\u0107 ich wa\u017cno\u015b\u0107.<\/p>\"\n\t\t\t\t\t\t\t\t\t}\n\t\t\t}\n\t\t\t,\t\t\t\t{\n\t\t\t\t\"@type\": \"Question\",\n\t\t\t\t\"name\": \"Gdzie stosuje si\u0119 \u017curawie wie\u017cowe?\",\n\t\t\t\t\"acceptedAnswer\": {\n\t\t\t\t\t\"@type\": \"Answer\",\n\t\t\t\t\t\"text\": \"<p>\u017burawie wie\u017cowe to najcz\u0119\u015bciej widziane d\u017awigi na placach budowy w szczeg\u00f3lno\u015bci blok\u00f3w mieszkalnych. S\u0142u\u017c\u0105 do transportu \u0142adunk\u00f3w na wysoko\u015b\u0107 nawet do kilkudziesi\u0119ciu metr\u00f3w.<\/p>\"\n\t\t\t\t\t\t\t\t\t}\n\t\t\t}\n\t\t\t,\t\t\t\t{\n\t\t\t\t\"@type\": \"Question\",\n\t\t\t\t\"name\": \"Co to \u017curaw szybkomontuj\u0105cy?\",\n\t\t\t\t\"acceptedAnswer\": {\n\t\t\t\t\t\"@type\": \"Answer\",\n\t\t\t\t\t\"text\": \"<p>\u017buraw szybkomontuj\u0105cy to d\u017awignica podlegaj\u0105ca dozorowi technicznemu. Sk\u0142ada si\u0119 z masztu zamontowanego na pod\u0142o\u017cu stacjonarnym lub podwoziu przejezdnym, wysi\u0119gnika nachylonego lub poziomego oraz liny i haka podnosz\u0105cego \u0142adunki.<\/p>\"\n\t\t\t\t\t\t\t\t\t}\n\t\t\t}\n\t\t\t\t\t\t]\n\t}\n<\/script>\n","protected":false},"excerpt":{"rendered":"<p>\u017burawie wie\u017cowe i szybkomontuj\u0105ce \u2013 szkolenie zawodowe Jako do\u015bwiadczeni szkoleniowcy dzia\u0142amy na rynku ju\u017c ponad 15 lat. Nasi pracownicy to do\u015bwiadczeni operatorzy i konserwatorzy \u017curawi wie\u017cowych, szybkomontuj\u0105cych i wielu innych. Od lat wsp\u00f3\u0142pracujemy z Urz\u0119dem Dozoru Technicznego. Programy naszych kurs\u00f3w s\u0105 regularnie aktualizowane i zgodne z regulacjami prawnymi. &nbsp; Program szkolenia Program szkoleniowy obejmuje zagadnienia z zakresu:&nbsp; Po szkoleniu teoretycznym odbywaj\u0105 si\u0119 zaj\u0119cia praktyczne na specjalnie przygotowanym placu manewrowym.&nbsp;&nbsp; Znani producenci Nasze szkolenia umo\u017cliwiaj\u0105 prac\u0119 na urz\u0105dzeniach marek: Liebherr, Krupi\u0144ski Cranes, Potain, Saez, Comedil, Raimondi i wielu innych.&nbsp; Do obowi\u0105zk\u00f3w konserwator\u00f3w \u017curawi wie\u017cowych i szybkomontuj\u0105cych nale\u017cy:&nbsp; Co oferujemy? Wymagania przyst\u0105pienia do kursu Od przysz\u0142ych kursant\u00f3w oczekujemy:&nbsp; Specyfika \u017curawi wie\u017cowych i szybkomontuj\u0105cych&nbsp; D\u017awigi wie\u017cowe to jedne z najcz\u0119\u015bciej spotykanych urz\u0105dze\u0144. Jest to tak\u017ce jedna z najwi\u0119kszych maszyn budowlanych. Zbudowane s\u0105 z:&nbsp; \u017burawie wie\u017cowe przejezdne posiadaj\u0105 podwozie najcz\u0119\u015bciej szynowe b\u0105d\u017a g\u0105sienicowe.&nbsp;&nbsp; D\u017awigi wie\u017cowe stosowane s\u0105 w budownictwie przemys\u0142owym lub mieszkaniowym, ale te\u017c przy transporcie konstrukcji stalowych na wysoko\u015bciach.&nbsp;&nbsp; Za\u015bwiadczenie kwalifikacyjne UDT&nbsp; Nasze szkolenie jest idealnym przygotowaniem do egzaminu pa\u0144stwowego w Urz\u0119dzie Dozoru Technicznego. Programy kurs\u00f3w dostosowane s\u0105 do obowi\u0105zuj\u0105cych wymog\u00f3w i regulacji prawnych. Wszelka dokumentacja zwi\u0105zana z zapisem uczestnika na egzamin pa\u0144stwowy jest po naszej stronie, dlatego zadaniem kursanta jest tylko odpowiednie przygotowanie si\u0119 do egzaminu, podczas naszych zaj\u0119\u0107.&nbsp; Materia\u0142y dydaktyczne Po zapisaniu si\u0119 na kurs ka\u017cdy uczestnik otrzymuje materia\u0142y szkoleniowe dost\u0119pne w formie online. Materia\u0142y szkoleniowe to:&nbsp;&nbsp; Egzamin UDT odbywa si\u0119 w formie testu i zadania praktycznego wykonywanego pod okiem komisji egzaminacyjnej.&nbsp;&nbsp; Po uzyskaniu kwalifikacji uprawnienia wa\u017cne s\u0105 przez 5 lat. Po ich up\u0142ywie mo\u017cna je [&hellip;]<\/p>\n","protected":false},"author":6,"featured_media":4878,"parent":2721,"menu_order":0,"comment_status":"closed","ping_status":"closed","template":"","meta":{"sfsi_plus_gutenberg_text_before_share":"","sfsi_plus_gutenberg_show_text_before_share":"","sfsi_plus_gutenberg_icon_type":"","sfsi_plus_gutenberg_icon_alignemt":"","sfsi_plus_gutenburg_max_per_row":"","footnotes":""},"class_list":["post-4876","page","type-page","status-publish","has-post-thumbnail","hentry","has_thumb"],"aioseo_notices":[],"_links":{"self":[{"href":"https:\/\/kursy-udt.pl\/de\/wp-json\/wp\/v2\/pages\/4876","targetHints":{"allow":["GET"]}}],"collection":[{"href":"https:\/\/kursy-udt.pl\/de\/wp-json\/wp\/v2\/pages"}],"about":[{"href":"https:\/\/kursy-udt.pl\/de\/wp-json\/wp\/v2\/types\/page"}],"author":[{"embeddable":true,"href":"https:\/\/kursy-udt.pl\/de\/wp-json\/wp\/v2\/users\/6"}],"replies":[{"embeddable":true,"href":"https:\/\/kursy-udt.pl\/de\/wp-json\/wp\/v2\/comments?post=4876"}],"version-history":[{"count":10,"href":"https:\/\/kursy-udt.pl\/de\/wp-json\/wp\/v2\/pages\/4876\/revisions"}],"predecessor-version":[{"id":5403,"href":"https:\/\/kursy-udt.pl\/de\/wp-json\/wp\/v2\/pages\/4876\/revisions\/5403"}],"up":[{"embeddable":true,"href":"https:\/\/kursy-udt.pl\/de\/wp-json\/wp\/v2\/pages\/2721"}],"wp:featuredmedia":[{"embeddable":true,"href":"https:\/\/kursy-udt.pl\/de\/wp-json\/wp\/v2\/media\/4878"}],"wp:attachment":[{"href":"https:\/\/kursy-udt.pl\/de\/wp-json\/wp\/v2\/media?parent=4876"}],"curies":[{"name":"wp","href":"https:\/\/api.w.org\/{rel}","templated":true}]}}