{"id":4869,"date":"2023-03-03T09:47:42","date_gmt":"2023-03-03T08:47:42","guid":{"rendered":"https:\/\/kursy-udt.pl\/?page_id=4869"},"modified":"2023-03-08T11:52:05","modified_gmt":"2023-03-08T10:52:05","slug":"schweisbefahigung","status":"publish","type":"page","link":"https:\/\/kursy-udt.pl\/de\/szkolenia\/spawalnictwo-materialow\/uprawnienia-spawalnicze\/","title":{"rendered":"SCHWEISSERLEHRGANG"},"content":{"rendered":"\n<h2 class=\"wp-block-heading\">Zdobywaj nowe kwalifikacje&nbsp;\u2013 kurs na spawacza<\/h2>\n\n\n\n<p>Szkolenie na spawacza to doskona\u0142a okazja dla os\u00f3b, kt\u00f3re chc\u0105 zdoby\u0107 nowe umiej\u0119tno\u015bci lub ulepszy\u0107 swoje ju\u017c istniej\u0105ce. Nasze kursy przygotowuj\u0105 nie tylko do egzaminu pa\u0144stwowego, ale r\u00f3wnie\u017c do pracy. <\/p>\n\n\n\n<p>Nasi do\u015bwiadczeni instruktorzy opieraj\u0105 szkolenia na nowoczesnych metodach nauczania i dbaj\u0105, by atmosfera lekcji by\u0142a zawsze mi\u0142a. Kursy sk\u0142adaj\u0105 si\u0119 z cz\u0119\u015bci teoretycznej, na kt\u00f3rej kursanci b\u0119d\u0105 zdobywa\u0107\u202fwiedz\u0119 og\u00f3ln\u0105 oraz cz\u0119\u015b\u0107 praktyczn\u0105, kt\u00f3ra skupia si\u0119 na nabywaniu umiej\u0119tno\u015bci praktycznych podczas spawania. Pomagamy przy wype\u0142nieniu wszystkich formalno\u015bci oraz przy doborze odpowiedniego terminu szkolenia. Zapraszamy do zapoznania si\u0119 z nasz\u0105 ofert\u0105 szkole\u0144!&nbsp;<\/p>\n\n\n<div class=\"wp-block-image\">\n<figure class=\"alignright size-large is-resized\"><a href=\"https:\/\/kursy-udt.pl\/wp-content\/uploads\/2023\/02\/canva-bez-tytulu-MAEHsuf_yy4.jpg\"><img loading=\"lazy\" decoding=\"async\" src=\"https:\/\/kursy-udt.pl\/wp-content\/uploads\/2023\/02\/canva-bez-tytulu-MAEHsuf_yy4-1024x720.jpg\" alt=\"Spawanie metalowej rury\u00a0\" class=\"wp-image-4871\" width=\"512\" height=\"360\" srcset=\"https:\/\/kursy-udt.pl\/wp-content\/uploads\/2023\/02\/canva-bez-tytulu-MAEHsuf_yy4-1024x720.jpg 1024w, https:\/\/kursy-udt.pl\/wp-content\/uploads\/2023\/02\/canva-bez-tytulu-MAEHsuf_yy4-300x211.jpg 300w, https:\/\/kursy-udt.pl\/wp-content\/uploads\/2023\/02\/canva-bez-tytulu-MAEHsuf_yy4-768x540.jpg 768w, https:\/\/kursy-udt.pl\/wp-content\/uploads\/2023\/02\/canva-bez-tytulu-MAEHsuf_yy4-1536x1080.jpg 1536w, https:\/\/kursy-udt.pl\/wp-content\/uploads\/2023\/02\/canva-bez-tytulu-MAEHsuf_yy4-18x12.jpg 18w, https:\/\/kursy-udt.pl\/wp-content\/uploads\/2023\/02\/canva-bez-tytulu-MAEHsuf_yy4-624x439.jpg 624w, https:\/\/kursy-udt.pl\/wp-content\/uploads\/2023\/02\/canva-bez-tytulu-MAEHsuf_yy4.jpg 1600w\" sizes=\"auto, (max-width: 512px) 100vw, 512px\" \/><\/a><\/figure>\n<\/div>\n\n\n<h2 class=\"wp-block-heading\"><strong>Program naszych szkole\u0144&nbsp;<\/strong>&nbsp;<\/h2>\n\n\n\n<p>Szkolenia s\u0105 przygotowane przez ekspert\u00f3w, kt\u00f3rzy pracuj\u0105 w zawodzie spawacza od lat. Ka\u017cda z technik jest profesjonalnie przedstawiona i opisana. Szkolimy ze wszystkich metod spawania, by kursant mia\u0142 szerok\u0105 wiedz\u0119 oraz du\u017ce umiej\u0119tno\u015bci. Podczas cz\u0119\u015bci praktycznej nasza kadra pomaga uczestnikom kursu zdoby\u0107 p\u0142ynno\u015b\u0107 i pewno\u015b\u0107 podczas pracy. Zaufa\u0142y nam dziesi\u0105tki klient\u00f3w, kt\u00f3rzy \u015bwie\u017co po kursie znale\u017ali zatrudnienie w bran\u017cy spawalniczej. Cz\u0119\u015b\u0107 teoretyczna szkolenia jest prowadzona poprzez \u0107wiczenia w parach i grupach oraz dyskusje.&nbsp;&nbsp;<\/p>\n\n\n\n<p>Podczas cz\u0119\u015bci teoretycznej kursanci zdob\u0119d\u0105 wiedz\u0119 z zakresu:&nbsp;&nbsp;<\/p>\n\n\n\n<ul class=\"wp-block-list\">\n<li>informacji dotycz\u0105cych regulacji,&nbsp;&nbsp;<\/li>\n\n\n\n<li>budowy poszczeg\u00f3lnych element\u00f3w wykorzystywanych w pracy spawacza,&nbsp;<\/li>\n\n\n\n<li>wszystkich metod spawania,&nbsp;<\/li>\n\n\n\n<li>zastosowanie poszczeg\u00f3lnych metod spawania.&nbsp;<\/li>\n<\/ul>\n\n\n\n<h2 class=\"wp-block-heading\"><strong>Miejsce szkole\u0144&nbsp;<\/strong>&nbsp;<\/h2>\n\n\n\n<p>Szkolenia odbywaj\u0105 si\u0119 w siedzibie naszego <a href=\"https:\/\/kursy-udt.pl\/de\/o-firmie\/\">o\u015brodka szkoleniowego<\/a> lub w siedzibie klienta. Dla firm oraz grup zorganizowanych przygotowali\u015bmy specjalne kursy z cz\u0119\u015bci teoretycznej online prowadzone w czasie rzeczywistym. Cz\u0119\u015b\u0107 praktyczna jest zawsze prowadzona w hali \u0107wiczeniowej nale\u017c\u0105cej do siedziby.&nbsp;<\/p>\n\n\n<div class=\"wp-block-image\">\n<figure class=\"alignleft size-large is-resized\"><a href=\"https:\/\/kursy-udt.pl\/wp-content\/uploads\/2023\/02\/screen_2x-16.jpg\"><img loading=\"lazy\" decoding=\"async\" src=\"https:\/\/kursy-udt.pl\/wp-content\/uploads\/2023\/02\/screen_2x-16-1024x684.jpg\" alt=\"zgrzewanie metalowej rury\" class=\"wp-image-4872\" width=\"512\" height=\"342\" srcset=\"https:\/\/kursy-udt.pl\/wp-content\/uploads\/2023\/02\/screen_2x-16-1024x684.jpg 1024w, https:\/\/kursy-udt.pl\/wp-content\/uploads\/2023\/02\/screen_2x-16-300x200.jpg 300w, https:\/\/kursy-udt.pl\/wp-content\/uploads\/2023\/02\/screen_2x-16-768x513.jpg 768w, https:\/\/kursy-udt.pl\/wp-content\/uploads\/2023\/02\/screen_2x-16-1536x1025.jpg 1536w, https:\/\/kursy-udt.pl\/wp-content\/uploads\/2023\/02\/screen_2x-16-18x12.jpg 18w, https:\/\/kursy-udt.pl\/wp-content\/uploads\/2023\/02\/screen_2x-16-624x417.jpg 624w, https:\/\/kursy-udt.pl\/wp-content\/uploads\/2023\/02\/screen_2x-16.jpg 1600w\" sizes=\"auto, (max-width: 512px) 100vw, 512px\" \/><\/a><\/figure>\n<\/div>\n\n\n<h2 class=\"wp-block-heading\"><strong>Jaki jest cel naszych szkole\u0144?&nbsp;<\/strong>&nbsp;<\/h2>\n\n\n\n<p>Celem naszych kurs\u00f3w na <a href=\"https:\/\/kursy-udt.pl\/de\/uprawnienia-udt\/kategorie-uprawnien-2\/\">uprawnienia<\/a> spawalnicze jest kompleksowe i rzetelne przygotowanie uczestnik\u00f3w do pracy w zawodzie spawacza w Polsce i Unii Europejskiej. Podczas szkole\u0144 kursanci dowiedz\u0105 si\u0119 o zastosowaniach najnowocze\u015bniejszych metod spawania, ucz\u0105c si\u0119 na profesjonalnych maszynach. Nasz kurs jest dedykowany osobom chc\u0105cym rozpocz\u0105\u0107 karier\u0119 jako spawacz. Na szkolenia zapraszamy r\u00f3wnie\u017c osoby, kt\u00f3re posiadaj\u0105 ksi\u0105\u017ceczk\u0119 spawacza, by mog\u0142y zaktualizowa\u0107 swoj\u0105 wiedz\u0119 i umiej\u0119tno\u015bci.&nbsp;&nbsp;<\/p>\n\n\n\n<h2 class=\"wp-block-heading\"><strong>Jakie s\u0105 wymagania do przyst\u0105pienia do kursu i egzaminu?&nbsp;<\/strong>&nbsp;<\/h2>\n\n\n\n<ul class=\"wp-block-list\">\n<li>uko\u0144czone 18 lat,&nbsp;&nbsp;<\/li>\n\n\n\n<li>wykszta\u0142cenie co najmniej podstawowe,&nbsp;&nbsp;<\/li>\n\n\n\n<li>za\u015bwiadczenie lekarskie o odpowiednim stanie zdrowia do pracy spawacza.&nbsp;<\/li>\n<\/ul>\n\n\n\n<h2 class=\"wp-block-heading\"><strong>Egzamin&nbsp;<\/strong>&nbsp;<\/h2>\n\n\n\n<p>Po uko\u0144czeniu kursu ka\u017cdy ucze\u0144 zdaje egzamin teoretyczny i praktyczny. Po otrzymaniu pozytywnego wyniku z obu cz\u0119\u015bci egzaminu, kandydaci otrzymuj\u0105 ksi\u0105\u017ceczk\u0119 spawacza lub wpis do posiadanej ksi\u0105\u017ceczki sygnowany przez Instytut Spawalnictwa w Gliwicach oraz certyfikat EN 287&nbsp;\u2013 1. Posiadamy r\u00f3wnie\u017c egzaminy, kt\u00f3re ko\u0144cz\u0105 si\u0119 otrzymaniem certyfikatu spawacza UDT, TUV lub DNV.&nbsp;&nbsp;<\/p>\n\n\n\n<h2 class=\"wp-block-heading\"><strong>Wszystko co powiniene\u015b wiedzie\u0107 o spawaniu&nbsp;<\/strong>&nbsp;<\/h2>\n\n\n\n<p>Spawanie to inaczej \u0142\u0105czenie materia\u0142\u00f3w topliwych \u2013 g\u0142\u00f3wnie metali i ich stop\u00f3w. Proces ten odbywa si\u0119 poprzez stopienie brzeg\u00f3w \u0142\u0105czonych element\u00f3w. Wyr\u00f3\u017cniamy takie metody spawania takie jak:&nbsp;&nbsp;<\/p>\n\n\n<div class=\"wp-block-image\">\n<figure class=\"alignright size-large is-resized\"><a href=\"https:\/\/kursy-udt.pl\/wp-content\/uploads\/2023\/02\/screen_2x-15-1.jpg\"><img loading=\"lazy\" decoding=\"async\" src=\"https:\/\/kursy-udt.pl\/wp-content\/uploads\/2023\/02\/screen_2x-15-1-1024x685.jpg\" alt=\"spawanie MIG\/MAG\" class=\"wp-image-4873\" width=\"512\" height=\"343\" srcset=\"https:\/\/kursy-udt.pl\/wp-content\/uploads\/2023\/02\/screen_2x-15-1-1024x685.jpg 1024w, https:\/\/kursy-udt.pl\/wp-content\/uploads\/2023\/02\/screen_2x-15-1-300x201.jpg 300w, https:\/\/kursy-udt.pl\/wp-content\/uploads\/2023\/02\/screen_2x-15-1-768x514.jpg 768w, https:\/\/kursy-udt.pl\/wp-content\/uploads\/2023\/02\/screen_2x-15-1-1536x1028.jpg 1536w, https:\/\/kursy-udt.pl\/wp-content\/uploads\/2023\/02\/screen_2x-15-1-18x12.jpg 18w, https:\/\/kursy-udt.pl\/wp-content\/uploads\/2023\/02\/screen_2x-15-1-624x418.jpg 624w, https:\/\/kursy-udt.pl\/wp-content\/uploads\/2023\/02\/screen_2x-15-1.jpg 1600w\" sizes=\"auto, (max-width: 512px) 100vw, 512px\" \/><\/a><\/figure>\n<\/div>\n\n\n<ul class=\"wp-block-list\">\n<li>spawanie gazowe,&nbsp;<\/li>\n\n\n\n<li>spawanie elektrod\u0105 otulon\u0105,&nbsp;<\/li>\n\n\n\n<li>spawanie elektrod\u0105 nietopliw\u0105 w os\u0142onie z gaz\u00f3w,&nbsp;<\/li>\n\n\n\n<li>spawanie MIG\/MAG,&nbsp;<\/li>\n\n\n\n<li>spawanie krytym \u0142ukiem,&nbsp;&nbsp;<\/li>\n\n\n\n<li>spawanie w os\u0142onie gazowej.&nbsp;&nbsp;<\/li>\n<\/ul>\n\n\n\n<p>Szkolimy ze wszystkich metod spawania maj\u0105c na uwadze kompleksowe przygotowanie przysz\u0142ych spawaczy do pracy. Profesjonalna wiedza dotycz\u0105ca wszystkich technik spawania zapewnia szybkie zatrudnienie ze wzgl\u0119du na uniwersalne i rzadkie umiej\u0119tno\u015bci. Zaw\u00f3d spawacza jest po\u017c\u0105dany na rynku pracy. &nbsp;<\/p>\n\n\n\n<h2 class=\"wp-block-heading\"><strong>Oferta szkole\u0144 i serwisu&nbsp;<\/strong>&nbsp;<\/h2>\n\n\n\n<p>W naszej ofercie s\u0105 dost\u0119pne r\u00f3wnie\u017c inne szkolenia na urz\u0105dzenia transportu bliskiego oraz serwis urz\u0105dze\u0144 takich jak np.:&nbsp;&nbsp;<\/p>\n\n\n\n<ul class=\"wp-block-list\">\n<li>suwnice,&nbsp;<\/li>\n\n\n\n<li>d\u017awigi,&nbsp;<\/li>\n\n\n\n<li>\u017curawie,&nbsp;&nbsp;<\/li>\n\n\n\n<li>\u0142adowarki teleskopowe,&nbsp;&nbsp;<\/li>\n\n\n\n<li>w\u00f3zki wid\u0142owe,&nbsp;&nbsp;<\/li>\n\n\n\n<li>podesty ruchome.&nbsp;&nbsp;<\/li>\n<\/ul>\n\n\n\n<p>Serwisujemy wszystkie rodzaje spawarek oraz pomagamy w wyborze producent\u00f3w tych urz\u0105dze\u0144!&nbsp;<\/p>\n\n\n\n<p><strong>Serdecznie zapraszamy do zapis\u00f3w na szkolenia!&nbsp;<\/strong>&nbsp;<\/p>\n\n\n\n<h2 class=\"wp-block-heading\">Pytania i odpowiedzi<\/h2>\n\n\n\t\t<details\t\thelp class=\"sc_fs_faq sc_card    \"\n\t\topen\t\t>\n\t\t\t\t\t<summary>\n\t\t\t\t<h3>Jakie s\u0105 metody spawania?<\/h3>\t\t\t\t\t<\/summary>\n\t\t\t\t<div>\n\t\t\t\t\t\t<div class=\"sc_fs_faq__content\">\n\t\t\t\t\n\n<p>Wyr\u00f3\u017cniamy metody spawania takie jak: gazowe, elektrod\u0105 otulon\u0105, elektrod\u0105 nietopliw\u0105 w os\u0142onie z gaz\u00f3w, MIG\/MAG, spawanie krytym \u0142ukiem, spawanie w os\u0142onie gazowej.<\/p>\n\n\t\t\t<\/div>\n\t\t<\/div>\n\t\t<\/details>\n\t\t\t\t<details\t\thelp class=\"sc_fs_faq sc_card    \"\n\t\t\t\t>\n\t\t\t\t\t<summary>\n\t\t\t\t<h3>Gdzie obywaj\u0105 si\u0119 szkolenia?<\/h3>\t\t\t\t\t<\/summary>\n\t\t\t\t<div>\n\t\t\t\t\t\t<div class=\"sc_fs_faq__content\">\n\t\t\t\t\n\n<p>Szkolenia odbywaj\u0105 si\u0119 w naszych o\u015brodkach szkoleniowych znajduj\u0105cych si\u0119 w wi\u0119kszych miastach na terenie Polski lub w siedzibie klienta.<\/p>\n\n\t\t\t<\/div>\n\t\t<\/div>\n\t\t<\/details>\n\t\t\t\t<details\t\thelp class=\"sc_fs_faq sc_card    \"\n\t\t\t\t>\n\t\t\t\t\t<summary>\n\t\t\t\t<h3>Jaki jest program szkole\u0144?<\/h3>\t\t\t\t\t<\/summary>\n\t\t\t\t<div>\n\t\t\t\t\t\t<div class=\"sc_fs_faq__content\">\n\t\t\t\t\n\n<p>Nasze szkolenia dziel\u0105 si\u0119 na cz\u0119\u015b\u0107\u202fteoretyczn\u0105 i praktyczn\u0105. Podczas cz\u0119\u015bci teoretycznej kursanci zdobywaj\u0105 wiedz\u0119 z zakresu budowy spawarek, zastosowa\u0144 konkretnych metod spawania czy informacji o regulacjach prawnych.<\/p>\n\n\t\t\t<\/div>\n\t\t<\/div>\n\t\t<\/details>\n\t\t\n<script type=\"application\/ld+json\">\n\t{\n\t\t\"@context\": \"https:\/\/schema.org\",\n\t\t\"@type\": \"FAQPage\",\n\t\t\"mainEntity\": [\n\t\t\t\t\t{\n\t\t\t\t\"@type\": \"Question\",\n\t\t\t\t\"name\": \"Jakie s\u0105 metody spawania?\",\n\t\t\t\t\"acceptedAnswer\": {\n\t\t\t\t\t\"@type\": \"Answer\",\n\t\t\t\t\t\"text\": \"<p>Wyr\u00f3\u017cniamy metody spawania takie jak: gazowe, elektrod\u0105 otulon\u0105, elektrod\u0105 nietopliw\u0105 w os\u0142onie z gaz\u00f3w, MIG\/MAG, spawanie krytym \u0142ukiem, spawanie w os\u0142onie gazowej.<\/p>\"\n\t\t\t\t\t\t\t\t\t}\n\t\t\t}\n\t\t\t,\t\t\t\t{\n\t\t\t\t\"@type\": \"Question\",\n\t\t\t\t\"name\": \"Gdzie obywaj\u0105 si\u0119 szkolenia?\",\n\t\t\t\t\"acceptedAnswer\": {\n\t\t\t\t\t\"@type\": \"Answer\",\n\t\t\t\t\t\"text\": \"<p>Szkolenia odbywaj\u0105 si\u0119 w naszych o\u015brodkach szkoleniowych znajduj\u0105cych si\u0119 w wi\u0119kszych miastach na terenie Polski lub w siedzibie klienta.<\/p>\"\n\t\t\t\t\t\t\t\t\t}\n\t\t\t}\n\t\t\t,\t\t\t\t{\n\t\t\t\t\"@type\": \"Question\",\n\t\t\t\t\"name\": \"Jaki jest program szkole\u0144?\",\n\t\t\t\t\"acceptedAnswer\": {\n\t\t\t\t\t\"@type\": \"Answer\",\n\t\t\t\t\t\"text\": \"<p>Nasze szkolenia dziel\u0105 si\u0119 na cz\u0119\u015b\u0107\u202fteoretyczn\u0105 i praktyczn\u0105. Podczas cz\u0119\u015bci teoretycznej kursanci zdobywaj\u0105 wiedz\u0119 z zakresu budowy spawarek, zastosowa\u0144 konkretnych metod spawania czy informacji o regulacjach prawnych.<\/p>\"\n\t\t\t\t\t\t\t\t\t}\n\t\t\t}\n\t\t\t\t\t\t]\n\t}\n<\/script>\n","protected":false},"excerpt":{"rendered":"<p>Zdobywaj nowe kwalifikacje&nbsp;\u2013 kurs na spawacza Szkolenie na spawacza to doskona\u0142a okazja dla os\u00f3b, kt\u00f3re chc\u0105 zdoby\u0107 nowe umiej\u0119tno\u015bci lub ulepszy\u0107 swoje ju\u017c istniej\u0105ce. Nasze kursy przygotowuj\u0105 nie tylko do egzaminu pa\u0144stwowego, ale r\u00f3wnie\u017c do pracy. Nasi do\u015bwiadczeni instruktorzy opieraj\u0105 szkolenia na nowoczesnych metodach nauczania i dbaj\u0105, by atmosfera lekcji by\u0142a zawsze mi\u0142a. Kursy sk\u0142adaj\u0105 si\u0119 z cz\u0119\u015bci teoretycznej, na kt\u00f3rej kursanci b\u0119d\u0105 zdobywa\u0107\u202fwiedz\u0119 og\u00f3ln\u0105 oraz cz\u0119\u015b\u0107 praktyczn\u0105, kt\u00f3ra skupia si\u0119 na nabywaniu umiej\u0119tno\u015bci praktycznych podczas spawania. Pomagamy przy wype\u0142nieniu wszystkich formalno\u015bci oraz przy doborze odpowiedniego terminu szkolenia. Zapraszamy do zapoznania si\u0119 z nasz\u0105 ofert\u0105 szkole\u0144!&nbsp; Program naszych szkole\u0144&nbsp;&nbsp; Szkolenia s\u0105 przygotowane przez ekspert\u00f3w, kt\u00f3rzy pracuj\u0105 w zawodzie spawacza od lat. Ka\u017cda z technik jest profesjonalnie przedstawiona i opisana. Szkolimy ze wszystkich metod spawania, by kursant mia\u0142 szerok\u0105 wiedz\u0119 oraz du\u017ce umiej\u0119tno\u015bci. Podczas cz\u0119\u015bci praktycznej nasza kadra pomaga uczestnikom kursu zdoby\u0107 p\u0142ynno\u015b\u0107 i pewno\u015b\u0107 podczas pracy. Zaufa\u0142y nam dziesi\u0105tki klient\u00f3w, kt\u00f3rzy \u015bwie\u017co po kursie znale\u017ali zatrudnienie w bran\u017cy spawalniczej. Cz\u0119\u015b\u0107 teoretyczna szkolenia jest prowadzona poprzez \u0107wiczenia w parach i grupach oraz dyskusje.&nbsp;&nbsp; Podczas cz\u0119\u015bci teoretycznej kursanci zdob\u0119d\u0105 wiedz\u0119 z zakresu:&nbsp;&nbsp; Miejsce szkole\u0144&nbsp;&nbsp; Szkolenia odbywaj\u0105 si\u0119 w siedzibie naszego o\u015brodka szkoleniowego lub w siedzibie klienta. Dla firm oraz grup zorganizowanych przygotowali\u015bmy specjalne kursy z cz\u0119\u015bci teoretycznej online prowadzone w czasie rzeczywistym. Cz\u0119\u015b\u0107 praktyczna jest zawsze prowadzona w hali \u0107wiczeniowej nale\u017c\u0105cej do siedziby.&nbsp; Jaki jest cel naszych szkole\u0144?&nbsp;&nbsp; Celem naszych kurs\u00f3w na uprawnienia spawalnicze jest kompleksowe i rzetelne przygotowanie uczestnik\u00f3w do pracy w zawodzie spawacza w Polsce i Unii Europejskiej. Podczas szkole\u0144 kursanci dowiedz\u0105 si\u0119 o zastosowaniach [&hellip;]<\/p>\n","protected":false},"author":6,"featured_media":4870,"parent":2802,"menu_order":0,"comment_status":"closed","ping_status":"closed","template":"","meta":{"sfsi_plus_gutenberg_text_before_share":"","sfsi_plus_gutenberg_show_text_before_share":"","sfsi_plus_gutenberg_icon_type":"","sfsi_plus_gutenberg_icon_alignemt":"","sfsi_plus_gutenburg_max_per_row":"","footnotes":""},"class_list":["post-4869","page","type-page","status-publish","has-post-thumbnail","hentry","has_thumb"],"aioseo_notices":[],"_links":{"self":[{"href":"https:\/\/kursy-udt.pl\/de\/wp-json\/wp\/v2\/pages\/4869","targetHints":{"allow":["GET"]}}],"collection":[{"href":"https:\/\/kursy-udt.pl\/de\/wp-json\/wp\/v2\/pages"}],"about":[{"href":"https:\/\/kursy-udt.pl\/de\/wp-json\/wp\/v2\/types\/page"}],"author":[{"embeddable":true,"href":"https:\/\/kursy-udt.pl\/de\/wp-json\/wp\/v2\/users\/6"}],"replies":[{"embeddable":true,"href":"https:\/\/kursy-udt.pl\/de\/wp-json\/wp\/v2\/comments?post=4869"}],"version-history":[{"count":9,"href":"https:\/\/kursy-udt.pl\/de\/wp-json\/wp\/v2\/pages\/4869\/revisions"}],"predecessor-version":[{"id":5400,"href":"https:\/\/kursy-udt.pl\/de\/wp-json\/wp\/v2\/pages\/4869\/revisions\/5400"}],"up":[{"embeddable":true,"href":"https:\/\/kursy-udt.pl\/de\/wp-json\/wp\/v2\/pages\/2802"}],"wp:featuredmedia":[{"embeddable":true,"href":"https:\/\/kursy-udt.pl\/de\/wp-json\/wp\/v2\/media\/4870"}],"wp:attachment":[{"href":"https:\/\/kursy-udt.pl\/de\/wp-json\/wp\/v2\/media?parent=4869"}],"curies":[{"name":"wp","href":"https:\/\/api.w.org\/{rel}","templated":true}]}}