{"id":4859,"date":"2023-03-03T09:41:56","date_gmt":"2023-03-03T08:41:56","guid":{"rendered":"https:\/\/kursy-udt.pl\/?page_id=4859"},"modified":"2023-03-08T11:34:12","modified_gmt":"2023-03-08T10:34:12","slug":"kranfuhrer-2","status":"publish","type":"page","link":"https:\/\/kursy-udt.pl\/de\/szkolenia\/udt-wdt-tdt\/operator-zurawi-kolejowych\/","title":{"rendered":"Bediener von Eisenbahnkr\u00e4nen und Eisenbahnfahrzeugen werden"},"content":{"rendered":"\n<h2 class=\"wp-block-heading\">\u017buraw kolejowy i na pojazdach kolejowych &nbsp;\u2013 obs\u0142uga<\/h2>\n\n\n\n<p>Obs\u0142uga \u017curawi kolejowych i umieszczonych na pojazdach kolejowych wymaga odpowiednich kwalifikacji. Uprawnienia te wydaje Urz\u0105d Dozoru Technicznego na okres 5 lat. Obs\u0142uga tych urz\u0105dze\u0144 to przede wszystkim zachowanie bezpiecze\u0144stwa w miejscu pracy oraz prawid\u0142owe i d\u0142ugoletnie eksploatowanie \u017curawiami.&nbsp;<\/p>\n\n\n\n<p><a href=\"https:\/\/kursy-udt.pl\/de\/o-firmie\/\">O\u015brodek Doskonalenia Kadr ERGON<\/a> tworzy zesp\u00f3\u0142 do\u015bwiadczonych zawodowc\u00f3w. Posiadamy ponad 15 lat do\u015bwiadczenia szkoleniowego. Nasi instruktorzy to profesjonalni fachowcy na co dzie\u0144 wykonuj\u0105cy tak\u017ce prace z zakresu obs\u0142ugi maszyn, m.in.: \u017curawi wie\u017cowych, pok\u0142adowych, HDS czy kolejowych, podest\u00f3w ruchomych, w\u00f3zk\u00f3w wid\u0142owych, kolei linowych.&nbsp;<\/p>\n\n\n<div class=\"wp-block-image\">\n<figure class=\"alignleft size-large is-resized\"><a href=\"https:\/\/kursy-udt.pl\/wp-content\/uploads\/2023\/02\/screen_2x-14.jpg\"><img loading=\"lazy\" decoding=\"async\" src=\"https:\/\/kursy-udt.pl\/wp-content\/uploads\/2023\/02\/screen_2x-14-1024x683.jpg\" alt=\"\u017buraw kolejowy transportowany przez lokomotyw\u0119\" class=\"wp-image-4863\" width=\"512\" height=\"342\" srcset=\"https:\/\/kursy-udt.pl\/wp-content\/uploads\/2023\/02\/screen_2x-14-1024x683.jpg 1024w, https:\/\/kursy-udt.pl\/wp-content\/uploads\/2023\/02\/screen_2x-14-300x200.jpg 300w, https:\/\/kursy-udt.pl\/wp-content\/uploads\/2023\/02\/screen_2x-14-768x512.jpg 768w, https:\/\/kursy-udt.pl\/wp-content\/uploads\/2023\/02\/screen_2x-14-1536x1024.jpg 1536w, https:\/\/kursy-udt.pl\/wp-content\/uploads\/2023\/02\/screen_2x-14-18x12.jpg 18w, https:\/\/kursy-udt.pl\/wp-content\/uploads\/2023\/02\/screen_2x-14-624x416.jpg 624w, https:\/\/kursy-udt.pl\/wp-content\/uploads\/2023\/02\/screen_2x-14.jpg 1600w\" sizes=\"auto, (max-width: 512px) 100vw, 512px\" \/><\/a><\/figure>\n<\/div>\n\n\n<h2 class=\"wp-block-heading\">Szkolenie na operatora i konserwatora&nbsp;<\/h2>\n\n\n\n<p>Celem szkolenia jest przekazanie kursantowi wiedzy i umiej\u0119tno\u015bci z zakresu obs\u0142ugi \u017curawi kolejowych i \u017curawi na pojazdach kolejowych oraz przygotowanie do egzaminu pa\u0144stwowego w Urz\u0119dzie Dozoru Technicznego. &nbsp;<br>&nbsp;<\/p>\n\n\n\n<h2 class=\"wp-block-heading\">Wymagania od kursant\u00f3w<\/h2>\n\n\n\n<p>Od przysz\u0142ych uczestnik\u00f3w kursu wymagamy:&nbsp;<\/p>\n\n\n\n<ul class=\"wp-block-list\">\n<li>pe\u0142noletno\u015bci,&nbsp;<\/li>\n\n\n\n<li>orzeczenia lekarskiego o dobrym stanie zdrowia umo\u017cliwiaj\u0105cym wykonywanie zawodu,&nbsp;<\/li>\n\n\n\n<li>wykszta\u0142cenia minimum: zawodowego.&nbsp;<br>&nbsp;<\/li>\n<\/ul>\n\n\n\n<h2 class=\"wp-block-heading\">Jak wygl\u0105da szkolenie?&nbsp;<\/h2>\n\n\n\n<ol class=\"wp-block-list\" start=\"1\">\n<li>Zapisz si\u0119 na kurs na <a href=\"https:\/\/kursy-udt.pl\/de\/uprawnienia-udt\/\">uprawnienia UDT<\/a> na operatora \u017curawi kolejowych i na pojazdach kolejowych.&nbsp;<\/li>\n<\/ol>\n\n\n\n<ul class=\"wp-block-list\">\n<li>otrzymasz materia\u0142y szkoleniowe w formie online, dzi\u0119ki czemu b\u0119dziesz mia\u0142 do nich dost\u0119p w ka\u017cdym miejscu i o ka\u017cdej porze na swoim telefonie.&nbsp;&nbsp;<\/li>\n\n\n\n<li>to my zapiszemy Ci\u0119 na egzamin &nbsp;\u2013 wype\u0142niamy wszelk\u0105 dokumentacj\u0119 zwi\u0105zan\u0105 z zapisaniem kursanta na egzamin i dostosowaniem odpowiedniego dla Ciebie terminu.&nbsp;<br>&nbsp;<\/li>\n<\/ul>\n\n\n\n<ol class=\"wp-block-list\" start=\"2\">\n<li>Rozpocznij przygotowanie teoretyczne, czyli wyk\u0142ady prowadzone przez do\u015bwiadczonych pracownik\u00f3w.&nbsp;<\/li>\n<\/ol>\n\n\n\n<h2 class=\"wp-block-heading\">Program kursu obejmuje m.in.:&nbsp;<\/h2>\n\n\n\n<ul class=\"wp-block-list\">\n<li><a href=\"https:\/\/kursy-udt.pl\/de\/szkolenia\/bhp-bezpieczenstwo-pracy\/prawna-ochrona-pracy\/\">BHP<\/a>,&nbsp;<\/li>\n\n\n\n<li>budow\u0119 maszyn,&nbsp;<\/li>\n\n\n\n<li>rodzaje nap\u0119d\u00f3w i mechanizm\u00f3w steruj\u0105cych,&nbsp;<\/li>\n\n\n\n<li>specyfik\u0119 pracy operatora,&nbsp;<\/li>\n\n\n\n<li>obowi\u0105zki operatora,&nbsp;<\/li>\n\n\n\n<li>zasady prawid\u0142owej eksploatacji \u017curawi,&nbsp;<\/li>\n\n\n\n<li>zasady post\u0119powania w przypadku awarii,&nbsp;<\/li>\n\n\n\n<li>dokumentacj\u0119 maszyny,&nbsp;<\/li>\n\n\n\n<li>w przypadku konserwator\u00f3w: zasady przegl\u0105d\u00f3w technicznych wst\u0119pnych i okresowych, naprawa usterek i awarii, wymiana cz\u0119\u015bci, dokumentacja techniczna.&nbsp;<br>&nbsp;<\/li>\n<\/ul>\n\n\n<div class=\"wp-block-image\">\n<figure class=\"alignright size-large is-resized\"><a href=\"https:\/\/kursy-udt.pl\/wp-content\/uploads\/2023\/02\/Kzh971_expo-1.jpg\"><img loading=\"lazy\" decoding=\"async\" src=\"https:\/\/kursy-udt.pl\/wp-content\/uploads\/2023\/02\/Kzh971_expo-1-1024x768.jpg\" alt=\"\u017buraw kolejowy KRUPP BA166 \" class=\"wp-image-4864\" width=\"512\" height=\"384\" srcset=\"https:\/\/kursy-udt.pl\/wp-content\/uploads\/2023\/02\/Kzh971_expo-1-1024x768.jpg 1024w, https:\/\/kursy-udt.pl\/wp-content\/uploads\/2023\/02\/Kzh971_expo-1-300x225.jpg 300w, https:\/\/kursy-udt.pl\/wp-content\/uploads\/2023\/02\/Kzh971_expo-1-768x576.jpg 768w, https:\/\/kursy-udt.pl\/wp-content\/uploads\/2023\/02\/Kzh971_expo-1-1536x1152.jpg 1536w, https:\/\/kursy-udt.pl\/wp-content\/uploads\/2023\/02\/Kzh971_expo-1-2048x1536.jpg 2048w, https:\/\/kursy-udt.pl\/wp-content\/uploads\/2023\/02\/Kzh971_expo-1-16x12.jpg 16w, https:\/\/kursy-udt.pl\/wp-content\/uploads\/2023\/02\/Kzh971_expo-1-640x480.jpg 640w, https:\/\/kursy-udt.pl\/wp-content\/uploads\/2023\/02\/Kzh971_expo-1-624x468.jpg 624w\" sizes=\"auto, (max-width: 512px) 100vw, 512px\" \/><\/a><\/figure>\n<\/div>\n\n\n<ol class=\"wp-block-list\" start=\"3\">\n<li>Przygotuj si\u0119 praktycznie &nbsp;\u2013 na specjalnie przygotowanym do zaj\u0119\u0107 placu nasi eksperci przeszkol\u0105 Ci\u0119 w praktyce. Poznasz specyfik\u0119 \u017curawi i odb\u0119dziesz symulacj\u0119 pracy na profesjonalnym urz\u0105dzeniu.&nbsp;&nbsp;<\/li>\n<\/ol>\n\n\n\n<ol class=\"wp-block-list\" start=\"4\">\n<li>Podejd\u017a do egzaminu UDT! &nbsp;\u2013Je\u015bli uwa\u017casz, \u017ce jeste\u015b ju\u017c gotowy do egzaminu UDT zapiszemy Ci\u0119 na egzamin pa\u0144stwowy. To ostatni krok przed otrzymaniem <a href=\"https:\/\/kursy-udt.pl\/de\/uprawnienia-udt\/kategorie-uprawnien-2\/\">uprawnie\u0144 UDT<\/a> operatora \u017curawi kolejowych i na pojazdach kolejowych!&nbsp;<\/li>\n<\/ol>\n\n\n\n<h2 class=\"wp-block-heading\">\u017burawie kolejowe&nbsp;&nbsp;\u2013 zastosowanie<\/h2>\n\n\n\n<ul class=\"wp-block-list\">\n<li>S\u0142u\u017c\u0105 do transportowania \u0142adunk\u00f3w w poziomie i w pionie.&nbsp;<\/li>\n\n\n\n<li>Stosowane s\u0105 w pracach: budowlanych, remontowych, \u0142adunkowych, gospodarczych oraz przy usuwaniu skutk\u00f3w wypadk\u00f3w kolejowych.&nbsp;<\/li>\n\n\n\n<li>Posiadaj\u0105 w\u0142asny nap\u0119d do wolnej pracy. Na dalsze odleg\u0142o\u015bci \u017curawie s\u0105 transportowane przez pojazd trakcyjny, np. lokomotyw\u0119 spalinow\u0105.&nbsp;<\/li>\n\n\n\n<li>Mog\u0105 posiada\u0107 nap\u0119d: r\u0119czny, spalinowy lub spalinowo &nbsp;\u2013 elektryczny.&nbsp;<\/li>\n\n\n\n<li>Na rynku nie znajdziemy ju\u017c \u017curawi parowych, gdy\u017c zosta\u0142y one wycofane w latach 80. XX wieku.&nbsp;<\/li>\n<\/ul>\n\n\n\n<h2 class=\"wp-block-heading\">Egzamin UDT&nbsp;<\/h2>\n\n\n\n<p>Kurs ko\u0144czy egzamin pa\u0144stwowy w Urz\u0119dzie Dozoru Technicznego, sk\u0142ada si\u0119 on z:&nbsp;<\/p>\n\n\n\n<ul class=\"wp-block-list\">\n<li>testu teoretycznego z pytaniami zamkni\u0119tymi&nbsp;<\/li>\n\n\n\n<li>cz\u0119\u015bci praktycznej egzaminu &#8211; przebiega ona na specjalnie przygotowanym placu manewrowym, gdzie zdaj\u0105cy pod okiem komisji wykonuje czynno\u015bci z zakresu obs\u0142ugi \u017curawia oraz symulacji pracy (m.in. przygotowanie maszyny do pracy, jazda, wykrycie symulowanej usterki, a w przypadku egzaminu na konserwatora: naprawa usterki, wymiana cz\u0119\u015bci).&nbsp;<\/li>\n<\/ul>\n\n\n\n<h2 class=\"wp-block-heading\">Uprawnienia UDT&nbsp;<\/h2>\n\n\n<div class=\"wp-block-image\">\n<figure class=\"alignleft size-large is-resized\"><a href=\"https:\/\/kursy-udt.pl\/wp-content\/uploads\/2023\/02\/Total_reconstruction_of_Neunkirchen_station_106-1-scaled.jpg\"><img loading=\"lazy\" decoding=\"async\" src=\"https:\/\/kursy-udt.pl\/wp-content\/uploads\/2023\/02\/Total_reconstruction_of_Neunkirchen_station_106-1-1024x683.jpg\" alt=\"Schemat budowy \u017curawia na pode\u015bcie kolejowym\" class=\"wp-image-4866\" width=\"512\" height=\"342\" srcset=\"https:\/\/kursy-udt.pl\/wp-content\/uploads\/2023\/02\/Total_reconstruction_of_Neunkirchen_station_106-1-1024x683.jpg 1024w, https:\/\/kursy-udt.pl\/wp-content\/uploads\/2023\/02\/Total_reconstruction_of_Neunkirchen_station_106-1-300x200.jpg 300w, https:\/\/kursy-udt.pl\/wp-content\/uploads\/2023\/02\/Total_reconstruction_of_Neunkirchen_station_106-1-768x512.jpg 768w, https:\/\/kursy-udt.pl\/wp-content\/uploads\/2023\/02\/Total_reconstruction_of_Neunkirchen_station_106-1-1536x1024.jpg 1536w, https:\/\/kursy-udt.pl\/wp-content\/uploads\/2023\/02\/Total_reconstruction_of_Neunkirchen_station_106-1-2048x1365.jpg 2048w, https:\/\/kursy-udt.pl\/wp-content\/uploads\/2023\/02\/Total_reconstruction_of_Neunkirchen_station_106-1-18x12.jpg 18w, https:\/\/kursy-udt.pl\/wp-content\/uploads\/2023\/02\/Total_reconstruction_of_Neunkirchen_station_106-1-624x416.jpg 624w\" sizes=\"auto, (max-width: 512px) 100vw, 512px\" \/><\/a><\/figure>\n<\/div>\n\n\n<p>Pozytywny wynik egzaminu jest r\u00f3wnoznaczny z uzyskaniem uprawnie\u0144 UDT na operatora \u017curawi kolejowych i \u017curawi na pojazdach kolejowych. Kursant otrzymuje za\u015bwiadczenie kwalifikacyjne uprawniaj\u0105ce do wykonywania zawodu. Wydane uprawnienia wa\u017cne s\u0105 przez okres 5 lat od ich nabycia. &nbsp;<\/p>\n\n\n\n<p>Po kursie mo\u017cna podj\u0105\u0107 prac\u0119 na urz\u0105dzeniach r\u00f3\u017cnych producent\u00f3w m.in.: Kirow, Graco, KRUPP czy Gottwald.&nbsp;<\/p>\n\n\n\n<h2 class=\"wp-block-heading\">Gdzie szkolimy?<\/h2>\n\n\n\n<p>Nasza g\u0142\u00f3wna siedziba mie\u015bci si\u0119 w Warszawie, ale szkolimy specjalist\u00f3w na terenie ca\u0142ej Polski z mo\u017cliwo\u015bci\u0105 dojazdu do klienta.&nbsp;<br>&nbsp;<\/p>\n\n\n\n<h2 class=\"wp-block-heading\">Inne kursy na operatora\/konserwatora:&nbsp;<\/h2>\n\n\n\n<ul class=\"wp-block-list\">\n<li>\u017burawi szynowych,&nbsp;<\/li>\n\n\n\n<li>\u017burawi wie\u017cowych i szybkomontuj\u0105cych,&nbsp;<\/li>\n\n\n\n<li>\u017burawi stacjonarnych,&nbsp;<\/li>\n\n\n\n<li>\u017burawi pok\u0142adowych,&nbsp;<\/li>\n\n\n\n<li>\u017burawi p\u0142ywaj\u0105cych,&nbsp;<\/li>\n\n\n\n<li>\u017burawi HDS,&nbsp;<\/li>\n\n\n\n<li>\u017burawi samojezdnych.&nbsp;<\/li>\n<\/ul>\n\n\n\n<h2 class=\"wp-block-heading\">Pytania i odpowiedzi<\/h2>\n\n\n\t\t<details\t\thelp class=\"sc_fs_faq sc_card    \"\n\t\topen\t\t>\n\t\t\t\t\t<summary>\n\t\t\t\t<h3>Jak d\u0142ugo s\u0105 wa\u017cne uprawnienia UDT na obs\u0142ug\u0119 \u017curawi kolejowych?<\/h3>\t\t\t\t\t<\/summary>\n\t\t\t\t<div>\n\t\t\t\t\t\t<div class=\"sc_fs_faq__content\">\n\t\t\t\t\n\n<p>Wa\u017cno\u015b\u0107 uprawnie\u0144 na \u017curawie kolejowe i na pojazdach kolejowych to okres 5 lat.<\/p>\n\n\t\t\t<\/div>\n\t\t<\/div>\n\t\t<\/details>\n\t\t\t\t<details\t\thelp class=\"sc_fs_faq sc_card    \"\n\t\t\t\t>\n\t\t\t\t\t<summary>\n\t\t\t\t<h3>Jakie wykszta\u0142cenie musz\u0119 posiada\u0107, aby wzi\u0105\u0107 udzia\u0142 w kursie na operatora \u017curawia kolejowego?<\/h3>\t\t\t\t\t<\/summary>\n\t\t\t\t<div>\n\t\t\t\t\t\t<div class=\"sc_fs_faq__content\">\n\t\t\t\t\n\n<p>Na szkolenia zapraszamy osoby pe\u0142noletnie z minimum zawodowym wykszta\u0142ceniem.<\/p>\n\n\t\t\t<\/div>\n\t\t<\/div>\n\t\t<\/details>\n\t\t\t\t<details\t\thelp class=\"sc_fs_faq sc_card    \"\n\t\t\t\t>\n\t\t\t\t\t<summary>\n\t\t\t\t<h3>Co obejmuje program szkoleniowy na \u017curawie kolejowe?<\/h3>\t\t\t\t\t<\/summary>\n\t\t\t\t<div>\n\t\t\t\t\t\t<div class=\"sc_fs_faq__content\">\n\t\t\t\t\n\n<p>Program kursu na operatora \u017curawi kolejowych obejmuje wiedz\u0119 z zakresu: BHP, przepis\u00f3w prawnych, rodzaj\u00f3w maszyn i nap\u0119d\u00f3w, specyfik\u0119 pracy operatora, zasady prawid\u0142owej eksploatacji \u017curawia kolejowego, czy zasady post\u0119powania w przypadku awarii. Dbamy o przeszkolenie teoretyczne, jak i praktyczne naszych kursant\u00f3w.<\/p>\n\n\t\t\t<\/div>\n\t\t<\/div>\n\t\t<\/details>\n\t\t\t\t<details\t\thelp class=\"sc_fs_faq sc_card    \"\n\t\t\t\t>\n\t\t\t\t\t<summary>\n\t\t\t\t<h3>Jak wygl\u0105da egzamin w Urz\u0119dzie Dozoru Technicznego na operatora \u017curawia kolejowego?<\/h3>\t\t\t\t\t<\/summary>\n\t\t\t\t<div>\n\t\t\t\t\t\t<div class=\"sc_fs_faq__content\">\n\t\t\t\t\n\n<p>Egzamin rozpoczyna cz\u0119\u015b\u0107 teoretyczna, tj. test zawieraj\u0105cy pytania zamkni\u0119te. Po jego zaliczeniu odbywa si\u0119 cz\u0119\u015b\u0107 praktyczna. Na specjalnie przygotowanym placu zdaj\u0105cy wykonuje zadania z zakresu obs\u0142ugi \u017curawia kolejowego (np. jazda urz\u0105dzeniem, symulacja post\u0119powania w wyniku awarii). Nad ca\u0142ym egzaminem czuwa komisja egzaminacyjna UDT. Po zdaniu obu cz\u0119\u015bci egzaminu otrzymuje si\u0119 za\u015bwiadczenie kwalifikacyjne UDT do wykonywania zawodu wa\u017cne 5 lat.<\/p>\n\n\t\t\t<\/div>\n\t\t<\/div>\n\t\t<\/details>\n\t\t\n<script type=\"application\/ld+json\">\n\t{\n\t\t\"@context\": \"https:\/\/schema.org\",\n\t\t\"@type\": \"FAQPage\",\n\t\t\"mainEntity\": [\n\t\t\t\t\t{\n\t\t\t\t\"@type\": \"Question\",\n\t\t\t\t\"name\": \"Jak d\u0142ugo s\u0105 wa\u017cne uprawnienia UDT na obs\u0142ug\u0119 \u017curawi kolejowych?\",\n\t\t\t\t\"acceptedAnswer\": {\n\t\t\t\t\t\"@type\": \"Answer\",\n\t\t\t\t\t\"text\": \"<p>Wa\u017cno\u015b\u0107 uprawnie\u0144 na \u017curawie kolejowe i na pojazdach kolejowych to okres 5 lat.<\/p>\"\n\t\t\t\t\t\t\t\t\t}\n\t\t\t}\n\t\t\t,\t\t\t\t{\n\t\t\t\t\"@type\": \"Question\",\n\t\t\t\t\"name\": \"Jakie wykszta\u0142cenie musz\u0119 posiada\u0107, aby wzi\u0105\u0107 udzia\u0142 w kursie na operatora \u017curawia kolejowego?\",\n\t\t\t\t\"acceptedAnswer\": {\n\t\t\t\t\t\"@type\": \"Answer\",\n\t\t\t\t\t\"text\": \"<p>Na szkolenia zapraszamy osoby pe\u0142noletnie z minimum zawodowym wykszta\u0142ceniem.<\/p>\"\n\t\t\t\t\t\t\t\t\t}\n\t\t\t}\n\t\t\t,\t\t\t\t{\n\t\t\t\t\"@type\": \"Question\",\n\t\t\t\t\"name\": \"Co obejmuje program szkoleniowy na \u017curawie kolejowe?\",\n\t\t\t\t\"acceptedAnswer\": {\n\t\t\t\t\t\"@type\": \"Answer\",\n\t\t\t\t\t\"text\": \"<p>Program kursu na operatora \u017curawi kolejowych obejmuje wiedz\u0119 z zakresu: BHP, przepis\u00f3w prawnych, rodzaj\u00f3w maszyn i nap\u0119d\u00f3w, specyfik\u0119 pracy operatora, zasady prawid\u0142owej eksploatacji \u017curawia kolejowego, czy zasady post\u0119powania w przypadku awarii. Dbamy o przeszkolenie teoretyczne, jak i praktyczne naszych kursant\u00f3w.<\/p>\"\n\t\t\t\t\t\t\t\t\t}\n\t\t\t}\n\t\t\t,\t\t\t\t{\n\t\t\t\t\"@type\": \"Question\",\n\t\t\t\t\"name\": \"Jak wygl\u0105da egzamin w Urz\u0119dzie Dozoru Technicznego na operatora \u017curawia kolejowego?\",\n\t\t\t\t\"acceptedAnswer\": {\n\t\t\t\t\t\"@type\": \"Answer\",\n\t\t\t\t\t\"text\": \"<p>Egzamin rozpoczyna cz\u0119\u015b\u0107 teoretyczna, tj. test zawieraj\u0105cy pytania zamkni\u0119te. Po jego zaliczeniu odbywa si\u0119 cz\u0119\u015b\u0107 praktyczna. Na specjalnie przygotowanym placu zdaj\u0105cy wykonuje zadania z zakresu obs\u0142ugi \u017curawia kolejowego (np. jazda urz\u0105dzeniem, symulacja post\u0119powania w wyniku awarii). Nad ca\u0142ym egzaminem czuwa komisja egzaminacyjna UDT. Po zdaniu obu cz\u0119\u015bci egzaminu otrzymuje si\u0119 za\u015bwiadczenie kwalifikacyjne UDT do wykonywania zawodu wa\u017cne 5 lat.<\/p>\"\n\t\t\t\t\t\t\t\t\t}\n\t\t\t}\n\t\t\t\t\t\t]\n\t}\n<\/script>\n","protected":false},"excerpt":{"rendered":"<p>Eisenbahn- und Schienenfahrzeugkrane - Betrieb Der Betrieb von Eisenbahn- und Schienenfahrzeugkranen erfordert eine entsprechende Qualifikation. Diese Qualifikationen werden vom Technischen \u00dcberwachungsverein f\u00fcr einen Zeitraum von 5 Jahren ausgestellt. Bei der Bedienung dieser Ger\u00e4te geht es darum, die Sicherheit am Arbeitsplatz aufrechtzuerhalten und die Krane korrekt und \u00fcber einen langen Zeitraum hinweg zu bedienen.  Das ERGON Personalentwicklungszentrum besteht aus einem Team von erfahrenen Fachleuten. Wir verf\u00fcgen \u00fcber mehr als 15 Jahre Erfahrung in der Ausbildung. Unsere Ausbilder sind professionelle Fachleute, die auch t\u00e4glich mit Maschinen arbeiten: Turmdrehkr\u00e4ne, Deckkr\u00e4ne, HDS- oder Eisenbahnkr\u00e4ne, mobile Plattformen, Gabelstapler und Seilbahnen.  Bediener- und Instandhaltungsausbildung Ziel der Ausbildung ist es, dem Auszubildenden Kenntnisse und Fertigkeiten in der Bedienung von Eisenbahnkr\u00e4nen und Kr\u00e4nen auf Schienenfahrzeugen zu vermitteln und ihn auf die staatliche Pr\u00fcfung beim Technischen \u00dcberwachungsverein vorzubereiten.    Anforderungen an die Auszubildenden Von den zuk\u00fcnftigen Lehrgangsteilnehmern erwarten wir Folgendes: Wie sieht die Ausbildung aus?  Das Kursprogramm umfasst: Eisenbahnkrane - Anwendung UDT-Pr\u00fcfung Der Kurs schlie\u00dft mit einer staatlichen Pr\u00fcfung beim Technischen \u00dcberwachungsverein ab, bestehend aus:  UDT-Berechtigungen Ein positives Ergebnis der Pr\u00fcfung ist gleichbedeutend mit dem Erwerb von UDT-Berechtigungen als Bediener von Eisenbahnkr\u00e4nen und Kr\u00e4nen auf Eisenbahnfahrzeugen. Dem Auszubildenden wird ein Bef\u00e4higungsnachweis ausgestellt, der ihn zur Aus\u00fcbung des Berufs berechtigt. Die ausgestellten Bescheinigungen sind ab dem Zeitpunkt ihres Erwerbs 5 Jahre lang g\u00fcltig.   Nach dem Kurs ist es m\u00f6glich, an Ger\u00e4ten verschiedener Hersteller zu arbeiten, darunter: Kirov, Graco, KRUPP oder Gottwald.  Wo schulen wir? Unser Hauptsitz befindet sich in Warschau, aber wir schulen Spezialisten in ganz Polen, mit der M\u00f6glichkeit, zum Kunden zu reisen.   Andere Bediener-\/Wartungskurse:  Fragen und Antworten<\/p>","protected":false},"author":6,"featured_media":4862,"parent":2721,"menu_order":0,"comment_status":"closed","ping_status":"closed","template":"","meta":{"sfsi_plus_gutenberg_text_before_share":"","sfsi_plus_gutenberg_show_text_before_share":"","sfsi_plus_gutenberg_icon_type":"","sfsi_plus_gutenberg_icon_alignemt":"","sfsi_plus_gutenburg_max_per_row":"","footnotes":""},"class_list":["post-4859","page","type-page","status-publish","has-post-thumbnail","hentry","has_thumb"],"aioseo_notices":[],"_links":{"self":[{"href":"https:\/\/kursy-udt.pl\/de\/wp-json\/wp\/v2\/pages\/4859","targetHints":{"allow":["GET"]}}],"collection":[{"href":"https:\/\/kursy-udt.pl\/de\/wp-json\/wp\/v2\/pages"}],"about":[{"href":"https:\/\/kursy-udt.pl\/de\/wp-json\/wp\/v2\/types\/page"}],"author":[{"embeddable":true,"href":"https:\/\/kursy-udt.pl\/de\/wp-json\/wp\/v2\/users\/6"}],"replies":[{"embeddable":true,"href":"https:\/\/kursy-udt.pl\/de\/wp-json\/wp\/v2\/comments?post=4859"}],"version-history":[{"count":10,"href":"https:\/\/kursy-udt.pl\/de\/wp-json\/wp\/v2\/pages\/4859\/revisions"}],"predecessor-version":[{"id":5449,"href":"https:\/\/kursy-udt.pl\/de\/wp-json\/wp\/v2\/pages\/4859\/revisions\/5449"}],"up":[{"embeddable":true,"href":"https:\/\/kursy-udt.pl\/de\/wp-json\/wp\/v2\/pages\/2721"}],"wp:featuredmedia":[{"embeddable":true,"href":"https:\/\/kursy-udt.pl\/de\/wp-json\/wp\/v2\/media\/4862"}],"wp:attachment":[{"href":"https:\/\/kursy-udt.pl\/de\/wp-json\/wp\/v2\/media?parent=4859"}],"curies":[{"name":"wp","href":"https:\/\/api.w.org\/{rel}","templated":true}]}}