{"id":4828,"date":"2023-03-03T09:31:31","date_gmt":"2023-03-03T08:31:31","guid":{"rendered":"https:\/\/kursy-udt.pl\/?page_id=4828"},"modified":"2023-03-08T00:57:06","modified_gmt":"2023-03-07T23:57:06","slug":"instandhalter-fur-schwimmkrane","status":"publish","type":"page","link":"https:\/\/kursy-udt.pl\/de\/szkolenia\/udt-wdt-tdt\/zurawie-plywajace-konserwator\/","title":{"rendered":"Schwimmkr\u00e4ne - Wartungskurs"},"content":{"rendered":"\n<h2 class=\"wp-block-heading\">Konserwacja \u017curawi p\u0142ywaj\u0105cych &nbsp;\u2013 szkolenie zawodowe<\/h2>\n\n\n\n<p>Organizujemy kompleksowe kursy UTB na <a href=\"https:\/\/kursy-udt.pl\/de\/uprawnienia-udt\/kategorie-uprawnien-2\/\">uprawnienia<\/a> konserwatora i operatora \u017curawi p\u0142ywaj\u0105cych. Zapewniamy zaj\u0119cia, kt\u00f3re prowadzi nasza wysoko wykwalifikowana kadra dydaktyczna. Materia\u0142 jest przedstawiany w spos\u00f3b zrozumia\u0142y, ale jednocze\u015bnie rzetelny. Pomagamy tak\u017ce w sprawach formalnych, a tak\u017ce indywidualnie ustalamy termin zar\u00f3wno kursu, jak i egzaminu ko\u0144cowego.<\/p>\n\n\n<div class=\"wp-block-image\">\n<figure class=\"alignright size-large is-resized\"><a href=\"https:\/\/kursy-udt.pl\/wp-content\/uploads\/2023\/02\/screen_2x-4-1.jpg\"><img loading=\"lazy\" decoding=\"async\" src=\"https:\/\/kursy-udt.pl\/wp-content\/uploads\/2023\/02\/screen_2x-4-1-1024x685.jpg\" alt=\"d\u017awig na morzu\" class=\"wp-image-4831\" width=\"512\" height=\"343\" srcset=\"https:\/\/kursy-udt.pl\/wp-content\/uploads\/2023\/02\/screen_2x-4-1-1024x685.jpg 1024w, https:\/\/kursy-udt.pl\/wp-content\/uploads\/2023\/02\/screen_2x-4-1-300x201.jpg 300w, https:\/\/kursy-udt.pl\/wp-content\/uploads\/2023\/02\/screen_2x-4-1-768x514.jpg 768w, https:\/\/kursy-udt.pl\/wp-content\/uploads\/2023\/02\/screen_2x-4-1-1536x1028.jpg 1536w, https:\/\/kursy-udt.pl\/wp-content\/uploads\/2023\/02\/screen_2x-4-1-18x12.jpg 18w, https:\/\/kursy-udt.pl\/wp-content\/uploads\/2023\/02\/screen_2x-4-1-624x418.jpg 624w, https:\/\/kursy-udt.pl\/wp-content\/uploads\/2023\/02\/screen_2x-4-1.jpg 1600w\" sizes=\"auto, (max-width: 512px) 100vw, 512px\" \/><\/a><\/figure>\n<\/div>\n\n\n<h2 class=\"wp-block-heading\"><strong>Co oferujemy?<\/strong><\/h2>\n\n\n\n<p>Na naszych szkoleniach przedstawiamy niezb\u0119dn\u0105 wiedz\u0119 do pracy jako <a href=\"https:\/\/kursy-udt.pl\/de\/szkolenia\/udt-wdt-tdt\/konserwator-zurawi-przenosnych-i-przewoznych\/\">konserwator \u017curawi<\/a> p\u0142ywaj\u0105cych. Nasza kadra dydaktyczna ch\u0119tnie odpowiada na ka\u017cde pytanie. Nasi kursanci mog\u0105 wi\u0119c liczy\u0107 na indywidualne podej\u015bcie naszych szkoleniowc\u00f3w, wzgl\u0119dem ka\u017cdego uczestnika szkolenia. Dodatkowo zapewniamy materia\u0142y szkoleniowe, dzi\u0119ki kt\u00f3rym kursanci z \u0142atwo\u015bci\u0105 przyswoj\u0105 sobie omawian\u0105 wiedz\u0119 i przygotuj\u0105 si\u0119 do egzaminu pa\u0144stwowego. <\/p>\n\n\n\n<p>Do temat\u00f3w omawianych na wyk\u0142adach nale\u017c\u0105:&nbsp;<\/p>\n\n\n\n<ul class=\"wp-block-list\">\n<li>rodzaje i budowa \u017curawi,&nbsp;<\/li>\n\n\n\n<li>rodzaje zawiesi i pozosta\u0142ych element\u00f3w \u017curawi,&nbsp;<\/li>\n\n\n\n<li>konserwacja \u017curawi p\u0142ywaj\u0105cych,<\/li>\n\n\n\n<li>charakterystyka pracy na stanowisku konserwatora,&nbsp;<\/li>\n\n\n\n<li>przepisy i regulacje prawne,&nbsp;<\/li>\n\n\n\n<li>PPO\u017b i <a href=\"https:\/\/kursy-udt.pl\/de\/szkolenia\/bhp-bezpieczenstwo-pracy\/prawna-ochrona-pracy\/\">BHP<\/a>.&nbsp;<\/li>\n<\/ul>\n\n\n\n<p>Organizujemy tak\u017ce kursy na uprawnienia operatora \u017curawi p\u0142ywaj\u0105cych. Je\u015bli chcia\u0142by\u015b dowiedzie\u0107 si\u0119 szczeg\u00f3\u0142\u00f3w, skontaktuj si\u0119 z nami.<\/p>\n\n\n\n<h2 class=\"wp-block-heading\"><strong>Egzamin ko\u0144cowy<\/strong>&nbsp;<\/h2>\n\n\n\n<p>Po przerobieniu ca\u0142ego materia\u0142u, kursanci przyst\u0119puj\u0105 do egzaminu pa\u0144stwowego, kt\u00f3ry nadzoruje komisja powo\u0142ana przez Urz\u0105d Dozoru Technicznego. Je\u015bli uczestnik uzyska wymagan\u0105 liczb\u0119 punkt\u00f3w, otrzymuje dokumenty potwierdzaj\u0105ce kwalifikacje i nadaj\u0105ce uprawnienia niezb\u0119dne do pracy jako konserwator \u017curawi p\u0142ywaj\u0105cych. Takie za\u015bwiadczenie jest wa\u017cne 5 lat. Po tym czasie, nale\u017cy odnowi\u0107 swoje uprawnienia, aby dalej m\u00f3c wykonywa\u0107 zaw\u00f3d konserwatora. Dotyczy to r\u00f3wnie\u017c os\u00f3b, kt\u00f3re s\u0105 operatorami \u017curawi p\u0142ywaj\u0105cych.<\/p>\n\n\n\n<h2 class=\"wp-block-heading\"><strong>Wymagania dla kandydat\u00f3w:<\/strong>&nbsp;<\/h2>\n\n\n\n<ul class=\"wp-block-list\">\n<li>uko\u0144czone 18 lat,<\/li>\n\n\n\n<li>brak przeciwwskaza\u0144 zdrowotnych do pracy na stanowisku konserwatora (wymagane za\u015bwiadczenie lekarskie),<\/li>\n\n\n\n<li>minimum wykszta\u0142cenie podstawowe.<\/li>\n<\/ul>\n\n\n<div class=\"wp-block-image\">\n<figure class=\"alignleft size-large is-resized\"><a href=\"https:\/\/kursy-udt.pl\/wp-content\/uploads\/2023\/02\/screen_2x-7.jpg\"><img loading=\"lazy\" decoding=\"async\" src=\"https:\/\/kursy-udt.pl\/wp-content\/uploads\/2023\/02\/screen_2x-7-1024x683.jpg\" alt=\"konserwator \u017curawia p\u0142ywaj\u0105cego\" class=\"wp-image-4832\" width=\"512\" height=\"342\" srcset=\"https:\/\/kursy-udt.pl\/wp-content\/uploads\/2023\/02\/screen_2x-7-1024x683.jpg 1024w, https:\/\/kursy-udt.pl\/wp-content\/uploads\/2023\/02\/screen_2x-7-300x200.jpg 300w, https:\/\/kursy-udt.pl\/wp-content\/uploads\/2023\/02\/screen_2x-7-768x512.jpg 768w, https:\/\/kursy-udt.pl\/wp-content\/uploads\/2023\/02\/screen_2x-7-1536x1024.jpg 1536w, https:\/\/kursy-udt.pl\/wp-content\/uploads\/2023\/02\/screen_2x-7-18x12.jpg 18w, https:\/\/kursy-udt.pl\/wp-content\/uploads\/2023\/02\/screen_2x-7-624x416.jpg 624w, https:\/\/kursy-udt.pl\/wp-content\/uploads\/2023\/02\/screen_2x-7.jpg 1600w\" sizes=\"auto, (max-width: 512px) 100vw, 512px\" \/><\/a><\/figure>\n<\/div>\n\n\n<h2 class=\"wp-block-heading\"><strong>Zaw\u00f3d konserwatora \u017curawi UDT <\/strong>&nbsp;<\/h2>\n\n\n\n<p>Konserwacja maszyny jest niezwykle istotna w jej u\u017cytkowaniu. Jest r\u00f3wnie\u017c niezb\u0119dna do tego, aby \u017curawie pozostawa\u0142y w dobrym stanie i nie stanowi\u0142y zagro\u017cenia dla pracownik\u00f3w ani dla os\u00f3b znajduj\u0105cych si\u0119 wok\u00f3\u0142. Istotne jest to, aby zwraca\u0107 uwag\u0119 nawet na najmniejsze uszkodzenia poszczeg\u00f3lnych cz\u0119\u015bci urz\u0105dzenia i w razie potrzeby naprawi\u0107 lub wymieni\u0107 zepsuty element. Konserwatorzy r\u00f3\u017cnych maszyn UDT, w tym \u017curawi p\u0142ywaj\u0105cych, s\u0105 i b\u0119d\u0105 potrzebni, a nasz kurs przygotuje ci\u0119 do wykonywania tak wa\u017cnej i znacz\u0105cej pracy.&nbsp;<\/p>\n\n\n\n<p><strong>Je\u015bli zapiszesz si\u0119 na organizowany przez nas kurs na konserwatora \u017curawi p\u0142ywaj\u0105cych, mo\u017cesz liczy\u0107 na:<\/strong><\/p>\n\n\n\n<ul class=\"wp-block-list\">\n<li>zaj\u0119cia prowadzone przez wykwalifikowanych fachowc\u00f3w, kt\u00f3rzy czynnie pracuj\u0105 jako operatorzy i konserwatorzy,&nbsp;<\/li>\n\n\n\n<li>materia\u0142y szkoleniowe wraz z baz\u0105 przyk\u0142adowych pyta\u0144 egzaminacyjnych,&nbsp;<\/li>\n\n\n\n<li>pomoc przy za\u0142atwianiu formalno\u015bci,&nbsp;<\/li>\n\n\n\n<li>indywidualne podej\u015bcie do ka\u017cdego kursanta,&nbsp;<\/li>\n\n\n\n<li>kaw\u0119, herbat\u0119,&nbsp;<\/li>\n\n\n\n<li>mi\u0142\u0105 atmosfer\u0119.&nbsp;<\/li>\n<\/ul>\n\n\n\n<h2 class=\"wp-block-heading\"><strong>\u017burawie p\u0142ywaj\u0105ce &nbsp;\u2013 najwa\u017cniejsze informacje<\/strong>&nbsp;<\/h2>\n\n\n\n<p>\u017burawie p\u0142ywaj\u0105ce, inaczej d\u017awigi p\u0142ywaj\u0105ce, podlegaj\u0105 dozorowi technicznemu. S\u0105 to urz\u0105dzenia przeznaczone do pracy na morzu, w portach czy stoczniach. S\u0142u\u017c\u0105 do transportu i przemieszczania ci\u0119\u017ckich \u0142adunk\u00f3w oraz towar\u00f3w. Posiadaj\u0105 wysokie rami\u0119, kt\u00f3re przytwierdzone jest do stalowego podestu p\u0142ywaj\u0105cego. Niekt\u00f3re \u017curawie p\u0142ywaj\u0105ce posiadaj\u0105 w\u0142asny nap\u0119d, natomiast istniej\u0105 te\u017c takie, kt\u00f3re potrzebuj\u0105 holownika do tego, aby si\u0119 przemieszcza\u0107. Istniej\u0105 dwa rodzaje d\u017awig\u00f3w p\u0142ywaj\u0105cych:&nbsp;<\/p>\n\n\n\n<ul class=\"wp-block-list\">\n<li><strong>\u017curaw posiadaj\u0105cy rami\u0119 sta\u0142e<\/strong> &nbsp;\u2013 jest prosty w obs\u0142udze. Porusza si\u0119 wy\u0142\u0105cznie do przodu i do ty\u0142u oraz poprzez opuszczanie i podnoszenie zawiesi. Jego podstawa jest przymocowana do platformy, wi\u0119c aby przenie\u015b\u0107 \u0142adunek na drug\u0105 stron\u0119, operator musi przemie\u015bci\u0107 ca\u0142\u0105 platform\u0119;&nbsp;<\/li>\n\n\n\n<li><strong>\u017curaw posiadaj\u0105cy rami\u0119 obrotowe<\/strong> \u2013 mo\u017ce si\u0119 obraca\u0107 wok\u00f3\u0142 w\u0142asnej osi, a tak\u017ce posiada \u201cpok\u0142ad \u0142adunkowy\u201d, kt\u00f3ry s\u0142u\u017cy przede wszystkim do uk\u0142adania i odk\u0142adania \u0142adunk\u00f3w. Ten typ d\u017awigu jest trudniejszy w obs\u0142udze, a jednocze\u015bnie bardzo funkcjonalny i praktyczny.<\/li>\n<\/ul>\n\n\n\n<p>Szkolimy na konserwatora obu rodzaj\u00f3w \u017curawi p\u0142ywaj\u0105cych tak, aby kursanci potrafili skutecznie zaj\u0105\u0107 si\u0119 w przysz\u0142o\u015bci zar\u00f3wno d\u017awigiem z ramieniem obrotowym, jak i z ramieniem sta\u0142ym.<\/p>\n\n\n<div class=\"wp-block-image\">\n<figure class=\"alignright size-large is-resized\"><a href=\"https:\/\/kursy-udt.pl\/wp-content\/uploads\/2023\/02\/screen_2x-3-1.jpg\"><img loading=\"lazy\" decoding=\"async\" src=\"https:\/\/kursy-udt.pl\/wp-content\/uploads\/2023\/02\/screen_2x-3-1-1024x683.jpg\" alt=\"d\u017awig p\u0142ywaj\u0105cy na morzu\" class=\"wp-image-4833\" width=\"512\" height=\"342\" srcset=\"https:\/\/kursy-udt.pl\/wp-content\/uploads\/2023\/02\/screen_2x-3-1-1024x683.jpg 1024w, https:\/\/kursy-udt.pl\/wp-content\/uploads\/2023\/02\/screen_2x-3-1-300x200.jpg 300w, https:\/\/kursy-udt.pl\/wp-content\/uploads\/2023\/02\/screen_2x-3-1-768x512.jpg 768w, https:\/\/kursy-udt.pl\/wp-content\/uploads\/2023\/02\/screen_2x-3-1-1536x1024.jpg 1536w, https:\/\/kursy-udt.pl\/wp-content\/uploads\/2023\/02\/screen_2x-3-1-18x12.jpg 18w, https:\/\/kursy-udt.pl\/wp-content\/uploads\/2023\/02\/screen_2x-3-1-624x416.jpg 624w, https:\/\/kursy-udt.pl\/wp-content\/uploads\/2023\/02\/screen_2x-3-1.jpg 1600w\" sizes=\"auto, (max-width: 512px) 100vw, 512px\" \/><\/a><\/figure>\n<\/div>\n\n\n<h2 class=\"wp-block-heading\"><strong>O nas<\/strong><\/h2>\n\n\n\n<p>Jako firma z wieloletnim do\u015bwiadczeniem, organizujemy kursy na uprawnienia operatora i konserwatora maszyn UDT. Nasze do\u015bwiadczenie pomog\u0142o nam udoskonali\u0107 paragram nauczania oraz przystosowa\u0107 metody przekazywania wiedzy tak, aby kursanci wynie\u015bli z wyk\u0142ad\u00f3w jak najwi\u0119cej. Nasi pracownicy regularnie si\u0119 doszkalaj\u0105 i zdobywaj\u0105 wiedz\u0119 na temat nowinek w bran\u017cy oraz zmieniaj\u0105cych si\u0119 przepis\u00f3w prawnych. Dzi\u0119ki temu, mo\u017cemy zagwarantowa\u0107 wysoki poziom nauczania, co oznacza bardzo dobre wyniki naszych kursant\u00f3w z egzaminu pa\u0144stwowego.&nbsp;&nbsp;<\/p>\n\n\n\n<h2 class=\"wp-block-heading\"><strong>Posiadamy szkolenia na uprawnienia konserwatora i operatora maszyn UDT:<\/strong>&nbsp;<\/h2>\n\n\n\n<ul class=\"wp-block-list\">\n<li>podno\u015bnik\u00f3w koszowych i no\u017cycowych,&nbsp;<\/li>\n\n\n\n<li>\u0142adowarek teleskopowych,&nbsp;<\/li>\n\n\n\n<li>suwnic,&nbsp;<\/li>\n\n\n\n<li>\u017curawi HDS,&nbsp;<\/li>\n\n\n\n<li>\u017curawi wie\u017cowych,&nbsp;<\/li>\n\n\n\n<li>d\u017awig\u00f3w,&nbsp;<\/li>\n\n\n\n<li>w\u00f3zk\u00f3w wid\u0142owych.&nbsp;<\/li>\n<\/ul>\n\n\n\n<h2 class=\"wp-block-heading\"><strong>Ponadto w naszej ofercie znajd\u0105 si\u0119 us\u0142ugi takie jak:<\/strong>&nbsp;<\/h2>\n\n\n\n<ul class=\"wp-block-list\">\n<li>przegl\u0105d,<\/li>\n\n\n\n<li>diagnostyka,<\/li>\n\n\n\n<li>konserwacja,<\/li>\n\n\n\n<li>audyt,<\/li>\n\n\n\n<li>modernizacja,<\/li>\n\n\n\n<li>us\u0142uga wynaj\u0119cia zast\u0119pczych maszyn (w\u00f3zka wid\u0142owego oraz podno\u015bnika no\u017cycowego),<\/li>\n\n\n\n<li>mo\u017cliwo\u015b\u0107 sprawdzenia maszyny przed zakupem,<\/li>\n\n\n\n<li>serwis mobilny i stacjonarny maszyn np. podesty ruchome (podno\u015bniki koszowe no\u017cycowe), <a href=\"https:\/\/kursy-udt.pl\/de\/szkolenia\/udt-wdt-tdt\/zurawie-hds\/\">\u017curawie HDS<\/a>, \u0142adowarki teleskopowe, suwnice oraz w\u00f3zki wid\u0142owe,<\/li>\n\n\n\n<li>sprzeda\u017c u\u017cywanych i nowych maszyn.<\/li>\n<\/ul>\n\n\n\n<p>Je\u015bli chcia\u0142by\u015b dowiedzie\u0107 si\u0119 wi\u0119cej, b\u0105d\u017a masz jakie\u015b pytania, zapraszamy do kontaktu.&nbsp;<\/p>\n\n\n\n<h2 class=\"wp-block-heading\">Pytania i odpowiedzi<\/h2>\n\n\n\t\t<details\t\thelp class=\"sc_fs_faq sc_card    \"\n\t\topen\t\t>\n\t\t\t\t\t<summary>\n\t\t\t\t<h3>Dla kogo jest kurs na konserwatora \u017curawi p\u0142ywaj\u0105cych?<\/h3>\t\t\t\t\t<\/summary>\n\t\t\t\t<div>\n\t\t\t\t\t\t<div class=\"sc_fs_faq__content\">\n\t\t\t\t\n\n<p>W naszym kursie na konserwatora \u017curawi p\u0142ywaj\u0105cych mog\u0105 wzi\u0105\u0107 osoby, kt\u00f3re uko\u0144czy\u0142y 18 lat, posiadaj\u0105 wykszta\u0142cenie minimum podstawowe, a tak\u017ce nie maj\u0105 przeciwwskaza\u0144 do tego typu pracy.<\/p>\n\n\t\t\t<\/div>\n\t\t<\/div>\n\t\t<\/details>\n\t\t\t\t<details\t\thelp class=\"sc_fs_faq sc_card    \"\n\t\t\t\t>\n\t\t\t\t\t<summary>\n\t\t\t\t<h3>Jak d\u0142ugo s\u0105 wa\u017cne uprawnienia na konserwatora \u017curawi p\u0142ywaj\u0105cych?<\/h3>\t\t\t\t\t<\/summary>\n\t\t\t\t<div>\n\t\t\t\t\t\t<div class=\"sc_fs_faq__content\">\n\t\t\t\t\n\n<p>Uprawnienia na konserwatora \u017curawi p\u0142ywaj\u0105cych, kt\u00f3re wydaje Urz\u0105d Dozoru Technicznego wa\u017cne s\u0105 5 lat. Po tym czasie nale\u017cy je odnowi\u0107 tak, aby w dalszym ci\u0105gu pracowa\u0107 na stanowisku konserwatora.<\/p>\n\n\t\t\t<\/div>\n\t\t<\/div>\n\t\t<\/details>\n\t\t\t\t<details\t\thelp class=\"sc_fs_faq sc_card    \"\n\t\t\t\t>\n\t\t\t\t\t<summary>\n\t\t\t\t<h3>Jak wygl\u0105daj\u0105 zaj\u0119cia na kursie konserwatora?<\/h3>\t\t\t\t\t<\/summary>\n\t\t\t\t<div>\n\t\t\t\t\t\t<div class=\"sc_fs_faq__content\">\n\t\t\t\t\n\n<p>Wszystkie organizowane przez nas wyk\u0142ady s\u0105 prowadzone przez specjalist\u00f3w, kt\u00f3rzy pracuj\u0105 r\u00f3wnie\u017c jako operatorzy i konserwatorzy r\u00f3\u017cnych maszyn UDT. Dodatkowo zapewniamy darmowe materia\u0142y szkoleniowe, dzi\u0119ki kt\u00f3rym utrwalisz zdobyt\u0105 wiedz\u0119. Zapisuj\u0105c si\u0119 na nasz kurs, mo\u017cesz liczy\u0107 na indywidualne podej\u015bcie.<\/p>\n\n\t\t\t<\/div>\n\t\t<\/div>\n\t\t<\/details>\n\t\t\t\t<details\t\thelp class=\"sc_fs_faq sc_card    \"\n\t\t\t\t>\n\t\t\t\t\t<summary>\n\t\t\t\t<h3>Jakie tematy s\u0105 omawiane na kursie konserwatora?<\/h3>\t\t\t\t\t<\/summary>\n\t\t\t\t<div>\n\t\t\t\t\t\t<div class=\"sc_fs_faq__content\">\n\t\t\t\t\n\n<p>Na naszym szkoleniu na konserwatora \u017curawi p\u0142ywaj\u0105cych dowiesz si\u0119 m.in. jak zbudowane s\u0105 poszczeg\u00f3lne rodzaje \u017curawi, jak wygl\u0105da praca konserwatora, a tak\u017ce poznasz aktualnie obowi\u0105zuj\u0105ce przepisy prawne.<\/p>\n\n\t\t\t<\/div>\n\t\t<\/div>\n\t\t<\/details>\n\t\t\n<script type=\"application\/ld+json\">\n\t{\n\t\t\"@context\": \"https:\/\/schema.org\",\n\t\t\"@type\": \"FAQPage\",\n\t\t\"mainEntity\": [\n\t\t\t\t\t{\n\t\t\t\t\"@type\": \"Question\",\n\t\t\t\t\"name\": \"Dla kogo jest kurs na konserwatora \u017curawi p\u0142ywaj\u0105cych?\",\n\t\t\t\t\"acceptedAnswer\": {\n\t\t\t\t\t\"@type\": \"Answer\",\n\t\t\t\t\t\"text\": \"<p>W naszym kursie na konserwatora \u017curawi p\u0142ywaj\u0105cych mog\u0105 wzi\u0105\u0107 osoby, kt\u00f3re uko\u0144czy\u0142y 18 lat, posiadaj\u0105 wykszta\u0142cenie minimum podstawowe, a tak\u017ce nie maj\u0105 przeciwwskaza\u0144 do tego typu pracy.<\/p>\"\n\t\t\t\t\t\t\t\t\t}\n\t\t\t}\n\t\t\t,\t\t\t\t{\n\t\t\t\t\"@type\": \"Question\",\n\t\t\t\t\"name\": \"Jak d\u0142ugo s\u0105 wa\u017cne uprawnienia na konserwatora \u017curawi p\u0142ywaj\u0105cych?\",\n\t\t\t\t\"acceptedAnswer\": {\n\t\t\t\t\t\"@type\": \"Answer\",\n\t\t\t\t\t\"text\": \"<p>Uprawnienia na konserwatora \u017curawi p\u0142ywaj\u0105cych, kt\u00f3re wydaje Urz\u0105d Dozoru Technicznego wa\u017cne s\u0105 5 lat. Po tym czasie nale\u017cy je odnowi\u0107 tak, aby w dalszym ci\u0105gu pracowa\u0107 na stanowisku konserwatora.<\/p>\"\n\t\t\t\t\t\t\t\t\t}\n\t\t\t}\n\t\t\t,\t\t\t\t{\n\t\t\t\t\"@type\": \"Question\",\n\t\t\t\t\"name\": \"Jak wygl\u0105daj\u0105 zaj\u0119cia na kursie konserwatora?\",\n\t\t\t\t\"acceptedAnswer\": {\n\t\t\t\t\t\"@type\": \"Answer\",\n\t\t\t\t\t\"text\": \"<p>Wszystkie organizowane przez nas wyk\u0142ady s\u0105 prowadzone przez specjalist\u00f3w, kt\u00f3rzy pracuj\u0105 r\u00f3wnie\u017c jako operatorzy i konserwatorzy r\u00f3\u017cnych maszyn UDT. Dodatkowo zapewniamy darmowe materia\u0142y szkoleniowe, dzi\u0119ki kt\u00f3rym utrwalisz zdobyt\u0105 wiedz\u0119. Zapisuj\u0105c si\u0119 na nasz kurs, mo\u017cesz liczy\u0107 na indywidualne podej\u015bcie.<\/p>\"\n\t\t\t\t\t\t\t\t\t}\n\t\t\t}\n\t\t\t,\t\t\t\t{\n\t\t\t\t\"@type\": \"Question\",\n\t\t\t\t\"name\": \"Jakie tematy s\u0105 omawiane na kursie konserwatora?\",\n\t\t\t\t\"acceptedAnswer\": {\n\t\t\t\t\t\"@type\": \"Answer\",\n\t\t\t\t\t\"text\": \"<p>Na naszym szkoleniu na konserwatora \u017curawi p\u0142ywaj\u0105cych dowiesz si\u0119 m.in. jak zbudowane s\u0105 poszczeg\u00f3lne rodzaje \u017curawi, jak wygl\u0105da praca konserwatora, a tak\u017ce poznasz aktualnie obowi\u0105zuj\u0105ce przepisy prawne.<\/p>\"\n\t\t\t\t\t\t\t\t\t}\n\t\t\t}\n\t\t\t\t\t\t]\n\t}\n<\/script>\n","protected":false},"excerpt":{"rendered":"<p>Konserwacja \u017curawi p\u0142ywaj\u0105cych &nbsp;\u2013 szkolenie zawodowe Organizujemy kompleksowe kursy UTB na uprawnienia konserwatora i operatora \u017curawi p\u0142ywaj\u0105cych. Zapewniamy zaj\u0119cia, kt\u00f3re prowadzi nasza wysoko wykwalifikowana kadra dydaktyczna. Materia\u0142 jest przedstawiany w spos\u00f3b zrozumia\u0142y, ale jednocze\u015bnie rzetelny. Pomagamy tak\u017ce w sprawach formalnych, a tak\u017ce indywidualnie ustalamy termin zar\u00f3wno kursu, jak i egzaminu ko\u0144cowego. Co oferujemy? Na naszych szkoleniach przedstawiamy niezb\u0119dn\u0105 wiedz\u0119 do pracy jako konserwator \u017curawi p\u0142ywaj\u0105cych. Nasza kadra dydaktyczna ch\u0119tnie odpowiada na ka\u017cde pytanie. Nasi kursanci mog\u0105 wi\u0119c liczy\u0107 na indywidualne podej\u015bcie naszych szkoleniowc\u00f3w, wzgl\u0119dem ka\u017cdego uczestnika szkolenia. Dodatkowo zapewniamy materia\u0142y szkoleniowe, dzi\u0119ki kt\u00f3rym kursanci z \u0142atwo\u015bci\u0105 przyswoj\u0105 sobie omawian\u0105 wiedz\u0119 i przygotuj\u0105 si\u0119 do egzaminu pa\u0144stwowego. Do temat\u00f3w omawianych na wyk\u0142adach nale\u017c\u0105:&nbsp; Organizujemy tak\u017ce kursy na uprawnienia operatora \u017curawi p\u0142ywaj\u0105cych. Je\u015bli chcia\u0142by\u015b dowiedzie\u0107 si\u0119 szczeg\u00f3\u0142\u00f3w, skontaktuj si\u0119 z nami. Egzamin ko\u0144cowy&nbsp; Po przerobieniu ca\u0142ego materia\u0142u, kursanci przyst\u0119puj\u0105 do egzaminu pa\u0144stwowego, kt\u00f3ry nadzoruje komisja powo\u0142ana przez Urz\u0105d Dozoru Technicznego. Je\u015bli uczestnik uzyska wymagan\u0105 liczb\u0119 punkt\u00f3w, otrzymuje dokumenty potwierdzaj\u0105ce kwalifikacje i nadaj\u0105ce uprawnienia niezb\u0119dne do pracy jako konserwator \u017curawi p\u0142ywaj\u0105cych. Takie za\u015bwiadczenie jest wa\u017cne 5 lat. Po tym czasie, nale\u017cy odnowi\u0107 swoje uprawnienia, aby dalej m\u00f3c wykonywa\u0107 zaw\u00f3d konserwatora. Dotyczy to r\u00f3wnie\u017c os\u00f3b, kt\u00f3re s\u0105 operatorami \u017curawi p\u0142ywaj\u0105cych. Wymagania dla kandydat\u00f3w:&nbsp; Zaw\u00f3d konserwatora \u017curawi UDT &nbsp; Konserwacja maszyny jest niezwykle istotna w jej u\u017cytkowaniu. Jest r\u00f3wnie\u017c niezb\u0119dna do tego, aby \u017curawie pozostawa\u0142y w dobrym stanie i nie stanowi\u0142y zagro\u017cenia dla pracownik\u00f3w ani dla os\u00f3b znajduj\u0105cych si\u0119 wok\u00f3\u0142. Istotne jest to, aby zwraca\u0107 uwag\u0119 nawet na najmniejsze uszkodzenia poszczeg\u00f3lnych cz\u0119\u015bci urz\u0105dzenia i w razie potrzeby naprawi\u0107 lub wymieni\u0107 [&hellip;]<\/p>\n","protected":false},"author":6,"featured_media":4830,"parent":2721,"menu_order":0,"comment_status":"closed","ping_status":"closed","template":"","meta":{"sfsi_plus_gutenberg_text_before_share":"","sfsi_plus_gutenberg_show_text_before_share":"","sfsi_plus_gutenberg_icon_type":"","sfsi_plus_gutenberg_icon_alignemt":"","sfsi_plus_gutenburg_max_per_row":"","footnotes":""},"class_list":["post-4828","page","type-page","status-publish","has-post-thumbnail","hentry","has_thumb"],"aioseo_notices":[],"_links":{"self":[{"href":"https:\/\/kursy-udt.pl\/de\/wp-json\/wp\/v2\/pages\/4828","targetHints":{"allow":["GET"]}}],"collection":[{"href":"https:\/\/kursy-udt.pl\/de\/wp-json\/wp\/v2\/pages"}],"about":[{"href":"https:\/\/kursy-udt.pl\/de\/wp-json\/wp\/v2\/types\/page"}],"author":[{"embeddable":true,"href":"https:\/\/kursy-udt.pl\/de\/wp-json\/wp\/v2\/users\/6"}],"replies":[{"embeddable":true,"href":"https:\/\/kursy-udt.pl\/de\/wp-json\/wp\/v2\/comments?post=4828"}],"version-history":[{"count":15,"href":"https:\/\/kursy-udt.pl\/de\/wp-json\/wp\/v2\/pages\/4828\/revisions"}],"predecessor-version":[{"id":5385,"href":"https:\/\/kursy-udt.pl\/de\/wp-json\/wp\/v2\/pages\/4828\/revisions\/5385"}],"up":[{"embeddable":true,"href":"https:\/\/kursy-udt.pl\/de\/wp-json\/wp\/v2\/pages\/2721"}],"wp:featuredmedia":[{"embeddable":true,"href":"https:\/\/kursy-udt.pl\/de\/wp-json\/wp\/v2\/media\/4830"}],"wp:attachment":[{"href":"https:\/\/kursy-udt.pl\/de\/wp-json\/wp\/v2\/media?parent=4828"}],"curies":[{"name":"wp","href":"https:\/\/api.w.org\/{rel}","templated":true}]}}